{"id":7780,"date":"2026-02-03T14:16:45","date_gmt":"2026-02-03T13:16:45","guid":{"rendered":"https:\/\/gr1993records.com\/?post_type=product&#038;p=7780"},"modified":"2026-03-30T10:30:12","modified_gmt":"2026-03-30T08:30:12","slug":"djabe25-lp-elorendeles","status":"publish","type":"product","link":"https:\/\/gr1993records.com\/index.php\/product\/djabe25-lp-elorendeles\/","title":{"rendered":"Djabe25 <br>LP"},"content":{"rendered":"<p><\/p>\n<h1 style=\"text-align: center;\"><strong>DJABE25<\/strong><\/h1>\n<p><strong>DJABE25 &#8211; Anniversary Show in Budapest<\/strong><\/p>\n<p>A DJABE25 koncerten a zenekar minden fel\u00e1ll\u00e1sa megsz\u00f3lalt az els\u0151 1996-os lemezt\u0151l a 2020-as The Magic Stag-ig. A kiadv\u00e1ny anyaga \u00edgy nagyon egyedi tracklist\u00e1val rendelkezik, j\u00f3n\u00e9h\u00e1ny nagyon ritk\u00e1n j\u00e1tszott kompoz\u00edci\u00f3 is elhangzott. Ilyen pl a D\u00e9j\u00e0 Vu, az Underwater Sunlight, a Reproach \u00e9s a Slices of Life is.<\/p>\n<p><img loading=\"lazy\" decoding=\"async\" class=\"aligncenter wp-image-7781 size-full\" src=\"https:\/\/gr1993records.com\/wp-content\/uploads\/2026\/02\/Djabe25_LP_mockup_01.jpg\" alt=\"\" width=\"2000\" height=\"1137\" srcset=\"https:\/\/gr1993records.com\/wp-content\/uploads\/2026\/02\/Djabe25_LP_mockup_01.jpg 2000w, https:\/\/gr1993records.com\/wp-content\/uploads\/2026\/02\/Djabe25_LP_mockup_01-300x171.jpg 300w, https:\/\/gr1993records.com\/wp-content\/uploads\/2026\/02\/Djabe25_LP_mockup_01-1024x582.jpg 1024w, https:\/\/gr1993records.com\/wp-content\/uploads\/2026\/02\/Djabe25_LP_mockup_01-768x437.jpg 768w, https:\/\/gr1993records.com\/wp-content\/uploads\/2026\/02\/Djabe25_LP_mockup_01-1536x873.jpg 1536w, https:\/\/gr1993records.com\/wp-content\/uploads\/2026\/02\/Djabe25_LP_mockup_01-1568x891.jpg 1568w, https:\/\/gr1993records.com\/wp-content\/uploads\/2026\/02\/Djabe25_LP_mockup_01-600x341.jpg 600w\" sizes=\"auto, (max-width: 2000px) 100vw, 2000px\" \/><\/p>\n<h3><strong>K\u00f6zrem\u0171k\u00f6d\u0151k:<\/strong><\/h3>\n<p><strong>\u00c9gerh\u00e1zi Attila<\/strong> git\u00e1r, \u00fct\u0151hangszerek, \u00e9nek<br \/>\n<strong>Barab\u00e1s Tam\u00e1s<\/strong> basszusgit\u00e1r<br \/>\n<strong>Ko\u00f3s-Hut\u00e1s \u00c1ron<\/strong> trombita, flugelhorn<br \/>\n<strong>Kasz\u00e1s P\u00e9ter<\/strong> dob, \u00e9nek<br \/>\n<strong>Nagy J\u00e1nos<\/strong> billenty\u0171s hangszerek<\/p>\n<p>\u00e9s<\/p>\n<p><strong>Muck Ferenc<\/strong> szaxofonok, Yamaha YDS-150<br \/>\n<strong>Karvaly Tibor<\/strong> elektromos heged\u0171<br \/>\n<strong>Szab\u00f3 L\u00e1szl\u00f3<\/strong> git\u00e1r (B4)<\/p>\n<h3><strong>Tracklista<\/strong><\/h3>\n<h3>Side A<\/h3>\n<p>1. First Step (intro)<br \/>\n2. D\u00e9j\u00e0 Vu<br \/>\n3. Underwater Sunlight<br \/>\n4. Slices Of Life<br \/>\n5. Down By The Lakesidee<\/p>\n<h3>Side B<\/h3>\n<p>1. Beginning Of Legends<br \/>\n2. The Magic Stag<br \/>\n3. Uncertain Time<br \/>\n4. Distant Dance<\/p>\n<p><iframe loading=\"lazy\" title=\"Djabe - Underwater Sunlight\" width=\"840\" height=\"473\" src=\"https:\/\/www.youtube.com\/embed\/SWfvGyUck_k?feature=oembed\" frameborder=\"0\" allow=\"accelerometer; autoplay; clipboard-write; encrypted-media; gyroscope; picture-in-picture; web-share\" referrerpolicy=\"strict-origin-when-cross-origin\" allowfullscreen><\/iframe><\/p>\n<p><iframe loading=\"lazy\" title=\"Djabe25 - Slices of Life\" width=\"840\" height=\"473\" src=\"https:\/\/www.youtube.com\/embed\/I9jd9TBBQvg?feature=oembed\" frameborder=\"0\" allow=\"accelerometer; autoplay; clipboard-write; encrypted-media; gyroscope; picture-in-picture; web-share\" referrerpolicy=\"strict-origin-when-cross-origin\" allowfullscreen><\/iframe><\/p>\n<p><iframe loading=\"lazy\" title=\"Djabe - Uncertain Time\" width=\"840\" height=\"473\" src=\"https:\/\/www.youtube.com\/embed\/OKvBT20vqEI?feature=oembed\" frameborder=\"0\" allow=\"accelerometer; autoplay; clipboard-write; encrypted-media; gyroscope; picture-in-picture; web-share\" referrerpolicy=\"strict-origin-when-cross-origin\" allowfullscreen><\/iframe><\/p>\n<p>&nbsp;<\/p>","protected":false},"excerpt":{"rendered":"<h2><strong>Anniversary Show in Budapest<\/strong><\/h2>\n<h2><strong>LP 180g, GR-191-1<\/strong><\/h2>\n","protected":false},"featured_media":7782,"template":"","meta":[],"product_brand":[],"product_cat":[91],"product_tag":[],"class_list":{"0":"post-7780","1":"product","2":"type-product","3":"status-publish","4":"has-post-thumbnail","6":"product_cat-lp","7":"yith_product_brand-djabe","8":"col-12 col-sm-6 col-md-4","10":"first","11":"instock","12":"featured","13":"shipping-taxable","14":"purchasable","15":"product-type-simple"},"yoast_head":"<!-- This site is optimized with the Yoast SEO plugin v27.2 - https:\/\/yoast.com\/product\/yoast-seo-wordpress\/ -->\n<title>Djabe25 LP &#8211; GR1993 Records<\/title>\n<meta name=\"robots\" content=\"index, follow, max-snippet:-1, max-image-preview:large, max-video-preview:-1\" \/>\n<link rel=\"canonical\" href=\"https:\/\/gr1993records.com\/index.php\/product\/djabe25-lp-elorendeles\/\" \/>\n<meta property=\"og:locale\" content=\"hu_HU\" \/>\n<meta property=\"og:type\" content=\"article\" \/>\n<meta property=\"og:title\" content=\"Djabe25 LP &#8211; GR1993 Records\" \/>\n<meta property=\"og:description\" content=\"Anniversary Show in Budapest LP 180g, GR-191-1\" \/>\n<meta property=\"og:url\" content=\"https:\/\/gr1993records.com\/index.php\/product\/djabe25-lp-elorendeles\/\" \/>\n<meta property=\"og:site_name\" content=\"GR1993 Records\" \/>\n<meta property=\"article:publisher\" content=\"https:\/\/www.facebook.com\/GR1993Records-113564886691383\/\" \/>\n<meta property=\"article:modified_time\" content=\"2026-03-30T08:30:12+00:00\" \/>\n<meta property=\"og:image\" content=\"https:\/\/gr1993records.com\/wp-content\/uploads\/2026\/02\/Djabe25_LP_front.jpg\" \/>\n\t<meta property=\"og:image:width\" content=\"1200\" \/>\n\t<meta property=\"og:image:height\" content=\"1199\" \/>\n\t<meta property=\"og:image:type\" content=\"image\/jpeg\" \/>\n<meta name=\"twitter:card\" content=\"summary_large_image\" \/>\n<meta name=\"twitter:label1\" content=\"Becs\u00fclt olvas\u00e1si id\u0151\" \/>\n\t<meta name=\"twitter:data1\" content=\"2 perc\" \/>\n<script type=\"application\/ld+json\" class=\"yoast-schema-graph\">{\"@context\":\"https:\/\/schema.org\",\"@graph\":[{\"@type\":\"WebPage\",\"@id\":\"https:\/\/gr1993records.com\/index.php\/product\/djabe25-lp-elorendeles\/\",\"url\":\"https:\/\/gr1993records.com\/index.php\/product\/djabe25-lp-elorendeles\/\",\"name\":\"Djabe25 LP &#8211; GR1993 Records\",\"isPartOf\":{\"@id\":\"https:\/\/gr1993records.com\/#website\"},\"primaryImageOfPage\":{\"@id\":\"https:\/\/gr1993records.com\/index.php\/product\/djabe25-lp-elorendeles\/#primaryimage\"},\"image\":{\"@id\":\"https:\/\/gr1993records.com\/index.php\/product\/djabe25-lp-elorendeles\/#primaryimage\"},\"thumbnailUrl\":\"https:\/\/gr1993records.com\/wp-content\/uploads\/2026\/02\/Djabe25_LP_front.jpg\",\"datePublished\":\"2026-02-03T13:16:45+00:00\",\"dateModified\":\"2026-03-30T08:30:12+00:00\",\"breadcrumb\":{\"@id\":\"https:\/\/gr1993records.com\/index.php\/product\/djabe25-lp-elorendeles\/#breadcrumb\"},\"inLanguage\":\"hu\",\"potentialAction\":[{\"@type\":\"ReadAction\",\"target\":[\"https:\/\/gr1993records.com\/index.php\/product\/djabe25-lp-elorendeles\/\"]}]},{\"@type\":\"ImageObject\",\"inLanguage\":\"hu\",\"@id\":\"https:\/\/gr1993records.com\/index.php\/product\/djabe25-lp-elorendeles\/#primaryimage\",\"url\":\"https:\/\/gr1993records.com\/wp-content\/uploads\/2026\/02\/Djabe25_LP_front.jpg\",\"contentUrl\":\"https:\/\/gr1993records.com\/wp-content\/uploads\/2026\/02\/Djabe25_LP_front.jpg\",\"width\":1200,\"height\":1199},{\"@type\":\"BreadcrumbList\",\"@id\":\"https:\/\/gr1993records.com\/index.php\/product\/djabe25-lp-elorendeles\/#breadcrumb\",\"itemListElement\":[{\"@type\":\"ListItem\",\"position\":1,\"name\":\"Home\",\"item\":\"https:\/\/gr1993records.com\/\"},{\"@type\":\"ListItem\",\"position\":2,\"name\":\"Kiadv\u00e1nyok\",\"item\":\"https:\/\/gr1993records.com\/index.php\/shop\/\"},{\"@type\":\"ListItem\",\"position\":3,\"name\":\"Djabe25 LP\"}]},{\"@type\":\"WebSite\",\"@id\":\"https:\/\/gr1993records.com\/#website\",\"url\":\"https:\/\/gr1993records.com\/\",\"name\":\"GR1993 Records\",\"description\":\"\",\"publisher\":{\"@id\":\"https:\/\/gr1993records.com\/#organization\"},\"potentialAction\":[{\"@type\":\"SearchAction\",\"target\":{\"@type\":\"EntryPoint\",\"urlTemplate\":\"https:\/\/gr1993records.com\/?s={search_term_string}\"},\"query-input\":{\"@type\":\"PropertyValueSpecification\",\"valueRequired\":true,\"valueName\":\"search_term_string\"}}],\"inLanguage\":\"hu\"},{\"@type\":\"Organization\",\"@id\":\"https:\/\/gr1993records.com\/#organization\",\"name\":\"Gramy-H Ltd.\",\"url\":\"https:\/\/gr1993records.com\/\",\"logo\":{\"@type\":\"ImageObject\",\"inLanguage\":\"hu\",\"@id\":\"https:\/\/gr1993records.com\/#\/schema\/logo\/image\/\",\"url\":\"https:\/\/gr1993records.com\/wp-content\/uploads\/2019\/08\/GR1993_Records_logo_CC.png\",\"contentUrl\":\"https:\/\/gr1993records.com\/wp-content\/uploads\/2019\/08\/GR1993_Records_logo_CC.png\",\"width\":2900,\"height\":2001,\"caption\":\"Gramy-H Ltd.\"},\"image\":{\"@id\":\"https:\/\/gr1993records.com\/#\/schema\/logo\/image\/\"},\"sameAs\":[\"https:\/\/www.facebook.com\/GR1993Records-113564886691383\/\"]}]}<\/script>\n<!-- \/ Yoast SEO plugin. -->","yoast_head_json":{"title":"Djabe25 LP &#8211; GR1993 Records","robots":{"index":"index","follow":"follow","max-snippet":"max-snippet:-1","max-image-preview":"max-image-preview:large","max-video-preview":"max-video-preview:-1"},"canonical":"https:\/\/gr1993records.com\/index.php\/product\/djabe25-lp-elorendeles\/","og_locale":"hu_HU","og_type":"article","og_title":"Djabe25 LP &#8211; GR1993 Records","og_description":"Anniversary Show in Budapest LP 180g, GR-191-1","og_url":"https:\/\/gr1993records.com\/index.php\/product\/djabe25-lp-elorendeles\/","og_site_name":"GR1993 Records","article_publisher":"https:\/\/www.facebook.com\/GR1993Records-113564886691383\/","article_modified_time":"2026-03-30T08:30:12+00:00","og_image":[{"width":1200,"height":1199,"url":"https:\/\/gr1993records.com\/wp-content\/uploads\/2026\/02\/Djabe25_LP_front.jpg","type":"image\/jpeg"}],"twitter_card":"summary_large_image","twitter_misc":{"Becs\u00fclt olvas\u00e1si id\u0151":"2 perc"},"schema":{"@context":"https:\/\/schema.org","@graph":[{"@type":"WebPage","@id":"https:\/\/gr1993records.com\/index.php\/product\/djabe25-lp-elorendeles\/","url":"https:\/\/gr1993records.com\/index.php\/product\/djabe25-lp-elorendeles\/","name":"Djabe25 LP &#8211; GR1993 Records","isPartOf":{"@id":"https:\/\/gr1993records.com\/#website"},"primaryImageOfPage":{"@id":"https:\/\/gr1993records.com\/index.php\/product\/djabe25-lp-elorendeles\/#primaryimage"},"image":{"@id":"https:\/\/gr1993records.com\/index.php\/product\/djabe25-lp-elorendeles\/#primaryimage"},"thumbnailUrl":"https:\/\/gr1993records.com\/wp-content\/uploads\/2026\/02\/Djabe25_LP_front.jpg","datePublished":"2026-02-03T13:16:45+00:00","dateModified":"2026-03-30T08:30:12+00:00","breadcrumb":{"@id":"https:\/\/gr1993records.com\/index.php\/product\/djabe25-lp-elorendeles\/#breadcrumb"},"inLanguage":"hu","potentialAction":[{"@type":"ReadAction","target":["https:\/\/gr1993records.com\/index.php\/product\/djabe25-lp-elorendeles\/"]}]},{"@type":"ImageObject","inLanguage":"hu","@id":"https:\/\/gr1993records.com\/index.php\/product\/djabe25-lp-elorendeles\/#primaryimage","url":"https:\/\/gr1993records.com\/wp-content\/uploads\/2026\/02\/Djabe25_LP_front.jpg","contentUrl":"https:\/\/gr1993records.com\/wp-content\/uploads\/2026\/02\/Djabe25_LP_front.jpg","width":1200,"height":1199},{"@type":"BreadcrumbList","@id":"https:\/\/gr1993records.com\/index.php\/product\/djabe25-lp-elorendeles\/#breadcrumb","itemListElement":[{"@type":"ListItem","position":1,"name":"Home","item":"https:\/\/gr1993records.com\/"},{"@type":"ListItem","position":2,"name":"Kiadv\u00e1nyok","item":"https:\/\/gr1993records.com\/index.php\/shop\/"},{"@type":"ListItem","position":3,"name":"Djabe25 LP"}]},{"@type":"WebSite","@id":"https:\/\/gr1993records.com\/#website","url":"https:\/\/gr1993records.com\/","name":"GR1993 Records","description":"","publisher":{"@id":"https:\/\/gr1993records.com\/#organization"},"potentialAction":[{"@type":"SearchAction","target":{"@type":"EntryPoint","urlTemplate":"https:\/\/gr1993records.com\/?s={search_term_string}"},"query-input":{"@type":"PropertyValueSpecification","valueRequired":true,"valueName":"search_term_string"}}],"inLanguage":"hu"},{"@type":"Organization","@id":"https:\/\/gr1993records.com\/#organization","name":"Gramy-H Ltd.","url":"https:\/\/gr1993records.com\/","logo":{"@type":"ImageObject","inLanguage":"hu","@id":"https:\/\/gr1993records.com\/#\/schema\/logo\/image\/","url":"https:\/\/gr1993records.com\/wp-content\/uploads\/2019\/08\/GR1993_Records_logo_CC.png","contentUrl":"https:\/\/gr1993records.com\/wp-content\/uploads\/2019\/08\/GR1993_Records_logo_CC.png","width":2900,"height":2001,"caption":"Gramy-H Ltd."},"image":{"@id":"https:\/\/gr1993records.com\/#\/schema\/logo\/image\/"},"sameAs":["https:\/\/www.facebook.com\/GR1993Records-113564886691383\/"]}]}},"jetpack_sharing_enabled":true,"_links":{"self":[{"href":"https:\/\/gr1993records.com\/index.php\/wp-json\/wp\/v2\/product\/7780","targetHints":{"allow":["GET"]}}],"collection":[{"href":"https:\/\/gr1993records.com\/index.php\/wp-json\/wp\/v2\/product"}],"about":[{"href":"https:\/\/gr1993records.com\/index.php\/wp-json\/wp\/v2\/types\/product"}],"wp:featuredmedia":[{"embeddable":true,"href":"https:\/\/gr1993records.com\/index.php\/wp-json\/wp\/v2\/media\/7782"}],"wp:attachment":[{"href":"https:\/\/gr1993records.com\/index.php\/wp-json\/wp\/v2\/media?parent=7780"}],"wp:term":[{"taxonomy":"product_brand","embeddable":true,"href":"https:\/\/gr1993records.com\/index.php\/wp-json\/wp\/v2\/product_brand?post=7780"},{"taxonomy":"product_cat","embeddable":true,"href":"https:\/\/gr1993records.com\/index.php\/wp-json\/wp\/v2\/product_cat?post=7780"},{"taxonomy":"product_tag","embeddable":true,"href":"https:\/\/gr1993records.com\/index.php\/wp-json\/wp\/v2\/product_tag?post=7780"}],"curies":[{"name":"wp","href":"https:\/\/api.w.org\/{rel}","templated":true}]}}