{"id":7771,"date":"2012-01-03T14:59:56","date_gmt":"2012-01-03T13:59:56","guid":{"rendered":"https:\/\/gr1993records.com\/?post_type=product&#038;p=7771"},"modified":"2026-03-31T12:07:24","modified_gmt":"2026-03-31T10:07:24","slug":"djabe-slices-of-live-dvd","status":"publish","type":"product","link":"https:\/\/gr1993records.com\/index.php\/product\/djabe-slices-of-live-dvd\/","title":{"rendered":"Djabe <br\/>Slices of live <br\/>DVD"},"content":{"rendered":"<p>A Slices of life lemez\u00fcnket bemutat\u00f3 turn\u00e9 a zenekar egyik legnagyobb v\u00e1llalkoz\u00e1sa volt. A viszonylag \u00f6sszetett zeneanyagot 2006 folyam\u00e1n mutattuk be a k\u00f6z\u00f6ns\u00e9gnek. A turn\u00e9 febru\u00e1rban itthon kezd\u0151d\u00f6tt, majd a ny\u00e1r folyam\u00e1n Eur\u00f3p\u00e1ban \u00e9s az USA-ban folytat\u00f3dott, \u00e9s t\u00f6bb mint 50.000 ember l\u00e1tta a zenekart sz\u00ednpadon. Ez volt tal\u00e1n az a m\u0171sor, amelyre a legt\u00f6bbet pr\u00f3b\u00e1ltunk. \u00d6sszesen 27 alkalom volt 2 h\u00f3napra el\u0151\u00adir\u00e1nyozva. A teljes lemezt elj\u00e1tszottuk az els\u0151 sz\u00e1mt\u00f3l az utols\u00f3ig. Mind\u00f6ssze h\u00e1rom felv\u00e9tel hangzott el a T\u00e1ncolnak a kazlakr\u00f3l \u00e9s egy git\u00e1rdarab a legels\u0151 Djabe c\u00edm\u0171 albumr\u00f3l. No \u00e9s persze az angklung. Sz\u00e9p eml\u00e9kek k\u00f6sz\u00f6nnek vissza itthonr\u00f3l, Olaszor\u00adsz\u00e1gb\u00f3l, Rochesterb\u0151l, Pr\u00e1g\u00e1b\u00f3l, Klaiped\u00e1b\u00f3l \u00e9s m\u00e9g sz\u00e1mtalan koncert helysz\u00edn\u00e9r\u0151l. A turn\u00e9r\u00f3l 2007-ben megjelent a Message from the Road c\u00edm\u0171 dupla CD + DVD. Ezen a koncertsorozat teljes anyag\u00e1t bemutattuk. Sok orsz\u00e1gb\u00f3l v\u00e1logattuk ki a felv\u00e9teleket, de a Pet\u0151fi Csarnokban megrendezett koncertet f\u00e9lretett\u00fck egy k\u00fcl\u00f6n DVD megjelen\u00e9sre. Ez\u00e9rt ez a kiadv\u00e1ny kiz\u00e1r\u00f3lag a budapesti koncerttel foglalkozik, melyet 2006. m\u00e1rcius 3-\u00e1n adtunk a Pet\u0151fi Csarnokban. A tervek szerint ez a DVD 2007 kar\u00e1csony\u00e1ra jelent volna meg, de Sipos Andr\u00e1s hal\u00e1la miatt a munk\u00e1latok h\u00e1tt\u00e9rbe szorultak, \u00e9s csak 2012-ben fejez\u0151dtek be teljesen, b\u00e1r m\u00e1r 2006-ban elkezd\u0151d\u00f6tt a videofelv\u00e9tel edit\u00e1l\u00e1sa. Tal\u00e1n most, ennyi id\u0151 t\u00e1vlat\u00e1b\u00f3l m\u00e9g \u00e9rdekesebb ez a koncert. Az id\u0151 meg\u00e9rlelte, mint valami finom bort. A videofelv\u00e9tel eredetileg 16:9-es k\u00e9par\u00e1nyra k\u00e9sz\u00fclt, de 4:3-as kamer\u00e1kkal forgattak. A felv\u00e9tel \u00f6sszev\u00e1g\u00e1sakor \u00fagy d\u00f6nt\u00f6ttem, hogy nem maszkolom le 16:9-re a filmet. Sok \u00e9rt\u00e9kes r\u00e9szlet elveszett volna. Viszont a vide\u00f3 zoom belenagy\u00edt\u00e1ssal is \u00e9lvezhet\u0151. Ez\u00e9rt ennek a koncertnek k\u00e9t k\u00e9par\u00e1nya is van. Aki szeretne minden r\u00e9szletet l\u00e1tni, az n\u00e9zze 4:3-ban, ami egy r\u00e9gi t\u00edpus\u00fa tv-n ide\u00e1lis. Akinek 16:9-es k\u00e9par\u00e1ny\u00fa tv-je van \u00e9s szereti kit\u00f6lteni a teljes k\u00e9perny\u0151sz\u00e9less\u00e9get, az nagy\u00edtson bele a filmbe, \u00e9s m\u00e1ris megkapta az eredetileg tervezett k\u00e9pkiv\u00e1g\u00e1st.<\/p>\n<h2>Tracklista:<\/h2>\n<p>Intro<br \/>\nDoromb<br \/>\n\u00dczenet j\u00e9gvil\u00e1gb\u00f3l<br \/>\nS\u00f3haj<br \/>\nOmachule<br \/>\nHajsza a m\u00e9nes ut\u00e1n<br \/>\nV\u00edzes\u00e9s<br \/>\n\u00c9letk\u00e9pek<br \/>\nHabi v\u00e1rosa<br \/>\nGyerekszoba<br \/>\nVenezia<br \/>\nVir\u00e1gcsend\u00e9let<br \/>\nT\u00e1jak \u2013 Naplemente a tengerparton<br \/>\nIndiai \u00e9lm\u00e9ny<br \/>\n\u00c9jszaka Kolkat\u00e1ban<br \/>\nTulamben<br \/>\nF\u00e1tyol m\u00f6g\u00f6tt<\/p>\n<p><strong>Extras:<br \/>\n<\/strong>Slices of soundcheck<br \/>\nSigh vide\u00f3 klip<br \/>\nSlices of the day \u2013 fot\u00f3gal\u00e9ria<\/p>\n<h2>A lemezen szerepl\u0151 el\u0151ad\u00f3k:<\/h2>\n<p>Barab\u00e1s Tam\u00e1s &#8211; basszusgit\u00e1r<br \/>\n\u00c9gerh\u00e1zi Attila &#8211; git\u00e1r, \u00fct\u0151hangszerek<br \/>\nSipos Andr\u00e1s &#8211; \u00e9nek, \u00fct\u0151hangszerek<br \/>\nKov\u00e1cs Ferenc &#8211; trombita, heged\u0171<br \/>\nKov\u00e1cs Zolt\u00e1n &#8211; billenty\u0171s hangszerek<br \/>\nBanai Szil\u00e1rd &#8211; dobok<\/p>\n<p>Felv\u00e9telr\u0151l: Echo von\u00f3sn\u00e9gyes (\u00c9jszaka Kolkat\u00e1ban)<\/p>","protected":false},"excerpt":{"rendered":"<p>A Slices of life lemez\u00fcnket bemutat\u00f3 turn\u00e9 a zenekar egyik legnagyobb v\u00e1llalkoz\u00e1sa volt. A viszonylag \u00f6sszetett zeneanyagot 2006 folyam\u00e1n mutattuk be a k\u00f6z\u00f6ns\u00e9gnek. A turn\u00e9 febru\u00e1rban itthon kezd\u0151d\u00f6tt, majd a ny\u00e1r folyam\u00e1n Eur\u00f3p\u00e1ban \u00e9s az USA-ban folytat\u00f3dott, \u00e9s t\u00f6bb mint 50.000 ember l\u00e1tta a zenekart sz\u00ednpadon. Ez volt tal\u00e1n az a m\u0171sor, amelyre a legt\u00f6bbet [&hellip;]<\/p>\n","protected":false},"featured_media":7772,"template":"","meta":[],"product_brand":[],"product_cat":[93],"product_tag":[],"class_list":{"0":"post-7771","1":"product","2":"type-product","3":"status-publish","4":"has-post-thumbnail","6":"product_cat-dvd","7":"yith_product_brand-djabe","8":"col-12 col-sm-6 col-md-4","10":"first","11":"instock","12":"sale","13":"shipping-taxable","14":"purchasable","15":"product-type-simple"},"yoast_head":"<!-- This site is optimized with the Yoast SEO plugin v27.2 - https:\/\/yoast.com\/product\/yoast-seo-wordpress\/ -->\n<title>Djabe Slices of live DVD &#8211; GR1993 Records<\/title>\n<meta name=\"robots\" content=\"index, follow, max-snippet:-1, max-image-preview:large, max-video-preview:-1\" \/>\n<link rel=\"canonical\" href=\"https:\/\/gr1993records.com\/index.php\/product\/djabe-slices-of-live-dvd\/\" \/>\n<meta property=\"og:locale\" content=\"hu_HU\" \/>\n<meta property=\"og:type\" content=\"article\" \/>\n<meta property=\"og:title\" content=\"Djabe Slices of live DVD &#8211; GR1993 Records\" \/>\n<meta property=\"og:description\" content=\"A Slices of life lemez\u00fcnket bemutat\u00f3 turn\u00e9 a zenekar egyik legnagyobb v\u00e1llalkoz\u00e1sa volt. A viszonylag \u00f6sszetett zeneanyagot 2006 folyam\u00e1n mutattuk be a k\u00f6z\u00f6ns\u00e9gnek. A turn\u00e9 febru\u00e1rban itthon kezd\u0151d\u00f6tt, majd a ny\u00e1r folyam\u00e1n Eur\u00f3p\u00e1ban \u00e9s az USA-ban folytat\u00f3dott, \u00e9s t\u00f6bb mint 50.000 ember l\u00e1tta a zenekart sz\u00ednpadon. Ez volt tal\u00e1n az a m\u0171sor, amelyre a legt\u00f6bbet [&hellip;]\" \/>\n<meta property=\"og:url\" content=\"https:\/\/gr1993records.com\/index.php\/product\/djabe-slices-of-live-dvd\/\" \/>\n<meta property=\"og:site_name\" content=\"GR1993 Records\" \/>\n<meta property=\"article:publisher\" content=\"https:\/\/www.facebook.com\/GR1993Records-113564886691383\/\" \/>\n<meta property=\"article:modified_time\" content=\"2026-03-31T10:07:24+00:00\" \/>\n<meta property=\"og:image\" content=\"https:\/\/gr1993records.com\/wp-content\/uploads\/2026\/01\/Djabe_Slicces_of_life_DVD_FRONT.jpg\" \/>\n\t<meta property=\"og:image:width\" content=\"2000\" \/>\n\t<meta property=\"og:image:height\" content=\"2000\" \/>\n\t<meta property=\"og:image:type\" content=\"image\/jpeg\" \/>\n<meta name=\"twitter:card\" content=\"summary_large_image\" \/>\n<meta name=\"twitter:image\" content=\"https:\/\/gr1993records.com\/wp-content\/uploads\/2026\/01\/Djabe_Slicces_of_life_DVD_FRONT.jpg\" \/>\n<meta name=\"twitter:label1\" content=\"Becs\u00fclt olvas\u00e1si id\u0151\" \/>\n\t<meta name=\"twitter:data1\" content=\"3 perc\" \/>\n<script type=\"application\/ld+json\" class=\"yoast-schema-graph\">{\"@context\":\"https:\/\/schema.org\",\"@graph\":[{\"@type\":\"WebPage\",\"@id\":\"https:\/\/gr1993records.com\/index.php\/product\/djabe-slices-of-live-dvd\/\",\"url\":\"https:\/\/gr1993records.com\/index.php\/product\/djabe-slices-of-live-dvd\/\",\"name\":\"Djabe Slices of live DVD &#8211; GR1993 Records\",\"isPartOf\":{\"@id\":\"https:\/\/gr1993records.com\/#website\"},\"primaryImageOfPage\":{\"@id\":\"https:\/\/gr1993records.com\/index.php\/product\/djabe-slices-of-live-dvd\/#primaryimage\"},\"image\":{\"@id\":\"https:\/\/gr1993records.com\/index.php\/product\/djabe-slices-of-live-dvd\/#primaryimage\"},\"thumbnailUrl\":\"https:\/\/gr1993records.com\/wp-content\/uploads\/2026\/01\/Djabe_Slicces_of_life_DVD_FRONT.jpg\",\"datePublished\":\"2012-01-03T13:59:56+00:00\",\"dateModified\":\"2026-03-31T10:07:24+00:00\",\"breadcrumb\":{\"@id\":\"https:\/\/gr1993records.com\/index.php\/product\/djabe-slices-of-live-dvd\/#breadcrumb\"},\"inLanguage\":\"hu\",\"potentialAction\":[{\"@type\":\"ReadAction\",\"target\":[\"https:\/\/gr1993records.com\/index.php\/product\/djabe-slices-of-live-dvd\/\"]}]},{\"@type\":\"ImageObject\",\"inLanguage\":\"hu\",\"@id\":\"https:\/\/gr1993records.com\/index.php\/product\/djabe-slices-of-live-dvd\/#primaryimage\",\"url\":\"https:\/\/gr1993records.com\/wp-content\/uploads\/2026\/01\/Djabe_Slicces_of_life_DVD_FRONT.jpg\",\"contentUrl\":\"https:\/\/gr1993records.com\/wp-content\/uploads\/2026\/01\/Djabe_Slicces_of_life_DVD_FRONT.jpg\",\"width\":2000,\"height\":2000},{\"@type\":\"BreadcrumbList\",\"@id\":\"https:\/\/gr1993records.com\/index.php\/product\/djabe-slices-of-live-dvd\/#breadcrumb\",\"itemListElement\":[{\"@type\":\"ListItem\",\"position\":1,\"name\":\"Home\",\"item\":\"https:\/\/gr1993records.com\/\"},{\"@type\":\"ListItem\",\"position\":2,\"name\":\"Kiadv\u00e1nyok\",\"item\":\"https:\/\/gr1993records.com\/index.php\/shop\/\"},{\"@type\":\"ListItem\",\"position\":3,\"name\":\"Djabe Slices of live DVD\"}]},{\"@type\":\"WebSite\",\"@id\":\"https:\/\/gr1993records.com\/#website\",\"url\":\"https:\/\/gr1993records.com\/\",\"name\":\"GR1993 Records\",\"description\":\"\",\"publisher\":{\"@id\":\"https:\/\/gr1993records.com\/#organization\"},\"potentialAction\":[{\"@type\":\"SearchAction\",\"target\":{\"@type\":\"EntryPoint\",\"urlTemplate\":\"https:\/\/gr1993records.com\/?s={search_term_string}\"},\"query-input\":{\"@type\":\"PropertyValueSpecification\",\"valueRequired\":true,\"valueName\":\"search_term_string\"}}],\"inLanguage\":\"hu\"},{\"@type\":\"Organization\",\"@id\":\"https:\/\/gr1993records.com\/#organization\",\"name\":\"Gramy-H Ltd.\",\"url\":\"https:\/\/gr1993records.com\/\",\"logo\":{\"@type\":\"ImageObject\",\"inLanguage\":\"hu\",\"@id\":\"https:\/\/gr1993records.com\/#\/schema\/logo\/image\/\",\"url\":\"https:\/\/gr1993records.com\/wp-content\/uploads\/2019\/08\/GR1993_Records_logo_CC.png\",\"contentUrl\":\"https:\/\/gr1993records.com\/wp-content\/uploads\/2019\/08\/GR1993_Records_logo_CC.png\",\"width\":2900,\"height\":2001,\"caption\":\"Gramy-H Ltd.\"},\"image\":{\"@id\":\"https:\/\/gr1993records.com\/#\/schema\/logo\/image\/\"},\"sameAs\":[\"https:\/\/www.facebook.com\/GR1993Records-113564886691383\/\"]}]}<\/script>\n<!-- \/ Yoast SEO plugin. -->","yoast_head_json":{"title":"Djabe Slices of live DVD &#8211; GR1993 Records","robots":{"index":"index","follow":"follow","max-snippet":"max-snippet:-1","max-image-preview":"max-image-preview:large","max-video-preview":"max-video-preview:-1"},"canonical":"https:\/\/gr1993records.com\/index.php\/product\/djabe-slices-of-live-dvd\/","og_locale":"hu_HU","og_type":"article","og_title":"Djabe Slices of live DVD &#8211; GR1993 Records","og_description":"A Slices of life lemez\u00fcnket bemutat\u00f3 turn\u00e9 a zenekar egyik legnagyobb v\u00e1llalkoz\u00e1sa volt. A viszonylag \u00f6sszetett zeneanyagot 2006 folyam\u00e1n mutattuk be a k\u00f6z\u00f6ns\u00e9gnek. A turn\u00e9 febru\u00e1rban itthon kezd\u0151d\u00f6tt, majd a ny\u00e1r folyam\u00e1n Eur\u00f3p\u00e1ban \u00e9s az USA-ban folytat\u00f3dott, \u00e9s t\u00f6bb mint 50.000 ember l\u00e1tta a zenekart sz\u00ednpadon. Ez volt tal\u00e1n az a m\u0171sor, amelyre a legt\u00f6bbet [&hellip;]","og_url":"https:\/\/gr1993records.com\/index.php\/product\/djabe-slices-of-live-dvd\/","og_site_name":"GR1993 Records","article_publisher":"https:\/\/www.facebook.com\/GR1993Records-113564886691383\/","article_modified_time":"2026-03-31T10:07:24+00:00","og_image":[{"width":2000,"height":2000,"url":"https:\/\/gr1993records.com\/wp-content\/uploads\/2026\/01\/Djabe_Slicces_of_life_DVD_FRONT.jpg","type":"image\/jpeg"}],"twitter_card":"summary_large_image","twitter_image":"https:\/\/gr1993records.com\/wp-content\/uploads\/2026\/01\/Djabe_Slicces_of_life_DVD_FRONT.jpg","twitter_misc":{"Becs\u00fclt olvas\u00e1si id\u0151":"3 perc"},"schema":{"@context":"https:\/\/schema.org","@graph":[{"@type":"WebPage","@id":"https:\/\/gr1993records.com\/index.php\/product\/djabe-slices-of-live-dvd\/","url":"https:\/\/gr1993records.com\/index.php\/product\/djabe-slices-of-live-dvd\/","name":"Djabe Slices of live DVD &#8211; GR1993 Records","isPartOf":{"@id":"https:\/\/gr1993records.com\/#website"},"primaryImageOfPage":{"@id":"https:\/\/gr1993records.com\/index.php\/product\/djabe-slices-of-live-dvd\/#primaryimage"},"image":{"@id":"https:\/\/gr1993records.com\/index.php\/product\/djabe-slices-of-live-dvd\/#primaryimage"},"thumbnailUrl":"https:\/\/gr1993records.com\/wp-content\/uploads\/2026\/01\/Djabe_Slicces_of_life_DVD_FRONT.jpg","datePublished":"2012-01-03T13:59:56+00:00","dateModified":"2026-03-31T10:07:24+00:00","breadcrumb":{"@id":"https:\/\/gr1993records.com\/index.php\/product\/djabe-slices-of-live-dvd\/#breadcrumb"},"inLanguage":"hu","potentialAction":[{"@type":"ReadAction","target":["https:\/\/gr1993records.com\/index.php\/product\/djabe-slices-of-live-dvd\/"]}]},{"@type":"ImageObject","inLanguage":"hu","@id":"https:\/\/gr1993records.com\/index.php\/product\/djabe-slices-of-live-dvd\/#primaryimage","url":"https:\/\/gr1993records.com\/wp-content\/uploads\/2026\/01\/Djabe_Slicces_of_life_DVD_FRONT.jpg","contentUrl":"https:\/\/gr1993records.com\/wp-content\/uploads\/2026\/01\/Djabe_Slicces_of_life_DVD_FRONT.jpg","width":2000,"height":2000},{"@type":"BreadcrumbList","@id":"https:\/\/gr1993records.com\/index.php\/product\/djabe-slices-of-live-dvd\/#breadcrumb","itemListElement":[{"@type":"ListItem","position":1,"name":"Home","item":"https:\/\/gr1993records.com\/"},{"@type":"ListItem","position":2,"name":"Kiadv\u00e1nyok","item":"https:\/\/gr1993records.com\/index.php\/shop\/"},{"@type":"ListItem","position":3,"name":"Djabe Slices of live DVD"}]},{"@type":"WebSite","@id":"https:\/\/gr1993records.com\/#website","url":"https:\/\/gr1993records.com\/","name":"GR1993 Records","description":"","publisher":{"@id":"https:\/\/gr1993records.com\/#organization"},"potentialAction":[{"@type":"SearchAction","target":{"@type":"EntryPoint","urlTemplate":"https:\/\/gr1993records.com\/?s={search_term_string}"},"query-input":{"@type":"PropertyValueSpecification","valueRequired":true,"valueName":"search_term_string"}}],"inLanguage":"hu"},{"@type":"Organization","@id":"https:\/\/gr1993records.com\/#organization","name":"Gramy-H Ltd.","url":"https:\/\/gr1993records.com\/","logo":{"@type":"ImageObject","inLanguage":"hu","@id":"https:\/\/gr1993records.com\/#\/schema\/logo\/image\/","url":"https:\/\/gr1993records.com\/wp-content\/uploads\/2019\/08\/GR1993_Records_logo_CC.png","contentUrl":"https:\/\/gr1993records.com\/wp-content\/uploads\/2019\/08\/GR1993_Records_logo_CC.png","width":2900,"height":2001,"caption":"Gramy-H Ltd."},"image":{"@id":"https:\/\/gr1993records.com\/#\/schema\/logo\/image\/"},"sameAs":["https:\/\/www.facebook.com\/GR1993Records-113564886691383\/"]}]}},"jetpack_sharing_enabled":true,"_links":{"self":[{"href":"https:\/\/gr1993records.com\/index.php\/wp-json\/wp\/v2\/product\/7771","targetHints":{"allow":["GET"]}}],"collection":[{"href":"https:\/\/gr1993records.com\/index.php\/wp-json\/wp\/v2\/product"}],"about":[{"href":"https:\/\/gr1993records.com\/index.php\/wp-json\/wp\/v2\/types\/product"}],"wp:featuredmedia":[{"embeddable":true,"href":"https:\/\/gr1993records.com\/index.php\/wp-json\/wp\/v2\/media\/7772"}],"wp:attachment":[{"href":"https:\/\/gr1993records.com\/index.php\/wp-json\/wp\/v2\/media?parent=7771"}],"wp:term":[{"taxonomy":"product_brand","embeddable":true,"href":"https:\/\/gr1993records.com\/index.php\/wp-json\/wp\/v2\/product_brand?post=7771"},{"taxonomy":"product_cat","embeddable":true,"href":"https:\/\/gr1993records.com\/index.php\/wp-json\/wp\/v2\/product_cat?post=7771"},{"taxonomy":"product_tag","embeddable":true,"href":"https:\/\/gr1993records.com\/index.php\/wp-json\/wp\/v2\/product_tag?post=7771"}],"curies":[{"name":"wp","href":"https:\/\/api.w.org\/{rel}","templated":true}]}}