{"id":7720,"date":"2025-11-19T11:13:32","date_gmt":"2025-11-19T10:13:32","guid":{"rendered":"https:\/\/gr1993records.com\/?post_type=product&#038;p=7720"},"modified":"2026-03-30T09:53:33","modified_gmt":"2026-03-30T07:53:33","slug":"djabe25-cd","status":"publish","type":"product","link":"https:\/\/gr1993records.com\/index.php\/product\/djabe25-cd\/","title":{"rendered":"Djabe25 <br>CD"},"content":{"rendered":"<h1 style=\"text-align: center;\"><strong>DJABE25<\/strong><\/h1>\n<p><strong>DJABE25 &#8211; Anniversary Show in Budapest<\/strong><\/p>\n<p>At the DJABE25 concert, all historic line-up of Djabe played selected songs from the first album released in 1996 to the 2020 album The Magic Stag. The live album thus has a very unique tracklist, including several rarely played compositions. These include D\u00e9j\u00e0 Vu, Underwater Sunlight, Reproach, and Slices of Life.<\/p>\n<p>The CD package contains 20 page booklet richly illustrated with photos from the rehearsals and the show.<\/p>\n<p><img loading=\"lazy\" decoding=\"async\" class=\"aligncenter wp-image-7726 size-full\" src=\"https:\/\/gr1993records.com\/wp-content\/uploads\/2025\/11\/Djabe_25_CD_Mockup_2025.10_FINAL_WEB_1.jpg\" alt=\"\" width=\"2000\" height=\"848\" srcset=\"https:\/\/gr1993records.com\/wp-content\/uploads\/2025\/11\/Djabe_25_CD_Mockup_2025.10_FINAL_WEB_1.jpg 2000w, https:\/\/gr1993records.com\/wp-content\/uploads\/2025\/11\/Djabe_25_CD_Mockup_2025.10_FINAL_WEB_1-300x127.jpg 300w, https:\/\/gr1993records.com\/wp-content\/uploads\/2025\/11\/Djabe_25_CD_Mockup_2025.10_FINAL_WEB_1-1024x434.jpg 1024w, https:\/\/gr1993records.com\/wp-content\/uploads\/2025\/11\/Djabe_25_CD_Mockup_2025.10_FINAL_WEB_1-768x326.jpg 768w, https:\/\/gr1993records.com\/wp-content\/uploads\/2025\/11\/Djabe_25_CD_Mockup_2025.10_FINAL_WEB_1-1536x651.jpg 1536w, https:\/\/gr1993records.com\/wp-content\/uploads\/2025\/11\/Djabe_25_CD_Mockup_2025.10_FINAL_WEB_1-1568x665.jpg 1568w, https:\/\/gr1993records.com\/wp-content\/uploads\/2025\/11\/Djabe_25_CD_Mockup_2025.10_FINAL_WEB_1-600x254.jpg 600w\" sizes=\"auto, (max-width: 2000px) 100vw, 2000px\" \/><\/p>\n<h3><strong>Musicians:<\/strong><\/h3>\n<p><strong>Attila \u00c9gerh\u00e1zi<\/strong> guitar, percussion, vocal<br \/>\n<strong>Tam\u00e1s Barab\u00e1s<\/strong> bass guitar<br \/>\n<strong>\u00c1ron-Ko\u00f3s Hut\u00e1s<\/strong> trumpet, flugelhorn<br \/>\n<strong>P\u00e9ter Kasz\u00e1s<\/strong> drums, vocal<br \/>\n<strong>J\u00e1nos Nagy<\/strong> keyboards<\/p>\n<p>with<\/p>\n<p><strong>Ferenc Muck<\/strong> saxes, Yamaha YDS-150<br \/>\n<strong>Tibor Karvaly<\/strong> electric violin<br \/>\n<strong>L\u00e1szl\u00f3 Szab\u00f3<\/strong> sitar, guitar<br \/>\n<strong>Zolt\u00e1n Kov\u00e1cs<\/strong> keyboards<br \/>\n<strong>Ferenc Kov\u00e1cs<\/strong> violin<br \/>\n<strong>Andr\u00e1s Sipos<\/strong> pre-recorded percussion<br \/>\n<strong>Steve Hackett<\/strong> pre-recorded guitar and story telling<\/p>\n<h3><strong>Tracklist<\/strong><\/h3>\n<p>1. First Step (intro)<br \/>\n2. D\u00e9j\u00e0 Vu<br \/>\n3. Underwater Sunlight<br \/>\n4. Coffee Break<br \/>\n5. Witchi Tai To<br \/>\n6. Reproach<br \/>\n7. In Gyimes<br \/>\n8. Beginning Of Legends<br \/>\n9. The Magic Stag<br \/>\n10. Uncertain Time<br \/>\n11. Power Of Wings<br \/>\n12. Slices Of Life<br \/>\n13. Down By The Lakeside<br \/>\n14. 4000<\/p>\n<p><iframe loading=\"lazy\" title=\"Djabe - Underwater Sunlight\" width=\"840\" height=\"473\" src=\"https:\/\/www.youtube.com\/embed\/SWfvGyUck_k?feature=oembed\" frameborder=\"0\" allow=\"accelerometer; autoplay; clipboard-write; encrypted-media; gyroscope; picture-in-picture; web-share\" referrerpolicy=\"strict-origin-when-cross-origin\" allowfullscreen><\/iframe><\/p>\n","protected":false},"excerpt":{"rendered":"<h2><strong>DJABE25 &#8211; Anniversary Show in Budapest<\/strong><\/h2>\n<h2><strong>GR-191-2<\/strong><\/h2>\n","protected":false},"featured_media":7723,"template":"","meta":[],"product_brand":[],"product_cat":[92],"product_tag":[],"class_list":{"0":"post-7720","1":"product","2":"type-product","3":"status-publish","4":"has-post-thumbnail","6":"product_cat-cd","7":"yith_product_brand-djabe","8":"col-12 col-sm-6 col-md-4","10":"first","11":"instock","12":"featured","13":"shipping-taxable","14":"purchasable","15":"product-type-simple"},"yoast_head":"<!-- This site is optimized with the Yoast SEO plugin v27.2 - https:\/\/yoast.com\/product\/yoast-seo-wordpress\/ -->\n<title>Djabe25 CD &#8211; GR1993 Records<\/title>\n<meta name=\"robots\" content=\"index, follow, max-snippet:-1, max-image-preview:large, max-video-preview:-1\" \/>\n<link rel=\"canonical\" href=\"https:\/\/gr1993records.com\/index.php\/product\/djabe25-cd\/\" \/>\n<meta property=\"og:locale\" content=\"hu_HU\" \/>\n<meta property=\"og:type\" content=\"article\" \/>\n<meta property=\"og:title\" content=\"Djabe25 CD &#8211; GR1993 Records\" \/>\n<meta property=\"og:description\" content=\"DJABE25 - Anniversary Show in Budapest GR-191-2\" \/>\n<meta property=\"og:url\" content=\"https:\/\/gr1993records.com\/index.php\/product\/djabe25-cd\/\" \/>\n<meta property=\"og:site_name\" content=\"GR1993 Records\" \/>\n<meta property=\"article:publisher\" content=\"https:\/\/www.facebook.com\/GR1993Records-113564886691383\/\" \/>\n<meta property=\"article:modified_time\" content=\"2026-03-30T07:53:33+00:00\" \/>\n<meta property=\"og:image\" content=\"https:\/\/gr1993records.com\/wp-content\/uploads\/2025\/11\/Djabe_25_CD_Mockup_2025.10_FINAL_WEB_1.jpg\" \/>\n\t<meta property=\"og:image:width\" content=\"2000\" \/>\n\t<meta property=\"og:image:height\" content=\"848\" \/>\n\t<meta property=\"og:image:type\" content=\"image\/jpeg\" \/>\n<meta name=\"twitter:card\" content=\"summary_large_image\" \/>\n<meta name=\"twitter:image\" content=\"https:\/\/gr1993records.com\/wp-content\/uploads\/2025\/11\/Djabe_25_CD_Mockup_2025.10_FINAL_WEB_1.jpg\" \/>\n<meta name=\"twitter:label1\" content=\"Becs\u00fclt olvas\u00e1si id\u0151\" \/>\n\t<meta name=\"twitter:data1\" content=\"2 perc\" \/>\n<script type=\"application\/ld+json\" class=\"yoast-schema-graph\">{\"@context\":\"https:\/\/schema.org\",\"@graph\":[{\"@type\":\"WebPage\",\"@id\":\"https:\/\/gr1993records.com\/index.php\/product\/djabe25-cd\/\",\"url\":\"https:\/\/gr1993records.com\/index.php\/product\/djabe25-cd\/\",\"name\":\"Djabe25 CD &#8211; GR1993 Records\",\"isPartOf\":{\"@id\":\"https:\/\/gr1993records.com\/#website\"},\"primaryImageOfPage\":{\"@id\":\"https:\/\/gr1993records.com\/index.php\/product\/djabe25-cd\/#primaryimage\"},\"image\":{\"@id\":\"https:\/\/gr1993records.com\/index.php\/product\/djabe25-cd\/#primaryimage\"},\"thumbnailUrl\":\"https:\/\/gr1993records.com\/wp-content\/uploads\/2025\/11\/Djabe_25_CD_FRONT_WEB_1.jpg\",\"datePublished\":\"2025-11-19T10:13:32+00:00\",\"dateModified\":\"2026-03-30T07:53:33+00:00\",\"breadcrumb\":{\"@id\":\"https:\/\/gr1993records.com\/index.php\/product\/djabe25-cd\/#breadcrumb\"},\"inLanguage\":\"hu\",\"potentialAction\":[{\"@type\":\"ReadAction\",\"target\":[\"https:\/\/gr1993records.com\/index.php\/product\/djabe25-cd\/\"]}]},{\"@type\":\"ImageObject\",\"inLanguage\":\"hu\",\"@id\":\"https:\/\/gr1993records.com\/index.php\/product\/djabe25-cd\/#primaryimage\",\"url\":\"https:\/\/gr1993records.com\/wp-content\/uploads\/2025\/11\/Djabe_25_CD_FRONT_WEB_1.jpg\",\"contentUrl\":\"https:\/\/gr1993records.com\/wp-content\/uploads\/2025\/11\/Djabe_25_CD_FRONT_WEB_1.jpg\",\"width\":2000,\"height\":2000},{\"@type\":\"BreadcrumbList\",\"@id\":\"https:\/\/gr1993records.com\/index.php\/product\/djabe25-cd\/#breadcrumb\",\"itemListElement\":[{\"@type\":\"ListItem\",\"position\":1,\"name\":\"Home\",\"item\":\"https:\/\/gr1993records.com\/\"},{\"@type\":\"ListItem\",\"position\":2,\"name\":\"Kiadv\u00e1nyok\",\"item\":\"https:\/\/gr1993records.com\/index.php\/shop\/\"},{\"@type\":\"ListItem\",\"position\":3,\"name\":\"Djabe25 CD\"}]},{\"@type\":\"WebSite\",\"@id\":\"https:\/\/gr1993records.com\/#website\",\"url\":\"https:\/\/gr1993records.com\/\",\"name\":\"GR1993 Records\",\"description\":\"\",\"publisher\":{\"@id\":\"https:\/\/gr1993records.com\/#organization\"},\"potentialAction\":[{\"@type\":\"SearchAction\",\"target\":{\"@type\":\"EntryPoint\",\"urlTemplate\":\"https:\/\/gr1993records.com\/?s={search_term_string}\"},\"query-input\":{\"@type\":\"PropertyValueSpecification\",\"valueRequired\":true,\"valueName\":\"search_term_string\"}}],\"inLanguage\":\"hu\"},{\"@type\":\"Organization\",\"@id\":\"https:\/\/gr1993records.com\/#organization\",\"name\":\"Gramy-H Ltd.\",\"url\":\"https:\/\/gr1993records.com\/\",\"logo\":{\"@type\":\"ImageObject\",\"inLanguage\":\"hu\",\"@id\":\"https:\/\/gr1993records.com\/#\/schema\/logo\/image\/\",\"url\":\"https:\/\/gr1993records.com\/wp-content\/uploads\/2019\/08\/GR1993_Records_logo_CC.png\",\"contentUrl\":\"https:\/\/gr1993records.com\/wp-content\/uploads\/2019\/08\/GR1993_Records_logo_CC.png\",\"width\":2900,\"height\":2001,\"caption\":\"Gramy-H Ltd.\"},\"image\":{\"@id\":\"https:\/\/gr1993records.com\/#\/schema\/logo\/image\/\"},\"sameAs\":[\"https:\/\/www.facebook.com\/GR1993Records-113564886691383\/\"]}]}<\/script>\n<!-- \/ Yoast SEO plugin. -->","yoast_head_json":{"title":"Djabe25 CD &#8211; GR1993 Records","robots":{"index":"index","follow":"follow","max-snippet":"max-snippet:-1","max-image-preview":"max-image-preview:large","max-video-preview":"max-video-preview:-1"},"canonical":"https:\/\/gr1993records.com\/index.php\/product\/djabe25-cd\/","og_locale":"hu_HU","og_type":"article","og_title":"Djabe25 CD &#8211; GR1993 Records","og_description":"DJABE25 - Anniversary Show in Budapest GR-191-2","og_url":"https:\/\/gr1993records.com\/index.php\/product\/djabe25-cd\/","og_site_name":"GR1993 Records","article_publisher":"https:\/\/www.facebook.com\/GR1993Records-113564886691383\/","article_modified_time":"2026-03-30T07:53:33+00:00","og_image":[{"width":2000,"height":848,"url":"https:\/\/gr1993records.com\/wp-content\/uploads\/2025\/11\/Djabe_25_CD_Mockup_2025.10_FINAL_WEB_1.jpg","type":"image\/jpeg"}],"twitter_card":"summary_large_image","twitter_image":"https:\/\/gr1993records.com\/wp-content\/uploads\/2025\/11\/Djabe_25_CD_Mockup_2025.10_FINAL_WEB_1.jpg","twitter_misc":{"Becs\u00fclt olvas\u00e1si id\u0151":"2 perc"},"schema":{"@context":"https:\/\/schema.org","@graph":[{"@type":"WebPage","@id":"https:\/\/gr1993records.com\/index.php\/product\/djabe25-cd\/","url":"https:\/\/gr1993records.com\/index.php\/product\/djabe25-cd\/","name":"Djabe25 CD &#8211; GR1993 Records","isPartOf":{"@id":"https:\/\/gr1993records.com\/#website"},"primaryImageOfPage":{"@id":"https:\/\/gr1993records.com\/index.php\/product\/djabe25-cd\/#primaryimage"},"image":{"@id":"https:\/\/gr1993records.com\/index.php\/product\/djabe25-cd\/#primaryimage"},"thumbnailUrl":"https:\/\/gr1993records.com\/wp-content\/uploads\/2025\/11\/Djabe_25_CD_FRONT_WEB_1.jpg","datePublished":"2025-11-19T10:13:32+00:00","dateModified":"2026-03-30T07:53:33+00:00","breadcrumb":{"@id":"https:\/\/gr1993records.com\/index.php\/product\/djabe25-cd\/#breadcrumb"},"inLanguage":"hu","potentialAction":[{"@type":"ReadAction","target":["https:\/\/gr1993records.com\/index.php\/product\/djabe25-cd\/"]}]},{"@type":"ImageObject","inLanguage":"hu","@id":"https:\/\/gr1993records.com\/index.php\/product\/djabe25-cd\/#primaryimage","url":"https:\/\/gr1993records.com\/wp-content\/uploads\/2025\/11\/Djabe_25_CD_FRONT_WEB_1.jpg","contentUrl":"https:\/\/gr1993records.com\/wp-content\/uploads\/2025\/11\/Djabe_25_CD_FRONT_WEB_1.jpg","width":2000,"height":2000},{"@type":"BreadcrumbList","@id":"https:\/\/gr1993records.com\/index.php\/product\/djabe25-cd\/#breadcrumb","itemListElement":[{"@type":"ListItem","position":1,"name":"Home","item":"https:\/\/gr1993records.com\/"},{"@type":"ListItem","position":2,"name":"Kiadv\u00e1nyok","item":"https:\/\/gr1993records.com\/index.php\/shop\/"},{"@type":"ListItem","position":3,"name":"Djabe25 CD"}]},{"@type":"WebSite","@id":"https:\/\/gr1993records.com\/#website","url":"https:\/\/gr1993records.com\/","name":"GR1993 Records","description":"","publisher":{"@id":"https:\/\/gr1993records.com\/#organization"},"potentialAction":[{"@type":"SearchAction","target":{"@type":"EntryPoint","urlTemplate":"https:\/\/gr1993records.com\/?s={search_term_string}"},"query-input":{"@type":"PropertyValueSpecification","valueRequired":true,"valueName":"search_term_string"}}],"inLanguage":"hu"},{"@type":"Organization","@id":"https:\/\/gr1993records.com\/#organization","name":"Gramy-H Ltd.","url":"https:\/\/gr1993records.com\/","logo":{"@type":"ImageObject","inLanguage":"hu","@id":"https:\/\/gr1993records.com\/#\/schema\/logo\/image\/","url":"https:\/\/gr1993records.com\/wp-content\/uploads\/2019\/08\/GR1993_Records_logo_CC.png","contentUrl":"https:\/\/gr1993records.com\/wp-content\/uploads\/2019\/08\/GR1993_Records_logo_CC.png","width":2900,"height":2001,"caption":"Gramy-H Ltd."},"image":{"@id":"https:\/\/gr1993records.com\/#\/schema\/logo\/image\/"},"sameAs":["https:\/\/www.facebook.com\/GR1993Records-113564886691383\/"]}]}},"jetpack_sharing_enabled":true,"_links":{"self":[{"href":"https:\/\/gr1993records.com\/index.php\/wp-json\/wp\/v2\/product\/7720","targetHints":{"allow":["GET"]}}],"collection":[{"href":"https:\/\/gr1993records.com\/index.php\/wp-json\/wp\/v2\/product"}],"about":[{"href":"https:\/\/gr1993records.com\/index.php\/wp-json\/wp\/v2\/types\/product"}],"wp:featuredmedia":[{"embeddable":true,"href":"https:\/\/gr1993records.com\/index.php\/wp-json\/wp\/v2\/media\/7723"}],"wp:attachment":[{"href":"https:\/\/gr1993records.com\/index.php\/wp-json\/wp\/v2\/media?parent=7720"}],"wp:term":[{"taxonomy":"product_brand","embeddable":true,"href":"https:\/\/gr1993records.com\/index.php\/wp-json\/wp\/v2\/product_brand?post=7720"},{"taxonomy":"product_cat","embeddable":true,"href":"https:\/\/gr1993records.com\/index.php\/wp-json\/wp\/v2\/product_cat?post=7720"},{"taxonomy":"product_tag","embeddable":true,"href":"https:\/\/gr1993records.com\/index.php\/wp-json\/wp\/v2\/product_tag?post=7720"}],"curies":[{"name":"wp","href":"https:\/\/api.w.org\/{rel}","templated":true}]}}