{"id":7705,"date":"2025-10-30T11:30:35","date_gmt":"2025-10-30T10:30:35","guid":{"rendered":"https:\/\/gr1993records.com\/?post_type=product&#038;p=7705"},"modified":"2026-03-31T09:49:01","modified_gmt":"2026-03-31T07:49:01","slug":"torok-adam-es-a-v-mini-vissza-vancouverbe-cd","status":"publish","type":"product","link":"https:\/\/gr1993records.com\/index.php\/product\/torok-adam-es-a-v-mini-vissza-vancouverbe-cd\/","title":{"rendered":"T\u00f6r\u00f6k \u00c1d\u00e1m \u00e9s a V Mini <br>Vissza Vancouverbe <br>CD"},"content":{"rendered":"<p><\/p>\n<h3 style=\"font-weight: 400;\"><strong>T\u00f6r\u00f6k \u00c1d\u00e1m eml\u00e9kezetes koncertje, melyet Vancouverben \u00e9l\u0151 magyar zen\u00e9szekkel r\u00f6gz\u00edtett. A felv\u00e9tel Kanad\u00e1ban, a Vancouveri Magyar H\u00e1zban k\u00e9sz\u00fclt, 2014. november 1-\u00e9n.<\/strong><\/h3>\n<p style=\"font-weight: 400;\"><strong><img loading=\"lazy\" decoding=\"async\" class=\"aligncenter wp-image-7706 size-full\" src=\"https:\/\/gr1993records.com\/wp-content\/uploads\/2025\/10\/GR_188_TorokAdam_VMini_Vissza_Vancouverbe_CD_MOCKUP.jpg\" alt=\"\" width=\"2000\" height=\"1127\" srcset=\"https:\/\/gr1993records.com\/wp-content\/uploads\/2025\/10\/GR_188_TorokAdam_VMini_Vissza_Vancouverbe_CD_MOCKUP.jpg 2000w, https:\/\/gr1993records.com\/wp-content\/uploads\/2025\/10\/GR_188_TorokAdam_VMini_Vissza_Vancouverbe_CD_MOCKUP-300x169.jpg 300w, https:\/\/gr1993records.com\/wp-content\/uploads\/2025\/10\/GR_188_TorokAdam_VMini_Vissza_Vancouverbe_CD_MOCKUP-1024x577.jpg 1024w, https:\/\/gr1993records.com\/wp-content\/uploads\/2025\/10\/GR_188_TorokAdam_VMini_Vissza_Vancouverbe_CD_MOCKUP-768x433.jpg 768w, https:\/\/gr1993records.com\/wp-content\/uploads\/2025\/10\/GR_188_TorokAdam_VMini_Vissza_Vancouverbe_CD_MOCKUP-1536x866.jpg 1536w, https:\/\/gr1993records.com\/wp-content\/uploads\/2025\/10\/GR_188_TorokAdam_VMini_Vissza_Vancouverbe_CD_MOCKUP-1568x884.jpg 1568w, https:\/\/gr1993records.com\/wp-content\/uploads\/2025\/10\/GR_188_TorokAdam_VMini_Vissza_Vancouverbe_CD_MOCKUP-600x338.jpg 600w\" sizes=\"auto, (max-width: 2000px) 100vw, 2000px\" \/><\/strong><\/p>\n<p style=\"font-weight: 400;\"><strong>T\u00f6r\u00f6k \u00c1d\u00e1m \u201eGyugy\u00f3\u201d <\/strong>\u2013 \u00e9nek, fuvola, \u00fct\u0151hangszerek<br \/>\n<strong>Madari Mikl\u00f3s <\/strong>\u2013 zongora, szintetiz\u00e1tor<br \/>\n<strong>Nagy Feri \u201eAngel Jack\u201d <\/strong>\u2013 basszusgit\u00e1r<br \/>\n<strong>P\u00e1ndi Istv\u00e1n <\/strong>\u2013 elektromos dob<br \/>\n<strong>Madari P\u00e9ter <\/strong>\u2013 szaxofon (2)<\/p>\n<ol>\n<li><strong>Kolduskir\u00e1ly <\/strong>4:58<\/li>\n<li style=\"font-weight: 400;\"><strong>Blues d\u00e9lben <\/strong>4:23<\/li>\n<li style=\"font-weight: 400;\"><strong>Meghalt szerelem <\/strong>3:56<\/li>\n<li style=\"font-weight: 400;\"><strong>Kereszteslovag <\/strong>4:41<\/li>\n<li style=\"font-weight: 400;\"><strong>H\u00edv a pacal, v\u00e1r a m\u00e1j\u2026 <\/strong>6:01<\/li>\n<li style=\"font-weight: 400;\"><strong>Kell a bar\u00e1ts\u00e1g <\/strong>6:25<\/li>\n<li style=\"font-weight: 400;\"><strong>Fekete g\u00e9p <\/strong>5:33<\/li>\n<li style=\"font-weight: 400;\"><strong>Asztalhoz le\u00fcltem <\/strong>6:05<\/li>\n<li style=\"font-weight: 400;\"><strong>G\u0151zhaj\u00f3 <\/strong>5:01<\/li>\n<\/ol>\n<p><\/p>","protected":false},"excerpt":{"rendered":"<p>T\u00f6r\u00f6k \u00c1d\u00e1m eml\u00e9kezetes koncertje, melyet Vancouverben \u00e9l\u0151 magyar zen\u00e9szekkel r\u00f6gz\u00edtett. A felv\u00e9tel Kanad\u00e1ban, a Vancouveri Magyar H\u00e1zban k\u00e9sz\u00fclt, 2014. november 1-\u00e9n. T\u00f6r\u00f6k \u00c1d\u00e1m \u201eGyugy\u00f3\u201d \u2013 \u00e9nek, fuvola, \u00fct\u0151hangszerek Madari Mikl\u00f3s \u2013 zongora, szintetiz\u00e1tor Nagy Feri \u201eAngel Jack\u201d \u2013 basszusgit\u00e1r P\u00e1ndi Istv\u00e1n \u2013 elektromos dob Madari P\u00e9ter \u2013 szaxofon (2) Kolduskir\u00e1ly 4:58 Blues d\u00e9lben 4:23 Meghalt [&hellip;]<\/p>\n","protected":false},"featured_media":7707,"template":"","meta":[],"product_brand":[],"product_cat":[92],"product_tag":[],"class_list":{"0":"post-7705","1":"product","2":"type-product","3":"status-publish","4":"has-post-thumbnail","6":"product_cat-cd","7":"yith_product_brand-torok-adam","8":"col-12 col-sm-6 col-md-4","10":"first","11":"instock","12":"shipping-taxable","13":"purchasable","14":"product-type-simple"},"yoast_head":"<!-- This site is optimized with the Yoast SEO plugin v27.3 - https:\/\/yoast.com\/product\/yoast-seo-wordpress\/ -->\n<title>T\u00f6r\u00f6k \u00c1d\u00e1m \u00e9s a V Mini Vissza Vancouverbe CD &#8211; GR1993 Records<\/title>\n<meta name=\"robots\" content=\"index, follow, max-snippet:-1, max-image-preview:large, max-video-preview:-1\" \/>\n<link rel=\"canonical\" href=\"https:\/\/gr1993records.com\/index.php\/product\/torok-adam-es-a-v-mini-vissza-vancouverbe-cd\/\" \/>\n<meta property=\"og:locale\" content=\"hu_HU\" \/>\n<meta property=\"og:type\" content=\"article\" \/>\n<meta property=\"og:title\" content=\"T\u00f6r\u00f6k \u00c1d\u00e1m \u00e9s a V Mini Vissza Vancouverbe CD &#8211; GR1993 Records\" \/>\n<meta property=\"og:description\" content=\"T\u00f6r\u00f6k \u00c1d\u00e1m eml\u00e9kezetes koncertje, melyet Vancouverben \u00e9l\u0151 magyar zen\u00e9szekkel r\u00f6gz\u00edtett. A felv\u00e9tel Kanad\u00e1ban, a Vancouveri Magyar H\u00e1zban k\u00e9sz\u00fclt, 2014. november 1-\u00e9n. T\u00f6r\u00f6k \u00c1d\u00e1m \u201eGyugy\u00f3\u201d \u2013 \u00e9nek, fuvola, \u00fct\u0151hangszerek Madari Mikl\u00f3s \u2013 zongora, szintetiz\u00e1tor Nagy Feri \u201eAngel Jack\u201d \u2013 basszusgit\u00e1r P\u00e1ndi Istv\u00e1n \u2013 elektromos dob Madari P\u00e9ter \u2013 szaxofon (2) Kolduskir\u00e1ly 4:58 Blues d\u00e9lben 4:23 Meghalt [&hellip;]\" \/>\n<meta property=\"og:url\" content=\"https:\/\/gr1993records.com\/index.php\/product\/torok-adam-es-a-v-mini-vissza-vancouverbe-cd\/\" \/>\n<meta property=\"og:site_name\" content=\"GR1993 Records\" \/>\n<meta property=\"article:publisher\" content=\"https:\/\/www.facebook.com\/GR1993Records-113564886691383\/\" \/>\n<meta property=\"article:modified_time\" content=\"2026-03-31T07:49:01+00:00\" \/>\n<meta property=\"og:image\" content=\"https:\/\/gr1993records.com\/wp-content\/uploads\/2025\/10\/GR_188_TorokAdam_VMini_Vissza_Vancouverbe_CD_MOCKUP.jpg\" \/>\n\t<meta property=\"og:image:width\" content=\"2000\" \/>\n\t<meta property=\"og:image:height\" content=\"1127\" \/>\n\t<meta property=\"og:image:type\" content=\"image\/jpeg\" \/>\n<meta name=\"twitter:card\" content=\"summary_large_image\" \/>\n<meta name=\"twitter:image\" content=\"https:\/\/gr1993records.com\/wp-content\/uploads\/2025\/10\/GR_188_TorokAdam_VMini_Vissza_Vancouverbe_CD_MOCKUP.jpg\" \/>\n<meta name=\"twitter:label1\" content=\"Becs\u00fclt olvas\u00e1si id\u0151\" \/>\n\t<meta name=\"twitter:data1\" content=\"1 perc\" \/>\n<script type=\"application\/ld+json\" class=\"yoast-schema-graph\">{\"@context\":\"https:\\\/\\\/schema.org\",\"@graph\":[{\"@type\":\"WebPage\",\"@id\":\"https:\\\/\\\/gr1993records.com\\\/index.php\\\/product\\\/torok-adam-es-a-v-mini-vissza-vancouverbe-cd\\\/\",\"url\":\"https:\\\/\\\/gr1993records.com\\\/index.php\\\/product\\\/torok-adam-es-a-v-mini-vissza-vancouverbe-cd\\\/\",\"name\":\"T\u00f6r\u00f6k \u00c1d\u00e1m \u00e9s a V Mini Vissza Vancouverbe CD &#8211; GR1993 Records\",\"isPartOf\":{\"@id\":\"https:\\\/\\\/gr1993records.com\\\/#website\"},\"primaryImageOfPage\":{\"@id\":\"https:\\\/\\\/gr1993records.com\\\/index.php\\\/product\\\/torok-adam-es-a-v-mini-vissza-vancouverbe-cd\\\/#primaryimage\"},\"image\":{\"@id\":\"https:\\\/\\\/gr1993records.com\\\/index.php\\\/product\\\/torok-adam-es-a-v-mini-vissza-vancouverbe-cd\\\/#primaryimage\"},\"thumbnailUrl\":\"https:\\\/\\\/gr1993records.com\\\/wp-content\\\/uploads\\\/2025\\\/10\\\/GR_188_TorokAdam_VMini_Vissza_Vancouverbe_CD_FRONT.jpg\",\"datePublished\":\"2025-10-30T10:30:35+00:00\",\"dateModified\":\"2026-03-31T07:49:01+00:00\",\"breadcrumb\":{\"@id\":\"https:\\\/\\\/gr1993records.com\\\/index.php\\\/product\\\/torok-adam-es-a-v-mini-vissza-vancouverbe-cd\\\/#breadcrumb\"},\"inLanguage\":\"hu\",\"potentialAction\":[{\"@type\":\"ReadAction\",\"target\":[\"https:\\\/\\\/gr1993records.com\\\/index.php\\\/product\\\/torok-adam-es-a-v-mini-vissza-vancouverbe-cd\\\/\"]}]},{\"@type\":\"ImageObject\",\"inLanguage\":\"hu\",\"@id\":\"https:\\\/\\\/gr1993records.com\\\/index.php\\\/product\\\/torok-adam-es-a-v-mini-vissza-vancouverbe-cd\\\/#primaryimage\",\"url\":\"https:\\\/\\\/gr1993records.com\\\/wp-content\\\/uploads\\\/2025\\\/10\\\/GR_188_TorokAdam_VMini_Vissza_Vancouverbe_CD_FRONT.jpg\",\"contentUrl\":\"https:\\\/\\\/gr1993records.com\\\/wp-content\\\/uploads\\\/2025\\\/10\\\/GR_188_TorokAdam_VMini_Vissza_Vancouverbe_CD_FRONT.jpg\",\"width\":2000,\"height\":2000},{\"@type\":\"BreadcrumbList\",\"@id\":\"https:\\\/\\\/gr1993records.com\\\/index.php\\\/product\\\/torok-adam-es-a-v-mini-vissza-vancouverbe-cd\\\/#breadcrumb\",\"itemListElement\":[{\"@type\":\"ListItem\",\"position\":1,\"name\":\"Home\",\"item\":\"https:\\\/\\\/gr1993records.com\\\/\"},{\"@type\":\"ListItem\",\"position\":2,\"name\":\"Kiadv\u00e1nyok\",\"item\":\"https:\\\/\\\/gr1993records.com\\\/index.php\\\/shop\\\/\"},{\"@type\":\"ListItem\",\"position\":3,\"name\":\"T\u00f6r\u00f6k \u00c1d\u00e1m \u00e9s a V Mini Vissza Vancouverbe CD\"}]},{\"@type\":\"WebSite\",\"@id\":\"https:\\\/\\\/gr1993records.com\\\/#website\",\"url\":\"https:\\\/\\\/gr1993records.com\\\/\",\"name\":\"GR1993 Records\",\"description\":\"\",\"publisher\":{\"@id\":\"https:\\\/\\\/gr1993records.com\\\/#organization\"},\"potentialAction\":[{\"@type\":\"SearchAction\",\"target\":{\"@type\":\"EntryPoint\",\"urlTemplate\":\"https:\\\/\\\/gr1993records.com\\\/?s={search_term_string}\"},\"query-input\":{\"@type\":\"PropertyValueSpecification\",\"valueRequired\":true,\"valueName\":\"search_term_string\"}}],\"inLanguage\":\"hu\"},{\"@type\":\"Organization\",\"@id\":\"https:\\\/\\\/gr1993records.com\\\/#organization\",\"name\":\"Gramy-H Ltd.\",\"url\":\"https:\\\/\\\/gr1993records.com\\\/\",\"logo\":{\"@type\":\"ImageObject\",\"inLanguage\":\"hu\",\"@id\":\"https:\\\/\\\/gr1993records.com\\\/#\\\/schema\\\/logo\\\/image\\\/\",\"url\":\"https:\\\/\\\/gr1993records.com\\\/wp-content\\\/uploads\\\/2019\\\/08\\\/GR1993_Records_logo_CC.png\",\"contentUrl\":\"https:\\\/\\\/gr1993records.com\\\/wp-content\\\/uploads\\\/2019\\\/08\\\/GR1993_Records_logo_CC.png\",\"width\":2900,\"height\":2001,\"caption\":\"Gramy-H Ltd.\"},\"image\":{\"@id\":\"https:\\\/\\\/gr1993records.com\\\/#\\\/schema\\\/logo\\\/image\\\/\"},\"sameAs\":[\"https:\\\/\\\/www.facebook.com\\\/GR1993Records-113564886691383\\\/\"]}]}<\/script>\n<!-- \/ Yoast SEO plugin. -->","yoast_head_json":{"title":"T\u00f6r\u00f6k \u00c1d\u00e1m \u00e9s a V Mini Vissza Vancouverbe CD &#8211; GR1993 Records","robots":{"index":"index","follow":"follow","max-snippet":"max-snippet:-1","max-image-preview":"max-image-preview:large","max-video-preview":"max-video-preview:-1"},"canonical":"https:\/\/gr1993records.com\/index.php\/product\/torok-adam-es-a-v-mini-vissza-vancouverbe-cd\/","og_locale":"hu_HU","og_type":"article","og_title":"T\u00f6r\u00f6k \u00c1d\u00e1m \u00e9s a V Mini Vissza Vancouverbe CD &#8211; GR1993 Records","og_description":"T\u00f6r\u00f6k \u00c1d\u00e1m eml\u00e9kezetes koncertje, melyet Vancouverben \u00e9l\u0151 magyar zen\u00e9szekkel r\u00f6gz\u00edtett. A felv\u00e9tel Kanad\u00e1ban, a Vancouveri Magyar H\u00e1zban k\u00e9sz\u00fclt, 2014. november 1-\u00e9n. T\u00f6r\u00f6k \u00c1d\u00e1m \u201eGyugy\u00f3\u201d \u2013 \u00e9nek, fuvola, \u00fct\u0151hangszerek Madari Mikl\u00f3s \u2013 zongora, szintetiz\u00e1tor Nagy Feri \u201eAngel Jack\u201d \u2013 basszusgit\u00e1r P\u00e1ndi Istv\u00e1n \u2013 elektromos dob Madari P\u00e9ter \u2013 szaxofon (2) Kolduskir\u00e1ly 4:58 Blues d\u00e9lben 4:23 Meghalt [&hellip;]","og_url":"https:\/\/gr1993records.com\/index.php\/product\/torok-adam-es-a-v-mini-vissza-vancouverbe-cd\/","og_site_name":"GR1993 Records","article_publisher":"https:\/\/www.facebook.com\/GR1993Records-113564886691383\/","article_modified_time":"2026-03-31T07:49:01+00:00","og_image":[{"width":2000,"height":1127,"url":"https:\/\/gr1993records.com\/wp-content\/uploads\/2025\/10\/GR_188_TorokAdam_VMini_Vissza_Vancouverbe_CD_MOCKUP.jpg","type":"image\/jpeg"}],"twitter_card":"summary_large_image","twitter_image":"https:\/\/gr1993records.com\/wp-content\/uploads\/2025\/10\/GR_188_TorokAdam_VMini_Vissza_Vancouverbe_CD_MOCKUP.jpg","twitter_misc":{"Becs\u00fclt olvas\u00e1si id\u0151":"1 perc"},"schema":{"@context":"https:\/\/schema.org","@graph":[{"@type":"WebPage","@id":"https:\/\/gr1993records.com\/index.php\/product\/torok-adam-es-a-v-mini-vissza-vancouverbe-cd\/","url":"https:\/\/gr1993records.com\/index.php\/product\/torok-adam-es-a-v-mini-vissza-vancouverbe-cd\/","name":"T\u00f6r\u00f6k \u00c1d\u00e1m \u00e9s a V Mini Vissza Vancouverbe CD &#8211; GR1993 Records","isPartOf":{"@id":"https:\/\/gr1993records.com\/#website"},"primaryImageOfPage":{"@id":"https:\/\/gr1993records.com\/index.php\/product\/torok-adam-es-a-v-mini-vissza-vancouverbe-cd\/#primaryimage"},"image":{"@id":"https:\/\/gr1993records.com\/index.php\/product\/torok-adam-es-a-v-mini-vissza-vancouverbe-cd\/#primaryimage"},"thumbnailUrl":"https:\/\/gr1993records.com\/wp-content\/uploads\/2025\/10\/GR_188_TorokAdam_VMini_Vissza_Vancouverbe_CD_FRONT.jpg","datePublished":"2025-10-30T10:30:35+00:00","dateModified":"2026-03-31T07:49:01+00:00","breadcrumb":{"@id":"https:\/\/gr1993records.com\/index.php\/product\/torok-adam-es-a-v-mini-vissza-vancouverbe-cd\/#breadcrumb"},"inLanguage":"hu","potentialAction":[{"@type":"ReadAction","target":["https:\/\/gr1993records.com\/index.php\/product\/torok-adam-es-a-v-mini-vissza-vancouverbe-cd\/"]}]},{"@type":"ImageObject","inLanguage":"hu","@id":"https:\/\/gr1993records.com\/index.php\/product\/torok-adam-es-a-v-mini-vissza-vancouverbe-cd\/#primaryimage","url":"https:\/\/gr1993records.com\/wp-content\/uploads\/2025\/10\/GR_188_TorokAdam_VMini_Vissza_Vancouverbe_CD_FRONT.jpg","contentUrl":"https:\/\/gr1993records.com\/wp-content\/uploads\/2025\/10\/GR_188_TorokAdam_VMini_Vissza_Vancouverbe_CD_FRONT.jpg","width":2000,"height":2000},{"@type":"BreadcrumbList","@id":"https:\/\/gr1993records.com\/index.php\/product\/torok-adam-es-a-v-mini-vissza-vancouverbe-cd\/#breadcrumb","itemListElement":[{"@type":"ListItem","position":1,"name":"Home","item":"https:\/\/gr1993records.com\/"},{"@type":"ListItem","position":2,"name":"Kiadv\u00e1nyok","item":"https:\/\/gr1993records.com\/index.php\/shop\/"},{"@type":"ListItem","position":3,"name":"T\u00f6r\u00f6k \u00c1d\u00e1m \u00e9s a V Mini Vissza Vancouverbe CD"}]},{"@type":"WebSite","@id":"https:\/\/gr1993records.com\/#website","url":"https:\/\/gr1993records.com\/","name":"GR1993 Records","description":"","publisher":{"@id":"https:\/\/gr1993records.com\/#organization"},"potentialAction":[{"@type":"SearchAction","target":{"@type":"EntryPoint","urlTemplate":"https:\/\/gr1993records.com\/?s={search_term_string}"},"query-input":{"@type":"PropertyValueSpecification","valueRequired":true,"valueName":"search_term_string"}}],"inLanguage":"hu"},{"@type":"Organization","@id":"https:\/\/gr1993records.com\/#organization","name":"Gramy-H Ltd.","url":"https:\/\/gr1993records.com\/","logo":{"@type":"ImageObject","inLanguage":"hu","@id":"https:\/\/gr1993records.com\/#\/schema\/logo\/image\/","url":"https:\/\/gr1993records.com\/wp-content\/uploads\/2019\/08\/GR1993_Records_logo_CC.png","contentUrl":"https:\/\/gr1993records.com\/wp-content\/uploads\/2019\/08\/GR1993_Records_logo_CC.png","width":2900,"height":2001,"caption":"Gramy-H Ltd."},"image":{"@id":"https:\/\/gr1993records.com\/#\/schema\/logo\/image\/"},"sameAs":["https:\/\/www.facebook.com\/GR1993Records-113564886691383\/"]}]}},"jetpack_sharing_enabled":true,"_links":{"self":[{"href":"https:\/\/gr1993records.com\/index.php\/wp-json\/wp\/v2\/product\/7705","targetHints":{"allow":["GET"]}}],"collection":[{"href":"https:\/\/gr1993records.com\/index.php\/wp-json\/wp\/v2\/product"}],"about":[{"href":"https:\/\/gr1993records.com\/index.php\/wp-json\/wp\/v2\/types\/product"}],"wp:featuredmedia":[{"embeddable":true,"href":"https:\/\/gr1993records.com\/index.php\/wp-json\/wp\/v2\/media\/7707"}],"wp:attachment":[{"href":"https:\/\/gr1993records.com\/index.php\/wp-json\/wp\/v2\/media?parent=7705"}],"wp:term":[{"taxonomy":"product_brand","embeddable":true,"href":"https:\/\/gr1993records.com\/index.php\/wp-json\/wp\/v2\/product_brand?post=7705"},{"taxonomy":"product_cat","embeddable":true,"href":"https:\/\/gr1993records.com\/index.php\/wp-json\/wp\/v2\/product_cat?post=7705"},{"taxonomy":"product_tag","embeddable":true,"href":"https:\/\/gr1993records.com\/index.php\/wp-json\/wp\/v2\/product_tag?post=7705"}],"curies":[{"name":"wp","href":"https:\/\/api.w.org\/{rel}","templated":true}]}}