{"id":7684,"date":"2025-09-05T14:54:54","date_gmt":"2025-09-05T12:54:54","guid":{"rendered":"https:\/\/gr1993records.com\/?post_type=product&#038;p=7684"},"modified":"2026-04-02T13:33:10","modified_gmt":"2026-04-02T11:33:10","slug":"panta-rhei-50-3lp","status":"publish","type":"product","link":"https:\/\/gr1993records.com\/index.php\/product\/panta-rhei-50-3lp\/","title":{"rendered":"Panta Rhei <br>50 <br>3LP"},"content":{"rendered":"<p>A <strong>Panta Rhei:<\/strong> 50 3LP anyag\u00e1t 2022-ben Budapesten, a MOMkultban adott \u00e9letm\u0171 koncerten r\u00f6gz\u00edtett\u00e9k. Az albumon hallhat\u00f3ak az egy\u00fcttes p\u00e1lyafut\u00e1s\u00e1nak legfontosabb darabjai, a progressz\u00edv kompoz\u00edci\u00f3k, a Bart\u00f3k-, Muszorgszkij- \u00e9s m\u00e1s klasszikus feldolgoz\u00e1sok, a PR Computer legszebb dalai, valamint \u00c1cs Enik\u0151 versfeldolgoz\u00e1sai. A lemez hatodik oldala b\u00f3nusz \u00e9s igazi zenei csemege, az 1982-es klasszikus fel\u00e1ll\u00e1s\u00fa Panta Rhei utols\u00f3 fell\u00e9p\u00e9s\u00e9n r\u00f6gz\u00edtett h\u00e1rom szerzem\u00e9ny.<\/p>\n<h3><strong><img loading=\"lazy\" decoding=\"async\" class=\"aligncenter wp-image-7443 size-full\" src=\"https:\/\/gr1993records.com\/wp-content\/uploads\/2025\/03\/Panta_Rhei_50_3LP_Mock-up_v1_1.png\" alt=\"\" width=\"1972\" height=\"810\" srcset=\"https:\/\/gr1993records.com\/wp-content\/uploads\/2025\/03\/Panta_Rhei_50_3LP_Mock-up_v1_1.png 1972w, https:\/\/gr1993records.com\/wp-content\/uploads\/2025\/03\/Panta_Rhei_50_3LP_Mock-up_v1_1-300x123.png 300w, https:\/\/gr1993records.com\/wp-content\/uploads\/2025\/03\/Panta_Rhei_50_3LP_Mock-up_v1_1-1024x421.png 1024w, https:\/\/gr1993records.com\/wp-content\/uploads\/2025\/03\/Panta_Rhei_50_3LP_Mock-up_v1_1-768x315.png 768w, https:\/\/gr1993records.com\/wp-content\/uploads\/2025\/03\/Panta_Rhei_50_3LP_Mock-up_v1_1-1536x631.png 1536w, https:\/\/gr1993records.com\/wp-content\/uploads\/2025\/03\/Panta_Rhei_50_3LP_Mock-up_v1_1-1568x644.png 1568w, https:\/\/gr1993records.com\/wp-content\/uploads\/2025\/03\/Panta_Rhei_50_3LP_Mock-up_v1_1-600x246.png 600w\" sizes=\"auto, (max-width: 1972px) 100vw, 1972px\" \/><\/strong><\/h3>\n<h3><strong>Tracklista<\/strong><\/h3>\n<h4><strong>Side A<\/strong><\/h4>\n<p>1. Alfa Centauri<br \/>\n2. Stratus<br \/>\n3. Toccata<\/p>\n<h4><strong>Side B<\/strong><\/h4>\n<p>1. J\u00f3l Hangolt Computer \/ Well Tempered Computer<br \/>\n2. Gy\u00e9m\u00e1ntok \/ Diamonds<br \/>\n3. \u00d6regany\u00f3 \/ Frail Old Lady<br \/>\n4. Lid\u00e9rc \/ Will-O-The-Wisp<br \/>\n5. T\u00e9li Dal \/ Winter Song<br \/>\n6. Felem\u00e1s \u00d4szi \u00c9nek \/ Strange Autumn Lines<\/p>\n<h4><strong>Side C<\/strong><\/h4>\n<p>1. Paprikajancsi \/ Harlequin<br \/>\n2. Rom\u00e1n T\u00e1ncok \/ Romanian Dances<br \/>\n3. Andromeda<br \/>\n4. Mandarin<\/p>\n<h4><strong>Side D<\/strong><\/h4>\n<p>1. Kardt\u00e1nc \/ Sabre Dance<br \/>\n2. Lavina \/ Avalanche<br \/>\n3. A Kijevi Nagykapu \/ The Great Gate Of Kiev<\/p>\n<h4><strong>Side E<\/strong><\/h4>\n<p>1. Peer Gynt Szvit \/ Peer Gynt Suite<\/p>\n<h4><strong>Side F<\/strong><\/h4>\n<p>1982-es b\u00f3nusz felv\u00e9telek<br \/>\n1. Kvartok \/ Fourths<br \/>\n2. Napkit\u00f6r\u00e9s \/ Solar Flare<br \/>\n3. T\u00e1ncszvit \/ Dance Suite<\/p>\n<h4><strong>Panta Rhei (2022):<\/strong><\/h4>\n<p>\u00c1cs Enik\u0151 \u2013 \u00e9nek, akusztikus git\u00e1r<br \/>\nK\u00e1lm\u00e1n Andr\u00e1s \u2013 billenty\u0171s hangszerek<br \/>\nMilkovics M\u00e1ty\u00e1s \u2013 szintetiz\u00e1torok<br \/>\nSzalay Andr\u00e1s \u2013 basszusgit\u00e1r, akusztikus git\u00e1r, git\u00e1rszintetiz\u00e1tor, \u00e9nek<br \/>\nSzalay D\u00e1niel \u2013 dobok<br \/>\nSzalay S\u00e1ndor \u2013 git\u00e1r<\/p>\n<h4>Vend\u00e9gek:<\/h4>\n<p>Felkai Mikl\u00f3s \u2013 git\u00e1r (A2, B\/4,5, C\/4, D\/2)<br \/>\nRotunda \u00e9nekegy\u00fcttes (D\/3, E\/1)<\/p>\n<h4><strong>Panta Rhei (1982):<\/strong><\/h4>\n<p>B\u00e9ke Csaba \u2013 dob, \u00e9nek<br \/>\nMatolcsy K\u00e1lm\u00e1n \u2013 billenty\u0171s hangszerek<br \/>\nSzalay Andr\u00e1s \u2013 basszusgit\u00e1r, szintetiz\u00e1tor ped\u00e1l<\/p>","protected":false},"excerpt":{"rendered":"<h2><b><span lang=\"HU\">GR-180, 3LP<\/span><\/b><\/h2>\n","protected":false},"featured_media":7459,"template":"","meta":[],"product_brand":[],"product_cat":[91],"product_tag":[],"class_list":{"0":"post-7684","1":"product","2":"type-product","3":"status-publish","4":"has-post-thumbnail","6":"product_cat-lp","7":"yith_product_brand-panta-rhei","8":"col-12 col-sm-6 col-md-4","10":"first","11":"instock","12":"sale","13":"featured","14":"shipping-taxable","15":"purchasable","16":"product-type-simple"},"yoast_head":"<!-- This site is optimized with the Yoast SEO plugin v27.2 - https:\/\/yoast.com\/product\/yoast-seo-wordpress\/ -->\n<title>Panta Rhei 50 3LP &#8211; GR1993 Records<\/title>\n<meta name=\"robots\" content=\"index, follow, max-snippet:-1, max-image-preview:large, max-video-preview:-1\" \/>\n<link rel=\"canonical\" href=\"https:\/\/gr1993records.com\/index.php\/product\/panta-rhei-50-3lp\/\" \/>\n<meta property=\"og:locale\" content=\"hu_HU\" \/>\n<meta property=\"og:type\" content=\"article\" \/>\n<meta property=\"og:title\" content=\"Panta Rhei 50 3LP &#8211; GR1993 Records\" \/>\n<meta property=\"og:description\" content=\"GR-180, 3LP\" \/>\n<meta property=\"og:url\" content=\"https:\/\/gr1993records.com\/index.php\/product\/panta-rhei-50-3lp\/\" \/>\n<meta property=\"og:site_name\" content=\"GR1993 Records\" \/>\n<meta property=\"article:publisher\" content=\"https:\/\/www.facebook.com\/GR1993Records-113564886691383\/\" \/>\n<meta property=\"article:modified_time\" content=\"2026-04-02T11:33:10+00:00\" \/>\n<meta property=\"og:image\" content=\"https:\/\/gr1993records.com\/wp-content\/uploads\/2025\/03\/Panta_Rhei_50_3LP_FORNT_1-1024x1024.jpg\" \/>\n\t<meta property=\"og:image:width\" content=\"1024\" \/>\n\t<meta property=\"og:image:height\" content=\"1024\" \/>\n\t<meta property=\"og:image:type\" content=\"image\/jpeg\" \/>\n<meta name=\"twitter:card\" content=\"summary_large_image\" \/>\n<meta name=\"twitter:label1\" content=\"Becs\u00fclt olvas\u00e1si id\u0151\" \/>\n\t<meta name=\"twitter:data1\" content=\"2 perc\" \/>\n<script type=\"application\/ld+json\" class=\"yoast-schema-graph\">{\"@context\":\"https:\/\/schema.org\",\"@graph\":[{\"@type\":\"WebPage\",\"@id\":\"https:\/\/gr1993records.com\/index.php\/product\/panta-rhei-50-3lp\/\",\"url\":\"https:\/\/gr1993records.com\/index.php\/product\/panta-rhei-50-3lp\/\",\"name\":\"Panta Rhei 50 3LP &#8211; GR1993 Records\",\"isPartOf\":{\"@id\":\"https:\/\/gr1993records.com\/#website\"},\"primaryImageOfPage\":{\"@id\":\"https:\/\/gr1993records.com\/index.php\/product\/panta-rhei-50-3lp\/#primaryimage\"},\"image\":{\"@id\":\"https:\/\/gr1993records.com\/index.php\/product\/panta-rhei-50-3lp\/#primaryimage\"},\"thumbnailUrl\":\"https:\/\/gr1993records.com\/wp-content\/uploads\/2025\/03\/Panta_Rhei_50_3LP_FORNT_1.jpg\",\"datePublished\":\"2025-09-05T12:54:54+00:00\",\"dateModified\":\"2026-04-02T11:33:10+00:00\",\"breadcrumb\":{\"@id\":\"https:\/\/gr1993records.com\/index.php\/product\/panta-rhei-50-3lp\/#breadcrumb\"},\"inLanguage\":\"hu\",\"potentialAction\":[{\"@type\":\"ReadAction\",\"target\":[\"https:\/\/gr1993records.com\/index.php\/product\/panta-rhei-50-3lp\/\"]}]},{\"@type\":\"ImageObject\",\"inLanguage\":\"hu\",\"@id\":\"https:\/\/gr1993records.com\/index.php\/product\/panta-rhei-50-3lp\/#primaryimage\",\"url\":\"https:\/\/gr1993records.com\/wp-content\/uploads\/2025\/03\/Panta_Rhei_50_3LP_FORNT_1.jpg\",\"contentUrl\":\"https:\/\/gr1993records.com\/wp-content\/uploads\/2025\/03\/Panta_Rhei_50_3LP_FORNT_1.jpg\",\"width\":2000,\"height\":2000},{\"@type\":\"BreadcrumbList\",\"@id\":\"https:\/\/gr1993records.com\/index.php\/product\/panta-rhei-50-3lp\/#breadcrumb\",\"itemListElement\":[{\"@type\":\"ListItem\",\"position\":1,\"name\":\"Home\",\"item\":\"https:\/\/gr1993records.com\/\"},{\"@type\":\"ListItem\",\"position\":2,\"name\":\"Kiadv\u00e1nyok\",\"item\":\"https:\/\/gr1993records.com\/index.php\/shop\/\"},{\"@type\":\"ListItem\",\"position\":3,\"name\":\"Panta Rhei 50 3LP\"}]},{\"@type\":\"WebSite\",\"@id\":\"https:\/\/gr1993records.com\/#website\",\"url\":\"https:\/\/gr1993records.com\/\",\"name\":\"GR1993 Records\",\"description\":\"\",\"publisher\":{\"@id\":\"https:\/\/gr1993records.com\/#organization\"},\"potentialAction\":[{\"@type\":\"SearchAction\",\"target\":{\"@type\":\"EntryPoint\",\"urlTemplate\":\"https:\/\/gr1993records.com\/?s={search_term_string}\"},\"query-input\":{\"@type\":\"PropertyValueSpecification\",\"valueRequired\":true,\"valueName\":\"search_term_string\"}}],\"inLanguage\":\"hu\"},{\"@type\":\"Organization\",\"@id\":\"https:\/\/gr1993records.com\/#organization\",\"name\":\"Gramy-H Ltd.\",\"url\":\"https:\/\/gr1993records.com\/\",\"logo\":{\"@type\":\"ImageObject\",\"inLanguage\":\"hu\",\"@id\":\"https:\/\/gr1993records.com\/#\/schema\/logo\/image\/\",\"url\":\"https:\/\/gr1993records.com\/wp-content\/uploads\/2019\/08\/GR1993_Records_logo_CC.png\",\"contentUrl\":\"https:\/\/gr1993records.com\/wp-content\/uploads\/2019\/08\/GR1993_Records_logo_CC.png\",\"width\":2900,\"height\":2001,\"caption\":\"Gramy-H Ltd.\"},\"image\":{\"@id\":\"https:\/\/gr1993records.com\/#\/schema\/logo\/image\/\"},\"sameAs\":[\"https:\/\/www.facebook.com\/GR1993Records-113564886691383\/\"]}]}<\/script>\n<!-- \/ Yoast SEO plugin. -->","yoast_head_json":{"title":"Panta Rhei 50 3LP &#8211; GR1993 Records","robots":{"index":"index","follow":"follow","max-snippet":"max-snippet:-1","max-image-preview":"max-image-preview:large","max-video-preview":"max-video-preview:-1"},"canonical":"https:\/\/gr1993records.com\/index.php\/product\/panta-rhei-50-3lp\/","og_locale":"hu_HU","og_type":"article","og_title":"Panta Rhei 50 3LP &#8211; GR1993 Records","og_description":"GR-180, 3LP","og_url":"https:\/\/gr1993records.com\/index.php\/product\/panta-rhei-50-3lp\/","og_site_name":"GR1993 Records","article_publisher":"https:\/\/www.facebook.com\/GR1993Records-113564886691383\/","article_modified_time":"2026-04-02T11:33:10+00:00","og_image":[{"width":1024,"height":1024,"url":"https:\/\/gr1993records.com\/wp-content\/uploads\/2025\/03\/Panta_Rhei_50_3LP_FORNT_1-1024x1024.jpg","type":"image\/jpeg"}],"twitter_card":"summary_large_image","twitter_misc":{"Becs\u00fclt olvas\u00e1si id\u0151":"2 perc"},"schema":{"@context":"https:\/\/schema.org","@graph":[{"@type":"WebPage","@id":"https:\/\/gr1993records.com\/index.php\/product\/panta-rhei-50-3lp\/","url":"https:\/\/gr1993records.com\/index.php\/product\/panta-rhei-50-3lp\/","name":"Panta Rhei 50 3LP &#8211; GR1993 Records","isPartOf":{"@id":"https:\/\/gr1993records.com\/#website"},"primaryImageOfPage":{"@id":"https:\/\/gr1993records.com\/index.php\/product\/panta-rhei-50-3lp\/#primaryimage"},"image":{"@id":"https:\/\/gr1993records.com\/index.php\/product\/panta-rhei-50-3lp\/#primaryimage"},"thumbnailUrl":"https:\/\/gr1993records.com\/wp-content\/uploads\/2025\/03\/Panta_Rhei_50_3LP_FORNT_1.jpg","datePublished":"2025-09-05T12:54:54+00:00","dateModified":"2026-04-02T11:33:10+00:00","breadcrumb":{"@id":"https:\/\/gr1993records.com\/index.php\/product\/panta-rhei-50-3lp\/#breadcrumb"},"inLanguage":"hu","potentialAction":[{"@type":"ReadAction","target":["https:\/\/gr1993records.com\/index.php\/product\/panta-rhei-50-3lp\/"]}]},{"@type":"ImageObject","inLanguage":"hu","@id":"https:\/\/gr1993records.com\/index.php\/product\/panta-rhei-50-3lp\/#primaryimage","url":"https:\/\/gr1993records.com\/wp-content\/uploads\/2025\/03\/Panta_Rhei_50_3LP_FORNT_1.jpg","contentUrl":"https:\/\/gr1993records.com\/wp-content\/uploads\/2025\/03\/Panta_Rhei_50_3LP_FORNT_1.jpg","width":2000,"height":2000},{"@type":"BreadcrumbList","@id":"https:\/\/gr1993records.com\/index.php\/product\/panta-rhei-50-3lp\/#breadcrumb","itemListElement":[{"@type":"ListItem","position":1,"name":"Home","item":"https:\/\/gr1993records.com\/"},{"@type":"ListItem","position":2,"name":"Kiadv\u00e1nyok","item":"https:\/\/gr1993records.com\/index.php\/shop\/"},{"@type":"ListItem","position":3,"name":"Panta Rhei 50 3LP"}]},{"@type":"WebSite","@id":"https:\/\/gr1993records.com\/#website","url":"https:\/\/gr1993records.com\/","name":"GR1993 Records","description":"","publisher":{"@id":"https:\/\/gr1993records.com\/#organization"},"potentialAction":[{"@type":"SearchAction","target":{"@type":"EntryPoint","urlTemplate":"https:\/\/gr1993records.com\/?s={search_term_string}"},"query-input":{"@type":"PropertyValueSpecification","valueRequired":true,"valueName":"search_term_string"}}],"inLanguage":"hu"},{"@type":"Organization","@id":"https:\/\/gr1993records.com\/#organization","name":"Gramy-H Ltd.","url":"https:\/\/gr1993records.com\/","logo":{"@type":"ImageObject","inLanguage":"hu","@id":"https:\/\/gr1993records.com\/#\/schema\/logo\/image\/","url":"https:\/\/gr1993records.com\/wp-content\/uploads\/2019\/08\/GR1993_Records_logo_CC.png","contentUrl":"https:\/\/gr1993records.com\/wp-content\/uploads\/2019\/08\/GR1993_Records_logo_CC.png","width":2900,"height":2001,"caption":"Gramy-H Ltd."},"image":{"@id":"https:\/\/gr1993records.com\/#\/schema\/logo\/image\/"},"sameAs":["https:\/\/www.facebook.com\/GR1993Records-113564886691383\/"]}]}},"jetpack_sharing_enabled":true,"_links":{"self":[{"href":"https:\/\/gr1993records.com\/index.php\/wp-json\/wp\/v2\/product\/7684","targetHints":{"allow":["GET"]}}],"collection":[{"href":"https:\/\/gr1993records.com\/index.php\/wp-json\/wp\/v2\/product"}],"about":[{"href":"https:\/\/gr1993records.com\/index.php\/wp-json\/wp\/v2\/types\/product"}],"wp:featuredmedia":[{"embeddable":true,"href":"https:\/\/gr1993records.com\/index.php\/wp-json\/wp\/v2\/media\/7459"}],"wp:attachment":[{"href":"https:\/\/gr1993records.com\/index.php\/wp-json\/wp\/v2\/media?parent=7684"}],"wp:term":[{"taxonomy":"product_brand","embeddable":true,"href":"https:\/\/gr1993records.com\/index.php\/wp-json\/wp\/v2\/product_brand?post=7684"},{"taxonomy":"product_cat","embeddable":true,"href":"https:\/\/gr1993records.com\/index.php\/wp-json\/wp\/v2\/product_cat?post=7684"},{"taxonomy":"product_tag","embeddable":true,"href":"https:\/\/gr1993records.com\/index.php\/wp-json\/wp\/v2\/product_tag?post=7684"}],"curies":[{"name":"wp","href":"https:\/\/api.w.org\/{rel}","templated":true}]}}