{"id":7677,"date":"2025-09-01T15:09:26","date_gmt":"2025-09-01T13:09:26","guid":{"rendered":"https:\/\/gr1993records.com\/?post_type=product&#038;p=7677"},"modified":"2026-04-02T13:33:32","modified_gmt":"2026-04-02T11:33:32","slug":"panta-rhei-echoes-of-the-past-cd","status":"publish","type":"product","link":"https:\/\/gr1993records.com\/index.php\/product\/panta-rhei-echoes-of-the-past-cd\/","title":{"rendered":"Panta Rhei <br>Echoes Of The Past <br>CD"},"content":{"rendered":"<p>A <b>Panta Rhei: Echoes Of The Past CD<\/b>-je k\u00fcl\u00f6nleges zeneanyag, mivel a felv\u00e9teleket m\u00e9g a 90-es \u00e9vek v\u00e9g\u00e9n kezdt\u00e9k meg a zenekar eredeti tagjai: B\u00e9ke Csaba, Matolcsy K\u00e1lm\u00e1n \u00e9s a Szalay fiv\u00e9rek. Matolcsy 2004-ben bek\u00f6vetkezett hal\u00e1la miatt a munk\u00e1latokat abbahagyt\u00e1k, de p\u00e1r \u00e9vvel ezel\u0151tt elhat\u00e1rozt\u00e1k, hogy befejezik ezt a lemezt. Ennek megval\u00f3s\u00edt\u00e1s\u00e1ban a zenekarhoz 2017-ben csatlakozott fiatal zen\u00e9szek is r\u00e9szt vettek. Egy korszakokon \u00e1t\u00edvel\u0151 hamis\u00edtatlan Panta Rhei lemezt kapnak a rajong\u00f3k.<\/p>\n<p><strong>B\u00e9ke Csaba<\/strong> \u2013 dobok<br \/>\n<strong>K\u00e1lm\u00e1n Matolcsy K\u00e1lm\u00e1n<\/strong> \u2013 billenty\u0171s hangszerek<br \/>\n<strong>Nagy J\u00f3zsef<\/strong> \u2013 fuvola<br \/>\n<strong>Szalay Andr\u00e1s<\/strong> \u2013 basszusgit\u00e1r<br \/>\n<strong>Szalay D\u00e1niel<\/strong> \u2013 dobok<br \/>\n<strong>Szalay S\u00e1ndor<\/strong> \u2013 git\u00e1r<br \/>\n<strong>Lipp\u00e9nyi G\u00e1bor<\/strong> \u2013 billenty\u0171s hangszerek (3,4,12)<\/p>\n<h3><strong>Tracklista<\/strong><\/h3>\n<p>1. Help Is On The Way<br \/>\n2. Don\u2019t Cry For Me<br \/>\n3. Dreamer<br \/>\n4. Wind On A Hill<br \/>\n5. Firefly<br \/>\n6. Echoes Of The Past<br \/>\n7. Black Mamba<br \/>\n8. Waltz In The Dark<br \/>\n9. Rainy Day<br \/>\n10. Pacifico<br \/>\n11. Smile<br \/>\n12. Smoky Blue<br \/>\n13. Fish Scale<\/p>","protected":false},"excerpt":{"rendered":"<h2><b><span lang=\"HU\">GR-181-2<\/span><\/b><\/h2>\n","protected":false},"featured_media":7678,"template":"","meta":[],"product_brand":[],"product_cat":[92],"product_tag":[],"class_list":{"0":"post-7677","1":"product","2":"type-product","3":"status-publish","4":"has-post-thumbnail","6":"product_cat-cd","7":"yith_product_brand-panta-rhei","8":"col-12 col-sm-6 col-md-4","10":"first","11":"instock","12":"sale","13":"featured","14":"shipping-taxable","15":"purchasable","16":"product-type-simple"},"yoast_head":"<!-- This site is optimized with the Yoast SEO plugin v27.2 - https:\/\/yoast.com\/product\/yoast-seo-wordpress\/ -->\n<title>Panta Rhei Echoes Of The Past CD &#8211; GR1993 Records<\/title>\n<meta name=\"robots\" content=\"index, follow, max-snippet:-1, max-image-preview:large, max-video-preview:-1\" \/>\n<link rel=\"canonical\" href=\"https:\/\/gr1993records.com\/index.php\/product\/panta-rhei-echoes-of-the-past-cd\/\" \/>\n<meta property=\"og:locale\" content=\"hu_HU\" \/>\n<meta property=\"og:type\" content=\"article\" \/>\n<meta property=\"og:title\" content=\"Panta Rhei Echoes Of The Past CD &#8211; GR1993 Records\" \/>\n<meta property=\"og:description\" content=\"GR-181-2\" \/>\n<meta property=\"og:url\" content=\"https:\/\/gr1993records.com\/index.php\/product\/panta-rhei-echoes-of-the-past-cd\/\" \/>\n<meta property=\"og:site_name\" content=\"GR1993 Records\" \/>\n<meta property=\"article:publisher\" content=\"https:\/\/www.facebook.com\/GR1993Records-113564886691383\/\" \/>\n<meta property=\"article:modified_time\" content=\"2026-04-02T11:33:32+00:00\" \/>\n<meta property=\"og:image\" content=\"https:\/\/gr1993records.com\/wp-content\/uploads\/2025\/09\/Panta_Rhei_Echoes_of_the_Past_CD_Mockup-1.jpg\" \/>\n\t<meta property=\"og:image:width\" content=\"2000\" \/>\n\t<meta property=\"og:image:height\" content=\"2000\" \/>\n\t<meta property=\"og:image:type\" content=\"image\/jpeg\" \/>\n<meta name=\"twitter:card\" content=\"summary_large_image\" \/>\n<meta name=\"twitter:image\" content=\"https:\/\/gr1993records.com\/wp-content\/uploads\/2025\/09\/Panta_Rhei_Echoes_of_the_Past_CD_Mockup-1.jpg\" \/>\n<meta name=\"twitter:label1\" content=\"Becs\u00fclt olvas\u00e1si id\u0151\" \/>\n\t<meta name=\"twitter:data1\" content=\"1 perc\" \/>\n<script type=\"application\/ld+json\" class=\"yoast-schema-graph\">{\"@context\":\"https:\/\/schema.org\",\"@graph\":[{\"@type\":\"WebPage\",\"@id\":\"https:\/\/gr1993records.com\/index.php\/product\/panta-rhei-echoes-of-the-past-cd\/\",\"url\":\"https:\/\/gr1993records.com\/index.php\/product\/panta-rhei-echoes-of-the-past-cd\/\",\"name\":\"Panta Rhei Echoes Of The Past CD &#8211; GR1993 Records\",\"isPartOf\":{\"@id\":\"https:\/\/gr1993records.com\/#website\"},\"primaryImageOfPage\":{\"@id\":\"https:\/\/gr1993records.com\/index.php\/product\/panta-rhei-echoes-of-the-past-cd\/#primaryimage\"},\"image\":{\"@id\":\"https:\/\/gr1993records.com\/index.php\/product\/panta-rhei-echoes-of-the-past-cd\/#primaryimage\"},\"thumbnailUrl\":\"https:\/\/gr1993records.com\/wp-content\/uploads\/2025\/09\/Panta_Rhei_Echoes_of_the_Past_CD_FRONT.jpg\",\"datePublished\":\"2025-09-01T13:09:26+00:00\",\"dateModified\":\"2026-04-02T11:33:32+00:00\",\"breadcrumb\":{\"@id\":\"https:\/\/gr1993records.com\/index.php\/product\/panta-rhei-echoes-of-the-past-cd\/#breadcrumb\"},\"inLanguage\":\"hu\",\"potentialAction\":[{\"@type\":\"ReadAction\",\"target\":[\"https:\/\/gr1993records.com\/index.php\/product\/panta-rhei-echoes-of-the-past-cd\/\"]}]},{\"@type\":\"ImageObject\",\"inLanguage\":\"hu\",\"@id\":\"https:\/\/gr1993records.com\/index.php\/product\/panta-rhei-echoes-of-the-past-cd\/#primaryimage\",\"url\":\"https:\/\/gr1993records.com\/wp-content\/uploads\/2025\/09\/Panta_Rhei_Echoes_of_the_Past_CD_FRONT.jpg\",\"contentUrl\":\"https:\/\/gr1993records.com\/wp-content\/uploads\/2025\/09\/Panta_Rhei_Echoes_of_the_Past_CD_FRONT.jpg\",\"width\":2000,\"height\":2000},{\"@type\":\"BreadcrumbList\",\"@id\":\"https:\/\/gr1993records.com\/index.php\/product\/panta-rhei-echoes-of-the-past-cd\/#breadcrumb\",\"itemListElement\":[{\"@type\":\"ListItem\",\"position\":1,\"name\":\"Home\",\"item\":\"https:\/\/gr1993records.com\/\"},{\"@type\":\"ListItem\",\"position\":2,\"name\":\"Kiadv\u00e1nyok\",\"item\":\"https:\/\/gr1993records.com\/index.php\/shop\/\"},{\"@type\":\"ListItem\",\"position\":3,\"name\":\"Panta Rhei Echoes Of The Past CD\"}]},{\"@type\":\"WebSite\",\"@id\":\"https:\/\/gr1993records.com\/#website\",\"url\":\"https:\/\/gr1993records.com\/\",\"name\":\"GR1993 Records\",\"description\":\"\",\"publisher\":{\"@id\":\"https:\/\/gr1993records.com\/#organization\"},\"potentialAction\":[{\"@type\":\"SearchAction\",\"target\":{\"@type\":\"EntryPoint\",\"urlTemplate\":\"https:\/\/gr1993records.com\/?s={search_term_string}\"},\"query-input\":{\"@type\":\"PropertyValueSpecification\",\"valueRequired\":true,\"valueName\":\"search_term_string\"}}],\"inLanguage\":\"hu\"},{\"@type\":\"Organization\",\"@id\":\"https:\/\/gr1993records.com\/#organization\",\"name\":\"Gramy-H Ltd.\",\"url\":\"https:\/\/gr1993records.com\/\",\"logo\":{\"@type\":\"ImageObject\",\"inLanguage\":\"hu\",\"@id\":\"https:\/\/gr1993records.com\/#\/schema\/logo\/image\/\",\"url\":\"https:\/\/gr1993records.com\/wp-content\/uploads\/2019\/08\/GR1993_Records_logo_CC.png\",\"contentUrl\":\"https:\/\/gr1993records.com\/wp-content\/uploads\/2019\/08\/GR1993_Records_logo_CC.png\",\"width\":2900,\"height\":2001,\"caption\":\"Gramy-H Ltd.\"},\"image\":{\"@id\":\"https:\/\/gr1993records.com\/#\/schema\/logo\/image\/\"},\"sameAs\":[\"https:\/\/www.facebook.com\/GR1993Records-113564886691383\/\"]}]}<\/script>\n<!-- \/ Yoast SEO plugin. -->","yoast_head_json":{"title":"Panta Rhei Echoes Of The Past CD &#8211; GR1993 Records","robots":{"index":"index","follow":"follow","max-snippet":"max-snippet:-1","max-image-preview":"max-image-preview:large","max-video-preview":"max-video-preview:-1"},"canonical":"https:\/\/gr1993records.com\/index.php\/product\/panta-rhei-echoes-of-the-past-cd\/","og_locale":"hu_HU","og_type":"article","og_title":"Panta Rhei Echoes Of The Past CD &#8211; GR1993 Records","og_description":"GR-181-2","og_url":"https:\/\/gr1993records.com\/index.php\/product\/panta-rhei-echoes-of-the-past-cd\/","og_site_name":"GR1993 Records","article_publisher":"https:\/\/www.facebook.com\/GR1993Records-113564886691383\/","article_modified_time":"2026-04-02T11:33:32+00:00","og_image":[{"width":2000,"height":2000,"url":"https:\/\/gr1993records.com\/wp-content\/uploads\/2025\/09\/Panta_Rhei_Echoes_of_the_Past_CD_Mockup-1.jpg","type":"image\/jpeg"}],"twitter_card":"summary_large_image","twitter_image":"https:\/\/gr1993records.com\/wp-content\/uploads\/2025\/09\/Panta_Rhei_Echoes_of_the_Past_CD_Mockup-1.jpg","twitter_misc":{"Becs\u00fclt olvas\u00e1si id\u0151":"1 perc"},"schema":{"@context":"https:\/\/schema.org","@graph":[{"@type":"WebPage","@id":"https:\/\/gr1993records.com\/index.php\/product\/panta-rhei-echoes-of-the-past-cd\/","url":"https:\/\/gr1993records.com\/index.php\/product\/panta-rhei-echoes-of-the-past-cd\/","name":"Panta Rhei Echoes Of The Past CD &#8211; GR1993 Records","isPartOf":{"@id":"https:\/\/gr1993records.com\/#website"},"primaryImageOfPage":{"@id":"https:\/\/gr1993records.com\/index.php\/product\/panta-rhei-echoes-of-the-past-cd\/#primaryimage"},"image":{"@id":"https:\/\/gr1993records.com\/index.php\/product\/panta-rhei-echoes-of-the-past-cd\/#primaryimage"},"thumbnailUrl":"https:\/\/gr1993records.com\/wp-content\/uploads\/2025\/09\/Panta_Rhei_Echoes_of_the_Past_CD_FRONT.jpg","datePublished":"2025-09-01T13:09:26+00:00","dateModified":"2026-04-02T11:33:32+00:00","breadcrumb":{"@id":"https:\/\/gr1993records.com\/index.php\/product\/panta-rhei-echoes-of-the-past-cd\/#breadcrumb"},"inLanguage":"hu","potentialAction":[{"@type":"ReadAction","target":["https:\/\/gr1993records.com\/index.php\/product\/panta-rhei-echoes-of-the-past-cd\/"]}]},{"@type":"ImageObject","inLanguage":"hu","@id":"https:\/\/gr1993records.com\/index.php\/product\/panta-rhei-echoes-of-the-past-cd\/#primaryimage","url":"https:\/\/gr1993records.com\/wp-content\/uploads\/2025\/09\/Panta_Rhei_Echoes_of_the_Past_CD_FRONT.jpg","contentUrl":"https:\/\/gr1993records.com\/wp-content\/uploads\/2025\/09\/Panta_Rhei_Echoes_of_the_Past_CD_FRONT.jpg","width":2000,"height":2000},{"@type":"BreadcrumbList","@id":"https:\/\/gr1993records.com\/index.php\/product\/panta-rhei-echoes-of-the-past-cd\/#breadcrumb","itemListElement":[{"@type":"ListItem","position":1,"name":"Home","item":"https:\/\/gr1993records.com\/"},{"@type":"ListItem","position":2,"name":"Kiadv\u00e1nyok","item":"https:\/\/gr1993records.com\/index.php\/shop\/"},{"@type":"ListItem","position":3,"name":"Panta Rhei Echoes Of The Past CD"}]},{"@type":"WebSite","@id":"https:\/\/gr1993records.com\/#website","url":"https:\/\/gr1993records.com\/","name":"GR1993 Records","description":"","publisher":{"@id":"https:\/\/gr1993records.com\/#organization"},"potentialAction":[{"@type":"SearchAction","target":{"@type":"EntryPoint","urlTemplate":"https:\/\/gr1993records.com\/?s={search_term_string}"},"query-input":{"@type":"PropertyValueSpecification","valueRequired":true,"valueName":"search_term_string"}}],"inLanguage":"hu"},{"@type":"Organization","@id":"https:\/\/gr1993records.com\/#organization","name":"Gramy-H Ltd.","url":"https:\/\/gr1993records.com\/","logo":{"@type":"ImageObject","inLanguage":"hu","@id":"https:\/\/gr1993records.com\/#\/schema\/logo\/image\/","url":"https:\/\/gr1993records.com\/wp-content\/uploads\/2019\/08\/GR1993_Records_logo_CC.png","contentUrl":"https:\/\/gr1993records.com\/wp-content\/uploads\/2019\/08\/GR1993_Records_logo_CC.png","width":2900,"height":2001,"caption":"Gramy-H Ltd."},"image":{"@id":"https:\/\/gr1993records.com\/#\/schema\/logo\/image\/"},"sameAs":["https:\/\/www.facebook.com\/GR1993Records-113564886691383\/"]}]}},"jetpack_sharing_enabled":true,"_links":{"self":[{"href":"https:\/\/gr1993records.com\/index.php\/wp-json\/wp\/v2\/product\/7677","targetHints":{"allow":["GET"]}}],"collection":[{"href":"https:\/\/gr1993records.com\/index.php\/wp-json\/wp\/v2\/product"}],"about":[{"href":"https:\/\/gr1993records.com\/index.php\/wp-json\/wp\/v2\/types\/product"}],"wp:featuredmedia":[{"embeddable":true,"href":"https:\/\/gr1993records.com\/index.php\/wp-json\/wp\/v2\/media\/7678"}],"wp:attachment":[{"href":"https:\/\/gr1993records.com\/index.php\/wp-json\/wp\/v2\/media?parent=7677"}],"wp:term":[{"taxonomy":"product_brand","embeddable":true,"href":"https:\/\/gr1993records.com\/index.php\/wp-json\/wp\/v2\/product_brand?post=7677"},{"taxonomy":"product_cat","embeddable":true,"href":"https:\/\/gr1993records.com\/index.php\/wp-json\/wp\/v2\/product_cat?post=7677"},{"taxonomy":"product_tag","embeddable":true,"href":"https:\/\/gr1993records.com\/index.php\/wp-json\/wp\/v2\/product_tag?post=7677"}],"curies":[{"name":"wp","href":"https:\/\/api.w.org\/{rel}","templated":true}]}}