{"id":7673,"date":"2025-09-01T14:47:53","date_gmt":"2025-09-01T12:47:53","guid":{"rendered":"https:\/\/gr1993records.com\/?post_type=product&#038;p=7673"},"modified":"2026-04-02T13:33:52","modified_gmt":"2026-04-02T11:33:52","slug":"djabe-the-magic-stag-in-debrecen-cd","status":"publish","type":"product","link":"https:\/\/gr1993records.com\/index.php\/product\/djabe-the-magic-stag-in-debrecen-cd\/","title":{"rendered":"Djabe <br>The Magic Stag In Debrecen <br>CD"},"content":{"rendered":"<p><\/p>\n<h2><strong>A Csodaszarvas Debrecenben &#8211; \u00c9l\u0151!<\/strong><\/h2>\n<p>A Djabe: The Magic Stag In Debrecen CD hi\u00e1nyp\u00f3tl\u00f3, hiszen a 2021-es The Magic Stag album turn\u00e9j\u00e1r\u00f3l m\u00e9g nem jelent meg hanghordoz\u00f3. A most kiadott felv\u00e9tel a Debreceni Egyetem Liszt terem\u00e9ben 2021-ben r\u00f6gz\u00edtett koncert. K\u00e9t sz\u00e1m kiv\u00e9tel\u00e9vel a The Magic Stag album teljes anyaga elhangzik. Az eredeti st\u00fadi\u00f3 lemezen t\u00f6bb vend\u00e9gzen\u00e9sz is k\u00f6zrem\u0171k\u00f6d\u00f6tt. Muck Ferenc szaxofonon, Karvaly Tibor heged\u0171n, valamint Szab\u00f3 L\u00e1szl\u00f3 szit\u00e1ron. A bemutat\u00f3 turn\u00e9n mindh\u00e1rman r\u00e9szt vettek, \u00edgy nem egy alkalommal nyolc zen\u00e9szt is l\u00e1thattunk, hallhatunk a sz\u00ednpadon.<\/p>\n<h3><strong>K\u00f6zrem\u0171k\u00f6d\u0151k<\/strong><\/h3>\n<p><strong>Barab\u00e1s Tam\u00e1s <\/strong>\u2013 basszusgit\u00e1r<br \/>\n<strong>\u00c9gerh\u00e1zi Attila<\/strong> \u2013 git\u00e1r, \u00fct\u0151hangszerek<br \/>\n<strong>Kasz\u00e1s P\u00e9ter<\/strong> \u2013 dobok, \u00e9nek<br \/>\n<strong>Ko\u00f3s-Hut\u00e1s \u00c1ron<\/strong> \u2013 trombita, sz\u00e1rnyk\u00fcrt<br \/>\n<strong>Nagy J\u00e1nos<\/strong> \u2013 billenty\u0171s hangszerek<br \/>\n<strong>Muck Ferenc<\/strong> \u2013 szaxofon, EWI<br \/>\n<strong>Szab\u00f3 L\u00e1szl\u00f3<\/strong> \u2013 szitar, git\u00e1r<br \/>\n<strong>Karvaly Tibor<\/strong> \u2013 elektromos heged\u0171<\/p>\n<h3><strong>Tracklista<\/strong><\/h3>\n<p>1. In Gyimes<br \/>\n2. Beginning Of Legends<br \/>\n3. The Magic Stag<br \/>\n4. Soaring Hills<br \/>\n5. Two Little Snowflakes<br \/>\n6. Power Of Wings<br \/>\n7. Uncertain Time<b><br \/>\n<\/b>8.<b> <\/b>In Memoriam Szapi<br \/>\n9. Lava Lamp<br \/>\n10. Rising Horizon<br \/>\n11. Far Away<br \/>\n12. Down By The Lakeside<\/p>","protected":false},"excerpt":{"rendered":"<h2><strong><span lang=\"HU\">GR-182-2<\/span><\/strong><\/h2>\n","protected":false},"featured_media":7674,"template":"","meta":[],"product_brand":[],"product_cat":[92],"product_tag":[],"class_list":{"0":"post-7673","1":"product","2":"type-product","3":"status-publish","4":"has-post-thumbnail","6":"product_cat-cd","7":"yith_product_brand-djabe","8":"col-12 col-sm-6 col-md-4","10":"first","11":"instock","12":"sale","13":"featured","14":"shipping-taxable","15":"purchasable","16":"product-type-simple"},"yoast_head":"<!-- This site is optimized with the Yoast SEO plugin v27.2 - https:\/\/yoast.com\/product\/yoast-seo-wordpress\/ -->\n<title>Djabe The Magic Stag In Debrecen CD &#8211; GR1993 Records<\/title>\n<meta name=\"robots\" content=\"index, follow, max-snippet:-1, max-image-preview:large, max-video-preview:-1\" \/>\n<link rel=\"canonical\" href=\"https:\/\/gr1993records.com\/index.php\/product\/djabe-the-magic-stag-in-debrecen-cd\/\" \/>\n<meta property=\"og:locale\" content=\"hu_HU\" \/>\n<meta property=\"og:type\" content=\"article\" \/>\n<meta property=\"og:title\" content=\"Djabe The Magic Stag In Debrecen CD &#8211; GR1993 Records\" \/>\n<meta property=\"og:description\" content=\"GR-182-2\" \/>\n<meta property=\"og:url\" content=\"https:\/\/gr1993records.com\/index.php\/product\/djabe-the-magic-stag-in-debrecen-cd\/\" \/>\n<meta property=\"og:site_name\" content=\"GR1993 Records\" \/>\n<meta property=\"article:publisher\" content=\"https:\/\/www.facebook.com\/GR1993Records-113564886691383\/\" \/>\n<meta property=\"article:modified_time\" content=\"2026-04-02T11:33:52+00:00\" \/>\n<meta property=\"og:image\" content=\"https:\/\/gr1993records.com\/wp-content\/uploads\/2025\/09\/Djabe_A_Csodaszarvas_Debrecenben_Live_CD_Mockup.jpg\" \/>\n\t<meta property=\"og:image:width\" content=\"2000\" \/>\n\t<meta property=\"og:image:height\" content=\"2000\" \/>\n\t<meta property=\"og:image:type\" content=\"image\/jpeg\" \/>\n<meta name=\"twitter:card\" content=\"summary_large_image\" \/>\n<meta name=\"twitter:image\" content=\"https:\/\/gr1993records.com\/wp-content\/uploads\/2025\/09\/Djabe_A_Csodaszarvas_Debrecenben_Live_CD_Mockup.jpg\" \/>\n<meta name=\"twitter:label1\" content=\"Becs\u00fclt olvas\u00e1si id\u0151\" \/>\n\t<meta name=\"twitter:data1\" content=\"2 perc\" \/>\n<script type=\"application\/ld+json\" class=\"yoast-schema-graph\">{\"@context\":\"https:\/\/schema.org\",\"@graph\":[{\"@type\":\"WebPage\",\"@id\":\"https:\/\/gr1993records.com\/index.php\/product\/djabe-the-magic-stag-in-debrecen-cd\/\",\"url\":\"https:\/\/gr1993records.com\/index.php\/product\/djabe-the-magic-stag-in-debrecen-cd\/\",\"name\":\"Djabe The Magic Stag In Debrecen CD &#8211; GR1993 Records\",\"isPartOf\":{\"@id\":\"https:\/\/gr1993records.com\/#website\"},\"primaryImageOfPage\":{\"@id\":\"https:\/\/gr1993records.com\/index.php\/product\/djabe-the-magic-stag-in-debrecen-cd\/#primaryimage\"},\"image\":{\"@id\":\"https:\/\/gr1993records.com\/index.php\/product\/djabe-the-magic-stag-in-debrecen-cd\/#primaryimage\"},\"thumbnailUrl\":\"https:\/\/gr1993records.com\/wp-content\/uploads\/2025\/09\/Djabe_A_Csodaszarvas_Debrecenben_Live_CD_FRONT.jpg\",\"datePublished\":\"2025-09-01T12:47:53+00:00\",\"dateModified\":\"2026-04-02T11:33:52+00:00\",\"breadcrumb\":{\"@id\":\"https:\/\/gr1993records.com\/index.php\/product\/djabe-the-magic-stag-in-debrecen-cd\/#breadcrumb\"},\"inLanguage\":\"hu\",\"potentialAction\":[{\"@type\":\"ReadAction\",\"target\":[\"https:\/\/gr1993records.com\/index.php\/product\/djabe-the-magic-stag-in-debrecen-cd\/\"]}]},{\"@type\":\"ImageObject\",\"inLanguage\":\"hu\",\"@id\":\"https:\/\/gr1993records.com\/index.php\/product\/djabe-the-magic-stag-in-debrecen-cd\/#primaryimage\",\"url\":\"https:\/\/gr1993records.com\/wp-content\/uploads\/2025\/09\/Djabe_A_Csodaszarvas_Debrecenben_Live_CD_FRONT.jpg\",\"contentUrl\":\"https:\/\/gr1993records.com\/wp-content\/uploads\/2025\/09\/Djabe_A_Csodaszarvas_Debrecenben_Live_CD_FRONT.jpg\",\"width\":2000,\"height\":2000},{\"@type\":\"BreadcrumbList\",\"@id\":\"https:\/\/gr1993records.com\/index.php\/product\/djabe-the-magic-stag-in-debrecen-cd\/#breadcrumb\",\"itemListElement\":[{\"@type\":\"ListItem\",\"position\":1,\"name\":\"Home\",\"item\":\"https:\/\/gr1993records.com\/\"},{\"@type\":\"ListItem\",\"position\":2,\"name\":\"Kiadv\u00e1nyok\",\"item\":\"https:\/\/gr1993records.com\/index.php\/shop\/\"},{\"@type\":\"ListItem\",\"position\":3,\"name\":\"Djabe The Magic Stag In Debrecen CD\"}]},{\"@type\":\"WebSite\",\"@id\":\"https:\/\/gr1993records.com\/#website\",\"url\":\"https:\/\/gr1993records.com\/\",\"name\":\"GR1993 Records\",\"description\":\"\",\"publisher\":{\"@id\":\"https:\/\/gr1993records.com\/#organization\"},\"potentialAction\":[{\"@type\":\"SearchAction\",\"target\":{\"@type\":\"EntryPoint\",\"urlTemplate\":\"https:\/\/gr1993records.com\/?s={search_term_string}\"},\"query-input\":{\"@type\":\"PropertyValueSpecification\",\"valueRequired\":true,\"valueName\":\"search_term_string\"}}],\"inLanguage\":\"hu\"},{\"@type\":\"Organization\",\"@id\":\"https:\/\/gr1993records.com\/#organization\",\"name\":\"Gramy-H Ltd.\",\"url\":\"https:\/\/gr1993records.com\/\",\"logo\":{\"@type\":\"ImageObject\",\"inLanguage\":\"hu\",\"@id\":\"https:\/\/gr1993records.com\/#\/schema\/logo\/image\/\",\"url\":\"https:\/\/gr1993records.com\/wp-content\/uploads\/2019\/08\/GR1993_Records_logo_CC.png\",\"contentUrl\":\"https:\/\/gr1993records.com\/wp-content\/uploads\/2019\/08\/GR1993_Records_logo_CC.png\",\"width\":2900,\"height\":2001,\"caption\":\"Gramy-H Ltd.\"},\"image\":{\"@id\":\"https:\/\/gr1993records.com\/#\/schema\/logo\/image\/\"},\"sameAs\":[\"https:\/\/www.facebook.com\/GR1993Records-113564886691383\/\"]}]}<\/script>\n<!-- \/ Yoast SEO plugin. -->","yoast_head_json":{"title":"Djabe The Magic Stag In Debrecen CD &#8211; GR1993 Records","robots":{"index":"index","follow":"follow","max-snippet":"max-snippet:-1","max-image-preview":"max-image-preview:large","max-video-preview":"max-video-preview:-1"},"canonical":"https:\/\/gr1993records.com\/index.php\/product\/djabe-the-magic-stag-in-debrecen-cd\/","og_locale":"hu_HU","og_type":"article","og_title":"Djabe The Magic Stag In Debrecen CD &#8211; GR1993 Records","og_description":"GR-182-2","og_url":"https:\/\/gr1993records.com\/index.php\/product\/djabe-the-magic-stag-in-debrecen-cd\/","og_site_name":"GR1993 Records","article_publisher":"https:\/\/www.facebook.com\/GR1993Records-113564886691383\/","article_modified_time":"2026-04-02T11:33:52+00:00","og_image":[{"width":2000,"height":2000,"url":"https:\/\/gr1993records.com\/wp-content\/uploads\/2025\/09\/Djabe_A_Csodaszarvas_Debrecenben_Live_CD_Mockup.jpg","type":"image\/jpeg"}],"twitter_card":"summary_large_image","twitter_image":"https:\/\/gr1993records.com\/wp-content\/uploads\/2025\/09\/Djabe_A_Csodaszarvas_Debrecenben_Live_CD_Mockup.jpg","twitter_misc":{"Becs\u00fclt olvas\u00e1si id\u0151":"2 perc"},"schema":{"@context":"https:\/\/schema.org","@graph":[{"@type":"WebPage","@id":"https:\/\/gr1993records.com\/index.php\/product\/djabe-the-magic-stag-in-debrecen-cd\/","url":"https:\/\/gr1993records.com\/index.php\/product\/djabe-the-magic-stag-in-debrecen-cd\/","name":"Djabe The Magic Stag In Debrecen CD &#8211; GR1993 Records","isPartOf":{"@id":"https:\/\/gr1993records.com\/#website"},"primaryImageOfPage":{"@id":"https:\/\/gr1993records.com\/index.php\/product\/djabe-the-magic-stag-in-debrecen-cd\/#primaryimage"},"image":{"@id":"https:\/\/gr1993records.com\/index.php\/product\/djabe-the-magic-stag-in-debrecen-cd\/#primaryimage"},"thumbnailUrl":"https:\/\/gr1993records.com\/wp-content\/uploads\/2025\/09\/Djabe_A_Csodaszarvas_Debrecenben_Live_CD_FRONT.jpg","datePublished":"2025-09-01T12:47:53+00:00","dateModified":"2026-04-02T11:33:52+00:00","breadcrumb":{"@id":"https:\/\/gr1993records.com\/index.php\/product\/djabe-the-magic-stag-in-debrecen-cd\/#breadcrumb"},"inLanguage":"hu","potentialAction":[{"@type":"ReadAction","target":["https:\/\/gr1993records.com\/index.php\/product\/djabe-the-magic-stag-in-debrecen-cd\/"]}]},{"@type":"ImageObject","inLanguage":"hu","@id":"https:\/\/gr1993records.com\/index.php\/product\/djabe-the-magic-stag-in-debrecen-cd\/#primaryimage","url":"https:\/\/gr1993records.com\/wp-content\/uploads\/2025\/09\/Djabe_A_Csodaszarvas_Debrecenben_Live_CD_FRONT.jpg","contentUrl":"https:\/\/gr1993records.com\/wp-content\/uploads\/2025\/09\/Djabe_A_Csodaszarvas_Debrecenben_Live_CD_FRONT.jpg","width":2000,"height":2000},{"@type":"BreadcrumbList","@id":"https:\/\/gr1993records.com\/index.php\/product\/djabe-the-magic-stag-in-debrecen-cd\/#breadcrumb","itemListElement":[{"@type":"ListItem","position":1,"name":"Home","item":"https:\/\/gr1993records.com\/"},{"@type":"ListItem","position":2,"name":"Kiadv\u00e1nyok","item":"https:\/\/gr1993records.com\/index.php\/shop\/"},{"@type":"ListItem","position":3,"name":"Djabe The Magic Stag In Debrecen CD"}]},{"@type":"WebSite","@id":"https:\/\/gr1993records.com\/#website","url":"https:\/\/gr1993records.com\/","name":"GR1993 Records","description":"","publisher":{"@id":"https:\/\/gr1993records.com\/#organization"},"potentialAction":[{"@type":"SearchAction","target":{"@type":"EntryPoint","urlTemplate":"https:\/\/gr1993records.com\/?s={search_term_string}"},"query-input":{"@type":"PropertyValueSpecification","valueRequired":true,"valueName":"search_term_string"}}],"inLanguage":"hu"},{"@type":"Organization","@id":"https:\/\/gr1993records.com\/#organization","name":"Gramy-H Ltd.","url":"https:\/\/gr1993records.com\/","logo":{"@type":"ImageObject","inLanguage":"hu","@id":"https:\/\/gr1993records.com\/#\/schema\/logo\/image\/","url":"https:\/\/gr1993records.com\/wp-content\/uploads\/2019\/08\/GR1993_Records_logo_CC.png","contentUrl":"https:\/\/gr1993records.com\/wp-content\/uploads\/2019\/08\/GR1993_Records_logo_CC.png","width":2900,"height":2001,"caption":"Gramy-H Ltd."},"image":{"@id":"https:\/\/gr1993records.com\/#\/schema\/logo\/image\/"},"sameAs":["https:\/\/www.facebook.com\/GR1993Records-113564886691383\/"]}]}},"jetpack_sharing_enabled":true,"_links":{"self":[{"href":"https:\/\/gr1993records.com\/index.php\/wp-json\/wp\/v2\/product\/7673","targetHints":{"allow":["GET"]}}],"collection":[{"href":"https:\/\/gr1993records.com\/index.php\/wp-json\/wp\/v2\/product"}],"about":[{"href":"https:\/\/gr1993records.com\/index.php\/wp-json\/wp\/v2\/types\/product"}],"wp:featuredmedia":[{"embeddable":true,"href":"https:\/\/gr1993records.com\/index.php\/wp-json\/wp\/v2\/media\/7674"}],"wp:attachment":[{"href":"https:\/\/gr1993records.com\/index.php\/wp-json\/wp\/v2\/media?parent=7673"}],"wp:term":[{"taxonomy":"product_brand","embeddable":true,"href":"https:\/\/gr1993records.com\/index.php\/wp-json\/wp\/v2\/product_brand?post=7673"},{"taxonomy":"product_cat","embeddable":true,"href":"https:\/\/gr1993records.com\/index.php\/wp-json\/wp\/v2\/product_cat?post=7673"},{"taxonomy":"product_tag","embeddable":true,"href":"https:\/\/gr1993records.com\/index.php\/wp-json\/wp\/v2\/product_tag?post=7673"}],"curies":[{"name":"wp","href":"https:\/\/api.w.org\/{rel}","templated":true}]}}