{"id":7665,"date":"2025-08-21T19:30:32","date_gmt":"2025-08-21T17:30:32","guid":{"rendered":"https:\/\/gr1993records.com\/?post_type=product&#038;p=7665"},"modified":"2026-03-31T09:54:14","modified_gmt":"2026-03-31T07:54:14","slug":"muck-eva-band-live-sessions-lp","status":"publish","type":"product","link":"https:\/\/gr1993records.com\/index.php\/product\/muck-eva-band-live-sessions-lp\/","title":{"rendered":"Muck \u00c9va Band <br>Live Sessions <br>LP"},"content":{"rendered":"<p><\/p>\n<p style=\"font-weight: 400;\"><img loading=\"lazy\" decoding=\"async\" class=\"aligncenter wp-image-7666 size-full\" src=\"https:\/\/gr1993records.com\/wp-content\/uploads\/2025\/08\/Muck_Eva_Band_Live_Sessions_GR_186_LP_Mock-up-scaled.jpg\" alt=\"\" width=\"2560\" height=\"1213\" srcset=\"https:\/\/gr1993records.com\/wp-content\/uploads\/2025\/08\/Muck_Eva_Band_Live_Sessions_GR_186_LP_Mock-up-scaled.jpg 2560w, https:\/\/gr1993records.com\/wp-content\/uploads\/2025\/08\/Muck_Eva_Band_Live_Sessions_GR_186_LP_Mock-up-300x142.jpg 300w, https:\/\/gr1993records.com\/wp-content\/uploads\/2025\/08\/Muck_Eva_Band_Live_Sessions_GR_186_LP_Mock-up-1024x485.jpg 1024w, https:\/\/gr1993records.com\/wp-content\/uploads\/2025\/08\/Muck_Eva_Band_Live_Sessions_GR_186_LP_Mock-up-768x364.jpg 768w, https:\/\/gr1993records.com\/wp-content\/uploads\/2025\/08\/Muck_Eva_Band_Live_Sessions_GR_186_LP_Mock-up-1536x728.jpg 1536w, https:\/\/gr1993records.com\/wp-content\/uploads\/2025\/08\/Muck_Eva_Band_Live_Sessions_GR_186_LP_Mock-up-2048x970.jpg 2048w, https:\/\/gr1993records.com\/wp-content\/uploads\/2025\/08\/Muck_Eva_Band_Live_Sessions_GR_186_LP_Mock-up-1568x743.jpg 1568w, https:\/\/gr1993records.com\/wp-content\/uploads\/2025\/08\/Muck_Eva_Band_Live_Sessions_GR_186_LP_Mock-up-600x284.jpg 600w\" sizes=\"auto, (max-width: 2560px) 100vw, 2560px\" \/>Muck \u00c9va tin\u00e9dzserk\u00e9nt v\u00e1ltott klasszikus zongor\u00e1r\u00f3l basszusgit\u00e1rra. K\u00fclf\u00f6ldi sz\u00ednh\u00e1zi \u00e9s hazai session projekteken t\u00fal 2015-ben megnyerte a \u201cQueen of Strings\u201d nev\u0171 nemzetk\u00f6zi versenyt basszusgit\u00e1r kateg\u00f3ri\u00e1ban. Az elismer\u00e9s ut\u00e1n elkezdett saj\u00e1t sz\u00e1mokat \u00edrni.<\/p>\n<p style=\"font-weight: 400;\">2022-ben h\u00e1rom r\u00e9szes live st\u00fadi\u00f3 sessionnel jelentkezett \u00c9va \u00e9s zenekara, amiben a nemzetk\u00f6zileg elismert Kasz\u00e1s P\u00e9ter dobol, M\u00e1rkosi Joci billenty\u0171zik \u00e9s Jasper Andor j\u00e1tszik szaxofonon \u00e9s EWI-n. 2023-ban megjelent I Moog You c\u00edm\u0171 klipj\u00e9be a vil\u00e1g tal\u00e1n legismertebb szintetiz\u00e1tora, a Minimoog Model D \u00e1ll, melyen M\u00e1rkosi Joci j\u00e1tszik.<br \/>\n2024-ben az Inferno \u00e9s a Golden Hour c\u00edm\u0171 dalt a Pluto Sky Lounge panor\u00e1m\u00e1s tet\u0151terasz\u00e1n j\u00e1tsszott\u00e1k el.<\/p>\n<p style=\"font-weight: 400;\">A Muck \u00c9va -Live Sessions vinyl ELP az eddig r\u00f6gz\u00edtett \u00f6sszes live session felv\u00e9telt tartalmazza. Az album bor\u00edt\u00f3ja M\u00e1rton Szilvia vizu\u00e1lis m\u0171v\u00e9sz \u00e9s Szatm\u00e1ri Csilla fest\u0151m\u0171v\u00e9sz egy\u00fcttm\u0171k\u00f6d\u00e9s\u00e9ben k\u00e9sz\u00fclt, ut\u00f3bbi festm\u00e9nye adta az inspir\u00e1ci\u00f3t a designhoz.<\/p>\n<h3 style=\"font-weight: 400;\"><strong>Tarcklista<\/strong><\/h3>\n<h4 style=\"font-weight: 400;\"><strong>\u00a0Side A | 45 RPM | 12:26<\/strong><\/h4>\n<ol>\n<li style=\"font-weight: 400;\">It\u2019s Miller Time<\/li>\n<li style=\"font-weight: 400;\">Bilbao<\/li>\n<li style=\"font-weight: 400;\">Mark King Style<\/li>\n<\/ol>\n<h4 style=\"font-weight: 400;\"><strong>Side B | 45 RPM | 12:06<\/strong><\/h4>\n<ol>\n<li style=\"font-weight: 400;\">Inferno<\/li>\n<li style=\"font-weight: 400;\">Golden Hour<\/li>\n<li style=\"font-weight: 400;\">I Moog You<\/li>\n<\/ol>\n<h3 style=\"font-weight: 400;\"><strong>K\u00f6zrem\u0171k\u00f6d\u0151k<\/strong><\/h3>\n<p style=\"font-weight: 400;\">Muck \u00c9va &#8211; Basszusgit\u00e1r<br \/>\nM\u00e1rkosi Joci \u2013 Billenty\u0171s hangszerek<br \/>\nAndor Jasper &#8211; Saxofon, EWI<br \/>\nP\u00e9ter Kasz\u00e1s &#8211; Dobok<\/p>\n<p>&nbsp;<\/p>","protected":false},"excerpt":{"rendered":"<h2><span lang=\"HU\">GR-186, 180 gr, black vinyl, 45 RPM<\/span><\/h2>\n","protected":false},"featured_media":7667,"template":"","meta":[],"product_brand":[],"product_cat":[91],"product_tag":[],"class_list":{"0":"post-7665","1":"product","2":"type-product","3":"status-publish","4":"has-post-thumbnail","6":"product_cat-lp","7":"yith_product_brand-muck-eva-band","8":"col-12 col-sm-6 col-md-4","10":"first","11":"instock","12":"sale","13":"featured","14":"shipping-taxable","15":"purchasable","16":"product-type-simple"},"yoast_head":"<!-- This site is optimized with the Yoast SEO plugin v27.2 - https:\/\/yoast.com\/product\/yoast-seo-wordpress\/ -->\n<title>Muck \u00c9va Band Live Sessions LP &#8211; GR1993 Records<\/title>\n<meta name=\"robots\" content=\"index, follow, max-snippet:-1, max-image-preview:large, max-video-preview:-1\" \/>\n<link rel=\"canonical\" href=\"https:\/\/gr1993records.com\/index.php\/product\/muck-eva-band-live-sessions-lp\/\" \/>\n<meta property=\"og:locale\" content=\"hu_HU\" \/>\n<meta property=\"og:type\" content=\"article\" \/>\n<meta property=\"og:title\" content=\"Muck \u00c9va Band Live Sessions LP &#8211; GR1993 Records\" \/>\n<meta property=\"og:description\" content=\"GR-186, 180 gr, black vinyl, 45 RPM\" \/>\n<meta property=\"og:url\" content=\"https:\/\/gr1993records.com\/index.php\/product\/muck-eva-band-live-sessions-lp\/\" \/>\n<meta property=\"og:site_name\" content=\"GR1993 Records\" \/>\n<meta property=\"article:publisher\" content=\"https:\/\/www.facebook.com\/GR1993Records-113564886691383\/\" \/>\n<meta property=\"article:modified_time\" content=\"2026-03-31T07:54:14+00:00\" \/>\n<meta property=\"og:image\" content=\"https:\/\/gr1993records.com\/wp-content\/uploads\/2025\/08\/Muck_Eva_Band_Live_Sessions_GR_186_LP_FRONT-1024x1024.jpg\" \/>\n\t<meta property=\"og:image:width\" content=\"1024\" \/>\n\t<meta property=\"og:image:height\" content=\"1024\" \/>\n\t<meta property=\"og:image:type\" content=\"image\/jpeg\" \/>\n<meta name=\"twitter:card\" content=\"summary_large_image\" \/>\n<meta name=\"twitter:label1\" content=\"Becs\u00fclt olvas\u00e1si id\u0151\" \/>\n\t<meta name=\"twitter:data1\" content=\"2 perc\" \/>\n<script type=\"application\/ld+json\" class=\"yoast-schema-graph\">{\"@context\":\"https:\/\/schema.org\",\"@graph\":[{\"@type\":\"WebPage\",\"@id\":\"https:\/\/gr1993records.com\/index.php\/product\/muck-eva-band-live-sessions-lp\/\",\"url\":\"https:\/\/gr1993records.com\/index.php\/product\/muck-eva-band-live-sessions-lp\/\",\"name\":\"Muck \u00c9va Band Live Sessions LP &#8211; GR1993 Records\",\"isPartOf\":{\"@id\":\"https:\/\/gr1993records.com\/#website\"},\"primaryImageOfPage\":{\"@id\":\"https:\/\/gr1993records.com\/index.php\/product\/muck-eva-band-live-sessions-lp\/#primaryimage\"},\"image\":{\"@id\":\"https:\/\/gr1993records.com\/index.php\/product\/muck-eva-band-live-sessions-lp\/#primaryimage\"},\"thumbnailUrl\":\"https:\/\/gr1993records.com\/wp-content\/uploads\/2025\/08\/Muck_Eva_Band_Live_Sessions_GR_186_LP_FRONT.jpg\",\"datePublished\":\"2025-08-21T17:30:32+00:00\",\"dateModified\":\"2026-03-31T07:54:14+00:00\",\"breadcrumb\":{\"@id\":\"https:\/\/gr1993records.com\/index.php\/product\/muck-eva-band-live-sessions-lp\/#breadcrumb\"},\"inLanguage\":\"hu\",\"potentialAction\":[{\"@type\":\"ReadAction\",\"target\":[\"https:\/\/gr1993records.com\/index.php\/product\/muck-eva-band-live-sessions-lp\/\"]}]},{\"@type\":\"ImageObject\",\"inLanguage\":\"hu\",\"@id\":\"https:\/\/gr1993records.com\/index.php\/product\/muck-eva-band-live-sessions-lp\/#primaryimage\",\"url\":\"https:\/\/gr1993records.com\/wp-content\/uploads\/2025\/08\/Muck_Eva_Band_Live_Sessions_GR_186_LP_FRONT.jpg\",\"contentUrl\":\"https:\/\/gr1993records.com\/wp-content\/uploads\/2025\/08\/Muck_Eva_Band_Live_Sessions_GR_186_LP_FRONT.jpg\",\"width\":2000,\"height\":2000},{\"@type\":\"BreadcrumbList\",\"@id\":\"https:\/\/gr1993records.com\/index.php\/product\/muck-eva-band-live-sessions-lp\/#breadcrumb\",\"itemListElement\":[{\"@type\":\"ListItem\",\"position\":1,\"name\":\"Home\",\"item\":\"https:\/\/gr1993records.com\/\"},{\"@type\":\"ListItem\",\"position\":2,\"name\":\"Kiadv\u00e1nyok\",\"item\":\"https:\/\/gr1993records.com\/index.php\/shop\/\"},{\"@type\":\"ListItem\",\"position\":3,\"name\":\"Muck \u00c9va Band Live Sessions LP\"}]},{\"@type\":\"WebSite\",\"@id\":\"https:\/\/gr1993records.com\/#website\",\"url\":\"https:\/\/gr1993records.com\/\",\"name\":\"GR1993 Records\",\"description\":\"\",\"publisher\":{\"@id\":\"https:\/\/gr1993records.com\/#organization\"},\"potentialAction\":[{\"@type\":\"SearchAction\",\"target\":{\"@type\":\"EntryPoint\",\"urlTemplate\":\"https:\/\/gr1993records.com\/?s={search_term_string}\"},\"query-input\":{\"@type\":\"PropertyValueSpecification\",\"valueRequired\":true,\"valueName\":\"search_term_string\"}}],\"inLanguage\":\"hu\"},{\"@type\":\"Organization\",\"@id\":\"https:\/\/gr1993records.com\/#organization\",\"name\":\"Gramy-H Ltd.\",\"url\":\"https:\/\/gr1993records.com\/\",\"logo\":{\"@type\":\"ImageObject\",\"inLanguage\":\"hu\",\"@id\":\"https:\/\/gr1993records.com\/#\/schema\/logo\/image\/\",\"url\":\"https:\/\/gr1993records.com\/wp-content\/uploads\/2019\/08\/GR1993_Records_logo_CC.png\",\"contentUrl\":\"https:\/\/gr1993records.com\/wp-content\/uploads\/2019\/08\/GR1993_Records_logo_CC.png\",\"width\":2900,\"height\":2001,\"caption\":\"Gramy-H Ltd.\"},\"image\":{\"@id\":\"https:\/\/gr1993records.com\/#\/schema\/logo\/image\/\"},\"sameAs\":[\"https:\/\/www.facebook.com\/GR1993Records-113564886691383\/\"]}]}<\/script>\n<!-- \/ Yoast SEO plugin. -->","yoast_head_json":{"title":"Muck \u00c9va Band Live Sessions LP &#8211; GR1993 Records","robots":{"index":"index","follow":"follow","max-snippet":"max-snippet:-1","max-image-preview":"max-image-preview:large","max-video-preview":"max-video-preview:-1"},"canonical":"https:\/\/gr1993records.com\/index.php\/product\/muck-eva-band-live-sessions-lp\/","og_locale":"hu_HU","og_type":"article","og_title":"Muck \u00c9va Band Live Sessions LP &#8211; GR1993 Records","og_description":"GR-186, 180 gr, black vinyl, 45 RPM","og_url":"https:\/\/gr1993records.com\/index.php\/product\/muck-eva-band-live-sessions-lp\/","og_site_name":"GR1993 Records","article_publisher":"https:\/\/www.facebook.com\/GR1993Records-113564886691383\/","article_modified_time":"2026-03-31T07:54:14+00:00","og_image":[{"width":1024,"height":1024,"url":"https:\/\/gr1993records.com\/wp-content\/uploads\/2025\/08\/Muck_Eva_Band_Live_Sessions_GR_186_LP_FRONT-1024x1024.jpg","type":"image\/jpeg"}],"twitter_card":"summary_large_image","twitter_misc":{"Becs\u00fclt olvas\u00e1si id\u0151":"2 perc"},"schema":{"@context":"https:\/\/schema.org","@graph":[{"@type":"WebPage","@id":"https:\/\/gr1993records.com\/index.php\/product\/muck-eva-band-live-sessions-lp\/","url":"https:\/\/gr1993records.com\/index.php\/product\/muck-eva-band-live-sessions-lp\/","name":"Muck \u00c9va Band Live Sessions LP &#8211; GR1993 Records","isPartOf":{"@id":"https:\/\/gr1993records.com\/#website"},"primaryImageOfPage":{"@id":"https:\/\/gr1993records.com\/index.php\/product\/muck-eva-band-live-sessions-lp\/#primaryimage"},"image":{"@id":"https:\/\/gr1993records.com\/index.php\/product\/muck-eva-band-live-sessions-lp\/#primaryimage"},"thumbnailUrl":"https:\/\/gr1993records.com\/wp-content\/uploads\/2025\/08\/Muck_Eva_Band_Live_Sessions_GR_186_LP_FRONT.jpg","datePublished":"2025-08-21T17:30:32+00:00","dateModified":"2026-03-31T07:54:14+00:00","breadcrumb":{"@id":"https:\/\/gr1993records.com\/index.php\/product\/muck-eva-band-live-sessions-lp\/#breadcrumb"},"inLanguage":"hu","potentialAction":[{"@type":"ReadAction","target":["https:\/\/gr1993records.com\/index.php\/product\/muck-eva-band-live-sessions-lp\/"]}]},{"@type":"ImageObject","inLanguage":"hu","@id":"https:\/\/gr1993records.com\/index.php\/product\/muck-eva-band-live-sessions-lp\/#primaryimage","url":"https:\/\/gr1993records.com\/wp-content\/uploads\/2025\/08\/Muck_Eva_Band_Live_Sessions_GR_186_LP_FRONT.jpg","contentUrl":"https:\/\/gr1993records.com\/wp-content\/uploads\/2025\/08\/Muck_Eva_Band_Live_Sessions_GR_186_LP_FRONT.jpg","width":2000,"height":2000},{"@type":"BreadcrumbList","@id":"https:\/\/gr1993records.com\/index.php\/product\/muck-eva-band-live-sessions-lp\/#breadcrumb","itemListElement":[{"@type":"ListItem","position":1,"name":"Home","item":"https:\/\/gr1993records.com\/"},{"@type":"ListItem","position":2,"name":"Kiadv\u00e1nyok","item":"https:\/\/gr1993records.com\/index.php\/shop\/"},{"@type":"ListItem","position":3,"name":"Muck \u00c9va Band Live Sessions LP"}]},{"@type":"WebSite","@id":"https:\/\/gr1993records.com\/#website","url":"https:\/\/gr1993records.com\/","name":"GR1993 Records","description":"","publisher":{"@id":"https:\/\/gr1993records.com\/#organization"},"potentialAction":[{"@type":"SearchAction","target":{"@type":"EntryPoint","urlTemplate":"https:\/\/gr1993records.com\/?s={search_term_string}"},"query-input":{"@type":"PropertyValueSpecification","valueRequired":true,"valueName":"search_term_string"}}],"inLanguage":"hu"},{"@type":"Organization","@id":"https:\/\/gr1993records.com\/#organization","name":"Gramy-H Ltd.","url":"https:\/\/gr1993records.com\/","logo":{"@type":"ImageObject","inLanguage":"hu","@id":"https:\/\/gr1993records.com\/#\/schema\/logo\/image\/","url":"https:\/\/gr1993records.com\/wp-content\/uploads\/2019\/08\/GR1993_Records_logo_CC.png","contentUrl":"https:\/\/gr1993records.com\/wp-content\/uploads\/2019\/08\/GR1993_Records_logo_CC.png","width":2900,"height":2001,"caption":"Gramy-H Ltd."},"image":{"@id":"https:\/\/gr1993records.com\/#\/schema\/logo\/image\/"},"sameAs":["https:\/\/www.facebook.com\/GR1993Records-113564886691383\/"]}]}},"jetpack_sharing_enabled":true,"_links":{"self":[{"href":"https:\/\/gr1993records.com\/index.php\/wp-json\/wp\/v2\/product\/7665","targetHints":{"allow":["GET"]}}],"collection":[{"href":"https:\/\/gr1993records.com\/index.php\/wp-json\/wp\/v2\/product"}],"about":[{"href":"https:\/\/gr1993records.com\/index.php\/wp-json\/wp\/v2\/types\/product"}],"wp:featuredmedia":[{"embeddable":true,"href":"https:\/\/gr1993records.com\/index.php\/wp-json\/wp\/v2\/media\/7667"}],"wp:attachment":[{"href":"https:\/\/gr1993records.com\/index.php\/wp-json\/wp\/v2\/media?parent=7665"}],"wp:term":[{"taxonomy":"product_brand","embeddable":true,"href":"https:\/\/gr1993records.com\/index.php\/wp-json\/wp\/v2\/product_brand?post=7665"},{"taxonomy":"product_cat","embeddable":true,"href":"https:\/\/gr1993records.com\/index.php\/wp-json\/wp\/v2\/product_cat?post=7665"},{"taxonomy":"product_tag","embeddable":true,"href":"https:\/\/gr1993records.com\/index.php\/wp-json\/wp\/v2\/product_tag?post=7665"}],"curies":[{"name":"wp","href":"https:\/\/api.w.org\/{rel}","templated":true}]}}