{"id":7646,"date":"2009-01-07T09:50:30","date_gmt":"2009-01-07T08:50:30","guid":{"rendered":"https:\/\/gr1993records.com\/?post_type=product&#038;p=7646"},"modified":"2026-03-31T12:09:02","modified_gmt":"2026-03-31T10:09:02","slug":"azur-blue-band-blue-diver-cd","status":"publish","type":"product","link":"https:\/\/gr1993records.com\/index.php\/product\/azur-blue-band-blue-diver-cd\/","title":{"rendered":"Azur Blue Band <br\/>Blue Diver <br\/>CD"},"content":{"rendered":"<p>[vc_row][vc_column][vc_column_text]<strong>Azur Blue Band<\/strong>, amely instrument\u00e1lis, f\u00fazi\u00f3s vil\u00e1gzen\u00e9t j\u00e1tszik, k\u00e9t magyar zen\u00e9sz \u2013 <strong>Veress G\u00e1bor Csaba<\/strong> (git\u00e1r, zeneszerz\u0151) \u00e9s <strong>Kert\u00e9sz \u00c1kos<\/strong> (billenty\u0171s hangszerek, \u00fct\u0151hangszerek, hangszerel\u0151) \u2013 k\u00f6z\u00f6s projektje. Els\u0151, bemutatkoz\u00f3 albumuk 2010-ben jelent meg, c\u00edme: <strong>Blue Diver<\/strong>. A zenekar nev\u00e9t \u00e9s a deb\u00fct\u00e1l\u00f3 album c\u00edm\u00e9t Luc Besson \u201cA nagy k\u00e9ks\u00e9g\u201d c\u00edm\u0171 filmje, valamint Szab\u00f3 G\u00e1bor, ismert magyar jazzgit\u00e1ros \u201cAzure Blue\u201d (1971) c\u00edm\u0171 lemeze inspir\u00e1lt\u00e1k.<\/p>\n<p>A Blue Diver album zenei hat\u00e1sai k\u00f6z\u00f6tt megtal\u00e1lhat\u00f3 az eur\u00f3pai progressz\u00edv rock \u00e9s jazz, a magyar n\u00e9pzene, valamint a keleti (orient\u00e1lis) zenei vil\u00e1g. Ezek az elemek tiszt\u00e1n sz\u00f3lnak, egys\u00e9ges st\u00edlus- \u00e9s hangz\u00e1svil\u00e1got alkotva. B\u00e1r \u00fagy t\u0171nik, hogy sz\u00e1mos k\u00fcl\u00f6nb\u00f6z\u0151 st\u00edlus jelenik meg az albumon, az el\u0151ad\u00f3k karakteres hangszeres j\u00e1t\u00e9ka, a kiegyens\u00falyozott hangz\u00e1s \u00e9s a kiv\u00e1l\u00f3 hangszerel\u00e9s \u00f6sszefon\u00f3dik, \u00e9s egys\u00e9gbe rendezi ezt a soksz\u00edn\u0171s\u00e9get.<\/p>\n<p>A c\u00edm szimbolikusan az \u00f6nismereti utaz\u00e1sra utal, amelynek alapvet\u0151 r\u00e9sze a kultur\u00e1lis hagyom\u00e1nyok ismerete, amelyek gondolkod\u00e1sunkat \u00e9s viselked\u00e9s\u00fcnket meghat\u00e1rozz\u00e1k. Innen indul, \u00e9s erre utal az album els\u0151 sz\u00e1ma is. A magyar kult\u00fara k\u00fcl\u00f6n\u00f6sen m\u00e9lyen gy\u00f6kerezik a keleti \u00f6r\u00f6ks\u00e9gben, valamint az ezer\u00e9ves nyugatosod\u00e1sban \u00e9s kifinomults\u00e1gban. Ez a kett\u0151ss\u00e9g egyszerre hordozhat ellentmond\u00e1st \u00e9s diszharm\u00f3ni\u00e1t, de nagym\u00e9rt\u00e9kben gazdag\u00edthatja is a kult\u00far\u00e1t. Az album els\u0151 sz\u00e1ma, a \u201cPuszta\u201d, egy olyan utaz\u00e1s, amely a t\u00e1voli Keletr\u0151l indul \u00e9s fokozatosan \u00e9rkezik meg, mik\u00f6zben a Nyugat hat\u00e1sai gazdag\u00edtj\u00e1k. Ez a kezd\u0151 t\u00e9ma mintegy szinopszisa az album gondolatis\u00e1g\u00e1nak.<\/p>\n<p>Ezut\u00e1n az \u00fat k\u00fcls\u0151 t\u00e1jakon (pl. Oriental Journey, Caravan Road) \u00e9s bels\u0151 vil\u00e1gokon (pl. Mirage, Deep Blue, Stream) kereszt\u00fcl vezet tov\u00e1bb, majd v\u00e9g\u00fcl egy fels\u0151bb dimenzi\u00f3ba emelkedik, ez a z\u00e1r\u00f3dal: \u201cOver the Mountains\u201d.<\/p>\n<p>Ahogy Kert\u00e9sz \u00c1kos fogalmaz:<\/p>\n<p>\u201cEbben az anyagban a l\u00e1tom\u00e1s keveredik a k\u00e9pzelettel \u2013 a le\u00edrhatatlan le\u00edr\u00e1sa&#8230; v\u00e9g\u00fcl pedig a zene a mindennapi val\u00f3s\u00e1g f\u00f6l\u00e9 emelkedik, \u00e9s egy csod\u00e1latos, &#8216;fels\u0151bb&#8217; vil\u00e1gba rep\u00edti a hallgat\u00f3t. Ez azon kev\u00e9s albumok egyike, amelyben \u2013 b\u00e1r akt\u00edvan r\u00e9szt vettem hangszerel\u0151k\u00e9nt, producerk\u00e9nt \u00e9s el\u0151ad\u00f3k\u00e9nt \u2013 m\u00e9gis \u00fagy tudok gy\u00f6ny\u00f6rk\u00f6dni, hogy minden egyes kompoz\u00edci\u00f3ban benne vagyok. Egy utaz\u00f3 vagyok, aki szimbi\u00f3zisban \u00e9l ezzel a soksz\u00edn\u0171, misztikus zenei vil\u00e1ggal.\u201d<\/p>\n<p>Az albumon nemcsak G\u00e1bor \u00e9s \u00c1kos j\u00e1tszik, hanem a magyar zenei \u00e9let sz\u00e1mos jeles k\u00e9pvisel\u0151je is hozz\u00e1j\u00e1rul. K\u00e9pes egyenesen kih\u00edv\u00e1st jelenteni a rajong\u00f3k sz\u00e1m\u00e1ra; azoknak, akik \u00e9rt\u00e9kelik azt a zen\u00e9t, amely egyszerre sz\u00f3l a l\u00e9lekhez \u00e9s a szellemhez; valamint a jazz- \u00e9s world music-rajong\u00f3k ig\u00e9nyes k\u00f6z\u00f6ns\u00e9g\u00e9nek is.[\/vc_column_text][vc_separator][\/vc_column][\/vc_row][vc_row][vc_column][vc_column_text]<\/p>\n<h3 style=\"text-align: center;\"><strong>Tracklista<\/strong><\/h3>\n<p>[\/vc_column_text][vc_column_text]<\/p>\n<ol start=\"1\" type=\"1\">\n<li style=\"text-align: center;\">Puszta 7:09<\/li>\n<li style=\"text-align: center;\">Mirage \/ K\u00e1pr\u00e1zat 5:01<\/li>\n<li style=\"text-align: center;\">May Day \/ Tavasz 4:09<\/li>\n<li style=\"text-align: center;\">Storm Signal \/ Viharjelz\u00e9s 4:57<\/li>\n<li style=\"text-align: center;\">Oriental Journey \/ Indiai utaz\u00e1s 5:28<\/li>\n<li style=\"text-align: center;\">Raindrops \/ Es\u0151cseppek 3:34<\/li>\n<li style=\"text-align: center;\">Caravan Road \/ Karav\u00e1n\u00fat 4:53<\/li>\n<li style=\"text-align: center;\">Deep Blue \/ Hull\u00e1mz\u00e1s 6:10<\/li>\n<li style=\"text-align: center;\">Rise of Day \/ Hajnal 5:56<\/li>\n<li style=\"text-align: center;\">Stream \/ Patak 5:01<\/li>\n<li style=\"text-align: center;\">Over the Hills \/ A hegyeken 3:46<\/li>\n<li style=\"text-align: center;\"><\/li>\n<\/ol>\n<p>[\/vc_column_text][\/vc_column][\/vc_row][vc_row][vc_column][vc_column_text]<\/p>\n<p style=\"text-align: center;\"><b>K\u00f6zrem\u0171k\u00f6d\u0151k:<\/b><\/p>\n<p style=\"text-align: center;\">Veress G\u00e1bor &#8211; git\u00e1r, fuvola<br \/>\nF\u00f6ldes G\u00e1bor &#8211; basszusgit\u00e1r<br \/>\nKert\u00e9sz \u00c1kos &#8211; dob, billenty\u0171s hangszerek<br \/>\nNikola Parov &#8211; kava<br \/>\nJeszenszky Istv\u00e1n &#8211; \u00e9nek, sarod<br \/>\nSzirtes Edina &#8211; heged\u0171<br \/>\nCserta Bal\u00e1zs &#8211; szaxofon<br \/>\nM\u00f3tyan Tibor &#8211; tabla<br \/>\nCzirj\u00e1k Zolt\u00e1n &#8211; sz\u00e1rnyk\u00fcrt<\/p>\n<p>[\/vc_column_text][\/vc_column][\/vc_row]<\/p>","protected":false},"excerpt":{"rendered":"<p>[vc_row][vc_column][vc_column_text]Azur Blue Band, amely instrument\u00e1lis, f\u00fazi\u00f3s vil\u00e1gzen\u00e9t j\u00e1tszik, k\u00e9t magyar zen\u00e9sz \u2013 Veress G\u00e1bor Csaba (git\u00e1r, zeneszerz\u0151) \u00e9s Kert\u00e9sz \u00c1kos (billenty\u0171s hangszerek, \u00fct\u0151hangszerek, hangszerel\u0151) \u2013 k\u00f6z\u00f6s projektje. Els\u0151, bemutatkoz\u00f3 albumuk 2010-ben jelent meg, c\u00edme: Blue Diver. A zenekar nev\u00e9t \u00e9s a deb\u00fct\u00e1l\u00f3 album c\u00edm\u00e9t Luc Besson \u201cA nagy k\u00e9ks\u00e9g\u201d c\u00edm\u0171 filmje, valamint Szab\u00f3 G\u00e1bor, ismert [&hellip;]<\/p>\n","protected":false},"featured_media":7647,"template":"","meta":[],"product_brand":[],"product_cat":[92],"product_tag":[],"class_list":{"0":"post-7646","1":"product","2":"type-product","3":"status-publish","4":"has-post-thumbnail","6":"product_cat-cd","7":"yith_product_brand-azur-blue-band","8":"col-12 col-sm-6 col-md-4","10":"first","11":"instock","12":"shipping-taxable","13":"purchasable","14":"product-type-simple"},"yoast_head":"<!-- This site is optimized with the Yoast SEO plugin v27.3 - https:\/\/yoast.com\/product\/yoast-seo-wordpress\/ -->\n<title>Azur Blue Band Blue Diver CD &#8211; GR1993 Records<\/title>\n<meta name=\"robots\" content=\"index, follow, max-snippet:-1, max-image-preview:large, max-video-preview:-1\" \/>\n<link rel=\"canonical\" href=\"https:\/\/gr1993records.com\/index.php\/product\/azur-blue-band-blue-diver-cd\/\" \/>\n<meta property=\"og:locale\" content=\"hu_HU\" \/>\n<meta property=\"og:type\" content=\"article\" \/>\n<meta property=\"og:title\" content=\"Azur Blue Band Blue Diver CD &#8211; GR1993 Records\" \/>\n<meta property=\"og:description\" content=\"[vc_row][vc_column][vc_column_text]Azur Blue Band, amely instrument\u00e1lis, f\u00fazi\u00f3s vil\u00e1gzen\u00e9t j\u00e1tszik, k\u00e9t magyar zen\u00e9sz \u2013 Veress G\u00e1bor Csaba (git\u00e1r, zeneszerz\u0151) \u00e9s Kert\u00e9sz \u00c1kos (billenty\u0171s hangszerek, \u00fct\u0151hangszerek, hangszerel\u0151) \u2013 k\u00f6z\u00f6s projektje. Els\u0151, bemutatkoz\u00f3 albumuk 2010-ben jelent meg, c\u00edme: Blue Diver. A zenekar nev\u00e9t \u00e9s a deb\u00fct\u00e1l\u00f3 album c\u00edm\u00e9t Luc Besson \u201cA nagy k\u00e9ks\u00e9g\u201d c\u00edm\u0171 filmje, valamint Szab\u00f3 G\u00e1bor, ismert [&hellip;]\" \/>\n<meta property=\"og:url\" content=\"https:\/\/gr1993records.com\/index.php\/product\/azur-blue-band-blue-diver-cd\/\" \/>\n<meta property=\"og:site_name\" content=\"GR1993 Records\" \/>\n<meta property=\"article:publisher\" content=\"https:\/\/www.facebook.com\/GR1993Records-113564886691383\/\" \/>\n<meta property=\"article:modified_time\" content=\"2026-03-31T10:09:02+00:00\" \/>\n<meta property=\"og:image\" content=\"https:\/\/gr1993records.com\/wp-content\/uploads\/2025\/07\/AzurBlueBand_BlueDiver_FRONT_1.jpg\" \/>\n\t<meta property=\"og:image:width\" content=\"2000\" \/>\n\t<meta property=\"og:image:height\" content=\"2000\" \/>\n\t<meta property=\"og:image:type\" content=\"image\/jpeg\" \/>\n<meta name=\"twitter:card\" content=\"summary_large_image\" \/>\n<meta name=\"twitter:image\" content=\"https:\/\/gr1993records.com\/wp-content\/uploads\/2025\/07\/AzurBlueBand_BlueDiver_FRONT_1.jpg\" \/>\n<meta name=\"twitter:label1\" content=\"Becs\u00fclt olvas\u00e1si id\u0151\" \/>\n\t<meta name=\"twitter:data1\" content=\"4 perc\" \/>\n<script type=\"application\/ld+json\" class=\"yoast-schema-graph\">{\"@context\":\"https:\\\/\\\/schema.org\",\"@graph\":[{\"@type\":\"WebPage\",\"@id\":\"https:\\\/\\\/gr1993records.com\\\/index.php\\\/product\\\/azur-blue-band-blue-diver-cd\\\/\",\"url\":\"https:\\\/\\\/gr1993records.com\\\/index.php\\\/product\\\/azur-blue-band-blue-diver-cd\\\/\",\"name\":\"Azur Blue Band Blue Diver CD &#8211; GR1993 Records\",\"isPartOf\":{\"@id\":\"https:\\\/\\\/gr1993records.com\\\/#website\"},\"primaryImageOfPage\":{\"@id\":\"https:\\\/\\\/gr1993records.com\\\/index.php\\\/product\\\/azur-blue-band-blue-diver-cd\\\/#primaryimage\"},\"image\":{\"@id\":\"https:\\\/\\\/gr1993records.com\\\/index.php\\\/product\\\/azur-blue-band-blue-diver-cd\\\/#primaryimage\"},\"thumbnailUrl\":\"https:\\\/\\\/gr1993records.com\\\/wp-content\\\/uploads\\\/2025\\\/07\\\/AzurBlueBand_BlueDiver_FRONT_1.jpg\",\"datePublished\":\"2009-01-07T08:50:30+00:00\",\"dateModified\":\"2026-03-31T10:09:02+00:00\",\"breadcrumb\":{\"@id\":\"https:\\\/\\\/gr1993records.com\\\/index.php\\\/product\\\/azur-blue-band-blue-diver-cd\\\/#breadcrumb\"},\"inLanguage\":\"hu\",\"potentialAction\":[{\"@type\":\"ReadAction\",\"target\":[\"https:\\\/\\\/gr1993records.com\\\/index.php\\\/product\\\/azur-blue-band-blue-diver-cd\\\/\"]}]},{\"@type\":\"ImageObject\",\"inLanguage\":\"hu\",\"@id\":\"https:\\\/\\\/gr1993records.com\\\/index.php\\\/product\\\/azur-blue-band-blue-diver-cd\\\/#primaryimage\",\"url\":\"https:\\\/\\\/gr1993records.com\\\/wp-content\\\/uploads\\\/2025\\\/07\\\/AzurBlueBand_BlueDiver_FRONT_1.jpg\",\"contentUrl\":\"https:\\\/\\\/gr1993records.com\\\/wp-content\\\/uploads\\\/2025\\\/07\\\/AzurBlueBand_BlueDiver_FRONT_1.jpg\",\"width\":2000,\"height\":2000},{\"@type\":\"BreadcrumbList\",\"@id\":\"https:\\\/\\\/gr1993records.com\\\/index.php\\\/product\\\/azur-blue-band-blue-diver-cd\\\/#breadcrumb\",\"itemListElement\":[{\"@type\":\"ListItem\",\"position\":1,\"name\":\"Home\",\"item\":\"https:\\\/\\\/gr1993records.com\\\/\"},{\"@type\":\"ListItem\",\"position\":2,\"name\":\"Kiadv\u00e1nyok\",\"item\":\"https:\\\/\\\/gr1993records.com\\\/index.php\\\/shop\\\/\"},{\"@type\":\"ListItem\",\"position\":3,\"name\":\"Azur Blue Band Blue Diver CD\"}]},{\"@type\":\"WebSite\",\"@id\":\"https:\\\/\\\/gr1993records.com\\\/#website\",\"url\":\"https:\\\/\\\/gr1993records.com\\\/\",\"name\":\"GR1993 Records\",\"description\":\"\",\"publisher\":{\"@id\":\"https:\\\/\\\/gr1993records.com\\\/#organization\"},\"potentialAction\":[{\"@type\":\"SearchAction\",\"target\":{\"@type\":\"EntryPoint\",\"urlTemplate\":\"https:\\\/\\\/gr1993records.com\\\/?s={search_term_string}\"},\"query-input\":{\"@type\":\"PropertyValueSpecification\",\"valueRequired\":true,\"valueName\":\"search_term_string\"}}],\"inLanguage\":\"hu\"},{\"@type\":\"Organization\",\"@id\":\"https:\\\/\\\/gr1993records.com\\\/#organization\",\"name\":\"Gramy-H Ltd.\",\"url\":\"https:\\\/\\\/gr1993records.com\\\/\",\"logo\":{\"@type\":\"ImageObject\",\"inLanguage\":\"hu\",\"@id\":\"https:\\\/\\\/gr1993records.com\\\/#\\\/schema\\\/logo\\\/image\\\/\",\"url\":\"https:\\\/\\\/gr1993records.com\\\/wp-content\\\/uploads\\\/2019\\\/08\\\/GR1993_Records_logo_CC.png\",\"contentUrl\":\"https:\\\/\\\/gr1993records.com\\\/wp-content\\\/uploads\\\/2019\\\/08\\\/GR1993_Records_logo_CC.png\",\"width\":2900,\"height\":2001,\"caption\":\"Gramy-H Ltd.\"},\"image\":{\"@id\":\"https:\\\/\\\/gr1993records.com\\\/#\\\/schema\\\/logo\\\/image\\\/\"},\"sameAs\":[\"https:\\\/\\\/www.facebook.com\\\/GR1993Records-113564886691383\\\/\"]}]}<\/script>\n<!-- \/ Yoast SEO plugin. -->","yoast_head_json":{"title":"Azur Blue Band Blue Diver CD &#8211; GR1993 Records","robots":{"index":"index","follow":"follow","max-snippet":"max-snippet:-1","max-image-preview":"max-image-preview:large","max-video-preview":"max-video-preview:-1"},"canonical":"https:\/\/gr1993records.com\/index.php\/product\/azur-blue-band-blue-diver-cd\/","og_locale":"hu_HU","og_type":"article","og_title":"Azur Blue Band Blue Diver CD &#8211; GR1993 Records","og_description":"[vc_row][vc_column][vc_column_text]Azur Blue Band, amely instrument\u00e1lis, f\u00fazi\u00f3s vil\u00e1gzen\u00e9t j\u00e1tszik, k\u00e9t magyar zen\u00e9sz \u2013 Veress G\u00e1bor Csaba (git\u00e1r, zeneszerz\u0151) \u00e9s Kert\u00e9sz \u00c1kos (billenty\u0171s hangszerek, \u00fct\u0151hangszerek, hangszerel\u0151) \u2013 k\u00f6z\u00f6s projektje. Els\u0151, bemutatkoz\u00f3 albumuk 2010-ben jelent meg, c\u00edme: Blue Diver. A zenekar nev\u00e9t \u00e9s a deb\u00fct\u00e1l\u00f3 album c\u00edm\u00e9t Luc Besson \u201cA nagy k\u00e9ks\u00e9g\u201d c\u00edm\u0171 filmje, valamint Szab\u00f3 G\u00e1bor, ismert [&hellip;]","og_url":"https:\/\/gr1993records.com\/index.php\/product\/azur-blue-band-blue-diver-cd\/","og_site_name":"GR1993 Records","article_publisher":"https:\/\/www.facebook.com\/GR1993Records-113564886691383\/","article_modified_time":"2026-03-31T10:09:02+00:00","og_image":[{"width":2000,"height":2000,"url":"https:\/\/gr1993records.com\/wp-content\/uploads\/2025\/07\/AzurBlueBand_BlueDiver_FRONT_1.jpg","type":"image\/jpeg"}],"twitter_card":"summary_large_image","twitter_image":"https:\/\/gr1993records.com\/wp-content\/uploads\/2025\/07\/AzurBlueBand_BlueDiver_FRONT_1.jpg","twitter_misc":{"Becs\u00fclt olvas\u00e1si id\u0151":"4 perc"},"schema":{"@context":"https:\/\/schema.org","@graph":[{"@type":"WebPage","@id":"https:\/\/gr1993records.com\/index.php\/product\/azur-blue-band-blue-diver-cd\/","url":"https:\/\/gr1993records.com\/index.php\/product\/azur-blue-band-blue-diver-cd\/","name":"Azur Blue Band Blue Diver CD &#8211; GR1993 Records","isPartOf":{"@id":"https:\/\/gr1993records.com\/#website"},"primaryImageOfPage":{"@id":"https:\/\/gr1993records.com\/index.php\/product\/azur-blue-band-blue-diver-cd\/#primaryimage"},"image":{"@id":"https:\/\/gr1993records.com\/index.php\/product\/azur-blue-band-blue-diver-cd\/#primaryimage"},"thumbnailUrl":"https:\/\/gr1993records.com\/wp-content\/uploads\/2025\/07\/AzurBlueBand_BlueDiver_FRONT_1.jpg","datePublished":"2009-01-07T08:50:30+00:00","dateModified":"2026-03-31T10:09:02+00:00","breadcrumb":{"@id":"https:\/\/gr1993records.com\/index.php\/product\/azur-blue-band-blue-diver-cd\/#breadcrumb"},"inLanguage":"hu","potentialAction":[{"@type":"ReadAction","target":["https:\/\/gr1993records.com\/index.php\/product\/azur-blue-band-blue-diver-cd\/"]}]},{"@type":"ImageObject","inLanguage":"hu","@id":"https:\/\/gr1993records.com\/index.php\/product\/azur-blue-band-blue-diver-cd\/#primaryimage","url":"https:\/\/gr1993records.com\/wp-content\/uploads\/2025\/07\/AzurBlueBand_BlueDiver_FRONT_1.jpg","contentUrl":"https:\/\/gr1993records.com\/wp-content\/uploads\/2025\/07\/AzurBlueBand_BlueDiver_FRONT_1.jpg","width":2000,"height":2000},{"@type":"BreadcrumbList","@id":"https:\/\/gr1993records.com\/index.php\/product\/azur-blue-band-blue-diver-cd\/#breadcrumb","itemListElement":[{"@type":"ListItem","position":1,"name":"Home","item":"https:\/\/gr1993records.com\/"},{"@type":"ListItem","position":2,"name":"Kiadv\u00e1nyok","item":"https:\/\/gr1993records.com\/index.php\/shop\/"},{"@type":"ListItem","position":3,"name":"Azur Blue Band Blue Diver CD"}]},{"@type":"WebSite","@id":"https:\/\/gr1993records.com\/#website","url":"https:\/\/gr1993records.com\/","name":"GR1993 Records","description":"","publisher":{"@id":"https:\/\/gr1993records.com\/#organization"},"potentialAction":[{"@type":"SearchAction","target":{"@type":"EntryPoint","urlTemplate":"https:\/\/gr1993records.com\/?s={search_term_string}"},"query-input":{"@type":"PropertyValueSpecification","valueRequired":true,"valueName":"search_term_string"}}],"inLanguage":"hu"},{"@type":"Organization","@id":"https:\/\/gr1993records.com\/#organization","name":"Gramy-H Ltd.","url":"https:\/\/gr1993records.com\/","logo":{"@type":"ImageObject","inLanguage":"hu","@id":"https:\/\/gr1993records.com\/#\/schema\/logo\/image\/","url":"https:\/\/gr1993records.com\/wp-content\/uploads\/2019\/08\/GR1993_Records_logo_CC.png","contentUrl":"https:\/\/gr1993records.com\/wp-content\/uploads\/2019\/08\/GR1993_Records_logo_CC.png","width":2900,"height":2001,"caption":"Gramy-H Ltd."},"image":{"@id":"https:\/\/gr1993records.com\/#\/schema\/logo\/image\/"},"sameAs":["https:\/\/www.facebook.com\/GR1993Records-113564886691383\/"]}]}},"jetpack_sharing_enabled":true,"_links":{"self":[{"href":"https:\/\/gr1993records.com\/index.php\/wp-json\/wp\/v2\/product\/7646","targetHints":{"allow":["GET"]}}],"collection":[{"href":"https:\/\/gr1993records.com\/index.php\/wp-json\/wp\/v2\/product"}],"about":[{"href":"https:\/\/gr1993records.com\/index.php\/wp-json\/wp\/v2\/types\/product"}],"wp:featuredmedia":[{"embeddable":true,"href":"https:\/\/gr1993records.com\/index.php\/wp-json\/wp\/v2\/media\/7647"}],"wp:attachment":[{"href":"https:\/\/gr1993records.com\/index.php\/wp-json\/wp\/v2\/media?parent=7646"}],"wp:term":[{"taxonomy":"product_brand","embeddable":true,"href":"https:\/\/gr1993records.com\/index.php\/wp-json\/wp\/v2\/product_brand?post=7646"},{"taxonomy":"product_cat","embeddable":true,"href":"https:\/\/gr1993records.com\/index.php\/wp-json\/wp\/v2\/product_cat?post=7646"},{"taxonomy":"product_tag","embeddable":true,"href":"https:\/\/gr1993records.com\/index.php\/wp-json\/wp\/v2\/product_tag?post=7646"}],"curies":[{"name":"wp","href":"https:\/\/api.w.org\/{rel}","templated":true}]}}