{"id":7628,"date":"2013-01-03T14:45:39","date_gmt":"2013-01-03T13:45:39","guid":{"rendered":"https:\/\/gr1993records.com\/?post_type=product&#038;p=7628"},"modified":"2026-03-31T12:07:00","modified_gmt":"2026-03-31T10:07:00","slug":"amatild-fold-es-eg-cd","status":"publish","type":"product","link":"https:\/\/gr1993records.com\/index.php\/product\/amatild-fold-es-eg-cd\/","title":{"rendered":"Amatild <br\/>F\u00f6ld \u00e9s \u00c9g <br\/>CD"},"content":{"rendered":"<p>[vc_row][vc_column][vc_column_text]Az AMATILD egy \u00faj vil\u00e1gzenei szupergroup, melynek tagjai m\u00e1r t\u00f6bb form\u00e1ci\u00f3ban is bizony\u00edtottak az itthoni \u00e9s k\u00fclf\u00f6ldi sz\u00ednpadokon, k\u00fcl\u00f6nb\u00f6z\u0151 m\u0171fajokban. A P\u00e9nzes Matild (\u00e9nek), Veress G\u00e1bor Csaba (git\u00e1r), Juh\u00e1sz R\u00f3bert (git\u00e1r), Bede P\u00e9ter (f\u00fav\u00f3s hangszerek), Barab\u00e1s Tam\u00e1s (basszusgit\u00e1r), Clemente G\u00e1bor (\u00fct\u0151hangszerek) alkotta egy\u00fcttes zen\u00e9j\u00e9ben a magyar n\u00e9pzene, az orient\u00e1lis zenei hat\u00e1sok, valamint a nyugati progressz\u00edv rock \u00e9s a jazz elemei tal\u00e1lnak egym\u00e1sra izgalmas, egyedi m\u00f3don. A dalsz\u00f6vegek els\u0151sorban az autentikus n\u00e9pdalok \u0151si k\u00e9pvil\u00e1g\u00e1b\u00f3l mer\u00edtenek inspir\u00e1ci\u00f3t. A lemezen olyan a vil\u00e1gzen\u00e9ben, n\u00e9pzen\u00e9ben elismert m\u0171v\u00e9szek is k\u00f6zrem\u0171k\u00f6dnek, mint Nikola Parov, Szirtes Edina \u201eM\u00f3kus\u201d \u00e9s Szvor\u00e1k Katalin.[\/vc_column_text][vc_separator][\/vc_column][\/vc_row][vc_row][vc_column][vc_column_text]<\/p>\n<h3 style=\"text-align: center;\"><strong>Tracklista<\/strong><\/h3>\n<p>[\/vc_column_text][vc_column_text]<\/p>\n<ol start=\"1\" type=\"1\">\n<li style=\"text-align: center;\">\u00d6sv\u00e9ny<\/li>\n<li style=\"text-align: center;\">F\u00f6ld \u00e9s \u00e9g<\/li>\n<li style=\"text-align: center;\">Tavaszi sz\u00e9l<\/li>\n<li style=\"text-align: center;\">Vir\u00e1gz\u00e1s<\/li>\n<li style=\"text-align: center;\">T\u00f6r\u00f6tt Sz\u00e1rny\u00fa Mad\u00e1r<\/li>\n<li style=\"text-align: center;\">Ha Elj\u00f6nnek \u00c9rted<\/li>\n<li style=\"text-align: center;\">K\u00e9t Vil\u00e1g<\/li>\n<li style=\"text-align: center;\">A K\u00fat<\/li>\n<li style=\"text-align: center;\">Holdbavezet\u0151<\/li>\n<li style=\"text-align: center;\">A Hold<\/li>\n<li style=\"text-align: center;\">Szellemkert<\/li>\n<li style=\"text-align: center;\">A Semmi Hat\u00e1r\u00e1n<\/li>\n<li style=\"text-align: center;\">Te csak sz\u00e1llj<\/li>\n<li style=\"text-align: center;\">Isten Tenyer\u00e9be<\/li>\n<li style=\"text-align: center;\">Sz\u00f3l\u00f3<\/li>\n<li style=\"text-align: center;\">Kaleidoszk\u00f3p<\/li>\n<li style=\"text-align: center;\"><\/li>\n<\/ol>\n<p>[\/vc_column_text][\/vc_column][\/vc_row][vc_row][vc_column][vc_column_text]<\/p>\n<p style=\"text-align: center;\"><b>K\u00f6zrem\u0171k\u00f6d\u0151k:<\/b><\/p>\n<p style=\"text-align: center;\">P\u00e9nzes Matild &#8211; \u00e9nek<br \/>\nVeress G\u00e1bor Csaba &#8211; git\u00e1r<br \/>\nJuh\u00e1sz R\u00f3bert &#8211; git\u00e1r<br \/>\nBede P\u00e9ter &#8211; f\u00fav\u00f3s hangszerek<br \/>\nBarab\u00e1s Tam\u00e1s &#8211; basszusgit\u00e1r<br \/>\nClemente G\u00e1bor &#8211; \u00fct\u0151hangszerek<br \/>\nNikola Parov &#8211; kaval<br \/>\nSzirtes Edina &#8220;M\u00f3kus&#8221; &#8211; heged\u0171<br \/>\nSzvor\u00e1k Katalin &#8211; \u00e9nek<\/p>\n<p>[\/vc_column_text][\/vc_column][\/vc_row]<\/p>","protected":false},"excerpt":{"rendered":"<p>[vc_row][vc_column][vc_column_text]Az AMATILD egy \u00faj vil\u00e1gzenei szupergroup, melynek tagjai m\u00e1r t\u00f6bb form\u00e1ci\u00f3ban is bizony\u00edtottak az itthoni \u00e9s k\u00fclf\u00f6ldi sz\u00ednpadokon, k\u00fcl\u00f6nb\u00f6z\u0151 m\u0171fajokban. A P\u00e9nzes Matild (\u00e9nek), Veress G\u00e1bor Csaba (git\u00e1r), Juh\u00e1sz R\u00f3bert (git\u00e1r), Bede P\u00e9ter (f\u00fav\u00f3s hangszerek), Barab\u00e1s Tam\u00e1s (basszusgit\u00e1r), Clemente G\u00e1bor (\u00fct\u0151hangszerek) alkotta egy\u00fcttes zen\u00e9j\u00e9ben a magyar n\u00e9pzene, az orient\u00e1lis zenei hat\u00e1sok, valamint a nyugati progressz\u00edv [&hellip;]<\/p>\n","protected":false},"featured_media":7631,"template":"","meta":[],"product_brand":[],"product_cat":[92],"product_tag":[],"class_list":{"0":"post-7628","1":"product","2":"type-product","3":"status-publish","4":"has-post-thumbnail","6":"product_cat-cd","7":"yith_product_brand-amatild","8":"col-12 col-sm-6 col-md-4","10":"first","11":"instock","12":"shipping-taxable","13":"purchasable","14":"product-type-simple"},"yoast_head":"<!-- This site is optimized with the Yoast SEO plugin v27.3 - https:\/\/yoast.com\/product\/yoast-seo-wordpress\/ -->\n<title>Amatild F\u00f6ld \u00e9s \u00c9g CD &#8211; GR1993 Records<\/title>\n<meta name=\"robots\" content=\"index, follow, max-snippet:-1, max-image-preview:large, max-video-preview:-1\" \/>\n<link rel=\"canonical\" href=\"https:\/\/gr1993records.com\/index.php\/product\/amatild-fold-es-eg-cd\/\" \/>\n<meta property=\"og:locale\" content=\"hu_HU\" \/>\n<meta property=\"og:type\" content=\"article\" \/>\n<meta property=\"og:title\" content=\"Amatild F\u00f6ld \u00e9s \u00c9g CD &#8211; GR1993 Records\" \/>\n<meta property=\"og:description\" content=\"[vc_row][vc_column][vc_column_text]Az AMATILD egy \u00faj vil\u00e1gzenei szupergroup, melynek tagjai m\u00e1r t\u00f6bb form\u00e1ci\u00f3ban is bizony\u00edtottak az itthoni \u00e9s k\u00fclf\u00f6ldi sz\u00ednpadokon, k\u00fcl\u00f6nb\u00f6z\u0151 m\u0171fajokban. A P\u00e9nzes Matild (\u00e9nek), Veress G\u00e1bor Csaba (git\u00e1r), Juh\u00e1sz R\u00f3bert (git\u00e1r), Bede P\u00e9ter (f\u00fav\u00f3s hangszerek), Barab\u00e1s Tam\u00e1s (basszusgit\u00e1r), Clemente G\u00e1bor (\u00fct\u0151hangszerek) alkotta egy\u00fcttes zen\u00e9j\u00e9ben a magyar n\u00e9pzene, az orient\u00e1lis zenei hat\u00e1sok, valamint a nyugati progressz\u00edv [&hellip;]\" \/>\n<meta property=\"og:url\" content=\"https:\/\/gr1993records.com\/index.php\/product\/amatild-fold-es-eg-cd\/\" \/>\n<meta property=\"og:site_name\" content=\"GR1993 Records\" \/>\n<meta property=\"article:publisher\" content=\"https:\/\/www.facebook.com\/GR1993Records-113564886691383\/\" \/>\n<meta property=\"article:modified_time\" content=\"2026-03-31T10:07:00+00:00\" \/>\n<meta name=\"twitter:card\" content=\"summary_large_image\" \/>\n<meta name=\"twitter:label1\" content=\"Becs\u00fclt olvas\u00e1si id\u0151\" \/>\n\t<meta name=\"twitter:data1\" content=\"2 perc\" \/>\n<script type=\"application\/ld+json\" class=\"yoast-schema-graph\">{\"@context\":\"https:\\\/\\\/schema.org\",\"@graph\":[{\"@type\":\"WebPage\",\"@id\":\"https:\\\/\\\/gr1993records.com\\\/index.php\\\/product\\\/amatild-fold-es-eg-cd\\\/\",\"url\":\"https:\\\/\\\/gr1993records.com\\\/index.php\\\/product\\\/amatild-fold-es-eg-cd\\\/\",\"name\":\"Amatild F\u00f6ld \u00e9s \u00c9g CD &#8211; GR1993 Records\",\"isPartOf\":{\"@id\":\"https:\\\/\\\/gr1993records.com\\\/#website\"},\"primaryImageOfPage\":{\"@id\":\"https:\\\/\\\/gr1993records.com\\\/index.php\\\/product\\\/amatild-fold-es-eg-cd\\\/#primaryimage\"},\"image\":{\"@id\":\"https:\\\/\\\/gr1993records.com\\\/index.php\\\/product\\\/amatild-fold-es-eg-cd\\\/#primaryimage\"},\"thumbnailUrl\":\"https:\\\/\\\/gr1993records.com\\\/wp-content\\\/uploads\\\/2025\\\/07\\\/Amatild_cd_front_2.jpg\",\"datePublished\":\"2013-01-03T13:45:39+00:00\",\"dateModified\":\"2026-03-31T10:07:00+00:00\",\"breadcrumb\":{\"@id\":\"https:\\\/\\\/gr1993records.com\\\/index.php\\\/product\\\/amatild-fold-es-eg-cd\\\/#breadcrumb\"},\"inLanguage\":\"hu\",\"potentialAction\":[{\"@type\":\"ReadAction\",\"target\":[\"https:\\\/\\\/gr1993records.com\\\/index.php\\\/product\\\/amatild-fold-es-eg-cd\\\/\"]}]},{\"@type\":\"ImageObject\",\"inLanguage\":\"hu\",\"@id\":\"https:\\\/\\\/gr1993records.com\\\/index.php\\\/product\\\/amatild-fold-es-eg-cd\\\/#primaryimage\",\"url\":\"https:\\\/\\\/gr1993records.com\\\/wp-content\\\/uploads\\\/2025\\\/07\\\/Amatild_cd_front_2.jpg\",\"contentUrl\":\"https:\\\/\\\/gr1993records.com\\\/wp-content\\\/uploads\\\/2025\\\/07\\\/Amatild_cd_front_2.jpg\",\"width\":1500,\"height\":1501},{\"@type\":\"BreadcrumbList\",\"@id\":\"https:\\\/\\\/gr1993records.com\\\/index.php\\\/product\\\/amatild-fold-es-eg-cd\\\/#breadcrumb\",\"itemListElement\":[{\"@type\":\"ListItem\",\"position\":1,\"name\":\"Home\",\"item\":\"https:\\\/\\\/gr1993records.com\\\/\"},{\"@type\":\"ListItem\",\"position\":2,\"name\":\"Kiadv\u00e1nyok\",\"item\":\"https:\\\/\\\/gr1993records.com\\\/index.php\\\/shop\\\/\"},{\"@type\":\"ListItem\",\"position\":3,\"name\":\"Amatild F\u00f6ld \u00e9s \u00c9g CD\"}]},{\"@type\":\"WebSite\",\"@id\":\"https:\\\/\\\/gr1993records.com\\\/#website\",\"url\":\"https:\\\/\\\/gr1993records.com\\\/\",\"name\":\"GR1993 Records\",\"description\":\"\",\"publisher\":{\"@id\":\"https:\\\/\\\/gr1993records.com\\\/#organization\"},\"potentialAction\":[{\"@type\":\"SearchAction\",\"target\":{\"@type\":\"EntryPoint\",\"urlTemplate\":\"https:\\\/\\\/gr1993records.com\\\/?s={search_term_string}\"},\"query-input\":{\"@type\":\"PropertyValueSpecification\",\"valueRequired\":true,\"valueName\":\"search_term_string\"}}],\"inLanguage\":\"hu\"},{\"@type\":\"Organization\",\"@id\":\"https:\\\/\\\/gr1993records.com\\\/#organization\",\"name\":\"Gramy-H Ltd.\",\"url\":\"https:\\\/\\\/gr1993records.com\\\/\",\"logo\":{\"@type\":\"ImageObject\",\"inLanguage\":\"hu\",\"@id\":\"https:\\\/\\\/gr1993records.com\\\/#\\\/schema\\\/logo\\\/image\\\/\",\"url\":\"https:\\\/\\\/gr1993records.com\\\/wp-content\\\/uploads\\\/2019\\\/08\\\/GR1993_Records_logo_CC.png\",\"contentUrl\":\"https:\\\/\\\/gr1993records.com\\\/wp-content\\\/uploads\\\/2019\\\/08\\\/GR1993_Records_logo_CC.png\",\"width\":2900,\"height\":2001,\"caption\":\"Gramy-H Ltd.\"},\"image\":{\"@id\":\"https:\\\/\\\/gr1993records.com\\\/#\\\/schema\\\/logo\\\/image\\\/\"},\"sameAs\":[\"https:\\\/\\\/www.facebook.com\\\/GR1993Records-113564886691383\\\/\"]}]}<\/script>\n<!-- \/ Yoast SEO plugin. -->","yoast_head_json":{"title":"Amatild F\u00f6ld \u00e9s \u00c9g CD &#8211; GR1993 Records","robots":{"index":"index","follow":"follow","max-snippet":"max-snippet:-1","max-image-preview":"max-image-preview:large","max-video-preview":"max-video-preview:-1"},"canonical":"https:\/\/gr1993records.com\/index.php\/product\/amatild-fold-es-eg-cd\/","og_locale":"hu_HU","og_type":"article","og_title":"Amatild F\u00f6ld \u00e9s \u00c9g CD &#8211; GR1993 Records","og_description":"[vc_row][vc_column][vc_column_text]Az AMATILD egy \u00faj vil\u00e1gzenei szupergroup, melynek tagjai m\u00e1r t\u00f6bb form\u00e1ci\u00f3ban is bizony\u00edtottak az itthoni \u00e9s k\u00fclf\u00f6ldi sz\u00ednpadokon, k\u00fcl\u00f6nb\u00f6z\u0151 m\u0171fajokban. A P\u00e9nzes Matild (\u00e9nek), Veress G\u00e1bor Csaba (git\u00e1r), Juh\u00e1sz R\u00f3bert (git\u00e1r), Bede P\u00e9ter (f\u00fav\u00f3s hangszerek), Barab\u00e1s Tam\u00e1s (basszusgit\u00e1r), Clemente G\u00e1bor (\u00fct\u0151hangszerek) alkotta egy\u00fcttes zen\u00e9j\u00e9ben a magyar n\u00e9pzene, az orient\u00e1lis zenei hat\u00e1sok, valamint a nyugati progressz\u00edv [&hellip;]","og_url":"https:\/\/gr1993records.com\/index.php\/product\/amatild-fold-es-eg-cd\/","og_site_name":"GR1993 Records","article_publisher":"https:\/\/www.facebook.com\/GR1993Records-113564886691383\/","article_modified_time":"2026-03-31T10:07:00+00:00","twitter_card":"summary_large_image","twitter_misc":{"Becs\u00fclt olvas\u00e1si id\u0151":"2 perc"},"schema":{"@context":"https:\/\/schema.org","@graph":[{"@type":"WebPage","@id":"https:\/\/gr1993records.com\/index.php\/product\/amatild-fold-es-eg-cd\/","url":"https:\/\/gr1993records.com\/index.php\/product\/amatild-fold-es-eg-cd\/","name":"Amatild F\u00f6ld \u00e9s \u00c9g CD &#8211; GR1993 Records","isPartOf":{"@id":"https:\/\/gr1993records.com\/#website"},"primaryImageOfPage":{"@id":"https:\/\/gr1993records.com\/index.php\/product\/amatild-fold-es-eg-cd\/#primaryimage"},"image":{"@id":"https:\/\/gr1993records.com\/index.php\/product\/amatild-fold-es-eg-cd\/#primaryimage"},"thumbnailUrl":"https:\/\/gr1993records.com\/wp-content\/uploads\/2025\/07\/Amatild_cd_front_2.jpg","datePublished":"2013-01-03T13:45:39+00:00","dateModified":"2026-03-31T10:07:00+00:00","breadcrumb":{"@id":"https:\/\/gr1993records.com\/index.php\/product\/amatild-fold-es-eg-cd\/#breadcrumb"},"inLanguage":"hu","potentialAction":[{"@type":"ReadAction","target":["https:\/\/gr1993records.com\/index.php\/product\/amatild-fold-es-eg-cd\/"]}]},{"@type":"ImageObject","inLanguage":"hu","@id":"https:\/\/gr1993records.com\/index.php\/product\/amatild-fold-es-eg-cd\/#primaryimage","url":"https:\/\/gr1993records.com\/wp-content\/uploads\/2025\/07\/Amatild_cd_front_2.jpg","contentUrl":"https:\/\/gr1993records.com\/wp-content\/uploads\/2025\/07\/Amatild_cd_front_2.jpg","width":1500,"height":1501},{"@type":"BreadcrumbList","@id":"https:\/\/gr1993records.com\/index.php\/product\/amatild-fold-es-eg-cd\/#breadcrumb","itemListElement":[{"@type":"ListItem","position":1,"name":"Home","item":"https:\/\/gr1993records.com\/"},{"@type":"ListItem","position":2,"name":"Kiadv\u00e1nyok","item":"https:\/\/gr1993records.com\/index.php\/shop\/"},{"@type":"ListItem","position":3,"name":"Amatild F\u00f6ld \u00e9s \u00c9g CD"}]},{"@type":"WebSite","@id":"https:\/\/gr1993records.com\/#website","url":"https:\/\/gr1993records.com\/","name":"GR1993 Records","description":"","publisher":{"@id":"https:\/\/gr1993records.com\/#organization"},"potentialAction":[{"@type":"SearchAction","target":{"@type":"EntryPoint","urlTemplate":"https:\/\/gr1993records.com\/?s={search_term_string}"},"query-input":{"@type":"PropertyValueSpecification","valueRequired":true,"valueName":"search_term_string"}}],"inLanguage":"hu"},{"@type":"Organization","@id":"https:\/\/gr1993records.com\/#organization","name":"Gramy-H Ltd.","url":"https:\/\/gr1993records.com\/","logo":{"@type":"ImageObject","inLanguage":"hu","@id":"https:\/\/gr1993records.com\/#\/schema\/logo\/image\/","url":"https:\/\/gr1993records.com\/wp-content\/uploads\/2019\/08\/GR1993_Records_logo_CC.png","contentUrl":"https:\/\/gr1993records.com\/wp-content\/uploads\/2019\/08\/GR1993_Records_logo_CC.png","width":2900,"height":2001,"caption":"Gramy-H Ltd."},"image":{"@id":"https:\/\/gr1993records.com\/#\/schema\/logo\/image\/"},"sameAs":["https:\/\/www.facebook.com\/GR1993Records-113564886691383\/"]}]}},"jetpack_sharing_enabled":true,"_links":{"self":[{"href":"https:\/\/gr1993records.com\/index.php\/wp-json\/wp\/v2\/product\/7628","targetHints":{"allow":["GET"]}}],"collection":[{"href":"https:\/\/gr1993records.com\/index.php\/wp-json\/wp\/v2\/product"}],"about":[{"href":"https:\/\/gr1993records.com\/index.php\/wp-json\/wp\/v2\/types\/product"}],"wp:featuredmedia":[{"embeddable":true,"href":"https:\/\/gr1993records.com\/index.php\/wp-json\/wp\/v2\/media\/7631"}],"wp:attachment":[{"href":"https:\/\/gr1993records.com\/index.php\/wp-json\/wp\/v2\/media?parent=7628"}],"wp:term":[{"taxonomy":"product_brand","embeddable":true,"href":"https:\/\/gr1993records.com\/index.php\/wp-json\/wp\/v2\/product_brand?post=7628"},{"taxonomy":"product_cat","embeddable":true,"href":"https:\/\/gr1993records.com\/index.php\/wp-json\/wp\/v2\/product_cat?post=7628"},{"taxonomy":"product_tag","embeddable":true,"href":"https:\/\/gr1993records.com\/index.php\/wp-json\/wp\/v2\/product_tag?post=7628"}],"curies":[{"name":"wp","href":"https:\/\/api.w.org\/{rel}","templated":true}]}}