{"id":7620,"date":"2013-01-01T13:02:06","date_gmt":"2013-01-01T12:02:06","guid":{"rendered":"https:\/\/gr1993records.com\/?post_type=product&#038;p=7620"},"modified":"2026-03-31T12:07:12","modified_gmt":"2026-03-31T10:07:12","slug":"mokus-es-a-fabula-rasa-huho-much-ado-cd","status":"publish","type":"product","link":"https:\/\/gr1993records.com\/index.php\/product\/mokus-es-a-fabula-rasa-huho-much-ado-cd\/","title":{"rendered":"M\u00f3kus \u00e9s a Fabula Rasa <br\/>H\u0171h\u00f3 much ado <br\/>CD"},"content":{"rendered":"<p>[vc_row][vc_column][vc_column_text]M\u00f3kus \u00e9s a Fabula Rasa H\u0171h\u00f3ja<\/p>\n<p>Azt mondj\u00e1k, a Fabula Rasa zenekar muzsik\u00e1j\u00e1r\u00f3l sz\u00f3lva vil\u00e1gzen\u00e9r\u0151l besz\u00e9l\u00fcnk. Legink\u00e1bb azonban olyan produkci\u00f3r\u00f3l van sz\u00f3, amely a kezdetekt\u0151l fogva a m\u0171faji korl\u00e1tokat feszegeti. Igaz, val\u00f3ban felfedezhet\u0151 j\u00f3 p\u00e1r olyan zenei jellegzetess\u00e9g amely a dalokat folkosabb vagy etn\u00f3sabb hangulat\u00fav\u00e1 var\u00e1zsolja. Ez a k\u00f6rnyez\u0151 vagy ak\u00e1r t\u00f6bb ezer kilom\u00e9terre \u00e9l\u0151 n\u00e9pek zen\u00e9i &#8211; erd\u00e9lyi, cig\u00e1ny zene, kelta vagy ak\u00e1r a feket\u00e9k muzsik\u00e1ja &#8211; ir\u00e1nti rajong\u00e1sb\u00f3l ered. Az eredm\u00e9ny tal\u00e1n az\u00e9rt is eklektikus, mert a Fabula Rasa zen\u00e9szei semmilyen j\u00f3 muzsik\u00e1nak nem tudnak ellen\u00e1llni.<br \/>\nEzen az \u00faj lemez\u00fck\u00f6n is ebb\u0151l kapunk \u00edzel\u00edt\u0151t olyan m\u0171v\u00e9szek gondolataival egyes\u00edtve a zen\u00e9t, mint M\u00fcller P\u00e9ter Szi\u00e1mi. Mindezek mellett a dalok eredeti magyar n\u00e9pdalsz\u00f6vegre, vagy lovari nyelv\u0171 dalsz\u00f6vegre \u00edrodtak ezzel is bizony\u00edtva, hogy az el\u0151deinkt\u0151l aj\u00e1nd\u00e9kba kapott gondolat, vagy sz\u00edvf\u00e1jdalom, tov\u00e1bb\u00e1 egy kisebbs\u00e9gi n\u00e9p kihal\u00f3ban l\u00e9v\u0151 anyanyelv\u00e9n megfogalmazott hit \u00e9s \u00e9rzelemvil\u00e1g \u00e9ppoly fontos, mint a kort\u00e1rs m\u0171v\u00e9szek aktualit\u00e1sa.<br \/>\nA lemezen a \u00a0hat\u00e1rtalan\u00a0gondolatvil\u00e1gon t\u00fal a zen\u00e9szek sokas\u00e1ga is az \u00e9lm\u00e9nykavalk\u00e1dot \u00a0t\u00e1masztja al\u00e1. Olyan muzsikusok \u00e1ltal, mint a n\u00e9gy harson\u00e1sb\u00f3l \u00e1ll\u00f3 Four Bones Qartet, Alan Burton neves \u00edrdud\u00e1s, aki Angli\u00e1ban \u00e9l, Unger Bal\u00e1zs, H\u00e1mori J\u00e1nos \u00e9s a zenekar m\u00e1ra m\u00e1r j\u00f3 bar\u00e1tja \u00e9s tiszteletbeli Fabula Rasa tag, Kov\u00e1cs Ferenc (\u00d6csi).<br \/>\nAz egy\u00fcttes &#8211; a zen\u00e9n t\u00fal &#8211; m\u00e1st is szeretne egyszer majd maga ut\u00e1n hagyni: gondolatot. Hogy nem vagyunk egyed\u00fcl, hogy vannak m\u00e9g \u00e1lmodoz\u00f3k, hogy mer\u00edts\u00fcnk er\u0151t magunkb\u00f3l (mert mindig van m\u00e9g ott bent elrejtve), hogy fel tudjunk \u00e1llni, ha elesettnek \u00e9rezz\u00fck magunkat, s hogy a teljes k\u00e1oszb\u00f3l egy cseppnyi szeretet csod\u00e1t var\u00e1zsol. Harm\u00f3ni\u00e1t, \u00f6sszetartoz\u00e1st, muzsik\u00e1t.<\/p>\n<p>\u201cN\u00e9ha simogat\u00f3an, l\u00e1gys\u00e1gosan \u00e1lmodoztat\u00f3, n\u00e9ha t\u00e1ny\u00e9rdob\u00e1l\u00f3san mulat\u00f3s, v\u00e9rpezsd\u00edt\u0151, asztalra csap\u00f3s, borzongat\u00f3s, de mindv\u00e9gig \u0151szinte, sz\u00edvet pr\u00f3b\u00e1l\u00f3 \u00e9s sz\u00edvre vigy\u00e1z\u00f3.&#8221; (M\u00f3kus \u00e9s a Fabula)<br \/>\nA CD pr\u00e9mium kivitelben, pap\u00edrtokos csomagol\u00e1sban ker\u00fclt forgalomba.[\/vc_column_text][vc_separator][\/vc_column][\/vc_row][vc_row][vc_column][vc_column_text]<\/p>\n<h3 style=\"text-align: center;\"><strong>Tracklista<\/strong><\/h3>\n<p>[\/vc_column_text][vc_column_text]<\/p>\n<ol start=\"1\" type=\"1\">\n<li style=\"text-align: center;\">Van vumen show \/ One woman show<\/li>\n<li style=\"text-align: center;\">L\u00e9lekveszt\u0151 \/ Lifeboat<\/li>\n<li style=\"text-align: center;\">Pupalu<\/li>\n<li style=\"text-align: center;\">T\u00fcnd\u00e9rpor \/ Fairy dust<\/li>\n<li style=\"text-align: center;\">S\u00edr az egyik szemem \/ One eye is crying<\/li>\n<li style=\"text-align: center;\">Abig\u00e9l \/ Abigel<\/li>\n<li style=\"text-align: center;\">Ha vir\u00e1g lenn\u00e9k \/ If I were a flower<\/li>\n<li style=\"text-align: center;\">Madaras dal \/ Birdy<\/li>\n<li style=\"text-align: center;\">Pupalu mes\u00e9je \/ Pupalu\u2019s tale<\/li>\n<li style=\"text-align: center;\">\u00c1lmomban \/ In my dream<\/li>\n<li style=\"text-align: center;\">S\u00edr az egyik szemem \/ One eye is crying \u2013 sz\u00f3l\u00f3 \/ solo<\/li>\n<li style=\"text-align: center;\">\u00c1lmodoztat\u00f3 v\u00e1gy \/ Dream maker desire &lt; B\u00f3nusz track \/ bonus track<\/li>\n<li style=\"text-align: center;\">V\u00e9ge \/ The End<\/li>\n<\/ol>\n<p>[\/vc_column_text][\/vc_column][\/vc_row][vc_row][vc_column][vc_column_text]<\/p>\n<p style=\"text-align: center;\"><b>K\u00f6zrem\u0171k\u00f6d\u0151k:<\/b><\/p>\n<p style=\"text-align: center;\">Kert\u00e9sz \u00c1kos &#8211; dob, \u00fct\u0151hangszer<br \/>\nF\u00f6ldes G\u00e1bor &#8211; basszus git\u00e1r, b\u0151g\u0151<br \/>\nVarga Korn\u00e9l &#8211; git\u00e1r<br \/>\nCserta Bal\u00e1zs &#8211; f\u00fav\u00f3s hangszerek<br \/>\nBalogh Guszti &#8211; \u00e9nek<br \/>\nSzirtes Edina &#8211; \u00e9nek, heged\u0171<\/p>\n<p>[\/vc_column_text][\/vc_column][\/vc_row]<\/p>","protected":false},"excerpt":{"rendered":"<p>[vc_row][vc_column][vc_column_text]M\u00f3kus \u00e9s a Fabula Rasa H\u0171h\u00f3ja Azt mondj\u00e1k, a Fabula Rasa zenekar muzsik\u00e1j\u00e1r\u00f3l sz\u00f3lva vil\u00e1gzen\u00e9r\u0151l besz\u00e9l\u00fcnk. Legink\u00e1bb azonban olyan produkci\u00f3r\u00f3l van sz\u00f3, amely a kezdetekt\u0151l fogva a m\u0171faji korl\u00e1tokat feszegeti. Igaz, val\u00f3ban felfedezhet\u0151 j\u00f3 p\u00e1r olyan zenei jellegzetess\u00e9g amely a dalokat folkosabb vagy etn\u00f3sabb hangulat\u00fav\u00e1 var\u00e1zsolja. Ez a k\u00f6rnyez\u0151 vagy ak\u00e1r t\u00f6bb ezer kilom\u00e9terre \u00e9l\u0151 [&hellip;]<\/p>\n","protected":false},"featured_media":7621,"template":"","meta":[],"product_brand":[],"product_cat":[92],"product_tag":[],"class_list":{"0":"post-7620","1":"product","2":"type-product","3":"status-publish","4":"has-post-thumbnail","6":"product_cat-cd","7":"yith_product_brand-mokus-es-a-fabula-rasa","8":"col-12 col-sm-6 col-md-4","10":"first","11":"instock","12":"sale","13":"shipping-taxable","14":"purchasable","15":"product-type-simple"},"yoast_head":"<!-- This site is optimized with the Yoast SEO plugin v27.2 - https:\/\/yoast.com\/product\/yoast-seo-wordpress\/ -->\n<title>M\u00f3kus \u00e9s a Fabula Rasa H\u0171h\u00f3 much ado CD &#8211; GR1993 Records<\/title>\n<meta name=\"robots\" content=\"index, follow, max-snippet:-1, max-image-preview:large, max-video-preview:-1\" \/>\n<link rel=\"canonical\" href=\"https:\/\/gr1993records.com\/index.php\/product\/mokus-es-a-fabula-rasa-huho-much-ado-cd\/\" \/>\n<meta property=\"og:locale\" content=\"hu_HU\" \/>\n<meta property=\"og:type\" content=\"article\" \/>\n<meta property=\"og:title\" content=\"M\u00f3kus \u00e9s a Fabula Rasa H\u0171h\u00f3 much ado CD &#8211; GR1993 Records\" \/>\n<meta property=\"og:description\" content=\"[vc_row][vc_column][vc_column_text]M\u00f3kus \u00e9s a Fabula Rasa H\u0171h\u00f3ja Azt mondj\u00e1k, a Fabula Rasa zenekar muzsik\u00e1j\u00e1r\u00f3l sz\u00f3lva vil\u00e1gzen\u00e9r\u0151l besz\u00e9l\u00fcnk. Legink\u00e1bb azonban olyan produkci\u00f3r\u00f3l van sz\u00f3, amely a kezdetekt\u0151l fogva a m\u0171faji korl\u00e1tokat feszegeti. Igaz, val\u00f3ban felfedezhet\u0151 j\u00f3 p\u00e1r olyan zenei jellegzetess\u00e9g amely a dalokat folkosabb vagy etn\u00f3sabb hangulat\u00fav\u00e1 var\u00e1zsolja. Ez a k\u00f6rnyez\u0151 vagy ak\u00e1r t\u00f6bb ezer kilom\u00e9terre \u00e9l\u0151 [&hellip;]\" \/>\n<meta property=\"og:url\" content=\"https:\/\/gr1993records.com\/index.php\/product\/mokus-es-a-fabula-rasa-huho-much-ado-cd\/\" \/>\n<meta property=\"og:site_name\" content=\"GR1993 Records\" \/>\n<meta property=\"article:publisher\" content=\"https:\/\/www.facebook.com\/GR1993Records-113564886691383\/\" \/>\n<meta property=\"article:modified_time\" content=\"2026-03-31T10:07:12+00:00\" \/>\n<meta property=\"og:image\" content=\"https:\/\/gr1993records.com\/wp-content\/uploads\/2025\/07\/Mokus_es_a_Fabula_Rasa_Huho_Much_Ado_1.jpg\" \/>\n\t<meta property=\"og:image:width\" content=\"960\" \/>\n\t<meta property=\"og:image:height\" content=\"856\" \/>\n\t<meta property=\"og:image:type\" content=\"image\/jpeg\" \/>\n<meta name=\"twitter:card\" content=\"summary_large_image\" \/>\n<meta name=\"twitter:label1\" content=\"Becs\u00fclt olvas\u00e1si id\u0151\" \/>\n\t<meta name=\"twitter:data1\" content=\"3 perc\" \/>\n<script type=\"application\/ld+json\" class=\"yoast-schema-graph\">{\"@context\":\"https:\/\/schema.org\",\"@graph\":[{\"@type\":\"WebPage\",\"@id\":\"https:\/\/gr1993records.com\/index.php\/product\/mokus-es-a-fabula-rasa-huho-much-ado-cd\/\",\"url\":\"https:\/\/gr1993records.com\/index.php\/product\/mokus-es-a-fabula-rasa-huho-much-ado-cd\/\",\"name\":\"M\u00f3kus \u00e9s a Fabula Rasa H\u0171h\u00f3 much ado CD &#8211; GR1993 Records\",\"isPartOf\":{\"@id\":\"https:\/\/gr1993records.com\/#website\"},\"primaryImageOfPage\":{\"@id\":\"https:\/\/gr1993records.com\/index.php\/product\/mokus-es-a-fabula-rasa-huho-much-ado-cd\/#primaryimage\"},\"image\":{\"@id\":\"https:\/\/gr1993records.com\/index.php\/product\/mokus-es-a-fabula-rasa-huho-much-ado-cd\/#primaryimage\"},\"thumbnailUrl\":\"https:\/\/gr1993records.com\/wp-content\/uploads\/2025\/07\/Mokus_es_a_Fabula_Rasa_Huho_Much_Ado_1.jpg\",\"datePublished\":\"2013-01-01T12:02:06+00:00\",\"dateModified\":\"2026-03-31T10:07:12+00:00\",\"breadcrumb\":{\"@id\":\"https:\/\/gr1993records.com\/index.php\/product\/mokus-es-a-fabula-rasa-huho-much-ado-cd\/#breadcrumb\"},\"inLanguage\":\"hu\",\"potentialAction\":[{\"@type\":\"ReadAction\",\"target\":[\"https:\/\/gr1993records.com\/index.php\/product\/mokus-es-a-fabula-rasa-huho-much-ado-cd\/\"]}]},{\"@type\":\"ImageObject\",\"inLanguage\":\"hu\",\"@id\":\"https:\/\/gr1993records.com\/index.php\/product\/mokus-es-a-fabula-rasa-huho-much-ado-cd\/#primaryimage\",\"url\":\"https:\/\/gr1993records.com\/wp-content\/uploads\/2025\/07\/Mokus_es_a_Fabula_Rasa_Huho_Much_Ado_1.jpg\",\"contentUrl\":\"https:\/\/gr1993records.com\/wp-content\/uploads\/2025\/07\/Mokus_es_a_Fabula_Rasa_Huho_Much_Ado_1.jpg\",\"width\":960,\"height\":856},{\"@type\":\"BreadcrumbList\",\"@id\":\"https:\/\/gr1993records.com\/index.php\/product\/mokus-es-a-fabula-rasa-huho-much-ado-cd\/#breadcrumb\",\"itemListElement\":[{\"@type\":\"ListItem\",\"position\":1,\"name\":\"Home\",\"item\":\"https:\/\/gr1993records.com\/\"},{\"@type\":\"ListItem\",\"position\":2,\"name\":\"Kiadv\u00e1nyok\",\"item\":\"https:\/\/gr1993records.com\/index.php\/shop\/\"},{\"@type\":\"ListItem\",\"position\":3,\"name\":\"M\u00f3kus \u00e9s a Fabula Rasa H\u0171h\u00f3 much ado CD\"}]},{\"@type\":\"WebSite\",\"@id\":\"https:\/\/gr1993records.com\/#website\",\"url\":\"https:\/\/gr1993records.com\/\",\"name\":\"GR1993 Records\",\"description\":\"\",\"publisher\":{\"@id\":\"https:\/\/gr1993records.com\/#organization\"},\"potentialAction\":[{\"@type\":\"SearchAction\",\"target\":{\"@type\":\"EntryPoint\",\"urlTemplate\":\"https:\/\/gr1993records.com\/?s={search_term_string}\"},\"query-input\":{\"@type\":\"PropertyValueSpecification\",\"valueRequired\":true,\"valueName\":\"search_term_string\"}}],\"inLanguage\":\"hu\"},{\"@type\":\"Organization\",\"@id\":\"https:\/\/gr1993records.com\/#organization\",\"name\":\"Gramy-H Ltd.\",\"url\":\"https:\/\/gr1993records.com\/\",\"logo\":{\"@type\":\"ImageObject\",\"inLanguage\":\"hu\",\"@id\":\"https:\/\/gr1993records.com\/#\/schema\/logo\/image\/\",\"url\":\"https:\/\/gr1993records.com\/wp-content\/uploads\/2019\/08\/GR1993_Records_logo_CC.png\",\"contentUrl\":\"https:\/\/gr1993records.com\/wp-content\/uploads\/2019\/08\/GR1993_Records_logo_CC.png\",\"width\":2900,\"height\":2001,\"caption\":\"Gramy-H Ltd.\"},\"image\":{\"@id\":\"https:\/\/gr1993records.com\/#\/schema\/logo\/image\/\"},\"sameAs\":[\"https:\/\/www.facebook.com\/GR1993Records-113564886691383\/\"]}]}<\/script>\n<!-- \/ Yoast SEO plugin. -->","yoast_head_json":{"title":"M\u00f3kus \u00e9s a Fabula Rasa H\u0171h\u00f3 much ado CD &#8211; GR1993 Records","robots":{"index":"index","follow":"follow","max-snippet":"max-snippet:-1","max-image-preview":"max-image-preview:large","max-video-preview":"max-video-preview:-1"},"canonical":"https:\/\/gr1993records.com\/index.php\/product\/mokus-es-a-fabula-rasa-huho-much-ado-cd\/","og_locale":"hu_HU","og_type":"article","og_title":"M\u00f3kus \u00e9s a Fabula Rasa H\u0171h\u00f3 much ado CD &#8211; GR1993 Records","og_description":"[vc_row][vc_column][vc_column_text]M\u00f3kus \u00e9s a Fabula Rasa H\u0171h\u00f3ja Azt mondj\u00e1k, a Fabula Rasa zenekar muzsik\u00e1j\u00e1r\u00f3l sz\u00f3lva vil\u00e1gzen\u00e9r\u0151l besz\u00e9l\u00fcnk. Legink\u00e1bb azonban olyan produkci\u00f3r\u00f3l van sz\u00f3, amely a kezdetekt\u0151l fogva a m\u0171faji korl\u00e1tokat feszegeti. Igaz, val\u00f3ban felfedezhet\u0151 j\u00f3 p\u00e1r olyan zenei jellegzetess\u00e9g amely a dalokat folkosabb vagy etn\u00f3sabb hangulat\u00fav\u00e1 var\u00e1zsolja. Ez a k\u00f6rnyez\u0151 vagy ak\u00e1r t\u00f6bb ezer kilom\u00e9terre \u00e9l\u0151 [&hellip;]","og_url":"https:\/\/gr1993records.com\/index.php\/product\/mokus-es-a-fabula-rasa-huho-much-ado-cd\/","og_site_name":"GR1993 Records","article_publisher":"https:\/\/www.facebook.com\/GR1993Records-113564886691383\/","article_modified_time":"2026-03-31T10:07:12+00:00","og_image":[{"width":960,"height":856,"url":"https:\/\/gr1993records.com\/wp-content\/uploads\/2025\/07\/Mokus_es_a_Fabula_Rasa_Huho_Much_Ado_1.jpg","type":"image\/jpeg"}],"twitter_card":"summary_large_image","twitter_misc":{"Becs\u00fclt olvas\u00e1si id\u0151":"3 perc"},"schema":{"@context":"https:\/\/schema.org","@graph":[{"@type":"WebPage","@id":"https:\/\/gr1993records.com\/index.php\/product\/mokus-es-a-fabula-rasa-huho-much-ado-cd\/","url":"https:\/\/gr1993records.com\/index.php\/product\/mokus-es-a-fabula-rasa-huho-much-ado-cd\/","name":"M\u00f3kus \u00e9s a Fabula Rasa H\u0171h\u00f3 much ado CD &#8211; GR1993 Records","isPartOf":{"@id":"https:\/\/gr1993records.com\/#website"},"primaryImageOfPage":{"@id":"https:\/\/gr1993records.com\/index.php\/product\/mokus-es-a-fabula-rasa-huho-much-ado-cd\/#primaryimage"},"image":{"@id":"https:\/\/gr1993records.com\/index.php\/product\/mokus-es-a-fabula-rasa-huho-much-ado-cd\/#primaryimage"},"thumbnailUrl":"https:\/\/gr1993records.com\/wp-content\/uploads\/2025\/07\/Mokus_es_a_Fabula_Rasa_Huho_Much_Ado_1.jpg","datePublished":"2013-01-01T12:02:06+00:00","dateModified":"2026-03-31T10:07:12+00:00","breadcrumb":{"@id":"https:\/\/gr1993records.com\/index.php\/product\/mokus-es-a-fabula-rasa-huho-much-ado-cd\/#breadcrumb"},"inLanguage":"hu","potentialAction":[{"@type":"ReadAction","target":["https:\/\/gr1993records.com\/index.php\/product\/mokus-es-a-fabula-rasa-huho-much-ado-cd\/"]}]},{"@type":"ImageObject","inLanguage":"hu","@id":"https:\/\/gr1993records.com\/index.php\/product\/mokus-es-a-fabula-rasa-huho-much-ado-cd\/#primaryimage","url":"https:\/\/gr1993records.com\/wp-content\/uploads\/2025\/07\/Mokus_es_a_Fabula_Rasa_Huho_Much_Ado_1.jpg","contentUrl":"https:\/\/gr1993records.com\/wp-content\/uploads\/2025\/07\/Mokus_es_a_Fabula_Rasa_Huho_Much_Ado_1.jpg","width":960,"height":856},{"@type":"BreadcrumbList","@id":"https:\/\/gr1993records.com\/index.php\/product\/mokus-es-a-fabula-rasa-huho-much-ado-cd\/#breadcrumb","itemListElement":[{"@type":"ListItem","position":1,"name":"Home","item":"https:\/\/gr1993records.com\/"},{"@type":"ListItem","position":2,"name":"Kiadv\u00e1nyok","item":"https:\/\/gr1993records.com\/index.php\/shop\/"},{"@type":"ListItem","position":3,"name":"M\u00f3kus \u00e9s a Fabula Rasa H\u0171h\u00f3 much ado CD"}]},{"@type":"WebSite","@id":"https:\/\/gr1993records.com\/#website","url":"https:\/\/gr1993records.com\/","name":"GR1993 Records","description":"","publisher":{"@id":"https:\/\/gr1993records.com\/#organization"},"potentialAction":[{"@type":"SearchAction","target":{"@type":"EntryPoint","urlTemplate":"https:\/\/gr1993records.com\/?s={search_term_string}"},"query-input":{"@type":"PropertyValueSpecification","valueRequired":true,"valueName":"search_term_string"}}],"inLanguage":"hu"},{"@type":"Organization","@id":"https:\/\/gr1993records.com\/#organization","name":"Gramy-H Ltd.","url":"https:\/\/gr1993records.com\/","logo":{"@type":"ImageObject","inLanguage":"hu","@id":"https:\/\/gr1993records.com\/#\/schema\/logo\/image\/","url":"https:\/\/gr1993records.com\/wp-content\/uploads\/2019\/08\/GR1993_Records_logo_CC.png","contentUrl":"https:\/\/gr1993records.com\/wp-content\/uploads\/2019\/08\/GR1993_Records_logo_CC.png","width":2900,"height":2001,"caption":"Gramy-H Ltd."},"image":{"@id":"https:\/\/gr1993records.com\/#\/schema\/logo\/image\/"},"sameAs":["https:\/\/www.facebook.com\/GR1993Records-113564886691383\/"]}]}},"jetpack_sharing_enabled":true,"_links":{"self":[{"href":"https:\/\/gr1993records.com\/index.php\/wp-json\/wp\/v2\/product\/7620","targetHints":{"allow":["GET"]}}],"collection":[{"href":"https:\/\/gr1993records.com\/index.php\/wp-json\/wp\/v2\/product"}],"about":[{"href":"https:\/\/gr1993records.com\/index.php\/wp-json\/wp\/v2\/types\/product"}],"wp:featuredmedia":[{"embeddable":true,"href":"https:\/\/gr1993records.com\/index.php\/wp-json\/wp\/v2\/media\/7621"}],"wp:attachment":[{"href":"https:\/\/gr1993records.com\/index.php\/wp-json\/wp\/v2\/media?parent=7620"}],"wp:term":[{"taxonomy":"product_brand","embeddable":true,"href":"https:\/\/gr1993records.com\/index.php\/wp-json\/wp\/v2\/product_brand?post=7620"},{"taxonomy":"product_cat","embeddable":true,"href":"https:\/\/gr1993records.com\/index.php\/wp-json\/wp\/v2\/product_cat?post=7620"},{"taxonomy":"product_tag","embeddable":true,"href":"https:\/\/gr1993records.com\/index.php\/wp-json\/wp\/v2\/product_tag?post=7620"}],"curies":[{"name":"wp","href":"https:\/\/api.w.org\/{rel}","templated":true}]}}