{"id":7599,"date":"2011-01-26T15:39:15","date_gmt":"2011-01-26T14:39:15","guid":{"rendered":"https:\/\/gr1993records.com\/?post_type=product&#038;p=7599"},"modified":"2026-03-31T12:07:51","modified_gmt":"2026-03-31T10:07:51","slug":"pocsai-kriszta-quartet-home-at-last-cd","status":"publish","type":"product","link":"https:\/\/gr1993records.com\/index.php\/product\/pocsai-kriszta-quartet-home-at-last-cd\/","title":{"rendered":"Pocsai Kriszta Quartet <br\/>Home at last <br\/>CD"},"content":{"rendered":"<p>[vc_row][vc_column][vc_column_text]<strong>Pocsai Krisztina<\/strong> az egyik legjobb hazai jazz \u00e9nekes, aki sz\u00e1mos produkci\u00f3 sz\u00ednvonal\u00e1t emelte m\u00e1r tehets\u00e9g\u00e9vel, de id\u00e1ig ad\u00f3sunk maradt \u00f6n\u00e1ll\u00f3 albummal. \u0150 maga \u00edgy vall a lemezr\u0151l:<\/p>\n<p><em>A \u201eHome at last\u201d c. album els\u0151 \u00f6n\u00e1ll\u00f3 el\u0151ad\u00f3i-szerz\u0151i lemezem. Az elm\u00falt hat \u00e9v term\u00e9se. \u201eV\u00e9gre itthon\u201d \u2013 t\u00f6bb szempontb\u00f3l is igaz. Megtal\u00e1ltam a p\u00e1rom, megtal\u00e1ltuk els\u0151 k\u00f6z\u00f6s otthonunkat \u00e9s a c\u00edmad\u00f3 dal st\u00fadi\u00f3munk\u00e1latai alatt m\u00e1r sz\u00edvem alatt hordtam els\u0151 gyermek\u00fcnket. K\u00edv\u00e1nhat-e n\u0151, ember enn\u00e9l t\u00f6bbet! Azt hiszem nem. M\u00e9gis sok minden m\u00e1s is megadatott. P\u00e9ld\u00e1ul olyan zen\u00e9szt\u00e1rsak, akikkel \u00e9vek \u00f3ta muzsik\u00e1lunk egy\u00fctt \u00f6r\u00f6mmel, kreativit\u00e1ssal. A pr\u00f3b\u00e1kon \u00e9s koncerteken emberileg \u00e9s szakmailag is inspir\u00e1lnak. Ez a lemez nem j\u00f6tt volna l\u00e9tre n\u00e9lk\u00fcl\u00fck! <\/em><\/p>\n<p><em>Saj\u00e1t dalaimban pillanatnyi hangulatokat, \u00e9letem bizonyos id\u0151szakaira jellemz\u0151 \u00e9rzelmeket, gondolatokat fogalmaztam meg. Vannak k\u00f6zt\u00fck ill\u00e9konyak \u00e9s tal\u00e1n kev\u00e9sb\u00e9 m\u00faland\u00f3ak, majd az id\u0151 eld\u00f6nti. Zenei megfogalmaz\u00e1suk az elm\u00falt \u00e9vek sor\u00e1n form\u00e1l\u00f3dott \u00e9s val\u00f3sz\u00edn\u0171leg a j\u00f6v\u0151ben is v\u00e1ltozni fog. A lemez teh\u00e1t egy pillanatfelv\u00e9tel 2009 nyar\u00e1r\u00f3l \u00e9s 2010 tavasz\u00e1r\u00f3l. Soksz\u00edn\u0171 pillanatfelv\u00e9tel. A dalok k\u00f6z\u00f6tt van swinges, groovos, latinos, p\u00e1ratlan \u00e9s persze ballada. A c\u00edmad\u00f3 dalt k\u00f6z\u00f6sen \u00edrtuk \u00e9s hangszerelt\u00fck a p\u00e1rommal von\u00f3sn\u00e9gyesre.<\/em>[\/vc_column_text][vc_separator][\/vc_column][\/vc_row][vc_row][vc_column][vc_column_text]<\/p>\n<h3 style=\"text-align: center;\"><strong>Tracklista<\/strong><\/h3>\n<p>[\/vc_column_text][vc_column_text]<\/p>\n<ol start=\"1\" type=\"1\">\n<li style=\"text-align: center;\">Pocsai K.: Really Tricky<\/li>\n<li style=\"text-align: center;\">Carlos Castaneda \u2013 Pocsai. K.: Camino con Corazon<\/li>\n<li style=\"text-align: center;\">Pocsai K.: The Thought of Your Belly<\/li>\n<li style=\"text-align: center;\">Pocsai K.: Longing for You<\/li>\n<li style=\"text-align: center;\">Miguel de Unamuno \u2013 Pocsai K.: La Vida<\/li>\n<li style=\"text-align: center;\">Ruben Dar\u00edo \u2013 Pocsai K.: Lo Fatal<\/li>\n<li style=\"text-align: center;\">Pocsai K.: Roots or Wings<\/li>\n<li style=\"text-align: center;\">Pocsai K.: Chrystal Chandelier<\/li>\n<li style=\"text-align: center;\">Pocsai K.: Responsibility<\/li>\n<li style=\"text-align: center;\">Pocsai K. \u2013 Frey Gy\u00f6rgy: Home at Last<\/li>\n<\/ol>\n<p>[\/vc_column_text][\/vc_column][\/vc_row][vc_row][vc_column][vc_column_text]<\/p>\n<p style=\"text-align: center;\"><b>K\u00f6zrem\u0171k\u00f6d\u0151k:<\/b><\/p>\n<p style=\"text-align: center;\">Pocsai Krisztina &#8211; \u00e9nek<br \/>\nCseke G\u00e1bor \u2013 zongora<br \/>\nBarcza Horv\u00e1th J\u00f3zsef \u2013 b\u0151g\u0151<br \/>\nMohay Andr\u00e1s \u2013 dob<br \/>\nKov\u00e1cs Erika \u2013 heged\u0171<br \/>\nBoh\u00e1k Melinda \u2013 heged\u0171<br \/>\nWinkler Zs\u00f3fia \u2013 heged\u0171<br \/>\nG\u00e1l B\u00e9la &#8211; csell\u00f3<\/p>\n<p>[\/vc_column_text][\/vc_column][\/vc_row]<\/p>","protected":false},"excerpt":{"rendered":"<p>[vc_row][vc_column][vc_column_text]Pocsai Krisztina az egyik legjobb hazai jazz \u00e9nekes, aki sz\u00e1mos produkci\u00f3 sz\u00ednvonal\u00e1t emelte m\u00e1r tehets\u00e9g\u00e9vel, de id\u00e1ig ad\u00f3sunk maradt \u00f6n\u00e1ll\u00f3 albummal. \u0150 maga \u00edgy vall a lemezr\u0151l: A \u201eHome at last\u201d c. album els\u0151 \u00f6n\u00e1ll\u00f3 el\u0151ad\u00f3i-szerz\u0151i lemezem. Az elm\u00falt hat \u00e9v term\u00e9se. \u201eV\u00e9gre itthon\u201d \u2013 t\u00f6bb szempontb\u00f3l is igaz. Megtal\u00e1ltam a p\u00e1rom, megtal\u00e1ltuk els\u0151 k\u00f6z\u00f6s [&hellip;]<\/p>\n","protected":false},"featured_media":7600,"template":"","meta":[],"product_brand":[],"product_cat":[92],"product_tag":[],"class_list":{"0":"post-7599","1":"product","2":"type-product","3":"status-publish","4":"has-post-thumbnail","6":"product_cat-cd","7":"yith_product_brand-pocsai-kriszta","8":"col-12 col-sm-6 col-md-4","10":"first","11":"instock","12":"sale","13":"shipping-taxable","14":"purchasable","15":"product-type-simple"},"yoast_head":"<!-- This site is optimized with the Yoast SEO plugin v27.2 - https:\/\/yoast.com\/product\/yoast-seo-wordpress\/ -->\n<title>Pocsai Kriszta Quartet Home at last CD &#8211; GR1993 Records<\/title>\n<meta name=\"robots\" content=\"index, follow, max-snippet:-1, max-image-preview:large, max-video-preview:-1\" \/>\n<link rel=\"canonical\" href=\"https:\/\/gr1993records.com\/index.php\/product\/pocsai-kriszta-quartet-home-at-last-cd\/\" \/>\n<meta property=\"og:locale\" content=\"hu_HU\" \/>\n<meta property=\"og:type\" content=\"article\" \/>\n<meta property=\"og:title\" content=\"Pocsai Kriszta Quartet Home at last CD &#8211; GR1993 Records\" \/>\n<meta property=\"og:description\" content=\"[vc_row][vc_column][vc_column_text]Pocsai Krisztina az egyik legjobb hazai jazz \u00e9nekes, aki sz\u00e1mos produkci\u00f3 sz\u00ednvonal\u00e1t emelte m\u00e1r tehets\u00e9g\u00e9vel, de id\u00e1ig ad\u00f3sunk maradt \u00f6n\u00e1ll\u00f3 albummal. \u0150 maga \u00edgy vall a lemezr\u0151l: A \u201eHome at last\u201d c. album els\u0151 \u00f6n\u00e1ll\u00f3 el\u0151ad\u00f3i-szerz\u0151i lemezem. Az elm\u00falt hat \u00e9v term\u00e9se. \u201eV\u00e9gre itthon\u201d \u2013 t\u00f6bb szempontb\u00f3l is igaz. Megtal\u00e1ltam a p\u00e1rom, megtal\u00e1ltuk els\u0151 k\u00f6z\u00f6s [&hellip;]\" \/>\n<meta property=\"og:url\" content=\"https:\/\/gr1993records.com\/index.php\/product\/pocsai-kriszta-quartet-home-at-last-cd\/\" \/>\n<meta property=\"og:site_name\" content=\"GR1993 Records\" \/>\n<meta property=\"article:publisher\" content=\"https:\/\/www.facebook.com\/GR1993Records-113564886691383\/\" \/>\n<meta property=\"article:modified_time\" content=\"2026-03-31T10:07:51+00:00\" \/>\n<meta property=\"og:image\" content=\"https:\/\/gr1993records.com\/wp-content\/uploads\/2025\/06\/pocsai_kriszta_homa_at_last_CD.jpg\" \/>\n\t<meta property=\"og:image:width\" content=\"2000\" \/>\n\t<meta property=\"og:image:height\" content=\"2000\" \/>\n\t<meta property=\"og:image:type\" content=\"image\/jpeg\" \/>\n<meta name=\"twitter:card\" content=\"summary_large_image\" \/>\n<meta name=\"twitter:image\" content=\"https:\/\/gr1993records.com\/wp-content\/uploads\/2025\/06\/pocsai_kriszta_homa_at_last_CD.jpg\" \/>\n<meta name=\"twitter:label1\" content=\"Becs\u00fclt olvas\u00e1si id\u0151\" \/>\n\t<meta name=\"twitter:data1\" content=\"2 perc\" \/>\n<script type=\"application\/ld+json\" class=\"yoast-schema-graph\">{\"@context\":\"https:\/\/schema.org\",\"@graph\":[{\"@type\":\"WebPage\",\"@id\":\"https:\/\/gr1993records.com\/index.php\/product\/pocsai-kriszta-quartet-home-at-last-cd\/\",\"url\":\"https:\/\/gr1993records.com\/index.php\/product\/pocsai-kriszta-quartet-home-at-last-cd\/\",\"name\":\"Pocsai Kriszta Quartet Home at last CD &#8211; GR1993 Records\",\"isPartOf\":{\"@id\":\"https:\/\/gr1993records.com\/#website\"},\"primaryImageOfPage\":{\"@id\":\"https:\/\/gr1993records.com\/index.php\/product\/pocsai-kriszta-quartet-home-at-last-cd\/#primaryimage\"},\"image\":{\"@id\":\"https:\/\/gr1993records.com\/index.php\/product\/pocsai-kriszta-quartet-home-at-last-cd\/#primaryimage\"},\"thumbnailUrl\":\"https:\/\/gr1993records.com\/wp-content\/uploads\/2025\/06\/pocsai_kriszta_homa_at_last_CD.jpg\",\"datePublished\":\"2011-01-26T14:39:15+00:00\",\"dateModified\":\"2026-03-31T10:07:51+00:00\",\"breadcrumb\":{\"@id\":\"https:\/\/gr1993records.com\/index.php\/product\/pocsai-kriszta-quartet-home-at-last-cd\/#breadcrumb\"},\"inLanguage\":\"hu\",\"potentialAction\":[{\"@type\":\"ReadAction\",\"target\":[\"https:\/\/gr1993records.com\/index.php\/product\/pocsai-kriszta-quartet-home-at-last-cd\/\"]}]},{\"@type\":\"ImageObject\",\"inLanguage\":\"hu\",\"@id\":\"https:\/\/gr1993records.com\/index.php\/product\/pocsai-kriszta-quartet-home-at-last-cd\/#primaryimage\",\"url\":\"https:\/\/gr1993records.com\/wp-content\/uploads\/2025\/06\/pocsai_kriszta_homa_at_last_CD.jpg\",\"contentUrl\":\"https:\/\/gr1993records.com\/wp-content\/uploads\/2025\/06\/pocsai_kriszta_homa_at_last_CD.jpg\",\"width\":2000,\"height\":2000},{\"@type\":\"BreadcrumbList\",\"@id\":\"https:\/\/gr1993records.com\/index.php\/product\/pocsai-kriszta-quartet-home-at-last-cd\/#breadcrumb\",\"itemListElement\":[{\"@type\":\"ListItem\",\"position\":1,\"name\":\"Home\",\"item\":\"https:\/\/gr1993records.com\/\"},{\"@type\":\"ListItem\",\"position\":2,\"name\":\"Kiadv\u00e1nyok\",\"item\":\"https:\/\/gr1993records.com\/index.php\/shop\/\"},{\"@type\":\"ListItem\",\"position\":3,\"name\":\"Pocsai Kriszta Quartet Home at last CD\"}]},{\"@type\":\"WebSite\",\"@id\":\"https:\/\/gr1993records.com\/#website\",\"url\":\"https:\/\/gr1993records.com\/\",\"name\":\"GR1993 Records\",\"description\":\"\",\"publisher\":{\"@id\":\"https:\/\/gr1993records.com\/#organization\"},\"potentialAction\":[{\"@type\":\"SearchAction\",\"target\":{\"@type\":\"EntryPoint\",\"urlTemplate\":\"https:\/\/gr1993records.com\/?s={search_term_string}\"},\"query-input\":{\"@type\":\"PropertyValueSpecification\",\"valueRequired\":true,\"valueName\":\"search_term_string\"}}],\"inLanguage\":\"hu\"},{\"@type\":\"Organization\",\"@id\":\"https:\/\/gr1993records.com\/#organization\",\"name\":\"Gramy-H Ltd.\",\"url\":\"https:\/\/gr1993records.com\/\",\"logo\":{\"@type\":\"ImageObject\",\"inLanguage\":\"hu\",\"@id\":\"https:\/\/gr1993records.com\/#\/schema\/logo\/image\/\",\"url\":\"https:\/\/gr1993records.com\/wp-content\/uploads\/2019\/08\/GR1993_Records_logo_CC.png\",\"contentUrl\":\"https:\/\/gr1993records.com\/wp-content\/uploads\/2019\/08\/GR1993_Records_logo_CC.png\",\"width\":2900,\"height\":2001,\"caption\":\"Gramy-H Ltd.\"},\"image\":{\"@id\":\"https:\/\/gr1993records.com\/#\/schema\/logo\/image\/\"},\"sameAs\":[\"https:\/\/www.facebook.com\/GR1993Records-113564886691383\/\"]}]}<\/script>\n<!-- \/ Yoast SEO plugin. -->","yoast_head_json":{"title":"Pocsai Kriszta Quartet Home at last CD &#8211; GR1993 Records","robots":{"index":"index","follow":"follow","max-snippet":"max-snippet:-1","max-image-preview":"max-image-preview:large","max-video-preview":"max-video-preview:-1"},"canonical":"https:\/\/gr1993records.com\/index.php\/product\/pocsai-kriszta-quartet-home-at-last-cd\/","og_locale":"hu_HU","og_type":"article","og_title":"Pocsai Kriszta Quartet Home at last CD &#8211; GR1993 Records","og_description":"[vc_row][vc_column][vc_column_text]Pocsai Krisztina az egyik legjobb hazai jazz \u00e9nekes, aki sz\u00e1mos produkci\u00f3 sz\u00ednvonal\u00e1t emelte m\u00e1r tehets\u00e9g\u00e9vel, de id\u00e1ig ad\u00f3sunk maradt \u00f6n\u00e1ll\u00f3 albummal. \u0150 maga \u00edgy vall a lemezr\u0151l: A \u201eHome at last\u201d c. album els\u0151 \u00f6n\u00e1ll\u00f3 el\u0151ad\u00f3i-szerz\u0151i lemezem. Az elm\u00falt hat \u00e9v term\u00e9se. \u201eV\u00e9gre itthon\u201d \u2013 t\u00f6bb szempontb\u00f3l is igaz. Megtal\u00e1ltam a p\u00e1rom, megtal\u00e1ltuk els\u0151 k\u00f6z\u00f6s [&hellip;]","og_url":"https:\/\/gr1993records.com\/index.php\/product\/pocsai-kriszta-quartet-home-at-last-cd\/","og_site_name":"GR1993 Records","article_publisher":"https:\/\/www.facebook.com\/GR1993Records-113564886691383\/","article_modified_time":"2026-03-31T10:07:51+00:00","og_image":[{"width":2000,"height":2000,"url":"https:\/\/gr1993records.com\/wp-content\/uploads\/2025\/06\/pocsai_kriszta_homa_at_last_CD.jpg","type":"image\/jpeg"}],"twitter_card":"summary_large_image","twitter_image":"https:\/\/gr1993records.com\/wp-content\/uploads\/2025\/06\/pocsai_kriszta_homa_at_last_CD.jpg","twitter_misc":{"Becs\u00fclt olvas\u00e1si id\u0151":"2 perc"},"schema":{"@context":"https:\/\/schema.org","@graph":[{"@type":"WebPage","@id":"https:\/\/gr1993records.com\/index.php\/product\/pocsai-kriszta-quartet-home-at-last-cd\/","url":"https:\/\/gr1993records.com\/index.php\/product\/pocsai-kriszta-quartet-home-at-last-cd\/","name":"Pocsai Kriszta Quartet Home at last CD &#8211; GR1993 Records","isPartOf":{"@id":"https:\/\/gr1993records.com\/#website"},"primaryImageOfPage":{"@id":"https:\/\/gr1993records.com\/index.php\/product\/pocsai-kriszta-quartet-home-at-last-cd\/#primaryimage"},"image":{"@id":"https:\/\/gr1993records.com\/index.php\/product\/pocsai-kriszta-quartet-home-at-last-cd\/#primaryimage"},"thumbnailUrl":"https:\/\/gr1993records.com\/wp-content\/uploads\/2025\/06\/pocsai_kriszta_homa_at_last_CD.jpg","datePublished":"2011-01-26T14:39:15+00:00","dateModified":"2026-03-31T10:07:51+00:00","breadcrumb":{"@id":"https:\/\/gr1993records.com\/index.php\/product\/pocsai-kriszta-quartet-home-at-last-cd\/#breadcrumb"},"inLanguage":"hu","potentialAction":[{"@type":"ReadAction","target":["https:\/\/gr1993records.com\/index.php\/product\/pocsai-kriszta-quartet-home-at-last-cd\/"]}]},{"@type":"ImageObject","inLanguage":"hu","@id":"https:\/\/gr1993records.com\/index.php\/product\/pocsai-kriszta-quartet-home-at-last-cd\/#primaryimage","url":"https:\/\/gr1993records.com\/wp-content\/uploads\/2025\/06\/pocsai_kriszta_homa_at_last_CD.jpg","contentUrl":"https:\/\/gr1993records.com\/wp-content\/uploads\/2025\/06\/pocsai_kriszta_homa_at_last_CD.jpg","width":2000,"height":2000},{"@type":"BreadcrumbList","@id":"https:\/\/gr1993records.com\/index.php\/product\/pocsai-kriszta-quartet-home-at-last-cd\/#breadcrumb","itemListElement":[{"@type":"ListItem","position":1,"name":"Home","item":"https:\/\/gr1993records.com\/"},{"@type":"ListItem","position":2,"name":"Kiadv\u00e1nyok","item":"https:\/\/gr1993records.com\/index.php\/shop\/"},{"@type":"ListItem","position":3,"name":"Pocsai Kriszta Quartet Home at last CD"}]},{"@type":"WebSite","@id":"https:\/\/gr1993records.com\/#website","url":"https:\/\/gr1993records.com\/","name":"GR1993 Records","description":"","publisher":{"@id":"https:\/\/gr1993records.com\/#organization"},"potentialAction":[{"@type":"SearchAction","target":{"@type":"EntryPoint","urlTemplate":"https:\/\/gr1993records.com\/?s={search_term_string}"},"query-input":{"@type":"PropertyValueSpecification","valueRequired":true,"valueName":"search_term_string"}}],"inLanguage":"hu"},{"@type":"Organization","@id":"https:\/\/gr1993records.com\/#organization","name":"Gramy-H Ltd.","url":"https:\/\/gr1993records.com\/","logo":{"@type":"ImageObject","inLanguage":"hu","@id":"https:\/\/gr1993records.com\/#\/schema\/logo\/image\/","url":"https:\/\/gr1993records.com\/wp-content\/uploads\/2019\/08\/GR1993_Records_logo_CC.png","contentUrl":"https:\/\/gr1993records.com\/wp-content\/uploads\/2019\/08\/GR1993_Records_logo_CC.png","width":2900,"height":2001,"caption":"Gramy-H Ltd."},"image":{"@id":"https:\/\/gr1993records.com\/#\/schema\/logo\/image\/"},"sameAs":["https:\/\/www.facebook.com\/GR1993Records-113564886691383\/"]}]}},"jetpack_sharing_enabled":true,"_links":{"self":[{"href":"https:\/\/gr1993records.com\/index.php\/wp-json\/wp\/v2\/product\/7599","targetHints":{"allow":["GET"]}}],"collection":[{"href":"https:\/\/gr1993records.com\/index.php\/wp-json\/wp\/v2\/product"}],"about":[{"href":"https:\/\/gr1993records.com\/index.php\/wp-json\/wp\/v2\/types\/product"}],"wp:featuredmedia":[{"embeddable":true,"href":"https:\/\/gr1993records.com\/index.php\/wp-json\/wp\/v2\/media\/7600"}],"wp:attachment":[{"href":"https:\/\/gr1993records.com\/index.php\/wp-json\/wp\/v2\/media?parent=7599"}],"wp:term":[{"taxonomy":"product_brand","embeddable":true,"href":"https:\/\/gr1993records.com\/index.php\/wp-json\/wp\/v2\/product_brand?post=7599"},{"taxonomy":"product_cat","embeddable":true,"href":"https:\/\/gr1993records.com\/index.php\/wp-json\/wp\/v2\/product_cat?post=7599"},{"taxonomy":"product_tag","embeddable":true,"href":"https:\/\/gr1993records.com\/index.php\/wp-json\/wp\/v2\/product_tag?post=7599"}],"curies":[{"name":"wp","href":"https:\/\/api.w.org\/{rel}","templated":true}]}}