{"id":7580,"date":"2009-01-01T16:28:56","date_gmt":"2009-01-01T15:28:56","guid":{"rendered":"https:\/\/gr1993records.com\/?post_type=product&#038;p=7580"},"modified":"2026-03-31T12:09:15","modified_gmt":"2026-03-31T10:09:15","slug":"richard-szaniszlo-hands-of-passion-ballads-and-other-stories-cd","status":"publish","type":"product","link":"https:\/\/gr1993records.com\/index.php\/product\/richard-szaniszlo-hands-of-passion-ballads-and-other-stories-cd\/","title":{"rendered":"Richard Szaniszlo <br>Hands of Passion <br>(ballads and other stories) <br>CD"},"content":{"rendered":"<p>[vc_row][vc_column][vc_column_text]A 2009-ben megjelent album a vibrafon-zongora-\u00fct\u0151hangszerek tri\u00f3j\u00e1nak saj\u00e1tos hangz\u00e1svil\u00e1g\u00e1n alapszik. Szaniszl\u00f3 szerzem\u00e9nyei kombin\u00e1lj\u00e1k a jazz zene virtu\u00f3z \u00e9s emocion\u00e1lis elemeit. \u00d6t ver\u0151vel is j\u00e1tszik, ami egyed\u00fcl\u00e1ll\u00f3 a jazz vibrafonosok \u00e9s \u00e1ltal\u00e1ban a jazz zene vil\u00e1g\u00e1ban.[\/vc_column_text][vc_empty_space height=&#8221;30px&#8221;][vc_column_text]<\/p>\n<h3 style=\"text-align: center;\"><strong>Tracklista<\/strong><\/h3>\n<p>[\/vc_column_text][\/vc_column][\/vc_row][vc_row][vc_column][vc_column_text]<\/p>\n<p style=\"text-align: center;\">1. Duet<br \/>\n2. Sound Pictures<br \/>\n3. Cradle-Song<br \/>\n4. Carnaval Di Rio<br \/>\n5. Hungarian Dance<br \/>\n6. Ballad (Gabor Cseke)<br \/>\n7. Schizophrenia<br \/>\n8. White Roses<br \/>\n9. Sophie\u2019s Song<br \/>\n10. Beats in Space (Gabor Cseke)<br \/>\n11. Let Him Go<\/p>\n<p>[\/vc_column_text][\/vc_column][\/vc_row][vc_row][vc_column][vc_column_text]<\/p>\n<h4 style=\"text-align: center;\"><strong>K\u00f6zrem\u0171k\u00f6d\u0151k:<\/strong><\/h4>\n<p style=\"text-align: center;\">Richard Szaniszlo &#8211; vibraphone<br \/>\nGabor Cseke &#8211; piano<br \/>\nCsaba Pusztai &#8211; percussion (3, 4, 7, 8, 9, 10)<\/p>\n<p>[\/vc_column_text][\/vc_column][\/vc_row]<\/p>","protected":false},"excerpt":{"rendered":"<p>[vc_row][vc_column][vc_column_text]A 2009-ben megjelent album a vibrafon-zongora-\u00fct\u0151hangszerek tri\u00f3j\u00e1nak saj\u00e1tos hangz\u00e1svil\u00e1g\u00e1n alapszik. Szaniszl\u00f3 szerzem\u00e9nyei kombin\u00e1lj\u00e1k a jazz zene virtu\u00f3z \u00e9s emocion\u00e1lis elemeit. \u00d6t ver\u0151vel is j\u00e1tszik, ami egyed\u00fcl\u00e1ll\u00f3 a jazz vibrafonosok \u00e9s \u00e1ltal\u00e1ban a jazz zene vil\u00e1g\u00e1ban.[\/vc_column_text][vc_empty_space height=&#8221;30px&#8221;][vc_column_text] Tracklista [\/vc_column_text][\/vc_column][\/vc_row][vc_row][vc_column][vc_column_text] 1. Duet 2. Sound Pictures 3. Cradle-Song 4. Carnaval Di Rio 5. Hungarian Dance 6. Ballad (Gabor [&hellip;]<\/p>\n","protected":false},"featured_media":7582,"template":"","meta":[],"product_brand":[],"product_cat":[92],"product_tag":[],"class_list":{"0":"post-7580","1":"product","2":"type-product","3":"status-publish","4":"has-post-thumbnail","6":"product_cat-cd","7":"yith_product_brand-szaniszlo-richard","8":"col-12 col-sm-6 col-md-4","10":"first","11":"instock","12":"sale","13":"shipping-taxable","14":"purchasable","15":"product-type-simple"},"yoast_head":"<!-- This site is optimized with the Yoast SEO plugin v27.2 - https:\/\/yoast.com\/product\/yoast-seo-wordpress\/ -->\n<title>Richard Szaniszlo Hands of Passion (ballads and other stories) CD &#8211; GR1993 Records<\/title>\n<meta name=\"robots\" content=\"index, follow, max-snippet:-1, max-image-preview:large, max-video-preview:-1\" \/>\n<link rel=\"canonical\" href=\"https:\/\/gr1993records.com\/index.php\/product\/richard-szaniszlo-hands-of-passion-ballads-and-other-stories-cd\/\" \/>\n<meta property=\"og:locale\" content=\"hu_HU\" \/>\n<meta property=\"og:type\" content=\"article\" \/>\n<meta property=\"og:title\" content=\"Richard Szaniszlo Hands of Passion (ballads and other stories) CD &#8211; GR1993 Records\" \/>\n<meta property=\"og:description\" content=\"[vc_row][vc_column][vc_column_text]A 2009-ben megjelent album a vibrafon-zongora-\u00fct\u0151hangszerek tri\u00f3j\u00e1nak saj\u00e1tos hangz\u00e1svil\u00e1g\u00e1n alapszik. Szaniszl\u00f3 szerzem\u00e9nyei kombin\u00e1lj\u00e1k a jazz zene virtu\u00f3z \u00e9s emocion\u00e1lis elemeit. \u00d6t ver\u0151vel is j\u00e1tszik, ami egyed\u00fcl\u00e1ll\u00f3 a jazz vibrafonosok \u00e9s \u00e1ltal\u00e1ban a jazz zene vil\u00e1g\u00e1ban.[\/vc_column_text][vc_empty_space height=&#8221;30px&#8221;][vc_column_text] Tracklista [\/vc_column_text][\/vc_column][\/vc_row][vc_row][vc_column][vc_column_text] 1. Duet 2. Sound Pictures 3. Cradle-Song 4. Carnaval Di Rio 5. Hungarian Dance 6. Ballad (Gabor [&hellip;]\" \/>\n<meta property=\"og:url\" content=\"https:\/\/gr1993records.com\/index.php\/product\/richard-szaniszlo-hands-of-passion-ballads-and-other-stories-cd\/\" \/>\n<meta property=\"og:site_name\" content=\"GR1993 Records\" \/>\n<meta property=\"article:publisher\" content=\"https:\/\/www.facebook.com\/GR1993Records-113564886691383\/\" \/>\n<meta property=\"article:modified_time\" content=\"2026-03-31T10:09:15+00:00\" \/>\n<meta property=\"og:image\" content=\"https:\/\/gr1993records.com\/wp-content\/uploads\/2025\/06\/szaniszlo_richard_hands_of_passion_CD_cover_small.jpg\" \/>\n\t<meta property=\"og:image:width\" content=\"500\" \/>\n\t<meta property=\"og:image:height\" content=\"500\" \/>\n\t<meta property=\"og:image:type\" content=\"image\/jpeg\" \/>\n<meta name=\"twitter:card\" content=\"summary_large_image\" \/>\n<meta name=\"twitter:image\" content=\"https:\/\/gr1993records.com\/wp-content\/uploads\/2025\/06\/szaniszlo_richard_hands_of_passion_CD_cover_small.jpg\" \/>\n<meta name=\"twitter:label1\" content=\"Becs\u00fclt olvas\u00e1si id\u0151\" \/>\n\t<meta name=\"twitter:data1\" content=\"1 perc\" \/>\n<script type=\"application\/ld+json\" class=\"yoast-schema-graph\">{\"@context\":\"https:\/\/schema.org\",\"@graph\":[{\"@type\":\"WebPage\",\"@id\":\"https:\/\/gr1993records.com\/index.php\/product\/richard-szaniszlo-hands-of-passion-ballads-and-other-stories-cd\/\",\"url\":\"https:\/\/gr1993records.com\/index.php\/product\/richard-szaniszlo-hands-of-passion-ballads-and-other-stories-cd\/\",\"name\":\"Richard Szaniszlo Hands of Passion (ballads and other stories) CD &#8211; GR1993 Records\",\"isPartOf\":{\"@id\":\"https:\/\/gr1993records.com\/#website\"},\"primaryImageOfPage\":{\"@id\":\"https:\/\/gr1993records.com\/index.php\/product\/richard-szaniszlo-hands-of-passion-ballads-and-other-stories-cd\/#primaryimage\"},\"image\":{\"@id\":\"https:\/\/gr1993records.com\/index.php\/product\/richard-szaniszlo-hands-of-passion-ballads-and-other-stories-cd\/#primaryimage\"},\"thumbnailUrl\":\"https:\/\/gr1993records.com\/wp-content\/uploads\/2025\/06\/szaniszlo_richard_hands_of_passion_CD_cover.jpg\",\"datePublished\":\"2009-01-01T15:28:56+00:00\",\"dateModified\":\"2026-03-31T10:09:15+00:00\",\"breadcrumb\":{\"@id\":\"https:\/\/gr1993records.com\/index.php\/product\/richard-szaniszlo-hands-of-passion-ballads-and-other-stories-cd\/#breadcrumb\"},\"inLanguage\":\"hu\",\"potentialAction\":[{\"@type\":\"ReadAction\",\"target\":[\"https:\/\/gr1993records.com\/index.php\/product\/richard-szaniszlo-hands-of-passion-ballads-and-other-stories-cd\/\"]}]},{\"@type\":\"ImageObject\",\"inLanguage\":\"hu\",\"@id\":\"https:\/\/gr1993records.com\/index.php\/product\/richard-szaniszlo-hands-of-passion-ballads-and-other-stories-cd\/#primaryimage\",\"url\":\"https:\/\/gr1993records.com\/wp-content\/uploads\/2025\/06\/szaniszlo_richard_hands_of_passion_CD_cover.jpg\",\"contentUrl\":\"https:\/\/gr1993records.com\/wp-content\/uploads\/2025\/06\/szaniszlo_richard_hands_of_passion_CD_cover.jpg\",\"width\":2000,\"height\":2000},{\"@type\":\"BreadcrumbList\",\"@id\":\"https:\/\/gr1993records.com\/index.php\/product\/richard-szaniszlo-hands-of-passion-ballads-and-other-stories-cd\/#breadcrumb\",\"itemListElement\":[{\"@type\":\"ListItem\",\"position\":1,\"name\":\"Home\",\"item\":\"https:\/\/gr1993records.com\/\"},{\"@type\":\"ListItem\",\"position\":2,\"name\":\"Kiadv\u00e1nyok\",\"item\":\"https:\/\/gr1993records.com\/index.php\/shop\/\"},{\"@type\":\"ListItem\",\"position\":3,\"name\":\"Richard Szaniszlo Hands of Passion (ballads and other stories) CD\"}]},{\"@type\":\"WebSite\",\"@id\":\"https:\/\/gr1993records.com\/#website\",\"url\":\"https:\/\/gr1993records.com\/\",\"name\":\"GR1993 Records\",\"description\":\"\",\"publisher\":{\"@id\":\"https:\/\/gr1993records.com\/#organization\"},\"potentialAction\":[{\"@type\":\"SearchAction\",\"target\":{\"@type\":\"EntryPoint\",\"urlTemplate\":\"https:\/\/gr1993records.com\/?s={search_term_string}\"},\"query-input\":{\"@type\":\"PropertyValueSpecification\",\"valueRequired\":true,\"valueName\":\"search_term_string\"}}],\"inLanguage\":\"hu\"},{\"@type\":\"Organization\",\"@id\":\"https:\/\/gr1993records.com\/#organization\",\"name\":\"Gramy-H Ltd.\",\"url\":\"https:\/\/gr1993records.com\/\",\"logo\":{\"@type\":\"ImageObject\",\"inLanguage\":\"hu\",\"@id\":\"https:\/\/gr1993records.com\/#\/schema\/logo\/image\/\",\"url\":\"https:\/\/gr1993records.com\/wp-content\/uploads\/2019\/08\/GR1993_Records_logo_CC.png\",\"contentUrl\":\"https:\/\/gr1993records.com\/wp-content\/uploads\/2019\/08\/GR1993_Records_logo_CC.png\",\"width\":2900,\"height\":2001,\"caption\":\"Gramy-H Ltd.\"},\"image\":{\"@id\":\"https:\/\/gr1993records.com\/#\/schema\/logo\/image\/\"},\"sameAs\":[\"https:\/\/www.facebook.com\/GR1993Records-113564886691383\/\"]}]}<\/script>\n<!-- \/ Yoast SEO plugin. -->","yoast_head_json":{"title":"Richard Szaniszlo Hands of Passion (ballads and other stories) CD &#8211; GR1993 Records","robots":{"index":"index","follow":"follow","max-snippet":"max-snippet:-1","max-image-preview":"max-image-preview:large","max-video-preview":"max-video-preview:-1"},"canonical":"https:\/\/gr1993records.com\/index.php\/product\/richard-szaniszlo-hands-of-passion-ballads-and-other-stories-cd\/","og_locale":"hu_HU","og_type":"article","og_title":"Richard Szaniszlo Hands of Passion (ballads and other stories) CD &#8211; GR1993 Records","og_description":"[vc_row][vc_column][vc_column_text]A 2009-ben megjelent album a vibrafon-zongora-\u00fct\u0151hangszerek tri\u00f3j\u00e1nak saj\u00e1tos hangz\u00e1svil\u00e1g\u00e1n alapszik. Szaniszl\u00f3 szerzem\u00e9nyei kombin\u00e1lj\u00e1k a jazz zene virtu\u00f3z \u00e9s emocion\u00e1lis elemeit. \u00d6t ver\u0151vel is j\u00e1tszik, ami egyed\u00fcl\u00e1ll\u00f3 a jazz vibrafonosok \u00e9s \u00e1ltal\u00e1ban a jazz zene vil\u00e1g\u00e1ban.[\/vc_column_text][vc_empty_space height=&#8221;30px&#8221;][vc_column_text] Tracklista [\/vc_column_text][\/vc_column][\/vc_row][vc_row][vc_column][vc_column_text] 1. Duet 2. Sound Pictures 3. Cradle-Song 4. Carnaval Di Rio 5. Hungarian Dance 6. Ballad (Gabor [&hellip;]","og_url":"https:\/\/gr1993records.com\/index.php\/product\/richard-szaniszlo-hands-of-passion-ballads-and-other-stories-cd\/","og_site_name":"GR1993 Records","article_publisher":"https:\/\/www.facebook.com\/GR1993Records-113564886691383\/","article_modified_time":"2026-03-31T10:09:15+00:00","og_image":[{"width":500,"height":500,"url":"https:\/\/gr1993records.com\/wp-content\/uploads\/2025\/06\/szaniszlo_richard_hands_of_passion_CD_cover_small.jpg","type":"image\/jpeg"}],"twitter_card":"summary_large_image","twitter_image":"https:\/\/gr1993records.com\/wp-content\/uploads\/2025\/06\/szaniszlo_richard_hands_of_passion_CD_cover_small.jpg","twitter_misc":{"Becs\u00fclt olvas\u00e1si id\u0151":"1 perc"},"schema":{"@context":"https:\/\/schema.org","@graph":[{"@type":"WebPage","@id":"https:\/\/gr1993records.com\/index.php\/product\/richard-szaniszlo-hands-of-passion-ballads-and-other-stories-cd\/","url":"https:\/\/gr1993records.com\/index.php\/product\/richard-szaniszlo-hands-of-passion-ballads-and-other-stories-cd\/","name":"Richard Szaniszlo Hands of Passion (ballads and other stories) CD &#8211; GR1993 Records","isPartOf":{"@id":"https:\/\/gr1993records.com\/#website"},"primaryImageOfPage":{"@id":"https:\/\/gr1993records.com\/index.php\/product\/richard-szaniszlo-hands-of-passion-ballads-and-other-stories-cd\/#primaryimage"},"image":{"@id":"https:\/\/gr1993records.com\/index.php\/product\/richard-szaniszlo-hands-of-passion-ballads-and-other-stories-cd\/#primaryimage"},"thumbnailUrl":"https:\/\/gr1993records.com\/wp-content\/uploads\/2025\/06\/szaniszlo_richard_hands_of_passion_CD_cover.jpg","datePublished":"2009-01-01T15:28:56+00:00","dateModified":"2026-03-31T10:09:15+00:00","breadcrumb":{"@id":"https:\/\/gr1993records.com\/index.php\/product\/richard-szaniszlo-hands-of-passion-ballads-and-other-stories-cd\/#breadcrumb"},"inLanguage":"hu","potentialAction":[{"@type":"ReadAction","target":["https:\/\/gr1993records.com\/index.php\/product\/richard-szaniszlo-hands-of-passion-ballads-and-other-stories-cd\/"]}]},{"@type":"ImageObject","inLanguage":"hu","@id":"https:\/\/gr1993records.com\/index.php\/product\/richard-szaniszlo-hands-of-passion-ballads-and-other-stories-cd\/#primaryimage","url":"https:\/\/gr1993records.com\/wp-content\/uploads\/2025\/06\/szaniszlo_richard_hands_of_passion_CD_cover.jpg","contentUrl":"https:\/\/gr1993records.com\/wp-content\/uploads\/2025\/06\/szaniszlo_richard_hands_of_passion_CD_cover.jpg","width":2000,"height":2000},{"@type":"BreadcrumbList","@id":"https:\/\/gr1993records.com\/index.php\/product\/richard-szaniszlo-hands-of-passion-ballads-and-other-stories-cd\/#breadcrumb","itemListElement":[{"@type":"ListItem","position":1,"name":"Home","item":"https:\/\/gr1993records.com\/"},{"@type":"ListItem","position":2,"name":"Kiadv\u00e1nyok","item":"https:\/\/gr1993records.com\/index.php\/shop\/"},{"@type":"ListItem","position":3,"name":"Richard Szaniszlo Hands of Passion (ballads and other stories) CD"}]},{"@type":"WebSite","@id":"https:\/\/gr1993records.com\/#website","url":"https:\/\/gr1993records.com\/","name":"GR1993 Records","description":"","publisher":{"@id":"https:\/\/gr1993records.com\/#organization"},"potentialAction":[{"@type":"SearchAction","target":{"@type":"EntryPoint","urlTemplate":"https:\/\/gr1993records.com\/?s={search_term_string}"},"query-input":{"@type":"PropertyValueSpecification","valueRequired":true,"valueName":"search_term_string"}}],"inLanguage":"hu"},{"@type":"Organization","@id":"https:\/\/gr1993records.com\/#organization","name":"Gramy-H Ltd.","url":"https:\/\/gr1993records.com\/","logo":{"@type":"ImageObject","inLanguage":"hu","@id":"https:\/\/gr1993records.com\/#\/schema\/logo\/image\/","url":"https:\/\/gr1993records.com\/wp-content\/uploads\/2019\/08\/GR1993_Records_logo_CC.png","contentUrl":"https:\/\/gr1993records.com\/wp-content\/uploads\/2019\/08\/GR1993_Records_logo_CC.png","width":2900,"height":2001,"caption":"Gramy-H Ltd."},"image":{"@id":"https:\/\/gr1993records.com\/#\/schema\/logo\/image\/"},"sameAs":["https:\/\/www.facebook.com\/GR1993Records-113564886691383\/"]}]}},"jetpack_sharing_enabled":true,"_links":{"self":[{"href":"https:\/\/gr1993records.com\/index.php\/wp-json\/wp\/v2\/product\/7580","targetHints":{"allow":["GET"]}}],"collection":[{"href":"https:\/\/gr1993records.com\/index.php\/wp-json\/wp\/v2\/product"}],"about":[{"href":"https:\/\/gr1993records.com\/index.php\/wp-json\/wp\/v2\/types\/product"}],"wp:featuredmedia":[{"embeddable":true,"href":"https:\/\/gr1993records.com\/index.php\/wp-json\/wp\/v2\/media\/7582"}],"wp:attachment":[{"href":"https:\/\/gr1993records.com\/index.php\/wp-json\/wp\/v2\/media?parent=7580"}],"wp:term":[{"taxonomy":"product_brand","embeddable":true,"href":"https:\/\/gr1993records.com\/index.php\/wp-json\/wp\/v2\/product_brand?post=7580"},{"taxonomy":"product_cat","embeddable":true,"href":"https:\/\/gr1993records.com\/index.php\/wp-json\/wp\/v2\/product_cat?post=7580"},{"taxonomy":"product_tag","embeddable":true,"href":"https:\/\/gr1993records.com\/index.php\/wp-json\/wp\/v2\/product_tag?post=7580"}],"curies":[{"name":"wp","href":"https:\/\/api.w.org\/{rel}","templated":true}]}}