{"id":7530,"date":"2005-01-01T15:20:43","date_gmt":"2005-01-01T14:20:43","guid":{"rendered":"https:\/\/gr1993records.com\/?post_type=product&#038;p=7530"},"modified":"2026-03-31T12:10:30","modified_gmt":"2026-03-31T10:10:30","slug":"kovacs-ferenc-tranzit-cd","status":"publish","type":"product","link":"https:\/\/gr1993records.com\/index.php\/product\/kovacs-ferenc-tranzit-cd\/","title":{"rendered":"Kov\u00e1cs Ferenc <br>Tranzit <br>CD"},"content":{"rendered":"<p>[vc_row][vc_column][vc_column_text]Ezen lemez zenei anyaga Kov\u00e1cs Gerzson P\u00e9ter TRANZDANZ T\u00e1ncegy\u00fcttes\u00e9nek leg\u00fajabb el\u0151ad\u00e1s\u00e1hoz k\u00e9sz\u00fclt, mely sor\u00e1n \u00e9n \u00e9l\u0151ben j\u00e1tszom a sz\u00ednpadon. Egyes darabok m\u00e1r r\u00e9g megsz\u00fclettek, de csak most ker\u00fcltek bemutat\u00e1sra.<br \/>\nA f\u0151mot\u00edvumot m\u00e9g f\u0151iskol\u00e1s koromban kompon\u00e1ltam 1978 t\u00e1j\u00e1n (Szimmetria). Most j\u00f6tt el az ideje. A repetit\u00edv darabot (Ablak) a 180-as Csoport sz\u00e1m\u00e1ra \u00edrtam, de miel\u0151tt sor ker\u00fclt volna a bepr\u00f3b\u00e1l\u00e1s\u00e1ra, kir\u00fagtak egyeztet\u00e9si probl\u00e9m\u00e1k miatt, ami a Budapest Ragtime egy\u00fcttessel ad\u00f3dott. \u0150k sem j\u00e1tszott\u00e1k el a hozz\u00e1juk \u00edrt \u0150r\u0171lt Rag c\u00edm\u0171 n\u00f3t\u00e1mat, ami viszont csak az el\u0151ad\u00e1son hallhat\u00f3, mivel csup\u00e1n egy sz\u00ednpadi geg. A Hetyke c\u00edm\u0171 darabot a Magony Von\u00f3segy\u00fcttesemre \u00edrtam, s m\u00e1r j\u00e1tszottuk is, de a lemezre magam heged\u0171ltem fel a sz\u00f3lamokat, megk\u00edm\u00e9lve koll\u00e9g\u00e1imat a st\u00fadi\u00f3munka f\u00e1radalmait\u00f3l.<\/p>\n<p>A Kapu c\u00edm\u0171 opusz 2003 tavasz\u00e1n k\u00e9sz\u00fclt, amikor Kov\u00e1cs Zolt\u00e1n zongorista bar\u00e1tommal elhat\u00e1roztuk, hogy jazz-egy\u00fcttest fogunk csin\u00e1lni. (Ennek is most j\u00f6tt el az ideje.) Tulajdonk\u00e9ppen ez a f\u0151darab. Az els\u0151 felj\u00e1tsz\u00e1st tartottuk meg, mert ez a leghitelesebb. Misi t\u00f6k\u00e9letesen fesz\u00edti a hangokat, eredeti az izgalom, amit mindannyian \u00e1t\u00e9lt\u00fcnk. K\u00e9s\u00f6bb hatalmasokat alak\u00edtott a hangszer\u00e9n, de sok volt \u00e9s m\u00e1sr\u00f3l sz\u00f3lt. Azt mondtam neki akkor, hogy &#8220;Szerintem az els\u0151 volt a j\u00f3&#8221;, mire \u0150: &#8220;H\u00e1t persze, mert ott m\u00e1r elj\u00e1tszottam, ami oda kellett!&#8221;<br \/>\nMaga a kapu mot\u00edvum az E \u00e9s F hang k\u00fcl\u00f6n\u00f6s egy\u00fctt\u00e1ll\u00e1sa, mely a fesz\u00fclts\u00e9get kelti. Ennek m\u00e1sik vet\u00fclete a B \u00e9s a H hang. Ezen a tengelyen a megold\u00e1st a desz \u00e9s annak seg\u00e9dhangja, az ASZ adja. Ezt a DESZ hangot a Tibetb\u0151l magammal hozott trombit\u00e1n tal\u00e1ltam meg k\u00e9s\u00f6bb. Semmilyen egy\u00e9b felhang nem sz\u00f3laltathat\u00f3 meg ezen a furcsa t\u00fclk\u00f6n. Ennek a hangnak is most j\u00f6tt el az ideje, \u00f6t \u00e9v ut\u00e1n. Persze ez is csak az el\u0151ad\u00e1son hallhat\u00f3.<\/p>\n<p>A szabad-zen\u00e9ket term\u00e9szetesen \u00fagy j\u00e1tszottuk el, mintha mindenkiben benne lett volna az a h\u00fasz-huszon\u00f6t \u00e9v, melyet Szabados Gy\u00f6rggyel t\u00f6lt\u00f6tt\u00fcnk egy\u00fctt. \u00c9gerh\u00e1zi Attila r\u00f6vid darabja is pont ide illik, hangsor\u00e1val, meditat\u00edv jelleg\u00e9vel.<br \/>\nAmikor k\u00e9t akkord szerepel k\u00eds\u00e9retk\u00e9nt, azt \u00fagy \u00e9p\u00edtettem f\u00f6l, hogy mindkett\u0151 funkci\u00f3 benne legyen egyszerre. El\u00f6sz\u00f6r az egyik van alul a bal k\u00e9zben, s a m\u00e1sik fel\u00fcl, a jobban, majd ford\u00edtva. \u00cdgy izgalmas marad. Ilyen maga a TRANZIT is. Mint egy v\u00e1r\u00f3terem, ahov\u00e1 j\u00f6nnek k\u00fcl\u00f6nb\u00f6z\u0151 helyekr\u0151l, s id\u0151kb\u0151l emberek, s ahonnan megannyi fel\u00e9 elindulnak. M\u00e9gis megt\u00f6rt\u00e9nik a furcsa tal\u00e1lkoz\u00e1s. \u00cdgy van ez a zenekarokn\u00e1l is. Ki \u00e9pp j\u00f6n, ki \u00e9pp megy. Valamit hoz, valamit visz.<br \/>\nKov\u00e1cs Zolt\u00e1n sz\u00f3l\u00f3j\u00e1t\u00e9k\u00e1b\u00f3l ki\u00e9rz\u0151dik, hogy nem csak kiv\u00e1l\u00f3 zongorista, hanem zseni\u00e1lis zeneszerz\u0151 is egyben. Az is j\u00f3, hogy Sziluval m\u00e1r annyira \u00f6sszeszoktak a Djabe zenekarban. Matyival persze k\u00f6nny\u0171 \u00f6sszeszokni, mert mindenhov\u00e1 \u0151t h\u00edvj\u00e1k b\u0151g\u0151snek. Egyszer mondtam neki, hogy &#8220;Matyi figyelj, akarok veled besz\u00e9lni&#8221;, mire \u0150: &#8220;Bocsi, de nem v\u00e1llalok t\u00f6bb egy\u00fcttest!&#8221; H\u00e1t azt\u00e1n \u0150 is bet\u00e9rt a v\u00e1r\u00f3ba. A Sipi b\u00e1csi sajnos nem b\u00edrt elj\u00f6nni, ez\u00e9rt nekem kellett felj\u00e1tszani az \u00fct\u0151s r\u00e9szeket. Az igaz, hogy \u00e9n k\u00e9sz\u00edtettem a b\u00f6szme nagy afrikai mint\u00e1j\u00fa faszilofonokat, de a vert nem volt pof\u00e1m k\u00e9zbe venni, \u00edgy teny\u00e9rrel, ujjakkal dolgoztam. Kider\u00fclt, hogy \u00edgy j\u00f3 ez is. Ez meg a basszusgit\u00e1r ritmik\u00e1ja adja meg a Kapu f\u00f6ldl\u00fcktet\u00e9s\u00e9t, f\u00f6ldsz\u00edv\u00e9t. Akkor h\u00e1t van benne \u00e9gi hang, f\u00f6lddobog\u00e1s \u00e9s k\u00f6ztes \u00e1llapot. Ez is a TRANZIT.<\/p>\n<p style=\"text-align: right;\"><i>Kov\u00e1cs Ferenc<\/i><\/p>\n<p>[\/vc_column_text][vc_empty_space height=&#8221;30px&#8221;][vc_single_image image=&#8221;7531&#8243; img_size=&#8221;full&#8221; alignment=&#8221;center&#8221;][vc_column_text]<\/p>\n<h3 style=\"text-align: center;\"><strong>Tracklista<\/strong><\/h3>\n<p>[\/vc_column_text][\/vc_column][\/vc_row][vc_row][vc_column][vc_column_text]<\/p>\n<ol>\n<li style=\"text-align: center;\">Szimmetria<\/li>\n<li style=\"text-align: center;\">S\u00e9ta<\/li>\n<li style=\"text-align: center;\">Mese I.<\/li>\n<li style=\"text-align: center;\">B\u00e1zis<\/li>\n<li style=\"text-align: center;\">Ablak<\/li>\n<li style=\"text-align: center;\">Pariser<\/li>\n<li style=\"text-align: center;\">M\u00e9nes<\/li>\n<li style=\"text-align: center;\">Mese II.<\/li>\n<li style=\"text-align: center;\">Hetyke<\/li>\n<li style=\"text-align: center;\">Kapu<\/li>\n<li style=\"text-align: center;\">Kozong<\/li>\n<\/ol>\n<p>[\/vc_column_text][\/vc_column][\/vc_row][vc_row][vc_column][vc_column_text]<\/p>\n<h3 style=\"text-align: center;\"><b>El\u0151ad\u00f3k:<\/b><\/h3>\n<p style=\"text-align: center;\">Kov\u00e1cs Ferenc &#8211; trombita, heged\u0171, sz\u00e1rnyk\u0171rt, zongora, \u00fct\u0151k<br \/>\nDresch Mih\u00e1ly &#8211; szaxofon<br \/>\nKov\u00e1cs Zolt\u00e1n &#8211; zongora, szintetiz\u00e1tor<br \/>\nSzandai M\u00e1ty\u00e1s &#8211; b\u0151g\u0151<br \/>\nBanai Szil\u00e1rd &#8211; dob<br \/>\n\u00c9grh\u00e1zi Attila &#8211; git\u00e1r<br \/>\nBudai S\u00e1ndor &#8211; heged\u0171<br \/>\nBarab\u00e1s Tam\u00e1s &#8211; basszusgit\u00e1r<br \/>\nMadar\u00e1sz P\u00e9ter &#8211; basszusharsona<br \/>\nSipos Andr\u00e1s &#8211; derbouka, cajun<\/p>\n<p>[\/vc_column_text][\/vc_column][\/vc_row]<\/p>","protected":false},"excerpt":{"rendered":"<p>[vc_row][vc_column][vc_column_text]Ezen lemez zenei anyaga Kov\u00e1cs Gerzson P\u00e9ter TRANZDANZ T\u00e1ncegy\u00fcttes\u00e9nek leg\u00fajabb el\u0151ad\u00e1s\u00e1hoz k\u00e9sz\u00fclt, mely sor\u00e1n \u00e9n \u00e9l\u0151ben j\u00e1tszom a sz\u00ednpadon. Egyes darabok m\u00e1r r\u00e9g megsz\u00fclettek, de csak most ker\u00fcltek bemutat\u00e1sra. A f\u0151mot\u00edvumot m\u00e9g f\u0151iskol\u00e1s koromban kompon\u00e1ltam 1978 t\u00e1j\u00e1n (Szimmetria). Most j\u00f6tt el az ideje. A repetit\u00edv darabot (Ablak) a 180-as Csoport sz\u00e1m\u00e1ra \u00edrtam, de miel\u0151tt sor [&hellip;]<\/p>\n","protected":false},"featured_media":7532,"template":"","meta":[],"product_brand":[],"product_cat":[92],"product_tag":[],"class_list":{"0":"post-7530","1":"product","2":"type-product","3":"status-publish","4":"has-post-thumbnail","6":"product_cat-cd","7":"yith_product_brand-kovacs-ferenc","8":"col-12 col-sm-6 col-md-4","10":"first","11":"instock","12":"sale","13":"shipping-taxable","14":"purchasable","15":"product-type-simple"},"yoast_head":"<!-- This site is optimized with the Yoast SEO plugin v27.2 - https:\/\/yoast.com\/product\/yoast-seo-wordpress\/ -->\n<title>Kov\u00e1cs Ferenc Tranzit CD &#8211; GR1993 Records<\/title>\n<meta name=\"robots\" content=\"index, follow, max-snippet:-1, max-image-preview:large, max-video-preview:-1\" \/>\n<link rel=\"canonical\" href=\"https:\/\/gr1993records.com\/index.php\/product\/kovacs-ferenc-tranzit-cd\/\" \/>\n<meta property=\"og:locale\" content=\"hu_HU\" \/>\n<meta property=\"og:type\" content=\"article\" \/>\n<meta property=\"og:title\" content=\"Kov\u00e1cs Ferenc Tranzit CD &#8211; GR1993 Records\" \/>\n<meta property=\"og:description\" content=\"[vc_row][vc_column][vc_column_text]Ezen lemez zenei anyaga Kov\u00e1cs Gerzson P\u00e9ter TRANZDANZ T\u00e1ncegy\u00fcttes\u00e9nek leg\u00fajabb el\u0151ad\u00e1s\u00e1hoz k\u00e9sz\u00fclt, mely sor\u00e1n \u00e9n \u00e9l\u0151ben j\u00e1tszom a sz\u00ednpadon. Egyes darabok m\u00e1r r\u00e9g megsz\u00fclettek, de csak most ker\u00fcltek bemutat\u00e1sra. A f\u0151mot\u00edvumot m\u00e9g f\u0151iskol\u00e1s koromban kompon\u00e1ltam 1978 t\u00e1j\u00e1n (Szimmetria). Most j\u00f6tt el az ideje. A repetit\u00edv darabot (Ablak) a 180-as Csoport sz\u00e1m\u00e1ra \u00edrtam, de miel\u0151tt sor [&hellip;]\" \/>\n<meta property=\"og:url\" content=\"https:\/\/gr1993records.com\/index.php\/product\/kovacs-ferenc-tranzit-cd\/\" \/>\n<meta property=\"og:site_name\" content=\"GR1993 Records\" \/>\n<meta property=\"article:publisher\" content=\"https:\/\/www.facebook.com\/GR1993Records-113564886691383\/\" \/>\n<meta property=\"article:modified_time\" content=\"2026-03-31T10:10:30+00:00\" \/>\n<meta property=\"og:image\" content=\"https:\/\/gr1993records.com\/wp-content\/uploads\/2025\/06\/Kovacs_Ferenc_Tranzit_FRONT.jpg\" \/>\n\t<meta property=\"og:image:width\" content=\"2000\" \/>\n\t<meta property=\"og:image:height\" content=\"2000\" \/>\n\t<meta property=\"og:image:type\" content=\"image\/jpeg\" \/>\n<meta name=\"twitter:card\" content=\"summary_large_image\" \/>\n<meta name=\"twitter:image\" content=\"https:\/\/gr1993records.com\/wp-content\/uploads\/2025\/06\/Kovacs_Ferenc_Tranzit_FRONT.jpg\" \/>\n<meta name=\"twitter:label1\" content=\"Becs\u00fclt olvas\u00e1si id\u0151\" \/>\n\t<meta name=\"twitter:data1\" content=\"3 perc\" \/>\n<script type=\"application\/ld+json\" class=\"yoast-schema-graph\">{\"@context\":\"https:\/\/schema.org\",\"@graph\":[{\"@type\":\"WebPage\",\"@id\":\"https:\/\/gr1993records.com\/index.php\/product\/kovacs-ferenc-tranzit-cd\/\",\"url\":\"https:\/\/gr1993records.com\/index.php\/product\/kovacs-ferenc-tranzit-cd\/\",\"name\":\"Kov\u00e1cs Ferenc Tranzit CD &#8211; GR1993 Records\",\"isPartOf\":{\"@id\":\"https:\/\/gr1993records.com\/#website\"},\"primaryImageOfPage\":{\"@id\":\"https:\/\/gr1993records.com\/index.php\/product\/kovacs-ferenc-tranzit-cd\/#primaryimage\"},\"image\":{\"@id\":\"https:\/\/gr1993records.com\/index.php\/product\/kovacs-ferenc-tranzit-cd\/#primaryimage\"},\"thumbnailUrl\":\"https:\/\/gr1993records.com\/wp-content\/uploads\/2025\/06\/Kovacs_Ferenc_Tranzit_FRONT.jpg\",\"datePublished\":\"2005-01-01T14:20:43+00:00\",\"dateModified\":\"2026-03-31T10:10:30+00:00\",\"breadcrumb\":{\"@id\":\"https:\/\/gr1993records.com\/index.php\/product\/kovacs-ferenc-tranzit-cd\/#breadcrumb\"},\"inLanguage\":\"hu\",\"potentialAction\":[{\"@type\":\"ReadAction\",\"target\":[\"https:\/\/gr1993records.com\/index.php\/product\/kovacs-ferenc-tranzit-cd\/\"]}]},{\"@type\":\"ImageObject\",\"inLanguage\":\"hu\",\"@id\":\"https:\/\/gr1993records.com\/index.php\/product\/kovacs-ferenc-tranzit-cd\/#primaryimage\",\"url\":\"https:\/\/gr1993records.com\/wp-content\/uploads\/2025\/06\/Kovacs_Ferenc_Tranzit_FRONT.jpg\",\"contentUrl\":\"https:\/\/gr1993records.com\/wp-content\/uploads\/2025\/06\/Kovacs_Ferenc_Tranzit_FRONT.jpg\",\"width\":2000,\"height\":2000},{\"@type\":\"BreadcrumbList\",\"@id\":\"https:\/\/gr1993records.com\/index.php\/product\/kovacs-ferenc-tranzit-cd\/#breadcrumb\",\"itemListElement\":[{\"@type\":\"ListItem\",\"position\":1,\"name\":\"Home\",\"item\":\"https:\/\/gr1993records.com\/\"},{\"@type\":\"ListItem\",\"position\":2,\"name\":\"Kiadv\u00e1nyok\",\"item\":\"https:\/\/gr1993records.com\/index.php\/shop\/\"},{\"@type\":\"ListItem\",\"position\":3,\"name\":\"Kov\u00e1cs Ferenc Tranzit CD\"}]},{\"@type\":\"WebSite\",\"@id\":\"https:\/\/gr1993records.com\/#website\",\"url\":\"https:\/\/gr1993records.com\/\",\"name\":\"GR1993 Records\",\"description\":\"\",\"publisher\":{\"@id\":\"https:\/\/gr1993records.com\/#organization\"},\"potentialAction\":[{\"@type\":\"SearchAction\",\"target\":{\"@type\":\"EntryPoint\",\"urlTemplate\":\"https:\/\/gr1993records.com\/?s={search_term_string}\"},\"query-input\":{\"@type\":\"PropertyValueSpecification\",\"valueRequired\":true,\"valueName\":\"search_term_string\"}}],\"inLanguage\":\"hu\"},{\"@type\":\"Organization\",\"@id\":\"https:\/\/gr1993records.com\/#organization\",\"name\":\"Gramy-H Ltd.\",\"url\":\"https:\/\/gr1993records.com\/\",\"logo\":{\"@type\":\"ImageObject\",\"inLanguage\":\"hu\",\"@id\":\"https:\/\/gr1993records.com\/#\/schema\/logo\/image\/\",\"url\":\"https:\/\/gr1993records.com\/wp-content\/uploads\/2019\/08\/GR1993_Records_logo_CC.png\",\"contentUrl\":\"https:\/\/gr1993records.com\/wp-content\/uploads\/2019\/08\/GR1993_Records_logo_CC.png\",\"width\":2900,\"height\":2001,\"caption\":\"Gramy-H Ltd.\"},\"image\":{\"@id\":\"https:\/\/gr1993records.com\/#\/schema\/logo\/image\/\"},\"sameAs\":[\"https:\/\/www.facebook.com\/GR1993Records-113564886691383\/\"]}]}<\/script>\n<!-- \/ Yoast SEO plugin. -->","yoast_head_json":{"title":"Kov\u00e1cs Ferenc Tranzit CD &#8211; GR1993 Records","robots":{"index":"index","follow":"follow","max-snippet":"max-snippet:-1","max-image-preview":"max-image-preview:large","max-video-preview":"max-video-preview:-1"},"canonical":"https:\/\/gr1993records.com\/index.php\/product\/kovacs-ferenc-tranzit-cd\/","og_locale":"hu_HU","og_type":"article","og_title":"Kov\u00e1cs Ferenc Tranzit CD &#8211; GR1993 Records","og_description":"[vc_row][vc_column][vc_column_text]Ezen lemez zenei anyaga Kov\u00e1cs Gerzson P\u00e9ter TRANZDANZ T\u00e1ncegy\u00fcttes\u00e9nek leg\u00fajabb el\u0151ad\u00e1s\u00e1hoz k\u00e9sz\u00fclt, mely sor\u00e1n \u00e9n \u00e9l\u0151ben j\u00e1tszom a sz\u00ednpadon. Egyes darabok m\u00e1r r\u00e9g megsz\u00fclettek, de csak most ker\u00fcltek bemutat\u00e1sra. A f\u0151mot\u00edvumot m\u00e9g f\u0151iskol\u00e1s koromban kompon\u00e1ltam 1978 t\u00e1j\u00e1n (Szimmetria). Most j\u00f6tt el az ideje. A repetit\u00edv darabot (Ablak) a 180-as Csoport sz\u00e1m\u00e1ra \u00edrtam, de miel\u0151tt sor [&hellip;]","og_url":"https:\/\/gr1993records.com\/index.php\/product\/kovacs-ferenc-tranzit-cd\/","og_site_name":"GR1993 Records","article_publisher":"https:\/\/www.facebook.com\/GR1993Records-113564886691383\/","article_modified_time":"2026-03-31T10:10:30+00:00","og_image":[{"width":2000,"height":2000,"url":"https:\/\/gr1993records.com\/wp-content\/uploads\/2025\/06\/Kovacs_Ferenc_Tranzit_FRONT.jpg","type":"image\/jpeg"}],"twitter_card":"summary_large_image","twitter_image":"https:\/\/gr1993records.com\/wp-content\/uploads\/2025\/06\/Kovacs_Ferenc_Tranzit_FRONT.jpg","twitter_misc":{"Becs\u00fclt olvas\u00e1si id\u0151":"3 perc"},"schema":{"@context":"https:\/\/schema.org","@graph":[{"@type":"WebPage","@id":"https:\/\/gr1993records.com\/index.php\/product\/kovacs-ferenc-tranzit-cd\/","url":"https:\/\/gr1993records.com\/index.php\/product\/kovacs-ferenc-tranzit-cd\/","name":"Kov\u00e1cs Ferenc Tranzit CD &#8211; GR1993 Records","isPartOf":{"@id":"https:\/\/gr1993records.com\/#website"},"primaryImageOfPage":{"@id":"https:\/\/gr1993records.com\/index.php\/product\/kovacs-ferenc-tranzit-cd\/#primaryimage"},"image":{"@id":"https:\/\/gr1993records.com\/index.php\/product\/kovacs-ferenc-tranzit-cd\/#primaryimage"},"thumbnailUrl":"https:\/\/gr1993records.com\/wp-content\/uploads\/2025\/06\/Kovacs_Ferenc_Tranzit_FRONT.jpg","datePublished":"2005-01-01T14:20:43+00:00","dateModified":"2026-03-31T10:10:30+00:00","breadcrumb":{"@id":"https:\/\/gr1993records.com\/index.php\/product\/kovacs-ferenc-tranzit-cd\/#breadcrumb"},"inLanguage":"hu","potentialAction":[{"@type":"ReadAction","target":["https:\/\/gr1993records.com\/index.php\/product\/kovacs-ferenc-tranzit-cd\/"]}]},{"@type":"ImageObject","inLanguage":"hu","@id":"https:\/\/gr1993records.com\/index.php\/product\/kovacs-ferenc-tranzit-cd\/#primaryimage","url":"https:\/\/gr1993records.com\/wp-content\/uploads\/2025\/06\/Kovacs_Ferenc_Tranzit_FRONT.jpg","contentUrl":"https:\/\/gr1993records.com\/wp-content\/uploads\/2025\/06\/Kovacs_Ferenc_Tranzit_FRONT.jpg","width":2000,"height":2000},{"@type":"BreadcrumbList","@id":"https:\/\/gr1993records.com\/index.php\/product\/kovacs-ferenc-tranzit-cd\/#breadcrumb","itemListElement":[{"@type":"ListItem","position":1,"name":"Home","item":"https:\/\/gr1993records.com\/"},{"@type":"ListItem","position":2,"name":"Kiadv\u00e1nyok","item":"https:\/\/gr1993records.com\/index.php\/shop\/"},{"@type":"ListItem","position":3,"name":"Kov\u00e1cs Ferenc Tranzit CD"}]},{"@type":"WebSite","@id":"https:\/\/gr1993records.com\/#website","url":"https:\/\/gr1993records.com\/","name":"GR1993 Records","description":"","publisher":{"@id":"https:\/\/gr1993records.com\/#organization"},"potentialAction":[{"@type":"SearchAction","target":{"@type":"EntryPoint","urlTemplate":"https:\/\/gr1993records.com\/?s={search_term_string}"},"query-input":{"@type":"PropertyValueSpecification","valueRequired":true,"valueName":"search_term_string"}}],"inLanguage":"hu"},{"@type":"Organization","@id":"https:\/\/gr1993records.com\/#organization","name":"Gramy-H Ltd.","url":"https:\/\/gr1993records.com\/","logo":{"@type":"ImageObject","inLanguage":"hu","@id":"https:\/\/gr1993records.com\/#\/schema\/logo\/image\/","url":"https:\/\/gr1993records.com\/wp-content\/uploads\/2019\/08\/GR1993_Records_logo_CC.png","contentUrl":"https:\/\/gr1993records.com\/wp-content\/uploads\/2019\/08\/GR1993_Records_logo_CC.png","width":2900,"height":2001,"caption":"Gramy-H Ltd."},"image":{"@id":"https:\/\/gr1993records.com\/#\/schema\/logo\/image\/"},"sameAs":["https:\/\/www.facebook.com\/GR1993Records-113564886691383\/"]}]}},"jetpack_sharing_enabled":true,"_links":{"self":[{"href":"https:\/\/gr1993records.com\/index.php\/wp-json\/wp\/v2\/product\/7530","targetHints":{"allow":["GET"]}}],"collection":[{"href":"https:\/\/gr1993records.com\/index.php\/wp-json\/wp\/v2\/product"}],"about":[{"href":"https:\/\/gr1993records.com\/index.php\/wp-json\/wp\/v2\/types\/product"}],"wp:featuredmedia":[{"embeddable":true,"href":"https:\/\/gr1993records.com\/index.php\/wp-json\/wp\/v2\/media\/7532"}],"wp:attachment":[{"href":"https:\/\/gr1993records.com\/index.php\/wp-json\/wp\/v2\/media?parent=7530"}],"wp:term":[{"taxonomy":"product_brand","embeddable":true,"href":"https:\/\/gr1993records.com\/index.php\/wp-json\/wp\/v2\/product_brand?post=7530"},{"taxonomy":"product_cat","embeddable":true,"href":"https:\/\/gr1993records.com\/index.php\/wp-json\/wp\/v2\/product_cat?post=7530"},{"taxonomy":"product_tag","embeddable":true,"href":"https:\/\/gr1993records.com\/index.php\/wp-json\/wp\/v2\/product_tag?post=7530"}],"curies":[{"name":"wp","href":"https:\/\/api.w.org\/{rel}","templated":true}]}}