{"id":7506,"date":"2017-02-19T17:16:43","date_gmt":"2017-02-19T16:16:43","guid":{"rendered":"https:\/\/gr1993records.com\/?post_type=product&#038;p=7506"},"modified":"2026-03-31T12:05:18","modified_gmt":"2026-03-31T10:05:18","slug":"djabe-new-dimensions-update-live-cd","status":"publish","type":"product","link":"https:\/\/gr1993records.com\/index.php\/product\/djabe-new-dimensions-update-live-cd\/","title":{"rendered":"Djabe <\/br>New Dimensions Update Live <\/br>CD"},"content":{"rendered":"<p>A Djabe zenekar 2016 okt\u00f3ber\u00e9ben meg\u00fajult form\u00e1ci\u00f3val \u00e1llt sz\u00ednpadra. \u00c9gerh\u00e1zi Attila az egy\u00fcttes alap\u00edt\u00f3ja \u00e9s Barab\u00e1s Tam\u00e1s a zenei vezet\u0151je a t\u0151l\u00fck megszokott ig\u00e9nyess\u00e9ggel friss\u00edtett\u00e9k fel a csapatot.\u00a0A dobokn\u00e1l a nemzetk\u00f6zi szinten is t\u00f6bb szakmai elismer\u00e9st elnyert, valamint Artisjus-d\u00edjas \u00e9s Grammy-d\u00edjra jel\u00f6lt Kasz\u00e1s P\u00e9ter \u00fcl, aki jelenleg is Al di Meola egy\u00fcttes\u00e9nek dobosa imm\u00e1ron hetedik \u00e9ve. A Djabe r\u00e9gi-\u00faj tagja Ko\u00f3s-Hut\u00e1s \u00c1ron t\u00f6bbsz\u00f6r\u00f6s d\u00edjnyertes trombit\u00e1s, aki 2008- \u00e9s 2010 k\u00f6z\u00f6tt rendszeresen szerepelt a zenekar koncertjein. Els\u0151sorban Kov\u00e1cs Ferenc helyettesek\u00e9nt l\u00e9pett fel a zenekarral, de 2010 ut\u00e1n egy\u00fctt is j\u00e1tszottak koncerteken. A billenty\u0171kn\u00e9l a hazai jazz\u00e9let kimagasl\u00f3 zongorist\u00e1ja, az Artisjus-, eMeRTon- \u00e9s Erkel-d\u00edjjal rendelkez\u0151 Nagy J\u00e1nos hallhat\u00f3, aki rengeteg kiemelked\u0151 nemzetk\u00f6zi \u00e9s hazai m\u0171v\u00e9sszel dogozott m\u00e1r egy\u00fctt. A lemezfelv\u00e9tel az \u00faj fel\u00e1ll\u00e1s legels\u0151 koncertj\u00e9n k\u00e9sz\u00fclt 2016. okt\u00f3ber 26-\u00e1n a Columbus Jazz Klubban. A k\u00f6z\u00f6ns\u00e9g meggy\u0151z\u0151dhetett a Djabe friss form\u00e1ci\u00f3j\u00e1nak kvalit\u00e1sair\u00f3l. Ezt az \u00e9lm\u00e9nyt a kiad\u00f3 most elhozta \u00d6n\u00f6knek is. A koncertr\u0151l soks\u00e1vos anal\u00f3g felv\u00e9tel k\u00e9sz\u00fclt, melyet a vil\u00e1gszerte elismert hangm\u00e9rn\u00f6k, a zenekar basszusgit\u00e1rosa Barab\u00e1s Tam\u00e1s kevert ki. Az anal\u00f3g mesterszalagokat a gy\u00e1rt\u00e1shoz a zenekar git\u00e1rosa \u00c9gerh\u00e1zi Attila k\u00e9sz\u00edtette el.\u00a0Az el\u0151ad\u00e1s alkalm\u00e1val a zenekar Best Of jelleg\u0171 m\u0171sort j\u00e1tszott \u00e1tfogva a Djabe 21 \u00e9ves reperto\u00e1rj\u00e1t.<\/p>\n<p><iframe loading=\"lazy\" title=\"Djabe: Awakening City 2016\" width=\"840\" height=\"473\" src=\"https:\/\/www.youtube.com\/embed\/24-qjyPcMoc?feature=oembed\" frameborder=\"0\" allow=\"accelerometer; autoplay; clipboard-write; encrypted-media; gyroscope; picture-in-picture; web-share\" referrerpolicy=\"strict-origin-when-cross-origin\" allowfullscreen><\/iframe><\/p>\n<p><iframe loading=\"lazy\" title=\"Djabe: Lava Lamp\" width=\"840\" height=\"473\" src=\"https:\/\/www.youtube.com\/embed\/jXPCm3D2AsU?feature=oembed\" frameborder=\"0\" allow=\"accelerometer; autoplay; clipboard-write; encrypted-media; gyroscope; picture-in-picture; web-share\" referrerpolicy=\"strict-origin-when-cross-origin\" allowfullscreen><\/iframe><\/p>\n<h4>Tracklista:<\/h4>\n<p>Awakening City<br \/>\nSunday Afternoon<br \/>\nDistant Dance<br \/>\nClouds Dance<br \/>\nButterfly<br \/>\nLife Spirit \u2013 Deep In The Woods<br \/>\nLife Spirit \u2013 Out Of The Woods<br \/>\nLife Spirit \u2013 I\u2019m back again<br \/>\nTake A Deep Breath<br \/>\nDrum Solo<br \/>\nLava Lamp<br \/>\nExtra Dimensions<br \/>\n4000<br \/>\nLos Sipos<\/p>\n<h4>A lemezen szerepl\u0151 el\u0151ad\u00f3k:<\/h4>\n<p>Barab\u00e1s Tam\u00e1s \u2013 basszus git\u00e1r<br \/>\n\u00c9gerh\u00e1zi Attila \u2013 git\u00e1r, \u00fct\u0151s hangszerek<br \/>\nKasz\u00e1s P\u00e9ter \u2013 dobok<br \/>\nKo\u00f3s-Hut\u00e1s \u00c1ron \u2013 trombita<br \/>\nNagy J\u00e1nos \u2013 zongora<\/p>\n<p>&nbsp;<\/p>","protected":false},"excerpt":{"rendered":"<h2><strong>GR-127<\/strong><\/h2>\n","protected":false},"featured_media":7507,"template":"","meta":[],"product_brand":[],"product_cat":[92],"product_tag":[],"class_list":{"0":"post-7506","1":"product","2":"type-product","3":"status-publish","4":"has-post-thumbnail","6":"product_cat-cd","7":"yith_product_brand-djabe","8":"col-12 col-sm-6 col-md-4","10":"first","11":"instock","12":"shipping-taxable","13":"purchasable","14":"product-type-simple"},"yoast_head":"<!-- This site is optimized with the Yoast SEO plugin v27.3 - https:\/\/yoast.com\/product\/yoast-seo-wordpress\/ -->\n<title>Djabe New Dimensions Update Live CD &#8211; GR1993 Records<\/title>\n<meta name=\"robots\" content=\"index, follow, max-snippet:-1, max-image-preview:large, max-video-preview:-1\" \/>\n<link rel=\"canonical\" href=\"https:\/\/gr1993records.com\/index.php\/product\/djabe-new-dimensions-update-live-cd\/\" \/>\n<meta property=\"og:locale\" content=\"hu_HU\" \/>\n<meta property=\"og:type\" content=\"article\" \/>\n<meta property=\"og:title\" content=\"Djabe New Dimensions Update Live CD &#8211; GR1993 Records\" \/>\n<meta property=\"og:description\" content=\"GR-127\" \/>\n<meta property=\"og:url\" content=\"https:\/\/gr1993records.com\/index.php\/product\/djabe-new-dimensions-update-live-cd\/\" \/>\n<meta property=\"og:site_name\" content=\"GR1993 Records\" \/>\n<meta property=\"article:publisher\" content=\"https:\/\/www.facebook.com\/GR1993Records-113564886691383\/\" \/>\n<meta property=\"article:modified_time\" content=\"2026-03-31T10:05:18+00:00\" \/>\n<meta property=\"og:image\" content=\"https:\/\/gr1993records.com\/wp-content\/uploads\/2025\/05\/Djabe-New-Dimensions-Update-cover.jpg\" \/>\n\t<meta property=\"og:image:width\" content=\"1011\" \/>\n\t<meta property=\"og:image:height\" content=\"1000\" \/>\n\t<meta property=\"og:image:type\" content=\"image\/jpeg\" \/>\n<meta name=\"twitter:card\" content=\"summary_large_image\" \/>\n<meta name=\"twitter:image\" content=\"https:\/\/gr1993records.com\/wp-content\/uploads\/2025\/05\/Djabe-New-Dimensions-Update-cover.jpg\" \/>\n<meta name=\"twitter:label1\" content=\"Becs\u00fclt olvas\u00e1si id\u0151\" \/>\n\t<meta name=\"twitter:data1\" content=\"2 perc\" \/>\n<script type=\"application\/ld+json\" class=\"yoast-schema-graph\">{\"@context\":\"https:\\\/\\\/schema.org\",\"@graph\":[{\"@type\":\"WebPage\",\"@id\":\"https:\\\/\\\/gr1993records.com\\\/index.php\\\/product\\\/djabe-new-dimensions-update-live-cd\\\/\",\"url\":\"https:\\\/\\\/gr1993records.com\\\/index.php\\\/product\\\/djabe-new-dimensions-update-live-cd\\\/\",\"name\":\"Djabe New Dimensions Update Live CD &#8211; GR1993 Records\",\"isPartOf\":{\"@id\":\"https:\\\/\\\/gr1993records.com\\\/#website\"},\"primaryImageOfPage\":{\"@id\":\"https:\\\/\\\/gr1993records.com\\\/index.php\\\/product\\\/djabe-new-dimensions-update-live-cd\\\/#primaryimage\"},\"image\":{\"@id\":\"https:\\\/\\\/gr1993records.com\\\/index.php\\\/product\\\/djabe-new-dimensions-update-live-cd\\\/#primaryimage\"},\"thumbnailUrl\":\"https:\\\/\\\/gr1993records.com\\\/wp-content\\\/uploads\\\/2025\\\/05\\\/Djabe-New-Dimensions-Update-cover.jpg\",\"datePublished\":\"2017-02-19T16:16:43+00:00\",\"dateModified\":\"2026-03-31T10:05:18+00:00\",\"breadcrumb\":{\"@id\":\"https:\\\/\\\/gr1993records.com\\\/index.php\\\/product\\\/djabe-new-dimensions-update-live-cd\\\/#breadcrumb\"},\"inLanguage\":\"hu\",\"potentialAction\":[{\"@type\":\"ReadAction\",\"target\":[\"https:\\\/\\\/gr1993records.com\\\/index.php\\\/product\\\/djabe-new-dimensions-update-live-cd\\\/\"]}]},{\"@type\":\"ImageObject\",\"inLanguage\":\"hu\",\"@id\":\"https:\\\/\\\/gr1993records.com\\\/index.php\\\/product\\\/djabe-new-dimensions-update-live-cd\\\/#primaryimage\",\"url\":\"https:\\\/\\\/gr1993records.com\\\/wp-content\\\/uploads\\\/2025\\\/05\\\/Djabe-New-Dimensions-Update-cover.jpg\",\"contentUrl\":\"https:\\\/\\\/gr1993records.com\\\/wp-content\\\/uploads\\\/2025\\\/05\\\/Djabe-New-Dimensions-Update-cover.jpg\",\"width\":1011,\"height\":1000},{\"@type\":\"BreadcrumbList\",\"@id\":\"https:\\\/\\\/gr1993records.com\\\/index.php\\\/product\\\/djabe-new-dimensions-update-live-cd\\\/#breadcrumb\",\"itemListElement\":[{\"@type\":\"ListItem\",\"position\":1,\"name\":\"Home\",\"item\":\"https:\\\/\\\/gr1993records.com\\\/\"},{\"@type\":\"ListItem\",\"position\":2,\"name\":\"Kiadv\u00e1nyok\",\"item\":\"https:\\\/\\\/gr1993records.com\\\/index.php\\\/shop\\\/\"},{\"@type\":\"ListItem\",\"position\":3,\"name\":\"Djabe New Dimensions Update Live CD\"}]},{\"@type\":\"WebSite\",\"@id\":\"https:\\\/\\\/gr1993records.com\\\/#website\",\"url\":\"https:\\\/\\\/gr1993records.com\\\/\",\"name\":\"GR1993 Records\",\"description\":\"\",\"publisher\":{\"@id\":\"https:\\\/\\\/gr1993records.com\\\/#organization\"},\"potentialAction\":[{\"@type\":\"SearchAction\",\"target\":{\"@type\":\"EntryPoint\",\"urlTemplate\":\"https:\\\/\\\/gr1993records.com\\\/?s={search_term_string}\"},\"query-input\":{\"@type\":\"PropertyValueSpecification\",\"valueRequired\":true,\"valueName\":\"search_term_string\"}}],\"inLanguage\":\"hu\"},{\"@type\":\"Organization\",\"@id\":\"https:\\\/\\\/gr1993records.com\\\/#organization\",\"name\":\"Gramy-H Ltd.\",\"url\":\"https:\\\/\\\/gr1993records.com\\\/\",\"logo\":{\"@type\":\"ImageObject\",\"inLanguage\":\"hu\",\"@id\":\"https:\\\/\\\/gr1993records.com\\\/#\\\/schema\\\/logo\\\/image\\\/\",\"url\":\"https:\\\/\\\/gr1993records.com\\\/wp-content\\\/uploads\\\/2019\\\/08\\\/GR1993_Records_logo_CC.png\",\"contentUrl\":\"https:\\\/\\\/gr1993records.com\\\/wp-content\\\/uploads\\\/2019\\\/08\\\/GR1993_Records_logo_CC.png\",\"width\":2900,\"height\":2001,\"caption\":\"Gramy-H Ltd.\"},\"image\":{\"@id\":\"https:\\\/\\\/gr1993records.com\\\/#\\\/schema\\\/logo\\\/image\\\/\"},\"sameAs\":[\"https:\\\/\\\/www.facebook.com\\\/GR1993Records-113564886691383\\\/\"]}]}<\/script>\n<!-- \/ Yoast SEO plugin. -->","yoast_head_json":{"title":"Djabe New Dimensions Update Live CD &#8211; GR1993 Records","robots":{"index":"index","follow":"follow","max-snippet":"max-snippet:-1","max-image-preview":"max-image-preview:large","max-video-preview":"max-video-preview:-1"},"canonical":"https:\/\/gr1993records.com\/index.php\/product\/djabe-new-dimensions-update-live-cd\/","og_locale":"hu_HU","og_type":"article","og_title":"Djabe New Dimensions Update Live CD &#8211; GR1993 Records","og_description":"GR-127","og_url":"https:\/\/gr1993records.com\/index.php\/product\/djabe-new-dimensions-update-live-cd\/","og_site_name":"GR1993 Records","article_publisher":"https:\/\/www.facebook.com\/GR1993Records-113564886691383\/","article_modified_time":"2026-03-31T10:05:18+00:00","og_image":[{"width":1011,"height":1000,"url":"https:\/\/gr1993records.com\/wp-content\/uploads\/2025\/05\/Djabe-New-Dimensions-Update-cover.jpg","type":"image\/jpeg"}],"twitter_card":"summary_large_image","twitter_image":"https:\/\/gr1993records.com\/wp-content\/uploads\/2025\/05\/Djabe-New-Dimensions-Update-cover.jpg","twitter_misc":{"Becs\u00fclt olvas\u00e1si id\u0151":"2 perc"},"schema":{"@context":"https:\/\/schema.org","@graph":[{"@type":"WebPage","@id":"https:\/\/gr1993records.com\/index.php\/product\/djabe-new-dimensions-update-live-cd\/","url":"https:\/\/gr1993records.com\/index.php\/product\/djabe-new-dimensions-update-live-cd\/","name":"Djabe New Dimensions Update Live CD &#8211; GR1993 Records","isPartOf":{"@id":"https:\/\/gr1993records.com\/#website"},"primaryImageOfPage":{"@id":"https:\/\/gr1993records.com\/index.php\/product\/djabe-new-dimensions-update-live-cd\/#primaryimage"},"image":{"@id":"https:\/\/gr1993records.com\/index.php\/product\/djabe-new-dimensions-update-live-cd\/#primaryimage"},"thumbnailUrl":"https:\/\/gr1993records.com\/wp-content\/uploads\/2025\/05\/Djabe-New-Dimensions-Update-cover.jpg","datePublished":"2017-02-19T16:16:43+00:00","dateModified":"2026-03-31T10:05:18+00:00","breadcrumb":{"@id":"https:\/\/gr1993records.com\/index.php\/product\/djabe-new-dimensions-update-live-cd\/#breadcrumb"},"inLanguage":"hu","potentialAction":[{"@type":"ReadAction","target":["https:\/\/gr1993records.com\/index.php\/product\/djabe-new-dimensions-update-live-cd\/"]}]},{"@type":"ImageObject","inLanguage":"hu","@id":"https:\/\/gr1993records.com\/index.php\/product\/djabe-new-dimensions-update-live-cd\/#primaryimage","url":"https:\/\/gr1993records.com\/wp-content\/uploads\/2025\/05\/Djabe-New-Dimensions-Update-cover.jpg","contentUrl":"https:\/\/gr1993records.com\/wp-content\/uploads\/2025\/05\/Djabe-New-Dimensions-Update-cover.jpg","width":1011,"height":1000},{"@type":"BreadcrumbList","@id":"https:\/\/gr1993records.com\/index.php\/product\/djabe-new-dimensions-update-live-cd\/#breadcrumb","itemListElement":[{"@type":"ListItem","position":1,"name":"Home","item":"https:\/\/gr1993records.com\/"},{"@type":"ListItem","position":2,"name":"Kiadv\u00e1nyok","item":"https:\/\/gr1993records.com\/index.php\/shop\/"},{"@type":"ListItem","position":3,"name":"Djabe New Dimensions Update Live CD"}]},{"@type":"WebSite","@id":"https:\/\/gr1993records.com\/#website","url":"https:\/\/gr1993records.com\/","name":"GR1993 Records","description":"","publisher":{"@id":"https:\/\/gr1993records.com\/#organization"},"potentialAction":[{"@type":"SearchAction","target":{"@type":"EntryPoint","urlTemplate":"https:\/\/gr1993records.com\/?s={search_term_string}"},"query-input":{"@type":"PropertyValueSpecification","valueRequired":true,"valueName":"search_term_string"}}],"inLanguage":"hu"},{"@type":"Organization","@id":"https:\/\/gr1993records.com\/#organization","name":"Gramy-H Ltd.","url":"https:\/\/gr1993records.com\/","logo":{"@type":"ImageObject","inLanguage":"hu","@id":"https:\/\/gr1993records.com\/#\/schema\/logo\/image\/","url":"https:\/\/gr1993records.com\/wp-content\/uploads\/2019\/08\/GR1993_Records_logo_CC.png","contentUrl":"https:\/\/gr1993records.com\/wp-content\/uploads\/2019\/08\/GR1993_Records_logo_CC.png","width":2900,"height":2001,"caption":"Gramy-H Ltd."},"image":{"@id":"https:\/\/gr1993records.com\/#\/schema\/logo\/image\/"},"sameAs":["https:\/\/www.facebook.com\/GR1993Records-113564886691383\/"]}]}},"jetpack_sharing_enabled":true,"_links":{"self":[{"href":"https:\/\/gr1993records.com\/index.php\/wp-json\/wp\/v2\/product\/7506","targetHints":{"allow":["GET"]}}],"collection":[{"href":"https:\/\/gr1993records.com\/index.php\/wp-json\/wp\/v2\/product"}],"about":[{"href":"https:\/\/gr1993records.com\/index.php\/wp-json\/wp\/v2\/types\/product"}],"wp:featuredmedia":[{"embeddable":true,"href":"https:\/\/gr1993records.com\/index.php\/wp-json\/wp\/v2\/media\/7507"}],"wp:attachment":[{"href":"https:\/\/gr1993records.com\/index.php\/wp-json\/wp\/v2\/media?parent=7506"}],"wp:term":[{"taxonomy":"product_brand","embeddable":true,"href":"https:\/\/gr1993records.com\/index.php\/wp-json\/wp\/v2\/product_brand?post=7506"},{"taxonomy":"product_cat","embeddable":true,"href":"https:\/\/gr1993records.com\/index.php\/wp-json\/wp\/v2\/product_cat?post=7506"},{"taxonomy":"product_tag","embeddable":true,"href":"https:\/\/gr1993records.com\/index.php\/wp-json\/wp\/v2\/product_tag?post=7506"}],"curies":[{"name":"wp","href":"https:\/\/api.w.org\/{rel}","templated":true}]}}