{"id":7490,"date":"2018-07-01T12:18:39","date_gmt":"2018-07-01T10:18:39","guid":{"rendered":"https:\/\/gr1993records.com\/?post_type=product&#038;p=7490"},"modified":"2026-03-31T12:04:50","modified_gmt":"2026-03-31T10:04:50","slug":"djabe-flow-dvd-audio","status":"publish","type":"product","link":"https:\/\/gr1993records.com\/index.php\/product\/djabe-flow-dvd-audio\/","title":{"rendered":"Djabe \u2013 Flow <br>DVD-Audio"},"content":{"rendered":"<p>Stereo and surround mix, High Definition Audio,<br \/>\nMLP, DTS and PCM 24 bit \/96 kHz.<br \/>\nNTSC, No region code<br \/>\nVisual extras: Flow Live at the Budapest Jazz Club, 19th May 2018.<\/p>\n<p>2018. janu\u00e1rj\u00e1ban kezd\u0151dtek el a Barab\u00e1s Tam\u00e1s \u2013 basszusgit\u00e1r, Nagy J\u00e1nos- billenty\u0171s hangszerek, Kasz\u00e1s P\u00e9ter \u2013 dobok, Ko\u00f3s-Hut\u00e1s \u00c1ron \u2013 trombita, \u00e9s \u00c9gerh\u00e1zi Attila \u2013 git\u00e1r alkotta Djabe \u00faj st\u00fadi\u00f3album\u00e1nak felv\u00e9telei. A lemez a Flow c\u00edmen 2018 m\u00e1jus 18-\u00e1n jelent meg CD-n. A vinyl kiad\u00e1s augusztus v\u00e9g\u00e9n, a surround kever\u00e9st tartalmaz\u00f3 DVD-Audio v\u00e1ltozat szeptember k\u00f6zep\u00e9n l\u00e1tott napvil\u00e1got. Ez a Djabe 2016-ban meg\u00fajult fel\u00e1ll\u00e1s\u00e1nak els\u0151 st\u00fadi\u00f3 albuma.<\/p>\n<p>A Barab\u00e1s Tam\u00e1s \u00e1ltal k\u00e9sz\u00edtett album r\u00e9szben megtartotta a Djabe zen\u00e9j\u00e9nek eddigi jellemz\u0151it, de sok \u00faj sz\u00ednnel is gazdagodott a zenekar hangz\u00e1sa. Kasz\u00e1s P\u00e9ter jellegzetes \u00e9nekhangja \u00fcd\u00edt\u0151en \u00e9s frissen hat a Djabe vil\u00e1g\u00e1ban. Vil\u00e1gsz\u00ednvonal\u00fa dobol\u00e1sa \u00faj alapokra helyezte a ritmus szekci\u00f3t. Barab\u00e1s Tam\u00e1s szint\u00e9n vil\u00e1gsz\u00ednvonal\u00fa \u00e9s egyedi basszusgit\u00e1r j\u00e1t\u00e9ka \u00e9s \u00f6sszhangja P\u00e9terrel k\u00fcl\u00f6nleges zenei \u00e9lm\u00e9nyt ny\u00fajt a hallgat\u00f3knak. Nagy J\u00e1nos nem v\u00e9letlen az egyik legkiemelked\u0151bb magyar billenty\u0171s. Err\u0151l ezen a lemezen is meggy\u0151z\u0151dhet\u00fcnk. Ko\u00f3s-Hut\u00e1s \u00c1ron trombitaj\u00e1t\u00e9ka is meghat\u00e1roz\u00f3 t\u00e9nyez\u0151v\u00e9 v\u00e1lt a magyar zenei \u00e9letben \u00e9s mostm\u00e1r v\u00e9g\u00e9rv\u00e9nyesen a Djabe hangz\u00e1s\u00e1ban is. \u00c9gerh\u00e1zi Attila szok\u00e1s szerint p\u00e1r kompoz\u00edci\u00f3ban t\u00e1rsszerz\u0151k\u00e9nt dolgozott Barab\u00e1s Tam\u00e1s mellett.<\/p>\n<p>Bese Joz\u00e9 kritik\u00e1ja a Flow albumr\u00f3l:<\/p>\n<p>\u201eA zeneanyagot a k\u00f6z\u00f6ns\u00e9g \u00e9s kritika egyar\u00e1nt lelkesed\u00e9ssel fogadta. A kiadv\u00e1ny a Djab\u00e9t\u00f3l megszokott m\u00f3don megtartotta a r\u00e1 jellemz\u0151 saj\u00e1tos st\u00edlusjegyeket, de Barab\u00e1s Tam\u00e1s\u00e9k term\u00e9szetesen ez\u00fattal is tov\u00e1bbl\u00e9ptek. Az \u00faj tagok hozz\u00e1adt\u00e1k nemcsak kiemelked\u0151 hangszeres tud\u00e1sukat, hanem siker\u00fclt a tov\u00e1bb\u00e9p\u00edteni\u00fck a Djabe jellegzetes zenei vil\u00e1g\u00e1t. A Barab\u00e1s Tam\u00e1s basszusgit\u00e1ros Kasz\u00e1s P\u00e9ter dobos alkotta ritmusszekci\u00f3 sz\u00f3 szerint \u00faj alapokra helyezte a teljes megsz\u00f3lal\u00e1st. P\u00e9ter k\u00e9pzett \u00e9s jellegzetes \u00e9nekhangja \u00fcd\u00edt\u0151en \u00e9s frissen hat a Djabe vil\u00e1g\u00e1ban. Nagy J\u00e1nos ezen a felv\u00e9telen is bizony\u00edtja, hogy nem v\u00e9letlen tartj\u00e1k az egyik legkiemelked\u0151bb magyar billenty\u0171snek. A zenekarba sok \u00e9ves kihagy\u00e1ssal visszat\u00e9rt Ko\u00f3s-Hut\u00e1s \u00c1ron napjainkra a magyar mez\u0151ny egyik leg\u00e9rettebb trombit\u00e1s\u00e1v\u00e1 v\u00e1lt \u00e9s \u00e9rezhet\u0151en felfel\u00e9 \u00edvel\u0151 p\u00e1ly\u00e1j\u00e1nak m\u00e9g csak az elej\u00e9n j\u00e1r. A sz\u00e1mok nagyobb r\u00e9sz\u00e9t Barab\u00e1s Tam\u00e1s kompon\u00e1lta, h\u00e1rom szerzem\u00e9ny viszont \u00c9gerh\u00e1zi Attila git\u00e1rossal k\u00f6z\u00f6s munka. A Flow album \u00f6sszhat\u00e1sa hamis\u00edtatlan Djabe, k\u00f6sz\u00f6nhet\u0151en els\u0151sorban a Tam\u00e1s \u00e1ltal kompon\u00e1lt, konkr\u00e9t szem\u00e9lyekre szabott sz\u00f3lamoknak, melyek egy\u00fcttesen folyamatosan biztos\u00edtj\u00e1k a v\u00e9djegyszer\u0171 Djabe \u00e9lm\u00e9nyt. M\u00e1sodsorban pedig a Barab\u00e1s-\u00c9gerh\u00e1zi szerz\u0151p\u00e1ros k\u00f6z\u00f6s darabjainak, melyekkel megid\u00e9zt\u00e9k a kezdeteket: az \u0151s-Djabe hangz\u00e1st.<\/p>\n<p>Barab\u00e1s Tam\u00e1s ez\u00fattal is kiv\u00e1l\u00f3 hangm\u00e9rn\u00f6ki munk\u00e1t v\u00e9gzett, m\u00e1r a CD is vil\u00e1gsz\u00ednvonalon sz\u00f3l. Megszokhattuk azonban, hogy a Djabe nem \u00e9ri be ennyivel, hiszen augusztusra megjelenik az anal\u00f3g mesterszalagr\u00f3l v\u00e1gott audiofil vinyl v\u00e1ltozat. Magyarorsz\u00e1gon egyed\u00fcl\u00e1ll\u00f3 m\u00f3don, k\u00e9ts\u00e1vos mesterszalagon is beszerezhet\u0151 lesz az album. A kiadv\u00e1nysorozatot DVD-Audio lemezzel koron\u00e1zza meg az egy\u00fcttes, melyen High Definition audio felbont\u00e1sban (24 bit\/96 kHz) hallgathat\u00f3 meg a Flow surround \u00e9s sztere\u00f3 kever\u00e9se.\u201d<\/p>\n<h4>Tracklista:<\/h4>\n<p>Flow<br \/>\nReturn To Somewhere<br \/>\nAnother Dive<br \/>\nFree Falling<br \/>\nTurtle Track<br \/>\nBubble Dreams<br \/>\nDeep Lights<br \/>\nCurved Mirror<br \/>\nWhite Bears<\/p>\n<h4>Visual extras<\/h4>\n<p>Flow Live at the Budapest Jazz Club 19th May 2018.<\/p>\n<p>Flow<br \/>\nReturn To Somewhere<br \/>\nAnother Dive<br \/>\nCurved Mirror<\/p>\n<p><strong>A lemezen szerepl\u0151 el\u0151ad\u00f3k:<\/strong><\/p>\n<p>Barab\u00e1s Tam\u00e1s \u2013 basszusgit\u00e1r, vok\u00e1l<br \/>\n\u00c9gerh\u00e1zi Attila \u2013 git\u00e1r, \u00fct\u0151hangszerek<br \/>\nKasz\u00e1s P\u00e9ter \u2013 dobok, \u00e9nek<br \/>\nKo\u00f3s-Hut\u00e1s \u00c1ron \u2013\u00a0trombita, sz\u00e1rnyk\u00fcrt<br \/>\nNagy J\u00e1nos \u2013 billenty\u0171s hangszerek<\/p>\n<p><img loading=\"lazy\" decoding=\"async\" class=\"aligncenter wp-image-5805 size-medium\" src=\"https:\/\/gr1993records.com\/wp-content\/uploads\/2020\/07\/nka-300x94.png\" alt=\"\" width=\"300\" height=\"94\" srcset=\"https:\/\/gr1993records.com\/wp-content\/uploads\/2020\/07\/nka-300x94.png 300w, https:\/\/gr1993records.com\/wp-content\/uploads\/2020\/07\/nka-600x188.png 600w, https:\/\/gr1993records.com\/wp-content\/uploads\/2020\/07\/nka.png 640w\" sizes=\"auto, (max-width: 300px) 100vw, 300px\" \/><\/p>\n<p>K\u00e9sz\u00fclt az nka t\u00e1mogat\u00e1s\u00e1val.<br \/>\n<a href=\"http:\/\/www.nka.hu\/\">www.nka.hu<\/a><\/p>","protected":false},"excerpt":{"rendered":"<h2><strong>GR-131-3<\/strong><\/h2>\n","protected":false},"featured_media":7492,"template":"","meta":[],"product_brand":[],"product_cat":[108],"product_tag":[],"class_list":{"0":"post-7490","1":"product","2":"type-product","3":"status-publish","4":"has-post-thumbnail","6":"product_cat-dvd_audio","7":"yith_product_brand-djabe","8":"col-12 col-sm-6 col-md-4","10":"first","11":"instock","12":"shipping-taxable","13":"purchasable","14":"product-type-simple"},"yoast_head":"<!-- This site is optimized with the Yoast SEO plugin v27.3 - https:\/\/yoast.com\/product\/yoast-seo-wordpress\/ -->\n<title>Djabe \u2013 Flow DVD-Audio &#8211; GR1993 Records<\/title>\n<meta name=\"robots\" content=\"index, follow, max-snippet:-1, max-image-preview:large, max-video-preview:-1\" \/>\n<link rel=\"canonical\" href=\"https:\/\/gr1993records.com\/index.php\/product\/djabe-flow-dvd-audio\/\" \/>\n<meta property=\"og:locale\" content=\"hu_HU\" \/>\n<meta property=\"og:type\" content=\"article\" \/>\n<meta property=\"og:title\" content=\"Djabe \u2013 Flow DVD-Audio &#8211; GR1993 Records\" \/>\n<meta property=\"og:description\" content=\"GR-131-3\" \/>\n<meta property=\"og:url\" content=\"https:\/\/gr1993records.com\/index.php\/product\/djabe-flow-dvd-audio\/\" \/>\n<meta property=\"og:site_name\" content=\"GR1993 Records\" \/>\n<meta property=\"article:publisher\" content=\"https:\/\/www.facebook.com\/GR1993Records-113564886691383\/\" \/>\n<meta property=\"article:modified_time\" content=\"2026-03-31T10:04:50+00:00\" \/>\n<meta property=\"og:image\" content=\"https:\/\/gr1993records.com\/wp-content\/uploads\/2025\/05\/Djabe-Flow-DVD-1.png\" \/>\n\t<meta property=\"og:image:width\" content=\"975\" \/>\n\t<meta property=\"og:image:height\" content=\"975\" \/>\n\t<meta property=\"og:image:type\" content=\"image\/png\" \/>\n<meta name=\"twitter:card\" content=\"summary_large_image\" \/>\n<meta name=\"twitter:image\" content=\"https:\/\/gr1993records.com\/wp-content\/uploads\/2025\/05\/Djabe-Flow-DVD-1.png\" \/>\n<meta name=\"twitter:label1\" content=\"Becs\u00fclt olvas\u00e1si id\u0151\" \/>\n\t<meta name=\"twitter:data1\" content=\"3 perc\" \/>\n<script type=\"application\/ld+json\" class=\"yoast-schema-graph\">{\"@context\":\"https:\\\/\\\/schema.org\",\"@graph\":[{\"@type\":\"WebPage\",\"@id\":\"https:\\\/\\\/gr1993records.com\\\/index.php\\\/product\\\/djabe-flow-dvd-audio\\\/\",\"url\":\"https:\\\/\\\/gr1993records.com\\\/index.php\\\/product\\\/djabe-flow-dvd-audio\\\/\",\"name\":\"Djabe \u2013 Flow DVD-Audio &#8211; GR1993 Records\",\"isPartOf\":{\"@id\":\"https:\\\/\\\/gr1993records.com\\\/#website\"},\"primaryImageOfPage\":{\"@id\":\"https:\\\/\\\/gr1993records.com\\\/index.php\\\/product\\\/djabe-flow-dvd-audio\\\/#primaryimage\"},\"image\":{\"@id\":\"https:\\\/\\\/gr1993records.com\\\/index.php\\\/product\\\/djabe-flow-dvd-audio\\\/#primaryimage\"},\"thumbnailUrl\":\"https:\\\/\\\/gr1993records.com\\\/wp-content\\\/uploads\\\/2025\\\/05\\\/Djabe_Flow_DVD_b_1.jpg\",\"datePublished\":\"2018-07-01T10:18:39+00:00\",\"dateModified\":\"2026-03-31T10:04:50+00:00\",\"breadcrumb\":{\"@id\":\"https:\\\/\\\/gr1993records.com\\\/index.php\\\/product\\\/djabe-flow-dvd-audio\\\/#breadcrumb\"},\"inLanguage\":\"hu\",\"potentialAction\":[{\"@type\":\"ReadAction\",\"target\":[\"https:\\\/\\\/gr1993records.com\\\/index.php\\\/product\\\/djabe-flow-dvd-audio\\\/\"]}]},{\"@type\":\"ImageObject\",\"inLanguage\":\"hu\",\"@id\":\"https:\\\/\\\/gr1993records.com\\\/index.php\\\/product\\\/djabe-flow-dvd-audio\\\/#primaryimage\",\"url\":\"https:\\\/\\\/gr1993records.com\\\/wp-content\\\/uploads\\\/2025\\\/05\\\/Djabe_Flow_DVD_b_1.jpg\",\"contentUrl\":\"https:\\\/\\\/gr1993records.com\\\/wp-content\\\/uploads\\\/2025\\\/05\\\/Djabe_Flow_DVD_b_1.jpg\",\"width\":2000,\"height\":2000},{\"@type\":\"BreadcrumbList\",\"@id\":\"https:\\\/\\\/gr1993records.com\\\/index.php\\\/product\\\/djabe-flow-dvd-audio\\\/#breadcrumb\",\"itemListElement\":[{\"@type\":\"ListItem\",\"position\":1,\"name\":\"Home\",\"item\":\"https:\\\/\\\/gr1993records.com\\\/\"},{\"@type\":\"ListItem\",\"position\":2,\"name\":\"Kiadv\u00e1nyok\",\"item\":\"https:\\\/\\\/gr1993records.com\\\/index.php\\\/shop\\\/\"},{\"@type\":\"ListItem\",\"position\":3,\"name\":\"Djabe \u2013 Flow DVD-Audio\"}]},{\"@type\":\"WebSite\",\"@id\":\"https:\\\/\\\/gr1993records.com\\\/#website\",\"url\":\"https:\\\/\\\/gr1993records.com\\\/\",\"name\":\"GR1993 Records\",\"description\":\"\",\"publisher\":{\"@id\":\"https:\\\/\\\/gr1993records.com\\\/#organization\"},\"potentialAction\":[{\"@type\":\"SearchAction\",\"target\":{\"@type\":\"EntryPoint\",\"urlTemplate\":\"https:\\\/\\\/gr1993records.com\\\/?s={search_term_string}\"},\"query-input\":{\"@type\":\"PropertyValueSpecification\",\"valueRequired\":true,\"valueName\":\"search_term_string\"}}],\"inLanguage\":\"hu\"},{\"@type\":\"Organization\",\"@id\":\"https:\\\/\\\/gr1993records.com\\\/#organization\",\"name\":\"Gramy-H Ltd.\",\"url\":\"https:\\\/\\\/gr1993records.com\\\/\",\"logo\":{\"@type\":\"ImageObject\",\"inLanguage\":\"hu\",\"@id\":\"https:\\\/\\\/gr1993records.com\\\/#\\\/schema\\\/logo\\\/image\\\/\",\"url\":\"https:\\\/\\\/gr1993records.com\\\/wp-content\\\/uploads\\\/2019\\\/08\\\/GR1993_Records_logo_CC.png\",\"contentUrl\":\"https:\\\/\\\/gr1993records.com\\\/wp-content\\\/uploads\\\/2019\\\/08\\\/GR1993_Records_logo_CC.png\",\"width\":2900,\"height\":2001,\"caption\":\"Gramy-H Ltd.\"},\"image\":{\"@id\":\"https:\\\/\\\/gr1993records.com\\\/#\\\/schema\\\/logo\\\/image\\\/\"},\"sameAs\":[\"https:\\\/\\\/www.facebook.com\\\/GR1993Records-113564886691383\\\/\"]}]}<\/script>\n<!-- \/ Yoast SEO plugin. -->","yoast_head_json":{"title":"Djabe \u2013 Flow DVD-Audio &#8211; GR1993 Records","robots":{"index":"index","follow":"follow","max-snippet":"max-snippet:-1","max-image-preview":"max-image-preview:large","max-video-preview":"max-video-preview:-1"},"canonical":"https:\/\/gr1993records.com\/index.php\/product\/djabe-flow-dvd-audio\/","og_locale":"hu_HU","og_type":"article","og_title":"Djabe \u2013 Flow DVD-Audio &#8211; GR1993 Records","og_description":"GR-131-3","og_url":"https:\/\/gr1993records.com\/index.php\/product\/djabe-flow-dvd-audio\/","og_site_name":"GR1993 Records","article_publisher":"https:\/\/www.facebook.com\/GR1993Records-113564886691383\/","article_modified_time":"2026-03-31T10:04:50+00:00","og_image":[{"width":975,"height":975,"url":"https:\/\/gr1993records.com\/wp-content\/uploads\/2025\/05\/Djabe-Flow-DVD-1.png","type":"image\/png"}],"twitter_card":"summary_large_image","twitter_image":"https:\/\/gr1993records.com\/wp-content\/uploads\/2025\/05\/Djabe-Flow-DVD-1.png","twitter_misc":{"Becs\u00fclt olvas\u00e1si id\u0151":"3 perc"},"schema":{"@context":"https:\/\/schema.org","@graph":[{"@type":"WebPage","@id":"https:\/\/gr1993records.com\/index.php\/product\/djabe-flow-dvd-audio\/","url":"https:\/\/gr1993records.com\/index.php\/product\/djabe-flow-dvd-audio\/","name":"Djabe \u2013 Flow DVD-Audio &#8211; GR1993 Records","isPartOf":{"@id":"https:\/\/gr1993records.com\/#website"},"primaryImageOfPage":{"@id":"https:\/\/gr1993records.com\/index.php\/product\/djabe-flow-dvd-audio\/#primaryimage"},"image":{"@id":"https:\/\/gr1993records.com\/index.php\/product\/djabe-flow-dvd-audio\/#primaryimage"},"thumbnailUrl":"https:\/\/gr1993records.com\/wp-content\/uploads\/2025\/05\/Djabe_Flow_DVD_b_1.jpg","datePublished":"2018-07-01T10:18:39+00:00","dateModified":"2026-03-31T10:04:50+00:00","breadcrumb":{"@id":"https:\/\/gr1993records.com\/index.php\/product\/djabe-flow-dvd-audio\/#breadcrumb"},"inLanguage":"hu","potentialAction":[{"@type":"ReadAction","target":["https:\/\/gr1993records.com\/index.php\/product\/djabe-flow-dvd-audio\/"]}]},{"@type":"ImageObject","inLanguage":"hu","@id":"https:\/\/gr1993records.com\/index.php\/product\/djabe-flow-dvd-audio\/#primaryimage","url":"https:\/\/gr1993records.com\/wp-content\/uploads\/2025\/05\/Djabe_Flow_DVD_b_1.jpg","contentUrl":"https:\/\/gr1993records.com\/wp-content\/uploads\/2025\/05\/Djabe_Flow_DVD_b_1.jpg","width":2000,"height":2000},{"@type":"BreadcrumbList","@id":"https:\/\/gr1993records.com\/index.php\/product\/djabe-flow-dvd-audio\/#breadcrumb","itemListElement":[{"@type":"ListItem","position":1,"name":"Home","item":"https:\/\/gr1993records.com\/"},{"@type":"ListItem","position":2,"name":"Kiadv\u00e1nyok","item":"https:\/\/gr1993records.com\/index.php\/shop\/"},{"@type":"ListItem","position":3,"name":"Djabe \u2013 Flow DVD-Audio"}]},{"@type":"WebSite","@id":"https:\/\/gr1993records.com\/#website","url":"https:\/\/gr1993records.com\/","name":"GR1993 Records","description":"","publisher":{"@id":"https:\/\/gr1993records.com\/#organization"},"potentialAction":[{"@type":"SearchAction","target":{"@type":"EntryPoint","urlTemplate":"https:\/\/gr1993records.com\/?s={search_term_string}"},"query-input":{"@type":"PropertyValueSpecification","valueRequired":true,"valueName":"search_term_string"}}],"inLanguage":"hu"},{"@type":"Organization","@id":"https:\/\/gr1993records.com\/#organization","name":"Gramy-H Ltd.","url":"https:\/\/gr1993records.com\/","logo":{"@type":"ImageObject","inLanguage":"hu","@id":"https:\/\/gr1993records.com\/#\/schema\/logo\/image\/","url":"https:\/\/gr1993records.com\/wp-content\/uploads\/2019\/08\/GR1993_Records_logo_CC.png","contentUrl":"https:\/\/gr1993records.com\/wp-content\/uploads\/2019\/08\/GR1993_Records_logo_CC.png","width":2900,"height":2001,"caption":"Gramy-H Ltd."},"image":{"@id":"https:\/\/gr1993records.com\/#\/schema\/logo\/image\/"},"sameAs":["https:\/\/www.facebook.com\/GR1993Records-113564886691383\/"]}]}},"jetpack_sharing_enabled":true,"_links":{"self":[{"href":"https:\/\/gr1993records.com\/index.php\/wp-json\/wp\/v2\/product\/7490","targetHints":{"allow":["GET"]}}],"collection":[{"href":"https:\/\/gr1993records.com\/index.php\/wp-json\/wp\/v2\/product"}],"about":[{"href":"https:\/\/gr1993records.com\/index.php\/wp-json\/wp\/v2\/types\/product"}],"wp:featuredmedia":[{"embeddable":true,"href":"https:\/\/gr1993records.com\/index.php\/wp-json\/wp\/v2\/media\/7492"}],"wp:attachment":[{"href":"https:\/\/gr1993records.com\/index.php\/wp-json\/wp\/v2\/media?parent=7490"}],"wp:term":[{"taxonomy":"product_brand","embeddable":true,"href":"https:\/\/gr1993records.com\/index.php\/wp-json\/wp\/v2\/product_brand?post=7490"},{"taxonomy":"product_cat","embeddable":true,"href":"https:\/\/gr1993records.com\/index.php\/wp-json\/wp\/v2\/product_cat?post=7490"},{"taxonomy":"product_tag","embeddable":true,"href":"https:\/\/gr1993records.com\/index.php\/wp-json\/wp\/v2\/product_tag?post=7490"}],"curies":[{"name":"wp","href":"https:\/\/api.w.org\/{rel}","templated":true}]}}