{"id":7487,"date":"2018-05-27T11:37:14","date_gmt":"2018-05-27T09:37:14","guid":{"rendered":"https:\/\/gr1993records.com\/?post_type=product&#038;p=7487"},"modified":"2026-03-31T12:05:06","modified_gmt":"2026-03-31T10:05:06","slug":"djabe-flow-cd","status":"publish","type":"product","link":"https:\/\/gr1993records.com\/index.php\/product\/djabe-flow-cd\/","title":{"rendered":"Djabe \u2013 Flow <br>CD"},"content":{"rendered":"<p>Recordings of the new Djabe studio album \u2013 featuring Tam\u00e1s Barab\u00e1s (bass guitar), J\u00e1nos Nagy (keyboards), P\u00e9ter Kasz\u00e1s (drums), \u00c1ron Ko\u00f3s Hut\u00e1s (trumpet), and Attila \u00c9gerh\u00e1zi (guitar) \u2013 began in January, 2018. Christened <em>Flow<\/em>, and released on May 22, 2018, on CD. The vinyl version arrived end of August and DVD-Audio, containing the surround mix, followed in September. <em>Flow<\/em>is the first studio album of Djabe, renewed in 2016.<\/p>\n<p>Composed by Tam\u00e1s Barab\u00e1s, this album once again keeps the unique elements of Djabe\u2019s music, while bringing new tones to a familiar sounding. The characteristic vocal of P\u00e9ter Kasz\u00e1s brings freshness to this musical world, his drumming creates a new yardstick for the rhythmic section. Tam\u00e1s Barab\u00e1s, with his first class bass, and harmony with Peter, builds up to an exceptional grove. The line-up continues with J\u00e1nos Nagy, titled one of the best keyboardist of Hungary \u2013 worthily, as all can find out while listening to <em>Flow<\/em>. And of course \u00c1ron Ko\u00f3s-Hut\u00e1s, a determinative trumpet player of the Hungarian musical scene, now a full-fledged member of Djabe, also performs exceptionally. Band leader Attila \u00c9gerh\u00e1zi as usual worked and co-written a number of pieces, alongside Tam\u00e1s Barab\u00e1s<\/p>\n<p>Joz\u00e9 Bese on the Flow<\/p>\n<p>\u201cFlow, the first studio album of Djabe renewed in 2016, hit the shelves in May, in CD format. The music was praised by fans and critics alike. The release kept all the characteristics unique to Djabe, but Tam\u00e1s Barab\u00e1s and the band once again leapt forward. New members not only bring outstanding musicianship, but built upon the musical world of Djabe. The rhythm section of Tam\u00e1s Barab\u00e1s (bass guitar) and P\u00e9ter Kasz\u00e1s (drums) literally re-invented the groove of the band. Peter\u2019s skilled and distinctive vocal brings freshness to the world of Djabe. J\u00e1nos Nagy once again proves that his reputation as one of the best Hungarian keyboardist is not for no reason. \u00c1ron Ko\u00f3s-Hut\u00e1s, an old member returning after many years, became one of the most talented trumpet players of the Hungarian musical scene, and he is only at the beginning of his already ascending career. Most of the pieces were composed by Tam\u00e1s Barab\u00e1s, however, 3 of them are a joint effort with band leader Attila \u00c9gerh\u00e1zi (guitar). The culmination of Flow is pure Djabe, primarily thanks to musical parts written for specific musicians, by Tam\u00e1s Barab\u00e1s. These together provide the Djabe experience fans accustomed to. The second thing is the incorporated history, the old Djabe sounding, created by the joint pieces of Tam\u00e1s and Attila.<\/p>\n<p>Tam\u00e1s Barab\u00e1s once again excelled in his sound engineering duties: even the CD sounds first-class. But, as we are accustomed to, Djabe never settles for anything less than perfect: the audiophile vinyl version, cut from analogue master tape, hits the stores in September. Standalone in Hungary, the album will be available in 2-track analogue master tape too. A DVD-Audio release will crown the series, with HD Audio (24 bit\/96kHz) in both surround and stereo mixes.\u201d<\/p>\n<p><iframe loading=\"lazy\" title=\"Djabe Another Dive\" width=\"840\" height=\"473\" src=\"https:\/\/www.youtube.com\/embed\/wAHDe_39BFU?feature=oembed\" frameborder=\"0\" allow=\"accelerometer; autoplay; clipboard-write; encrypted-media; gyroscope; picture-in-picture; web-share\" referrerpolicy=\"strict-origin-when-cross-origin\" allowfullscreen><\/iframe><\/p>\n<h4>Tracklist:<\/h4>\n<p>Flow<br \/>\nReturn To Somewhere<br \/>\nAnother Dive<br \/>\nFree Falling<br \/>\nTurtle Track<br \/>\nBubble Dreams<br \/>\nDeep Lights<br \/>\nCurved Mirror<br \/>\nWhite Bears<\/p>\n<h4>Musicians:<\/h4>\n<p>Barab\u00e1s Tam\u00e1s \u2013 bass guitar, vocal<br \/>\n\u00c9gerh\u00e1zi Attila \u2013\u00a0guitar, percussion<br \/>\nKasz\u00e1s P\u00e9ter \u2013 drums, vocal<br \/>\nKo\u00f3s-Hut\u00e1s \u00c1ron \u2013\u00a0trumpet, flugelhorn<br \/>\nNagy J\u00e1nos \u2013 keyboards<\/p>\n<p><img loading=\"lazy\" decoding=\"async\" class=\"aligncenter wp-image-5805 size-medium\" src=\"https:\/\/gr1993records.com\/wp-content\/uploads\/2020\/07\/nka-300x94.png\" alt=\"\" width=\"300\" height=\"94\" srcset=\"https:\/\/gr1993records.com\/wp-content\/uploads\/2020\/07\/nka-300x94.png 300w, https:\/\/gr1993records.com\/wp-content\/uploads\/2020\/07\/nka-600x188.png 600w, https:\/\/gr1993records.com\/wp-content\/uploads\/2020\/07\/nka.png 640w\" sizes=\"auto, (max-width: 300px) 100vw, 300px\" \/><\/p>\n<p>Sponsored by NKA.<br \/>\n<a href=\"http:\/\/www.nka.hu\/\">www.nka.hu<\/a><\/p>","protected":false},"excerpt":{"rendered":"<h2><strong>GR-131, CD<\/strong><\/h2>\n","protected":false},"featured_media":7488,"template":"","meta":[],"product_brand":[],"product_cat":[92],"product_tag":[],"class_list":{"0":"post-7487","1":"product","2":"type-product","3":"status-publish","4":"has-post-thumbnail","6":"product_cat-cd","7":"yith_product_brand-djabe","8":"col-12 col-sm-6 col-md-4","10":"first","11":"instock","12":"shipping-taxable","13":"purchasable","14":"product-type-simple"},"yoast_head":"<!-- This site is optimized with the Yoast SEO plugin v27.3 - https:\/\/yoast.com\/product\/yoast-seo-wordpress\/ -->\n<title>Djabe \u2013 Flow CD &#8211; GR1993 Records<\/title>\n<meta name=\"robots\" content=\"index, follow, max-snippet:-1, max-image-preview:large, max-video-preview:-1\" \/>\n<link rel=\"canonical\" href=\"https:\/\/gr1993records.com\/index.php\/product\/djabe-flow-cd\/\" \/>\n<meta property=\"og:locale\" content=\"hu_HU\" \/>\n<meta property=\"og:type\" content=\"article\" \/>\n<meta property=\"og:title\" content=\"Djabe \u2013 Flow CD &#8211; GR1993 Records\" \/>\n<meta property=\"og:description\" content=\"GR-131, CD\" \/>\n<meta property=\"og:url\" content=\"https:\/\/gr1993records.com\/index.php\/product\/djabe-flow-cd\/\" \/>\n<meta property=\"og:site_name\" content=\"GR1993 Records\" \/>\n<meta property=\"article:publisher\" content=\"https:\/\/www.facebook.com\/GR1993Records-113564886691383\/\" \/>\n<meta property=\"article:modified_time\" content=\"2026-03-31T10:05:06+00:00\" \/>\n<meta property=\"og:image\" content=\"https:\/\/gr1993records.com\/wp-content\/uploads\/2025\/05\/Djabe-Flow-CD-1.png\" \/>\n\t<meta property=\"og:image:width\" content=\"1300\" \/>\n\t<meta property=\"og:image:height\" content=\"1300\" \/>\n\t<meta property=\"og:image:type\" content=\"image\/png\" \/>\n<meta name=\"twitter:card\" content=\"summary_large_image\" \/>\n<meta name=\"twitter:image\" content=\"https:\/\/gr1993records.com\/wp-content\/uploads\/2025\/05\/Djabe-Flow-CD-1.png\" \/>\n<meta name=\"twitter:label1\" content=\"Becs\u00fclt olvas\u00e1si id\u0151\" \/>\n\t<meta name=\"twitter:data1\" content=\"3 perc\" \/>\n<script type=\"application\/ld+json\" class=\"yoast-schema-graph\">{\"@context\":\"https:\\\/\\\/schema.org\",\"@graph\":[{\"@type\":\"WebPage\",\"@id\":\"https:\\\/\\\/gr1993records.com\\\/index.php\\\/product\\\/djabe-flow-cd\\\/\",\"url\":\"https:\\\/\\\/gr1993records.com\\\/index.php\\\/product\\\/djabe-flow-cd\\\/\",\"name\":\"Djabe \u2013 Flow CD &#8211; GR1993 Records\",\"isPartOf\":{\"@id\":\"https:\\\/\\\/gr1993records.com\\\/#website\"},\"primaryImageOfPage\":{\"@id\":\"https:\\\/\\\/gr1993records.com\\\/index.php\\\/product\\\/djabe-flow-cd\\\/#primaryimage\"},\"image\":{\"@id\":\"https:\\\/\\\/gr1993records.com\\\/index.php\\\/product\\\/djabe-flow-cd\\\/#primaryimage\"},\"thumbnailUrl\":\"https:\\\/\\\/gr1993records.com\\\/wp-content\\\/uploads\\\/2025\\\/05\\\/Flow_borito_0201.jpg\",\"datePublished\":\"2018-05-27T09:37:14+00:00\",\"dateModified\":\"2026-03-31T10:05:06+00:00\",\"breadcrumb\":{\"@id\":\"https:\\\/\\\/gr1993records.com\\\/index.php\\\/product\\\/djabe-flow-cd\\\/#breadcrumb\"},\"inLanguage\":\"hu\",\"potentialAction\":[{\"@type\":\"ReadAction\",\"target\":[\"https:\\\/\\\/gr1993records.com\\\/index.php\\\/product\\\/djabe-flow-cd\\\/\"]}]},{\"@type\":\"ImageObject\",\"inLanguage\":\"hu\",\"@id\":\"https:\\\/\\\/gr1993records.com\\\/index.php\\\/product\\\/djabe-flow-cd\\\/#primaryimage\",\"url\":\"https:\\\/\\\/gr1993records.com\\\/wp-content\\\/uploads\\\/2025\\\/05\\\/Flow_borito_0201.jpg\",\"contentUrl\":\"https:\\\/\\\/gr1993records.com\\\/wp-content\\\/uploads\\\/2025\\\/05\\\/Flow_borito_0201.jpg\",\"width\":1417,\"height\":1417},{\"@type\":\"BreadcrumbList\",\"@id\":\"https:\\\/\\\/gr1993records.com\\\/index.php\\\/product\\\/djabe-flow-cd\\\/#breadcrumb\",\"itemListElement\":[{\"@type\":\"ListItem\",\"position\":1,\"name\":\"Home\",\"item\":\"https:\\\/\\\/gr1993records.com\\\/\"},{\"@type\":\"ListItem\",\"position\":2,\"name\":\"Kiadv\u00e1nyok\",\"item\":\"https:\\\/\\\/gr1993records.com\\\/index.php\\\/shop\\\/\"},{\"@type\":\"ListItem\",\"position\":3,\"name\":\"Djabe \u2013 Flow CD\"}]},{\"@type\":\"WebSite\",\"@id\":\"https:\\\/\\\/gr1993records.com\\\/#website\",\"url\":\"https:\\\/\\\/gr1993records.com\\\/\",\"name\":\"GR1993 Records\",\"description\":\"\",\"publisher\":{\"@id\":\"https:\\\/\\\/gr1993records.com\\\/#organization\"},\"potentialAction\":[{\"@type\":\"SearchAction\",\"target\":{\"@type\":\"EntryPoint\",\"urlTemplate\":\"https:\\\/\\\/gr1993records.com\\\/?s={search_term_string}\"},\"query-input\":{\"@type\":\"PropertyValueSpecification\",\"valueRequired\":true,\"valueName\":\"search_term_string\"}}],\"inLanguage\":\"hu\"},{\"@type\":\"Organization\",\"@id\":\"https:\\\/\\\/gr1993records.com\\\/#organization\",\"name\":\"Gramy-H Ltd.\",\"url\":\"https:\\\/\\\/gr1993records.com\\\/\",\"logo\":{\"@type\":\"ImageObject\",\"inLanguage\":\"hu\",\"@id\":\"https:\\\/\\\/gr1993records.com\\\/#\\\/schema\\\/logo\\\/image\\\/\",\"url\":\"https:\\\/\\\/gr1993records.com\\\/wp-content\\\/uploads\\\/2019\\\/08\\\/GR1993_Records_logo_CC.png\",\"contentUrl\":\"https:\\\/\\\/gr1993records.com\\\/wp-content\\\/uploads\\\/2019\\\/08\\\/GR1993_Records_logo_CC.png\",\"width\":2900,\"height\":2001,\"caption\":\"Gramy-H Ltd.\"},\"image\":{\"@id\":\"https:\\\/\\\/gr1993records.com\\\/#\\\/schema\\\/logo\\\/image\\\/\"},\"sameAs\":[\"https:\\\/\\\/www.facebook.com\\\/GR1993Records-113564886691383\\\/\"]}]}<\/script>\n<!-- \/ Yoast SEO plugin. -->","yoast_head_json":{"title":"Djabe \u2013 Flow CD &#8211; GR1993 Records","robots":{"index":"index","follow":"follow","max-snippet":"max-snippet:-1","max-image-preview":"max-image-preview:large","max-video-preview":"max-video-preview:-1"},"canonical":"https:\/\/gr1993records.com\/index.php\/product\/djabe-flow-cd\/","og_locale":"hu_HU","og_type":"article","og_title":"Djabe \u2013 Flow CD &#8211; GR1993 Records","og_description":"GR-131, CD","og_url":"https:\/\/gr1993records.com\/index.php\/product\/djabe-flow-cd\/","og_site_name":"GR1993 Records","article_publisher":"https:\/\/www.facebook.com\/GR1993Records-113564886691383\/","article_modified_time":"2026-03-31T10:05:06+00:00","og_image":[{"width":1300,"height":1300,"url":"https:\/\/gr1993records.com\/wp-content\/uploads\/2025\/05\/Djabe-Flow-CD-1.png","type":"image\/png"}],"twitter_card":"summary_large_image","twitter_image":"https:\/\/gr1993records.com\/wp-content\/uploads\/2025\/05\/Djabe-Flow-CD-1.png","twitter_misc":{"Becs\u00fclt olvas\u00e1si id\u0151":"3 perc"},"schema":{"@context":"https:\/\/schema.org","@graph":[{"@type":"WebPage","@id":"https:\/\/gr1993records.com\/index.php\/product\/djabe-flow-cd\/","url":"https:\/\/gr1993records.com\/index.php\/product\/djabe-flow-cd\/","name":"Djabe \u2013 Flow CD &#8211; GR1993 Records","isPartOf":{"@id":"https:\/\/gr1993records.com\/#website"},"primaryImageOfPage":{"@id":"https:\/\/gr1993records.com\/index.php\/product\/djabe-flow-cd\/#primaryimage"},"image":{"@id":"https:\/\/gr1993records.com\/index.php\/product\/djabe-flow-cd\/#primaryimage"},"thumbnailUrl":"https:\/\/gr1993records.com\/wp-content\/uploads\/2025\/05\/Flow_borito_0201.jpg","datePublished":"2018-05-27T09:37:14+00:00","dateModified":"2026-03-31T10:05:06+00:00","breadcrumb":{"@id":"https:\/\/gr1993records.com\/index.php\/product\/djabe-flow-cd\/#breadcrumb"},"inLanguage":"hu","potentialAction":[{"@type":"ReadAction","target":["https:\/\/gr1993records.com\/index.php\/product\/djabe-flow-cd\/"]}]},{"@type":"ImageObject","inLanguage":"hu","@id":"https:\/\/gr1993records.com\/index.php\/product\/djabe-flow-cd\/#primaryimage","url":"https:\/\/gr1993records.com\/wp-content\/uploads\/2025\/05\/Flow_borito_0201.jpg","contentUrl":"https:\/\/gr1993records.com\/wp-content\/uploads\/2025\/05\/Flow_borito_0201.jpg","width":1417,"height":1417},{"@type":"BreadcrumbList","@id":"https:\/\/gr1993records.com\/index.php\/product\/djabe-flow-cd\/#breadcrumb","itemListElement":[{"@type":"ListItem","position":1,"name":"Home","item":"https:\/\/gr1993records.com\/"},{"@type":"ListItem","position":2,"name":"Kiadv\u00e1nyok","item":"https:\/\/gr1993records.com\/index.php\/shop\/"},{"@type":"ListItem","position":3,"name":"Djabe \u2013 Flow CD"}]},{"@type":"WebSite","@id":"https:\/\/gr1993records.com\/#website","url":"https:\/\/gr1993records.com\/","name":"GR1993 Records","description":"","publisher":{"@id":"https:\/\/gr1993records.com\/#organization"},"potentialAction":[{"@type":"SearchAction","target":{"@type":"EntryPoint","urlTemplate":"https:\/\/gr1993records.com\/?s={search_term_string}"},"query-input":{"@type":"PropertyValueSpecification","valueRequired":true,"valueName":"search_term_string"}}],"inLanguage":"hu"},{"@type":"Organization","@id":"https:\/\/gr1993records.com\/#organization","name":"Gramy-H Ltd.","url":"https:\/\/gr1993records.com\/","logo":{"@type":"ImageObject","inLanguage":"hu","@id":"https:\/\/gr1993records.com\/#\/schema\/logo\/image\/","url":"https:\/\/gr1993records.com\/wp-content\/uploads\/2019\/08\/GR1993_Records_logo_CC.png","contentUrl":"https:\/\/gr1993records.com\/wp-content\/uploads\/2019\/08\/GR1993_Records_logo_CC.png","width":2900,"height":2001,"caption":"Gramy-H Ltd."},"image":{"@id":"https:\/\/gr1993records.com\/#\/schema\/logo\/image\/"},"sameAs":["https:\/\/www.facebook.com\/GR1993Records-113564886691383\/"]}]}},"jetpack_sharing_enabled":true,"_links":{"self":[{"href":"https:\/\/gr1993records.com\/index.php\/wp-json\/wp\/v2\/product\/7487","targetHints":{"allow":["GET"]}}],"collection":[{"href":"https:\/\/gr1993records.com\/index.php\/wp-json\/wp\/v2\/product"}],"about":[{"href":"https:\/\/gr1993records.com\/index.php\/wp-json\/wp\/v2\/types\/product"}],"wp:featuredmedia":[{"embeddable":true,"href":"https:\/\/gr1993records.com\/index.php\/wp-json\/wp\/v2\/media\/7488"}],"wp:attachment":[{"href":"https:\/\/gr1993records.com\/index.php\/wp-json\/wp\/v2\/media?parent=7487"}],"wp:term":[{"taxonomy":"product_brand","embeddable":true,"href":"https:\/\/gr1993records.com\/index.php\/wp-json\/wp\/v2\/product_brand?post=7487"},{"taxonomy":"product_cat","embeddable":true,"href":"https:\/\/gr1993records.com\/index.php\/wp-json\/wp\/v2\/product_cat?post=7487"},{"taxonomy":"product_tag","embeddable":true,"href":"https:\/\/gr1993records.com\/index.php\/wp-json\/wp\/v2\/product_tag?post=7487"}],"curies":[{"name":"wp","href":"https:\/\/api.w.org\/{rel}","templated":true}]}}