{"id":7484,"date":"2025-05-22T14:30:08","date_gmt":"2025-05-22T12:30:08","guid":{"rendered":"https:\/\/gr1993records.com\/?post_type=product&#038;p=7484"},"modified":"2026-04-02T13:35:27","modified_gmt":"2026-04-02T11:35:27","slug":"djabe-magic-stag-in-debrecenmc","status":"publish","type":"product","link":"https:\/\/gr1993records.com\/index.php\/product\/djabe-magic-stag-in-debrecenmc\/","title":{"rendered":"Djabe <br>Magic Stag In Debrecen<br>MC"},"content":{"rendered":"<div>\n<h2><strong>The Magic Stag in Debrecen!<\/strong><\/h2>\n<p>This MC is a missing piece, as there is no release of The Magic Stag\u2019s 2021 album tour yet. This is a concert recording which was made at the Liszt Hall of the University of Debrecen in 2021. With the exception of two compositions all the tracks from The Magic Stag album is performed. The original studio album featured several guest musicians, Ferenc Muck on saxophone, Tibor Karvaly on violin and L\u00e1szl\u00f3 Szab\u00f3 on sitar. All the three player took part in the premiere tour, so on more than one occasion, eight musicians can be heard on stage.<\/p>\n<p>A bonus track recorded at the 2022 MOMkult concert, Dej\u00e1 Vu, has been added to side B of the cassette.<\/p>\n<h3><strong>Musicians<\/strong><\/h3>\n<p>Tam\u00e1s Barab\u00e1s \u2013 bass guitar<br \/>\n<strong>Attila \u00c9gerh\u00e1zi<\/strong> \u2013 guitar, percussion<br \/>\n<strong>P\u00e9ter Kasz\u00e1s<\/strong> \u2013 drums, vocal<br \/>\n<strong>\u00c1ron Ko\u00f3s-Hut\u00e1s<\/strong> \u2013 trumpet, flugelhorn<br \/>\n<strong>J\u00e1nos Nagy<\/strong> \u2013 keyboards<br \/>\n<strong>Ferenc Muck<\/strong> \u2013 saxophone, EWI<br \/>\n<strong>L\u00e1szl\u00f3 Szab\u00f3<\/strong> \u2013 sitar, guitar<br \/>\n<strong>Tibor Karvaly<\/strong> \u2013 electric violin<\/p>\n<\/div>\n<p><img loading=\"lazy\" decoding=\"async\" class=\"aligncenter wp-image-7486 size-full\" src=\"https:\/\/gr1993records.com\/wp-content\/uploads\/2025\/05\/Audio_Cassette_Tape_with_Box_Djabe_Magic_Stag_v1_HD_02.jpg\" alt=\"\" width=\"1920\" height=\"1080\" srcset=\"https:\/\/gr1993records.com\/wp-content\/uploads\/2025\/05\/Audio_Cassette_Tape_with_Box_Djabe_Magic_Stag_v1_HD_02.jpg 1920w, https:\/\/gr1993records.com\/wp-content\/uploads\/2025\/05\/Audio_Cassette_Tape_with_Box_Djabe_Magic_Stag_v1_HD_02-300x169.jpg 300w, https:\/\/gr1993records.com\/wp-content\/uploads\/2025\/05\/Audio_Cassette_Tape_with_Box_Djabe_Magic_Stag_v1_HD_02-1024x576.jpg 1024w, https:\/\/gr1993records.com\/wp-content\/uploads\/2025\/05\/Audio_Cassette_Tape_with_Box_Djabe_Magic_Stag_v1_HD_02-768x432.jpg 768w, https:\/\/gr1993records.com\/wp-content\/uploads\/2025\/05\/Audio_Cassette_Tape_with_Box_Djabe_Magic_Stag_v1_HD_02-1536x864.jpg 1536w, https:\/\/gr1993records.com\/wp-content\/uploads\/2025\/05\/Audio_Cassette_Tape_with_Box_Djabe_Magic_Stag_v1_HD_02-1568x882.jpg 1568w, https:\/\/gr1993records.com\/wp-content\/uploads\/2025\/05\/Audio_Cassette_Tape_with_Box_Djabe_Magic_Stag_v1_HD_02-600x338.jpg 600w\" sizes=\"auto, (max-width: 1920px) 100vw, 1920px\" \/><\/p>\n<h3><b><span lang=\"HU\">Tracklist<\/span><\/b><\/h3>\n<p><b><span lang=\"HU\">Side A<br \/>\n<\/span><\/b><\/p>\n<p><span lang=\"HU\">1. In Gyimes<br \/>\n2. Beginning Of Legends<br \/>\n3. The Magic Stag<br \/>\n4. Soaring Hills<br \/>\n5. Two Little Snowflakes<br \/>\n6. Power Of Wings<br \/>\n7. Uncertain Time<br \/>\n<\/span><\/p>\n<p><b><span lang=\"HU\">Side B<\/span><\/b><\/p>\n<p><b><span lang=\"HU\">\u00a0<\/span><\/b><span lang=\"HU\">1. In Memoriam Szapi<br \/>\n2. Lava Lamp<br \/>\n3. Rising Horizon<br \/>\n4. Far Away<br \/>\n5. Down By The Lakeside<br \/>\n6. Dej\u00e1 Vu (2022)<\/span><\/p>\n","protected":false},"excerpt":{"rendered":"<h2><strong><span lang=\"HU\">GR-182-4, MC<\/span><\/strong><\/h2>\n","protected":false},"featured_media":7485,"template":"","meta":[],"product_brand":[],"product_cat":[484],"product_tag":[540],"class_list":{"0":"post-7484","1":"product","2":"type-product","3":"status-publish","4":"has-post-thumbnail","6":"product_cat-mc","7":"product_tag-djabe","8":"yith_product_brand-djabe","9":"col-12 col-sm-6 col-md-4","11":"first","12":"instock","13":"sale","14":"shipping-taxable","15":"purchasable","16":"product-type-simple"},"yoast_head":"<!-- This site is optimized with the Yoast SEO plugin v27.2 - https:\/\/yoast.com\/product\/yoast-seo-wordpress\/ -->\n<title>Djabe Magic Stag In DebrecenMC &#8211; GR1993 Records<\/title>\n<meta name=\"robots\" content=\"index, follow, max-snippet:-1, max-image-preview:large, max-video-preview:-1\" \/>\n<link rel=\"canonical\" href=\"https:\/\/gr1993records.com\/index.php\/product\/djabe-magic-stag-in-debrecenmc\/\" \/>\n<meta property=\"og:locale\" content=\"hu_HU\" \/>\n<meta property=\"og:type\" content=\"article\" \/>\n<meta property=\"og:title\" content=\"Djabe Magic Stag In DebrecenMC &#8211; GR1993 Records\" \/>\n<meta property=\"og:description\" content=\"GR-182-4, MC\" \/>\n<meta property=\"og:url\" content=\"https:\/\/gr1993records.com\/index.php\/product\/djabe-magic-stag-in-debrecenmc\/\" \/>\n<meta property=\"og:site_name\" content=\"GR1993 Records\" \/>\n<meta property=\"article:publisher\" content=\"https:\/\/www.facebook.com\/GR1993Records-113564886691383\/\" \/>\n<meta property=\"article:modified_time\" content=\"2026-04-02T11:35:27+00:00\" \/>\n<meta property=\"og:image\" content=\"https:\/\/gr1993records.com\/wp-content\/uploads\/2025\/05\/Audio_Cassette_Tape_with_Box_Djabe_Magic_Stag_v1_HD_02.jpg\" \/>\n\t<meta property=\"og:image:width\" content=\"1920\" \/>\n\t<meta property=\"og:image:height\" content=\"1080\" \/>\n\t<meta property=\"og:image:type\" content=\"image\/jpeg\" \/>\n<meta name=\"twitter:card\" content=\"summary_large_image\" \/>\n<meta name=\"twitter:image\" content=\"https:\/\/gr1993records.com\/wp-content\/uploads\/2025\/05\/Audio_Cassette_Tape_with_Box_Djabe_Magic_Stag_v1_HD_02.jpg\" \/>\n<meta name=\"twitter:label1\" content=\"Becs\u00fclt olvas\u00e1si id\u0151\" \/>\n\t<meta name=\"twitter:data1\" content=\"2 perc\" \/>\n<script type=\"application\/ld+json\" class=\"yoast-schema-graph\">{\"@context\":\"https:\/\/schema.org\",\"@graph\":[{\"@type\":\"WebPage\",\"@id\":\"https:\/\/gr1993records.com\/index.php\/product\/djabe-magic-stag-in-debrecenmc\/\",\"url\":\"https:\/\/gr1993records.com\/index.php\/product\/djabe-magic-stag-in-debrecenmc\/\",\"name\":\"Djabe Magic Stag In Debrecen MC &#8211; GR1993 Records\",\"isPartOf\":{\"@id\":\"https:\/\/gr1993records.com\/#website\"},\"primaryImageOfPage\":{\"@id\":\"https:\/\/gr1993records.com\/index.php\/product\/djabe-magic-stag-in-debrecenmc\/#primaryimage\"},\"image\":{\"@id\":\"https:\/\/gr1993records.com\/index.php\/product\/djabe-magic-stag-in-debrecenmc\/#primaryimage\"},\"thumbnailUrl\":\"https:\/\/gr1993records.com\/wp-content\/uploads\/2025\/05\/Audio_Cassette_Tape_with_Box_Djabe_Magic_Stag_v1_HD_03.jpg\",\"datePublished\":\"2025-05-22T12:30:08+00:00\",\"dateModified\":\"2026-04-02T11:35:27+00:00\",\"breadcrumb\":{\"@id\":\"https:\/\/gr1993records.com\/index.php\/product\/djabe-magic-stag-in-debrecenmc\/#breadcrumb\"},\"inLanguage\":\"hu\",\"potentialAction\":[{\"@type\":\"ReadAction\",\"target\":[\"https:\/\/gr1993records.com\/index.php\/product\/djabe-magic-stag-in-debrecenmc\/\"]}]},{\"@type\":\"ImageObject\",\"inLanguage\":\"hu\",\"@id\":\"https:\/\/gr1993records.com\/index.php\/product\/djabe-magic-stag-in-debrecenmc\/#primaryimage\",\"url\":\"https:\/\/gr1993records.com\/wp-content\/uploads\/2025\/05\/Audio_Cassette_Tape_with_Box_Djabe_Magic_Stag_v1_HD_03.jpg\",\"contentUrl\":\"https:\/\/gr1993records.com\/wp-content\/uploads\/2025\/05\/Audio_Cassette_Tape_with_Box_Djabe_Magic_Stag_v1_HD_03.jpg\",\"width\":1080,\"height\":1080},{\"@type\":\"BreadcrumbList\",\"@id\":\"https:\/\/gr1993records.com\/index.php\/product\/djabe-magic-stag-in-debrecenmc\/#breadcrumb\",\"itemListElement\":[{\"@type\":\"ListItem\",\"position\":1,\"name\":\"Home\",\"item\":\"https:\/\/gr1993records.com\/\"},{\"@type\":\"ListItem\",\"position\":2,\"name\":\"Kiadv\u00e1nyok\",\"item\":\"https:\/\/gr1993records.com\/index.php\/shop\/\"},{\"@type\":\"ListItem\",\"position\":3,\"name\":\"Djabe Magic Stag In DebrecenMC\"}]},{\"@type\":\"WebSite\",\"@id\":\"https:\/\/gr1993records.com\/#website\",\"url\":\"https:\/\/gr1993records.com\/\",\"name\":\"GR1993 Records\",\"description\":\"\",\"publisher\":{\"@id\":\"https:\/\/gr1993records.com\/#organization\"},\"potentialAction\":[{\"@type\":\"SearchAction\",\"target\":{\"@type\":\"EntryPoint\",\"urlTemplate\":\"https:\/\/gr1993records.com\/?s={search_term_string}\"},\"query-input\":{\"@type\":\"PropertyValueSpecification\",\"valueRequired\":true,\"valueName\":\"search_term_string\"}}],\"inLanguage\":\"hu\"},{\"@type\":\"Organization\",\"@id\":\"https:\/\/gr1993records.com\/#organization\",\"name\":\"Gramy-H Ltd.\",\"url\":\"https:\/\/gr1993records.com\/\",\"logo\":{\"@type\":\"ImageObject\",\"inLanguage\":\"hu\",\"@id\":\"https:\/\/gr1993records.com\/#\/schema\/logo\/image\/\",\"url\":\"https:\/\/gr1993records.com\/wp-content\/uploads\/2019\/08\/GR1993_Records_logo_CC.png\",\"contentUrl\":\"https:\/\/gr1993records.com\/wp-content\/uploads\/2019\/08\/GR1993_Records_logo_CC.png\",\"width\":2900,\"height\":2001,\"caption\":\"Gramy-H Ltd.\"},\"image\":{\"@id\":\"https:\/\/gr1993records.com\/#\/schema\/logo\/image\/\"},\"sameAs\":[\"https:\/\/www.facebook.com\/GR1993Records-113564886691383\/\"]}]}<\/script>\n<!-- \/ Yoast SEO plugin. -->","yoast_head_json":{"title":"Djabe Magic Stag In DebrecenMC &#8211; GR1993 Records","robots":{"index":"index","follow":"follow","max-snippet":"max-snippet:-1","max-image-preview":"max-image-preview:large","max-video-preview":"max-video-preview:-1"},"canonical":"https:\/\/gr1993records.com\/index.php\/product\/djabe-magic-stag-in-debrecenmc\/","og_locale":"hu_HU","og_type":"article","og_title":"Djabe Magic Stag In DebrecenMC &#8211; GR1993 Records","og_description":"GR-182-4, MC","og_url":"https:\/\/gr1993records.com\/index.php\/product\/djabe-magic-stag-in-debrecenmc\/","og_site_name":"GR1993 Records","article_publisher":"https:\/\/www.facebook.com\/GR1993Records-113564886691383\/","article_modified_time":"2026-04-02T11:35:27+00:00","og_image":[{"width":1920,"height":1080,"url":"https:\/\/gr1993records.com\/wp-content\/uploads\/2025\/05\/Audio_Cassette_Tape_with_Box_Djabe_Magic_Stag_v1_HD_02.jpg","type":"image\/jpeg"}],"twitter_card":"summary_large_image","twitter_image":"https:\/\/gr1993records.com\/wp-content\/uploads\/2025\/05\/Audio_Cassette_Tape_with_Box_Djabe_Magic_Stag_v1_HD_02.jpg","twitter_misc":{"Becs\u00fclt olvas\u00e1si id\u0151":"2 perc"},"schema":{"@context":"https:\/\/schema.org","@graph":[{"@type":"WebPage","@id":"https:\/\/gr1993records.com\/index.php\/product\/djabe-magic-stag-in-debrecenmc\/","url":"https:\/\/gr1993records.com\/index.php\/product\/djabe-magic-stag-in-debrecenmc\/","name":"Djabe Magic Stag In Debrecen MC &#8211; GR1993 Records","isPartOf":{"@id":"https:\/\/gr1993records.com\/#website"},"primaryImageOfPage":{"@id":"https:\/\/gr1993records.com\/index.php\/product\/djabe-magic-stag-in-debrecenmc\/#primaryimage"},"image":{"@id":"https:\/\/gr1993records.com\/index.php\/product\/djabe-magic-stag-in-debrecenmc\/#primaryimage"},"thumbnailUrl":"https:\/\/gr1993records.com\/wp-content\/uploads\/2025\/05\/Audio_Cassette_Tape_with_Box_Djabe_Magic_Stag_v1_HD_03.jpg","datePublished":"2025-05-22T12:30:08+00:00","dateModified":"2026-04-02T11:35:27+00:00","breadcrumb":{"@id":"https:\/\/gr1993records.com\/index.php\/product\/djabe-magic-stag-in-debrecenmc\/#breadcrumb"},"inLanguage":"hu","potentialAction":[{"@type":"ReadAction","target":["https:\/\/gr1993records.com\/index.php\/product\/djabe-magic-stag-in-debrecenmc\/"]}]},{"@type":"ImageObject","inLanguage":"hu","@id":"https:\/\/gr1993records.com\/index.php\/product\/djabe-magic-stag-in-debrecenmc\/#primaryimage","url":"https:\/\/gr1993records.com\/wp-content\/uploads\/2025\/05\/Audio_Cassette_Tape_with_Box_Djabe_Magic_Stag_v1_HD_03.jpg","contentUrl":"https:\/\/gr1993records.com\/wp-content\/uploads\/2025\/05\/Audio_Cassette_Tape_with_Box_Djabe_Magic_Stag_v1_HD_03.jpg","width":1080,"height":1080},{"@type":"BreadcrumbList","@id":"https:\/\/gr1993records.com\/index.php\/product\/djabe-magic-stag-in-debrecenmc\/#breadcrumb","itemListElement":[{"@type":"ListItem","position":1,"name":"Home","item":"https:\/\/gr1993records.com\/"},{"@type":"ListItem","position":2,"name":"Kiadv\u00e1nyok","item":"https:\/\/gr1993records.com\/index.php\/shop\/"},{"@type":"ListItem","position":3,"name":"Djabe Magic Stag In DebrecenMC"}]},{"@type":"WebSite","@id":"https:\/\/gr1993records.com\/#website","url":"https:\/\/gr1993records.com\/","name":"GR1993 Records","description":"","publisher":{"@id":"https:\/\/gr1993records.com\/#organization"},"potentialAction":[{"@type":"SearchAction","target":{"@type":"EntryPoint","urlTemplate":"https:\/\/gr1993records.com\/?s={search_term_string}"},"query-input":{"@type":"PropertyValueSpecification","valueRequired":true,"valueName":"search_term_string"}}],"inLanguage":"hu"},{"@type":"Organization","@id":"https:\/\/gr1993records.com\/#organization","name":"Gramy-H Ltd.","url":"https:\/\/gr1993records.com\/","logo":{"@type":"ImageObject","inLanguage":"hu","@id":"https:\/\/gr1993records.com\/#\/schema\/logo\/image\/","url":"https:\/\/gr1993records.com\/wp-content\/uploads\/2019\/08\/GR1993_Records_logo_CC.png","contentUrl":"https:\/\/gr1993records.com\/wp-content\/uploads\/2019\/08\/GR1993_Records_logo_CC.png","width":2900,"height":2001,"caption":"Gramy-H Ltd."},"image":{"@id":"https:\/\/gr1993records.com\/#\/schema\/logo\/image\/"},"sameAs":["https:\/\/www.facebook.com\/GR1993Records-113564886691383\/"]}]}},"jetpack_sharing_enabled":true,"_links":{"self":[{"href":"https:\/\/gr1993records.com\/index.php\/wp-json\/wp\/v2\/product\/7484","targetHints":{"allow":["GET"]}}],"collection":[{"href":"https:\/\/gr1993records.com\/index.php\/wp-json\/wp\/v2\/product"}],"about":[{"href":"https:\/\/gr1993records.com\/index.php\/wp-json\/wp\/v2\/types\/product"}],"wp:featuredmedia":[{"embeddable":true,"href":"https:\/\/gr1993records.com\/index.php\/wp-json\/wp\/v2\/media\/7485"}],"wp:attachment":[{"href":"https:\/\/gr1993records.com\/index.php\/wp-json\/wp\/v2\/media?parent=7484"}],"wp:term":[{"taxonomy":"product_brand","embeddable":true,"href":"https:\/\/gr1993records.com\/index.php\/wp-json\/wp\/v2\/product_brand?post=7484"},{"taxonomy":"product_cat","embeddable":true,"href":"https:\/\/gr1993records.com\/index.php\/wp-json\/wp\/v2\/product_cat?post=7484"},{"taxonomy":"product_tag","embeddable":true,"href":"https:\/\/gr1993records.com\/index.php\/wp-json\/wp\/v2\/product_tag?post=7484"}],"curies":[{"name":"wp","href":"https:\/\/api.w.org\/{rel}","templated":true}]}}