{"id":7476,"date":"2025-05-22T10:58:20","date_gmt":"2025-05-22T08:58:20","guid":{"rendered":"https:\/\/gr1993records.com\/?post_type=product&#038;p=7476"},"modified":"2026-04-02T10:44:12","modified_gmt":"2026-04-02T08:44:12","slug":"djabe-with-chieli-minucci-tour-of-waterfalls-2-x-2-track-master-tape","status":"publish","type":"product","link":"https:\/\/gr1993records.com\/index.php\/product\/djabe-with-chieli-minucci-tour-of-waterfalls-2-x-2-track-master-tape\/","title":{"rendered":"Djabe with Chieli Minucci <br>Tour Of Waterfalls <br>2 x 2 Track Master Tape"},"content":{"rendered":"<p>A dupla f\u00e9ls\u00e1vos szalagok anyag\u00e1t a Djabe a 2024-es, Chieli Minuccival k\u00f6z\u00f6s Tour Of Waterfalls budapesti \u00e1llom\u00e1s\u00e1n r\u00f6gz\u00edtett\u00e9k, 24 s\u00e1vos anal\u00f3g technik\u00e1val. A kiv\u00e1l\u00f3 felv\u00e9telnek \u00e9s Barab\u00e1s Tam\u00e1s vil\u00e1gszerte elismert hangm\u00e9rn\u00f6ki munk\u00e1j\u00e1nak k\u00f6sz\u00f6nhet\u0151en ism\u00e9t audiofil min\u0151s\u00e9g\u0171 maszter sz\u00fcletett. A k\u00e9t CD tartalmazza a koncert teljes anyag\u00e1t, feler\u00e9szt Djabe kompoz\u00edci\u00f3kat, melyeknek Chieli Minucci adott \u00faj lend\u00fcletet \u00e9s hangz\u00e1st. Az album tov\u00e1bbi r\u00e9sz\u00e9ben Chieli Minucci szerzem\u00e9nyei hallhat\u00f3ak, javar\u00e9szt Special EFX sz\u00e1mok.<br \/>\nA c\u00edmad\u00f3 Waterfall szerzem\u00e9nyek pedig term\u00e9szetesen mindk\u00e9t reperto\u00e1rb\u00f3l elhangzanak, melyek egyar\u00e1nt nagyon j\u00f3l m\u0171k\u00f6dnek ebben a fel\u00faj\u00edtott, k\u00f6z\u00f6s hangszerel\u00e9sben is.<\/p>\n<p>A v\u00e9gig egys\u00e9gesen er\u0151s programb\u00f3l kiemelkedik Chieli Without You szerzem\u00e9nye, mely ezen a turn\u00e9n hangzott el el\u0151sz\u00f6r \u00e9l\u0151ben. A t\u00f6bbs\u00e9g\u00e9ben er\u0151sen emocion\u00e1lis kompoz\u00edci\u00f3k minden egyes turn\u00e9\u00e1llom\u00e1son k\u00fcl\u00f6nleges atmoszf\u00e9r\u00e1t teremtettek.<br \/>\nA Djabe zenei min\u0151s\u00e9ge \u00e9s egyedi hangz\u00e1sa ezeknek a felv\u00e9teleknek is \u00faj megsz\u00f3lal\u00e1st adott. Minucci elismer\u0151en nyilatkozott a zenekarr\u00f3l, a koncertekr\u0151l \u00e9s a felv\u00e9telr\u0151l is.<\/p>\n<p>A Tour Of Waterfalls nemcsak Chieli \u00e9s a Djabe egy\u00fcttm\u0171k\u00f6d\u00e9s\u00e9nek els\u0151 albuma, de egyben az \u00faj Djabe f\u00fav\u00f3s, Zana Zolt\u00e1n bemutatkoz\u00e1sa is. Zoli egyar\u00e1nt remekel a Minucci szerzem\u00e9nyekben \u00e9s a r\u00e9gebbi Djabe kompoz\u00edci\u00f3kban. \u00c9lm\u00e9nysz\u00e1mba men\u0151 szaxofon- \u00e9s EWI j\u00e1t\u00e9ka egyszerre id\u00e9zi meg a Djabe indul\u00e1s\u00e1t \u00e9s els\u0151 h\u0151skor\u00e1t, mik\u00f6zben friss\u00edti \u00e9s moderniz\u00e1lja is a csod\u00e1s f\u00fazi\u00f3s kompoz\u00edci\u00f3kat.<\/p>\n<p><strong>Chieli Minucci<\/strong> \u2013 git\u00e1r<br \/>\n<strong>\u00c9gerh\u00e1zi Attila<\/strong> \u2013 git\u00e1r, \u00fct\u0151hangszerek<br \/>\n<strong>Barab\u00e1s Tam\u00e1s<\/strong> \u2013 basszusgit\u00e1r<br \/>\n<strong>Kasz\u00e1s P\u00e9ter<\/strong> \u2013 dob, \u00e9nek<br \/>\n<strong>Bubeny\u00e1k Zolt\u00e1n<\/strong> \u2013 billenty\u0171s hangszerek<br \/>\n<strong>Zana Zolt\u00e1n<\/strong> \u2013 szaxofon, EWI<\/p>\n<h2><strong><img loading=\"lazy\" decoding=\"async\" class=\"aligncenter wp-image-7477 size-full\" src=\"https:\/\/gr1993records.com\/wp-content\/uploads\/2025\/05\/Djabe_with_Chieli_Minucci_Tour_of_Waterfalls_2TRACK_TAPE_EGYBEN_265x265mm_Mockup_01.png\" alt=\"\" width=\"2000\" height=\"975\" srcset=\"https:\/\/gr1993records.com\/wp-content\/uploads\/2025\/05\/Djabe_with_Chieli_Minucci_Tour_of_Waterfalls_2TRACK_TAPE_EGYBEN_265x265mm_Mockup_01.png 2000w, https:\/\/gr1993records.com\/wp-content\/uploads\/2025\/05\/Djabe_with_Chieli_Minucci_Tour_of_Waterfalls_2TRACK_TAPE_EGYBEN_265x265mm_Mockup_01-300x146.png 300w, https:\/\/gr1993records.com\/wp-content\/uploads\/2025\/05\/Djabe_with_Chieli_Minucci_Tour_of_Waterfalls_2TRACK_TAPE_EGYBEN_265x265mm_Mockup_01-1024x499.png 1024w, https:\/\/gr1993records.com\/wp-content\/uploads\/2025\/05\/Djabe_with_Chieli_Minucci_Tour_of_Waterfalls_2TRACK_TAPE_EGYBEN_265x265mm_Mockup_01-768x374.png 768w, https:\/\/gr1993records.com\/wp-content\/uploads\/2025\/05\/Djabe_with_Chieli_Minucci_Tour_of_Waterfalls_2TRACK_TAPE_EGYBEN_265x265mm_Mockup_01-1536x749.png 1536w, https:\/\/gr1993records.com\/wp-content\/uploads\/2025\/05\/Djabe_with_Chieli_Minucci_Tour_of_Waterfalls_2TRACK_TAPE_EGYBEN_265x265mm_Mockup_01-1568x764.png 1568w, https:\/\/gr1993records.com\/wp-content\/uploads\/2025\/05\/Djabe_with_Chieli_Minucci_Tour_of_Waterfalls_2TRACK_TAPE_EGYBEN_265x265mm_Mockup_01-600x293.png 600w\" sizes=\"auto, (max-width: 2000px) 100vw, 2000px\" \/><\/strong><\/h2>\n<h2><strong>Tracklista<\/strong><\/h2>\n<p><strong>Tape 1<\/strong><br \/>\nWaterfall<br \/>\nSunday Afternoon<br \/>\nDaybreak<br \/>\nIsland (closing section)<br \/>\nDeep Lights<br \/>\nWithout You<br \/>\nBuzzy Island<\/p>\n<p><strong>Tape 2<\/strong><br \/>\nWaterfall<br \/>\nBefore<br \/>\nNature Boy<br \/>\nSpeak To Me<br \/>\nBodybeat<br \/>\nLava Lamp<\/p>\n<p><iframe loading=\"lazy\" title=\"Djabe with Chieli Minucci - Waterfall \/ Sunday Afternoon \/ Daybreak\" width=\"840\" height=\"473\" src=\"https:\/\/www.youtube.com\/embed\/yCoDQQVHP30?feature=oembed\" frameborder=\"0\" allow=\"accelerometer; autoplay; clipboard-write; encrypted-media; gyroscope; picture-in-picture; web-share\" referrerpolicy=\"strict-origin-when-cross-origin\" allowfullscreen><\/iframe><\/p>\n","protected":false},"excerpt":{"rendered":"<h2><strong>GR-179-7, 2 x 2 track Master Tapes<\/strong><br \/>\n<strong>LPR90 RTM tapes, 38 cm\/s, NAB metal Reel, IEC, hinged box<\/strong><\/h2>\n","protected":false},"featured_media":7480,"template":"","meta":[],"product_brand":[],"product_cat":[110],"product_tag":[],"class_list":{"0":"post-7476","1":"product","2":"type-product","3":"status-publish","4":"has-post-thumbnail","6":"product_cat-2_track_mester_szalag","7":"yith_product_brand-djabe","8":"yith_product_brand-special-efx-featuring-chieli-minucci","9":"col-12 col-sm-6 col-md-4","11":"first","12":"outofstock","13":"featured","14":"shipping-taxable","15":"purchasable","16":"product-type-simple"},"yoast_head":"<!-- This site is optimized with the Yoast SEO plugin v27.2 - https:\/\/yoast.com\/product\/yoast-seo-wordpress\/ -->\n<title>Djabe with Chieli Minucci Tour Of Waterfalls 2 x 2 Track Master Tape &#8211; GR1993 Records<\/title>\n<meta name=\"robots\" content=\"index, follow, max-snippet:-1, max-image-preview:large, max-video-preview:-1\" \/>\n<link rel=\"canonical\" href=\"https:\/\/gr1993records.com\/index.php\/product\/djabe-with-chieli-minucci-tour-of-waterfalls-2-x-2-track-master-tape\/\" \/>\n<meta property=\"og:locale\" content=\"hu_HU\" \/>\n<meta property=\"og:type\" content=\"article\" \/>\n<meta property=\"og:title\" content=\"Djabe with Chieli Minucci Tour Of Waterfalls 2 x 2 Track Master Tape &#8211; GR1993 Records\" \/>\n<meta property=\"og:description\" content=\"GR-179-7, 2 x 2 track Master Tapes LPR90 RTM tapes, 38 cm\/s, NAB metal Reel, IEC, hinged box\" \/>\n<meta property=\"og:url\" content=\"https:\/\/gr1993records.com\/index.php\/product\/djabe-with-chieli-minucci-tour-of-waterfalls-2-x-2-track-master-tape\/\" \/>\n<meta property=\"og:site_name\" content=\"GR1993 Records\" \/>\n<meta property=\"article:publisher\" content=\"https:\/\/www.facebook.com\/GR1993Records-113564886691383\/\" \/>\n<meta property=\"article:modified_time\" content=\"2026-04-02T08:44:12+00:00\" \/>\n<meta property=\"og:image\" content=\"https:\/\/gr1993records.com\/wp-content\/uploads\/2025\/05\/Djabe_with_Chieli_Minucci_Tour_of_Waterfalls_2TRACK_TAPE_EGYBEN_265x265mm_Mockup_01.png\" \/>\n\t<meta property=\"og:image:width\" content=\"2000\" \/>\n\t<meta property=\"og:image:height\" content=\"975\" \/>\n\t<meta property=\"og:image:type\" content=\"image\/png\" \/>\n<meta name=\"twitter:card\" content=\"summary_large_image\" \/>\n<meta name=\"twitter:image\" content=\"https:\/\/gr1993records.com\/wp-content\/uploads\/2025\/05\/Djabe_with_Chieli_Minucci_Tour_of_Waterfalls_2TRACK_TAPE_EGYBEN_265x265mm_Mockup_01.png\" \/>\n<meta name=\"twitter:label1\" content=\"Becs\u00fclt olvas\u00e1si id\u0151\" \/>\n\t<meta name=\"twitter:data1\" content=\"2 perc\" \/>\n<script type=\"application\/ld+json\" class=\"yoast-schema-graph\">{\"@context\":\"https:\/\/schema.org\",\"@graph\":[{\"@type\":\"WebPage\",\"@id\":\"https:\/\/gr1993records.com\/index.php\/product\/djabe-with-chieli-minucci-tour-of-waterfalls-2-x-2-track-master-tape\/\",\"url\":\"https:\/\/gr1993records.com\/index.php\/product\/djabe-with-chieli-minucci-tour-of-waterfalls-2-x-2-track-master-tape\/\",\"name\":\"Djabe with Chieli Minucci Tour Of Waterfalls 2 x 2 Track Master Tape &#8211; GR1993 Records\",\"isPartOf\":{\"@id\":\"https:\/\/gr1993records.com\/#website\"},\"primaryImageOfPage\":{\"@id\":\"https:\/\/gr1993records.com\/index.php\/product\/djabe-with-chieli-minucci-tour-of-waterfalls-2-x-2-track-master-tape\/#primaryimage\"},\"image\":{\"@id\":\"https:\/\/gr1993records.com\/index.php\/product\/djabe-with-chieli-minucci-tour-of-waterfalls-2-x-2-track-master-tape\/#primaryimage\"},\"thumbnailUrl\":\"https:\/\/gr1993records.com\/wp-content\/uploads\/2025\/05\/Djabe_with_Chieli_Minucci_Tour_of_Waterfalls_2TRACK_TAPE_EGYBEN_265x265mm_Mockup_02.jpg\",\"datePublished\":\"2025-05-22T08:58:20+00:00\",\"dateModified\":\"2026-04-02T08:44:12+00:00\",\"breadcrumb\":{\"@id\":\"https:\/\/gr1993records.com\/index.php\/product\/djabe-with-chieli-minucci-tour-of-waterfalls-2-x-2-track-master-tape\/#breadcrumb\"},\"inLanguage\":\"hu\",\"potentialAction\":[{\"@type\":\"ReadAction\",\"target\":[\"https:\/\/gr1993records.com\/index.php\/product\/djabe-with-chieli-minucci-tour-of-waterfalls-2-x-2-track-master-tape\/\"]}]},{\"@type\":\"ImageObject\",\"inLanguage\":\"hu\",\"@id\":\"https:\/\/gr1993records.com\/index.php\/product\/djabe-with-chieli-minucci-tour-of-waterfalls-2-x-2-track-master-tape\/#primaryimage\",\"url\":\"https:\/\/gr1993records.com\/wp-content\/uploads\/2025\/05\/Djabe_with_Chieli_Minucci_Tour_of_Waterfalls_2TRACK_TAPE_EGYBEN_265x265mm_Mockup_02.jpg\",\"contentUrl\":\"https:\/\/gr1993records.com\/wp-content\/uploads\/2025\/05\/Djabe_with_Chieli_Minucci_Tour_of_Waterfalls_2TRACK_TAPE_EGYBEN_265x265mm_Mockup_02.jpg\",\"width\":2000,\"height\":2000},{\"@type\":\"BreadcrumbList\",\"@id\":\"https:\/\/gr1993records.com\/index.php\/product\/djabe-with-chieli-minucci-tour-of-waterfalls-2-x-2-track-master-tape\/#breadcrumb\",\"itemListElement\":[{\"@type\":\"ListItem\",\"position\":1,\"name\":\"Home\",\"item\":\"https:\/\/gr1993records.com\/\"},{\"@type\":\"ListItem\",\"position\":2,\"name\":\"Kiadv\u00e1nyok\",\"item\":\"https:\/\/gr1993records.com\/index.php\/shop\/\"},{\"@type\":\"ListItem\",\"position\":3,\"name\":\"Djabe with Chieli Minucci Tour Of Waterfalls 2 x 2 Track Master Tape\"}]},{\"@type\":\"WebSite\",\"@id\":\"https:\/\/gr1993records.com\/#website\",\"url\":\"https:\/\/gr1993records.com\/\",\"name\":\"GR1993 Records\",\"description\":\"\",\"publisher\":{\"@id\":\"https:\/\/gr1993records.com\/#organization\"},\"potentialAction\":[{\"@type\":\"SearchAction\",\"target\":{\"@type\":\"EntryPoint\",\"urlTemplate\":\"https:\/\/gr1993records.com\/?s={search_term_string}\"},\"query-input\":{\"@type\":\"PropertyValueSpecification\",\"valueRequired\":true,\"valueName\":\"search_term_string\"}}],\"inLanguage\":\"hu\"},{\"@type\":\"Organization\",\"@id\":\"https:\/\/gr1993records.com\/#organization\",\"name\":\"Gramy-H Ltd.\",\"url\":\"https:\/\/gr1993records.com\/\",\"logo\":{\"@type\":\"ImageObject\",\"inLanguage\":\"hu\",\"@id\":\"https:\/\/gr1993records.com\/#\/schema\/logo\/image\/\",\"url\":\"https:\/\/gr1993records.com\/wp-content\/uploads\/2019\/08\/GR1993_Records_logo_CC.png\",\"contentUrl\":\"https:\/\/gr1993records.com\/wp-content\/uploads\/2019\/08\/GR1993_Records_logo_CC.png\",\"width\":2900,\"height\":2001,\"caption\":\"Gramy-H Ltd.\"},\"image\":{\"@id\":\"https:\/\/gr1993records.com\/#\/schema\/logo\/image\/\"},\"sameAs\":[\"https:\/\/www.facebook.com\/GR1993Records-113564886691383\/\"]}]}<\/script>\n<!-- \/ Yoast SEO plugin. -->","yoast_head_json":{"title":"Djabe with Chieli Minucci Tour Of Waterfalls 2 x 2 Track Master Tape &#8211; GR1993 Records","robots":{"index":"index","follow":"follow","max-snippet":"max-snippet:-1","max-image-preview":"max-image-preview:large","max-video-preview":"max-video-preview:-1"},"canonical":"https:\/\/gr1993records.com\/index.php\/product\/djabe-with-chieli-minucci-tour-of-waterfalls-2-x-2-track-master-tape\/","og_locale":"hu_HU","og_type":"article","og_title":"Djabe with Chieli Minucci Tour Of Waterfalls 2 x 2 Track Master Tape &#8211; GR1993 Records","og_description":"GR-179-7, 2 x 2 track Master Tapes LPR90 RTM tapes, 38 cm\/s, NAB metal Reel, IEC, hinged box","og_url":"https:\/\/gr1993records.com\/index.php\/product\/djabe-with-chieli-minucci-tour-of-waterfalls-2-x-2-track-master-tape\/","og_site_name":"GR1993 Records","article_publisher":"https:\/\/www.facebook.com\/GR1993Records-113564886691383\/","article_modified_time":"2026-04-02T08:44:12+00:00","og_image":[{"width":2000,"height":975,"url":"https:\/\/gr1993records.com\/wp-content\/uploads\/2025\/05\/Djabe_with_Chieli_Minucci_Tour_of_Waterfalls_2TRACK_TAPE_EGYBEN_265x265mm_Mockup_01.png","type":"image\/png"}],"twitter_card":"summary_large_image","twitter_image":"https:\/\/gr1993records.com\/wp-content\/uploads\/2025\/05\/Djabe_with_Chieli_Minucci_Tour_of_Waterfalls_2TRACK_TAPE_EGYBEN_265x265mm_Mockup_01.png","twitter_misc":{"Becs\u00fclt olvas\u00e1si id\u0151":"2 perc"},"schema":{"@context":"https:\/\/schema.org","@graph":[{"@type":"WebPage","@id":"https:\/\/gr1993records.com\/index.php\/product\/djabe-with-chieli-minucci-tour-of-waterfalls-2-x-2-track-master-tape\/","url":"https:\/\/gr1993records.com\/index.php\/product\/djabe-with-chieli-minucci-tour-of-waterfalls-2-x-2-track-master-tape\/","name":"Djabe with Chieli Minucci Tour Of Waterfalls 2 x 2 Track Master Tape &#8211; GR1993 Records","isPartOf":{"@id":"https:\/\/gr1993records.com\/#website"},"primaryImageOfPage":{"@id":"https:\/\/gr1993records.com\/index.php\/product\/djabe-with-chieli-minucci-tour-of-waterfalls-2-x-2-track-master-tape\/#primaryimage"},"image":{"@id":"https:\/\/gr1993records.com\/index.php\/product\/djabe-with-chieli-minucci-tour-of-waterfalls-2-x-2-track-master-tape\/#primaryimage"},"thumbnailUrl":"https:\/\/gr1993records.com\/wp-content\/uploads\/2025\/05\/Djabe_with_Chieli_Minucci_Tour_of_Waterfalls_2TRACK_TAPE_EGYBEN_265x265mm_Mockup_02.jpg","datePublished":"2025-05-22T08:58:20+00:00","dateModified":"2026-04-02T08:44:12+00:00","breadcrumb":{"@id":"https:\/\/gr1993records.com\/index.php\/product\/djabe-with-chieli-minucci-tour-of-waterfalls-2-x-2-track-master-tape\/#breadcrumb"},"inLanguage":"hu","potentialAction":[{"@type":"ReadAction","target":["https:\/\/gr1993records.com\/index.php\/product\/djabe-with-chieli-minucci-tour-of-waterfalls-2-x-2-track-master-tape\/"]}]},{"@type":"ImageObject","inLanguage":"hu","@id":"https:\/\/gr1993records.com\/index.php\/product\/djabe-with-chieli-minucci-tour-of-waterfalls-2-x-2-track-master-tape\/#primaryimage","url":"https:\/\/gr1993records.com\/wp-content\/uploads\/2025\/05\/Djabe_with_Chieli_Minucci_Tour_of_Waterfalls_2TRACK_TAPE_EGYBEN_265x265mm_Mockup_02.jpg","contentUrl":"https:\/\/gr1993records.com\/wp-content\/uploads\/2025\/05\/Djabe_with_Chieli_Minucci_Tour_of_Waterfalls_2TRACK_TAPE_EGYBEN_265x265mm_Mockup_02.jpg","width":2000,"height":2000},{"@type":"BreadcrumbList","@id":"https:\/\/gr1993records.com\/index.php\/product\/djabe-with-chieli-minucci-tour-of-waterfalls-2-x-2-track-master-tape\/#breadcrumb","itemListElement":[{"@type":"ListItem","position":1,"name":"Home","item":"https:\/\/gr1993records.com\/"},{"@type":"ListItem","position":2,"name":"Kiadv\u00e1nyok","item":"https:\/\/gr1993records.com\/index.php\/shop\/"},{"@type":"ListItem","position":3,"name":"Djabe with Chieli Minucci Tour Of Waterfalls 2 x 2 Track Master Tape"}]},{"@type":"WebSite","@id":"https:\/\/gr1993records.com\/#website","url":"https:\/\/gr1993records.com\/","name":"GR1993 Records","description":"","publisher":{"@id":"https:\/\/gr1993records.com\/#organization"},"potentialAction":[{"@type":"SearchAction","target":{"@type":"EntryPoint","urlTemplate":"https:\/\/gr1993records.com\/?s={search_term_string}"},"query-input":{"@type":"PropertyValueSpecification","valueRequired":true,"valueName":"search_term_string"}}],"inLanguage":"hu"},{"@type":"Organization","@id":"https:\/\/gr1993records.com\/#organization","name":"Gramy-H Ltd.","url":"https:\/\/gr1993records.com\/","logo":{"@type":"ImageObject","inLanguage":"hu","@id":"https:\/\/gr1993records.com\/#\/schema\/logo\/image\/","url":"https:\/\/gr1993records.com\/wp-content\/uploads\/2019\/08\/GR1993_Records_logo_CC.png","contentUrl":"https:\/\/gr1993records.com\/wp-content\/uploads\/2019\/08\/GR1993_Records_logo_CC.png","width":2900,"height":2001,"caption":"Gramy-H Ltd."},"image":{"@id":"https:\/\/gr1993records.com\/#\/schema\/logo\/image\/"},"sameAs":["https:\/\/www.facebook.com\/GR1993Records-113564886691383\/"]}]}},"jetpack_sharing_enabled":true,"_links":{"self":[{"href":"https:\/\/gr1993records.com\/index.php\/wp-json\/wp\/v2\/product\/7476","targetHints":{"allow":["GET"]}}],"collection":[{"href":"https:\/\/gr1993records.com\/index.php\/wp-json\/wp\/v2\/product"}],"about":[{"href":"https:\/\/gr1993records.com\/index.php\/wp-json\/wp\/v2\/types\/product"}],"wp:featuredmedia":[{"embeddable":true,"href":"https:\/\/gr1993records.com\/index.php\/wp-json\/wp\/v2\/media\/7480"}],"wp:attachment":[{"href":"https:\/\/gr1993records.com\/index.php\/wp-json\/wp\/v2\/media?parent=7476"}],"wp:term":[{"taxonomy":"product_brand","embeddable":true,"href":"https:\/\/gr1993records.com\/index.php\/wp-json\/wp\/v2\/product_brand?post=7476"},{"taxonomy":"product_cat","embeddable":true,"href":"https:\/\/gr1993records.com\/index.php\/wp-json\/wp\/v2\/product_cat?post=7476"},{"taxonomy":"product_tag","embeddable":true,"href":"https:\/\/gr1993records.com\/index.php\/wp-json\/wp\/v2\/product_tag?post=7476"}],"curies":[{"name":"wp","href":"https:\/\/api.w.org\/{rel}","templated":true}]}}