{"id":7368,"date":"2025-01-17T16:23:35","date_gmt":"2025-01-17T15:23:35","guid":{"rendered":"https:\/\/gr1993records.com\/?post_type=product&#038;p=7368"},"modified":"2026-04-02T13:48:58","modified_gmt":"2026-04-02T11:48:58","slug":"djabe-steve-hackettfreya-arctic-jamcd-blu-ray","status":"publish","type":"product","link":"https:\/\/gr1993records.com\/index.php\/product\/djabe-steve-hackettfreya-arctic-jamcd-blu-ray\/","title":{"rendered":"Djabe &#038; Steve Hackett <br>Freya \u2013 Arctic Jam <br>CD\/BLU-RAY"},"content":{"rendered":"<p><\/p>\n<h3><strong>\u00c9szaki sarki felv\u00e9telek?<\/strong><\/h3>\n<h3><strong>Steve Hackett \u00e9s a Djabe kor\u00e1bbi szard\u00edniai felv\u00e9teleire eml\u00e9keztet\u0151, st\u00fadi\u00f3 anyagot r\u00f6gz\u00edtett az \u00e9szaki sarkk\u00f6rt\u0151l 100 kilom\u00e9terre, \u00e9szakra.<\/strong><\/h3>\n<h3><strong><span lang=\"HU\">A k\u00e9tlemezes digipak csomagol\u00e1s\u00fa, r\u00e9gi\u00f3k\u00f3d n\u00e9lk\u00fcli Blu-ray lemezen nagyfelbont\u00e1s\u00fa sztere\u00f3 \u00e9s 5.1 hangs\u00e1vokb\u00f3l v\u00e1laszthatunk. Az extr\u00e1k k\u00f6z\u00f6tt helyet kapott 4 Norv\u00e9gi\u00e1ban k\u00e9sz\u00fclt koncertfelv\u00e9tel \u00e9s 4 klasszikus kompoz\u00edci\u00f3 a 2023-as gy\u0151ri Djabe &amp; Steve Hackett koncertb\u0151l.<\/span><\/strong><\/h3>\n<p>2024 janu\u00e1rj\u00e1ban a Djabe \u00e9s Steve Hackett form\u00e1ci\u00f3 az \u00e9szaki sarkk\u00f6r\u00f6n t\u00falra utazott \u00e9s r\u00e9szt vett a B<span class=\"A8\"><span lang=\"EN-GB\">od\u00f8<\/span><\/span> Jazz Open Fesztiv\u00e1lon, Norv\u00e9gi\u00e1ban. Djabe &amp; Steve Hackett fel\u00e1ll\u00e1sban adtak koncertet a Sv\u00f6mmehallen Scene-ben, majd m\u00e1snap a Djabe a Dama Di<br \/>\nklubban \u00f6n\u00e1ll\u00f3an l\u00e9pett fel. Sarkvid\u00e9ki tart\u00f3zkod\u00e1suk alatt egy \u00faj st\u00fadi\u00f3albumot is felvettek.<\/p>\n<p>\u201eA szervez\u0151k a Sv\u00f6mmehallen koncert csarnokot a teljes felszerel\u00e9ssel egy\u00fctt h\u00e1rom napra b\u00e9relt\u00e9k ki, bele\u00e9rtve a fell\u00e9p\u00e9s napj\u00e1t is.<br \/>\nEz t\u00f6bb volt, mint amennyire a pr\u00f3b\u00e1khoz sz\u00fcks\u00e9g\u00fcnk volt, ez\u00e9rt azt javasoltam, hogy vegy\u00fcnk fel n\u00e9h\u00e1ny jamet, hasonl\u00f3an ahhoz, amit n\u00e9h\u00e1ny \u00e9vvel ezel\u0151tt Szard\u00edni\u00e1n k\u00e9t alkalommal is csin\u00e1ltunk. Sok felv\u00e9telt k\u00e9sz\u00edtett\u00fcnk janu\u00e1r 30-\u00e1n, \u00e9s az el\u0151ad\u00e1s napj\u00e1nak d\u00e9lel\u0151ttj\u00e9n, janu\u00e1r 31-\u00e9n is a Sv\u00f6mmehallenben. Az eredm\u00e9ny \u00edg\u00e9retes volt, ez\u00e9rt \u00fagy d\u00f6nt\u00f6tt\u00fcnk, hogy befejezz\u00fck a felv\u00e9teleket,<br \/>\n\u00e9s a sarkvid\u00e9ki improviz\u00e1ci\u00f3kb\u00f3l elk\u00e9sz\u00edt\u00fcnk egy teljes albumot. Tam\u00e1s ism\u00e9t szerkesztett, hangszerelt, kevert, zen\u00e9lt \u00e9s producerkedett.<\/p>\n<p>R\u00e1ad\u00e1sk\u00e9nt mindk\u00e9t koncertet soks\u00e1vos hangtechnik\u00e1val is r\u00f6gz\u00edtett\u00fck. Janu\u00e1r 31-\u00e9n a Sv\u00f6mmehallen Scene \u00e9s febru\u00e1r 1-j\u00e9n<br \/>\na Dama Di koncertet. Ehhez a kiadv\u00e1nyhoz n\u00e9gy szerzem\u00e9nyt adtunk hozz\u00e1 b\u00f3nusz \u00e9l\u0151 hanganyagk\u00e9nt a Dama Di koncertr\u0151l, ahol Steve h\u00e1rom dal erej\u00e9ig csatlakozott Djabe-hoz. Ezek k\u00f6z\u00fcl az egyik a Golden Sand volt.<\/p>\n<p>Az eg\u00e9sz ottl\u00e9t k\u00fcl\u00f6nleges \u00e9s var\u00e1zslatos volt, a rendk\u00edv\u00fcl er\u0151s sz\u00e9l ellen\u00e9re.<\/p>\n<p>B<span class=\"A8\"><span lang=\"EN-GB\">od\u00f8<\/span><\/span> az extr\u00e9m er\u0151s vihar miatt a h\u00edrekben is szerepelt. Nem hallott\u00e1l r\u00f3la?\u201d<\/p>\n<p><em>\u00c9gerh\u00e1zi Attila<\/em><\/p>\n<p><span class=\"A5\"><span lang=\"HU\">A CD\/Blu-ray v\u00e1ltozat, mint ahogy azt a kor\u00e1bbi Djabe &amp; Steve Hackett st\u00fadi\u00f3 albumokn\u00e1l is megszokhattuk az angol Cherry Red Records gondoz\u00e1s\u00e1ban l\u00e1t napvil\u00e1got. A Blu-ray lemezre a st\u00fadi\u00f3 album nagyfelbont\u00e1s\u00fa sztere\u00f3 \u00e9s surround v\u00e1ltozata ker\u00fclt. Extrak\u00e9nt belehallgathatunk a Dama Di klubban adott Djabe koncertbe 4 sz\u00e1m erej\u00e9ig. Felker\u00fclt tov\u00e1bb\u00e1 a 2023-as gy\u0151ri Djabe &amp; Steve Hackett koncertb\u0151l f\u00e9l\u00f3ra extrak\u00e9nt a korongra. T\u00f6bbek k\u00f6z\u00f6tt a Camino Royale \u00e9s a Carpet Crawlers kiv\u00e1l\u00f3 verzi\u00f3i is megtekinthet\u0151k. A koncertfelv\u00e9telek is High Resolution sztere\u00f3 \u00e9s surround hangfelv\u00e9tellel \u00e9lvezhet\u0151ek. A lemezen helyet kapott m\u00e9g egy 20 perces dokumentum film az Arctic Jam felv\u00e9teleir\u0151l \u00e9s az \u00e9szaki-sarki utaz\u00e1sr\u00f3l.<\/span><\/span><\/p>\n<h4><strong>Steve Hackett<\/strong> | git\u00e1r, harmonika<br \/>\n<strong>Barab\u00e1s Tam\u00e1s<\/strong> | basszusgit\u00e1r, \u00e9nek, git\u00e1r, tabla, szintetiz\u00e1tor program<br \/>\n<strong>\u00c9gerh\u00e1zi Attila<\/strong> | git\u00e1r, \u00fct\u0151hangszerek<br \/>\n<strong>Kasz\u00e1s P\u00e9ter<\/strong> | dobok, \u00e9nek<br \/>\n<strong>Ko\u00f3s-Hut\u00e1s \u00c1ron<\/strong> | trombita, sz\u00e1rnyk\u00fcrt<br \/>\n<strong>Bubeny\u00e1k Zolt\u00e1n<\/strong> | billenty\u0171s hangszerek<\/h4>\n<h3><img loading=\"lazy\" decoding=\"async\" class=\"aligncenter wp-image-7369 size-full\" src=\"https:\/\/gr1993records.com\/wp-content\/uploads\/2025\/01\/EANTCD21110_CD_BR_Djabe_Hackett_Freya_Mock-up_1.png\" alt=\"\" width=\"2000\" height=\"1176\" srcset=\"https:\/\/gr1993records.com\/wp-content\/uploads\/2025\/01\/EANTCD21110_CD_BR_Djabe_Hackett_Freya_Mock-up_1.png 2000w, https:\/\/gr1993records.com\/wp-content\/uploads\/2025\/01\/EANTCD21110_CD_BR_Djabe_Hackett_Freya_Mock-up_1-300x176.png 300w, https:\/\/gr1993records.com\/wp-content\/uploads\/2025\/01\/EANTCD21110_CD_BR_Djabe_Hackett_Freya_Mock-up_1-1024x602.png 1024w, https:\/\/gr1993records.com\/wp-content\/uploads\/2025\/01\/EANTCD21110_CD_BR_Djabe_Hackett_Freya_Mock-up_1-768x452.png 768w, https:\/\/gr1993records.com\/wp-content\/uploads\/2025\/01\/EANTCD21110_CD_BR_Djabe_Hackett_Freya_Mock-up_1-1536x903.png 1536w, https:\/\/gr1993records.com\/wp-content\/uploads\/2025\/01\/EANTCD21110_CD_BR_Djabe_Hackett_Freya_Mock-up_1-1568x922.png 1568w, https:\/\/gr1993records.com\/wp-content\/uploads\/2025\/01\/EANTCD21110_CD_BR_Djabe_Hackett_Freya_Mock-up_1-600x353.png 600w\" sizes=\"auto, (max-width: 2000px) 100vw, 2000px\" \/><\/h3>\n<p>&nbsp;<\/p>\n<p><iframe loading=\"lazy\" title=\"Djabe &amp; Steve Hackett: Freya - Arctic Jam 2LP\/CD\/Blu-ray\/4 track reel-to-reel\" width=\"840\" height=\"473\" src=\"https:\/\/www.youtube.com\/embed\/LFiuBnT-om4?feature=oembed\" frameborder=\"0\" allow=\"accelerometer; autoplay; clipboard-write; encrypted-media; gyroscope; picture-in-picture; web-share\" referrerpolicy=\"strict-origin-when-cross-origin\" allowfullscreen><\/iframe><\/p>\n<h3><strong>\u00a0<\/strong><\/h3>\n<h3><\/h3>\n<p><\/p>","protected":false},"excerpt":{"rendered":"<p>\u00c9szaki sarki felv\u00e9telek? Steve Hackett \u00e9s a Djabe kor\u00e1bbi szard\u00edniai felv\u00e9teleire eml\u00e9keztet\u0151, st\u00fadi\u00f3 anyagot r\u00f6gz\u00edtett az \u00e9szaki sarkk\u00f6rt\u0151l 100 kilom\u00e9terre, \u00e9szakra. A k\u00e9tlemezes digipak csomagol\u00e1s\u00fa, r\u00e9gi\u00f3k\u00f3d n\u00e9lk\u00fcli Blu-ray lemezen nagyfelbont\u00e1s\u00fa sztere\u00f3 \u00e9s 5.1 hangs\u00e1vokb\u00f3l v\u00e1laszthatunk. Az extr\u00e1k k\u00f6z\u00f6tt helyet kapott 4 Norv\u00e9gi\u00e1ban k\u00e9sz\u00fclt koncertfelv\u00e9tel \u00e9s 4 klasszikus kompoz\u00edci\u00f3 a 2023-as gy\u0151ri Djabe &amp; Steve Hackett [&hellip;]<\/p>\n","protected":false},"featured_media":7371,"template":"","meta":[],"product_brand":[],"product_cat":[109,92],"product_tag":[],"class_list":{"0":"post-7368","1":"product","2":"type-product","3":"status-publish","4":"has-post-thumbnail","6":"product_cat-blu_ray","7":"product_cat-cd","8":"yith_product_brand-djabe","9":"yith_product_brand-steve-hackett","10":"col-12 col-sm-6 col-md-4","12":"first","13":"instock","14":"sale","15":"featured","16":"shipping-taxable","17":"purchasable","18":"product-type-simple"},"yoast_head":"<!-- This site is optimized with the Yoast SEO plugin v27.2 - https:\/\/yoast.com\/product\/yoast-seo-wordpress\/ -->\n<title>Djabe &amp; Steve Hackett Freya \u2013 Arctic Jam CD\/BLU-RAY &#8211; GR1993 Records<\/title>\n<meta name=\"robots\" content=\"index, follow, max-snippet:-1, max-image-preview:large, max-video-preview:-1\" \/>\n<link rel=\"canonical\" href=\"https:\/\/gr1993records.com\/index.php\/product\/djabe-steve-hackettfreya-arctic-jamcd-blu-ray\/\" \/>\n<meta property=\"og:locale\" content=\"hu_HU\" \/>\n<meta property=\"og:type\" content=\"article\" \/>\n<meta property=\"og:title\" content=\"Djabe &amp; Steve Hackett Freya \u2013 Arctic Jam CD\/BLU-RAY &#8211; GR1993 Records\" \/>\n<meta property=\"og:description\" content=\"\u00c9szaki sarki felv\u00e9telek? Steve Hackett \u00e9s a Djabe kor\u00e1bbi szard\u00edniai felv\u00e9teleire eml\u00e9keztet\u0151, st\u00fadi\u00f3 anyagot r\u00f6gz\u00edtett az \u00e9szaki sarkk\u00f6rt\u0151l 100 kilom\u00e9terre, \u00e9szakra. A k\u00e9tlemezes digipak csomagol\u00e1s\u00fa, r\u00e9gi\u00f3k\u00f3d n\u00e9lk\u00fcli Blu-ray lemezen nagyfelbont\u00e1s\u00fa sztere\u00f3 \u00e9s 5.1 hangs\u00e1vokb\u00f3l v\u00e1laszthatunk. Az extr\u00e1k k\u00f6z\u00f6tt helyet kapott 4 Norv\u00e9gi\u00e1ban k\u00e9sz\u00fclt koncertfelv\u00e9tel \u00e9s 4 klasszikus kompoz\u00edci\u00f3 a 2023-as gy\u0151ri Djabe &amp; Steve Hackett [&hellip;]\" \/>\n<meta property=\"og:url\" content=\"https:\/\/gr1993records.com\/index.php\/product\/djabe-steve-hackettfreya-arctic-jamcd-blu-ray\/\" \/>\n<meta property=\"og:site_name\" content=\"GR1993 Records\" \/>\n<meta property=\"article:publisher\" content=\"https:\/\/www.facebook.com\/GR1993Records-113564886691383\/\" \/>\n<meta property=\"article:modified_time\" content=\"2026-04-02T11:48:58+00:00\" \/>\n<meta property=\"og:image\" content=\"https:\/\/gr1993records.com\/wp-content\/uploads\/2025\/01\/EANTCD21110_CD_BR_Djabe_Hackett_Freya_Mock-up_2-1024x1024.png\" \/>\n\t<meta property=\"og:image:width\" content=\"1024\" \/>\n\t<meta property=\"og:image:height\" content=\"1024\" \/>\n\t<meta property=\"og:image:type\" content=\"image\/png\" \/>\n<meta name=\"twitter:card\" content=\"summary_large_image\" \/>\n<meta name=\"twitter:image\" content=\"https:\/\/gr1993records.com\/wp-content\/uploads\/2025\/01\/EANTCD21110_CD_BR_Djabe_Hackett_Freya_Mock-up_2.png\" \/>\n<meta name=\"twitter:label1\" content=\"Becs\u00fclt olvas\u00e1si id\u0151\" \/>\n\t<meta name=\"twitter:data1\" content=\"3 perc\" \/>\n<script type=\"application\/ld+json\" class=\"yoast-schema-graph\">{\"@context\":\"https:\/\/schema.org\",\"@graph\":[{\"@type\":\"WebPage\",\"@id\":\"https:\/\/gr1993records.com\/index.php\/product\/djabe-steve-hackettfreya-arctic-jamcd-blu-ray\/\",\"url\":\"https:\/\/gr1993records.com\/index.php\/product\/djabe-steve-hackettfreya-arctic-jamcd-blu-ray\/\",\"name\":\"Djabe & Steve Hackett Freya \u2013 Arctic Jam CD\/BLU-RAY &#8211; GR1993 Records\",\"isPartOf\":{\"@id\":\"https:\/\/gr1993records.com\/#website\"},\"primaryImageOfPage\":{\"@id\":\"https:\/\/gr1993records.com\/index.php\/product\/djabe-steve-hackettfreya-arctic-jamcd-blu-ray\/#primaryimage\"},\"image\":{\"@id\":\"https:\/\/gr1993records.com\/index.php\/product\/djabe-steve-hackettfreya-arctic-jamcd-blu-ray\/#primaryimage\"},\"thumbnailUrl\":\"https:\/\/gr1993records.com\/wp-content\/uploads\/2025\/01\/Djabe_SteveHackett_Freya_Arctic_Jam_CD_Blu-Ray_FRONT.jpg\",\"datePublished\":\"2025-01-17T15:23:35+00:00\",\"dateModified\":\"2026-04-02T11:48:58+00:00\",\"breadcrumb\":{\"@id\":\"https:\/\/gr1993records.com\/index.php\/product\/djabe-steve-hackettfreya-arctic-jamcd-blu-ray\/#breadcrumb\"},\"inLanguage\":\"hu\",\"potentialAction\":[{\"@type\":\"ReadAction\",\"target\":[\"https:\/\/gr1993records.com\/index.php\/product\/djabe-steve-hackettfreya-arctic-jamcd-blu-ray\/\"]}]},{\"@type\":\"ImageObject\",\"inLanguage\":\"hu\",\"@id\":\"https:\/\/gr1993records.com\/index.php\/product\/djabe-steve-hackettfreya-arctic-jamcd-blu-ray\/#primaryimage\",\"url\":\"https:\/\/gr1993records.com\/wp-content\/uploads\/2025\/01\/Djabe_SteveHackett_Freya_Arctic_Jam_CD_Blu-Ray_FRONT.jpg\",\"contentUrl\":\"https:\/\/gr1993records.com\/wp-content\/uploads\/2025\/01\/Djabe_SteveHackett_Freya_Arctic_Jam_CD_Blu-Ray_FRONT.jpg\",\"width\":2397,\"height\":2397},{\"@type\":\"BreadcrumbList\",\"@id\":\"https:\/\/gr1993records.com\/index.php\/product\/djabe-steve-hackettfreya-arctic-jamcd-blu-ray\/#breadcrumb\",\"itemListElement\":[{\"@type\":\"ListItem\",\"position\":1,\"name\":\"Home\",\"item\":\"https:\/\/gr1993records.com\/\"},{\"@type\":\"ListItem\",\"position\":2,\"name\":\"Kiadv\u00e1nyok\",\"item\":\"https:\/\/gr1993records.com\/index.php\/shop\/\"},{\"@type\":\"ListItem\",\"position\":3,\"name\":\"Djabe &#038; Steve Hackett Freya \u2013 Arctic Jam CD\/BLU-RAY\"}]},{\"@type\":\"WebSite\",\"@id\":\"https:\/\/gr1993records.com\/#website\",\"url\":\"https:\/\/gr1993records.com\/\",\"name\":\"GR1993 Records\",\"description\":\"\",\"publisher\":{\"@id\":\"https:\/\/gr1993records.com\/#organization\"},\"potentialAction\":[{\"@type\":\"SearchAction\",\"target\":{\"@type\":\"EntryPoint\",\"urlTemplate\":\"https:\/\/gr1993records.com\/?s={search_term_string}\"},\"query-input\":{\"@type\":\"PropertyValueSpecification\",\"valueRequired\":true,\"valueName\":\"search_term_string\"}}],\"inLanguage\":\"hu\"},{\"@type\":\"Organization\",\"@id\":\"https:\/\/gr1993records.com\/#organization\",\"name\":\"Gramy-H Ltd.\",\"url\":\"https:\/\/gr1993records.com\/\",\"logo\":{\"@type\":\"ImageObject\",\"inLanguage\":\"hu\",\"@id\":\"https:\/\/gr1993records.com\/#\/schema\/logo\/image\/\",\"url\":\"https:\/\/gr1993records.com\/wp-content\/uploads\/2019\/08\/GR1993_Records_logo_CC.png\",\"contentUrl\":\"https:\/\/gr1993records.com\/wp-content\/uploads\/2019\/08\/GR1993_Records_logo_CC.png\",\"width\":2900,\"height\":2001,\"caption\":\"Gramy-H Ltd.\"},\"image\":{\"@id\":\"https:\/\/gr1993records.com\/#\/schema\/logo\/image\/\"},\"sameAs\":[\"https:\/\/www.facebook.com\/GR1993Records-113564886691383\/\"]}]}<\/script>\n<!-- \/ Yoast SEO plugin. -->","yoast_head_json":{"title":"Djabe & Steve Hackett Freya \u2013 Arctic Jam CD\/BLU-RAY &#8211; GR1993 Records","robots":{"index":"index","follow":"follow","max-snippet":"max-snippet:-1","max-image-preview":"max-image-preview:large","max-video-preview":"max-video-preview:-1"},"canonical":"https:\/\/gr1993records.com\/index.php\/product\/djabe-steve-hackettfreya-arctic-jamcd-blu-ray\/","og_locale":"hu_HU","og_type":"article","og_title":"Djabe & Steve Hackett Freya \u2013 Arctic Jam CD\/BLU-RAY &#8211; GR1993 Records","og_description":"\u00c9szaki sarki felv\u00e9telek? Steve Hackett \u00e9s a Djabe kor\u00e1bbi szard\u00edniai felv\u00e9teleire eml\u00e9keztet\u0151, st\u00fadi\u00f3 anyagot r\u00f6gz\u00edtett az \u00e9szaki sarkk\u00f6rt\u0151l 100 kilom\u00e9terre, \u00e9szakra. A k\u00e9tlemezes digipak csomagol\u00e1s\u00fa, r\u00e9gi\u00f3k\u00f3d n\u00e9lk\u00fcli Blu-ray lemezen nagyfelbont\u00e1s\u00fa sztere\u00f3 \u00e9s 5.1 hangs\u00e1vokb\u00f3l v\u00e1laszthatunk. Az extr\u00e1k k\u00f6z\u00f6tt helyet kapott 4 Norv\u00e9gi\u00e1ban k\u00e9sz\u00fclt koncertfelv\u00e9tel \u00e9s 4 klasszikus kompoz\u00edci\u00f3 a 2023-as gy\u0151ri Djabe &amp; Steve Hackett [&hellip;]","og_url":"https:\/\/gr1993records.com\/index.php\/product\/djabe-steve-hackettfreya-arctic-jamcd-blu-ray\/","og_site_name":"GR1993 Records","article_publisher":"https:\/\/www.facebook.com\/GR1993Records-113564886691383\/","article_modified_time":"2026-04-02T11:48:58+00:00","og_image":[{"width":1024,"height":1024,"url":"https:\/\/gr1993records.com\/wp-content\/uploads\/2025\/01\/EANTCD21110_CD_BR_Djabe_Hackett_Freya_Mock-up_2-1024x1024.png","type":"image\/png"}],"twitter_card":"summary_large_image","twitter_image":"https:\/\/gr1993records.com\/wp-content\/uploads\/2025\/01\/EANTCD21110_CD_BR_Djabe_Hackett_Freya_Mock-up_2.png","twitter_misc":{"Becs\u00fclt olvas\u00e1si id\u0151":"3 perc"},"schema":{"@context":"https:\/\/schema.org","@graph":[{"@type":"WebPage","@id":"https:\/\/gr1993records.com\/index.php\/product\/djabe-steve-hackettfreya-arctic-jamcd-blu-ray\/","url":"https:\/\/gr1993records.com\/index.php\/product\/djabe-steve-hackettfreya-arctic-jamcd-blu-ray\/","name":"Djabe & Steve Hackett Freya \u2013 Arctic Jam CD\/BLU-RAY &#8211; GR1993 Records","isPartOf":{"@id":"https:\/\/gr1993records.com\/#website"},"primaryImageOfPage":{"@id":"https:\/\/gr1993records.com\/index.php\/product\/djabe-steve-hackettfreya-arctic-jamcd-blu-ray\/#primaryimage"},"image":{"@id":"https:\/\/gr1993records.com\/index.php\/product\/djabe-steve-hackettfreya-arctic-jamcd-blu-ray\/#primaryimage"},"thumbnailUrl":"https:\/\/gr1993records.com\/wp-content\/uploads\/2025\/01\/Djabe_SteveHackett_Freya_Arctic_Jam_CD_Blu-Ray_FRONT.jpg","datePublished":"2025-01-17T15:23:35+00:00","dateModified":"2026-04-02T11:48:58+00:00","breadcrumb":{"@id":"https:\/\/gr1993records.com\/index.php\/product\/djabe-steve-hackettfreya-arctic-jamcd-blu-ray\/#breadcrumb"},"inLanguage":"hu","potentialAction":[{"@type":"ReadAction","target":["https:\/\/gr1993records.com\/index.php\/product\/djabe-steve-hackettfreya-arctic-jamcd-blu-ray\/"]}]},{"@type":"ImageObject","inLanguage":"hu","@id":"https:\/\/gr1993records.com\/index.php\/product\/djabe-steve-hackettfreya-arctic-jamcd-blu-ray\/#primaryimage","url":"https:\/\/gr1993records.com\/wp-content\/uploads\/2025\/01\/Djabe_SteveHackett_Freya_Arctic_Jam_CD_Blu-Ray_FRONT.jpg","contentUrl":"https:\/\/gr1993records.com\/wp-content\/uploads\/2025\/01\/Djabe_SteveHackett_Freya_Arctic_Jam_CD_Blu-Ray_FRONT.jpg","width":2397,"height":2397},{"@type":"BreadcrumbList","@id":"https:\/\/gr1993records.com\/index.php\/product\/djabe-steve-hackettfreya-arctic-jamcd-blu-ray\/#breadcrumb","itemListElement":[{"@type":"ListItem","position":1,"name":"Home","item":"https:\/\/gr1993records.com\/"},{"@type":"ListItem","position":2,"name":"Kiadv\u00e1nyok","item":"https:\/\/gr1993records.com\/index.php\/shop\/"},{"@type":"ListItem","position":3,"name":"Djabe &#038; Steve Hackett Freya \u2013 Arctic Jam CD\/BLU-RAY"}]},{"@type":"WebSite","@id":"https:\/\/gr1993records.com\/#website","url":"https:\/\/gr1993records.com\/","name":"GR1993 Records","description":"","publisher":{"@id":"https:\/\/gr1993records.com\/#organization"},"potentialAction":[{"@type":"SearchAction","target":{"@type":"EntryPoint","urlTemplate":"https:\/\/gr1993records.com\/?s={search_term_string}"},"query-input":{"@type":"PropertyValueSpecification","valueRequired":true,"valueName":"search_term_string"}}],"inLanguage":"hu"},{"@type":"Organization","@id":"https:\/\/gr1993records.com\/#organization","name":"Gramy-H Ltd.","url":"https:\/\/gr1993records.com\/","logo":{"@type":"ImageObject","inLanguage":"hu","@id":"https:\/\/gr1993records.com\/#\/schema\/logo\/image\/","url":"https:\/\/gr1993records.com\/wp-content\/uploads\/2019\/08\/GR1993_Records_logo_CC.png","contentUrl":"https:\/\/gr1993records.com\/wp-content\/uploads\/2019\/08\/GR1993_Records_logo_CC.png","width":2900,"height":2001,"caption":"Gramy-H Ltd."},"image":{"@id":"https:\/\/gr1993records.com\/#\/schema\/logo\/image\/"},"sameAs":["https:\/\/www.facebook.com\/GR1993Records-113564886691383\/"]}]}},"jetpack_sharing_enabled":true,"_links":{"self":[{"href":"https:\/\/gr1993records.com\/index.php\/wp-json\/wp\/v2\/product\/7368","targetHints":{"allow":["GET"]}}],"collection":[{"href":"https:\/\/gr1993records.com\/index.php\/wp-json\/wp\/v2\/product"}],"about":[{"href":"https:\/\/gr1993records.com\/index.php\/wp-json\/wp\/v2\/types\/product"}],"wp:featuredmedia":[{"embeddable":true,"href":"https:\/\/gr1993records.com\/index.php\/wp-json\/wp\/v2\/media\/7371"}],"wp:attachment":[{"href":"https:\/\/gr1993records.com\/index.php\/wp-json\/wp\/v2\/media?parent=7368"}],"wp:term":[{"taxonomy":"product_brand","embeddable":true,"href":"https:\/\/gr1993records.com\/index.php\/wp-json\/wp\/v2\/product_brand?post=7368"},{"taxonomy":"product_cat","embeddable":true,"href":"https:\/\/gr1993records.com\/index.php\/wp-json\/wp\/v2\/product_cat?post=7368"},{"taxonomy":"product_tag","embeddable":true,"href":"https:\/\/gr1993records.com\/index.php\/wp-json\/wp\/v2\/product_tag?post=7368"}],"curies":[{"name":"wp","href":"https:\/\/api.w.org\/{rel}","templated":true}]}}