{"id":7302,"date":"2024-11-06T15:00:40","date_gmt":"2024-11-06T14:00:40","guid":{"rendered":"https:\/\/gr1993records.com\/?post_type=product&#038;p=7302"},"modified":"2026-03-31T09:59:47","modified_gmt":"2026-03-31T07:59:47","slug":"soltesz-rezsolegyen-szep-es-boldoga-karacsony-2lp","status":"publish","type":"product","link":"https:\/\/gr1993records.com\/index.php\/product\/soltesz-rezsolegyen-szep-es-boldoga-karacsony-2lp\/","title":{"rendered":"Solt\u00e9sz Rezs\u0151 <br>Legyen sz\u00e9p \u00e9s boldog <br>a kar\u00e1csony 2LP"},"content":{"rendered":"<p><\/p>\n<p style=\"font-weight: 400;\">A \u201eLegyen sz\u00e9p \u00e9s boldog a kar\u00e1csony\u201d egy nagyszab\u00e1s\u00fa, \u00fcnnepv\u00e1r\u00f3 dupla album, amit az alkot\u00f3k a szimfonikus zenekari hangz\u00e1s, a k\u00f6nny\u0171zene, \u00e9s nem utols\u00f3 sorban a kar\u00e1csonyi dalok kedvel\u0151inek sz\u00e1nnak. A t\u00f6bb mint egy \u00f3r\u00e1s felv\u00e9telen Solt\u00e9sz Rezs\u0151 el\u0151ad\u00e1s\u00e1ban magyar nyelven hangzanak el t\u00f6bbek k\u00f6z\u00f6tt John Lennon, Irving Berlin, Franz Schubert \u00e9s m\u00e1sok \u00f6r\u00f6kz\u00f6ld szerzem\u00e9nyei: a H\u00e1t boldog kar\u00e1csonyt (So This Is Christmas), a Csendes \u00e9j (Silent Night), Ave Maria, az \u00d3 sz\u00e9p feny\u0151 (O Tannenbaum), a Cseng\u0151 sz\u00f3l (Jingle Bell), a Sz\u00e9p \u00fcnnep (White Christmas) \u00e9s a Happy New Year (Abba) c\u00edm\u0171 dalok \u00e9s m\u00e9g sz\u00e1mos n\u00e9pszer\u0171 kar\u00e1csonyi zenem\u0171, melyek egy egyed\u00fcl\u00e1ll\u00f3, szimfonikus, dupla kar\u00e1csonyi album hallgat\u00e1sa k\u00f6zben felejthetetlen \u00e9lm\u00e9nyt ny\u00fajtanak a hallgat\u00f3 sz\u00e1m\u00e1ra.<\/p>\n<p style=\"font-weight: 400;\">Solt\u00e9sz Rezs\u0151 dupla kar\u00e1csonyi album\u00e1t Zsoldos B\u00e9la hangszerelte. A felv\u00e9telek a Gy\u00fcdi S\u00e1ndor vezette Szegedi Szimfonikus Zenekar, ifj. R\u00e1tonyi R\u00f3bert zongorista \u00e9s a VoiceStation \u00e9nekegy\u00fcttes k\u00f6zrem\u0171k\u00f6d\u00e9s\u00e9vel k\u00e9sz\u00fcltek. A felv\u00e9telt \u00e9s a kever\u00e9st a Digital Pro st\u00fadi\u00f3 k\u00e9sz\u00edtette.<\/p>\n<p><strong>A lemez gondoz\u00e1s\u00e1t \u00e9s gy\u00e1rt\u00e1s\u00e1t a Quality Vinyl Projects v\u00e9gezte.<\/strong><\/p>\n<p><img loading=\"lazy\" decoding=\"async\" class=\"aligncenter wp-image-7303 size-full\" src=\"https:\/\/gr1993records.com\/wp-content\/uploads\/2024\/11\/Soltesz_Rezso_Legyen_szep_es_boldog_a_karacsony_2LP_Mockup_1_1.jpg\" alt=\"\" width=\"2000\" height=\"1000\" srcset=\"https:\/\/gr1993records.com\/wp-content\/uploads\/2024\/11\/Soltesz_Rezso_Legyen_szep_es_boldog_a_karacsony_2LP_Mockup_1_1.jpg 2000w, https:\/\/gr1993records.com\/wp-content\/uploads\/2024\/11\/Soltesz_Rezso_Legyen_szep_es_boldog_a_karacsony_2LP_Mockup_1_1-300x150.jpg 300w, https:\/\/gr1993records.com\/wp-content\/uploads\/2024\/11\/Soltesz_Rezso_Legyen_szep_es_boldog_a_karacsony_2LP_Mockup_1_1-1024x512.jpg 1024w, https:\/\/gr1993records.com\/wp-content\/uploads\/2024\/11\/Soltesz_Rezso_Legyen_szep_es_boldog_a_karacsony_2LP_Mockup_1_1-768x384.jpg 768w, https:\/\/gr1993records.com\/wp-content\/uploads\/2024\/11\/Soltesz_Rezso_Legyen_szep_es_boldog_a_karacsony_2LP_Mockup_1_1-1536x768.jpg 1536w, https:\/\/gr1993records.com\/wp-content\/uploads\/2024\/11\/Soltesz_Rezso_Legyen_szep_es_boldog_a_karacsony_2LP_Mockup_1_1-1568x784.jpg 1568w, https:\/\/gr1993records.com\/wp-content\/uploads\/2024\/11\/Soltesz_Rezso_Legyen_szep_es_boldog_a_karacsony_2LP_Mockup_1_1-600x300.jpg 600w\" sizes=\"auto, (max-width: 2000px) 100vw, 2000px\" \/><\/p>\n<p><a href=\"https:\/\/www.solteszrezso.hu\/\" target=\"_blank\" rel=\"noopener\">www.solteszrezso.hu<\/a><\/p>","protected":false},"excerpt":{"rendered":"<p>A \u201eLegyen sz\u00e9p \u00e9s boldog a kar\u00e1csony\u201d egy nagyszab\u00e1s\u00fa, \u00fcnnepv\u00e1r\u00f3 dupla album, amit az alkot\u00f3k a szimfonikus zenekari hangz\u00e1s, a k\u00f6nny\u0171zene, \u00e9s nem utols\u00f3 sorban a kar\u00e1csonyi dalok kedvel\u0151inek sz\u00e1nnak. A t\u00f6bb mint egy \u00f3r\u00e1s felv\u00e9telen Solt\u00e9sz Rezs\u0151 el\u0151ad\u00e1s\u00e1ban magyar nyelven hangzanak el t\u00f6bbek k\u00f6z\u00f6tt John Lennon, Irving Berlin, Franz Schubert \u00e9s m\u00e1sok \u00f6r\u00f6kz\u00f6ld szerzem\u00e9nyei: [&hellip;]<\/p>\n","protected":false},"featured_media":7304,"template":"","meta":[],"product_brand":[],"product_cat":[91],"product_tag":[],"class_list":{"0":"post-7302","1":"product","2":"type-product","3":"status-publish","4":"has-post-thumbnail","6":"product_cat-lp","7":"yith_product_brand-soltesz-rezso","8":"col-12 col-sm-6 col-md-4","10":"first","11":"instock","12":"sale","13":"shipping-taxable","14":"purchasable","15":"product-type-simple"},"yoast_head":"<!-- This site is optimized with the Yoast SEO plugin v27.2 - https:\/\/yoast.com\/product\/yoast-seo-wordpress\/ -->\n<title>Solt\u00e9sz Rezs\u0151 Legyen sz\u00e9p \u00e9s boldog a kar\u00e1csony 2LP &#8211; GR1993 Records<\/title>\n<meta name=\"description\" content=\"A \u201eLegyen sz\u00e9p \u00e9s boldog a kar\u00e1csony\u201d egy nagyszab\u00e1s\u00fa, \u00fcnnepv\u00e1r\u00f3 dupla album, amit az alkot\u00f3k a szimfonikus zenekari hangz\u00e1s, a k\u00f6nny\u0171zene, \u00e9s nem utols\u00f3 sorban a kar\u00e1csonyi dalok kedvel\u0151inek sz\u00e1nnak. A t\u00f6bb mint egy \u00f3r\u00e1s felv\u00e9telen Solt\u00e9sz Rezs\u0151 el\u0151ad\u00e1s\u00e1ban magyar nyelven hangzanak el t\u00f6bbek k\u00f6z\u00f6tt John Lennon, Irving Berlin, Franz Schubert \u00e9s m\u00e1sok \u00f6r\u00f6kz\u00f6ld szerzem\u00e9nyei: a H\u00e1t boldog kar\u00e1csonyt (So This Is Christmas), a Csendes \u00e9j (Silent Night), Ave Maria, az \u00d3 sz\u00e9p feny\u0151 (O Tannenbaum), a Sz\u00e1ncseng\u0151 (Jingle Bell), a Sz\u00e9p \u00fcnnep (White Christmas) \u00e9s a Happy New Year (Abba) c\u00edm\u0171 dalok \u00e9s m\u00e9g sz\u00e1mos n\u00e9pszer\u0171 kar\u00e1csonyi zenem\u0171, melyek egy egyed\u00fcl\u00e1ll\u00f3, szimfonikus, dupla kar\u00e1csonyi album hallgat\u00e1sa k\u00f6zben felejthetetlen \u00e9lm\u00e9nyt ny\u00fajtanak a hallgat\u00f3 sz\u00e1m\u00e1ra.\" \/>\n<meta name=\"robots\" content=\"index, follow, max-snippet:-1, max-image-preview:large, max-video-preview:-1\" \/>\n<link rel=\"canonical\" href=\"https:\/\/gr1993records.com\/index.php\/product\/soltesz-rezsolegyen-szep-es-boldoga-karacsony-2lp\/\" \/>\n<meta property=\"og:locale\" content=\"hu_HU\" \/>\n<meta property=\"og:type\" content=\"article\" \/>\n<meta property=\"og:title\" content=\"Solt\u00e9sz Rezs\u0151 Legyen sz\u00e9p \u00e9s boldog a kar\u00e1csony 2LP &#8211; GR1993 Records\" \/>\n<meta property=\"og:description\" content=\"{:hu}A \u201eLegyen sz\u00e9p \u00e9s boldog a kar\u00e1csony\u201d egy nagyszab\u00e1s\u00fa, \u00fcnnepv\u00e1r\u00f3 dupla album, amit az alkot\u00f3k a szimfonikus zenekari hangz\u00e1s, a k\u00f6nny\u0171zene, \u00e9s nem utols\u00f3 sorban a kar\u00e1csonyi dalok kedvel\u0151inek sz\u00e1nnak. A t\u00f6bb mint egy \u00f3r\u00e1s felv\u00e9telen Solt\u00e9sz Rezs\u0151 el\u0151ad\u00e1s\u00e1ban magyar nyelven hangzanak el t\u00f6bbek k\u00f6z\u00f6tt John Lennon, Irving Berlin, Franz Schubert \u00e9s m\u00e1sok \u00f6r\u00f6kz\u00f6ld szerzem\u00e9nyei: a H\u00e1t boldog kar\u00e1csonyt (So This Is Christmas), a Csendes \u00e9j (Silent Night), Ave Maria, az \u00d3 sz\u00e9p feny\u0151 (O Tannenbaum), a Sz\u00e1ncseng\u0151 (Jingle Bell), a Sz\u00e9p \u00fcnnep (White Christmas) \u00e9s a Happy New Year (Abba) c\u00edm\u0171 dalok \u00e9s m\u00e9g sz\u00e1mos n\u00e9pszer\u0171 kar\u00e1csonyi zenem\u0171, melyek egy egyed\u00fcl\u00e1ll\u00f3, szimfonikus, dupla kar\u00e1csonyi album hallgat\u00e1sa k\u00f6zben felejthetetlen \u00e9lm\u00e9nyt ny\u00fajtanak a hallgat\u00f3 sz\u00e1m\u00e1ra.{:}\" \/>\n<meta property=\"og:url\" content=\"https:\/\/gr1993records.com\/index.php\/product\/soltesz-rezsolegyen-szep-es-boldoga-karacsony-2lp\/\" \/>\n<meta property=\"og:site_name\" content=\"GR1993 Records\" \/>\n<meta property=\"article:publisher\" content=\"https:\/\/www.facebook.com\/GR1993Records-113564886691383\/\" \/>\n<meta property=\"article:modified_time\" content=\"2026-03-31T07:59:47+00:00\" \/>\n<meta property=\"og:image\" content=\"https:\/\/gr1993records.com\/wp-content\/uploads\/2024\/11\/Soltesz_Rezso_Legyen_szep_es_boldog_a_karacsony_2LP_Mockup_1_1.jpg\" \/>\n\t<meta property=\"og:image:width\" content=\"2000\" \/>\n\t<meta property=\"og:image:height\" content=\"1000\" \/>\n\t<meta property=\"og:image:type\" content=\"image\/jpeg\" \/>\n<meta name=\"twitter:card\" content=\"summary_large_image\" \/>\n<meta name=\"twitter:image\" content=\"https:\/\/gr1993records.com\/wp-content\/uploads\/2024\/11\/Soltesz_Rezso_Legyen_szep_es_boldog_a_karacsony_2LP_Mockup_1_1.jpg\" \/>\n<meta name=\"twitter:label1\" content=\"Becs\u00fclt olvas\u00e1si id\u0151\" \/>\n\t<meta name=\"twitter:data1\" content=\"2 perc\" \/>\n<script type=\"application\/ld+json\" class=\"yoast-schema-graph\">{\"@context\":\"https:\/\/schema.org\",\"@graph\":[{\"@type\":\"WebPage\",\"@id\":\"https:\/\/gr1993records.com\/index.php\/product\/soltesz-rezsolegyen-szep-es-boldoga-karacsony-2lp\/\",\"url\":\"https:\/\/gr1993records.com\/index.php\/product\/soltesz-rezsolegyen-szep-es-boldoga-karacsony-2lp\/\",\"name\":\"Solt\u00e9sz Rezs\u0151 Legyen sz\u00e9p \u00e9s boldog a kar\u00e1csony 2LP &#8211; GR1993 Records\",\"isPartOf\":{\"@id\":\"https:\/\/gr1993records.com\/#website\"},\"primaryImageOfPage\":{\"@id\":\"https:\/\/gr1993records.com\/index.php\/product\/soltesz-rezsolegyen-szep-es-boldoga-karacsony-2lp\/#primaryimage\"},\"image\":{\"@id\":\"https:\/\/gr1993records.com\/index.php\/product\/soltesz-rezsolegyen-szep-es-boldoga-karacsony-2lp\/#primaryimage\"},\"thumbnailUrl\":\"https:\/\/gr1993records.com\/wp-content\/uploads\/2024\/11\/Soltesz_Rezso_Legyen_szep_es_boldog_a_karacsony_2LP_FRONT_1.jpg\",\"datePublished\":\"2024-11-06T14:00:40+00:00\",\"dateModified\":\"2026-03-31T07:59:47+00:00\",\"description\":\"{:hu}A \u201eLegyen sz\u00e9p \u00e9s boldog a kar\u00e1csony\u201d egy nagyszab\u00e1s\u00fa, \u00fcnnepv\u00e1r\u00f3 dupla album, amit az alkot\u00f3k a szimfonikus zenekari hangz\u00e1s, a k\u00f6nny\u0171zene, \u00e9s nem utols\u00f3 sorban a kar\u00e1csonyi dalok kedvel\u0151inek sz\u00e1nnak. A t\u00f6bb mint egy \u00f3r\u00e1s felv\u00e9telen Solt\u00e9sz Rezs\u0151 el\u0151ad\u00e1s\u00e1ban magyar nyelven hangzanak el t\u00f6bbek k\u00f6z\u00f6tt John Lennon, Irving Berlin, Franz Schubert \u00e9s m\u00e1sok \u00f6r\u00f6kz\u00f6ld szerzem\u00e9nyei: a H\u00e1t boldog kar\u00e1csonyt (So This Is Christmas), a Csendes \u00e9j (Silent Night), Ave Maria, az \u00d3 sz\u00e9p feny\u0151 (O Tannenbaum), a Sz\u00e1ncseng\u0151 (Jingle Bell), a Sz\u00e9p \u00fcnnep (White Christmas) \u00e9s a Happy New Year (Abba) c\u00edm\u0171 dalok \u00e9s m\u00e9g sz\u00e1mos n\u00e9pszer\u0171 kar\u00e1csonyi zenem\u0171, melyek egy egyed\u00fcl\u00e1ll\u00f3, szimfonikus, dupla kar\u00e1csonyi album hallgat\u00e1sa k\u00f6zben felejthetetlen \u00e9lm\u00e9nyt ny\u00fajtanak a hallgat\u00f3 sz\u00e1m\u00e1ra.{:}\",\"breadcrumb\":{\"@id\":\"https:\/\/gr1993records.com\/index.php\/product\/soltesz-rezsolegyen-szep-es-boldoga-karacsony-2lp\/#breadcrumb\"},\"inLanguage\":\"hu\",\"potentialAction\":[{\"@type\":\"ReadAction\",\"target\":[\"https:\/\/gr1993records.com\/index.php\/product\/soltesz-rezsolegyen-szep-es-boldoga-karacsony-2lp\/\"]}]},{\"@type\":\"ImageObject\",\"inLanguage\":\"hu\",\"@id\":\"https:\/\/gr1993records.com\/index.php\/product\/soltesz-rezsolegyen-szep-es-boldoga-karacsony-2lp\/#primaryimage\",\"url\":\"https:\/\/gr1993records.com\/wp-content\/uploads\/2024\/11\/Soltesz_Rezso_Legyen_szep_es_boldog_a_karacsony_2LP_FRONT_1.jpg\",\"contentUrl\":\"https:\/\/gr1993records.com\/wp-content\/uploads\/2024\/11\/Soltesz_Rezso_Legyen_szep_es_boldog_a_karacsony_2LP_FRONT_1.jpg\",\"width\":2000,\"height\":2000},{\"@type\":\"BreadcrumbList\",\"@id\":\"https:\/\/gr1993records.com\/index.php\/product\/soltesz-rezsolegyen-szep-es-boldoga-karacsony-2lp\/#breadcrumb\",\"itemListElement\":[{\"@type\":\"ListItem\",\"position\":1,\"name\":\"Home\",\"item\":\"https:\/\/gr1993records.com\/\"},{\"@type\":\"ListItem\",\"position\":2,\"name\":\"Kiadv\u00e1nyok\",\"item\":\"https:\/\/gr1993records.com\/index.php\/shop\/\"},{\"@type\":\"ListItem\",\"position\":3,\"name\":\"Solt\u00e9sz Rezs\u0151 Legyen sz\u00e9p \u00e9s boldog a kar\u00e1csony 2LP\"}]},{\"@type\":\"WebSite\",\"@id\":\"https:\/\/gr1993records.com\/#website\",\"url\":\"https:\/\/gr1993records.com\/\",\"name\":\"GR1993 Records\",\"description\":\"\",\"publisher\":{\"@id\":\"https:\/\/gr1993records.com\/#organization\"},\"potentialAction\":[{\"@type\":\"SearchAction\",\"target\":{\"@type\":\"EntryPoint\",\"urlTemplate\":\"https:\/\/gr1993records.com\/?s={search_term_string}\"},\"query-input\":{\"@type\":\"PropertyValueSpecification\",\"valueRequired\":true,\"valueName\":\"search_term_string\"}}],\"inLanguage\":\"hu\"},{\"@type\":\"Organization\",\"@id\":\"https:\/\/gr1993records.com\/#organization\",\"name\":\"Gramy-H Ltd.\",\"url\":\"https:\/\/gr1993records.com\/\",\"logo\":{\"@type\":\"ImageObject\",\"inLanguage\":\"hu\",\"@id\":\"https:\/\/gr1993records.com\/#\/schema\/logo\/image\/\",\"url\":\"https:\/\/gr1993records.com\/wp-content\/uploads\/2019\/08\/GR1993_Records_logo_CC.png\",\"contentUrl\":\"https:\/\/gr1993records.com\/wp-content\/uploads\/2019\/08\/GR1993_Records_logo_CC.png\",\"width\":2900,\"height\":2001,\"caption\":\"Gramy-H Ltd.\"},\"image\":{\"@id\":\"https:\/\/gr1993records.com\/#\/schema\/logo\/image\/\"},\"sameAs\":[\"https:\/\/www.facebook.com\/GR1993Records-113564886691383\/\"]}]}<\/script>\n<!-- \/ Yoast SEO plugin. -->","yoast_head_json":{"title":"Solt\u00e9sz Rezs\u0151 Legyen sz\u00e9p \u00e9s boldog a kar\u00e1csony 2LP &#8211; GR1993 Records","description":"A \u201eLegyen sz\u00e9p \u00e9s boldog a kar\u00e1csony\u201d egy nagyszab\u00e1s\u00fa, \u00fcnnepv\u00e1r\u00f3 dupla album, amit az alkot\u00f3k a szimfonikus zenekari hangz\u00e1s, a k\u00f6nny\u0171zene, \u00e9s nem utols\u00f3 sorban a kar\u00e1csonyi dalok kedvel\u0151inek sz\u00e1nnak. A t\u00f6bb mint egy \u00f3r\u00e1s felv\u00e9telen Solt\u00e9sz Rezs\u0151 el\u0151ad\u00e1s\u00e1ban magyar nyelven hangzanak el t\u00f6bbek k\u00f6z\u00f6tt John Lennon, Irving Berlin, Franz Schubert \u00e9s m\u00e1sok \u00f6r\u00f6kz\u00f6ld szerzem\u00e9nyei: a H\u00e1t boldog kar\u00e1csonyt (So This Is Christmas), a Csendes \u00e9j (Silent Night), Ave Maria, az \u00d3 sz\u00e9p feny\u0151 (O Tannenbaum), a Sz\u00e1ncseng\u0151 (Jingle Bell), a Sz\u00e9p \u00fcnnep (White Christmas) \u00e9s a Happy New Year (Abba) c\u00edm\u0171 dalok \u00e9s m\u00e9g sz\u00e1mos n\u00e9pszer\u0171 kar\u00e1csonyi zenem\u0171, melyek egy egyed\u00fcl\u00e1ll\u00f3, szimfonikus, dupla kar\u00e1csonyi album hallgat\u00e1sa k\u00f6zben felejthetetlen \u00e9lm\u00e9nyt ny\u00fajtanak a hallgat\u00f3 sz\u00e1m\u00e1ra.","robots":{"index":"index","follow":"follow","max-snippet":"max-snippet:-1","max-image-preview":"max-image-preview:large","max-video-preview":"max-video-preview:-1"},"canonical":"https:\/\/gr1993records.com\/index.php\/product\/soltesz-rezsolegyen-szep-es-boldoga-karacsony-2lp\/","og_locale":"hu_HU","og_type":"article","og_title":"Solt\u00e9sz Rezs\u0151 Legyen sz\u00e9p \u00e9s boldog a kar\u00e1csony 2LP &#8211; GR1993 Records","og_description":"{:hu}A \u201eLegyen sz\u00e9p \u00e9s boldog a kar\u00e1csony\u201d egy nagyszab\u00e1s\u00fa, \u00fcnnepv\u00e1r\u00f3 dupla album, amit az alkot\u00f3k a szimfonikus zenekari hangz\u00e1s, a k\u00f6nny\u0171zene, \u00e9s nem utols\u00f3 sorban a kar\u00e1csonyi dalok kedvel\u0151inek sz\u00e1nnak. A t\u00f6bb mint egy \u00f3r\u00e1s felv\u00e9telen Solt\u00e9sz Rezs\u0151 el\u0151ad\u00e1s\u00e1ban magyar nyelven hangzanak el t\u00f6bbek k\u00f6z\u00f6tt John Lennon, Irving Berlin, Franz Schubert \u00e9s m\u00e1sok \u00f6r\u00f6kz\u00f6ld szerzem\u00e9nyei: a H\u00e1t boldog kar\u00e1csonyt (So This Is Christmas), a Csendes \u00e9j (Silent Night), Ave Maria, az \u00d3 sz\u00e9p feny\u0151 (O Tannenbaum), a Sz\u00e1ncseng\u0151 (Jingle Bell), a Sz\u00e9p \u00fcnnep (White Christmas) \u00e9s a Happy New Year (Abba) c\u00edm\u0171 dalok \u00e9s m\u00e9g sz\u00e1mos n\u00e9pszer\u0171 kar\u00e1csonyi zenem\u0171, melyek egy egyed\u00fcl\u00e1ll\u00f3, szimfonikus, dupla kar\u00e1csonyi album hallgat\u00e1sa k\u00f6zben felejthetetlen \u00e9lm\u00e9nyt ny\u00fajtanak a hallgat\u00f3 sz\u00e1m\u00e1ra.{:}","og_url":"https:\/\/gr1993records.com\/index.php\/product\/soltesz-rezsolegyen-szep-es-boldoga-karacsony-2lp\/","og_site_name":"GR1993 Records","article_publisher":"https:\/\/www.facebook.com\/GR1993Records-113564886691383\/","article_modified_time":"2026-03-31T07:59:47+00:00","og_image":[{"width":2000,"height":1000,"url":"https:\/\/gr1993records.com\/wp-content\/uploads\/2024\/11\/Soltesz_Rezso_Legyen_szep_es_boldog_a_karacsony_2LP_Mockup_1_1.jpg","type":"image\/jpeg"}],"twitter_card":"summary_large_image","twitter_image":"https:\/\/gr1993records.com\/wp-content\/uploads\/2024\/11\/Soltesz_Rezso_Legyen_szep_es_boldog_a_karacsony_2LP_Mockup_1_1.jpg","twitter_misc":{"Becs\u00fclt olvas\u00e1si id\u0151":"2 perc"},"schema":{"@context":"https:\/\/schema.org","@graph":[{"@type":"WebPage","@id":"https:\/\/gr1993records.com\/index.php\/product\/soltesz-rezsolegyen-szep-es-boldoga-karacsony-2lp\/","url":"https:\/\/gr1993records.com\/index.php\/product\/soltesz-rezsolegyen-szep-es-boldoga-karacsony-2lp\/","name":"Solt\u00e9sz Rezs\u0151 Legyen sz\u00e9p \u00e9s boldog a kar\u00e1csony 2LP &#8211; GR1993 Records","isPartOf":{"@id":"https:\/\/gr1993records.com\/#website"},"primaryImageOfPage":{"@id":"https:\/\/gr1993records.com\/index.php\/product\/soltesz-rezsolegyen-szep-es-boldoga-karacsony-2lp\/#primaryimage"},"image":{"@id":"https:\/\/gr1993records.com\/index.php\/product\/soltesz-rezsolegyen-szep-es-boldoga-karacsony-2lp\/#primaryimage"},"thumbnailUrl":"https:\/\/gr1993records.com\/wp-content\/uploads\/2024\/11\/Soltesz_Rezso_Legyen_szep_es_boldog_a_karacsony_2LP_FRONT_1.jpg","datePublished":"2024-11-06T14:00:40+00:00","dateModified":"2026-03-31T07:59:47+00:00","description":"{:hu}A \u201eLegyen sz\u00e9p \u00e9s boldog a kar\u00e1csony\u201d egy nagyszab\u00e1s\u00fa, \u00fcnnepv\u00e1r\u00f3 dupla album, amit az alkot\u00f3k a szimfonikus zenekari hangz\u00e1s, a k\u00f6nny\u0171zene, \u00e9s nem utols\u00f3 sorban a kar\u00e1csonyi dalok kedvel\u0151inek sz\u00e1nnak. A t\u00f6bb mint egy \u00f3r\u00e1s felv\u00e9telen Solt\u00e9sz Rezs\u0151 el\u0151ad\u00e1s\u00e1ban magyar nyelven hangzanak el t\u00f6bbek k\u00f6z\u00f6tt John Lennon, Irving Berlin, Franz Schubert \u00e9s m\u00e1sok \u00f6r\u00f6kz\u00f6ld szerzem\u00e9nyei: a H\u00e1t boldog kar\u00e1csonyt (So This Is Christmas), a Csendes \u00e9j (Silent Night), Ave Maria, az \u00d3 sz\u00e9p feny\u0151 (O Tannenbaum), a Sz\u00e1ncseng\u0151 (Jingle Bell), a Sz\u00e9p \u00fcnnep (White Christmas) \u00e9s a Happy New Year (Abba) c\u00edm\u0171 dalok \u00e9s m\u00e9g sz\u00e1mos n\u00e9pszer\u0171 kar\u00e1csonyi zenem\u0171, melyek egy egyed\u00fcl\u00e1ll\u00f3, szimfonikus, dupla kar\u00e1csonyi album hallgat\u00e1sa k\u00f6zben felejthetetlen \u00e9lm\u00e9nyt ny\u00fajtanak a hallgat\u00f3 sz\u00e1m\u00e1ra.{:}","breadcrumb":{"@id":"https:\/\/gr1993records.com\/index.php\/product\/soltesz-rezsolegyen-szep-es-boldoga-karacsony-2lp\/#breadcrumb"},"inLanguage":"hu","potentialAction":[{"@type":"ReadAction","target":["https:\/\/gr1993records.com\/index.php\/product\/soltesz-rezsolegyen-szep-es-boldoga-karacsony-2lp\/"]}]},{"@type":"ImageObject","inLanguage":"hu","@id":"https:\/\/gr1993records.com\/index.php\/product\/soltesz-rezsolegyen-szep-es-boldoga-karacsony-2lp\/#primaryimage","url":"https:\/\/gr1993records.com\/wp-content\/uploads\/2024\/11\/Soltesz_Rezso_Legyen_szep_es_boldog_a_karacsony_2LP_FRONT_1.jpg","contentUrl":"https:\/\/gr1993records.com\/wp-content\/uploads\/2024\/11\/Soltesz_Rezso_Legyen_szep_es_boldog_a_karacsony_2LP_FRONT_1.jpg","width":2000,"height":2000},{"@type":"BreadcrumbList","@id":"https:\/\/gr1993records.com\/index.php\/product\/soltesz-rezsolegyen-szep-es-boldoga-karacsony-2lp\/#breadcrumb","itemListElement":[{"@type":"ListItem","position":1,"name":"Home","item":"https:\/\/gr1993records.com\/"},{"@type":"ListItem","position":2,"name":"Kiadv\u00e1nyok","item":"https:\/\/gr1993records.com\/index.php\/shop\/"},{"@type":"ListItem","position":3,"name":"Solt\u00e9sz Rezs\u0151 Legyen sz\u00e9p \u00e9s boldog a kar\u00e1csony 2LP"}]},{"@type":"WebSite","@id":"https:\/\/gr1993records.com\/#website","url":"https:\/\/gr1993records.com\/","name":"GR1993 Records","description":"","publisher":{"@id":"https:\/\/gr1993records.com\/#organization"},"potentialAction":[{"@type":"SearchAction","target":{"@type":"EntryPoint","urlTemplate":"https:\/\/gr1993records.com\/?s={search_term_string}"},"query-input":{"@type":"PropertyValueSpecification","valueRequired":true,"valueName":"search_term_string"}}],"inLanguage":"hu"},{"@type":"Organization","@id":"https:\/\/gr1993records.com\/#organization","name":"Gramy-H Ltd.","url":"https:\/\/gr1993records.com\/","logo":{"@type":"ImageObject","inLanguage":"hu","@id":"https:\/\/gr1993records.com\/#\/schema\/logo\/image\/","url":"https:\/\/gr1993records.com\/wp-content\/uploads\/2019\/08\/GR1993_Records_logo_CC.png","contentUrl":"https:\/\/gr1993records.com\/wp-content\/uploads\/2019\/08\/GR1993_Records_logo_CC.png","width":2900,"height":2001,"caption":"Gramy-H Ltd."},"image":{"@id":"https:\/\/gr1993records.com\/#\/schema\/logo\/image\/"},"sameAs":["https:\/\/www.facebook.com\/GR1993Records-113564886691383\/"]}]}},"jetpack_sharing_enabled":true,"_links":{"self":[{"href":"https:\/\/gr1993records.com\/index.php\/wp-json\/wp\/v2\/product\/7302","targetHints":{"allow":["GET"]}}],"collection":[{"href":"https:\/\/gr1993records.com\/index.php\/wp-json\/wp\/v2\/product"}],"about":[{"href":"https:\/\/gr1993records.com\/index.php\/wp-json\/wp\/v2\/types\/product"}],"wp:featuredmedia":[{"embeddable":true,"href":"https:\/\/gr1993records.com\/index.php\/wp-json\/wp\/v2\/media\/7304"}],"wp:attachment":[{"href":"https:\/\/gr1993records.com\/index.php\/wp-json\/wp\/v2\/media?parent=7302"}],"wp:term":[{"taxonomy":"product_brand","embeddable":true,"href":"https:\/\/gr1993records.com\/index.php\/wp-json\/wp\/v2\/product_brand?post=7302"},{"taxonomy":"product_cat","embeddable":true,"href":"https:\/\/gr1993records.com\/index.php\/wp-json\/wp\/v2\/product_cat?post=7302"},{"taxonomy":"product_tag","embeddable":true,"href":"https:\/\/gr1993records.com\/index.php\/wp-json\/wp\/v2\/product_tag?post=7302"}],"curies":[{"name":"wp","href":"https:\/\/api.w.org\/{rel}","templated":true}]}}