{"id":7241,"date":"2024-06-11T11:46:40","date_gmt":"2024-06-11T09:46:40","guid":{"rendered":"https:\/\/gr1993records.com\/?post_type=product&#038;p=7241"},"modified":"2026-04-02T13:51:56","modified_gmt":"2026-04-02T11:51:56","slug":"djabe-steve-hackettback-to-gyor2lpdvd","status":"publish","type":"product","link":"https:\/\/gr1993records.com\/index.php\/product\/djabe-steve-hackettback-to-gyor2lpdvd\/","title":{"rendered":"Djabe &#038; Steve Hackett <br>Back To Gy\u0151r <br>2LP aj\u00e1nd\u00e9k DVD-vel"},"content":{"rendered":"<p>A COVID okozta 2 \u00e9v kihagy\u00e1s ut\u00e1n revel\u00e1ci\u00f3 erej\u00e9vel hatott a 2022-es Djabe &amp; Steve Hackett turn\u00e9, melynek gy\u0151ri z\u00e1r\u00f3 \u00e1llom\u00e1s\u00e1r\u00f3l jelent meg a Live in Gy\u0151r album Blu-ray, 2CD, LP \u00e9s mesterszalag form\u00e1tumokban. A koncert siker\u00e9nek k\u00f6sz\u00f6nhet\u0151en a zenekar megh\u00edv\u00e1st kapott 2023-ban is a Richter terembe. A koncert program jelent\u0151sen v\u00e1ltozott a a 2022-es set-listhez k\u00e9pest. Jelent\u0151s \u00fajdons\u00e1g volt a Genesis Carpet Crawlers c\u00edm\u0171 sz\u00e1ma Kasz\u00e1s P\u00e9ter kiv\u00e1l\u00f3 \u00e9nek\u00e9vel. Beker\u00fclt tov\u00e1bb\u00e1 a Djabe Before album\u00e1nak t\u00f6bb felv\u00e9tele is, melyek k\u00f6z\u00fcl t\u00f6bb kompoz\u00edci\u00f3ban is k\u00f6zrem\u0171k\u00f6d\u00f6tt Steve. Err\u0151l a fell\u00e9p\u00e9sr\u0151l is k\u00e9sz\u00fclt vide\u00f3 \u00e9s hangfelv\u00e9tel, melynek k\u00fcl\u00f6n\u00f6sen \u00f6r\u00fclhetnek a rajong\u00f3k, mert a Djabe \u00e9s Steve k\u00f6z\u00f6s produkci\u00f3ja egyre er\u0151sebb, \u00e9s egyre szervesebb egys\u00e9get k\u00e9pez. Sokak szerint ez volt a form\u00e1ci\u00f3 eddigi legjobb turn\u00e9ja.<br \/>\nA koncert anyag\u00e1b\u00f3l 92 perces dupla LP-nyi anyagot v\u00e1logatott \u00f6ssze az \u00c9gerh\u00e1zi Attila \u2013 Barab\u00e1s Tam\u00e1s producer p\u00e1ros, el\u0151nyben r\u00e9szes\u00edtve az eddig m\u00e9g hanghordoz\u00f3n meg nem jelent kompoz\u00edci\u00f3kat. A koncert 2 \u00f3r\u00e1s teljes anyaga megtal\u00e1lhat\u00f3 azonban a kiadv\u00e1nyhoz b\u00f3nuszk\u00e9nt csomagolt DVD lemezen. A koncertfilm nagyfelbont\u00e1s\u00fa 24 bit\/48 kHz wav sztere\u00f3 \u00e9s 24 bit\/96 kHz DTS surround hanggal is meghallgathat\u00f3.<\/p>\n<p><b>Steve Hackett <\/b>git\u00e1r, \u00e9nek, harmonika<span class=\"Apple-converted-space\"><br \/>\n<\/span><b>Kasz\u00e1s P\u00e9ter <\/b>\u00e9nek, dob<span class=\"Apple-converted-space\"><br \/>\n<\/span><b>Barab\u00e1s Tam\u00e1s <\/b>basszus git\u00e1r, \u00e9nek, git\u00e1r<span class=\"Apple-converted-space\"><br \/>\n<\/span><b>\u00c9gerh\u00e1zi Attila <\/b>git\u00e1r, \u00fct\u0151hangszerek, \u00e9nek<span class=\"Apple-converted-space\"><br \/>\n<\/span><b>Ko\u00f3s-Hut\u00e1s \u00c1ron <\/b>trombita, sz\u00e1rnyk\u00fcrt<span class=\"Apple-converted-space\"><br \/>\n<\/span><b>Bubeny\u00e1k Zolt\u00e1n <\/b>billenty\u0171<\/p>\n<p>special guests<span class=\"Apple-converted-space\"><br \/>\n<\/span><b>Karvaly Tibor <\/b>heged\u0171 (LP: B1, B2, C2, D4 \/ DVD: Set 1\/6, 7, 8, Set 2\/3, 10)<span class=\"Apple-converted-space\"><br \/>\n<\/span><b>Dr. D\u00e9zsi Csaba Andr\u00e1s <\/b>git\u00e1r (LP: B1, B2 \/ DVD: Set 1 \/ 6, 7)<\/p>\n<h2><strong><img loading=\"lazy\" decoding=\"async\" class=\"aligncenter wp-image-7247 size-full\" src=\"https:\/\/gr1993records.com\/wp-content\/uploads\/2024\/06\/Djabe_Back_To_Gyor_LP_mockup_1.png\" alt=\"\" width=\"2000\" height=\"1198\" srcset=\"https:\/\/gr1993records.com\/wp-content\/uploads\/2024\/06\/Djabe_Back_To_Gyor_LP_mockup_1.png 2000w, https:\/\/gr1993records.com\/wp-content\/uploads\/2024\/06\/Djabe_Back_To_Gyor_LP_mockup_1-300x180.png 300w, https:\/\/gr1993records.com\/wp-content\/uploads\/2024\/06\/Djabe_Back_To_Gyor_LP_mockup_1-1024x613.png 1024w, https:\/\/gr1993records.com\/wp-content\/uploads\/2024\/06\/Djabe_Back_To_Gyor_LP_mockup_1-768x460.png 768w, https:\/\/gr1993records.com\/wp-content\/uploads\/2024\/06\/Djabe_Back_To_Gyor_LP_mockup_1-1536x920.png 1536w, https:\/\/gr1993records.com\/wp-content\/uploads\/2024\/06\/Djabe_Back_To_Gyor_LP_mockup_1-1568x939.png 1568w, https:\/\/gr1993records.com\/wp-content\/uploads\/2024\/06\/Djabe_Back_To_Gyor_LP_mockup_1-600x359.png 600w\" sizes=\"auto, (max-width: 2000px) 100vw, 2000px\" \/><\/strong><\/h2>\n<p><strong>Tracklista 2LP:<\/strong><\/p>\n<p>LP 1 \/ SET 1<\/p>\n<p>SIDE A<span class=\"Apple-converted-space\"><br \/>\n<\/span><b>Mysterious Tower <\/b>(Barab\u00e1s)<span class=\"Apple-converted-space\"><br \/>\n<\/span><b>Could Have Been <\/b>(Barab\u00e1s)<span class=\"Apple-converted-space\"><br \/>\n<\/span><b>Camino Royale <\/b>(Hackett)<span class=\"Apple-converted-space\"><br \/>\n<\/span><b>Horizons <\/b>(Hackett)<span class=\"Apple-converted-space\"><br \/>\n<\/span>22:02<\/p>\n<p>SIDE B<span class=\"Apple-converted-space\"><br \/>\n<\/span><b>D\u00e9j\u00e0 Vu <\/b>(\u00c9gerh\u00e1zi\u2013Karvaly)<span class=\"Apple-converted-space\"><br \/>\n<\/span><b>Distant Dance <\/b>(\u00c9gerh\u00e1zi)<span class=\"Apple-converted-space\"><br \/>\n<\/span><b>Ace Of Wands <\/b>(Hackett)<span class=\"Apple-converted-space\"><br \/>\n<\/span><b>Franciska <\/b>(Barab\u00e1s\u2013Sz\u0151ke)<span class=\"Apple-converted-space\"><br \/>\n<\/span><b>In That Quiet Earth <\/b>(Banks\u2013Collins\u2013Hackett\u2013Rutherford)<span class=\"Apple-converted-space\"><br \/>\n<\/span>23:36<\/p>\n<p>LP 2\/ SET 2<\/p>\n<p>SIDE C<span class=\"Apple-converted-space\"><br \/>\n<\/span><b>Central European Time <\/b>(Barab\u00e1s)<span class=\"Apple-converted-space\"><br \/>\n<\/span><b>Tale <\/b>(\u00c9gerh\u00e1zi)<span class=\"Apple-converted-space\"><br \/>\n<\/span><b>Stars And Moonbeams <\/b>(Barab\u00e1s\u2013Jo Hackett)<span class=\"Apple-converted-space\"><br \/>\n<\/span><b>Hairless Heart <\/b>(Banks\u2013Collins\u2013Gabriel\u2013Hackett\u2013Rutherford)<span class=\"Apple-converted-space\"><br \/>\n<\/span>23:56<\/p>\n<p>SIDE D<span class=\"Apple-converted-space\"><br \/>\n<\/span><b>Carpet Crawlers <\/b>(Banks\u2013Collins\u2013Gabriel\u2013Hackett\u2013Rutherford)<span class=\"Apple-converted-space\"><br \/>\n<\/span><b>Last Train To Istanbul <\/b>(Hackett\u2013Lehmann\u2013King)<span class=\"Apple-converted-space\"><br \/>\n<\/span><b>Los Endos <\/b>(Banks\u2013Collins\u2013Hackett\u2013Rutherford)<span class=\"Apple-converted-space\"><br \/>\n<\/span><b>Misty Blues <\/b>(\u00c9gerh\u00e1zi\u2013Hackett)<span class=\"Apple-converted-space\"><br \/>\n<\/span>23:52<\/p>\n<h2><strong><img loading=\"lazy\" decoding=\"async\" class=\"aligncenter wp-image-7248 size-full\" src=\"https:\/\/gr1993records.com\/wp-content\/uploads\/2024\/06\/Djabe_Back_To_Gyor_DVD_Mock-up_1.jpg\" alt=\"\" width=\"2432\" height=\"1366\" srcset=\"https:\/\/gr1993records.com\/wp-content\/uploads\/2024\/06\/Djabe_Back_To_Gyor_DVD_Mock-up_1.jpg 2432w, https:\/\/gr1993records.com\/wp-content\/uploads\/2024\/06\/Djabe_Back_To_Gyor_DVD_Mock-up_1-300x169.jpg 300w, https:\/\/gr1993records.com\/wp-content\/uploads\/2024\/06\/Djabe_Back_To_Gyor_DVD_Mock-up_1-1024x575.jpg 1024w, https:\/\/gr1993records.com\/wp-content\/uploads\/2024\/06\/Djabe_Back_To_Gyor_DVD_Mock-up_1-768x431.jpg 768w, https:\/\/gr1993records.com\/wp-content\/uploads\/2024\/06\/Djabe_Back_To_Gyor_DVD_Mock-up_1-1536x863.jpg 1536w, https:\/\/gr1993records.com\/wp-content\/uploads\/2024\/06\/Djabe_Back_To_Gyor_DVD_Mock-up_1-2048x1150.jpg 2048w, https:\/\/gr1993records.com\/wp-content\/uploads\/2024\/06\/Djabe_Back_To_Gyor_DVD_Mock-up_1-1568x881.jpg 1568w, https:\/\/gr1993records.com\/wp-content\/uploads\/2024\/06\/Djabe_Back_To_Gyor_DVD_Mock-up_1-600x337.jpg 600w\" sizes=\"auto, (max-width: 2432px) 100vw, 2432px\" \/><\/strong><\/h2>\n<p><strong>Tracklista DVD:<\/strong><\/p>\n<p>SET 1<\/p>\n<p><b>Mysterious Tower <\/b>(Barab\u00e1s)<span class=\"Apple-converted-space\"><br \/>\n<\/span><b>Could Have Been <\/b>(Barab\u00e1s)<span class=\"Apple-converted-space\"><br \/>\n<\/span><b>Before <\/b>(Barab\u00e1s\u2013Sz\u0151ke)<span class=\"Apple-converted-space\"><br \/>\n<\/span><b>Camino Royale <\/b>(Hackett)<span class=\"Apple-converted-space\"><br \/>\n<\/span><b>Horizons <\/b>(Hackett)<span class=\"Apple-converted-space\"><br \/>\n<\/span><b>D\u00e9j\u00e0 Vu <\/b>(\u00c9gerh\u00e1zi\u2013Karvaly)<span class=\"Apple-converted-space\"><br \/>\n<\/span><b>Distant Dance <\/b>(\u00c9gerh\u00e1zi)<span class=\"Apple-converted-space\"><br \/>\n<\/span><b>Buzzy Island <\/b>(Barab\u00e1s\u2013Briem\u2013\u00c9gerh\u00e1zi\u2013Hackett\u2013Ko\u00f3s-Hut\u00e1s)<span class=\"Apple-converted-space\"><br \/>\n<\/span><b>Ace Of Wands <\/b>(Hackett)<span class=\"Apple-converted-space\"><br \/>\n<\/span><b>Franciska <\/b>(Barab\u00e1s\u2013Sz\u0151ke)<span class=\"Apple-converted-space\"><br \/>\n<\/span><b>In That Quiet Earth<\/b><span class=\"Apple-converted-space\"> (Banks\u2013Collins\u2013Hackett\u2013Rutherford)<\/span><\/p>\n<p>SET 2<\/p>\n<p><b>Polish Market <\/b>(Barab\u00e1s)<span class=\"Apple-converted-space\"><br \/>\n<\/span><b>Central European Time <\/b>(Barab\u00e1s)<span class=\"Apple-converted-space\"><br \/>\n<\/span><b>Tale <\/b>(\u00c9gerh\u00e1zi)<span class=\"Apple-converted-space\"><br \/>\n<\/span><b>Stars And Moonbeams <\/b>(Barab\u00e1s\u2013Jo Hackett)<span class=\"Apple-converted-space\"><br \/>\n<\/span><b>Hairless Heart <\/b>(Banks\u2013Collins\u2013Gabriel\u2013Hackett\u2013Rutherford)<span class=\"Apple-converted-space\"><br \/>\n<\/span><b>Firth Of Fifth <\/b>(Banks\u2013Collins\u2013Gabriel\u2013Hackett\u2013Rutherford)<span class=\"Apple-converted-space\"><br \/>\n<\/span><b>Carpet Crawlers <\/b>(Banks\u2013Collins\u2013Gabriel\u2013Hackett\u2013Rutherford)<span class=\"Apple-converted-space\"><br \/>\n<\/span><b>Last Train To Istanbul <\/b>(Hackett\u2013Lehmann\u2013King)<span class=\"Apple-converted-space\"><br \/>\n<\/span><b>Los Endos <\/b>(Banks\u2013Collins\u2013Hackett\u2013Rutherford)<span class=\"Apple-converted-space\"><br \/>\n<\/span><b>Misty Blues <\/b>(\u00c9gerh\u00e1zi\u2013Hackett)<\/p>\n<p>Extra<\/p>\n<p><b>Back To Gy\u0151r documentary<\/b><\/p>\n<p><iframe loading=\"lazy\" title=\"Djabe &amp; Steve Hackett - Ace Of Wands \/ Franciska - Back To Gy\u00f6r album\" width=\"840\" height=\"473\" src=\"https:\/\/www.youtube.com\/embed\/TRIKO-KfUQg?feature=oembed\" frameborder=\"0\" allow=\"accelerometer; autoplay; clipboard-write; encrypted-media; gyroscope; picture-in-picture; web-share\" referrerpolicy=\"strict-origin-when-cross-origin\" allowfullscreen><\/iframe><\/p>\n<p>&nbsp;<\/p>","protected":false},"excerpt":{"rendered":"<h4>GR-172<\/h4>\n<h4><strong>Megjelen\u00e9s: 2024. j\u00fanius 21.<\/strong><\/h4>\n","protected":false},"featured_media":7242,"template":"","meta":[],"product_brand":[],"product_cat":[93,91],"product_tag":[],"class_list":{"0":"post-7241","1":"product","2":"type-product","3":"status-publish","4":"has-post-thumbnail","6":"product_cat-dvd","7":"product_cat-lp","8":"yith_product_brand-djabe","9":"yith_product_brand-soltesz-rezso","10":"col-12 col-sm-6 col-md-4","12":"first","13":"instock","14":"sale","15":"featured","16":"shipping-taxable","17":"purchasable","18":"product-type-simple"},"yoast_head":"<!-- This site is optimized with the Yoast SEO plugin v27.2 - https:\/\/yoast.com\/product\/yoast-seo-wordpress\/ -->\n<title>Djabe &amp; Steve Hackett Back To Gy\u0151r 2LP aj\u00e1nd\u00e9k DVD-vel &#8211; GR1993 Records<\/title>\n<meta name=\"robots\" content=\"index, follow, max-snippet:-1, max-image-preview:large, max-video-preview:-1\" \/>\n<link rel=\"canonical\" href=\"https:\/\/gr1993records.com\/index.php\/product\/djabe-steve-hackettback-to-gyor2lpdvd\/\" \/>\n<meta property=\"og:locale\" content=\"hu_HU\" \/>\n<meta property=\"og:type\" content=\"article\" \/>\n<meta property=\"og:title\" content=\"Djabe &amp; Steve Hackett Back To Gy\u0151r 2LP aj\u00e1nd\u00e9k DVD-vel &#8211; GR1993 Records\" \/>\n<meta property=\"og:description\" content=\"[:hu]GR-172 Megjelen\u00e9s: 2024. j\u00fanius 21.[:en]GR-172 Released 21 June 2024[:]\" \/>\n<meta property=\"og:url\" content=\"https:\/\/gr1993records.com\/index.php\/product\/djabe-steve-hackettback-to-gyor2lpdvd\/\" \/>\n<meta property=\"og:site_name\" content=\"GR1993 Records\" \/>\n<meta property=\"article:publisher\" content=\"https:\/\/www.facebook.com\/GR1993Records-113564886691383\/\" \/>\n<meta property=\"article:modified_time\" content=\"2026-04-02T11:51:56+00:00\" \/>\n<meta property=\"og:image\" content=\"https:\/\/gr1993records.com\/wp-content\/uploads\/2024\/06\/Djabe_Steve_Hackett_Back_To_Gyor_PRODUCT_1-1024x1024.png\" \/>\n\t<meta property=\"og:image:width\" content=\"1024\" \/>\n\t<meta property=\"og:image:height\" content=\"1024\" \/>\n\t<meta property=\"og:image:type\" content=\"image\/png\" \/>\n<meta name=\"twitter:card\" content=\"summary_large_image\" \/>\n<meta name=\"twitter:image\" content=\"https:\/\/gr1993records.com\/wp-content\/uploads\/2024\/06\/Djabe_Steve_Hackett_Back_To_Gyor_PRODUCT_1.png\" \/>\n<meta name=\"twitter:label1\" content=\"Becs\u00fclt olvas\u00e1si id\u0151\" \/>\n\t<meta name=\"twitter:data1\" content=\"3 perc\" \/>\n<script type=\"application\/ld+json\" class=\"yoast-schema-graph\">{\"@context\":\"https:\/\/schema.org\",\"@graph\":[{\"@type\":\"WebPage\",\"@id\":\"https:\/\/gr1993records.com\/index.php\/product\/djabe-steve-hackettback-to-gyor2lpdvd\/\",\"url\":\"https:\/\/gr1993records.com\/index.php\/product\/djabe-steve-hackettback-to-gyor2lpdvd\/\",\"name\":\"Djabe & Steve Hackett Back To Gy\u0151r 2LP aj\u00e1nd\u00e9k DVD-vel &#8211; GR1993 Records\",\"isPartOf\":{\"@id\":\"https:\/\/gr1993records.com\/#website\"},\"primaryImageOfPage\":{\"@id\":\"https:\/\/gr1993records.com\/index.php\/product\/djabe-steve-hackettback-to-gyor2lpdvd\/#primaryimage\"},\"image\":{\"@id\":\"https:\/\/gr1993records.com\/index.php\/product\/djabe-steve-hackettback-to-gyor2lpdvd\/#primaryimage\"},\"thumbnailUrl\":\"https:\/\/gr1993records.com\/wp-content\/uploads\/2024\/06\/Djabe_Steve_Hackett_Back_To_Gyor_LP_FRONT.jpg\",\"datePublished\":\"2024-06-11T09:46:40+00:00\",\"dateModified\":\"2026-04-02T11:51:56+00:00\",\"breadcrumb\":{\"@id\":\"https:\/\/gr1993records.com\/index.php\/product\/djabe-steve-hackettback-to-gyor2lpdvd\/#breadcrumb\"},\"inLanguage\":\"hu\",\"potentialAction\":[{\"@type\":\"ReadAction\",\"target\":[\"https:\/\/gr1993records.com\/index.php\/product\/djabe-steve-hackettback-to-gyor2lpdvd\/\"]}]},{\"@type\":\"ImageObject\",\"inLanguage\":\"hu\",\"@id\":\"https:\/\/gr1993records.com\/index.php\/product\/djabe-steve-hackettback-to-gyor2lpdvd\/#primaryimage\",\"url\":\"https:\/\/gr1993records.com\/wp-content\/uploads\/2024\/06\/Djabe_Steve_Hackett_Back_To_Gyor_LP_FRONT.jpg\",\"contentUrl\":\"https:\/\/gr1993records.com\/wp-content\/uploads\/2024\/06\/Djabe_Steve_Hackett_Back_To_Gyor_LP_FRONT.jpg\",\"width\":2500,\"height\":2500},{\"@type\":\"BreadcrumbList\",\"@id\":\"https:\/\/gr1993records.com\/index.php\/product\/djabe-steve-hackettback-to-gyor2lpdvd\/#breadcrumb\",\"itemListElement\":[{\"@type\":\"ListItem\",\"position\":1,\"name\":\"Home\",\"item\":\"https:\/\/gr1993records.com\/\"},{\"@type\":\"ListItem\",\"position\":2,\"name\":\"Kiadv\u00e1nyok\",\"item\":\"https:\/\/gr1993records.com\/index.php\/shop\/\"},{\"@type\":\"ListItem\",\"position\":3,\"name\":\"Djabe &#038; Steve Hackett Back To Gy\u0151r 2LP aj\u00e1nd\u00e9k DVD-vel\"}]},{\"@type\":\"WebSite\",\"@id\":\"https:\/\/gr1993records.com\/#website\",\"url\":\"https:\/\/gr1993records.com\/\",\"name\":\"GR1993 Records\",\"description\":\"\",\"publisher\":{\"@id\":\"https:\/\/gr1993records.com\/#organization\"},\"potentialAction\":[{\"@type\":\"SearchAction\",\"target\":{\"@type\":\"EntryPoint\",\"urlTemplate\":\"https:\/\/gr1993records.com\/?s={search_term_string}\"},\"query-input\":{\"@type\":\"PropertyValueSpecification\",\"valueRequired\":true,\"valueName\":\"search_term_string\"}}],\"inLanguage\":\"hu\"},{\"@type\":\"Organization\",\"@id\":\"https:\/\/gr1993records.com\/#organization\",\"name\":\"Gramy-H Ltd.\",\"url\":\"https:\/\/gr1993records.com\/\",\"logo\":{\"@type\":\"ImageObject\",\"inLanguage\":\"hu\",\"@id\":\"https:\/\/gr1993records.com\/#\/schema\/logo\/image\/\",\"url\":\"https:\/\/gr1993records.com\/wp-content\/uploads\/2019\/08\/GR1993_Records_logo_CC.png\",\"contentUrl\":\"https:\/\/gr1993records.com\/wp-content\/uploads\/2019\/08\/GR1993_Records_logo_CC.png\",\"width\":2900,\"height\":2001,\"caption\":\"Gramy-H Ltd.\"},\"image\":{\"@id\":\"https:\/\/gr1993records.com\/#\/schema\/logo\/image\/\"},\"sameAs\":[\"https:\/\/www.facebook.com\/GR1993Records-113564886691383\/\"]}]}<\/script>\n<!-- \/ Yoast SEO plugin. -->","yoast_head_json":{"title":"Djabe & Steve Hackett Back To Gy\u0151r 2LP aj\u00e1nd\u00e9k DVD-vel &#8211; GR1993 Records","robots":{"index":"index","follow":"follow","max-snippet":"max-snippet:-1","max-image-preview":"max-image-preview:large","max-video-preview":"max-video-preview:-1"},"canonical":"https:\/\/gr1993records.com\/index.php\/product\/djabe-steve-hackettback-to-gyor2lpdvd\/","og_locale":"hu_HU","og_type":"article","og_title":"Djabe & Steve Hackett Back To Gy\u0151r 2LP aj\u00e1nd\u00e9k DVD-vel &#8211; GR1993 Records","og_description":"[:hu]GR-172 Megjelen\u00e9s: 2024. j\u00fanius 21.[:en]GR-172 Released 21 June 2024[:]","og_url":"https:\/\/gr1993records.com\/index.php\/product\/djabe-steve-hackettback-to-gyor2lpdvd\/","og_site_name":"GR1993 Records","article_publisher":"https:\/\/www.facebook.com\/GR1993Records-113564886691383\/","article_modified_time":"2026-04-02T11:51:56+00:00","og_image":[{"width":1024,"height":1024,"url":"https:\/\/gr1993records.com\/wp-content\/uploads\/2024\/06\/Djabe_Steve_Hackett_Back_To_Gyor_PRODUCT_1-1024x1024.png","type":"image\/png"}],"twitter_card":"summary_large_image","twitter_image":"https:\/\/gr1993records.com\/wp-content\/uploads\/2024\/06\/Djabe_Steve_Hackett_Back_To_Gyor_PRODUCT_1.png","twitter_misc":{"Becs\u00fclt olvas\u00e1si id\u0151":"3 perc"},"schema":{"@context":"https:\/\/schema.org","@graph":[{"@type":"WebPage","@id":"https:\/\/gr1993records.com\/index.php\/product\/djabe-steve-hackettback-to-gyor2lpdvd\/","url":"https:\/\/gr1993records.com\/index.php\/product\/djabe-steve-hackettback-to-gyor2lpdvd\/","name":"Djabe & Steve Hackett Back To Gy\u0151r 2LP aj\u00e1nd\u00e9k DVD-vel &#8211; GR1993 Records","isPartOf":{"@id":"https:\/\/gr1993records.com\/#website"},"primaryImageOfPage":{"@id":"https:\/\/gr1993records.com\/index.php\/product\/djabe-steve-hackettback-to-gyor2lpdvd\/#primaryimage"},"image":{"@id":"https:\/\/gr1993records.com\/index.php\/product\/djabe-steve-hackettback-to-gyor2lpdvd\/#primaryimage"},"thumbnailUrl":"https:\/\/gr1993records.com\/wp-content\/uploads\/2024\/06\/Djabe_Steve_Hackett_Back_To_Gyor_LP_FRONT.jpg","datePublished":"2024-06-11T09:46:40+00:00","dateModified":"2026-04-02T11:51:56+00:00","breadcrumb":{"@id":"https:\/\/gr1993records.com\/index.php\/product\/djabe-steve-hackettback-to-gyor2lpdvd\/#breadcrumb"},"inLanguage":"hu","potentialAction":[{"@type":"ReadAction","target":["https:\/\/gr1993records.com\/index.php\/product\/djabe-steve-hackettback-to-gyor2lpdvd\/"]}]},{"@type":"ImageObject","inLanguage":"hu","@id":"https:\/\/gr1993records.com\/index.php\/product\/djabe-steve-hackettback-to-gyor2lpdvd\/#primaryimage","url":"https:\/\/gr1993records.com\/wp-content\/uploads\/2024\/06\/Djabe_Steve_Hackett_Back_To_Gyor_LP_FRONT.jpg","contentUrl":"https:\/\/gr1993records.com\/wp-content\/uploads\/2024\/06\/Djabe_Steve_Hackett_Back_To_Gyor_LP_FRONT.jpg","width":2500,"height":2500},{"@type":"BreadcrumbList","@id":"https:\/\/gr1993records.com\/index.php\/product\/djabe-steve-hackettback-to-gyor2lpdvd\/#breadcrumb","itemListElement":[{"@type":"ListItem","position":1,"name":"Home","item":"https:\/\/gr1993records.com\/"},{"@type":"ListItem","position":2,"name":"Kiadv\u00e1nyok","item":"https:\/\/gr1993records.com\/index.php\/shop\/"},{"@type":"ListItem","position":3,"name":"Djabe &#038; Steve Hackett Back To Gy\u0151r 2LP aj\u00e1nd\u00e9k DVD-vel"}]},{"@type":"WebSite","@id":"https:\/\/gr1993records.com\/#website","url":"https:\/\/gr1993records.com\/","name":"GR1993 Records","description":"","publisher":{"@id":"https:\/\/gr1993records.com\/#organization"},"potentialAction":[{"@type":"SearchAction","target":{"@type":"EntryPoint","urlTemplate":"https:\/\/gr1993records.com\/?s={search_term_string}"},"query-input":{"@type":"PropertyValueSpecification","valueRequired":true,"valueName":"search_term_string"}}],"inLanguage":"hu"},{"@type":"Organization","@id":"https:\/\/gr1993records.com\/#organization","name":"Gramy-H Ltd.","url":"https:\/\/gr1993records.com\/","logo":{"@type":"ImageObject","inLanguage":"hu","@id":"https:\/\/gr1993records.com\/#\/schema\/logo\/image\/","url":"https:\/\/gr1993records.com\/wp-content\/uploads\/2019\/08\/GR1993_Records_logo_CC.png","contentUrl":"https:\/\/gr1993records.com\/wp-content\/uploads\/2019\/08\/GR1993_Records_logo_CC.png","width":2900,"height":2001,"caption":"Gramy-H Ltd."},"image":{"@id":"https:\/\/gr1993records.com\/#\/schema\/logo\/image\/"},"sameAs":["https:\/\/www.facebook.com\/GR1993Records-113564886691383\/"]}]}},"jetpack_sharing_enabled":true,"_links":{"self":[{"href":"https:\/\/gr1993records.com\/index.php\/wp-json\/wp\/v2\/product\/7241","targetHints":{"allow":["GET"]}}],"collection":[{"href":"https:\/\/gr1993records.com\/index.php\/wp-json\/wp\/v2\/product"}],"about":[{"href":"https:\/\/gr1993records.com\/index.php\/wp-json\/wp\/v2\/types\/product"}],"wp:featuredmedia":[{"embeddable":true,"href":"https:\/\/gr1993records.com\/index.php\/wp-json\/wp\/v2\/media\/7242"}],"wp:attachment":[{"href":"https:\/\/gr1993records.com\/index.php\/wp-json\/wp\/v2\/media?parent=7241"}],"wp:term":[{"taxonomy":"product_brand","embeddable":true,"href":"https:\/\/gr1993records.com\/index.php\/wp-json\/wp\/v2\/product_brand?post=7241"},{"taxonomy":"product_cat","embeddable":true,"href":"https:\/\/gr1993records.com\/index.php\/wp-json\/wp\/v2\/product_cat?post=7241"},{"taxonomy":"product_tag","embeddable":true,"href":"https:\/\/gr1993records.com\/index.php\/wp-json\/wp\/v2\/product_tag?post=7241"}],"curies":[{"name":"wp","href":"https:\/\/api.w.org\/{rel}","templated":true}]}}