{"id":7188,"date":"2024-04-02T12:23:00","date_gmt":"2024-04-02T10:23:00","guid":{"rendered":"https:\/\/gr1993records.com\/?post_type=product&#038;p=7188"},"modified":"2026-04-02T13:37:56","modified_gmt":"2026-04-02T11:37:56","slug":"androidwordless-scriptumcd","status":"publish","type":"product","link":"https:\/\/gr1993records.com\/index.php\/product\/androidwordless-scriptumcd\/","title":{"rendered":"Android <br\/>Wordless Scriptum <br\/>(CD)"},"content":{"rendered":"<p>[vc_row][vc_column][vc_column_text]<\/p>\n<p style=\"font-weight: 400;\">Az Android egy\u00fcttes leg\u00fajabb CD-je eddig hanghordoz\u00f3ra nem ker\u00fclt sz\u00e1mokat tartalmaz.<\/p>\n<p style=\"font-weight: 400;\">\u00a0<em>Wordless Scriptum <\/em>egy zen\u00e9ben kifejezett \u00f6tt\u00e9teles fejl\u0151d\u00e9st\u00f6rt\u00e9net, a sz\u00fclet\u00e9s el\u0151tti \u00e1llapott\u00f3l a kiteljesed\u00e9sig, mely nagyon sok szinten (az egy\u00e9nt\u0151l az univerzumig) \u00e9rtelmezhet\u0151. Az Android kompoz\u00edci\u00f3k egy r\u00e9sz\u00e9nek a fejl\u0151d\u00e9st\u00f6rt\u00e9nete t\u00f6bb \u00e9vtizedes folyamat, a szerzem\u00e9nyek eredete T\u0151zs\u00e9r J\u00f3zsef billenty\u0171s valamikori zongora \u201epr\u00f3b\u00e1lkoz\u00e1sa\u201d, erre utal a <em>Pregenesis<\/em> kezdete.<\/p>\n<p style=\"font-weight: 400;\">\u00cdgy sz\u00fcletett \u00e9s teljesedett ki a <em>Metamorhosis Part 2.<\/em> is, melynek eredetileg valamikor 1982 k\u00f6rny\u00e9k\u00e9n k\u00e9sz\u00fclt a zongorakivonata, viszont v\u00e9gleges\u00edt\u00e9se, hangszerel\u00e9se kor\u00e1bban nem t\u00f6rt\u00e9nt meg. Egy moll hangnemben megsz\u00f3lal\u00f3 dallam metamorf\u00f3zisa t\u00f6rt\u00e9nik meg d\u00far v\u00e1ltozatra: egy melankolikus dallamb\u00f3l sz\u00fcletik egy vid\u00e1m \u00e9letigenl\u0151 sz\u00f3lam. Most egy bevezet\u0151 r\u00e9sszel, \u00e9s \u00faj <em>Part 1<\/em>. \u00e9s<em> Part 3<\/em>. r\u00e9szekkel kieg\u00e9sz\u00edtve a <em>Wordless Scriptum<\/em>mellett a lemez m\u00e1sik t\u00f6bbt\u00e9teles kompoz\u00edci\u00f3jak\u00e9nt jelenik meg. A tavaly okt\u00f3berben digit\u00e1lisan megjelent \u00f6sszef\u0171z\u00f6tt \u00e9s r\u00e9szben m\u00e1sk\u00e9pp hangszerelt <em>Metamorhosis (Parts 1-3) b<\/em>onus sz\u00e1mk\u00e9nt szerepel a CD-n.<\/p>\n<p style=\"font-weight: 400;\">A <em>Feels like Feels<\/em> akkordmenete egy saj\u00e1t k\u00e9sz\u00edt\u00e9s\u0171 shifter (ma phaser-nek nevezik) tesztel\u00e9sekor alakult ki, kb. 1979-ben (m\u00e9g az Android egy\u00fcttes sz\u00fclet\u00e9se el\u0151tt). Egy\u00e9b lehet\u0151s\u00e9gek h\u00edj\u00e1n akkor m\u00e9g \u00edgy pr\u00f3b\u00e1lt Dud\u00e1s J\u00e1nos effekteket haszn\u00e1lni. Ebb\u0151l alakult ki n\u00e9h\u00e1ny \u00e9vvel ezel\u0151tt a <em>Two Sets of Strings, <\/em>egy nagyobb koncertblokkok k\u00f6zti \u00e1tvezet\u0151 sz\u00e1m, \u00e9s L\u00e9tm\u00e1nyi Istv\u00e1nnal du\u00f3ban t\u00f6bbsz\u00f6r el\u0151 is adt\u00e1k koncerteken. A lemezre ker\u00fclt, \u00e1tnevezett v\u00e1ltozatban a git\u00e1r mellett csak szintetiz\u00e1tor szerepel, az \u00fct\u0151s r\u00e9sz is szintetiz\u00e1torral k\u00e9sz\u00fclt.<\/p>\n<p style=\"font-weight: 400;\">Az <em>Incomplete Farewell<\/em> kezd\u0151 t\u00e9m\u00e1ja is egy h\u00e1zi k\u00e9sz\u00edt\u00e9s\u0171 hangm\u00f3dos\u00edt\u00f3, ebben az esetben torz\u00edt\u00f3 kipr\u00f3b\u00e1l\u00e1sakor keletkezett. A \u2013 m\u00e1r csak eml\u00e9k &#8211; eredeti git\u00e1rhangsz\u00ednt (Jolana Tornado git\u00e1r \u2013 torz\u00edt\u00f3 \u2013 Orion r\u00e1di\u00f3) k\u00f6zel\u00edt\u0151 hangk\u00e9p refr\u00e9nnel \u00e9s z\u00e1r\u00f3 r\u00e9sszel kieg\u00e9sz\u00edtve alkotja a Wordless Scriptum lemez egyik t\u00e9tel\u00e9t.<\/p>\n<p style=\"font-weight: 400;\"><span style=\"font-weight: 400;\">A <\/span><em style=\"font-weight: 400;\">Spanish Romance<\/em> <span style=\"font-weight: 400;\">egy spanyol git\u00e1rdal feldolgoz\u00e1s, egy r\u00e9gi Android sz\u00e1m (<em>Katal\u00e1n Et\u0171d) <\/em>\u00fajragondol\u00e1sa. Az eredeti feldolgoz\u00e1sb\u00f3l csak egy r\u00f6vid k\u00f6z\u00e9pr\u00e9sz maradt meg az \u00e1tvett git\u00e1rdallamon k\u00edv\u00fcl.<\/span><\/p>\n<p>[\/vc_column_text][vc_separator][vc_column_text]<\/p>\n<div class=\"wpb_text_column wpb_content_element \">\n<div class=\"wpb_wrapper\">\n<h3><strong>Zen\u00e9szek<\/strong><\/h3>\n<p>Dud\u00e1s J\u00e1nos \u2013 git\u00e1r, \u00e9nek<br \/>\nNikolin Zolt\u00e1n \u2013 basszusgit\u00e1r, \u00e9nek<br \/>\nMez\u0151 Orb\u00e1n \u2013 dobok<br \/>\nT\u0151zs\u00e9r J\u00f3zsef \u2013 billenty\u0171s hangszerek<\/p>\n<h3><strong>Tracklista<\/strong><\/h3>\n<p>1. Wordless Scriptum | Pregenesis 3:03<br \/>\n2. Wordless Scriptum | Genesis 3:30<br \/>\n3. Wordless Scriptum | Chaos and Order 3:52<br \/>\n4. Wordless Scriptum | A Kind of Joy 5:26<br \/>\n5. Wordless Scriptum | War and Peace 7:56<br \/>\n6. Feels like Feels 4:21<br \/>\n7. Spanish Romance 6:51<br \/>\n8. Incomplete farewell 6:05<br \/>\n9. Metamorphosis | Part 1 1:05<br \/>\n10. Metamorphosis | Part 2 9:01<br \/>\n11. Metamorphosis | Part 3 1:59<br \/>\n<strong>Bonus track <\/strong><br \/>\n12. Metamorphosis Parts 1-3 12:02<\/p>\n<\/div>\n<\/div>\n<p>[\/vc_column_text][vc_empty_space height=&#8221;20px&#8221;][\/vc_column][\/vc_row]<\/p>","protected":false},"excerpt":{"rendered":"<h2><strong>GR-173<\/strong><\/h2>\n<h3>Megjelen\u00e9s: 2024. \u00e1prilis 12.<\/h3>\n","protected":false},"featured_media":7189,"template":"","meta":[],"product_brand":[],"product_cat":[92],"product_tag":[],"class_list":{"0":"post-7188","1":"product","2":"type-product","3":"status-publish","4":"has-post-thumbnail","6":"product_cat-cd","7":"yith_product_brand-android","8":"col-12 col-sm-6 col-md-4","10":"first","11":"instock","12":"sale","13":"shipping-taxable","14":"purchasable","15":"product-type-simple"},"yoast_head":"<!-- This site is optimized with the Yoast SEO plugin v27.2 - https:\/\/yoast.com\/product\/yoast-seo-wordpress\/ -->\n<title>Android Wordless Scriptum (CD)<\/title>\n<meta name=\"description\" content=\"Az Android egy\u00fcttes leg\u00fajabb CD-je eddig hanghordoz\u00f3ra nem ker\u00fclt sz\u00e1mokat tartalmaz.\u00a0Wordless Scriptum egy zen\u00e9ben kifejezett \u00f6tt\u00e9teles fejl\u0151d\u00e9st\u00f6rt\u00e9net, a sz\u00fclet\u00e9s el\u0151tti \u00e1llapott\u00f3l a kiteljesed\u00e9sig, mely nagyon sok szinten (az egy\u00e9nt\u0151l az univerzumig) \u00e9rtelmezhet\u0151.\" \/>\n<meta name=\"robots\" content=\"index, follow, max-snippet:-1, max-image-preview:large, max-video-preview:-1\" \/>\n<link rel=\"canonical\" href=\"https:\/\/gr1993records.com\/index.php\/product\/androidwordless-scriptumcd\/\" \/>\n<meta property=\"og:locale\" content=\"hu_HU\" \/>\n<meta property=\"og:type\" content=\"article\" \/>\n<meta property=\"og:title\" content=\"[:hu]Android Wordless Scriptum (CD) [:]\" \/>\n<meta property=\"og:description\" content=\"{:hu}Az Android egy\u00fcttes leg\u00fajabb CD-je eddig hanghordoz\u00f3ra nem ker\u00fclt sz\u00e1mokat tartalmaz.\u00a0Wordless Scriptum egy zen\u00e9ben kifejezett \u00f6tt\u00e9teles fejl\u0151d\u00e9st\u00f6rt\u00e9net, a sz\u00fclet\u00e9s el\u0151tti \u00e1llapott\u00f3l a kiteljesed\u00e9sig, mely nagyon sok szinten (az egy\u00e9nt\u0151l az univerzumig) \u00e9rtelmezhet\u0151.{:}\" \/>\n<meta property=\"og:url\" content=\"https:\/\/gr1993records.com\/index.php\/product\/androidwordless-scriptumcd\/\" \/>\n<meta property=\"og:site_name\" content=\"GR1993 Records\" \/>\n<meta property=\"article:publisher\" content=\"https:\/\/www.facebook.com\/GR1993Records-113564886691383\/\" \/>\n<meta property=\"article:modified_time\" content=\"2026-04-02T11:37:56+00:00\" \/>\n<meta property=\"og:image\" content=\"https:\/\/gr1993records.com\/wp-content\/uploads\/2024\/04\/Android_Wordless_Scriptum_CD_FRONT_1.jpg\" \/>\n\t<meta property=\"og:image:width\" content=\"2017\" \/>\n\t<meta property=\"og:image:height\" content=\"2000\" \/>\n\t<meta property=\"og:image:type\" content=\"image\/jpeg\" \/>\n<meta name=\"twitter:card\" content=\"summary_large_image\" \/>\n<meta name=\"twitter:label1\" content=\"Becs\u00fclt olvas\u00e1si id\u0151\" \/>\n\t<meta name=\"twitter:data1\" content=\"2 perc\" \/>\n<script type=\"application\/ld+json\" class=\"yoast-schema-graph\">{\"@context\":\"https:\/\/schema.org\",\"@graph\":[{\"@type\":\"WebPage\",\"@id\":\"https:\/\/gr1993records.com\/index.php\/product\/androidwordless-scriptumcd\/\",\"url\":\"https:\/\/gr1993records.com\/index.php\/product\/androidwordless-scriptumcd\/\",\"name\":\"[:hu]Android Wordless Scriptum (CD) [:]\",\"isPartOf\":{\"@id\":\"https:\/\/gr1993records.com\/#website\"},\"primaryImageOfPage\":{\"@id\":\"https:\/\/gr1993records.com\/index.php\/product\/androidwordless-scriptumcd\/#primaryimage\"},\"image\":{\"@id\":\"https:\/\/gr1993records.com\/index.php\/product\/androidwordless-scriptumcd\/#primaryimage\"},\"thumbnailUrl\":\"https:\/\/gr1993records.com\/wp-content\/uploads\/2024\/04\/Android_Wordless_Scriptum_CD_FRONT_1.jpg\",\"datePublished\":\"2024-04-02T10:23:00+00:00\",\"dateModified\":\"2026-04-02T11:37:56+00:00\",\"description\":\"{:hu}Az Android egy\u00fcttes leg\u00fajabb CD-je eddig hanghordoz\u00f3ra nem ker\u00fclt sz\u00e1mokat tartalmaz.\u00a0Wordless Scriptum egy zen\u00e9ben kifejezett \u00f6tt\u00e9teles fejl\u0151d\u00e9st\u00f6rt\u00e9net, a sz\u00fclet\u00e9s el\u0151tti \u00e1llapott\u00f3l a kiteljesed\u00e9sig, mely nagyon sok szinten (az egy\u00e9nt\u0151l az univerzumig) \u00e9rtelmezhet\u0151.{:}\",\"breadcrumb\":{\"@id\":\"https:\/\/gr1993records.com\/index.php\/product\/androidwordless-scriptumcd\/#breadcrumb\"},\"inLanguage\":\"hu\",\"potentialAction\":[{\"@type\":\"ReadAction\",\"target\":[\"https:\/\/gr1993records.com\/index.php\/product\/androidwordless-scriptumcd\/\"]}]},{\"@type\":\"ImageObject\",\"inLanguage\":\"hu\",\"@id\":\"https:\/\/gr1993records.com\/index.php\/product\/androidwordless-scriptumcd\/#primaryimage\",\"url\":\"https:\/\/gr1993records.com\/wp-content\/uploads\/2024\/04\/Android_Wordless_Scriptum_CD_FRONT_1.jpg\",\"contentUrl\":\"https:\/\/gr1993records.com\/wp-content\/uploads\/2024\/04\/Android_Wordless_Scriptum_CD_FRONT_1.jpg\",\"width\":2017,\"height\":2000},{\"@type\":\"BreadcrumbList\",\"@id\":\"https:\/\/gr1993records.com\/index.php\/product\/androidwordless-scriptumcd\/#breadcrumb\",\"itemListElement\":[{\"@type\":\"ListItem\",\"position\":1,\"name\":\"Home\",\"item\":\"https:\/\/gr1993records.com\/\"},{\"@type\":\"ListItem\",\"position\":2,\"name\":\"Kiadv\u00e1nyok\",\"item\":\"https:\/\/gr1993records.com\/index.php\/shop\/\"},{\"@type\":\"ListItem\",\"position\":3,\"name\":\"Android Wordless Scriptum (CD)\"}]},{\"@type\":\"WebSite\",\"@id\":\"https:\/\/gr1993records.com\/#website\",\"url\":\"https:\/\/gr1993records.com\/\",\"name\":\"GR1993 Records\",\"description\":\"\",\"publisher\":{\"@id\":\"https:\/\/gr1993records.com\/#organization\"},\"potentialAction\":[{\"@type\":\"SearchAction\",\"target\":{\"@type\":\"EntryPoint\",\"urlTemplate\":\"https:\/\/gr1993records.com\/?s={search_term_string}\"},\"query-input\":{\"@type\":\"PropertyValueSpecification\",\"valueRequired\":true,\"valueName\":\"search_term_string\"}}],\"inLanguage\":\"hu\"},{\"@type\":\"Organization\",\"@id\":\"https:\/\/gr1993records.com\/#organization\",\"name\":\"Gramy-H Ltd.\",\"url\":\"https:\/\/gr1993records.com\/\",\"logo\":{\"@type\":\"ImageObject\",\"inLanguage\":\"hu\",\"@id\":\"https:\/\/gr1993records.com\/#\/schema\/logo\/image\/\",\"url\":\"https:\/\/gr1993records.com\/wp-content\/uploads\/2019\/08\/GR1993_Records_logo_CC.png\",\"contentUrl\":\"https:\/\/gr1993records.com\/wp-content\/uploads\/2019\/08\/GR1993_Records_logo_CC.png\",\"width\":2900,\"height\":2001,\"caption\":\"Gramy-H Ltd.\"},\"image\":{\"@id\":\"https:\/\/gr1993records.com\/#\/schema\/logo\/image\/\"},\"sameAs\":[\"https:\/\/www.facebook.com\/GR1993Records-113564886691383\/\"]}]}<\/script>\n<!-- \/ Yoast SEO plugin. -->","yoast_head_json":{"title":"Android Wordless Scriptum (CD)","description":"Az Android egy\u00fcttes leg\u00fajabb CD-je eddig hanghordoz\u00f3ra nem ker\u00fclt sz\u00e1mokat tartalmaz.\u00a0Wordless Scriptum egy zen\u00e9ben kifejezett \u00f6tt\u00e9teles fejl\u0151d\u00e9st\u00f6rt\u00e9net, a sz\u00fclet\u00e9s el\u0151tti \u00e1llapott\u00f3l a kiteljesed\u00e9sig, mely nagyon sok szinten (az egy\u00e9nt\u0151l az univerzumig) \u00e9rtelmezhet\u0151.","robots":{"index":"index","follow":"follow","max-snippet":"max-snippet:-1","max-image-preview":"max-image-preview:large","max-video-preview":"max-video-preview:-1"},"canonical":"https:\/\/gr1993records.com\/index.php\/product\/androidwordless-scriptumcd\/","og_locale":"hu_HU","og_type":"article","og_title":"[:hu]Android Wordless Scriptum (CD) [:]","og_description":"{:hu}Az Android egy\u00fcttes leg\u00fajabb CD-je eddig hanghordoz\u00f3ra nem ker\u00fclt sz\u00e1mokat tartalmaz.\u00a0Wordless Scriptum egy zen\u00e9ben kifejezett \u00f6tt\u00e9teles fejl\u0151d\u00e9st\u00f6rt\u00e9net, a sz\u00fclet\u00e9s el\u0151tti \u00e1llapott\u00f3l a kiteljesed\u00e9sig, mely nagyon sok szinten (az egy\u00e9nt\u0151l az univerzumig) \u00e9rtelmezhet\u0151.{:}","og_url":"https:\/\/gr1993records.com\/index.php\/product\/androidwordless-scriptumcd\/","og_site_name":"GR1993 Records","article_publisher":"https:\/\/www.facebook.com\/GR1993Records-113564886691383\/","article_modified_time":"2026-04-02T11:37:56+00:00","og_image":[{"width":2017,"height":2000,"url":"https:\/\/gr1993records.com\/wp-content\/uploads\/2024\/04\/Android_Wordless_Scriptum_CD_FRONT_1.jpg","type":"image\/jpeg"}],"twitter_card":"summary_large_image","twitter_misc":{"Becs\u00fclt olvas\u00e1si id\u0151":"2 perc"},"schema":{"@context":"https:\/\/schema.org","@graph":[{"@type":"WebPage","@id":"https:\/\/gr1993records.com\/index.php\/product\/androidwordless-scriptumcd\/","url":"https:\/\/gr1993records.com\/index.php\/product\/androidwordless-scriptumcd\/","name":"[:hu]Android Wordless Scriptum (CD) [:]","isPartOf":{"@id":"https:\/\/gr1993records.com\/#website"},"primaryImageOfPage":{"@id":"https:\/\/gr1993records.com\/index.php\/product\/androidwordless-scriptumcd\/#primaryimage"},"image":{"@id":"https:\/\/gr1993records.com\/index.php\/product\/androidwordless-scriptumcd\/#primaryimage"},"thumbnailUrl":"https:\/\/gr1993records.com\/wp-content\/uploads\/2024\/04\/Android_Wordless_Scriptum_CD_FRONT_1.jpg","datePublished":"2024-04-02T10:23:00+00:00","dateModified":"2026-04-02T11:37:56+00:00","description":"{:hu}Az Android egy\u00fcttes leg\u00fajabb CD-je eddig hanghordoz\u00f3ra nem ker\u00fclt sz\u00e1mokat tartalmaz.\u00a0Wordless Scriptum egy zen\u00e9ben kifejezett \u00f6tt\u00e9teles fejl\u0151d\u00e9st\u00f6rt\u00e9net, a sz\u00fclet\u00e9s el\u0151tti \u00e1llapott\u00f3l a kiteljesed\u00e9sig, mely nagyon sok szinten (az egy\u00e9nt\u0151l az univerzumig) \u00e9rtelmezhet\u0151.{:}","breadcrumb":{"@id":"https:\/\/gr1993records.com\/index.php\/product\/androidwordless-scriptumcd\/#breadcrumb"},"inLanguage":"hu","potentialAction":[{"@type":"ReadAction","target":["https:\/\/gr1993records.com\/index.php\/product\/androidwordless-scriptumcd\/"]}]},{"@type":"ImageObject","inLanguage":"hu","@id":"https:\/\/gr1993records.com\/index.php\/product\/androidwordless-scriptumcd\/#primaryimage","url":"https:\/\/gr1993records.com\/wp-content\/uploads\/2024\/04\/Android_Wordless_Scriptum_CD_FRONT_1.jpg","contentUrl":"https:\/\/gr1993records.com\/wp-content\/uploads\/2024\/04\/Android_Wordless_Scriptum_CD_FRONT_1.jpg","width":2017,"height":2000},{"@type":"BreadcrumbList","@id":"https:\/\/gr1993records.com\/index.php\/product\/androidwordless-scriptumcd\/#breadcrumb","itemListElement":[{"@type":"ListItem","position":1,"name":"Home","item":"https:\/\/gr1993records.com\/"},{"@type":"ListItem","position":2,"name":"Kiadv\u00e1nyok","item":"https:\/\/gr1993records.com\/index.php\/shop\/"},{"@type":"ListItem","position":3,"name":"Android Wordless Scriptum (CD)"}]},{"@type":"WebSite","@id":"https:\/\/gr1993records.com\/#website","url":"https:\/\/gr1993records.com\/","name":"GR1993 Records","description":"","publisher":{"@id":"https:\/\/gr1993records.com\/#organization"},"potentialAction":[{"@type":"SearchAction","target":{"@type":"EntryPoint","urlTemplate":"https:\/\/gr1993records.com\/?s={search_term_string}"},"query-input":{"@type":"PropertyValueSpecification","valueRequired":true,"valueName":"search_term_string"}}],"inLanguage":"hu"},{"@type":"Organization","@id":"https:\/\/gr1993records.com\/#organization","name":"Gramy-H Ltd.","url":"https:\/\/gr1993records.com\/","logo":{"@type":"ImageObject","inLanguage":"hu","@id":"https:\/\/gr1993records.com\/#\/schema\/logo\/image\/","url":"https:\/\/gr1993records.com\/wp-content\/uploads\/2019\/08\/GR1993_Records_logo_CC.png","contentUrl":"https:\/\/gr1993records.com\/wp-content\/uploads\/2019\/08\/GR1993_Records_logo_CC.png","width":2900,"height":2001,"caption":"Gramy-H Ltd."},"image":{"@id":"https:\/\/gr1993records.com\/#\/schema\/logo\/image\/"},"sameAs":["https:\/\/www.facebook.com\/GR1993Records-113564886691383\/"]}]}},"jetpack_sharing_enabled":true,"_links":{"self":[{"href":"https:\/\/gr1993records.com\/index.php\/wp-json\/wp\/v2\/product\/7188","targetHints":{"allow":["GET"]}}],"collection":[{"href":"https:\/\/gr1993records.com\/index.php\/wp-json\/wp\/v2\/product"}],"about":[{"href":"https:\/\/gr1993records.com\/index.php\/wp-json\/wp\/v2\/types\/product"}],"wp:featuredmedia":[{"embeddable":true,"href":"https:\/\/gr1993records.com\/index.php\/wp-json\/wp\/v2\/media\/7189"}],"wp:attachment":[{"href":"https:\/\/gr1993records.com\/index.php\/wp-json\/wp\/v2\/media?parent=7188"}],"wp:term":[{"taxonomy":"product_brand","embeddable":true,"href":"https:\/\/gr1993records.com\/index.php\/wp-json\/wp\/v2\/product_brand?post=7188"},{"taxonomy":"product_cat","embeddable":true,"href":"https:\/\/gr1993records.com\/index.php\/wp-json\/wp\/v2\/product_cat?post=7188"},{"taxonomy":"product_tag","embeddable":true,"href":"https:\/\/gr1993records.com\/index.php\/wp-json\/wp\/v2\/product_tag?post=7188"}],"curies":[{"name":"wp","href":"https:\/\/api.w.org\/{rel}","templated":true}]}}