{"id":7121,"date":"2024-02-06T11:56:07","date_gmt":"2024-02-06T10:56:07","guid":{"rendered":"https:\/\/gr1993records.com\/?post_type=product&#038;p=7121"},"modified":"2026-03-31T10:02:13","modified_gmt":"2026-03-31T08:02:13","slug":"special-efx-return-to-budapest-with-love-cd","status":"publish","type":"product","link":"https:\/\/gr1993records.com\/product\/special-efx-return-to-budapest-with-love-cd\/","title":{"rendered":"Special EFX <br\/>Return to Budapest with Love <br\/>CD"},"content":{"rendered":"<p>[vc_row][vc_column][vc_column_text]<\/p>\n<h3 style=\"text-align: center;\">\u201cReturn to Budapest, with Love\u201d \u2013 Special EFX<\/h3>\n<p>A Special EFX (Chieli Minucci \u00e9s George Jinda) az akkor m\u00e9g csak n\u00e9h\u00e1ny \u00e9ves zenekark\u00e9nt 2 alkalommal is fell\u00e9pett budapesti Pet\u0151fi Csarnokban a kilencvenes \u00e9vek elej\u00e9n. Magyark\u00e9nt k\u00fcl\u00f6n\u00f6sen jelent\u0151s koncertek voltak ezek George Jinda, azaz Jinda Gy\u00f6rgy sz\u00e1m\u00e1ra, hiszen Magyarorsz\u00e1gon sz\u00fcletett \u00e9s csak feln\u0151ttk\u00e9nt v\u00e1ndorolt ki az Egyes\u00fclt \u00c1llamokba. Szakcsi Lakatos B\u00e9la ekkor l\u00e9pett fel el\u0151sz\u00f6r a zenekarral. \u00cdgy ez az el\u0151ad\u00e1s ez\u00e9rt is eml\u00e9kezetes. A Special EFX m\u0171v\u00e9szi ir\u00e1nyvonal\u00e1nak szellem\u00e9ben a kompoz\u00edci\u00f3k nagy r\u00e9sze improviz\u00e1ci\u00f3 volt, k\u00fcl\u00f6n\u00f6sen a Chieli \u00e9s George duett felv\u00e9telei. A telth\u00e1zas k\u00f6z\u00f6ns\u00e9g sokkal jobban fogadta a koncerteket, mint amit a zenekar rem\u00e9lt. Sajnos nincs George \u00e9s Szakcsi sincs m\u00e1r k\u00f6zt\u00fcnk, de eml\u00e9k\u00fck itt \u00e9l, j\u00e1t\u00e9kukat hallgatva.<\/p>\n<p><em><strong>Chieli Minucci<\/strong><\/em> git\u00e1ros, zeneszerz\u0151, producer \u00e9s hangszerel\u0151 tov\u00e1bbra is viszi a zenekar f\u00e1kly\u00e1j\u00e1t, \u00e9s m\u00e9g mindig a <strong>Special EFX<\/strong> vezet\u0151je. A Grammy-d\u00edjra jel\u00f6lt jazz\/f\u00fazi\u00f3s zenekar a jazz \u00e9s a vil\u00e1gzenei szc\u00e9na egyik meghat\u00e1roz\u00f3 egy\u00fcttese m\u00e1r 40 \u00e9ve.<\/p>\n<p>Chieli nem csak zeneszerz\u0151k\u00e9nt \u00e9s zenekar vezet\u0151k\u00e9nt ismert, hiszen sz\u00e1mos kiv\u00e1l\u00f3 el\u0151ad\u00f3nak k\u00e9sz\u00edtett felv\u00e9telt \u00e9s l\u00e9pett fel vel\u00fck egy\u00fctt. A teljess\u00e9g ig\u00e9ny n\u00e9lk\u00fcl Celine Dion, Lou Reed, Lionel Richie, Jennifer Lopez, Jewel, Mark Anthony, Michael Bolton, Rupert Holmes, Eartha Kitt, Eddie Fisher, Anastasia, Whalum, Maysa, Jeff Lorber, Norman Brown, Bernie Williams, Marion Meadows, Lao Tizer, Mindi Abair, Rick Braun, Gerald Veasley, Omar Hakim \u00e9s m\u00e9g sokan m\u00e1sok \u00e9lvezhett\u00e9k a j\u00e1t\u00e9k\u00e1t lemezeiken \u00e9s koncertjeiken. Chieli a k\u00f6zelm\u00faltban csatlakozott Budapesten a legend\u00e1s magyar rock-jazz m\u0171v\u00e9szekhez, a Djabe-hoz \u00e9s r\u00e9szt vesz a 2024-es eur\u00f3pai turn\u00e9jukon is.<\/p>\n<p>Chieli nemcsak a jazz \u00e9s pop vil\u00e1g\u00e1ban \u00e9rzi mag\u00e1t otthon, de tehets\u00e9ges telev\u00edzi\u00f3s- \u00e9s filmzeneszerz\u0151 is. 10-szer jel\u00f6lt\u00e9k Emmy-d\u00edjra, melyb\u0151l 3 meg is nyert zeneszerz\u0151i munk\u00e1j\u00e1\u00e9rt. Fimzen\u00e9i a <em>No Country for Old Men, a Bowfinger, a Legally Blonde, a Panic<\/em> \u00e9s m\u00e1s ismert alkot\u00e1sokban is hallhat\u00f3ak. Chieli kompoz\u00edci\u00f3i elhangzanak a <em>P\u00e1n P\u00e9ter, a Dora a felfedez\u0151, a Thomas a g\u0151zmozdony<\/em> \u00e9s m\u00e1s \u00e9l\u0151 sz\u00ednpadi produkci\u00f3kban.[\/vc_column_text][vc_empty_space height=&#8221;30px&#8221;][vc_single_image image=&#8221;7125&#8243; img_size=&#8221;full&#8221; alignment=&#8221;center&#8221;][vc_empty_space height=&#8221;30px&#8221;][vc_column_text]<\/p>\n<h3 style=\"text-align: center;\"><strong>Tracklista<\/strong><\/h3>\n<p>[\/vc_column_text][\/vc_column][\/vc_row][vc_row][vc_column][vc_column_text]<\/p>\n<p style=\"text-align: center;\">1. Looking for Seventh Heaven (07:22)<br \/>\n2. Slice of Life &#8211; Timeless Mood (04:07)<br \/>\n3. Forever (04:48)<br \/>\n4. Chance Encounter (06:54)<br \/>\n5. The Toy Shop (05:08)<br \/>\n6. Sabariah (06:31)<br \/>\n7. Nature Boy Pt. 1 &amp; 2 (10:36)<br \/>\n8. Uptown East (03:24)<br \/>\n9. Festival (07:17)<br \/>\n10. Sambuca Nights (09:52)<\/p>\n<p>[\/vc_column_text][vc_single_image image=&#8221;7126&#8243; img_size=&#8221;full&#8221; alignment=&#8221;center&#8221;][\/vc_column][\/vc_row][vc_row][vc_column][vc_column_text]<\/p>\n<h4 style=\"text-align: center;\"><strong>K\u00f6zrem\u0171k\u00f6d\u0151k:<\/strong><\/h4>\n<p style=\"text-align: center;\"><b>Chieli Minucci<\/b> \u2013 electric &amp; acoustic guitars<b><br \/>\nGeorge Jinda<\/b> \u2013 percussion, African talking drum, shakers, caxixi, tuned temple blocks, energy chime, crotales<b><br \/>\nB\u00e9la Szakcsi Lakatos<\/b> \u2013 acoustic grand piano, keyboards<b><br \/>\nLionel Cordew<\/b> \u2013 drums<b><br \/>\nGerald Veasley<\/b> \u2013 bass<b><br \/>\n<\/b><\/p>\n<p>[\/vc_column_text][vc_single_image image=&#8221;7128&#8243; img_size=&#8221;full&#8221; alignment=&#8221;center&#8221;][\/vc_column][\/vc_row][vc_row][vc_column][vc_video link=&#8221;https:\/\/www.youtube.com\/watch?v=PS2CAIBOAwk&#8221;][\/vc_column][\/vc_row][vc_row content_placement=&#8221;middle&#8221;][vc_column width=&#8221;1\/3&#8243;][vc_btn title=&#8221;Hivatalos Chieli Minucci website&#8221; color=&#8221;info&#8221; align=&#8221;center&#8221; i_icon_fontawesome=&#8221;fa fa-external-link&#8221; add_icon=&#8221;true&#8221; link=&#8221;url:https%3A%2F%2Fchielimusic.com||target:%20_blank|&#8221;][\/vc_column][vc_column width=&#8221;1\/3&#8243;][vc_btn title=&#8221;International Movie Database&#8221; color=&#8221;info&#8221; align=&#8221;center&#8221; i_icon_fontawesome=&#8221;fa fa-external-link&#8221; add_icon=&#8221;true&#8221; link=&#8221;url:http%3A%2F%2Fwww.imdb.com%2Fname%2Fnm1474265||target:%20_blank|&#8221;][\/vc_column][vc_column width=&#8221;1\/3&#8243;][vc_btn title=&#8221;Wikipedia&#8221; color=&#8221;info&#8221; align=&#8221;center&#8221; i_icon_fontawesome=&#8221;fa fa-external-link&#8221; add_icon=&#8221;true&#8221; link=&#8221;url:https%3A%2F%2Fen.wikipedia.org%2Fwiki%2FChieli_Minucci||target:%20_blank|&#8221;][\/vc_column][\/vc_row][vc_row][vc_column][vc_empty_space height=&#8221;30px&#8221;][vc_single_image image=&#8221;7127&#8243; img_size=&#8221;full&#8221; alignment=&#8221;center&#8221;][\/vc_column][\/vc_row]<\/p>","protected":false},"excerpt":{"rendered":"<h3><strong>Megjelen\u00e9s: 2024. m\u00e1rcius 8.<\/strong><\/h3>\n","protected":false},"featured_media":7122,"template":"","meta":[],"product_brand":[],"product_cat":[92],"product_tag":[],"class_list":{"0":"post-7121","1":"product","2":"type-product","3":"status-publish","4":"has-post-thumbnail","6":"product_cat-cd","7":"yith_product_brand-special-efx-featuring-chieli-minucci","8":"col-12 col-sm-6 col-md-4","10":"first","11":"instock","12":"featured","13":"shipping-taxable","14":"purchasable","15":"product-type-simple"},"yoast_head":"<!-- This site is optimized with the Yoast SEO plugin v27.5 - https:\/\/yoast.com\/product\/yoast-seo-wordpress\/ -->\n<title>Special EFX Return to Budapest with Love CD &#8211; GR1993 Records<\/title>\n<meta name=\"description\" content=\"A Special EFX (Chieli Minucci \u00e9s George Jinda) az akkor m\u00e9g csak n\u00e9h\u00e1ny \u00e9ves zenekark\u00e9nt 2 alkalommal is fell\u00e9pett budapesti Pet\u0151fi Csarnokban a kilencvenes \u00e9vek elej\u00e9n. Magyark\u00e9nt k\u00fcl\u00f6n\u00f6sen jelent\u0151s koncertek voltak ezek George Jinda, azaz Jinda Gy\u00f6rgy sz\u00e1m\u00e1ra, hiszen Magyarorsz\u00e1gon sz\u00fcletett \u00e9s csak feln\u0151ttk\u00e9nt v\u00e1ndorolt ki az Egyes\u00fclt \u00c1llamokba. Szakcsi Lakatos B\u00e9la ekkor l\u00e9pett fel el\u0151sz\u00f6r a zenekarral. \u00cdgy ez az el\u0151ad\u00e1s ez\u00e9rt is eml\u00e9kezetes. A Special EFX m\u0171v\u00e9szi ir\u00e1nyvonal\u00e1nak szellem\u00e9ben a kompoz\u00edci\u00f3k nagy r\u00e9sze improviz\u00e1ci\u00f3 volt, k\u00fcl\u00f6n\u00f6sen a Chieli \u00e9s George duett felv\u00e9telei. A telth\u00e1zas k\u00f6z\u00f6ns\u00e9g sokkal jobban fogadta a koncerteket, mint amit a zenekar rem\u00e9lt. Sajnos nincs George \u00e9s Szakcsi sincs m\u00e1r k\u00f6zt\u00fcnk, de eml\u00e9k\u00fck itt \u00e9l, j\u00e1t\u00e9kukat hallgatva.\" \/>\n<meta name=\"robots\" content=\"index, follow, max-snippet:-1, max-image-preview:large, max-video-preview:-1\" \/>\n<link rel=\"canonical\" href=\"https:\/\/gr1993records.com\/product\/special-efx-return-to-budapest-with-love-cd\/\" \/>\n<meta property=\"og:locale\" content=\"hu_HU\" \/>\n<meta property=\"og:type\" content=\"article\" \/>\n<meta property=\"og:title\" content=\"Special EFX Return to Budapest with Love CD &#8211; GR1993 Records\" \/>\n<meta property=\"og:description\" content=\"A Special EFX (Chieli Minucci \u00e9s George Jinda) az akkor m\u00e9g csak n\u00e9h\u00e1ny \u00e9ves zenekark\u00e9nt 2 alkalommal is fell\u00e9pett budapesti Pet\u0151fi Csarnokban a kilencvenes \u00e9vek elej\u00e9n. Magyark\u00e9nt k\u00fcl\u00f6n\u00f6sen jelent\u0151s koncertek voltak ezek George Jinda, azaz Jinda Gy\u00f6rgy sz\u00e1m\u00e1ra, hiszen Magyarorsz\u00e1gon sz\u00fcletett \u00e9s csak feln\u0151ttk\u00e9nt v\u00e1ndorolt ki az Egyes\u00fclt \u00c1llamokba. Szakcsi Lakatos B\u00e9la ekkor l\u00e9pett fel el\u0151sz\u00f6r a zenekarral. \u00cdgy ez az el\u0151ad\u00e1s ez\u00e9rt is eml\u00e9kezetes. A Special EFX m\u0171v\u00e9szi ir\u00e1nyvonal\u00e1nak szellem\u00e9ben a kompoz\u00edci\u00f3k nagy r\u00e9sze improviz\u00e1ci\u00f3 volt, k\u00fcl\u00f6n\u00f6sen a Chieli \u00e9s George duett felv\u00e9telei. A telth\u00e1zas k\u00f6z\u00f6ns\u00e9g sokkal jobban fogadta a koncerteket, mint amit a zenekar rem\u00e9lt. Sajnos nincs George \u00e9s Szakcsi sincs m\u00e1r k\u00f6zt\u00fcnk, de eml\u00e9k\u00fck itt \u00e9l, j\u00e1t\u00e9kukat hallgatva.\" \/>\n<meta property=\"og:url\" content=\"https:\/\/gr1993records.com\/product\/special-efx-return-to-budapest-with-love-cd\/\" \/>\n<meta property=\"og:site_name\" content=\"GR1993 Records\" \/>\n<meta property=\"article:publisher\" content=\"https:\/\/www.facebook.com\/GR1993Records-113564886691383\/\" \/>\n<meta property=\"article:modified_time\" content=\"2026-03-31T08:02:13+00:00\" \/>\n<meta property=\"og:image\" content=\"https:\/\/gr1993records.com\/wp-content\/uploads\/2024\/02\/Special_EFX_Return_to_Budapest_with_Love_CD_Mock-up_v1_2.jpg\" \/>\n\t<meta property=\"og:image:width\" content=\"2000\" \/>\n\t<meta property=\"og:image:height\" content=\"2000\" \/>\n\t<meta property=\"og:image:type\" content=\"image\/jpeg\" \/>\n<meta name=\"twitter:card\" content=\"summary_large_image\" \/>\n<meta name=\"twitter:image\" content=\"https:\/\/gr1993records.com\/wp-content\/uploads\/2024\/02\/Special_EFX_Return_to_Budapest_with_Love_CD_Mock-up_v1_2.jpg\" \/>\n<meta name=\"twitter:label1\" content=\"Becs\u00fclt olvas\u00e1si id\u0151\" \/>\n\t<meta name=\"twitter:data1\" content=\"3 perc\" \/>\n<script type=\"application\/ld+json\" class=\"yoast-schema-graph\">{\"@context\":\"https:\\\/\\\/schema.org\",\"@graph\":[{\"@type\":\"WebPage\",\"@id\":\"https:\\\/\\\/gr1993records.com\\\/product\\\/special-efx-return-to-budapest-with-love-cd\\\/\",\"url\":\"https:\\\/\\\/gr1993records.com\\\/product\\\/special-efx-return-to-budapest-with-love-cd\\\/\",\"name\":\"Special EFX Return to Budapest with Love CD &#8211; GR1993 Records\",\"isPartOf\":{\"@id\":\"https:\\\/\\\/gr1993records.com\\\/#website\"},\"primaryImageOfPage\":{\"@id\":\"https:\\\/\\\/gr1993records.com\\\/product\\\/special-efx-return-to-budapest-with-love-cd\\\/#primaryimage\"},\"image\":{\"@id\":\"https:\\\/\\\/gr1993records.com\\\/product\\\/special-efx-return-to-budapest-with-love-cd\\\/#primaryimage\"},\"thumbnailUrl\":\"https:\\\/\\\/gr1993records.com\\\/wp-content\\\/uploads\\\/2024\\\/02\\\/Special_EFX_Return_to_Budapest_with_Love_CD_cover_FRONT_1.jpg\",\"datePublished\":\"2024-02-06T10:56:07+00:00\",\"dateModified\":\"2026-03-31T08:02:13+00:00\",\"description\":\"A Special EFX (Chieli Minucci \u00e9s George Jinda) az akkor m\u00e9g csak n\u00e9h\u00e1ny \u00e9ves zenekark\u00e9nt 2 alkalommal is fell\u00e9pett budapesti Pet\u0151fi Csarnokban a kilencvenes \u00e9vek elej\u00e9n. Magyark\u00e9nt k\u00fcl\u00f6n\u00f6sen jelent\u0151s koncertek voltak ezek George Jinda, azaz Jinda Gy\u00f6rgy sz\u00e1m\u00e1ra, hiszen Magyarorsz\u00e1gon sz\u00fcletett \u00e9s csak feln\u0151ttk\u00e9nt v\u00e1ndorolt ki az Egyes\u00fclt \u00c1llamokba. Szakcsi Lakatos B\u00e9la ekkor l\u00e9pett fel el\u0151sz\u00f6r a zenekarral. \u00cdgy ez az el\u0151ad\u00e1s ez\u00e9rt is eml\u00e9kezetes. A Special EFX m\u0171v\u00e9szi ir\u00e1nyvonal\u00e1nak szellem\u00e9ben a kompoz\u00edci\u00f3k nagy r\u00e9sze improviz\u00e1ci\u00f3 volt, k\u00fcl\u00f6n\u00f6sen a Chieli \u00e9s George duett felv\u00e9telei. A telth\u00e1zas k\u00f6z\u00f6ns\u00e9g sokkal jobban fogadta a koncerteket, mint amit a zenekar rem\u00e9lt. Sajnos nincs George \u00e9s Szakcsi sincs m\u00e1r k\u00f6zt\u00fcnk, de eml\u00e9k\u00fck itt \u00e9l, j\u00e1t\u00e9kukat hallgatva.\",\"breadcrumb\":{\"@id\":\"https:\\\/\\\/gr1993records.com\\\/product\\\/special-efx-return-to-budapest-with-love-cd\\\/#breadcrumb\"},\"inLanguage\":\"hu\",\"potentialAction\":[{\"@type\":\"ReadAction\",\"target\":[\"https:\\\/\\\/gr1993records.com\\\/product\\\/special-efx-return-to-budapest-with-love-cd\\\/\"]}]},{\"@type\":\"ImageObject\",\"inLanguage\":\"hu\",\"@id\":\"https:\\\/\\\/gr1993records.com\\\/product\\\/special-efx-return-to-budapest-with-love-cd\\\/#primaryimage\",\"url\":\"https:\\\/\\\/gr1993records.com\\\/wp-content\\\/uploads\\\/2024\\\/02\\\/Special_EFX_Return_to_Budapest_with_Love_CD_cover_FRONT_1.jpg\",\"contentUrl\":\"https:\\\/\\\/gr1993records.com\\\/wp-content\\\/uploads\\\/2024\\\/02\\\/Special_EFX_Return_to_Budapest_with_Love_CD_cover_FRONT_1.jpg\",\"width\":1654,\"height\":1476},{\"@type\":\"BreadcrumbList\",\"@id\":\"https:\\\/\\\/gr1993records.com\\\/product\\\/special-efx-return-to-budapest-with-love-cd\\\/#breadcrumb\",\"itemListElement\":[{\"@type\":\"ListItem\",\"position\":1,\"name\":\"Home\",\"item\":\"https:\\\/\\\/gr1993records.com\\\/?lang=en\"},{\"@type\":\"ListItem\",\"position\":2,\"name\":\"Releases\",\"item\":\"https:\\\/\\\/gr1993records.com\\\/shop\\\/?lang=en\"},{\"@type\":\"ListItem\",\"position\":3,\"name\":\"Special EFX Return to Budapest with Love CD\"}]},{\"@type\":\"WebSite\",\"@id\":\"https:\\\/\\\/gr1993records.com\\\/#website\",\"url\":\"https:\\\/\\\/gr1993records.com\\\/\",\"name\":\"GR1993 Records\",\"description\":\"\",\"publisher\":{\"@id\":\"https:\\\/\\\/gr1993records.com\\\/#organization\"},\"potentialAction\":[{\"@type\":\"SearchAction\",\"target\":{\"@type\":\"EntryPoint\",\"urlTemplate\":\"https:\\\/\\\/gr1993records.com\\\/?s={search_term_string}\"},\"query-input\":{\"@type\":\"PropertyValueSpecification\",\"valueRequired\":true,\"valueName\":\"search_term_string\"}}],\"inLanguage\":\"hu\"},{\"@type\":\"Organization\",\"@id\":\"https:\\\/\\\/gr1993records.com\\\/#organization\",\"name\":\"Gramy-H Ltd.\",\"url\":\"https:\\\/\\\/gr1993records.com\\\/\",\"logo\":{\"@type\":\"ImageObject\",\"inLanguage\":\"hu\",\"@id\":\"https:\\\/\\\/gr1993records.com\\\/#\\\/schema\\\/logo\\\/image\\\/\",\"url\":\"https:\\\/\\\/gr1993records.com\\\/wp-content\\\/uploads\\\/2019\\\/08\\\/GR1993_Records_logo_CC.png\",\"contentUrl\":\"https:\\\/\\\/gr1993records.com\\\/wp-content\\\/uploads\\\/2019\\\/08\\\/GR1993_Records_logo_CC.png\",\"width\":2900,\"height\":2001,\"caption\":\"Gramy-H Ltd.\"},\"image\":{\"@id\":\"https:\\\/\\\/gr1993records.com\\\/#\\\/schema\\\/logo\\\/image\\\/\"},\"sameAs\":[\"https:\\\/\\\/www.facebook.com\\\/GR1993Records-113564886691383\\\/\"]}]}<\/script>\n<!-- \/ Yoast SEO plugin. -->","yoast_head_json":{"title":"Special EFX Return to Budapest with Love CD &#8211; GR1993 Records","description":"A Special EFX (Chieli Minucci \u00e9s George Jinda) az akkor m\u00e9g csak n\u00e9h\u00e1ny \u00e9ves zenekark\u00e9nt 2 alkalommal is fell\u00e9pett budapesti Pet\u0151fi Csarnokban a kilencvenes \u00e9vek elej\u00e9n. Magyark\u00e9nt k\u00fcl\u00f6n\u00f6sen jelent\u0151s koncertek voltak ezek George Jinda, azaz Jinda Gy\u00f6rgy sz\u00e1m\u00e1ra, hiszen Magyarorsz\u00e1gon sz\u00fcletett \u00e9s csak feln\u0151ttk\u00e9nt v\u00e1ndorolt ki az Egyes\u00fclt \u00c1llamokba. Szakcsi Lakatos B\u00e9la ekkor l\u00e9pett fel el\u0151sz\u00f6r a zenekarral. \u00cdgy ez az el\u0151ad\u00e1s ez\u00e9rt is eml\u00e9kezetes. A Special EFX m\u0171v\u00e9szi ir\u00e1nyvonal\u00e1nak szellem\u00e9ben a kompoz\u00edci\u00f3k nagy r\u00e9sze improviz\u00e1ci\u00f3 volt, k\u00fcl\u00f6n\u00f6sen a Chieli \u00e9s George duett felv\u00e9telei. A telth\u00e1zas k\u00f6z\u00f6ns\u00e9g sokkal jobban fogadta a koncerteket, mint amit a zenekar rem\u00e9lt. Sajnos nincs George \u00e9s Szakcsi sincs m\u00e1r k\u00f6zt\u00fcnk, de eml\u00e9k\u00fck itt \u00e9l, j\u00e1t\u00e9kukat hallgatva.","robots":{"index":"index","follow":"follow","max-snippet":"max-snippet:-1","max-image-preview":"max-image-preview:large","max-video-preview":"max-video-preview:-1"},"canonical":"https:\/\/gr1993records.com\/product\/special-efx-return-to-budapest-with-love-cd\/","og_locale":"hu_HU","og_type":"article","og_title":"Special EFX Return to Budapest with Love CD &#8211; GR1993 Records","og_description":"A Special EFX (Chieli Minucci \u00e9s George Jinda) az akkor m\u00e9g csak n\u00e9h\u00e1ny \u00e9ves zenekark\u00e9nt 2 alkalommal is fell\u00e9pett budapesti Pet\u0151fi Csarnokban a kilencvenes \u00e9vek elej\u00e9n. Magyark\u00e9nt k\u00fcl\u00f6n\u00f6sen jelent\u0151s koncertek voltak ezek George Jinda, azaz Jinda Gy\u00f6rgy sz\u00e1m\u00e1ra, hiszen Magyarorsz\u00e1gon sz\u00fcletett \u00e9s csak feln\u0151ttk\u00e9nt v\u00e1ndorolt ki az Egyes\u00fclt \u00c1llamokba. Szakcsi Lakatos B\u00e9la ekkor l\u00e9pett fel el\u0151sz\u00f6r a zenekarral. \u00cdgy ez az el\u0151ad\u00e1s ez\u00e9rt is eml\u00e9kezetes. A Special EFX m\u0171v\u00e9szi ir\u00e1nyvonal\u00e1nak szellem\u00e9ben a kompoz\u00edci\u00f3k nagy r\u00e9sze improviz\u00e1ci\u00f3 volt, k\u00fcl\u00f6n\u00f6sen a Chieli \u00e9s George duett felv\u00e9telei. A telth\u00e1zas k\u00f6z\u00f6ns\u00e9g sokkal jobban fogadta a koncerteket, mint amit a zenekar rem\u00e9lt. Sajnos nincs George \u00e9s Szakcsi sincs m\u00e1r k\u00f6zt\u00fcnk, de eml\u00e9k\u00fck itt \u00e9l, j\u00e1t\u00e9kukat hallgatva.","og_url":"https:\/\/gr1993records.com\/product\/special-efx-return-to-budapest-with-love-cd\/","og_site_name":"GR1993 Records","article_publisher":"https:\/\/www.facebook.com\/GR1993Records-113564886691383\/","article_modified_time":"2026-03-31T08:02:13+00:00","og_image":[{"width":2000,"height":2000,"url":"https:\/\/gr1993records.com\/wp-content\/uploads\/2024\/02\/Special_EFX_Return_to_Budapest_with_Love_CD_Mock-up_v1_2.jpg","type":"image\/jpeg"}],"twitter_card":"summary_large_image","twitter_image":"https:\/\/gr1993records.com\/wp-content\/uploads\/2024\/02\/Special_EFX_Return_to_Budapest_with_Love_CD_Mock-up_v1_2.jpg","twitter_misc":{"Becs\u00fclt olvas\u00e1si id\u0151":"3 perc"},"schema":{"@context":"https:\/\/schema.org","@graph":[{"@type":"WebPage","@id":"https:\/\/gr1993records.com\/product\/special-efx-return-to-budapest-with-love-cd\/","url":"https:\/\/gr1993records.com\/product\/special-efx-return-to-budapest-with-love-cd\/","name":"Special EFX Return to Budapest with Love CD &#8211; GR1993 Records","isPartOf":{"@id":"https:\/\/gr1993records.com\/#website"},"primaryImageOfPage":{"@id":"https:\/\/gr1993records.com\/product\/special-efx-return-to-budapest-with-love-cd\/#primaryimage"},"image":{"@id":"https:\/\/gr1993records.com\/product\/special-efx-return-to-budapest-with-love-cd\/#primaryimage"},"thumbnailUrl":"https:\/\/gr1993records.com\/wp-content\/uploads\/2024\/02\/Special_EFX_Return_to_Budapest_with_Love_CD_cover_FRONT_1.jpg","datePublished":"2024-02-06T10:56:07+00:00","dateModified":"2026-03-31T08:02:13+00:00","description":"A Special EFX (Chieli Minucci \u00e9s George Jinda) az akkor m\u00e9g csak n\u00e9h\u00e1ny \u00e9ves zenekark\u00e9nt 2 alkalommal is fell\u00e9pett budapesti Pet\u0151fi Csarnokban a kilencvenes \u00e9vek elej\u00e9n. Magyark\u00e9nt k\u00fcl\u00f6n\u00f6sen jelent\u0151s koncertek voltak ezek George Jinda, azaz Jinda Gy\u00f6rgy sz\u00e1m\u00e1ra, hiszen Magyarorsz\u00e1gon sz\u00fcletett \u00e9s csak feln\u0151ttk\u00e9nt v\u00e1ndorolt ki az Egyes\u00fclt \u00c1llamokba. Szakcsi Lakatos B\u00e9la ekkor l\u00e9pett fel el\u0151sz\u00f6r a zenekarral. \u00cdgy ez az el\u0151ad\u00e1s ez\u00e9rt is eml\u00e9kezetes. A Special EFX m\u0171v\u00e9szi ir\u00e1nyvonal\u00e1nak szellem\u00e9ben a kompoz\u00edci\u00f3k nagy r\u00e9sze improviz\u00e1ci\u00f3 volt, k\u00fcl\u00f6n\u00f6sen a Chieli \u00e9s George duett felv\u00e9telei. A telth\u00e1zas k\u00f6z\u00f6ns\u00e9g sokkal jobban fogadta a koncerteket, mint amit a zenekar rem\u00e9lt. Sajnos nincs George \u00e9s Szakcsi sincs m\u00e1r k\u00f6zt\u00fcnk, de eml\u00e9k\u00fck itt \u00e9l, j\u00e1t\u00e9kukat hallgatva.","breadcrumb":{"@id":"https:\/\/gr1993records.com\/product\/special-efx-return-to-budapest-with-love-cd\/#breadcrumb"},"inLanguage":"hu","potentialAction":[{"@type":"ReadAction","target":["https:\/\/gr1993records.com\/product\/special-efx-return-to-budapest-with-love-cd\/"]}]},{"@type":"ImageObject","inLanguage":"hu","@id":"https:\/\/gr1993records.com\/product\/special-efx-return-to-budapest-with-love-cd\/#primaryimage","url":"https:\/\/gr1993records.com\/wp-content\/uploads\/2024\/02\/Special_EFX_Return_to_Budapest_with_Love_CD_cover_FRONT_1.jpg","contentUrl":"https:\/\/gr1993records.com\/wp-content\/uploads\/2024\/02\/Special_EFX_Return_to_Budapest_with_Love_CD_cover_FRONT_1.jpg","width":1654,"height":1476},{"@type":"BreadcrumbList","@id":"https:\/\/gr1993records.com\/product\/special-efx-return-to-budapest-with-love-cd\/#breadcrumb","itemListElement":[{"@type":"ListItem","position":1,"name":"Home","item":"https:\/\/gr1993records.com\/?lang=en"},{"@type":"ListItem","position":2,"name":"Releases","item":"https:\/\/gr1993records.com\/shop\/?lang=en"},{"@type":"ListItem","position":3,"name":"Special EFX Return to Budapest with Love CD"}]},{"@type":"WebSite","@id":"https:\/\/gr1993records.com\/#website","url":"https:\/\/gr1993records.com\/","name":"GR1993 Records","description":"","publisher":{"@id":"https:\/\/gr1993records.com\/#organization"},"potentialAction":[{"@type":"SearchAction","target":{"@type":"EntryPoint","urlTemplate":"https:\/\/gr1993records.com\/?s={search_term_string}"},"query-input":{"@type":"PropertyValueSpecification","valueRequired":true,"valueName":"search_term_string"}}],"inLanguage":"hu"},{"@type":"Organization","@id":"https:\/\/gr1993records.com\/#organization","name":"Gramy-H Ltd.","url":"https:\/\/gr1993records.com\/","logo":{"@type":"ImageObject","inLanguage":"hu","@id":"https:\/\/gr1993records.com\/#\/schema\/logo\/image\/","url":"https:\/\/gr1993records.com\/wp-content\/uploads\/2019\/08\/GR1993_Records_logo_CC.png","contentUrl":"https:\/\/gr1993records.com\/wp-content\/uploads\/2019\/08\/GR1993_Records_logo_CC.png","width":2900,"height":2001,"caption":"Gramy-H Ltd."},"image":{"@id":"https:\/\/gr1993records.com\/#\/schema\/logo\/image\/"},"sameAs":["https:\/\/www.facebook.com\/GR1993Records-113564886691383\/"]}]}},"jetpack_sharing_enabled":true,"_links":{"self":[{"href":"https:\/\/gr1993records.com\/wp-json\/wp\/v2\/product\/7121","targetHints":{"allow":["GET"]}}],"collection":[{"href":"https:\/\/gr1993records.com\/wp-json\/wp\/v2\/product"}],"about":[{"href":"https:\/\/gr1993records.com\/wp-json\/wp\/v2\/types\/product"}],"wp:featuredmedia":[{"embeddable":true,"href":"https:\/\/gr1993records.com\/wp-json\/wp\/v2\/media\/7122"}],"wp:attachment":[{"href":"https:\/\/gr1993records.com\/wp-json\/wp\/v2\/media?parent=7121"}],"wp:term":[{"taxonomy":"product_brand","embeddable":true,"href":"https:\/\/gr1993records.com\/wp-json\/wp\/v2\/product_brand?post=7121"},{"taxonomy":"product_cat","embeddable":true,"href":"https:\/\/gr1993records.com\/wp-json\/wp\/v2\/product_cat?post=7121"},{"taxonomy":"product_tag","embeddable":true,"href":"https:\/\/gr1993records.com\/wp-json\/wp\/v2\/product_tag?post=7121"}],"curies":[{"name":"wp","href":"https:\/\/api.w.org\/{rel}","templated":true}]}}