{"id":7023,"date":"2009-01-01T14:53:19","date_gmt":"2009-01-01T13:53:19","guid":{"rendered":"https:\/\/gr1993records.com\/?post_type=product&#038;p=7023"},"modified":"2026-03-31T12:09:24","modified_gmt":"2026-03-31T10:09:24","slug":"kovacs-ferenc-my-roots-cd","status":"publish","type":"product","link":"https:\/\/gr1993records.com\/index.php\/product\/kovacs-ferenc-my-roots-cd\/","title":{"rendered":"Kov\u00e1cs Ferenc <br>My roots <br>CD"},"content":{"rendered":"<p>[vc_row][vc_column][vc_column_text]Kov\u00e1cs Ferenc (\u00d6csi) \u00faj albummal jelentkezett. Az elm\u00falt \u00e9vek legjobb koncertfelv\u00e9teleib\u0151l v\u00e1logatta \u00f6ssze az anyagot. A Magony von\u00f3sok 2004-es el\u0151ad\u00e1s\u00e1val kezd\u0151dik a CD, majd \u00e9szrev\u00e9tlen\u00fcl \u00e1t\u00faszunk a 2007-es debreceni Magony koncertbe, ahol a von\u00f3sok f\u00fav\u00f3ssal, \u00e9s dobbal eg\u00e9sz\u00fclnek ki. Az album utols\u00f3 r\u00e9sz\u00e9ben m\u00e1r a Grand Magony zenekart halljuk, ahol Kov\u00e1cs Ferenc zen\u00e9szt\u00e1rsainak legjava felvonul, Dresch Mih\u00e1ly, Balogh K\u00e1lm\u00e1n, Kov\u00e1cs Zolt\u00e1n, Banai Szil\u00e1rd \u00e9s Schreck Ferenc is a Magonyt er\u0151s\u00edti. Nagy\u00edv\u0171, lebilincsel\u0151 lemez, mely \u00f6sszefoglalja Kov\u00e1cs Ferenc eddigi sz\u00f3l\u00f3 munk\u00e1ss\u00e1g\u00e1t.<\/p>\n<p><strong>\u00c9gerh\u00e1zi Attila aj\u00e1nl\u00f3 sz\u00f6vege:<\/strong><br \/>\n\u201eKov\u00e1cs \u00d6csi egy \u201e\u00e9l\u0151\u201d zen\u00e9sz, akit legjobban koncertjein \u00e9rhet\u00fcnk tetten. \u00c9vek \u00f3ta \ufb01gyelem, csod\u00e1lom \u00e9s nagy szerencs\u00e9mre dolgozhatok is vele egy\u00fctt. Az \u0151 hangjainak meg kell sz\u00fcletnie, mert csak \u00edgy mondhatja el mindazt, amit hordoz mag\u00e1ban nek\u00fcnk. Az elm\u00falt \u00e9vek legjobb koncertfelv\u00e9teleib\u0151l szerkesztett\u00fck ezt az anyagot, mely annak ellen\u00e9re is egys\u00e9ges, hogy k\u00f6zben v\u00e1ltoztak a zen\u00e9szt\u00e1rsak. \u00d6csi h\u00fazza, viszi \u0151ket el\u0151re, de id\u0151nk\u00e9nt a t\u00f6bbiek kapj\u00e1k \u00f4t sz\u00e1rnyra. De elragadni m\u00e1r nem tudj\u00e1k, a gy\u00f6kerei ide k\u00f6tik \u0151t, napjainban egyszerre \u00e9li a m\u00faltat, a jelent \u00e9s mutatja a j\u00f6v\u0151t. Ezeket a k\u00fcl\u00f6nb\u00f6z\u0151 gy\u00f6kereket egyszerre fonja k\u00f6r\u00e9nk saj\u00e1tos egyedi zeneszerz\u00f4i \u00e9s el\u00f4ad\u00f3i st\u00edlus\u00e1val. Archie Shepp azt mondta r\u00f3la, hogy \u201e\u0150 a vil\u00e1g egyik legjobb heged\u0171se, aki k\u00f6zben \u00fagy trombit\u00e1l mint Miles Davis\u201d. Archie j\u00f3l jellemezte \u00d6csit, mind\u00f6ssze egyet hagyott ki, azt hogy Kov\u00e1cs Ferenc mindezt \u00fagy tudja, hogy k\u00f6zben a legjobb \u00e9retelemben vett magyar.\u201d[\/vc_column_text][vc_empty_space height=&#8221;30px&#8221;][vc_single_image image=&#8221;7019&#8243; img_size=&#8221;full&#8221; alignment=&#8221;center&#8221;][vc_column_text]<\/p>\n<h3 style=\"text-align: center;\"><strong>Tracklista<\/strong><\/h3>\n<p>[\/vc_column_text][\/vc_column][\/vc_row][vc_row][vc_column][vc_column_text]<\/p>\n<p style=\"text-align: center;\">1. Bevezet\u00e9s<br \/>\n2. Sziklarajzok<br \/>\n3. Leg\u00e9nyes<br \/>\n4. Groteszk<br \/>\n5. Cig\u00e1nyos<br \/>\n6. Somogyi \u00e1ld\u00e1sos<br \/>\n7. Medvet\u00e1nc<br \/>\n8. B\u00fajdosik az \u00e1rva mad\u00e1r<br \/>\n9. Ballada<\/p>\n<p>[\/vc_column_text][\/vc_column][\/vc_row][vc_row][vc_column][vc_column_text]<\/p>\n<h4 style=\"text-align: center;\"><strong>K\u00f6zrem\u0171k\u00f6d\u0151k:<\/strong><\/h4>\n<p style=\"text-align: center;\">Ferenc Kov\u00e1cs \u2013 heged\u0171, trombita, \u00e9nek (1-9)<br \/>\nS\u00e1ndor Budai &#8211; heged\u0171 (1-6)<br \/>\nK\u00e1lm\u00e1n Ol\u00e1h \u2013 heged\u0171 (1-4)<br \/>\nBe\u00e1ta Salamon \u2013 heged\u0171 (4)<br \/>\nCsaba Nov\u00e1k \u2013 b\u0151g\u0151 (1-6)<br \/>\nAntal Tab\u00e1nyi \u2013 heged\u0171 (5-6)<br \/>\nP\u00e9ter Bede &#8211; szaxofon, furulya (5-6)<br \/>\nSzil\u00e1rd Banai &#8211; dobok (5 -9)<br \/>\nMih\u00e1ly Dresch \u2013 szaxofon (6-9)<br \/>\nFerenc Schreck \u2013 poz\u00e1n (6-9)<br \/>\nZolt\u00e1n Kov\u00e1cs \u2013 zongora (6-9)<br \/>\nK\u00e1lm\u00e1n Balogh \u2013 cimbalom (6-9)<br \/>\nM\u00e1ty\u00e1s Szandai \u2013 b\u0151g\u0151 (6-9)<br \/>\nJeremy Barnes \u2013 \u00fct\u0151hangszerek (7)<\/p>\n<p>[\/vc_column_text][\/vc_column][\/vc_row]<\/p>","protected":false},"excerpt":{"rendered":"<p>[vc_row][vc_column][vc_column_text]Kov\u00e1cs Ferenc (\u00d6csi) \u00faj albummal jelentkezett. Az elm\u00falt \u00e9vek legjobb koncertfelv\u00e9teleib\u0151l v\u00e1logatta \u00f6ssze az anyagot. A Magony von\u00f3sok 2004-es el\u0151ad\u00e1s\u00e1val kezd\u0151dik a CD, majd \u00e9szrev\u00e9tlen\u00fcl \u00e1t\u00faszunk a 2007-es debreceni Magony koncertbe, ahol a von\u00f3sok f\u00fav\u00f3ssal, \u00e9s dobbal eg\u00e9sz\u00fclnek ki. Az album utols\u00f3 r\u00e9sz\u00e9ben m\u00e1r a Grand Magony zenekart halljuk, ahol Kov\u00e1cs Ferenc zen\u00e9szt\u00e1rsainak legjava felvonul, [&hellip;]<\/p>\n","protected":false},"featured_media":7026,"template":"","meta":[],"product_brand":[],"product_cat":[92],"product_tag":[437],"class_list":{"0":"post-7023","1":"product","2":"type-product","3":"status-publish","4":"has-post-thumbnail","6":"product_cat-cd","7":"product_tag-kovacs-ferenc","8":"yith_product_brand-kovacs-ferenc","9":"col-12 col-sm-6 col-md-4","11":"first","12":"instock","13":"shipping-taxable","14":"purchasable","15":"product-type-simple"},"yoast_head":"<!-- This site is optimized with the Yoast SEO plugin v27.3 - https:\/\/yoast.com\/product\/yoast-seo-wordpress\/ -->\n<title>Kov\u00e1cs Ferenc My roots CD &#8211; GR1993 Records<\/title>\n<meta name=\"description\" content=\"Kov\u00e1cs Ferenc (\u00d6csi) \u00faj albummal jelentkezett. Az elm\u00falt \u00e9vek legjobb koncertfelv\u00e9teleib\u0151l v\u00e1logatta \u00f6ssze az anyagot. A Magony von\u00f3sok 2004-es el\u0151ad\u00e1s\u00e1val kezd\u0151dik a CD, majd \u00e9szrev\u00e9tlen\u00fcl \u00e1t\u00faszunk a 2007-es debreceni Magony koncertbe, ahol a von\u00f3sok f\u00fav\u00f3ssal, \u00e9s dobbal eg\u00e9sz\u00fclnek ki. Az album utols\u00f3 r\u00e9sz\u00e9ben m\u00e1r a Grand Magony zenekart halljuk, ahol Kov\u00e1cs Ferenc zen\u00e9szt\u00e1rsainak legjava felvonul, Dresch Mih\u00e1ly, Balogh K\u00e1lm\u00e1n, Kov\u00e1cs Zolt\u00e1n, Banai Szil\u00e1rd \u00e9s Schreck Ferenc is a Magonyt er\u0151s\u00edti. Nagy\u00edv\u0171, lebilincsel\u0151 lemez, mely \u00f6sszefoglalja Kov\u00e1cs Ferenc eddigi sz\u00f3l\u00f3 munk\u00e1ss\u00e1g\u00e1t.\" \/>\n<meta name=\"robots\" content=\"index, follow, max-snippet:-1, max-image-preview:large, max-video-preview:-1\" \/>\n<link rel=\"canonical\" href=\"https:\/\/gr1993records.com\/index.php\/product\/kovacs-ferenc-my-roots-cd\/\" \/>\n<meta property=\"og:locale\" content=\"hu_HU\" \/>\n<meta property=\"og:type\" content=\"article\" \/>\n<meta property=\"og:title\" content=\"GR1993 Records\" \/>\n<meta property=\"og:description\" content=\"{:hu}Kov\u00e1cs Ferenc (\u00d6csi) \u00faj albummal jelentkezett. Az elm\u00falt \u00e9vek legjobb koncertfelv\u00e9teleib\u0151l v\u00e1logatta \u00f6ssze az anyagot. A Magony von\u00f3sok 2004-es el\u0151ad\u00e1s\u00e1val kezd\u0151dik a CD, majd \u00e9szrev\u00e9tlen\u00fcl \u00e1t\u00faszunk a 2007-es debreceni Magony koncertbe, ahol a von\u00f3sok f\u00fav\u00f3ssal, \u00e9s dobbal eg\u00e9sz\u00fclnek ki. Az album utols\u00f3 r\u00e9sz\u00e9ben m\u00e1r a Grand Magony zenekart halljuk, ahol Kov\u00e1cs Ferenc zen\u00e9szt\u00e1rsainak legjava felvonul, Dresch Mih\u00e1ly, Balogh K\u00e1lm\u00e1n, Kov\u00e1cs Zolt\u00e1n, Banai Szil\u00e1rd \u00e9s Schreck Ferenc is a Magonyt er\u0151s\u00edti. Nagy\u00edv\u0171, lebilincsel\u0151 lemez, mely \u00f6sszefoglalja Kov\u00e1cs Ferenc eddigi sz\u00f3l\u00f3 munk\u00e1ss\u00e1g\u00e1t.{:}\" \/>\n<meta property=\"og:url\" content=\"https:\/\/gr1993records.com\/index.php\/product\/kovacs-ferenc-my-roots-cd\/\" \/>\n<meta property=\"og:site_name\" content=\"GR1993 Records\" \/>\n<meta property=\"article:publisher\" content=\"https:\/\/www.facebook.com\/GR1993Records-113564886691383\/\" \/>\n<meta property=\"article:modified_time\" content=\"2026-03-31T10:09:24+00:00\" \/>\n<meta property=\"og:image\" content=\"https:\/\/gr1993records.com\/wp-content\/uploads\/2023\/09\/Kovacs_Ferenc_My_Roots_FRONT.jpg\" \/>\n\t<meta property=\"og:image:width\" content=\"2000\" \/>\n\t<meta property=\"og:image:height\" content=\"2000\" \/>\n\t<meta property=\"og:image:type\" content=\"image\/jpeg\" \/>\n<meta name=\"twitter:card\" content=\"summary_large_image\" \/>\n<meta name=\"twitter:title\" content=\"GR1993 Records\" \/>\n<meta name=\"twitter:image\" content=\"https:\/\/gr1993records.com\/wp-content\/uploads\/2023\/09\/Kovacs_Ferenc_My_Roots_FRONT.jpg\" \/>\n<meta name=\"twitter:label1\" content=\"Becs\u00fclt olvas\u00e1si id\u0151\" \/>\n\t<meta name=\"twitter:data1\" content=\"2 perc\" \/>\n<script type=\"application\/ld+json\" class=\"yoast-schema-graph\">{\"@context\":\"https:\\\/\\\/schema.org\",\"@graph\":[{\"@type\":\"WebPage\",\"@id\":\"https:\\\/\\\/gr1993records.com\\\/index.php\\\/product\\\/kovacs-ferenc-my-roots-cd\\\/\",\"url\":\"https:\\\/\\\/gr1993records.com\\\/index.php\\\/product\\\/kovacs-ferenc-my-roots-cd\\\/\",\"name\":\"Kov\u00e1cs Ferenc My roots CD &#8211; GR1993 Records\",\"isPartOf\":{\"@id\":\"https:\\\/\\\/gr1993records.com\\\/#website\"},\"primaryImageOfPage\":{\"@id\":\"https:\\\/\\\/gr1993records.com\\\/index.php\\\/product\\\/kovacs-ferenc-my-roots-cd\\\/#primaryimage\"},\"image\":{\"@id\":\"https:\\\/\\\/gr1993records.com\\\/index.php\\\/product\\\/kovacs-ferenc-my-roots-cd\\\/#primaryimage\"},\"thumbnailUrl\":\"https:\\\/\\\/gr1993records.com\\\/wp-content\\\/uploads\\\/2023\\\/09\\\/Kovacs_Ferenc_My_Roots_FRONT.jpg\",\"datePublished\":\"2009-01-01T13:53:19+00:00\",\"dateModified\":\"2026-03-31T10:09:24+00:00\",\"description\":\"{:hu}Kov\u00e1cs Ferenc (\u00d6csi) \u00faj albummal jelentkezett. Az elm\u00falt \u00e9vek legjobb koncertfelv\u00e9teleib\u0151l v\u00e1logatta \u00f6ssze az anyagot. A Magony von\u00f3sok 2004-es el\u0151ad\u00e1s\u00e1val kezd\u0151dik a CD, majd \u00e9szrev\u00e9tlen\u00fcl \u00e1t\u00faszunk a 2007-es debreceni Magony koncertbe, ahol a von\u00f3sok f\u00fav\u00f3ssal, \u00e9s dobbal eg\u00e9sz\u00fclnek ki. Az album utols\u00f3 r\u00e9sz\u00e9ben m\u00e1r a Grand Magony zenekart halljuk, ahol Kov\u00e1cs Ferenc zen\u00e9szt\u00e1rsainak legjava felvonul, Dresch Mih\u00e1ly, Balogh K\u00e1lm\u00e1n, Kov\u00e1cs Zolt\u00e1n, Banai Szil\u00e1rd \u00e9s Schreck Ferenc is a Magonyt er\u0151s\u00edti. Nagy\u00edv\u0171, lebilincsel\u0151 lemez, mely \u00f6sszefoglalja Kov\u00e1cs Ferenc eddigi sz\u00f3l\u00f3 munk\u00e1ss\u00e1g\u00e1t.{:}\",\"breadcrumb\":{\"@id\":\"https:\\\/\\\/gr1993records.com\\\/index.php\\\/product\\\/kovacs-ferenc-my-roots-cd\\\/#breadcrumb\"},\"inLanguage\":\"hu\",\"potentialAction\":[{\"@type\":\"ReadAction\",\"target\":[\"https:\\\/\\\/gr1993records.com\\\/index.php\\\/product\\\/kovacs-ferenc-my-roots-cd\\\/\"]}]},{\"@type\":\"ImageObject\",\"inLanguage\":\"hu\",\"@id\":\"https:\\\/\\\/gr1993records.com\\\/index.php\\\/product\\\/kovacs-ferenc-my-roots-cd\\\/#primaryimage\",\"url\":\"https:\\\/\\\/gr1993records.com\\\/wp-content\\\/uploads\\\/2023\\\/09\\\/Kovacs_Ferenc_My_Roots_FRONT.jpg\",\"contentUrl\":\"https:\\\/\\\/gr1993records.com\\\/wp-content\\\/uploads\\\/2023\\\/09\\\/Kovacs_Ferenc_My_Roots_FRONT.jpg\",\"width\":2000,\"height\":2000},{\"@type\":\"BreadcrumbList\",\"@id\":\"https:\\\/\\\/gr1993records.com\\\/index.php\\\/product\\\/kovacs-ferenc-my-roots-cd\\\/#breadcrumb\",\"itemListElement\":[{\"@type\":\"ListItem\",\"position\":1,\"name\":\"Home\",\"item\":\"https:\\\/\\\/gr1993records.com\\\/\"},{\"@type\":\"ListItem\",\"position\":2,\"name\":\"Kiadv\u00e1nyok\",\"item\":\"https:\\\/\\\/gr1993records.com\\\/index.php\\\/shop\\\/\"},{\"@type\":\"ListItem\",\"position\":3,\"name\":\"Kov\u00e1cs Ferenc My roots CD\"}]},{\"@type\":\"WebSite\",\"@id\":\"https:\\\/\\\/gr1993records.com\\\/#website\",\"url\":\"https:\\\/\\\/gr1993records.com\\\/\",\"name\":\"GR1993 Records\",\"description\":\"\",\"publisher\":{\"@id\":\"https:\\\/\\\/gr1993records.com\\\/#organization\"},\"potentialAction\":[{\"@type\":\"SearchAction\",\"target\":{\"@type\":\"EntryPoint\",\"urlTemplate\":\"https:\\\/\\\/gr1993records.com\\\/?s={search_term_string}\"},\"query-input\":{\"@type\":\"PropertyValueSpecification\",\"valueRequired\":true,\"valueName\":\"search_term_string\"}}],\"inLanguage\":\"hu\"},{\"@type\":\"Organization\",\"@id\":\"https:\\\/\\\/gr1993records.com\\\/#organization\",\"name\":\"Gramy-H Ltd.\",\"url\":\"https:\\\/\\\/gr1993records.com\\\/\",\"logo\":{\"@type\":\"ImageObject\",\"inLanguage\":\"hu\",\"@id\":\"https:\\\/\\\/gr1993records.com\\\/#\\\/schema\\\/logo\\\/image\\\/\",\"url\":\"https:\\\/\\\/gr1993records.com\\\/wp-content\\\/uploads\\\/2019\\\/08\\\/GR1993_Records_logo_CC.png\",\"contentUrl\":\"https:\\\/\\\/gr1993records.com\\\/wp-content\\\/uploads\\\/2019\\\/08\\\/GR1993_Records_logo_CC.png\",\"width\":2900,\"height\":2001,\"caption\":\"Gramy-H Ltd.\"},\"image\":{\"@id\":\"https:\\\/\\\/gr1993records.com\\\/#\\\/schema\\\/logo\\\/image\\\/\"},\"sameAs\":[\"https:\\\/\\\/www.facebook.com\\\/GR1993Records-113564886691383\\\/\"]}]}<\/script>\n<!-- \/ Yoast SEO plugin. -->","yoast_head_json":{"title":"Kov\u00e1cs Ferenc My roots CD &#8211; GR1993 Records","description":"Kov\u00e1cs Ferenc (\u00d6csi) \u00faj albummal jelentkezett. Az elm\u00falt \u00e9vek legjobb koncertfelv\u00e9teleib\u0151l v\u00e1logatta \u00f6ssze az anyagot. A Magony von\u00f3sok 2004-es el\u0151ad\u00e1s\u00e1val kezd\u0151dik a CD, majd \u00e9szrev\u00e9tlen\u00fcl \u00e1t\u00faszunk a 2007-es debreceni Magony koncertbe, ahol a von\u00f3sok f\u00fav\u00f3ssal, \u00e9s dobbal eg\u00e9sz\u00fclnek ki. Az album utols\u00f3 r\u00e9sz\u00e9ben m\u00e1r a Grand Magony zenekart halljuk, ahol Kov\u00e1cs Ferenc zen\u00e9szt\u00e1rsainak legjava felvonul, Dresch Mih\u00e1ly, Balogh K\u00e1lm\u00e1n, Kov\u00e1cs Zolt\u00e1n, Banai Szil\u00e1rd \u00e9s Schreck Ferenc is a Magonyt er\u0151s\u00edti. Nagy\u00edv\u0171, lebilincsel\u0151 lemez, mely \u00f6sszefoglalja Kov\u00e1cs Ferenc eddigi sz\u00f3l\u00f3 munk\u00e1ss\u00e1g\u00e1t.","robots":{"index":"index","follow":"follow","max-snippet":"max-snippet:-1","max-image-preview":"max-image-preview:large","max-video-preview":"max-video-preview:-1"},"canonical":"https:\/\/gr1993records.com\/index.php\/product\/kovacs-ferenc-my-roots-cd\/","og_locale":"hu_HU","og_type":"article","og_title":"GR1993 Records","og_description":"{:hu}Kov\u00e1cs Ferenc (\u00d6csi) \u00faj albummal jelentkezett. Az elm\u00falt \u00e9vek legjobb koncertfelv\u00e9teleib\u0151l v\u00e1logatta \u00f6ssze az anyagot. A Magony von\u00f3sok 2004-es el\u0151ad\u00e1s\u00e1val kezd\u0151dik a CD, majd \u00e9szrev\u00e9tlen\u00fcl \u00e1t\u00faszunk a 2007-es debreceni Magony koncertbe, ahol a von\u00f3sok f\u00fav\u00f3ssal, \u00e9s dobbal eg\u00e9sz\u00fclnek ki. Az album utols\u00f3 r\u00e9sz\u00e9ben m\u00e1r a Grand Magony zenekart halljuk, ahol Kov\u00e1cs Ferenc zen\u00e9szt\u00e1rsainak legjava felvonul, Dresch Mih\u00e1ly, Balogh K\u00e1lm\u00e1n, Kov\u00e1cs Zolt\u00e1n, Banai Szil\u00e1rd \u00e9s Schreck Ferenc is a Magonyt er\u0151s\u00edti. Nagy\u00edv\u0171, lebilincsel\u0151 lemez, mely \u00f6sszefoglalja Kov\u00e1cs Ferenc eddigi sz\u00f3l\u00f3 munk\u00e1ss\u00e1g\u00e1t.{:}","og_url":"https:\/\/gr1993records.com\/index.php\/product\/kovacs-ferenc-my-roots-cd\/","og_site_name":"GR1993 Records","article_publisher":"https:\/\/www.facebook.com\/GR1993Records-113564886691383\/","article_modified_time":"2026-03-31T10:09:24+00:00","og_image":[{"width":2000,"height":2000,"url":"https:\/\/gr1993records.com\/wp-content\/uploads\/2023\/09\/Kovacs_Ferenc_My_Roots_FRONT.jpg","type":"image\/jpeg"}],"twitter_card":"summary_large_image","twitter_title":"GR1993 Records","twitter_image":"https:\/\/gr1993records.com\/wp-content\/uploads\/2023\/09\/Kovacs_Ferenc_My_Roots_FRONT.jpg","twitter_misc":{"Becs\u00fclt olvas\u00e1si id\u0151":"2 perc"},"schema":{"@context":"https:\/\/schema.org","@graph":[{"@type":"WebPage","@id":"https:\/\/gr1993records.com\/index.php\/product\/kovacs-ferenc-my-roots-cd\/","url":"https:\/\/gr1993records.com\/index.php\/product\/kovacs-ferenc-my-roots-cd\/","name":"Kov\u00e1cs Ferenc My roots CD &#8211; GR1993 Records","isPartOf":{"@id":"https:\/\/gr1993records.com\/#website"},"primaryImageOfPage":{"@id":"https:\/\/gr1993records.com\/index.php\/product\/kovacs-ferenc-my-roots-cd\/#primaryimage"},"image":{"@id":"https:\/\/gr1993records.com\/index.php\/product\/kovacs-ferenc-my-roots-cd\/#primaryimage"},"thumbnailUrl":"https:\/\/gr1993records.com\/wp-content\/uploads\/2023\/09\/Kovacs_Ferenc_My_Roots_FRONT.jpg","datePublished":"2009-01-01T13:53:19+00:00","dateModified":"2026-03-31T10:09:24+00:00","description":"{:hu}Kov\u00e1cs Ferenc (\u00d6csi) \u00faj albummal jelentkezett. Az elm\u00falt \u00e9vek legjobb koncertfelv\u00e9teleib\u0151l v\u00e1logatta \u00f6ssze az anyagot. A Magony von\u00f3sok 2004-es el\u0151ad\u00e1s\u00e1val kezd\u0151dik a CD, majd \u00e9szrev\u00e9tlen\u00fcl \u00e1t\u00faszunk a 2007-es debreceni Magony koncertbe, ahol a von\u00f3sok f\u00fav\u00f3ssal, \u00e9s dobbal eg\u00e9sz\u00fclnek ki. Az album utols\u00f3 r\u00e9sz\u00e9ben m\u00e1r a Grand Magony zenekart halljuk, ahol Kov\u00e1cs Ferenc zen\u00e9szt\u00e1rsainak legjava felvonul, Dresch Mih\u00e1ly, Balogh K\u00e1lm\u00e1n, Kov\u00e1cs Zolt\u00e1n, Banai Szil\u00e1rd \u00e9s Schreck Ferenc is a Magonyt er\u0151s\u00edti. Nagy\u00edv\u0171, lebilincsel\u0151 lemez, mely \u00f6sszefoglalja Kov\u00e1cs Ferenc eddigi sz\u00f3l\u00f3 munk\u00e1ss\u00e1g\u00e1t.{:}","breadcrumb":{"@id":"https:\/\/gr1993records.com\/index.php\/product\/kovacs-ferenc-my-roots-cd\/#breadcrumb"},"inLanguage":"hu","potentialAction":[{"@type":"ReadAction","target":["https:\/\/gr1993records.com\/index.php\/product\/kovacs-ferenc-my-roots-cd\/"]}]},{"@type":"ImageObject","inLanguage":"hu","@id":"https:\/\/gr1993records.com\/index.php\/product\/kovacs-ferenc-my-roots-cd\/#primaryimage","url":"https:\/\/gr1993records.com\/wp-content\/uploads\/2023\/09\/Kovacs_Ferenc_My_Roots_FRONT.jpg","contentUrl":"https:\/\/gr1993records.com\/wp-content\/uploads\/2023\/09\/Kovacs_Ferenc_My_Roots_FRONT.jpg","width":2000,"height":2000},{"@type":"BreadcrumbList","@id":"https:\/\/gr1993records.com\/index.php\/product\/kovacs-ferenc-my-roots-cd\/#breadcrumb","itemListElement":[{"@type":"ListItem","position":1,"name":"Home","item":"https:\/\/gr1993records.com\/"},{"@type":"ListItem","position":2,"name":"Kiadv\u00e1nyok","item":"https:\/\/gr1993records.com\/index.php\/shop\/"},{"@type":"ListItem","position":3,"name":"Kov\u00e1cs Ferenc My roots CD"}]},{"@type":"WebSite","@id":"https:\/\/gr1993records.com\/#website","url":"https:\/\/gr1993records.com\/","name":"GR1993 Records","description":"","publisher":{"@id":"https:\/\/gr1993records.com\/#organization"},"potentialAction":[{"@type":"SearchAction","target":{"@type":"EntryPoint","urlTemplate":"https:\/\/gr1993records.com\/?s={search_term_string}"},"query-input":{"@type":"PropertyValueSpecification","valueRequired":true,"valueName":"search_term_string"}}],"inLanguage":"hu"},{"@type":"Organization","@id":"https:\/\/gr1993records.com\/#organization","name":"Gramy-H Ltd.","url":"https:\/\/gr1993records.com\/","logo":{"@type":"ImageObject","inLanguage":"hu","@id":"https:\/\/gr1993records.com\/#\/schema\/logo\/image\/","url":"https:\/\/gr1993records.com\/wp-content\/uploads\/2019\/08\/GR1993_Records_logo_CC.png","contentUrl":"https:\/\/gr1993records.com\/wp-content\/uploads\/2019\/08\/GR1993_Records_logo_CC.png","width":2900,"height":2001,"caption":"Gramy-H Ltd."},"image":{"@id":"https:\/\/gr1993records.com\/#\/schema\/logo\/image\/"},"sameAs":["https:\/\/www.facebook.com\/GR1993Records-113564886691383\/"]}]}},"jetpack_sharing_enabled":true,"_links":{"self":[{"href":"https:\/\/gr1993records.com\/index.php\/wp-json\/wp\/v2\/product\/7023","targetHints":{"allow":["GET"]}}],"collection":[{"href":"https:\/\/gr1993records.com\/index.php\/wp-json\/wp\/v2\/product"}],"about":[{"href":"https:\/\/gr1993records.com\/index.php\/wp-json\/wp\/v2\/types\/product"}],"wp:featuredmedia":[{"embeddable":true,"href":"https:\/\/gr1993records.com\/index.php\/wp-json\/wp\/v2\/media\/7026"}],"wp:attachment":[{"href":"https:\/\/gr1993records.com\/index.php\/wp-json\/wp\/v2\/media?parent=7023"}],"wp:term":[{"taxonomy":"product_brand","embeddable":true,"href":"https:\/\/gr1993records.com\/index.php\/wp-json\/wp\/v2\/product_brand?post=7023"},{"taxonomy":"product_cat","embeddable":true,"href":"https:\/\/gr1993records.com\/index.php\/wp-json\/wp\/v2\/product_cat?post=7023"},{"taxonomy":"product_tag","embeddable":true,"href":"https:\/\/gr1993records.com\/index.php\/wp-json\/wp\/v2\/product_tag?post=7023"}],"curies":[{"name":"wp","href":"https:\/\/api.w.org\/{rel}","templated":true}]}}