{"id":7017,"date":"2006-01-02T13:31:14","date_gmt":"2006-01-02T12:31:14","guid":{"rendered":"https:\/\/gr1993records.com\/?post_type=product&#038;p=7017"},"modified":"2026-03-31T12:09:53","modified_gmt":"2026-03-31T10:09:53","slug":"kovacs-ferenc-hatok-cd","status":"publish","type":"product","link":"https:\/\/gr1993records.com\/index.php\/product\/kovacs-ferenc-hatok-cd\/","title":{"rendered":"Kov\u00e1cs Ferenc <br>Hatok <br>CD"},"content":{"rendered":"<p>[vc_row][vc_column][vc_column_text]Jancs\u00f3 Zolt\u00e1n versei, V\u00e1czi Eszter \u00e9nek\u00e9vel.<\/p>\n<p>Kov\u00e1cs Feri ism\u00e9t zseni\u00e1lis albumot hozott \u00f6ssze. Jancs\u00f3 Zolt\u00e1n verseit zen\u00e9s\u00edtette meg \u00e9s megh\u00edvta maga mell\u00e9 \u00e9nekesnek a csod\u00e1latos hang\u00fa V\u00e1czi Esztert. A megzen\u00e9s\u00edtett versek k\u00f6z\u00e9 beker\u00fclt n\u00e9h\u00e1ny instument\u00e1lis jazz kompoz\u00edci\u00f3 is, melyek h\u00edven t\u00fckr\u00f6zik Kov\u00e1cs Feri aktu\u00e1lis zenei t\u00f6rekv\u00e9seit.<br \/>\nA zen\u00e9szt\u00e1rsak a Tranzit form\u00e1ci\u00f3val egyez\u0151en a Djabe \u00e9s a Dresch Quartet tagjaib\u00f3l verbuv\u00e1l\u00f3dtak Schreck Ferenccel kieg\u00e9sz\u0171lve.<\/p>\n<p>Az egy\u00fcttest Kov\u00e1cs Ferenc hozta l\u00e9tre 2005-ben. A klasszikus, jazz, n\u00e9pi \u00e9s kort\u00e1rs-zen\u00e9vel t\u00f6lt\u00f6tt 30 \u00e9v meghat\u00e1rozza a mondanival\u00f3t. Lehet a n\u00e9pdalt jazz-esen j\u00e1tszani, lehet a jazzt kort\u00e1rs zen\u00e9vel keverni, lehet m\u0171fajokat \u00f6sszehozni, de itt m\u00e1r az egybeolvad\u00e1s megt\u00f6rt\u00e9nt.<br \/>\nA bart\u00f3ki, szabadosi, Dresch misisi hagyom\u00e1nyok er\u0151teljes f\u00fav\u00f3s hangz\u00e1ssal t\u00f6rnek fel. A brili\u00e1ns zongoraj\u00e1t\u00e9k kort\u00e1rs zeneszerz\u0151t sejtet. A fiatal, de m\u00e1r kikforrott ritmusszekci\u00f3 etalon a maga nem\u00e9ben.[\/vc_column_text][vc_empty_space height=&#8221;30px&#8221;][vc_single_image image=&#8221;7019&#8243; img_size=&#8221;full&#8221; alignment=&#8221;center&#8221;][vc_column_text]<\/p>\n<h3 style=\"text-align: center;\"><strong>Tracklista<\/strong><\/h3>\n<p>[\/vc_column_text][\/vc_column][\/vc_row][vc_row][vc_column][vc_column_text]<\/p>\n<p style=\"text-align: center;\">1. Angyalok vigy\u00e1znak r\u00e1nk<br \/>\n2. Sobri<br \/>\n3. Csillagszajha<br \/>\n4. Ballada<br \/>\n5. Az utols\u00f3 ny\u00e1r<br \/>\n6. Remember Miles<br \/>\n7. Ki legyen, aki szeret<br \/>\n8. B\u00fajdosik az \u00e1rva mad\u00e1r<\/p>\n<p>[\/vc_column_text][\/vc_column][\/vc_row][vc_row][vc_column][vc_column_text]<\/p>\n<h4 style=\"text-align: center;\"><strong>K\u00f6zrem\u0171k\u00f6d\u0151k:<\/strong><\/h4>\n<p style=\"text-align: center;\">Kov\u00e1cs Ferenc &#8211; trombita, \u00e9nek<br \/>\nKov\u00e1cs Zolt\u00e1n &#8211; zongora<br \/>\nBanai Szil\u00e1rd &#8211; dob<br \/>\nDresch Mih\u00e1ly &#8211; szaxofon<br \/>\nSzandai M\u00e1ty\u00e1s &#8211; b\u0151g\u0151<br \/>\nSchreck Ferenc &#8211; pozan<\/p>\n<p style=\"text-align: center;\">K\u00f6zrem\u0171k\u00f6dik: V\u00e1czi Eszter &#8211; \u00e9nek<\/p>\n<p>[\/vc_column_text][\/vc_column][\/vc_row]<\/p>","protected":false},"excerpt":{"rendered":"<p>[vc_row][vc_column][vc_column_text]Jancs\u00f3 Zolt\u00e1n versei, V\u00e1czi Eszter \u00e9nek\u00e9vel. Kov\u00e1cs Feri ism\u00e9t zseni\u00e1lis albumot hozott \u00f6ssze. Jancs\u00f3 Zolt\u00e1n verseit zen\u00e9s\u00edtette meg \u00e9s megh\u00edvta maga mell\u00e9 \u00e9nekesnek a csod\u00e1latos hang\u00fa V\u00e1czi Esztert. A megzen\u00e9s\u00edtett versek k\u00f6z\u00e9 beker\u00fclt n\u00e9h\u00e1ny instument\u00e1lis jazz kompoz\u00edci\u00f3 is, melyek h\u00edven t\u00fckr\u00f6zik Kov\u00e1cs Feri aktu\u00e1lis zenei t\u00f6rekv\u00e9seit. A zen\u00e9szt\u00e1rsak a Tranzit form\u00e1ci\u00f3val egyez\u0151en a Djabe \u00e9s [&hellip;]<\/p>\n","protected":false},"featured_media":7018,"template":"","meta":[],"product_brand":[],"product_cat":[92],"product_tag":[437],"class_list":{"0":"post-7017","1":"product","2":"type-product","3":"status-publish","4":"has-post-thumbnail","6":"product_cat-cd","7":"product_tag-kovacs-ferenc","8":"yith_product_brand-kovacs-ferenc","9":"col-12 col-sm-6 col-md-4","11":"first","12":"instock","13":"sale","14":"shipping-taxable","15":"purchasable","16":"product-type-simple"},"yoast_head":"<!-- This site is optimized with the Yoast SEO plugin v27.2 - https:\/\/yoast.com\/product\/yoast-seo-wordpress\/ -->\n<title>Kov\u00e1cs Ferenc Hatok CD &#8211; GR1993 Records<\/title>\n<meta name=\"description\" content=\"Jancs\u00f3 Zolt\u00e1n versei, V\u00e1czi Eszter \u00e9nek\u00e9vel.Kov\u00e1cs Feri ism\u00e9t zseni\u00e1lis albumot hozott \u00f6ssze. Jancs\u00f3 Zolt\u00e1n verseit zen\u00e9s\u00edtette meg \u00e9s megh\u00edvta maga mell\u00e9 \u00e9nekesnek a csod\u00e1latos hang\u00fa V\u00e1czi Esztert. A megzen\u00e9s\u00edtett versek k\u00f6z\u00e9 beker\u00fclt n\u00e9h\u00e1ny instument\u00e1lis jazz kompoz\u00edci\u00f3 is, melyek h\u00edven t\u00fckr\u00f6zik Kov\u00e1cs Feri aktu\u00e1lis zenei t\u00f6rekv\u00e9seit.A zen\u00e9szt\u00e1rsak a Tranzit form\u00e1ci\u00f3val egyez\u0151en a Djabe \u00e9s a Dresch Quartet tagjaib\u00f3l verbuv\u00e1l\u00f3dtak Schreck Ferenccel kieg\u00e9sz\u0171lve.Az egy\u00fcttest Kov\u00e1cs Ferenc hozta l\u00e9tre 2005-ben. A klasszikus, jazz, n\u00e9pi \u00e9s kort\u00e1rs-zen\u00e9vel t\u00f6lt\u00f6tt 30 \u00e9v meghat\u00e1rozza a mondanival\u00f3t. Lehet a n\u00e9pdalt jazz-esen j\u00e1tszani, lehet a jazzt kort\u00e1rs zen\u00e9vel keverni, lehet m\u0171fajokat \u00f6sszehozni, de itt m\u00e1r az egybeolvad\u00e1s megt\u00f6rt\u00e9nt.A bart\u00f3ki, szabadosi, Dresch misisi hagyom\u00e1nyok er\u0151teljes f\u00fav\u00f3s hangz\u00e1ssal t\u00f6rnek fel. A brili\u00e1ns zongoraj\u00e1t\u00e9k kort\u00e1rs zeneszerz\u0151t sejtet. A fiatal, de m\u00e1r kikforrott ritmusszekci\u00f3 etalon a maga nem\u00e9ben.\" \/>\n<meta name=\"robots\" content=\"index, follow, max-snippet:-1, max-image-preview:large, max-video-preview:-1\" \/>\n<link rel=\"canonical\" href=\"https:\/\/gr1993records.com\/index.php\/product\/kovacs-ferenc-hatok-cd\/\" \/>\n<meta property=\"og:locale\" content=\"hu_HU\" \/>\n<meta property=\"og:type\" content=\"article\" \/>\n<meta property=\"og:title\" content=\"GR1993 Records\" \/>\n<meta property=\"og:description\" content=\"GR1993 Records\" \/>\n<meta property=\"og:url\" content=\"https:\/\/gr1993records.com\/index.php\/product\/kovacs-ferenc-hatok-cd\/\" \/>\n<meta property=\"og:site_name\" content=\"GR1993 Records\" \/>\n<meta property=\"article:publisher\" content=\"https:\/\/www.facebook.com\/GR1993Records-113564886691383\/\" \/>\n<meta property=\"article:modified_time\" content=\"2026-03-31T10:09:53+00:00\" \/>\n<meta property=\"og:image\" content=\"https:\/\/gr1993records.com\/wp-content\/uploads\/2023\/09\/Kovacs_Ferenc_Hatok_FRONT.jpg\" \/>\n\t<meta property=\"og:image:width\" content=\"1000\" \/>\n\t<meta property=\"og:image:height\" content=\"1000\" \/>\n\t<meta property=\"og:image:type\" content=\"image\/jpeg\" \/>\n<meta name=\"twitter:card\" content=\"summary_large_image\" \/>\n<meta name=\"twitter:title\" content=\"GR1993 Records\" \/>\n<meta name=\"twitter:description\" content=\"GR1993 Records\" \/>\n<meta name=\"twitter:image\" content=\"https:\/\/gr1993records.com\/wp-content\/uploads\/2023\/09\/Kovacs_Ferenc_Hatok_FRONT.jpg\" \/>\n<meta name=\"twitter:label1\" content=\"Becs\u00fclt olvas\u00e1si id\u0151\" \/>\n\t<meta name=\"twitter:data1\" content=\"2 perc\" \/>\n<script type=\"application\/ld+json\" class=\"yoast-schema-graph\">{\"@context\":\"https:\/\/schema.org\",\"@graph\":[{\"@type\":\"WebPage\",\"@id\":\"https:\/\/gr1993records.com\/index.php\/product\/kovacs-ferenc-hatok-cd\/\",\"url\":\"https:\/\/gr1993records.com\/index.php\/product\/kovacs-ferenc-hatok-cd\/\",\"name\":\"Kov\u00e1cs Ferenc Hatok CD &#8211; GR1993 Records\",\"isPartOf\":{\"@id\":\"https:\/\/gr1993records.com\/#website\"},\"primaryImageOfPage\":{\"@id\":\"https:\/\/gr1993records.com\/index.php\/product\/kovacs-ferenc-hatok-cd\/#primaryimage\"},\"image\":{\"@id\":\"https:\/\/gr1993records.com\/index.php\/product\/kovacs-ferenc-hatok-cd\/#primaryimage\"},\"thumbnailUrl\":\"https:\/\/gr1993records.com\/wp-content\/uploads\/2023\/09\/Kovacs_Ferenc_Hatok_FRONT.jpg\",\"datePublished\":\"2006-01-02T12:31:14+00:00\",\"dateModified\":\"2026-03-31T10:09:53+00:00\",\"description\":\"Jancs\u00f3 Zolt\u00e1n versei, V\u00e1czi Eszter \u00e9nek\u00e9vel.Kov\u00e1cs Feri ism\u00e9t zseni\u00e1lis albumot hozott \u00f6ssze. Jancs\u00f3 Zolt\u00e1n verseit zen\u00e9s\u00edtette meg \u00e9s megh\u00edvta maga mell\u00e9 \u00e9nekesnek a csod\u00e1latos hang\u00fa V\u00e1czi Esztert. A megzen\u00e9s\u00edtett versek k\u00f6z\u00e9 beker\u00fclt n\u00e9h\u00e1ny instument\u00e1lis jazz kompoz\u00edci\u00f3 is, melyek h\u00edven t\u00fckr\u00f6zik Kov\u00e1cs Feri aktu\u00e1lis zenei t\u00f6rekv\u00e9seit.A zen\u00e9szt\u00e1rsak a Tranzit form\u00e1ci\u00f3val egyez\u0151en a Djabe \u00e9s a Dresch Quartet tagjaib\u00f3l verbuv\u00e1l\u00f3dtak Schreck Ferenccel kieg\u00e9sz\u0171lve.Az egy\u00fcttest Kov\u00e1cs Ferenc hozta l\u00e9tre 2005-ben. A klasszikus, jazz, n\u00e9pi \u00e9s kort\u00e1rs-zen\u00e9vel t\u00f6lt\u00f6tt 30 \u00e9v meghat\u00e1rozza a mondanival\u00f3t. Lehet a n\u00e9pdalt jazz-esen j\u00e1tszani, lehet a jazzt kort\u00e1rs zen\u00e9vel keverni, lehet m\u0171fajokat \u00f6sszehozni, de itt m\u00e1r az egybeolvad\u00e1s megt\u00f6rt\u00e9nt.A bart\u00f3ki, szabadosi, Dresch misisi hagyom\u00e1nyok er\u0151teljes f\u00fav\u00f3s hangz\u00e1ssal t\u00f6rnek fel. A brili\u00e1ns zongoraj\u00e1t\u00e9k kort\u00e1rs zeneszerz\u0151t sejtet. A fiatal, de m\u00e1r kikforrott ritmusszekci\u00f3 etalon a maga nem\u00e9ben.\",\"breadcrumb\":{\"@id\":\"https:\/\/gr1993records.com\/index.php\/product\/kovacs-ferenc-hatok-cd\/#breadcrumb\"},\"inLanguage\":\"hu\",\"potentialAction\":[{\"@type\":\"ReadAction\",\"target\":[\"https:\/\/gr1993records.com\/index.php\/product\/kovacs-ferenc-hatok-cd\/\"]}]},{\"@type\":\"ImageObject\",\"inLanguage\":\"hu\",\"@id\":\"https:\/\/gr1993records.com\/index.php\/product\/kovacs-ferenc-hatok-cd\/#primaryimage\",\"url\":\"https:\/\/gr1993records.com\/wp-content\/uploads\/2023\/09\/Kovacs_Ferenc_Hatok_FRONT.jpg\",\"contentUrl\":\"https:\/\/gr1993records.com\/wp-content\/uploads\/2023\/09\/Kovacs_Ferenc_Hatok_FRONT.jpg\",\"width\":1000,\"height\":1000},{\"@type\":\"BreadcrumbList\",\"@id\":\"https:\/\/gr1993records.com\/index.php\/product\/kovacs-ferenc-hatok-cd\/#breadcrumb\",\"itemListElement\":[{\"@type\":\"ListItem\",\"position\":1,\"name\":\"Home\",\"item\":\"https:\/\/gr1993records.com\/\"},{\"@type\":\"ListItem\",\"position\":2,\"name\":\"Kiadv\u00e1nyok\",\"item\":\"https:\/\/gr1993records.com\/index.php\/shop\/\"},{\"@type\":\"ListItem\",\"position\":3,\"name\":\"Kov\u00e1cs Ferenc Hatok CD\"}]},{\"@type\":\"WebSite\",\"@id\":\"https:\/\/gr1993records.com\/#website\",\"url\":\"https:\/\/gr1993records.com\/\",\"name\":\"GR1993 Records\",\"description\":\"\",\"publisher\":{\"@id\":\"https:\/\/gr1993records.com\/#organization\"},\"potentialAction\":[{\"@type\":\"SearchAction\",\"target\":{\"@type\":\"EntryPoint\",\"urlTemplate\":\"https:\/\/gr1993records.com\/?s={search_term_string}\"},\"query-input\":{\"@type\":\"PropertyValueSpecification\",\"valueRequired\":true,\"valueName\":\"search_term_string\"}}],\"inLanguage\":\"hu\"},{\"@type\":\"Organization\",\"@id\":\"https:\/\/gr1993records.com\/#organization\",\"name\":\"Gramy-H Ltd.\",\"url\":\"https:\/\/gr1993records.com\/\",\"logo\":{\"@type\":\"ImageObject\",\"inLanguage\":\"hu\",\"@id\":\"https:\/\/gr1993records.com\/#\/schema\/logo\/image\/\",\"url\":\"https:\/\/gr1993records.com\/wp-content\/uploads\/2019\/08\/GR1993_Records_logo_CC.png\",\"contentUrl\":\"https:\/\/gr1993records.com\/wp-content\/uploads\/2019\/08\/GR1993_Records_logo_CC.png\",\"width\":2900,\"height\":2001,\"caption\":\"Gramy-H Ltd.\"},\"image\":{\"@id\":\"https:\/\/gr1993records.com\/#\/schema\/logo\/image\/\"},\"sameAs\":[\"https:\/\/www.facebook.com\/GR1993Records-113564886691383\/\"]}]}<\/script>\n<!-- \/ Yoast SEO plugin. -->","yoast_head_json":{"title":"Kov\u00e1cs Ferenc Hatok CD &#8211; GR1993 Records","description":"Jancs\u00f3 Zolt\u00e1n versei, V\u00e1czi Eszter \u00e9nek\u00e9vel.Kov\u00e1cs Feri ism\u00e9t zseni\u00e1lis albumot hozott \u00f6ssze. Jancs\u00f3 Zolt\u00e1n verseit zen\u00e9s\u00edtette meg \u00e9s megh\u00edvta maga mell\u00e9 \u00e9nekesnek a csod\u00e1latos hang\u00fa V\u00e1czi Esztert. A megzen\u00e9s\u00edtett versek k\u00f6z\u00e9 beker\u00fclt n\u00e9h\u00e1ny instument\u00e1lis jazz kompoz\u00edci\u00f3 is, melyek h\u00edven t\u00fckr\u00f6zik Kov\u00e1cs Feri aktu\u00e1lis zenei t\u00f6rekv\u00e9seit.A zen\u00e9szt\u00e1rsak a Tranzit form\u00e1ci\u00f3val egyez\u0151en a Djabe \u00e9s a Dresch Quartet tagjaib\u00f3l verbuv\u00e1l\u00f3dtak Schreck Ferenccel kieg\u00e9sz\u0171lve.Az egy\u00fcttest Kov\u00e1cs Ferenc hozta l\u00e9tre 2005-ben. A klasszikus, jazz, n\u00e9pi \u00e9s kort\u00e1rs-zen\u00e9vel t\u00f6lt\u00f6tt 30 \u00e9v meghat\u00e1rozza a mondanival\u00f3t. Lehet a n\u00e9pdalt jazz-esen j\u00e1tszani, lehet a jazzt kort\u00e1rs zen\u00e9vel keverni, lehet m\u0171fajokat \u00f6sszehozni, de itt m\u00e1r az egybeolvad\u00e1s megt\u00f6rt\u00e9nt.A bart\u00f3ki, szabadosi, Dresch misisi hagyom\u00e1nyok er\u0151teljes f\u00fav\u00f3s hangz\u00e1ssal t\u00f6rnek fel. A brili\u00e1ns zongoraj\u00e1t\u00e9k kort\u00e1rs zeneszerz\u0151t sejtet. A fiatal, de m\u00e1r kikforrott ritmusszekci\u00f3 etalon a maga nem\u00e9ben.","robots":{"index":"index","follow":"follow","max-snippet":"max-snippet:-1","max-image-preview":"max-image-preview:large","max-video-preview":"max-video-preview:-1"},"canonical":"https:\/\/gr1993records.com\/index.php\/product\/kovacs-ferenc-hatok-cd\/","og_locale":"hu_HU","og_type":"article","og_title":"GR1993 Records","og_description":"GR1993 Records","og_url":"https:\/\/gr1993records.com\/index.php\/product\/kovacs-ferenc-hatok-cd\/","og_site_name":"GR1993 Records","article_publisher":"https:\/\/www.facebook.com\/GR1993Records-113564886691383\/","article_modified_time":"2026-03-31T10:09:53+00:00","og_image":[{"width":1000,"height":1000,"url":"https:\/\/gr1993records.com\/wp-content\/uploads\/2023\/09\/Kovacs_Ferenc_Hatok_FRONT.jpg","type":"image\/jpeg"}],"twitter_card":"summary_large_image","twitter_title":"GR1993 Records","twitter_description":"GR1993 Records","twitter_image":"https:\/\/gr1993records.com\/wp-content\/uploads\/2023\/09\/Kovacs_Ferenc_Hatok_FRONT.jpg","twitter_misc":{"Becs\u00fclt olvas\u00e1si id\u0151":"2 perc"},"schema":{"@context":"https:\/\/schema.org","@graph":[{"@type":"WebPage","@id":"https:\/\/gr1993records.com\/index.php\/product\/kovacs-ferenc-hatok-cd\/","url":"https:\/\/gr1993records.com\/index.php\/product\/kovacs-ferenc-hatok-cd\/","name":"Kov\u00e1cs Ferenc Hatok CD &#8211; GR1993 Records","isPartOf":{"@id":"https:\/\/gr1993records.com\/#website"},"primaryImageOfPage":{"@id":"https:\/\/gr1993records.com\/index.php\/product\/kovacs-ferenc-hatok-cd\/#primaryimage"},"image":{"@id":"https:\/\/gr1993records.com\/index.php\/product\/kovacs-ferenc-hatok-cd\/#primaryimage"},"thumbnailUrl":"https:\/\/gr1993records.com\/wp-content\/uploads\/2023\/09\/Kovacs_Ferenc_Hatok_FRONT.jpg","datePublished":"2006-01-02T12:31:14+00:00","dateModified":"2026-03-31T10:09:53+00:00","description":"Jancs\u00f3 Zolt\u00e1n versei, V\u00e1czi Eszter \u00e9nek\u00e9vel.Kov\u00e1cs Feri ism\u00e9t zseni\u00e1lis albumot hozott \u00f6ssze. Jancs\u00f3 Zolt\u00e1n verseit zen\u00e9s\u00edtette meg \u00e9s megh\u00edvta maga mell\u00e9 \u00e9nekesnek a csod\u00e1latos hang\u00fa V\u00e1czi Esztert. A megzen\u00e9s\u00edtett versek k\u00f6z\u00e9 beker\u00fclt n\u00e9h\u00e1ny instument\u00e1lis jazz kompoz\u00edci\u00f3 is, melyek h\u00edven t\u00fckr\u00f6zik Kov\u00e1cs Feri aktu\u00e1lis zenei t\u00f6rekv\u00e9seit.A zen\u00e9szt\u00e1rsak a Tranzit form\u00e1ci\u00f3val egyez\u0151en a Djabe \u00e9s a Dresch Quartet tagjaib\u00f3l verbuv\u00e1l\u00f3dtak Schreck Ferenccel kieg\u00e9sz\u0171lve.Az egy\u00fcttest Kov\u00e1cs Ferenc hozta l\u00e9tre 2005-ben. A klasszikus, jazz, n\u00e9pi \u00e9s kort\u00e1rs-zen\u00e9vel t\u00f6lt\u00f6tt 30 \u00e9v meghat\u00e1rozza a mondanival\u00f3t. Lehet a n\u00e9pdalt jazz-esen j\u00e1tszani, lehet a jazzt kort\u00e1rs zen\u00e9vel keverni, lehet m\u0171fajokat \u00f6sszehozni, de itt m\u00e1r az egybeolvad\u00e1s megt\u00f6rt\u00e9nt.A bart\u00f3ki, szabadosi, Dresch misisi hagyom\u00e1nyok er\u0151teljes f\u00fav\u00f3s hangz\u00e1ssal t\u00f6rnek fel. A brili\u00e1ns zongoraj\u00e1t\u00e9k kort\u00e1rs zeneszerz\u0151t sejtet. A fiatal, de m\u00e1r kikforrott ritmusszekci\u00f3 etalon a maga nem\u00e9ben.","breadcrumb":{"@id":"https:\/\/gr1993records.com\/index.php\/product\/kovacs-ferenc-hatok-cd\/#breadcrumb"},"inLanguage":"hu","potentialAction":[{"@type":"ReadAction","target":["https:\/\/gr1993records.com\/index.php\/product\/kovacs-ferenc-hatok-cd\/"]}]},{"@type":"ImageObject","inLanguage":"hu","@id":"https:\/\/gr1993records.com\/index.php\/product\/kovacs-ferenc-hatok-cd\/#primaryimage","url":"https:\/\/gr1993records.com\/wp-content\/uploads\/2023\/09\/Kovacs_Ferenc_Hatok_FRONT.jpg","contentUrl":"https:\/\/gr1993records.com\/wp-content\/uploads\/2023\/09\/Kovacs_Ferenc_Hatok_FRONT.jpg","width":1000,"height":1000},{"@type":"BreadcrumbList","@id":"https:\/\/gr1993records.com\/index.php\/product\/kovacs-ferenc-hatok-cd\/#breadcrumb","itemListElement":[{"@type":"ListItem","position":1,"name":"Home","item":"https:\/\/gr1993records.com\/"},{"@type":"ListItem","position":2,"name":"Kiadv\u00e1nyok","item":"https:\/\/gr1993records.com\/index.php\/shop\/"},{"@type":"ListItem","position":3,"name":"Kov\u00e1cs Ferenc Hatok CD"}]},{"@type":"WebSite","@id":"https:\/\/gr1993records.com\/#website","url":"https:\/\/gr1993records.com\/","name":"GR1993 Records","description":"","publisher":{"@id":"https:\/\/gr1993records.com\/#organization"},"potentialAction":[{"@type":"SearchAction","target":{"@type":"EntryPoint","urlTemplate":"https:\/\/gr1993records.com\/?s={search_term_string}"},"query-input":{"@type":"PropertyValueSpecification","valueRequired":true,"valueName":"search_term_string"}}],"inLanguage":"hu"},{"@type":"Organization","@id":"https:\/\/gr1993records.com\/#organization","name":"Gramy-H Ltd.","url":"https:\/\/gr1993records.com\/","logo":{"@type":"ImageObject","inLanguage":"hu","@id":"https:\/\/gr1993records.com\/#\/schema\/logo\/image\/","url":"https:\/\/gr1993records.com\/wp-content\/uploads\/2019\/08\/GR1993_Records_logo_CC.png","contentUrl":"https:\/\/gr1993records.com\/wp-content\/uploads\/2019\/08\/GR1993_Records_logo_CC.png","width":2900,"height":2001,"caption":"Gramy-H Ltd."},"image":{"@id":"https:\/\/gr1993records.com\/#\/schema\/logo\/image\/"},"sameAs":["https:\/\/www.facebook.com\/GR1993Records-113564886691383\/"]}]}},"jetpack_sharing_enabled":true,"_links":{"self":[{"href":"https:\/\/gr1993records.com\/index.php\/wp-json\/wp\/v2\/product\/7017","targetHints":{"allow":["GET"]}}],"collection":[{"href":"https:\/\/gr1993records.com\/index.php\/wp-json\/wp\/v2\/product"}],"about":[{"href":"https:\/\/gr1993records.com\/index.php\/wp-json\/wp\/v2\/types\/product"}],"wp:featuredmedia":[{"embeddable":true,"href":"https:\/\/gr1993records.com\/index.php\/wp-json\/wp\/v2\/media\/7018"}],"wp:attachment":[{"href":"https:\/\/gr1993records.com\/index.php\/wp-json\/wp\/v2\/media?parent=7017"}],"wp:term":[{"taxonomy":"product_brand","embeddable":true,"href":"https:\/\/gr1993records.com\/index.php\/wp-json\/wp\/v2\/product_brand?post=7017"},{"taxonomy":"product_cat","embeddable":true,"href":"https:\/\/gr1993records.com\/index.php\/wp-json\/wp\/v2\/product_cat?post=7017"},{"taxonomy":"product_tag","embeddable":true,"href":"https:\/\/gr1993records.com\/index.php\/wp-json\/wp\/v2\/product_tag?post=7017"}],"curies":[{"name":"wp","href":"https:\/\/api.w.org\/{rel}","templated":true}]}}