{"id":7015,"date":"2001-01-01T11:38:55","date_gmt":"2001-01-01T10:38:55","guid":{"rendered":"https:\/\/gr1993records.com\/?post_type=product&#038;p=7015"},"modified":"2026-03-31T12:11:35","modified_gmt":"2026-03-31T10:11:35","slug":"kovacs-ferenc-magony-cd","status":"publish","type":"product","link":"https:\/\/gr1993records.com\/index.php\/product\/kovacs-ferenc-magony-cd\/","title":{"rendered":"Kov\u00e1cs Ferenc <br>Magony <br>CD"},"content":{"rendered":"<p>[vc_row][vc_column][vc_column_text]A Djabe \u00e9s a Dresh Quartett sz\u00f3list\u00e1j\u00e1nak \u00f6n\u00e1ll\u00f3 albuma.<\/p>\n<p>El\u00f5ttem a k\u00e9p, amikor \u00d6csi \u00fcl velem szemben a verand\u00e1n \u00e9s mes\u00e9li: &#8220;\u00e9n \u00fagy l\u00e1tok most mindent, mintha a puszt\u00e1n szemmagass\u00e1gig a f\u00f6ldben lenn\u00e9k, s v\u00e9gtelen hosszan onnan n\u00e9zn\u00e9m a vil\u00e1got.&#8221;<br \/>\nJ\u00f3 p\u00e1r \u00e9vvel ezel\u0151tt volt ez, m\u00e9g az &#8220;\u00c1ldozatos Mak\u00faz-id\u0151kben&#8221;, s most itt e lemez. Felh\u0151s \u00e9s pontos, oldott \u00e9s l\u00e1that\u00f3. Ritka a l\u00e1that\u00f3 zene. Ez\u00e9rt is \u00f6r\u00fcl\u00f6k neki.<br \/>\nHozza Feri j\u00e1t\u00e9k\u00e1nak, zenei alkat\u00e1nak minden er\u00e9ny\u00e9t.<br \/>\nA tiszta inton\u00e1ci\u00f3t, a kidolgozott j\u00e1t\u00e9km\u00f3dot, a szinte prec\u00edz ritmik\u00e1t, s a j\u00f3 k\u00fcls\u0151 \u00e9s bels\u0151 hall\u00e1s magabiztoss\u00e1g\u00e1t.<br \/>\nSz\u00e9p, teres zen\u00e9k foglalata a Magony. Szeret\u0151, s szeretett j\u00f3 any\u00e1nak aj\u00e1nlani m\u00e1st nem is lehet. Benn\u00fck \u00e9g \u00e9s f\u00f6ld, m\u00falt \u00e9s j\u00f6v\u0151 \u00f6ssze\u00e9r.<\/p>\n<p>&#8220;Meg\u00e9bred Reymond j\u00f3 \u00f6reg parasztja pirkadatkor, \u00e9rzi, elj\u00f6tt az id\u0151.<br \/>\nF\u00f6lkel s lassan kit\u00e1ntorog a kel\u0151 Napban, meghalni, arccal a f\u00f6ldre zuhanva.&#8221;<\/p>\n<div align=\"right\"><b>Szabados Gy\u00f6rgy<\/b><\/div>\n<p>\u00c1h\u00edtat kell Kov\u00e1cs Ferenc zen\u00e9j\u00e9nek meghallgat\u00e1s\u00e1hoz, \u00e9s ez j\u00f3. T\u00f6bbsz\u00f6r kell v\u00e9gighallgatni, \u00e9s ez is j\u00f3. Kov\u00e1csban &#8211; aki t\u00f6bbek k\u00f6z\u00f6tt a legnagyobb mai cimbalomm\u0171v\u00e9sz, Balogh K\u00e1lm\u00e1n mellett szerzett \u00e9letre sz\u00f3l\u00f3 \u00fatraval\u00f3t &#8211; a legjobb az a hagyom\u00e1nytisztelet, amivel az el\u0151d\u00f6k hagyat\u00e9k\u00e1t kezeli. Ennyire h\u0171 ragaszkod\u00e1st Bart\u00f3k B\u00e9la n\u00e9pzenefelfog\u00e1s\u00e1hoz mai zen\u00e9ben m\u00e1r nagyon r\u00e9gen nem hallottam. Magyar n\u00e9pzenei ihlet\u00e9s\u0171 heged\u0171muzsik\u00e1r\u00f3l van sz\u00f3, amelyet itt-ott \u00fct\u0151hangszeres k\u00eds\u00e9ret, nem egyszer a heged\u0171 perkussz\u00edv alkalmaz\u00e1sa szeg\u00e9lyez (szarvaspata-dobog\u00e1s), de a n\u00e9pdal imm\u00e1r csup\u00e1n k\u00f6zvetett forr\u00e1s. Kov\u00e1cs hangszerkezel\u00e9se ennek megfelel\u00f5en alakult: a rusztikus, n\u00e9pies vitalit\u00e1st \u00e9s nyerses\u00e9get, a von\u00f3 gesztuskezel\u00e9s\u00e9t sokszor megind\u00edt\u00f3, ped\u00e1nsan inton\u00e1lt szeren\u00e1dok \u00e1rnyalj\u00e1k, \u00e9s ritmusai is pontosan kim\u00e9rtek, ami a n\u00e9pzen\u00e9szekre szint\u00e9n kev\u00e9sb\u00e9 jellemz\u00f5. Az itt-ott folyond\u00e1rszer\u0171en egym\u00e1st \u00e1t\u00f6lel\u0151 sz\u00f3lamokat Kov\u00e1cs t\u00f6bbs\u00e1vos technik\u00e1val j\u00e1tszotta fel. A honi piacon egyre mark\u00e1nsabban megjelen\u00f5 Gramy Records &#8211; az \u00fczleti szempontb\u00f3l biztos befut\u00f3k megjelentet\u00e9se mellett &#8211; egyre ink\u00e1bb \u00e1ldoz a zeneileg gondolat\u00e9breszt\u0151 alkot\u00e1sok kiad\u00e1s\u00e1ra is.<\/p>\n<div align=\"right\"><strong>Gramofon<\/strong><\/div>\n<p>[\/vc_column_text][vc_empty_space height=&#8221;30px&#8221;][vc_single_image image=&#8221;7016&#8243; img_size=&#8221;full&#8221; alignment=&#8221;center&#8221;][vc_column_text]<\/p>\n<h3 style=\"text-align: center;\"><strong>Tracklista<\/strong><\/h3>\n<p>[\/vc_column_text][\/vc_column][\/vc_row][vc_row][vc_column][vc_column_text]<\/p>\n<p style=\"text-align: center;\">1. Boldog galamb<br \/>\n2. Parasztbarokk<br \/>\n3. A szarvas \u00fcld\u00f6z\u00e9se<br \/>\n4. Szarvasok az erdei f\u00e9nyben<br \/>\n5. J\u00e1tsz\u00f3<br \/>\n6. P\u00e1sztoros<br \/>\n7. Miskadal<\/p>\n<p>[\/vc_column_text][\/vc_column][\/vc_row][vc_row][vc_column][vc_column_text]<\/p>\n<h4 style=\"text-align: center;\"><strong>K\u00f6zrem\u0171k\u00f6d\u0151k:<\/strong><\/h4>\n<p style=\"text-align: center;\">Kov\u00e1cs Ferenc &#8211; heged\u0171k, \u00e9nek<br \/>\nN\u00e9meth Ferenc &#8211; p\u00e1sztor\u00e9nek<\/p>\n<p>[\/vc_column_text][\/vc_column][\/vc_row]<\/p>","protected":false},"excerpt":{"rendered":"<p>[vc_row][vc_column][vc_column_text]A Djabe \u00e9s a Dresh Quartett sz\u00f3list\u00e1j\u00e1nak \u00f6n\u00e1ll\u00f3 albuma. El\u00f5ttem a k\u00e9p, amikor \u00d6csi \u00fcl velem szemben a verand\u00e1n \u00e9s mes\u00e9li: &#8220;\u00e9n \u00fagy l\u00e1tok most mindent, mintha a puszt\u00e1n szemmagass\u00e1gig a f\u00f6ldben lenn\u00e9k, s v\u00e9gtelen hosszan onnan n\u00e9zn\u00e9m a vil\u00e1got.&#8221; J\u00f3 p\u00e1r \u00e9vvel ezel\u0151tt volt ez, m\u00e9g az &#8220;\u00c1ldozatos Mak\u00faz-id\u0151kben&#8221;, s most itt e lemez. [&hellip;]<\/p>\n","protected":false},"featured_media":7016,"template":"","meta":[],"product_brand":[],"product_cat":[92],"product_tag":[437],"class_list":{"0":"post-7015","1":"product","2":"type-product","3":"status-publish","4":"has-post-thumbnail","6":"product_cat-cd","7":"product_tag-kovacs-ferenc","8":"yith_product_brand-kovacs-ferenc","9":"col-12 col-sm-6 col-md-4","11":"first","12":"instock","13":"sale","14":"shipping-taxable","15":"purchasable","16":"product-type-simple"},"yoast_head":"<!-- This site is optimized with the Yoast SEO plugin v27.2 - https:\/\/yoast.com\/product\/yoast-seo-wordpress\/ -->\n<title>Kov\u00e1cs Ferenc Magony CD &#8211; GR1993 Records<\/title>\n<meta name=\"description\" content=\"\u00c1h\u00edtat kell Kov\u00e1cs Ferenc zen\u00e9j\u00e9nek meghallgat\u00e1s\u00e1hoz, \u00e9s ez j\u00f3. T\u00f6bbsz\u00f6r kell v\u00e9gighallgatni, \u00e9s ez is j\u00f3. Kov\u00e1csban - aki t\u00f6bbek k\u00f6z\u00f6tt a legnagyobb mai cimbalomm\u0171v\u00e9sz, Balogh K\u00e1lm\u00e1n mellett szerzett \u00e9letre sz\u00f3l\u00f3 \u00fatraval\u00f3t - a legjobb az a hagyom\u00e1nytisztelet, amivel az el\u0151d\u00f6k hagyat\u00e9k\u00e1t kezeli. Ennyire h\u0171 ragaszkod\u00e1st Bart\u00f3k B\u00e9la n\u00e9pzenefelfog\u00e1s\u00e1hoz mai zen\u00e9ben m\u00e1r nagyon r\u00e9gen nem hallottam. Magyar n\u00e9pzenei ihlet\u00e9s\u0171 heged\u0171muzsik\u00e1r\u00f3l van sz\u00f3, amelyet itt-ott \u00fct\u0151hangszeres k\u00eds\u00e9ret, nem egyszer a heged\u0171 perkussz\u00edv alkalmaz\u00e1sa szeg\u00e9lyez (szarvaspata-dobog\u00e1s), de a n\u00e9pdal imm\u00e1r csup\u00e1n k\u00f6zvetett forr\u00e1s. Kov\u00e1cs hangszerkezel\u00e9se ennek megfelel\u00f5en alakult: a rusztikus, n\u00e9pies vitalit\u00e1st \u00e9s nyerses\u00e9get, a von\u00f3 gesztuskezel\u00e9s\u00e9t sokszor megind\u00edt\u00f3, ped\u00e1nsan inton\u00e1lt szeren\u00e1dok \u00e1rnyalj\u00e1k, \u00e9s ritmusai is pontosan kim\u00e9rtek, ami a n\u00e9pzen\u00e9szekre szint\u00e9n kev\u00e9sb\u00e9 jellemz\u00f5. Az itt-ott folyond\u00e1rszer\u0171en egym\u00e1st \u00e1t\u00f6lel\u0151 sz\u00f3lamokat Kov\u00e1cs t\u00f6bbs\u00e1vos technik\u00e1val j\u00e1tszotta fel. A honi piacon egyre mark\u00e1nsabban megjelen\u00f5 Gramy Records - az \u00fczleti szempontb\u00f3l biztos befut\u00f3k megjelentet\u00e9se mellett - egyre ink\u00e1bb \u00e1ldoz a zeneileg gondolat\u00e9breszt\u0151 alkot\u00e1sok kiad\u00e1s\u00e1ra is.\" \/>\n<meta name=\"robots\" content=\"index, follow, max-snippet:-1, max-image-preview:large, max-video-preview:-1\" \/>\n<link rel=\"canonical\" href=\"https:\/\/gr1993records.com\/index.php\/product\/kovacs-ferenc-magony-cd\/\" \/>\n<meta property=\"og:locale\" content=\"hu_HU\" \/>\n<meta property=\"og:type\" content=\"article\" \/>\n<meta property=\"og:title\" content=\"GR1993 Records\" \/>\n<meta property=\"og:description\" content=\"GR1993 Records\" \/>\n<meta property=\"og:url\" content=\"https:\/\/gr1993records.com\/index.php\/product\/kovacs-ferenc-magony-cd\/\" \/>\n<meta property=\"og:site_name\" content=\"GR1993 Records\" \/>\n<meta property=\"article:publisher\" content=\"https:\/\/www.facebook.com\/GR1993Records-113564886691383\/\" \/>\n<meta property=\"article:modified_time\" content=\"2026-03-31T10:11:35+00:00\" \/>\n<meta property=\"og:image\" content=\"https:\/\/gr1993records.com\/wp-content\/uploads\/2023\/09\/Kovacs_Ferenc_Magony_FRONT.jpg\" \/>\n\t<meta property=\"og:image:width\" content=\"2000\" \/>\n\t<meta property=\"og:image:height\" content=\"2000\" \/>\n\t<meta property=\"og:image:type\" content=\"image\/jpeg\" \/>\n<meta name=\"twitter:card\" content=\"summary_large_image\" \/>\n<meta name=\"twitter:title\" content=\"GR1993 Records\" \/>\n<meta name=\"twitter:description\" content=\"GR1993 Records\" \/>\n<meta name=\"twitter:image\" content=\"https:\/\/gr1993records.com\/wp-content\/uploads\/2023\/09\/Kovacs_Ferenc_Magony_FRONT.jpg\" \/>\n<meta name=\"twitter:label1\" content=\"Becs\u00fclt olvas\u00e1si id\u0151\" \/>\n\t<meta name=\"twitter:data1\" content=\"2 perc\" \/>\n<script type=\"application\/ld+json\" class=\"yoast-schema-graph\">{\"@context\":\"https:\/\/schema.org\",\"@graph\":[{\"@type\":\"WebPage\",\"@id\":\"https:\/\/gr1993records.com\/index.php\/product\/kovacs-ferenc-magony-cd\/\",\"url\":\"https:\/\/gr1993records.com\/index.php\/product\/kovacs-ferenc-magony-cd\/\",\"name\":\"Kov\u00e1cs Ferenc Magony CD &#8211; GR1993 Records\",\"isPartOf\":{\"@id\":\"https:\/\/gr1993records.com\/#website\"},\"primaryImageOfPage\":{\"@id\":\"https:\/\/gr1993records.com\/index.php\/product\/kovacs-ferenc-magony-cd\/#primaryimage\"},\"image\":{\"@id\":\"https:\/\/gr1993records.com\/index.php\/product\/kovacs-ferenc-magony-cd\/#primaryimage\"},\"thumbnailUrl\":\"https:\/\/gr1993records.com\/wp-content\/uploads\/2023\/09\/Kovacs_Ferenc_Magony_FRONT.jpg\",\"datePublished\":\"2001-01-01T10:38:55+00:00\",\"dateModified\":\"2026-03-31T10:11:35+00:00\",\"description\":\"\u00c1h\u00edtat kell Kov\u00e1cs Ferenc zen\u00e9j\u00e9nek meghallgat\u00e1s\u00e1hoz, \u00e9s ez j\u00f3. T\u00f6bbsz\u00f6r kell v\u00e9gighallgatni, \u00e9s ez is j\u00f3. Kov\u00e1csban - aki t\u00f6bbek k\u00f6z\u00f6tt a legnagyobb mai cimbalomm\u0171v\u00e9sz, Balogh K\u00e1lm\u00e1n mellett szerzett \u00e9letre sz\u00f3l\u00f3 \u00fatraval\u00f3t - a legjobb az a hagyom\u00e1nytisztelet, amivel az el\u0151d\u00f6k hagyat\u00e9k\u00e1t kezeli. Ennyire h\u0171 ragaszkod\u00e1st Bart\u00f3k B\u00e9la n\u00e9pzenefelfog\u00e1s\u00e1hoz mai zen\u00e9ben m\u00e1r nagyon r\u00e9gen nem hallottam. Magyar n\u00e9pzenei ihlet\u00e9s\u0171 heged\u0171muzsik\u00e1r\u00f3l van sz\u00f3, amelyet itt-ott \u00fct\u0151hangszeres k\u00eds\u00e9ret, nem egyszer a heged\u0171 perkussz\u00edv alkalmaz\u00e1sa szeg\u00e9lyez (szarvaspata-dobog\u00e1s), de a n\u00e9pdal imm\u00e1r csup\u00e1n k\u00f6zvetett forr\u00e1s. Kov\u00e1cs hangszerkezel\u00e9se ennek megfelel\u00f5en alakult: a rusztikus, n\u00e9pies vitalit\u00e1st \u00e9s nyerses\u00e9get, a von\u00f3 gesztuskezel\u00e9s\u00e9t sokszor megind\u00edt\u00f3, ped\u00e1nsan inton\u00e1lt szeren\u00e1dok \u00e1rnyalj\u00e1k, \u00e9s ritmusai is pontosan kim\u00e9rtek, ami a n\u00e9pzen\u00e9szekre szint\u00e9n kev\u00e9sb\u00e9 jellemz\u00f5. Az itt-ott folyond\u00e1rszer\u0171en egym\u00e1st \u00e1t\u00f6lel\u0151 sz\u00f3lamokat Kov\u00e1cs t\u00f6bbs\u00e1vos technik\u00e1val j\u00e1tszotta fel. A honi piacon egyre mark\u00e1nsabban megjelen\u00f5 Gramy Records - az \u00fczleti szempontb\u00f3l biztos befut\u00f3k megjelentet\u00e9se mellett - egyre ink\u00e1bb \u00e1ldoz a zeneileg gondolat\u00e9breszt\u0151 alkot\u00e1sok kiad\u00e1s\u00e1ra is.\",\"breadcrumb\":{\"@id\":\"https:\/\/gr1993records.com\/index.php\/product\/kovacs-ferenc-magony-cd\/#breadcrumb\"},\"inLanguage\":\"hu\",\"potentialAction\":[{\"@type\":\"ReadAction\",\"target\":[\"https:\/\/gr1993records.com\/index.php\/product\/kovacs-ferenc-magony-cd\/\"]}]},{\"@type\":\"ImageObject\",\"inLanguage\":\"hu\",\"@id\":\"https:\/\/gr1993records.com\/index.php\/product\/kovacs-ferenc-magony-cd\/#primaryimage\",\"url\":\"https:\/\/gr1993records.com\/wp-content\/uploads\/2023\/09\/Kovacs_Ferenc_Magony_FRONT.jpg\",\"contentUrl\":\"https:\/\/gr1993records.com\/wp-content\/uploads\/2023\/09\/Kovacs_Ferenc_Magony_FRONT.jpg\",\"width\":2000,\"height\":2000},{\"@type\":\"BreadcrumbList\",\"@id\":\"https:\/\/gr1993records.com\/index.php\/product\/kovacs-ferenc-magony-cd\/#breadcrumb\",\"itemListElement\":[{\"@type\":\"ListItem\",\"position\":1,\"name\":\"Home\",\"item\":\"https:\/\/gr1993records.com\/\"},{\"@type\":\"ListItem\",\"position\":2,\"name\":\"Kiadv\u00e1nyok\",\"item\":\"https:\/\/gr1993records.com\/index.php\/shop\/\"},{\"@type\":\"ListItem\",\"position\":3,\"name\":\"Kov\u00e1cs Ferenc Magony CD\"}]},{\"@type\":\"WebSite\",\"@id\":\"https:\/\/gr1993records.com\/#website\",\"url\":\"https:\/\/gr1993records.com\/\",\"name\":\"GR1993 Records\",\"description\":\"\",\"publisher\":{\"@id\":\"https:\/\/gr1993records.com\/#organization\"},\"potentialAction\":[{\"@type\":\"SearchAction\",\"target\":{\"@type\":\"EntryPoint\",\"urlTemplate\":\"https:\/\/gr1993records.com\/?s={search_term_string}\"},\"query-input\":{\"@type\":\"PropertyValueSpecification\",\"valueRequired\":true,\"valueName\":\"search_term_string\"}}],\"inLanguage\":\"hu\"},{\"@type\":\"Organization\",\"@id\":\"https:\/\/gr1993records.com\/#organization\",\"name\":\"Gramy-H Ltd.\",\"url\":\"https:\/\/gr1993records.com\/\",\"logo\":{\"@type\":\"ImageObject\",\"inLanguage\":\"hu\",\"@id\":\"https:\/\/gr1993records.com\/#\/schema\/logo\/image\/\",\"url\":\"https:\/\/gr1993records.com\/wp-content\/uploads\/2019\/08\/GR1993_Records_logo_CC.png\",\"contentUrl\":\"https:\/\/gr1993records.com\/wp-content\/uploads\/2019\/08\/GR1993_Records_logo_CC.png\",\"width\":2900,\"height\":2001,\"caption\":\"Gramy-H Ltd.\"},\"image\":{\"@id\":\"https:\/\/gr1993records.com\/#\/schema\/logo\/image\/\"},\"sameAs\":[\"https:\/\/www.facebook.com\/GR1993Records-113564886691383\/\"]}]}<\/script>\n<!-- \/ Yoast SEO plugin. -->","yoast_head_json":{"title":"Kov\u00e1cs Ferenc Magony CD &#8211; GR1993 Records","description":"\u00c1h\u00edtat kell Kov\u00e1cs Ferenc zen\u00e9j\u00e9nek meghallgat\u00e1s\u00e1hoz, \u00e9s ez j\u00f3. T\u00f6bbsz\u00f6r kell v\u00e9gighallgatni, \u00e9s ez is j\u00f3. Kov\u00e1csban - aki t\u00f6bbek k\u00f6z\u00f6tt a legnagyobb mai cimbalomm\u0171v\u00e9sz, Balogh K\u00e1lm\u00e1n mellett szerzett \u00e9letre sz\u00f3l\u00f3 \u00fatraval\u00f3t - a legjobb az a hagyom\u00e1nytisztelet, amivel az el\u0151d\u00f6k hagyat\u00e9k\u00e1t kezeli. Ennyire h\u0171 ragaszkod\u00e1st Bart\u00f3k B\u00e9la n\u00e9pzenefelfog\u00e1s\u00e1hoz mai zen\u00e9ben m\u00e1r nagyon r\u00e9gen nem hallottam. Magyar n\u00e9pzenei ihlet\u00e9s\u0171 heged\u0171muzsik\u00e1r\u00f3l van sz\u00f3, amelyet itt-ott \u00fct\u0151hangszeres k\u00eds\u00e9ret, nem egyszer a heged\u0171 perkussz\u00edv alkalmaz\u00e1sa szeg\u00e9lyez (szarvaspata-dobog\u00e1s), de a n\u00e9pdal imm\u00e1r csup\u00e1n k\u00f6zvetett forr\u00e1s. Kov\u00e1cs hangszerkezel\u00e9se ennek megfelel\u00f5en alakult: a rusztikus, n\u00e9pies vitalit\u00e1st \u00e9s nyerses\u00e9get, a von\u00f3 gesztuskezel\u00e9s\u00e9t sokszor megind\u00edt\u00f3, ped\u00e1nsan inton\u00e1lt szeren\u00e1dok \u00e1rnyalj\u00e1k, \u00e9s ritmusai is pontosan kim\u00e9rtek, ami a n\u00e9pzen\u00e9szekre szint\u00e9n kev\u00e9sb\u00e9 jellemz\u00f5. Az itt-ott folyond\u00e1rszer\u0171en egym\u00e1st \u00e1t\u00f6lel\u0151 sz\u00f3lamokat Kov\u00e1cs t\u00f6bbs\u00e1vos technik\u00e1val j\u00e1tszotta fel. A honi piacon egyre mark\u00e1nsabban megjelen\u00f5 Gramy Records - az \u00fczleti szempontb\u00f3l biztos befut\u00f3k megjelentet\u00e9se mellett - egyre ink\u00e1bb \u00e1ldoz a zeneileg gondolat\u00e9breszt\u0151 alkot\u00e1sok kiad\u00e1s\u00e1ra is.","robots":{"index":"index","follow":"follow","max-snippet":"max-snippet:-1","max-image-preview":"max-image-preview:large","max-video-preview":"max-video-preview:-1"},"canonical":"https:\/\/gr1993records.com\/index.php\/product\/kovacs-ferenc-magony-cd\/","og_locale":"hu_HU","og_type":"article","og_title":"GR1993 Records","og_description":"GR1993 Records","og_url":"https:\/\/gr1993records.com\/index.php\/product\/kovacs-ferenc-magony-cd\/","og_site_name":"GR1993 Records","article_publisher":"https:\/\/www.facebook.com\/GR1993Records-113564886691383\/","article_modified_time":"2026-03-31T10:11:35+00:00","og_image":[{"width":2000,"height":2000,"url":"https:\/\/gr1993records.com\/wp-content\/uploads\/2023\/09\/Kovacs_Ferenc_Magony_FRONT.jpg","type":"image\/jpeg"}],"twitter_card":"summary_large_image","twitter_title":"GR1993 Records","twitter_description":"GR1993 Records","twitter_image":"https:\/\/gr1993records.com\/wp-content\/uploads\/2023\/09\/Kovacs_Ferenc_Magony_FRONT.jpg","twitter_misc":{"Becs\u00fclt olvas\u00e1si id\u0151":"2 perc"},"schema":{"@context":"https:\/\/schema.org","@graph":[{"@type":"WebPage","@id":"https:\/\/gr1993records.com\/index.php\/product\/kovacs-ferenc-magony-cd\/","url":"https:\/\/gr1993records.com\/index.php\/product\/kovacs-ferenc-magony-cd\/","name":"Kov\u00e1cs Ferenc Magony CD &#8211; GR1993 Records","isPartOf":{"@id":"https:\/\/gr1993records.com\/#website"},"primaryImageOfPage":{"@id":"https:\/\/gr1993records.com\/index.php\/product\/kovacs-ferenc-magony-cd\/#primaryimage"},"image":{"@id":"https:\/\/gr1993records.com\/index.php\/product\/kovacs-ferenc-magony-cd\/#primaryimage"},"thumbnailUrl":"https:\/\/gr1993records.com\/wp-content\/uploads\/2023\/09\/Kovacs_Ferenc_Magony_FRONT.jpg","datePublished":"2001-01-01T10:38:55+00:00","dateModified":"2026-03-31T10:11:35+00:00","description":"\u00c1h\u00edtat kell Kov\u00e1cs Ferenc zen\u00e9j\u00e9nek meghallgat\u00e1s\u00e1hoz, \u00e9s ez j\u00f3. T\u00f6bbsz\u00f6r kell v\u00e9gighallgatni, \u00e9s ez is j\u00f3. Kov\u00e1csban - aki t\u00f6bbek k\u00f6z\u00f6tt a legnagyobb mai cimbalomm\u0171v\u00e9sz, Balogh K\u00e1lm\u00e1n mellett szerzett \u00e9letre sz\u00f3l\u00f3 \u00fatraval\u00f3t - a legjobb az a hagyom\u00e1nytisztelet, amivel az el\u0151d\u00f6k hagyat\u00e9k\u00e1t kezeli. Ennyire h\u0171 ragaszkod\u00e1st Bart\u00f3k B\u00e9la n\u00e9pzenefelfog\u00e1s\u00e1hoz mai zen\u00e9ben m\u00e1r nagyon r\u00e9gen nem hallottam. Magyar n\u00e9pzenei ihlet\u00e9s\u0171 heged\u0171muzsik\u00e1r\u00f3l van sz\u00f3, amelyet itt-ott \u00fct\u0151hangszeres k\u00eds\u00e9ret, nem egyszer a heged\u0171 perkussz\u00edv alkalmaz\u00e1sa szeg\u00e9lyez (szarvaspata-dobog\u00e1s), de a n\u00e9pdal imm\u00e1r csup\u00e1n k\u00f6zvetett forr\u00e1s. Kov\u00e1cs hangszerkezel\u00e9se ennek megfelel\u00f5en alakult: a rusztikus, n\u00e9pies vitalit\u00e1st \u00e9s nyerses\u00e9get, a von\u00f3 gesztuskezel\u00e9s\u00e9t sokszor megind\u00edt\u00f3, ped\u00e1nsan inton\u00e1lt szeren\u00e1dok \u00e1rnyalj\u00e1k, \u00e9s ritmusai is pontosan kim\u00e9rtek, ami a n\u00e9pzen\u00e9szekre szint\u00e9n kev\u00e9sb\u00e9 jellemz\u00f5. Az itt-ott folyond\u00e1rszer\u0171en egym\u00e1st \u00e1t\u00f6lel\u0151 sz\u00f3lamokat Kov\u00e1cs t\u00f6bbs\u00e1vos technik\u00e1val j\u00e1tszotta fel. A honi piacon egyre mark\u00e1nsabban megjelen\u00f5 Gramy Records - az \u00fczleti szempontb\u00f3l biztos befut\u00f3k megjelentet\u00e9se mellett - egyre ink\u00e1bb \u00e1ldoz a zeneileg gondolat\u00e9breszt\u0151 alkot\u00e1sok kiad\u00e1s\u00e1ra is.","breadcrumb":{"@id":"https:\/\/gr1993records.com\/index.php\/product\/kovacs-ferenc-magony-cd\/#breadcrumb"},"inLanguage":"hu","potentialAction":[{"@type":"ReadAction","target":["https:\/\/gr1993records.com\/index.php\/product\/kovacs-ferenc-magony-cd\/"]}]},{"@type":"ImageObject","inLanguage":"hu","@id":"https:\/\/gr1993records.com\/index.php\/product\/kovacs-ferenc-magony-cd\/#primaryimage","url":"https:\/\/gr1993records.com\/wp-content\/uploads\/2023\/09\/Kovacs_Ferenc_Magony_FRONT.jpg","contentUrl":"https:\/\/gr1993records.com\/wp-content\/uploads\/2023\/09\/Kovacs_Ferenc_Magony_FRONT.jpg","width":2000,"height":2000},{"@type":"BreadcrumbList","@id":"https:\/\/gr1993records.com\/index.php\/product\/kovacs-ferenc-magony-cd\/#breadcrumb","itemListElement":[{"@type":"ListItem","position":1,"name":"Home","item":"https:\/\/gr1993records.com\/"},{"@type":"ListItem","position":2,"name":"Kiadv\u00e1nyok","item":"https:\/\/gr1993records.com\/index.php\/shop\/"},{"@type":"ListItem","position":3,"name":"Kov\u00e1cs Ferenc Magony CD"}]},{"@type":"WebSite","@id":"https:\/\/gr1993records.com\/#website","url":"https:\/\/gr1993records.com\/","name":"GR1993 Records","description":"","publisher":{"@id":"https:\/\/gr1993records.com\/#organization"},"potentialAction":[{"@type":"SearchAction","target":{"@type":"EntryPoint","urlTemplate":"https:\/\/gr1993records.com\/?s={search_term_string}"},"query-input":{"@type":"PropertyValueSpecification","valueRequired":true,"valueName":"search_term_string"}}],"inLanguage":"hu"},{"@type":"Organization","@id":"https:\/\/gr1993records.com\/#organization","name":"Gramy-H Ltd.","url":"https:\/\/gr1993records.com\/","logo":{"@type":"ImageObject","inLanguage":"hu","@id":"https:\/\/gr1993records.com\/#\/schema\/logo\/image\/","url":"https:\/\/gr1993records.com\/wp-content\/uploads\/2019\/08\/GR1993_Records_logo_CC.png","contentUrl":"https:\/\/gr1993records.com\/wp-content\/uploads\/2019\/08\/GR1993_Records_logo_CC.png","width":2900,"height":2001,"caption":"Gramy-H Ltd."},"image":{"@id":"https:\/\/gr1993records.com\/#\/schema\/logo\/image\/"},"sameAs":["https:\/\/www.facebook.com\/GR1993Records-113564886691383\/"]}]}},"jetpack_sharing_enabled":true,"_links":{"self":[{"href":"https:\/\/gr1993records.com\/index.php\/wp-json\/wp\/v2\/product\/7015","targetHints":{"allow":["GET"]}}],"collection":[{"href":"https:\/\/gr1993records.com\/index.php\/wp-json\/wp\/v2\/product"}],"about":[{"href":"https:\/\/gr1993records.com\/index.php\/wp-json\/wp\/v2\/types\/product"}],"wp:featuredmedia":[{"embeddable":true,"href":"https:\/\/gr1993records.com\/index.php\/wp-json\/wp\/v2\/media\/7016"}],"wp:attachment":[{"href":"https:\/\/gr1993records.com\/index.php\/wp-json\/wp\/v2\/media?parent=7015"}],"wp:term":[{"taxonomy":"product_brand","embeddable":true,"href":"https:\/\/gr1993records.com\/index.php\/wp-json\/wp\/v2\/product_brand?post=7015"},{"taxonomy":"product_cat","embeddable":true,"href":"https:\/\/gr1993records.com\/index.php\/wp-json\/wp\/v2\/product_cat?post=7015"},{"taxonomy":"product_tag","embeddable":true,"href":"https:\/\/gr1993records.com\/index.php\/wp-json\/wp\/v2\/product_tag?post=7015"}],"curies":[{"name":"wp","href":"https:\/\/api.w.org\/{rel}","templated":true}]}}