{"id":6987,"date":"2023-08-30T11:40:38","date_gmt":"2023-08-30T09:40:38","guid":{"rendered":"https:\/\/gr1993records.com\/?post_type=product&#038;p=6987"},"modified":"2026-03-31T10:09:27","modified_gmt":"2026-03-31T08:09:27","slug":"elsa-vallevida-y-colorescd","status":"publish","type":"product","link":"https:\/\/gr1993records.com\/index.php\/product\/elsa-vallevida-y-colorescd\/","title":{"rendered":"Elsa Vall\u00e9 <br>Vida y Colores <br>CD"},"content":{"rendered":"<p>[vc_row][vc_column][vc_column_text]<a href=\"https:\/\/gr1993records.com\/index.php\/elsa-valle\/\"><strong>Elsa Valle<\/strong><\/a> Magyarorsz\u00e1gon \u00e9l\u0151 kubai \u00e9nekesn\u0151 m\u00e1sodik lemez\u00e9t jelenteti meg a Gramy-H Kft. Ak\u00e1rcsak az Universo eset\u00e9ben itt is kiemelt szerepet kap Winand G\u00e1bor f\u00fav\u00f3s hangszereken, \u00e9s term\u00e9szetesen az \u00e9nekhangja is. Szint\u00e9n a k\u00f6zrem\u0171k\u00f6d\u0151k k\u00f6z\u00f6tt van k\u00e9t kubai zen\u00e9sz, Ramon Vall\u00e9 zongorista, Elsa testv\u00e9re \u00e9s a b\u0151g\u0151s Pedro Luis Pardo Cosme. Az \u00fct\u0151hangszereket ez\u00fattal a kiv\u00e1l\u00f3 holland muzsikus Nils Fischer kezeli.<\/p>\n<p>&#8220;Ez az album egy igazi akvarell a meg\u00e9lt pillanatokr\u00f3l. Ebben, nemcsak az \u00e9n \u00e9lm\u00e9nyeim szerepelnek, hanem mindegyik ember \u00e9lm\u00e9nye, akik k\u00f6r\u00fcl\u00f6ttem l\u00e9teznek, \u00e9s azt hiszem, hogy n\u00e9lk\u00fcl\u00fck nem lettem volna k\u00e9pes megtal\u00e1lni az igazi \u00f6sszefon\u00f3d\u00e1st.\u201d<\/p>\n<p>Az album meghallgat\u00e1s\u00e1val 12 Elsa \u00e1ltal meg\u00e9lt nagyszer\u0171 pillanat zenei iteljesed\u00e9s\u00e9vel lesz\u00fcnk gazdagabbak.<\/p>\n<p>Elsa Vall\u00e9 a j\u00f3l ismert Buena Vista Social Club nyomdokai j\u00e1r \u00e9s az autentikus kubai zene vil\u00e1gszerte elismert kiv\u00e1l\u00f3 k\u00e9pvisel\u0151je.<\/p>\n<h3>Gramofon kritika:<\/h3>\n<p class=\"text_b\"><strong>Elsa Valle: Vida Y Colores<\/strong><\/p>\n<p>Vid\u00e1m, \u00e9rzelmes, \u00e9letigenl\u0151, hatalmas sodr\u00e1s\u00fa, t\u00e1ncolhat\u00f3, d\u00fadolhat\u00f3 anyag, nem kell j\u00e1rtasnak lenni sem a jazzben, sem az afro-kubai zene m\u00e9ly bugyraiban ahhoz, hogy az ember azonnal r\u00e1hangol\u00f3djon \u00e9s \u00e9lvezhesse. Minden id\u0151k legjobb szving-zenekar\u00e1nak vezet\u0151je, a n\u00e9hai Count Basie mondta egyszer: \u201cha j\u00e1tszol egy sz\u00e1mot \u00e9s \u00e9szreveszed, hogy az emberek l\u00e1ba nem veri a taktust r\u00e1, akkor azt ne j\u00e1tszd tov\u00e1bb\u201d. H\u00e1t ilyen vesz\u00e9ly nem fenyegeti Els\u00e1t \u00e9s t\u00e1rsait ezen az albumon. De a t\u00e1rsak sem ak\u00e1rmilyenek. Ez alkalommal \u2013 Elsa f\u00e9rje, Winand G\u00e1bor kiv\u00e9tel\u00e9vel \u2013 nem a hazai csapat j\u00e1tszik. Zongor\u00e1n Elsa fiv\u00e9re, a Kub\u00e1b\u00f3l szint\u00e9n Eur\u00f3p\u00e1ba szakadt Ram\u00f3n Valle j\u00e1tszik, aki a kubai nagymesterek, Chucho Valdes, Bebo \u00e9s Gonzalo Rubalcaba nyomdokaiban halad, roppant melodikus, teljesen tiszta, perkussz\u00edv j\u00e1t\u00e9k\u00e1val. Val\u00f3s\u00e1ggal \u00e9nekel a zongora az ujjai alatt. Erre csak r\u00e1er\u0151s\u00edt a n\u00e9met sz\u00fclet\u00e9s\u0171, de Hollandi\u00e1ban j\u00e1tsz\u00f3 \u00fct\u0151s, Nils Fischer sz\u00e9d\u00fcletes ritmik\u00e1ja. Amennyiben Ram\u00f3n Valle perkussz\u00edvan zongor\u00e1zik, Fischer melodikusan perk\u00e1zik. A b\u0151g\u0151s is kubai, a szint\u00e9n Hollandi\u00e1ban honos Pedro Luis Pardo Cosme szem\u00e9ly\u00e9ben. A k\u00e9t f\u0151szerepl\u0151 azonban sz\u00e1momra Elsa \u00e9s G\u00e1bor. Az \u00e9nekesn\u0151 kirobban\u00f3 form\u00e1ban van, r\u00e1ad\u00e1sul minden sz\u00e1mot \u0151 kompon\u00e1lt, de olyan szinten, hogy szerintem ezek ak\u00e1r latin standardekk\u00e9 is v\u00e1lhatnak. A hangszerel\u00e9s mindkett\u0151j\u00fck \u00e9rdeme. G\u00e1bor, aki els\u0151sorban vil\u00e1gszint\u0171 \u00e9nekes, ezt a tehets\u00e9g\u00e9t itt ink\u00e1bb kell\u0151 szakmai al\u00e1zattal a h\u00e1tt\u00e9rbe rendeli, viszont a fuvol\u00e1t, a tenor- \u00e9s szopr\u00e1nszaxofont olyan autentikusan sz\u00f3laltatja meg, mintha egyenesen Kub\u00e1b\u00f3l rep\u00fclt volna be a felv\u00e9telre. Ez a p\u00e1r st\u00fadi\u00f3ban k\u00e9pes olyan hangulatot kelteni, mintha \u00e9l\u0151ben hallan\u00e1 \u0151ket az ember.<\/p>\n<p class=\"author\" style=\"text-align: right;\"><em>Pallai P\u00e9ter <\/em><br \/>\n<em>Gramofon 2015-2016 t\u00e9l<\/em><\/p>\n<p>[\/vc_column_text][vc_empty_space height=&#8221;30px&#8221;][vc_single_image image=&#8221;6989&#8243; img_size=&#8221;full&#8221; alignment=&#8221;center&#8221;][vc_column_text]<\/p>\n<h3 style=\"text-align: center;\"><strong>Tracklista<\/strong><\/h3>\n<p>[\/vc_column_text][\/vc_column][\/vc_row][vc_row][vc_column][vc_column_text]<\/p>\n<p style=\"text-align: center;\">1. A bailar (4:40)<br \/>\n2. Bochinche (4:44)<br \/>\n3. El gallo (3:48)<br \/>\n4. Malandro (5:56)<br \/>\n5. Mambo seguro (5:10)<br \/>\n6. Mi Cuba (4:58)<br \/>\n7. Mulata rumbera (4:00)<br \/>\n8. Nana (5:28)<br \/>\n9. Platos y cucharas (2:46)<br \/>\n10. Quimbomb\u00f3 (3:42)<br \/>\n11. Tintineo (3:46)<br \/>\n12. Mi caramelo (5:28)<\/p>\n<p>[\/vc_column_text][\/vc_column][\/vc_row][vc_row][vc_column][vc_column_text]<\/p>\n<h4 style=\"text-align: center;\"><strong>K\u00f6zrem\u0171k\u00f6d\u0151k:<\/strong><\/h4>\n<p style=\"text-align: center;\">Elsa Valle \u2013 leading voice, chorus (1, 3, 4, 5, 8, 9, 11, 12)<br \/>\nG\u00e1bor Winand \u2013 tenor, soprano saxophone, flute, voice, chorus, scat solo (6)<br \/>\nRamon Valle \u2013 piano chorus (2, 7, 10, 12)<br \/>\nPedro Luis Pardo Cosme \u2013 double bass, tres, chorus (2, 7, 10, 12)<br \/>\nNils Fischer \u2013 percussions<\/p>\n<p>[\/vc_column_text][\/vc_column][\/vc_row]<\/p>","protected":false},"excerpt":{"rendered":"<p>[vc_row][vc_column][vc_column_text]Elsa Valle Magyarorsz\u00e1gon \u00e9l\u0151 kubai \u00e9nekesn\u0151 m\u00e1sodik lemez\u00e9t jelenteti meg a Gramy-H Kft. Ak\u00e1rcsak az Universo eset\u00e9ben itt is kiemelt szerepet kap Winand G\u00e1bor f\u00fav\u00f3s hangszereken, \u00e9s term\u00e9szetesen az \u00e9nekhangja is. Szint\u00e9n a k\u00f6zrem\u0171k\u00f6d\u0151k k\u00f6z\u00f6tt van k\u00e9t kubai zen\u00e9sz, Ramon Vall\u00e9 zongorista, Elsa testv\u00e9re \u00e9s a b\u0151g\u0151s Pedro Luis Pardo Cosme. Az \u00fct\u0151hangszereket ez\u00fattal a [&hellip;]<\/p>\n","protected":false},"featured_media":6988,"template":"","meta":[],"product_brand":[],"product_cat":[92],"product_tag":[433],"class_list":{"0":"post-6987","1":"product","2":"type-product","3":"status-publish","4":"has-post-thumbnail","6":"product_cat-cd","7":"product_tag-elsa-valle","8":"yith_product_brand-elsa-valle","9":"col-12 col-sm-6 col-md-4","11":"first","12":"instock","13":"sale","14":"shipping-taxable","15":"purchasable","16":"product-type-simple"},"yoast_head":"<!-- This site is optimized with the Yoast SEO plugin v27.2 - https:\/\/yoast.com\/product\/yoast-seo-wordpress\/ -->\n<title>Elsa Vall\u00e9 Vida y Colores CD &#8211; GR1993 Records<\/title>\n<meta name=\"robots\" content=\"index, follow, max-snippet:-1, max-image-preview:large, max-video-preview:-1\" \/>\n<link rel=\"canonical\" href=\"https:\/\/gr1993records.com\/index.php\/product\/elsa-vallevida-y-colorescd\/\" \/>\n<meta property=\"og:locale\" content=\"hu_HU\" \/>\n<meta property=\"og:type\" content=\"article\" \/>\n<meta property=\"og:title\" content=\"GR1993 Records\" \/>\n<meta property=\"og:description\" content=\"[vc_row][vc_column][vc_column_text]Elsa Valle Magyarorsz\u00e1gon \u00e9l\u0151 kubai \u00e9nekesn\u0151 m\u00e1sodik lemez\u00e9t jelenteti meg a Gramy-H Kft. Ak\u00e1rcsak az Universo eset\u00e9ben itt is kiemelt szerepet kap Winand G\u00e1bor f\u00fav\u00f3s hangszereken, \u00e9s term\u00e9szetesen az \u00e9nekhangja is. Szint\u00e9n a k\u00f6zrem\u0171k\u00f6d\u0151k k\u00f6z\u00f6tt van k\u00e9t kubai zen\u00e9sz, Ramon Vall\u00e9 zongorista, Elsa testv\u00e9re \u00e9s a b\u0151g\u0151s Pedro Luis Pardo Cosme. Az \u00fct\u0151hangszereket ez\u00fattal a [&hellip;]\" \/>\n<meta property=\"og:url\" content=\"https:\/\/gr1993records.com\/index.php\/product\/elsa-vallevida-y-colorescd\/\" \/>\n<meta property=\"og:site_name\" content=\"GR1993 Records\" \/>\n<meta property=\"article:publisher\" content=\"https:\/\/www.facebook.com\/GR1993Records-113564886691383\/\" \/>\n<meta property=\"article:modified_time\" content=\"2026-03-31T08:09:27+00:00\" \/>\n<meta property=\"og:image\" content=\"https:\/\/gr1993records.com\/wp-content\/uploads\/2023\/08\/Elsa_Valle_Vida_Y_Colores_front.jpg\" \/>\n\t<meta property=\"og:image:width\" content=\"2000\" \/>\n\t<meta property=\"og:image:height\" content=\"1791\" \/>\n\t<meta property=\"og:image:type\" content=\"image\/jpeg\" \/>\n<meta name=\"twitter:card\" content=\"summary_large_image\" \/>\n<meta name=\"twitter:title\" content=\"GR1993 Records\" \/>\n<meta name=\"twitter:image\" content=\"https:\/\/gr1993records.com\/wp-content\/uploads\/2023\/08\/Elsa_Valle_Vida_Y_Colores_front.jpg\" \/>\n<meta name=\"twitter:label1\" content=\"Becs\u00fclt olvas\u00e1si id\u0151\" \/>\n\t<meta name=\"twitter:data1\" content=\"3 perc\" \/>\n<script type=\"application\/ld+json\" class=\"yoast-schema-graph\">{\"@context\":\"https:\/\/schema.org\",\"@graph\":[{\"@type\":\"WebPage\",\"@id\":\"https:\/\/gr1993records.com\/index.php\/product\/elsa-vallevida-y-colorescd\/\",\"url\":\"https:\/\/gr1993records.com\/index.php\/product\/elsa-vallevida-y-colorescd\/\",\"name\":\"Elsa Vall\u00e9 Vida y Colores CD &#8211; GR1993 Records\",\"isPartOf\":{\"@id\":\"https:\/\/gr1993records.com\/#website\"},\"primaryImageOfPage\":{\"@id\":\"https:\/\/gr1993records.com\/index.php\/product\/elsa-vallevida-y-colorescd\/#primaryimage\"},\"image\":{\"@id\":\"https:\/\/gr1993records.com\/index.php\/product\/elsa-vallevida-y-colorescd\/#primaryimage\"},\"thumbnailUrl\":\"https:\/\/gr1993records.com\/wp-content\/uploads\/2023\/08\/Elsa_Valle_Vida_Y_Colores_front.jpg\",\"datePublished\":\"2023-08-30T09:40:38+00:00\",\"dateModified\":\"2026-03-31T08:09:27+00:00\",\"breadcrumb\":{\"@id\":\"https:\/\/gr1993records.com\/index.php\/product\/elsa-vallevida-y-colorescd\/#breadcrumb\"},\"inLanguage\":\"hu\",\"potentialAction\":[{\"@type\":\"ReadAction\",\"target\":[\"https:\/\/gr1993records.com\/index.php\/product\/elsa-vallevida-y-colorescd\/\"]}]},{\"@type\":\"ImageObject\",\"inLanguage\":\"hu\",\"@id\":\"https:\/\/gr1993records.com\/index.php\/product\/elsa-vallevida-y-colorescd\/#primaryimage\",\"url\":\"https:\/\/gr1993records.com\/wp-content\/uploads\/2023\/08\/Elsa_Valle_Vida_Y_Colores_front.jpg\",\"contentUrl\":\"https:\/\/gr1993records.com\/wp-content\/uploads\/2023\/08\/Elsa_Valle_Vida_Y_Colores_front.jpg\",\"width\":2000,\"height\":1791},{\"@type\":\"BreadcrumbList\",\"@id\":\"https:\/\/gr1993records.com\/index.php\/product\/elsa-vallevida-y-colorescd\/#breadcrumb\",\"itemListElement\":[{\"@type\":\"ListItem\",\"position\":1,\"name\":\"Home\",\"item\":\"https:\/\/gr1993records.com\/\"},{\"@type\":\"ListItem\",\"position\":2,\"name\":\"Kiadv\u00e1nyok\",\"item\":\"https:\/\/gr1993records.com\/index.php\/shop\/\"},{\"@type\":\"ListItem\",\"position\":3,\"name\":\"Elsa Vall\u00e9 Vida y Colores CD\"}]},{\"@type\":\"WebSite\",\"@id\":\"https:\/\/gr1993records.com\/#website\",\"url\":\"https:\/\/gr1993records.com\/\",\"name\":\"GR1993 Records\",\"description\":\"\",\"publisher\":{\"@id\":\"https:\/\/gr1993records.com\/#organization\"},\"potentialAction\":[{\"@type\":\"SearchAction\",\"target\":{\"@type\":\"EntryPoint\",\"urlTemplate\":\"https:\/\/gr1993records.com\/?s={search_term_string}\"},\"query-input\":{\"@type\":\"PropertyValueSpecification\",\"valueRequired\":true,\"valueName\":\"search_term_string\"}}],\"inLanguage\":\"hu\"},{\"@type\":\"Organization\",\"@id\":\"https:\/\/gr1993records.com\/#organization\",\"name\":\"Gramy-H Ltd.\",\"url\":\"https:\/\/gr1993records.com\/\",\"logo\":{\"@type\":\"ImageObject\",\"inLanguage\":\"hu\",\"@id\":\"https:\/\/gr1993records.com\/#\/schema\/logo\/image\/\",\"url\":\"https:\/\/gr1993records.com\/wp-content\/uploads\/2019\/08\/GR1993_Records_logo_CC.png\",\"contentUrl\":\"https:\/\/gr1993records.com\/wp-content\/uploads\/2019\/08\/GR1993_Records_logo_CC.png\",\"width\":2900,\"height\":2001,\"caption\":\"Gramy-H Ltd.\"},\"image\":{\"@id\":\"https:\/\/gr1993records.com\/#\/schema\/logo\/image\/\"},\"sameAs\":[\"https:\/\/www.facebook.com\/GR1993Records-113564886691383\/\"]}]}<\/script>\n<!-- \/ Yoast SEO plugin. -->","yoast_head_json":{"title":"Elsa Vall\u00e9 Vida y Colores CD &#8211; GR1993 Records","robots":{"index":"index","follow":"follow","max-snippet":"max-snippet:-1","max-image-preview":"max-image-preview:large","max-video-preview":"max-video-preview:-1"},"canonical":"https:\/\/gr1993records.com\/index.php\/product\/elsa-vallevida-y-colorescd\/","og_locale":"hu_HU","og_type":"article","og_title":"GR1993 Records","og_description":"[vc_row][vc_column][vc_column_text]Elsa Valle Magyarorsz\u00e1gon \u00e9l\u0151 kubai \u00e9nekesn\u0151 m\u00e1sodik lemez\u00e9t jelenteti meg a Gramy-H Kft. Ak\u00e1rcsak az Universo eset\u00e9ben itt is kiemelt szerepet kap Winand G\u00e1bor f\u00fav\u00f3s hangszereken, \u00e9s term\u00e9szetesen az \u00e9nekhangja is. Szint\u00e9n a k\u00f6zrem\u0171k\u00f6d\u0151k k\u00f6z\u00f6tt van k\u00e9t kubai zen\u00e9sz, Ramon Vall\u00e9 zongorista, Elsa testv\u00e9re \u00e9s a b\u0151g\u0151s Pedro Luis Pardo Cosme. Az \u00fct\u0151hangszereket ez\u00fattal a [&hellip;]","og_url":"https:\/\/gr1993records.com\/index.php\/product\/elsa-vallevida-y-colorescd\/","og_site_name":"GR1993 Records","article_publisher":"https:\/\/www.facebook.com\/GR1993Records-113564886691383\/","article_modified_time":"2026-03-31T08:09:27+00:00","og_image":[{"width":2000,"height":1791,"url":"https:\/\/gr1993records.com\/wp-content\/uploads\/2023\/08\/Elsa_Valle_Vida_Y_Colores_front.jpg","type":"image\/jpeg"}],"twitter_card":"summary_large_image","twitter_title":"GR1993 Records","twitter_image":"https:\/\/gr1993records.com\/wp-content\/uploads\/2023\/08\/Elsa_Valle_Vida_Y_Colores_front.jpg","twitter_misc":{"Becs\u00fclt olvas\u00e1si id\u0151":"3 perc"},"schema":{"@context":"https:\/\/schema.org","@graph":[{"@type":"WebPage","@id":"https:\/\/gr1993records.com\/index.php\/product\/elsa-vallevida-y-colorescd\/","url":"https:\/\/gr1993records.com\/index.php\/product\/elsa-vallevida-y-colorescd\/","name":"Elsa Vall\u00e9 Vida y Colores CD &#8211; GR1993 Records","isPartOf":{"@id":"https:\/\/gr1993records.com\/#website"},"primaryImageOfPage":{"@id":"https:\/\/gr1993records.com\/index.php\/product\/elsa-vallevida-y-colorescd\/#primaryimage"},"image":{"@id":"https:\/\/gr1993records.com\/index.php\/product\/elsa-vallevida-y-colorescd\/#primaryimage"},"thumbnailUrl":"https:\/\/gr1993records.com\/wp-content\/uploads\/2023\/08\/Elsa_Valle_Vida_Y_Colores_front.jpg","datePublished":"2023-08-30T09:40:38+00:00","dateModified":"2026-03-31T08:09:27+00:00","breadcrumb":{"@id":"https:\/\/gr1993records.com\/index.php\/product\/elsa-vallevida-y-colorescd\/#breadcrumb"},"inLanguage":"hu","potentialAction":[{"@type":"ReadAction","target":["https:\/\/gr1993records.com\/index.php\/product\/elsa-vallevida-y-colorescd\/"]}]},{"@type":"ImageObject","inLanguage":"hu","@id":"https:\/\/gr1993records.com\/index.php\/product\/elsa-vallevida-y-colorescd\/#primaryimage","url":"https:\/\/gr1993records.com\/wp-content\/uploads\/2023\/08\/Elsa_Valle_Vida_Y_Colores_front.jpg","contentUrl":"https:\/\/gr1993records.com\/wp-content\/uploads\/2023\/08\/Elsa_Valle_Vida_Y_Colores_front.jpg","width":2000,"height":1791},{"@type":"BreadcrumbList","@id":"https:\/\/gr1993records.com\/index.php\/product\/elsa-vallevida-y-colorescd\/#breadcrumb","itemListElement":[{"@type":"ListItem","position":1,"name":"Home","item":"https:\/\/gr1993records.com\/"},{"@type":"ListItem","position":2,"name":"Kiadv\u00e1nyok","item":"https:\/\/gr1993records.com\/index.php\/shop\/"},{"@type":"ListItem","position":3,"name":"Elsa Vall\u00e9 Vida y Colores CD"}]},{"@type":"WebSite","@id":"https:\/\/gr1993records.com\/#website","url":"https:\/\/gr1993records.com\/","name":"GR1993 Records","description":"","publisher":{"@id":"https:\/\/gr1993records.com\/#organization"},"potentialAction":[{"@type":"SearchAction","target":{"@type":"EntryPoint","urlTemplate":"https:\/\/gr1993records.com\/?s={search_term_string}"},"query-input":{"@type":"PropertyValueSpecification","valueRequired":true,"valueName":"search_term_string"}}],"inLanguage":"hu"},{"@type":"Organization","@id":"https:\/\/gr1993records.com\/#organization","name":"Gramy-H Ltd.","url":"https:\/\/gr1993records.com\/","logo":{"@type":"ImageObject","inLanguage":"hu","@id":"https:\/\/gr1993records.com\/#\/schema\/logo\/image\/","url":"https:\/\/gr1993records.com\/wp-content\/uploads\/2019\/08\/GR1993_Records_logo_CC.png","contentUrl":"https:\/\/gr1993records.com\/wp-content\/uploads\/2019\/08\/GR1993_Records_logo_CC.png","width":2900,"height":2001,"caption":"Gramy-H Ltd."},"image":{"@id":"https:\/\/gr1993records.com\/#\/schema\/logo\/image\/"},"sameAs":["https:\/\/www.facebook.com\/GR1993Records-113564886691383\/"]}]}},"jetpack_sharing_enabled":true,"_links":{"self":[{"href":"https:\/\/gr1993records.com\/index.php\/wp-json\/wp\/v2\/product\/6987","targetHints":{"allow":["GET"]}}],"collection":[{"href":"https:\/\/gr1993records.com\/index.php\/wp-json\/wp\/v2\/product"}],"about":[{"href":"https:\/\/gr1993records.com\/index.php\/wp-json\/wp\/v2\/types\/product"}],"wp:featuredmedia":[{"embeddable":true,"href":"https:\/\/gr1993records.com\/index.php\/wp-json\/wp\/v2\/media\/6988"}],"wp:attachment":[{"href":"https:\/\/gr1993records.com\/index.php\/wp-json\/wp\/v2\/media?parent=6987"}],"wp:term":[{"taxonomy":"product_brand","embeddable":true,"href":"https:\/\/gr1993records.com\/index.php\/wp-json\/wp\/v2\/product_brand?post=6987"},{"taxonomy":"product_cat","embeddable":true,"href":"https:\/\/gr1993records.com\/index.php\/wp-json\/wp\/v2\/product_cat?post=6987"},{"taxonomy":"product_tag","embeddable":true,"href":"https:\/\/gr1993records.com\/index.php\/wp-json\/wp\/v2\/product_tag?post=6987"}],"curies":[{"name":"wp","href":"https:\/\/api.w.org\/{rel}","templated":true}]}}