{"id":6968,"date":"2023-08-24T17:37:42","date_gmt":"2023-08-24T15:37:42","guid":{"rendered":"https:\/\/gr1993records.com\/?post_type=product&#038;p=6968"},"modified":"2026-03-31T10:10:30","modified_gmt":"2026-03-31T08:10:30","slug":"djabe-steve-hackett-carpet-crawlers-vinyl-maxi-single-12","status":"publish","type":"product","link":"https:\/\/gr1993records.com\/index.php\/product\/djabe-steve-hackett-carpet-crawlers-vinyl-maxi-single-12\/","title":{"rendered":"Djabe &#038; Steve Hackett <br> Carpet Crawlers <br>Vinyl maxi single 12\u201d"},"content":{"rendered":"<p>[vc_row][vc_column][vc_column_text]Djabe &amp; Steve Hackett 2023-ban r\u00f6gz\u00edtette az ikonikus Genesis klasszikust, a Carpet Crawlerst, a \u201cLamb Lies Down On Broadway\u201d c\u00edm\u0171 albumr\u00f3l. A felv\u00e9tel Temesv\u00e1ron, a B\u00e1n\u00e1ti Filharm\u00f3nia \u00e9p\u00fclet\u00e9ben k\u00e9sz\u00fclt.<\/p>\n<p>Ez volt az els\u0151 alkalom, hogy Kasz\u00e1s P\u00e9ter, a Djabe \u00e9nekese Genesis dalt adott el\u0151. A 2023-as Djabe &amp; Steve Hackett turn\u00e9 egyik legeml\u00e9kezetesebb r\u00e9sze volt ez a dal.<br \/>\nA Carpet Crawlers volt a Genesis \u00e1ltal egyik legt\u00f6bbet j\u00e1tszott sz\u00e1m. A Peter Gabriellel \u00e9s a Phil Collins-szal felvett verzi\u00f3k egyar\u00e1nt n\u00e9pszer\u0171ek a Genesis \u00e9s Steve Hackett rajong\u00f3k k\u00f6r\u00e9ben.<\/p>\n<p><strong>Steve Hackett<\/strong> \u2013 git\u00e1r (A1, 2 B2)<br \/>\n<strong>Kasz\u00e1s P\u00e9ter<\/strong> \u2013 \u00e9nek, dobok<br \/>\n<strong>Barab\u00e1s Tam\u00e1s<\/strong> \u2013 basszusgit\u00e1r, vok\u00e1l, git\u00e1r<br \/>\n<strong>\u00c9gerh\u00e1zi Attila<\/strong> \u2013 git\u00e1r, vok\u00e1l (A1, B1,2)<br \/>\n<strong>Bubeny\u00e1k Zolt\u00e1n<\/strong> \u2013 billenty\u0171s hangszerek (A1, B1,2)<br \/>\n<strong>Ko\u00f3s-Hut\u00e1s \u00c1ron<\/strong>\u2013 trombita, sz\u00e1rnyk\u00fcrt (A2, B1)[\/vc_column_text][vc_empty_space height=&#8221;30px&#8221;][vc_single_image image=&#8221;6970&#8243; img_size=&#8221;full&#8221; alignment=&#8221;center&#8221;][vc_column_text]<\/p>\n<h4 style=\"text-align: center;\">Side A &#8211; 45 RPM<\/h4>\n<p style=\"text-align: center;\"><strong>Carpet Crawlers<\/strong><br \/>\n(Banks, Collins, Gabriel, Hackett, Rutherford)<br \/>\n<strong>Franciska<\/strong><br \/>\n(Barab\u00e1s, Sz\u0151ke)<\/p>\n<h4 style=\"text-align: center;\">Side B \u2013 45 RPM<\/h4>\n<p style=\"text-align: center;\"><strong>Before<\/strong><br \/>\n(Barab\u00e1s, Sz\u0151ke)<br \/>\n<strong>Tale<\/strong><br \/>\n(\u00c9gerh\u00e1zi)<\/p>\n<p>[\/vc_column_text][\/vc_column][\/vc_row]<\/p>","protected":false},"excerpt":{"rendered":"<h2>GR-1993 Records (GR-169)<\/h2>\n","protected":false},"featured_media":6969,"template":"","meta":[],"product_brand":[],"product_cat":[91],"product_tag":[],"class_list":{"0":"post-6968","1":"product","2":"type-product","3":"status-publish","4":"has-post-thumbnail","6":"product_cat-lp","7":"yith_product_brand-djabe","8":"yith_product_brand-steve-hackett","9":"col-12 col-sm-6 col-md-4","11":"first","12":"instock","13":"sale","14":"featured","15":"shipping-taxable","16":"purchasable","17":"product-type-simple"},"yoast_head":"<!-- This site is optimized with the Yoast SEO plugin v27.2 - https:\/\/yoast.com\/product\/yoast-seo-wordpress\/ -->\n<title>Djabe &amp; Steve Hackett  Carpet Crawlers Vinyl maxi single 12\u201d &#8211; GR1993 Records<\/title>\n<meta name=\"robots\" content=\"index, follow, max-snippet:-1, max-image-preview:large, max-video-preview:-1\" \/>\n<link rel=\"canonical\" href=\"https:\/\/gr1993records.com\/index.php\/product\/djabe-steve-hackett-carpet-crawlers-vinyl-maxi-single-12\/\" \/>\n<meta property=\"og:locale\" content=\"hu_HU\" \/>\n<meta property=\"og:type\" content=\"article\" \/>\n<meta property=\"og:title\" content=\"GR1993 Records\" \/>\n<meta property=\"og:description\" content=\"GR-1993 Records (GR-169)\" \/>\n<meta property=\"og:url\" content=\"https:\/\/gr1993records.com\/index.php\/product\/djabe-steve-hackett-carpet-crawlers-vinyl-maxi-single-12\/\" \/>\n<meta property=\"og:site_name\" content=\"GR1993 Records\" \/>\n<meta property=\"article:publisher\" content=\"https:\/\/www.facebook.com\/GR1993Records-113564886691383\/\" \/>\n<meta property=\"article:modified_time\" content=\"2026-03-31T08:10:30+00:00\" \/>\n<meta property=\"og:image\" content=\"https:\/\/gr1993records.com\/wp-content\/uploads\/2023\/08\/Djabe__Steve_Hackett_Carpet_Crawlers_LP_cover_v1_FRONT.jpg\" \/>\n\t<meta property=\"og:image:width\" content=\"2000\" \/>\n\t<meta property=\"og:image:height\" content=\"2000\" \/>\n\t<meta property=\"og:image:type\" content=\"image\/jpeg\" \/>\n<meta name=\"twitter:card\" content=\"summary_large_image\" \/>\n<meta name=\"twitter:title\" content=\"GR1993 Records\" \/>\n<meta name=\"twitter:image\" content=\"https:\/\/gr1993records.com\/wp-content\/uploads\/2023\/08\/Djabe__Steve_Hackett_Carpet_Crawlers_LP_cover_v1_FRONT.jpg\" \/>\n<meta name=\"twitter:label1\" content=\"Becs\u00fclt olvas\u00e1si id\u0151\" \/>\n\t<meta name=\"twitter:data1\" content=\"1 perc\" \/>\n<script type=\"application\/ld+json\" class=\"yoast-schema-graph\">{\"@context\":\"https:\/\/schema.org\",\"@graph\":[{\"@type\":\"WebPage\",\"@id\":\"https:\/\/gr1993records.com\/index.php\/product\/djabe-steve-hackett-carpet-crawlers-vinyl-maxi-single-12\/\",\"url\":\"https:\/\/gr1993records.com\/index.php\/product\/djabe-steve-hackett-carpet-crawlers-vinyl-maxi-single-12\/\",\"name\":\"Djabe & Steve Hackett Carpet Crawlers Vinyl maxi single 12\u201d &#8211; GR1993 Records\",\"isPartOf\":{\"@id\":\"https:\/\/gr1993records.com\/#website\"},\"primaryImageOfPage\":{\"@id\":\"https:\/\/gr1993records.com\/index.php\/product\/djabe-steve-hackett-carpet-crawlers-vinyl-maxi-single-12\/#primaryimage\"},\"image\":{\"@id\":\"https:\/\/gr1993records.com\/index.php\/product\/djabe-steve-hackett-carpet-crawlers-vinyl-maxi-single-12\/#primaryimage\"},\"thumbnailUrl\":\"https:\/\/gr1993records.com\/wp-content\/uploads\/2023\/08\/Djabe__Steve_Hackett_Carpet_Crawlers_LP_cover_v1_FRONT.jpg\",\"datePublished\":\"2023-08-24T15:37:42+00:00\",\"dateModified\":\"2026-03-31T08:10:30+00:00\",\"breadcrumb\":{\"@id\":\"https:\/\/gr1993records.com\/index.php\/product\/djabe-steve-hackett-carpet-crawlers-vinyl-maxi-single-12\/#breadcrumb\"},\"inLanguage\":\"hu\",\"potentialAction\":[{\"@type\":\"ReadAction\",\"target\":[\"https:\/\/gr1993records.com\/index.php\/product\/djabe-steve-hackett-carpet-crawlers-vinyl-maxi-single-12\/\"]}]},{\"@type\":\"ImageObject\",\"inLanguage\":\"hu\",\"@id\":\"https:\/\/gr1993records.com\/index.php\/product\/djabe-steve-hackett-carpet-crawlers-vinyl-maxi-single-12\/#primaryimage\",\"url\":\"https:\/\/gr1993records.com\/wp-content\/uploads\/2023\/08\/Djabe__Steve_Hackett_Carpet_Crawlers_LP_cover_v1_FRONT.jpg\",\"contentUrl\":\"https:\/\/gr1993records.com\/wp-content\/uploads\/2023\/08\/Djabe__Steve_Hackett_Carpet_Crawlers_LP_cover_v1_FRONT.jpg\",\"width\":2000,\"height\":2000},{\"@type\":\"BreadcrumbList\",\"@id\":\"https:\/\/gr1993records.com\/index.php\/product\/djabe-steve-hackett-carpet-crawlers-vinyl-maxi-single-12\/#breadcrumb\",\"itemListElement\":[{\"@type\":\"ListItem\",\"position\":1,\"name\":\"Home\",\"item\":\"https:\/\/gr1993records.com\/\"},{\"@type\":\"ListItem\",\"position\":2,\"name\":\"Kiadv\u00e1nyok\",\"item\":\"https:\/\/gr1993records.com\/index.php\/shop\/\"},{\"@type\":\"ListItem\",\"position\":3,\"name\":\"Djabe &#038; Steve Hackett Carpet Crawlers Vinyl maxi single 12\u201d\"}]},{\"@type\":\"WebSite\",\"@id\":\"https:\/\/gr1993records.com\/#website\",\"url\":\"https:\/\/gr1993records.com\/\",\"name\":\"GR1993 Records\",\"description\":\"\",\"publisher\":{\"@id\":\"https:\/\/gr1993records.com\/#organization\"},\"potentialAction\":[{\"@type\":\"SearchAction\",\"target\":{\"@type\":\"EntryPoint\",\"urlTemplate\":\"https:\/\/gr1993records.com\/?s={search_term_string}\"},\"query-input\":{\"@type\":\"PropertyValueSpecification\",\"valueRequired\":true,\"valueName\":\"search_term_string\"}}],\"inLanguage\":\"hu\"},{\"@type\":\"Organization\",\"@id\":\"https:\/\/gr1993records.com\/#organization\",\"name\":\"Gramy-H Ltd.\",\"url\":\"https:\/\/gr1993records.com\/\",\"logo\":{\"@type\":\"ImageObject\",\"inLanguage\":\"hu\",\"@id\":\"https:\/\/gr1993records.com\/#\/schema\/logo\/image\/\",\"url\":\"https:\/\/gr1993records.com\/wp-content\/uploads\/2019\/08\/GR1993_Records_logo_CC.png\",\"contentUrl\":\"https:\/\/gr1993records.com\/wp-content\/uploads\/2019\/08\/GR1993_Records_logo_CC.png\",\"width\":2900,\"height\":2001,\"caption\":\"Gramy-H Ltd.\"},\"image\":{\"@id\":\"https:\/\/gr1993records.com\/#\/schema\/logo\/image\/\"},\"sameAs\":[\"https:\/\/www.facebook.com\/GR1993Records-113564886691383\/\"]}]}<\/script>\n<!-- \/ Yoast SEO plugin. -->","yoast_head_json":{"title":"Djabe & Steve Hackett  Carpet Crawlers Vinyl maxi single 12\u201d &#8211; GR1993 Records","robots":{"index":"index","follow":"follow","max-snippet":"max-snippet:-1","max-image-preview":"max-image-preview:large","max-video-preview":"max-video-preview:-1"},"canonical":"https:\/\/gr1993records.com\/index.php\/product\/djabe-steve-hackett-carpet-crawlers-vinyl-maxi-single-12\/","og_locale":"hu_HU","og_type":"article","og_title":"GR1993 Records","og_description":"GR-1993 Records (GR-169)","og_url":"https:\/\/gr1993records.com\/index.php\/product\/djabe-steve-hackett-carpet-crawlers-vinyl-maxi-single-12\/","og_site_name":"GR1993 Records","article_publisher":"https:\/\/www.facebook.com\/GR1993Records-113564886691383\/","article_modified_time":"2026-03-31T08:10:30+00:00","og_image":[{"width":2000,"height":2000,"url":"https:\/\/gr1993records.com\/wp-content\/uploads\/2023\/08\/Djabe__Steve_Hackett_Carpet_Crawlers_LP_cover_v1_FRONT.jpg","type":"image\/jpeg"}],"twitter_card":"summary_large_image","twitter_title":"GR1993 Records","twitter_image":"https:\/\/gr1993records.com\/wp-content\/uploads\/2023\/08\/Djabe__Steve_Hackett_Carpet_Crawlers_LP_cover_v1_FRONT.jpg","twitter_misc":{"Becs\u00fclt olvas\u00e1si id\u0151":"1 perc"},"schema":{"@context":"https:\/\/schema.org","@graph":[{"@type":"WebPage","@id":"https:\/\/gr1993records.com\/index.php\/product\/djabe-steve-hackett-carpet-crawlers-vinyl-maxi-single-12\/","url":"https:\/\/gr1993records.com\/index.php\/product\/djabe-steve-hackett-carpet-crawlers-vinyl-maxi-single-12\/","name":"Djabe & Steve Hackett Carpet Crawlers Vinyl maxi single 12\u201d &#8211; GR1993 Records","isPartOf":{"@id":"https:\/\/gr1993records.com\/#website"},"primaryImageOfPage":{"@id":"https:\/\/gr1993records.com\/index.php\/product\/djabe-steve-hackett-carpet-crawlers-vinyl-maxi-single-12\/#primaryimage"},"image":{"@id":"https:\/\/gr1993records.com\/index.php\/product\/djabe-steve-hackett-carpet-crawlers-vinyl-maxi-single-12\/#primaryimage"},"thumbnailUrl":"https:\/\/gr1993records.com\/wp-content\/uploads\/2023\/08\/Djabe__Steve_Hackett_Carpet_Crawlers_LP_cover_v1_FRONT.jpg","datePublished":"2023-08-24T15:37:42+00:00","dateModified":"2026-03-31T08:10:30+00:00","breadcrumb":{"@id":"https:\/\/gr1993records.com\/index.php\/product\/djabe-steve-hackett-carpet-crawlers-vinyl-maxi-single-12\/#breadcrumb"},"inLanguage":"hu","potentialAction":[{"@type":"ReadAction","target":["https:\/\/gr1993records.com\/index.php\/product\/djabe-steve-hackett-carpet-crawlers-vinyl-maxi-single-12\/"]}]},{"@type":"ImageObject","inLanguage":"hu","@id":"https:\/\/gr1993records.com\/index.php\/product\/djabe-steve-hackett-carpet-crawlers-vinyl-maxi-single-12\/#primaryimage","url":"https:\/\/gr1993records.com\/wp-content\/uploads\/2023\/08\/Djabe__Steve_Hackett_Carpet_Crawlers_LP_cover_v1_FRONT.jpg","contentUrl":"https:\/\/gr1993records.com\/wp-content\/uploads\/2023\/08\/Djabe__Steve_Hackett_Carpet_Crawlers_LP_cover_v1_FRONT.jpg","width":2000,"height":2000},{"@type":"BreadcrumbList","@id":"https:\/\/gr1993records.com\/index.php\/product\/djabe-steve-hackett-carpet-crawlers-vinyl-maxi-single-12\/#breadcrumb","itemListElement":[{"@type":"ListItem","position":1,"name":"Home","item":"https:\/\/gr1993records.com\/"},{"@type":"ListItem","position":2,"name":"Kiadv\u00e1nyok","item":"https:\/\/gr1993records.com\/index.php\/shop\/"},{"@type":"ListItem","position":3,"name":"Djabe &#038; Steve Hackett Carpet Crawlers Vinyl maxi single 12\u201d"}]},{"@type":"WebSite","@id":"https:\/\/gr1993records.com\/#website","url":"https:\/\/gr1993records.com\/","name":"GR1993 Records","description":"","publisher":{"@id":"https:\/\/gr1993records.com\/#organization"},"potentialAction":[{"@type":"SearchAction","target":{"@type":"EntryPoint","urlTemplate":"https:\/\/gr1993records.com\/?s={search_term_string}"},"query-input":{"@type":"PropertyValueSpecification","valueRequired":true,"valueName":"search_term_string"}}],"inLanguage":"hu"},{"@type":"Organization","@id":"https:\/\/gr1993records.com\/#organization","name":"Gramy-H Ltd.","url":"https:\/\/gr1993records.com\/","logo":{"@type":"ImageObject","inLanguage":"hu","@id":"https:\/\/gr1993records.com\/#\/schema\/logo\/image\/","url":"https:\/\/gr1993records.com\/wp-content\/uploads\/2019\/08\/GR1993_Records_logo_CC.png","contentUrl":"https:\/\/gr1993records.com\/wp-content\/uploads\/2019\/08\/GR1993_Records_logo_CC.png","width":2900,"height":2001,"caption":"Gramy-H Ltd."},"image":{"@id":"https:\/\/gr1993records.com\/#\/schema\/logo\/image\/"},"sameAs":["https:\/\/www.facebook.com\/GR1993Records-113564886691383\/"]}]}},"jetpack_sharing_enabled":true,"_links":{"self":[{"href":"https:\/\/gr1993records.com\/index.php\/wp-json\/wp\/v2\/product\/6968","targetHints":{"allow":["GET"]}}],"collection":[{"href":"https:\/\/gr1993records.com\/index.php\/wp-json\/wp\/v2\/product"}],"about":[{"href":"https:\/\/gr1993records.com\/index.php\/wp-json\/wp\/v2\/types\/product"}],"wp:featuredmedia":[{"embeddable":true,"href":"https:\/\/gr1993records.com\/index.php\/wp-json\/wp\/v2\/media\/6969"}],"wp:attachment":[{"href":"https:\/\/gr1993records.com\/index.php\/wp-json\/wp\/v2\/media?parent=6968"}],"wp:term":[{"taxonomy":"product_brand","embeddable":true,"href":"https:\/\/gr1993records.com\/index.php\/wp-json\/wp\/v2\/product_brand?post=6968"},{"taxonomy":"product_cat","embeddable":true,"href":"https:\/\/gr1993records.com\/index.php\/wp-json\/wp\/v2\/product_cat?post=6968"},{"taxonomy":"product_tag","embeddable":true,"href":"https:\/\/gr1993records.com\/index.php\/wp-json\/wp\/v2\/product_tag?post=6968"}],"curies":[{"name":"wp","href":"https:\/\/api.w.org\/{rel}","templated":true}]}}