{"id":6959,"date":"2023-08-16T10:48:03","date_gmt":"2023-08-16T08:48:03","guid":{"rendered":"https:\/\/gr1993records.com\/?post_type=product&#038;p=6959"},"modified":"2026-03-31T10:10:42","modified_gmt":"2026-03-31T08:10:42","slug":"peter-lipa-bandlive-in-hungary","status":"publish","type":"product","link":"https:\/\/gr1993records.com\/index.php\/product\/peter-lipa-bandlive-in-hungary\/","title":{"rendered":"Peter Lipa Band <br>Live in Hungary <br>CD"},"content":{"rendered":"<p>[vc_row][vc_column][vc_column_text]2003-ban a Gramy Records gondoz\u00e1s\u00e1ban v\u00e9gre Magyarorsz\u00e1gon is el\u00e9rhet\u0151 lett K\u00f6z\u00e9p-Eur\u00f3pa egyik legjobb jazz \u00e9nekes\u00e9nek Beatles in Blue(s) c\u00edm\u0171, nagysikeru lemeze. A sz\u00ednvonalas \u00e9s soksz\u00edn\u0171 albumot a k\u00f6z\u00f6ns\u00e9g \u00e9s a szakma is nagy lelkesed\u00e9ssel fogadta.<br \/>\n2004 tavasz\u00e1n a Peter Lipa Band a Djabe zenekarral k\u00f6z\u00f6s, magyarorsz\u00e1gi turn\u00e9n vett r\u00e9szt. A koncerteket a Gramy Records r\u00f6gz\u00edtette, \u00e9s az el\u0151ad\u00e1sok legjobb pillanataib\u00f3l v\u00e1logatta \u00f6ssze a Live in Hungary anyag\u00e1t. Peter a felv\u00e9teleken a legjobb form\u00e1j\u00e1t hozza. A Beatles in Blue(s) klasszikusai mellett hossz\u00fa \u00e9s sikeres p\u00e1ly\u00e1j\u00e1nak jelent\u0151sebb darabjai hangzanak fel a CD-n.<br \/>\nA Peter Lipa Band a 80-as \u00e9vek elej\u00e9n t\u00f6bb magyarorsz\u00e1gi jazz fesztiv\u00e1lon is sikerrel szerepelt. A Magyar R\u00e1di\u00f3 arch\u00edvum\u00e1b\u00f3l k\u00e9t 1980-as miskolci felv\u00e9tel is felker\u00fclt a CD-re b\u00f3nuszk\u00e9nt.<br \/>\nAz \u00faj album j\u00f3 bizony\u00edt\u00e9k arra, hogy Peter t\u00f6bb mint negyedsz\u00e1zada magas min\u0151s\u00e9get k\u00e9pvisel az eur\u00f3pai zen\u00e9ben. A Pozsonyban \u00e9l\u0151, anyai \u00e1gon magyar sz\u00e1rmaz\u00e1s\u00fa \u00e9nekest a legkiv\u00e1l\u00f3bb szlov\u00e1kiai jazz zen\u00e9szek k\u00eds\u00e9rik a lemezen, ahol az \u00f6sszes dalt angol nyelven hallhatjuk.<br \/>\nA kiad\u00f3 ezzel a kiadv\u00e1nnyal \u00fcnneplte meg, hogy az Eur\u00f3pai Uni\u00f3 lebontja a hat\u00e1rokat Magyarorsz\u00e1g \u00e9s Szlov\u00e1kia k\u00f6z\u00f6tt, mivel a Gram-H Kft. elk\u00f6telezett h\u00edve a k\u00f6z\u00f6s kultur\u00e1lis m\u00faltb\u00f3l fakad\u00f3 hagyom\u00e1nyok \u00e1pol\u00e1s\u00e1nak, \u00e9s k\u00f6z\u00f6s \u00faj, produkci\u00f3k l\u00e9trehoz\u00e1s\u00e1nak.[\/vc_column_text][vc_empty_space height=&#8221;30px&#8221;][vc_single_image image=&#8221;6961&#8243; img_size=&#8221;full&#8221; alignment=&#8221;center&#8221;][vc_column_text]<\/p>\n<h3 style=\"text-align: center;\"><strong>Tracklista<\/strong><\/h3>\n<p>[\/vc_column_text][\/vc_column][\/vc_row][vc_row][vc_column][vc_column_text]<\/p>\n<p style=\"text-align: center;\">1. Lonely Avenue<br \/>\n2. Do you want to know a secret<br \/>\n3. I wanna be your man<br \/>\n4. Peaceful Lullaby<br \/>\n5. Get on board<br \/>\n6. The house of the rising sun<br \/>\n7. P.S. I love you<br \/>\n8. With a little help from my friends<br \/>\n9. Don\u2019t you let the good times go<\/p>\n<p style=\"text-align: center;\"><b>Bonus tracks<\/b><br \/>\n10. Misty<br \/>\n11. Got to get you into my life<\/p>\n<p>[\/vc_column_text][\/vc_column][\/vc_row][vc_row][vc_column][vc_column_text]<\/p>\n<h4 style=\"text-align: center;\"><strong>K\u00f6zrem\u0171k\u00f6d\u0151k:<\/strong><\/h4>\n<p style=\"text-align: center;\"><b>2004 band<\/b><br \/>\nPeter Lipa lead vocal<br \/>\nJuraj Tat\u00e1r keyboards<br \/>\nMartin Ga\u0161par bass guitar, backing vocal (9)<br \/>\nMarcel Buntaj drums<br \/>\nMichal \u017da\u010dek soprano and tenor saxophone, backing vocal (7)<\/p>\n<p style=\"text-align: center;\"><b>1980 band<\/b><br \/>\nPeter Lipa lead vocal<br \/>\nPeter Breiner keyboards<br \/>\nCyril Zele\u0148\u00e1k drums<br \/>\nVladimir Kulh\u00e1nek bass<\/p>\n<p>[\/vc_column_text][\/vc_column][\/vc_row]<\/p>","protected":false},"excerpt":{"rendered":"<p>[vc_row][vc_column][vc_column_text]2003-ban a Gramy Records gondoz\u00e1s\u00e1ban v\u00e9gre Magyarorsz\u00e1gon is el\u00e9rhet\u0151 lett K\u00f6z\u00e9p-Eur\u00f3pa egyik legjobb jazz \u00e9nekes\u00e9nek Beatles in Blue(s) c\u00edm\u0171, nagysikeru lemeze. A sz\u00ednvonalas \u00e9s soksz\u00edn\u0171 albumot a k\u00f6z\u00f6ns\u00e9g \u00e9s a szakma is nagy lelkesed\u00e9ssel fogadta. 2004 tavasz\u00e1n a Peter Lipa Band a Djabe zenekarral k\u00f6z\u00f6s, magyarorsz\u00e1gi turn\u00e9n vett r\u00e9szt. A koncerteket a Gramy Records r\u00f6gz\u00edtette, [&hellip;]<\/p>\n","protected":false},"featured_media":6960,"template":"","meta":[],"product_brand":[],"product_cat":[92],"product_tag":[428],"class_list":{"0":"post-6959","1":"product","2":"type-product","3":"status-publish","4":"has-post-thumbnail","6":"product_cat-cd","7":"product_tag-peter-lipa","8":"yith_product_brand-peter-lipa","9":"col-12 col-sm-6 col-md-4","11":"first","12":"instock","13":"sale","14":"shipping-taxable","15":"purchasable","16":"product-type-simple"},"yoast_head":"<!-- This site is optimized with the Yoast SEO plugin v27.2 - https:\/\/yoast.com\/product\/yoast-seo-wordpress\/ -->\n<title>Peter Lipa Band Live in Hungary CD &#8211; GR1993 Records<\/title>\n<meta name=\"robots\" content=\"index, follow, max-snippet:-1, max-image-preview:large, max-video-preview:-1\" \/>\n<link rel=\"canonical\" href=\"https:\/\/gr1993records.com\/index.php\/product\/peter-lipa-bandlive-in-hungary\/\" \/>\n<meta property=\"og:locale\" content=\"hu_HU\" \/>\n<meta property=\"og:type\" content=\"article\" \/>\n<meta property=\"og:title\" content=\"GR1993 Records\" \/>\n<meta property=\"og:description\" content=\"[vc_row][vc_column][vc_column_text]2003-ban a Gramy Records gondoz\u00e1s\u00e1ban v\u00e9gre Magyarorsz\u00e1gon is el\u00e9rhet\u0151 lett K\u00f6z\u00e9p-Eur\u00f3pa egyik legjobb jazz \u00e9nekes\u00e9nek Beatles in Blue(s) c\u00edm\u0171, nagysikeru lemeze. A sz\u00ednvonalas \u00e9s soksz\u00edn\u0171 albumot a k\u00f6z\u00f6ns\u00e9g \u00e9s a szakma is nagy lelkesed\u00e9ssel fogadta. 2004 tavasz\u00e1n a Peter Lipa Band a Djabe zenekarral k\u00f6z\u00f6s, magyarorsz\u00e1gi turn\u00e9n vett r\u00e9szt. A koncerteket a Gramy Records r\u00f6gz\u00edtette, [&hellip;]\" \/>\n<meta property=\"og:url\" content=\"https:\/\/gr1993records.com\/index.php\/product\/peter-lipa-bandlive-in-hungary\/\" \/>\n<meta property=\"og:site_name\" content=\"GR1993 Records\" \/>\n<meta property=\"article:publisher\" content=\"https:\/\/www.facebook.com\/GR1993Records-113564886691383\/\" \/>\n<meta property=\"article:modified_time\" content=\"2026-03-31T08:10:42+00:00\" \/>\n<meta property=\"og:image\" content=\"https:\/\/gr1993records.com\/wp-content\/uploads\/2023\/08\/Peter_Lipa_Live_In_Hungary_CD_front.jpg\" \/>\n\t<meta property=\"og:image:width\" content=\"2000\" \/>\n\t<meta property=\"og:image:height\" content=\"1983\" \/>\n\t<meta property=\"og:image:type\" content=\"image\/jpeg\" \/>\n<meta name=\"twitter:card\" content=\"summary_large_image\" \/>\n<meta name=\"twitter:title\" content=\"GR1993 Records\" \/>\n<meta name=\"twitter:image\" content=\"https:\/\/gr1993records.com\/wp-content\/uploads\/2023\/08\/Peter_Lipa_Live_In_Hungary_CD_front.jpg\" \/>\n<meta name=\"twitter:label1\" content=\"Becs\u00fclt olvas\u00e1si id\u0151\" \/>\n\t<meta name=\"twitter:data1\" content=\"2 perc\" \/>\n<script type=\"application\/ld+json\" class=\"yoast-schema-graph\">{\"@context\":\"https:\/\/schema.org\",\"@graph\":[{\"@type\":\"WebPage\",\"@id\":\"https:\/\/gr1993records.com\/index.php\/product\/peter-lipa-bandlive-in-hungary\/\",\"url\":\"https:\/\/gr1993records.com\/index.php\/product\/peter-lipa-bandlive-in-hungary\/\",\"name\":\"Peter Lipa Band Live in Hungary CD &#8211; GR1993 Records\",\"isPartOf\":{\"@id\":\"https:\/\/gr1993records.com\/#website\"},\"primaryImageOfPage\":{\"@id\":\"https:\/\/gr1993records.com\/index.php\/product\/peter-lipa-bandlive-in-hungary\/#primaryimage\"},\"image\":{\"@id\":\"https:\/\/gr1993records.com\/index.php\/product\/peter-lipa-bandlive-in-hungary\/#primaryimage\"},\"thumbnailUrl\":\"https:\/\/gr1993records.com\/wp-content\/uploads\/2023\/08\/Peter_Lipa_Live_In_Hungary_CD_front.jpg\",\"datePublished\":\"2023-08-16T08:48:03+00:00\",\"dateModified\":\"2026-03-31T08:10:42+00:00\",\"breadcrumb\":{\"@id\":\"https:\/\/gr1993records.com\/index.php\/product\/peter-lipa-bandlive-in-hungary\/#breadcrumb\"},\"inLanguage\":\"hu\",\"potentialAction\":[{\"@type\":\"ReadAction\",\"target\":[\"https:\/\/gr1993records.com\/index.php\/product\/peter-lipa-bandlive-in-hungary\/\"]}]},{\"@type\":\"ImageObject\",\"inLanguage\":\"hu\",\"@id\":\"https:\/\/gr1993records.com\/index.php\/product\/peter-lipa-bandlive-in-hungary\/#primaryimage\",\"url\":\"https:\/\/gr1993records.com\/wp-content\/uploads\/2023\/08\/Peter_Lipa_Live_In_Hungary_CD_front.jpg\",\"contentUrl\":\"https:\/\/gr1993records.com\/wp-content\/uploads\/2023\/08\/Peter_Lipa_Live_In_Hungary_CD_front.jpg\",\"width\":2000,\"height\":1983},{\"@type\":\"BreadcrumbList\",\"@id\":\"https:\/\/gr1993records.com\/index.php\/product\/peter-lipa-bandlive-in-hungary\/#breadcrumb\",\"itemListElement\":[{\"@type\":\"ListItem\",\"position\":1,\"name\":\"Home\",\"item\":\"https:\/\/gr1993records.com\/\"},{\"@type\":\"ListItem\",\"position\":2,\"name\":\"Kiadv\u00e1nyok\",\"item\":\"https:\/\/gr1993records.com\/index.php\/shop\/\"},{\"@type\":\"ListItem\",\"position\":3,\"name\":\"Peter Lipa Band Live in Hungary CD\"}]},{\"@type\":\"WebSite\",\"@id\":\"https:\/\/gr1993records.com\/#website\",\"url\":\"https:\/\/gr1993records.com\/\",\"name\":\"GR1993 Records\",\"description\":\"\",\"publisher\":{\"@id\":\"https:\/\/gr1993records.com\/#organization\"},\"potentialAction\":[{\"@type\":\"SearchAction\",\"target\":{\"@type\":\"EntryPoint\",\"urlTemplate\":\"https:\/\/gr1993records.com\/?s={search_term_string}\"},\"query-input\":{\"@type\":\"PropertyValueSpecification\",\"valueRequired\":true,\"valueName\":\"search_term_string\"}}],\"inLanguage\":\"hu\"},{\"@type\":\"Organization\",\"@id\":\"https:\/\/gr1993records.com\/#organization\",\"name\":\"Gramy-H Ltd.\",\"url\":\"https:\/\/gr1993records.com\/\",\"logo\":{\"@type\":\"ImageObject\",\"inLanguage\":\"hu\",\"@id\":\"https:\/\/gr1993records.com\/#\/schema\/logo\/image\/\",\"url\":\"https:\/\/gr1993records.com\/wp-content\/uploads\/2019\/08\/GR1993_Records_logo_CC.png\",\"contentUrl\":\"https:\/\/gr1993records.com\/wp-content\/uploads\/2019\/08\/GR1993_Records_logo_CC.png\",\"width\":2900,\"height\":2001,\"caption\":\"Gramy-H Ltd.\"},\"image\":{\"@id\":\"https:\/\/gr1993records.com\/#\/schema\/logo\/image\/\"},\"sameAs\":[\"https:\/\/www.facebook.com\/GR1993Records-113564886691383\/\"]}]}<\/script>\n<!-- \/ Yoast SEO plugin. -->","yoast_head_json":{"title":"Peter Lipa Band Live in Hungary CD &#8211; GR1993 Records","robots":{"index":"index","follow":"follow","max-snippet":"max-snippet:-1","max-image-preview":"max-image-preview:large","max-video-preview":"max-video-preview:-1"},"canonical":"https:\/\/gr1993records.com\/index.php\/product\/peter-lipa-bandlive-in-hungary\/","og_locale":"hu_HU","og_type":"article","og_title":"GR1993 Records","og_description":"[vc_row][vc_column][vc_column_text]2003-ban a Gramy Records gondoz\u00e1s\u00e1ban v\u00e9gre Magyarorsz\u00e1gon is el\u00e9rhet\u0151 lett K\u00f6z\u00e9p-Eur\u00f3pa egyik legjobb jazz \u00e9nekes\u00e9nek Beatles in Blue(s) c\u00edm\u0171, nagysikeru lemeze. A sz\u00ednvonalas \u00e9s soksz\u00edn\u0171 albumot a k\u00f6z\u00f6ns\u00e9g \u00e9s a szakma is nagy lelkesed\u00e9ssel fogadta. 2004 tavasz\u00e1n a Peter Lipa Band a Djabe zenekarral k\u00f6z\u00f6s, magyarorsz\u00e1gi turn\u00e9n vett r\u00e9szt. A koncerteket a Gramy Records r\u00f6gz\u00edtette, [&hellip;]","og_url":"https:\/\/gr1993records.com\/index.php\/product\/peter-lipa-bandlive-in-hungary\/","og_site_name":"GR1993 Records","article_publisher":"https:\/\/www.facebook.com\/GR1993Records-113564886691383\/","article_modified_time":"2026-03-31T08:10:42+00:00","og_image":[{"width":2000,"height":1983,"url":"https:\/\/gr1993records.com\/wp-content\/uploads\/2023\/08\/Peter_Lipa_Live_In_Hungary_CD_front.jpg","type":"image\/jpeg"}],"twitter_card":"summary_large_image","twitter_title":"GR1993 Records","twitter_image":"https:\/\/gr1993records.com\/wp-content\/uploads\/2023\/08\/Peter_Lipa_Live_In_Hungary_CD_front.jpg","twitter_misc":{"Becs\u00fclt olvas\u00e1si id\u0151":"2 perc"},"schema":{"@context":"https:\/\/schema.org","@graph":[{"@type":"WebPage","@id":"https:\/\/gr1993records.com\/index.php\/product\/peter-lipa-bandlive-in-hungary\/","url":"https:\/\/gr1993records.com\/index.php\/product\/peter-lipa-bandlive-in-hungary\/","name":"Peter Lipa Band Live in Hungary CD &#8211; GR1993 Records","isPartOf":{"@id":"https:\/\/gr1993records.com\/#website"},"primaryImageOfPage":{"@id":"https:\/\/gr1993records.com\/index.php\/product\/peter-lipa-bandlive-in-hungary\/#primaryimage"},"image":{"@id":"https:\/\/gr1993records.com\/index.php\/product\/peter-lipa-bandlive-in-hungary\/#primaryimage"},"thumbnailUrl":"https:\/\/gr1993records.com\/wp-content\/uploads\/2023\/08\/Peter_Lipa_Live_In_Hungary_CD_front.jpg","datePublished":"2023-08-16T08:48:03+00:00","dateModified":"2026-03-31T08:10:42+00:00","breadcrumb":{"@id":"https:\/\/gr1993records.com\/index.php\/product\/peter-lipa-bandlive-in-hungary\/#breadcrumb"},"inLanguage":"hu","potentialAction":[{"@type":"ReadAction","target":["https:\/\/gr1993records.com\/index.php\/product\/peter-lipa-bandlive-in-hungary\/"]}]},{"@type":"ImageObject","inLanguage":"hu","@id":"https:\/\/gr1993records.com\/index.php\/product\/peter-lipa-bandlive-in-hungary\/#primaryimage","url":"https:\/\/gr1993records.com\/wp-content\/uploads\/2023\/08\/Peter_Lipa_Live_In_Hungary_CD_front.jpg","contentUrl":"https:\/\/gr1993records.com\/wp-content\/uploads\/2023\/08\/Peter_Lipa_Live_In_Hungary_CD_front.jpg","width":2000,"height":1983},{"@type":"BreadcrumbList","@id":"https:\/\/gr1993records.com\/index.php\/product\/peter-lipa-bandlive-in-hungary\/#breadcrumb","itemListElement":[{"@type":"ListItem","position":1,"name":"Home","item":"https:\/\/gr1993records.com\/"},{"@type":"ListItem","position":2,"name":"Kiadv\u00e1nyok","item":"https:\/\/gr1993records.com\/index.php\/shop\/"},{"@type":"ListItem","position":3,"name":"Peter Lipa Band Live in Hungary CD"}]},{"@type":"WebSite","@id":"https:\/\/gr1993records.com\/#website","url":"https:\/\/gr1993records.com\/","name":"GR1993 Records","description":"","publisher":{"@id":"https:\/\/gr1993records.com\/#organization"},"potentialAction":[{"@type":"SearchAction","target":{"@type":"EntryPoint","urlTemplate":"https:\/\/gr1993records.com\/?s={search_term_string}"},"query-input":{"@type":"PropertyValueSpecification","valueRequired":true,"valueName":"search_term_string"}}],"inLanguage":"hu"},{"@type":"Organization","@id":"https:\/\/gr1993records.com\/#organization","name":"Gramy-H Ltd.","url":"https:\/\/gr1993records.com\/","logo":{"@type":"ImageObject","inLanguage":"hu","@id":"https:\/\/gr1993records.com\/#\/schema\/logo\/image\/","url":"https:\/\/gr1993records.com\/wp-content\/uploads\/2019\/08\/GR1993_Records_logo_CC.png","contentUrl":"https:\/\/gr1993records.com\/wp-content\/uploads\/2019\/08\/GR1993_Records_logo_CC.png","width":2900,"height":2001,"caption":"Gramy-H Ltd."},"image":{"@id":"https:\/\/gr1993records.com\/#\/schema\/logo\/image\/"},"sameAs":["https:\/\/www.facebook.com\/GR1993Records-113564886691383\/"]}]}},"jetpack_sharing_enabled":true,"_links":{"self":[{"href":"https:\/\/gr1993records.com\/index.php\/wp-json\/wp\/v2\/product\/6959","targetHints":{"allow":["GET"]}}],"collection":[{"href":"https:\/\/gr1993records.com\/index.php\/wp-json\/wp\/v2\/product"}],"about":[{"href":"https:\/\/gr1993records.com\/index.php\/wp-json\/wp\/v2\/types\/product"}],"wp:featuredmedia":[{"embeddable":true,"href":"https:\/\/gr1993records.com\/index.php\/wp-json\/wp\/v2\/media\/6960"}],"wp:attachment":[{"href":"https:\/\/gr1993records.com\/index.php\/wp-json\/wp\/v2\/media?parent=6959"}],"wp:term":[{"taxonomy":"product_brand","embeddable":true,"href":"https:\/\/gr1993records.com\/index.php\/wp-json\/wp\/v2\/product_brand?post=6959"},{"taxonomy":"product_cat","embeddable":true,"href":"https:\/\/gr1993records.com\/index.php\/wp-json\/wp\/v2\/product_cat?post=6959"},{"taxonomy":"product_tag","embeddable":true,"href":"https:\/\/gr1993records.com\/index.php\/wp-json\/wp\/v2\/product_tag?post=6959"}],"curies":[{"name":"wp","href":"https:\/\/api.w.org\/{rel}","templated":true}]}}