{"id":6948,"date":"2023-08-11T16:50:14","date_gmt":"2023-08-11T14:50:14","guid":{"rendered":"https:\/\/gr1993records.com\/?post_type=product&#038;p=6948"},"modified":"2026-03-31T10:11:04","modified_gmt":"2026-03-31T08:11:04","slug":"balogh-roland-twins-effect","status":"publish","type":"product","link":"https:\/\/gr1993records.com\/index.php\/product\/balogh-roland-twins-effect\/","title":{"rendered":"Balogh Roland <br>Twins Effect <br>CD"},"content":{"rendered":"<p>[vc_row][vc_column][vc_column_text]A magyar jazz kiemelked\u0151 \u00faj tehets\u00e9g\u00e9nek bemutatkoz\u00f3 albuma<\/p>\n<p><strong><a href=\"https:\/\/gr1993records.com\/index.php\/eloadok\/balogh-roland\/\">Balogh Roland<\/a><\/strong> 2009 j\u00falius\u00e1ban megnyerte a Nemzetk\u00f6zi Montreux-i Jazzgit\u00e1r Versenyt.<\/p>\n<p>Az\u00f3ta sz\u00e1mos k\u00fclf\u00f6ldi elismer\u00e9sben is r\u00e9szes\u00fclt, hiszen a kaliforniai Santa Monica jazz git\u00e1rversenyen is d\u00edjat kapott. A zs\u0171ri eln\u00f6ke, ak\u00e1rcsak Montreauxban itt is Lee Ritenour amerikai jazzgit\u00e1ros volt. Ritenour kiemelt figyelmet szentel Rolandnak, akit a j\u00f6v\u0151 egyik nagy rem\u00e9nys\u00e9g\u00e9nek tart. 2010-ben Emili\u00f3val a n\u00e9metorsz\u00e1gi V\u00f6lklingerben git\u00e1r \u2013 \u00e9nek du\u00f3 versenyen vettek r\u00e9szt, ahol 600 indul\u00f3b\u00f3l lettek els\u0151k.<\/p>\n<p>Balogh Roland bemutatkoz\u00f3 lemez\u00e9n a klasszikus jazz, a fusion \u00e9s a groove-os elemeket \u00f6tv\u00f6zi, \u00e9s olyan kiv\u00e1l\u00f3 zen\u00e9szekkel j\u00e1tszik egy\u00fctt, mint Balogh Zolt\u00e1n (zongora \u2013 a Montreux-i Jazz zongoraverseny k\u00f6z\u00e9pd\u00f6nt\u0151se), Horv\u00e1th \u201ePl\u00fat\u00f3\u201d J\u00f3zsef \u2013 basszusgit\u00e1r (2003-ban megnyerte a Dand\u00f3 P\u00e9ter basszusgit\u00e1r versenyt), Bord\u00e1s J\u00f3zsef \u2013 dob, Jelinek Emil \u201eEmili\u00f3\u201d \u2013 \u00e9nek, Ront\u00f3 Kitti \u2013 \u00e9nek.[\/vc_column_text][vc_empty_space height=&#8221;30px&#8221;][vc_single_image image=&#8221;6950&#8243; img_size=&#8221;full&#8221; alignment=&#8221;center&#8221;][vc_column_text]<\/p>\n<h3 style=\"text-align: center;\"><strong>Tracklista<\/strong><\/h3>\n<p>[\/vc_column_text][\/vc_column][\/vc_row][vc_row][vc_column][vc_column_text]<\/p>\n<p style=\"text-align: center;\">1. The Hero 9:33<br \/>\n2. Flamenco &#8211; feat. Emili\u00f3 7:20<br \/>\n3. In Memorian Fellini 7:18<br \/>\n4. Finucci Blues 7:37<br \/>\n5. Gipsy Camp Goes To Sky 5:56<br \/>\n6. Twins Effect &#8211; feat. Borb\u00e9ly Mih\u00e1ly 6:56<br \/>\n7. Round About Midnight 9:46<br \/>\n8. The Thief 6:55<br \/>\n9. Lord I Come To You &#8211; feat. Ront\u00f3 Kitty 6:25<\/p>\n<p>[\/vc_column_text][\/vc_column][\/vc_row][vc_row][vc_column][vc_column_text]<\/p>\n<h4 style=\"text-align: center;\"><strong>K\u00f6zrem\u0171k\u00f6d\u0151k:<\/strong><\/h4>\n<p style=\"text-align: center;\">Balogh Roland &#8211; git\u00e1r<br \/>\nBalogh Zolt\u00e1n &#8211; zongora<br \/>\nBord\u00e1s J\u00f3zsef &#8211; dob<br \/>\nHorv\u00e1th \u201ePl\u00fat\u00f3\u201d J\u00f3zsef &#8211; basszusgit\u00e1r<\/p>\n<p>[\/vc_column_text][\/vc_column][\/vc_row]<\/p>\n","protected":false},"excerpt":{"rendered":"<p>[vc_row][vc_column][vc_column_text]A magyar jazz kiemelked\u0151 \u00faj tehets\u00e9g\u00e9nek bemutatkoz\u00f3 albuma Balogh Roland 2009 j\u00falius\u00e1ban megnyerte a Nemzetk\u00f6zi Montreux-i Jazzgit\u00e1r Versenyt. Az\u00f3ta sz\u00e1mos k\u00fclf\u00f6ldi elismer\u00e9sben is r\u00e9szes\u00fclt, hiszen a kaliforniai Santa Monica jazz git\u00e1rversenyen is d\u00edjat kapott. A zs\u0171ri eln\u00f6ke, ak\u00e1rcsak Montreauxban itt is Lee Ritenour amerikai jazzgit\u00e1ros volt. Ritenour kiemelt figyelmet szentel Rolandnak, akit a j\u00f6v\u0151 egyik [&hellip;]<\/p>\n","protected":false},"featured_media":6949,"template":"","meta":[],"product_brand":[],"product_cat":[92],"product_tag":[424],"class_list":{"0":"post-6948","1":"product","2":"type-product","3":"status-publish","4":"has-post-thumbnail","6":"product_cat-cd","7":"product_tag-balogh-roland","8":"yith_product_brand-balogh-roland","9":"col-12 col-sm-6 col-md-4","11":"first","12":"instock","13":"sale","14":"shipping-taxable","15":"purchasable","16":"product-type-simple"},"yoast_head":"<!-- This site is optimized with the Yoast SEO plugin v27.2 - https:\/\/yoast.com\/product\/yoast-seo-wordpress\/ -->\n<title>Balogh Roland Twins Effect CD &#8211; GR1993 Records<\/title>\n<meta name=\"robots\" content=\"index, follow, max-snippet:-1, max-image-preview:large, max-video-preview:-1\" \/>\n<link rel=\"canonical\" href=\"https:\/\/gr1993records.com\/index.php\/product\/balogh-roland-twins-effect\/\" \/>\n<meta property=\"og:locale\" content=\"hu_HU\" \/>\n<meta property=\"og:type\" content=\"article\" \/>\n<meta property=\"og:title\" content=\"GR1993 Records\" \/>\n<meta property=\"og:description\" content=\"[vc_row][vc_column][vc_column_text]A magyar jazz kiemelked\u0151 \u00faj tehets\u00e9g\u00e9nek bemutatkoz\u00f3 albuma Balogh Roland 2009 j\u00falius\u00e1ban megnyerte a Nemzetk\u00f6zi Montreux-i Jazzgit\u00e1r Versenyt. Az\u00f3ta sz\u00e1mos k\u00fclf\u00f6ldi elismer\u00e9sben is r\u00e9szes\u00fclt, hiszen a kaliforniai Santa Monica jazz git\u00e1rversenyen is d\u00edjat kapott. A zs\u0171ri eln\u00f6ke, ak\u00e1rcsak Montreauxban itt is Lee Ritenour amerikai jazzgit\u00e1ros volt. Ritenour kiemelt figyelmet szentel Rolandnak, akit a j\u00f6v\u0151 egyik [&hellip;]\" \/>\n<meta property=\"og:url\" content=\"https:\/\/gr1993records.com\/index.php\/product\/balogh-roland-twins-effect\/\" \/>\n<meta property=\"og:site_name\" content=\"GR1993 Records\" \/>\n<meta property=\"article:publisher\" content=\"https:\/\/www.facebook.com\/GR1993Records-113564886691383\/\" \/>\n<meta property=\"article:modified_time\" content=\"2026-03-31T08:11:04+00:00\" \/>\n<meta property=\"og:image\" content=\"https:\/\/gr1993records.com\/wp-content\/uploads\/2023\/08\/Balogh_Roland_Twins_Effect_cover_1.jpg\" \/>\n\t<meta property=\"og:image:width\" content=\"2000\" \/>\n\t<meta property=\"og:image:height\" content=\"2000\" \/>\n\t<meta property=\"og:image:type\" content=\"image\/jpeg\" \/>\n<meta name=\"twitter:card\" content=\"summary_large_image\" \/>\n<meta name=\"twitter:title\" content=\"GR1993 Records\" \/>\n<meta name=\"twitter:image\" content=\"https:\/\/gr1993records.com\/wp-content\/uploads\/2023\/08\/Balogh_Roland_Twins_Effect_cover_1.jpg\" \/>\n<meta name=\"twitter:label1\" content=\"Becs\u00fclt olvas\u00e1si id\u0151\" \/>\n\t<meta name=\"twitter:data1\" content=\"2 perc\" \/>\n<script type=\"application\/ld+json\" class=\"yoast-schema-graph\">{\"@context\":\"https:\/\/schema.org\",\"@graph\":[{\"@type\":\"WebPage\",\"@id\":\"https:\/\/gr1993records.com\/index.php\/product\/balogh-roland-twins-effect\/\",\"url\":\"https:\/\/gr1993records.com\/index.php\/product\/balogh-roland-twins-effect\/\",\"name\":\"Balogh Roland Twins Effect CD &#8211; GR1993 Records\",\"isPartOf\":{\"@id\":\"https:\/\/gr1993records.com\/#website\"},\"primaryImageOfPage\":{\"@id\":\"https:\/\/gr1993records.com\/index.php\/product\/balogh-roland-twins-effect\/#primaryimage\"},\"image\":{\"@id\":\"https:\/\/gr1993records.com\/index.php\/product\/balogh-roland-twins-effect\/#primaryimage\"},\"thumbnailUrl\":\"https:\/\/gr1993records.com\/wp-content\/uploads\/2023\/08\/Balogh_Roland_Twins_Effect_cover_1.jpg\",\"datePublished\":\"2023-08-11T14:50:14+00:00\",\"dateModified\":\"2026-03-31T08:11:04+00:00\",\"breadcrumb\":{\"@id\":\"https:\/\/gr1993records.com\/index.php\/product\/balogh-roland-twins-effect\/#breadcrumb\"},\"inLanguage\":\"hu\",\"potentialAction\":[{\"@type\":\"ReadAction\",\"target\":[\"https:\/\/gr1993records.com\/index.php\/product\/balogh-roland-twins-effect\/\"]}]},{\"@type\":\"ImageObject\",\"inLanguage\":\"hu\",\"@id\":\"https:\/\/gr1993records.com\/index.php\/product\/balogh-roland-twins-effect\/#primaryimage\",\"url\":\"https:\/\/gr1993records.com\/wp-content\/uploads\/2023\/08\/Balogh_Roland_Twins_Effect_cover_1.jpg\",\"contentUrl\":\"https:\/\/gr1993records.com\/wp-content\/uploads\/2023\/08\/Balogh_Roland_Twins_Effect_cover_1.jpg\",\"width\":2000,\"height\":2000},{\"@type\":\"BreadcrumbList\",\"@id\":\"https:\/\/gr1993records.com\/index.php\/product\/balogh-roland-twins-effect\/#breadcrumb\",\"itemListElement\":[{\"@type\":\"ListItem\",\"position\":1,\"name\":\"Home\",\"item\":\"https:\/\/gr1993records.com\/\"},{\"@type\":\"ListItem\",\"position\":2,\"name\":\"Kiadv\u00e1nyok\",\"item\":\"https:\/\/gr1993records.com\/index.php\/shop\/\"},{\"@type\":\"ListItem\",\"position\":3,\"name\":\"Balogh Roland Twins Effect CD\"}]},{\"@type\":\"WebSite\",\"@id\":\"https:\/\/gr1993records.com\/#website\",\"url\":\"https:\/\/gr1993records.com\/\",\"name\":\"GR1993 Records\",\"description\":\"\",\"publisher\":{\"@id\":\"https:\/\/gr1993records.com\/#organization\"},\"potentialAction\":[{\"@type\":\"SearchAction\",\"target\":{\"@type\":\"EntryPoint\",\"urlTemplate\":\"https:\/\/gr1993records.com\/?s={search_term_string}\"},\"query-input\":{\"@type\":\"PropertyValueSpecification\",\"valueRequired\":true,\"valueName\":\"search_term_string\"}}],\"inLanguage\":\"hu\"},{\"@type\":\"Organization\",\"@id\":\"https:\/\/gr1993records.com\/#organization\",\"name\":\"Gramy-H Ltd.\",\"url\":\"https:\/\/gr1993records.com\/\",\"logo\":{\"@type\":\"ImageObject\",\"inLanguage\":\"hu\",\"@id\":\"https:\/\/gr1993records.com\/#\/schema\/logo\/image\/\",\"url\":\"https:\/\/gr1993records.com\/wp-content\/uploads\/2019\/08\/GR1993_Records_logo_CC.png\",\"contentUrl\":\"https:\/\/gr1993records.com\/wp-content\/uploads\/2019\/08\/GR1993_Records_logo_CC.png\",\"width\":2900,\"height\":2001,\"caption\":\"Gramy-H Ltd.\"},\"image\":{\"@id\":\"https:\/\/gr1993records.com\/#\/schema\/logo\/image\/\"},\"sameAs\":[\"https:\/\/www.facebook.com\/GR1993Records-113564886691383\/\"]}]}<\/script>\n<!-- \/ Yoast SEO plugin. -->","yoast_head_json":{"title":"Balogh Roland Twins Effect CD &#8211; GR1993 Records","robots":{"index":"index","follow":"follow","max-snippet":"max-snippet:-1","max-image-preview":"max-image-preview:large","max-video-preview":"max-video-preview:-1"},"canonical":"https:\/\/gr1993records.com\/index.php\/product\/balogh-roland-twins-effect\/","og_locale":"hu_HU","og_type":"article","og_title":"GR1993 Records","og_description":"[vc_row][vc_column][vc_column_text]A magyar jazz kiemelked\u0151 \u00faj tehets\u00e9g\u00e9nek bemutatkoz\u00f3 albuma Balogh Roland 2009 j\u00falius\u00e1ban megnyerte a Nemzetk\u00f6zi Montreux-i Jazzgit\u00e1r Versenyt. Az\u00f3ta sz\u00e1mos k\u00fclf\u00f6ldi elismer\u00e9sben is r\u00e9szes\u00fclt, hiszen a kaliforniai Santa Monica jazz git\u00e1rversenyen is d\u00edjat kapott. A zs\u0171ri eln\u00f6ke, ak\u00e1rcsak Montreauxban itt is Lee Ritenour amerikai jazzgit\u00e1ros volt. Ritenour kiemelt figyelmet szentel Rolandnak, akit a j\u00f6v\u0151 egyik [&hellip;]","og_url":"https:\/\/gr1993records.com\/index.php\/product\/balogh-roland-twins-effect\/","og_site_name":"GR1993 Records","article_publisher":"https:\/\/www.facebook.com\/GR1993Records-113564886691383\/","article_modified_time":"2026-03-31T08:11:04+00:00","og_image":[{"width":2000,"height":2000,"url":"https:\/\/gr1993records.com\/wp-content\/uploads\/2023\/08\/Balogh_Roland_Twins_Effect_cover_1.jpg","type":"image\/jpeg"}],"twitter_card":"summary_large_image","twitter_title":"GR1993 Records","twitter_image":"https:\/\/gr1993records.com\/wp-content\/uploads\/2023\/08\/Balogh_Roland_Twins_Effect_cover_1.jpg","twitter_misc":{"Becs\u00fclt olvas\u00e1si id\u0151":"2 perc"},"schema":{"@context":"https:\/\/schema.org","@graph":[{"@type":"WebPage","@id":"https:\/\/gr1993records.com\/index.php\/product\/balogh-roland-twins-effect\/","url":"https:\/\/gr1993records.com\/index.php\/product\/balogh-roland-twins-effect\/","name":"Balogh Roland Twins Effect CD &#8211; GR1993 Records","isPartOf":{"@id":"https:\/\/gr1993records.com\/#website"},"primaryImageOfPage":{"@id":"https:\/\/gr1993records.com\/index.php\/product\/balogh-roland-twins-effect\/#primaryimage"},"image":{"@id":"https:\/\/gr1993records.com\/index.php\/product\/balogh-roland-twins-effect\/#primaryimage"},"thumbnailUrl":"https:\/\/gr1993records.com\/wp-content\/uploads\/2023\/08\/Balogh_Roland_Twins_Effect_cover_1.jpg","datePublished":"2023-08-11T14:50:14+00:00","dateModified":"2026-03-31T08:11:04+00:00","breadcrumb":{"@id":"https:\/\/gr1993records.com\/index.php\/product\/balogh-roland-twins-effect\/#breadcrumb"},"inLanguage":"hu","potentialAction":[{"@type":"ReadAction","target":["https:\/\/gr1993records.com\/index.php\/product\/balogh-roland-twins-effect\/"]}]},{"@type":"ImageObject","inLanguage":"hu","@id":"https:\/\/gr1993records.com\/index.php\/product\/balogh-roland-twins-effect\/#primaryimage","url":"https:\/\/gr1993records.com\/wp-content\/uploads\/2023\/08\/Balogh_Roland_Twins_Effect_cover_1.jpg","contentUrl":"https:\/\/gr1993records.com\/wp-content\/uploads\/2023\/08\/Balogh_Roland_Twins_Effect_cover_1.jpg","width":2000,"height":2000},{"@type":"BreadcrumbList","@id":"https:\/\/gr1993records.com\/index.php\/product\/balogh-roland-twins-effect\/#breadcrumb","itemListElement":[{"@type":"ListItem","position":1,"name":"Home","item":"https:\/\/gr1993records.com\/"},{"@type":"ListItem","position":2,"name":"Kiadv\u00e1nyok","item":"https:\/\/gr1993records.com\/index.php\/shop\/"},{"@type":"ListItem","position":3,"name":"Balogh Roland Twins Effect CD"}]},{"@type":"WebSite","@id":"https:\/\/gr1993records.com\/#website","url":"https:\/\/gr1993records.com\/","name":"GR1993 Records","description":"","publisher":{"@id":"https:\/\/gr1993records.com\/#organization"},"potentialAction":[{"@type":"SearchAction","target":{"@type":"EntryPoint","urlTemplate":"https:\/\/gr1993records.com\/?s={search_term_string}"},"query-input":{"@type":"PropertyValueSpecification","valueRequired":true,"valueName":"search_term_string"}}],"inLanguage":"hu"},{"@type":"Organization","@id":"https:\/\/gr1993records.com\/#organization","name":"Gramy-H Ltd.","url":"https:\/\/gr1993records.com\/","logo":{"@type":"ImageObject","inLanguage":"hu","@id":"https:\/\/gr1993records.com\/#\/schema\/logo\/image\/","url":"https:\/\/gr1993records.com\/wp-content\/uploads\/2019\/08\/GR1993_Records_logo_CC.png","contentUrl":"https:\/\/gr1993records.com\/wp-content\/uploads\/2019\/08\/GR1993_Records_logo_CC.png","width":2900,"height":2001,"caption":"Gramy-H Ltd."},"image":{"@id":"https:\/\/gr1993records.com\/#\/schema\/logo\/image\/"},"sameAs":["https:\/\/www.facebook.com\/GR1993Records-113564886691383\/"]}]}},"jetpack_sharing_enabled":true,"_links":{"self":[{"href":"https:\/\/gr1993records.com\/index.php\/wp-json\/wp\/v2\/product\/6948","targetHints":{"allow":["GET"]}}],"collection":[{"href":"https:\/\/gr1993records.com\/index.php\/wp-json\/wp\/v2\/product"}],"about":[{"href":"https:\/\/gr1993records.com\/index.php\/wp-json\/wp\/v2\/types\/product"}],"wp:featuredmedia":[{"embeddable":true,"href":"https:\/\/gr1993records.com\/index.php\/wp-json\/wp\/v2\/media\/6949"}],"wp:attachment":[{"href":"https:\/\/gr1993records.com\/index.php\/wp-json\/wp\/v2\/media?parent=6948"}],"wp:term":[{"taxonomy":"product_brand","embeddable":true,"href":"https:\/\/gr1993records.com\/index.php\/wp-json\/wp\/v2\/product_brand?post=6948"},{"taxonomy":"product_cat","embeddable":true,"href":"https:\/\/gr1993records.com\/index.php\/wp-json\/wp\/v2\/product_cat?post=6948"},{"taxonomy":"product_tag","embeddable":true,"href":"https:\/\/gr1993records.com\/index.php\/wp-json\/wp\/v2\/product_tag?post=6948"}],"curies":[{"name":"wp","href":"https:\/\/api.w.org\/{rel}","templated":true}]}}