{"id":6927,"date":"2023-07-06T11:26:21","date_gmt":"2023-07-06T09:26:21","guid":{"rendered":"https:\/\/gr1993records.com\/?post_type=product&#038;p=6927"},"modified":"2026-03-31T10:11:28","modified_gmt":"2026-03-31T08:11:28","slug":"boggie-the-10-lp","status":"publish","type":"product","link":"https:\/\/gr1993records.com\/index.php\/product\/boggie-the-10-lp\/","title":{"rendered":"Boggie <br>the 10 <br>LP"},"content":{"rendered":"<p>[vc_row][vc_column][vc_column_text]<a href=\"https:\/\/gr1993records.com\/index.php\/eloadok\/boggie\/\"><strong>Csemer Bogl\u00e1rka Boggie<\/strong><\/a> vagyok. T\u00edz \u00e9ve, 2013-ban egy olyan siker t\u00f6rt\u00e9nt a szakmai \u00e9letemben, amit akkor alig hittem el: a Parf\u00fcm c\u00edm\u0171 dalom videoklipje az eg\u00e9sz vil\u00e1got bej\u00e1rta, \u00e9s gyakorlatilag elind\u00edtott a p\u00e1ly\u00e1mon. Ez a dal a mai napig meghat\u00e1roz\u00f3 r\u00e9sze az \u00e9letemnek, \u00edgy nem meglep\u0151, hogy felker\u00fclt a jubileumi \u00e9vre k\u00e9sz\u00edtett, a the 10 n\u00e9vre keresztelt bakelitre is. A bakelitre a 10 \u00e9v alatt megjelent 4 lemezem legjobb dalaib\u00f3l v\u00e1logattam. Hallhat\u00f3 t\u00f6bbek k\u00f6z\u00f6tt a Jap\u00e1nkert, a Run to the River, a F\u00fcst, a Wars for nothing \u00e9s a Fragilit\u00e9 is.<\/p>\n<p>Ezek a dalok mind nagyon fontosak sz\u00e1momra, mindegyik egy-egy m\u00e9rf\u00f6ldk\u00f6ve a p\u00e1lyafut\u00e1somnak. Rengeteg dolog t\u00f6rt\u00e9nt velem 2013 \u00f3ta, fell\u00e9phettem az Eurov\u00edzi\u00f3 sz\u00ednpad\u00e1n, az USA-ban \u00e9s Alg\u00e9ri\u00e1ban is. Ezek az \u00e9lm\u00e9nyek is mind hat\u00e1ssal voltak a zeneis\u00e9gemre, amik \u00edgy a magyar \u00e9s francia zenevil\u00e1g mellett fontos r\u00e9szei lettek a daloknak. K\u00e9t gyermek \u00e9desanyja is lettem, ez az \u00e9lm\u00e9ny is nagy hat\u00e1ssal volt a dalaimra. \u00dagy gondolom, minden dalom szem\u00e9lyes, \u00edgy a 10 \u00e9v \u00e9lm\u00e9nyei mind visszak\u00f6sz\u00f6nnek a dalaimon, le\u00edrva \u00e9s illusztr\u00e1lva ez hossz\u00fa utat.<\/p>\n<p>A jubileum most \u00edgy ebben az albumban, valamint az \u00fcnnepi koncertben cs\u00facsosodik ki. Rem\u00e9lem, m\u00e1s is olyan \u00f6r\u00f6mmel fogja k\u00e9zbe venni ezt a bakelitet, mint amilyen \u00f6r\u00f6mmel \u00e9s szeretettel \u00e9n v\u00e1logattam r\u00e1 a dalokat.[\/vc_column_text][vc_empty_space height=&#8221;30px&#8221;][vc_video link=&#8221;https:\/\/youtu.be\/5qrGOi41iwE&#8221; align=&#8221;center&#8221;][vc_empty_space height=&#8221;30px&#8221;][vc_single_image image=&#8221;6921&#8243; img_size=&#8221;full&#8221; alignment=&#8221;center&#8221;][vc_column_text]<\/p>\n<h3 style=\"text-align: center;\"><strong>Tracklista<\/strong><\/h3>\n<p>[\/vc_column_text][\/vc_column][\/vc_row][vc_row][vc_column][vc_column_text]<\/p>\n<h4 style=\"text-align: center;\"><strong>Side A<\/strong><\/h4>\n<p style=\"text-align: center;\">Parf\u00fcm<br \/>\nV\u00e9gtelen<br \/>\n\u00c1rny\u00e9k<br \/>\nF\u00fcst<br \/>\nFragilit\u00e9<br \/>\nRun To The River<\/p>\n<h4 style=\"text-align: center;\"><strong>Side B<\/strong><\/h4>\n<p style=\"text-align: center;\">Szabad\u00edt\u00f3<br \/>\nUtazom<br \/>\nMesszir\u0151l j\u00f6tt ember feat Grecs\u00f3 Kriszti\u00e1n<br \/>\nCamouflage<br \/>\nWars For Nothing<br \/>\nJap\u00e1nkert<br \/>\nUn an \u00e0 Paris<\/p>\n<p>[\/vc_column_text][\/vc_column][\/vc_row][vc_row][vc_column][vc_column_text]<\/p>\n<h4 style=\"text-align: center;\"><strong>K\u00f6zrem\u0171k\u00f6d\u0151k:<\/strong><\/h4>\n<p style=\"text-align: center;\"><strong>P\u00e9ter Dorozsmai, \u00c1ron Sebesty\u00e9n, Mih\u00e1ly Simk\u00f3- V\u00e1rnagy, Tam\u00e1s Szab\u00f3, G\u00e1bor Antal, Mil\u00e1n Szakonyi, S\u00e1ra H\u00e9l\u00e8ne Bori, Zs\u00f3fi Kem\u00e9ny, Miki Toldi, J\u00e1nos Lackfi, Kriszti\u00e1n Grecs\u00f3<\/strong><\/p>\n<p>[\/vc_column_text][\/vc_column][\/vc_row]<\/p>","protected":false},"excerpt":{"rendered":"<h3><strong>180 gr vinyl<\/strong><\/h3>\n","protected":false},"featured_media":6919,"template":"","meta":[],"product_brand":[],"product_cat":[91],"product_tag":[],"class_list":{"0":"post-6927","1":"product","2":"type-product","3":"status-publish","4":"has-post-thumbnail","6":"product_cat-lp","7":"yith_product_brand-boggie","8":"col-12 col-sm-6 col-md-4","10":"first","11":"instock","12":"sale","13":"featured","14":"shipping-taxable","15":"purchasable","16":"product-type-simple"},"yoast_head":"<!-- This site is optimized with the Yoast SEO plugin v27.2 - https:\/\/yoast.com\/product\/yoast-seo-wordpress\/ -->\n<title>Boggie the 10 LP &#8211; GR1993 Records<\/title>\n<meta name=\"robots\" content=\"index, follow, max-snippet:-1, max-image-preview:large, max-video-preview:-1\" \/>\n<link rel=\"canonical\" href=\"https:\/\/gr1993records.com\/index.php\/product\/boggie-the-10-lp\/\" \/>\n<meta property=\"og:locale\" content=\"hu_HU\" \/>\n<meta property=\"og:type\" content=\"article\" \/>\n<meta property=\"og:title\" content=\"GR1993 Records\" \/>\n<meta property=\"og:description\" content=\"[:hu]180 gr vinyl[:en]180 gr. vinyl[:]\" \/>\n<meta property=\"og:url\" content=\"https:\/\/gr1993records.com\/index.php\/product\/boggie-the-10-lp\/\" \/>\n<meta property=\"og:site_name\" content=\"GR1993 Records\" \/>\n<meta property=\"article:publisher\" content=\"https:\/\/www.facebook.com\/GR1993Records-113564886691383\/\" \/>\n<meta property=\"article:modified_time\" content=\"2026-03-31T08:11:28+00:00\" \/>\n<meta property=\"og:image\" content=\"https:\/\/gr1993records.com\/wp-content\/uploads\/2023\/07\/Boggie_the10_LP_mockup_2.jpg\" \/>\n\t<meta property=\"og:image:width\" content=\"2000\" \/>\n\t<meta property=\"og:image:height\" content=\"1154\" \/>\n\t<meta property=\"og:image:type\" content=\"image\/jpeg\" \/>\n<meta name=\"twitter:card\" content=\"summary_large_image\" \/>\n<meta name=\"twitter:title\" content=\"GR1993 Records\" \/>\n<meta name=\"twitter:image\" content=\"https:\/\/gr1993records.com\/wp-content\/uploads\/2023\/07\/Boggie_the10_LP_mockup_2.jpg\" \/>\n<meta name=\"twitter:label1\" content=\"Becs\u00fclt olvas\u00e1si id\u0151\" \/>\n\t<meta name=\"twitter:data1\" content=\"2 perc\" \/>\n<script type=\"application\/ld+json\" class=\"yoast-schema-graph\">{\"@context\":\"https:\/\/schema.org\",\"@graph\":[{\"@type\":\"WebPage\",\"@id\":\"https:\/\/gr1993records.com\/index.php\/product\/boggie-the-10-lp\/\",\"url\":\"https:\/\/gr1993records.com\/index.php\/product\/boggie-the-10-lp\/\",\"name\":\"Boggie the 10 LP &#8211; GR1993 Records\",\"isPartOf\":{\"@id\":\"https:\/\/gr1993records.com\/#website\"},\"primaryImageOfPage\":{\"@id\":\"https:\/\/gr1993records.com\/index.php\/product\/boggie-the-10-lp\/#primaryimage\"},\"image\":{\"@id\":\"https:\/\/gr1993records.com\/index.php\/product\/boggie-the-10-lp\/#primaryimage\"},\"thumbnailUrl\":\"https:\/\/gr1993records.com\/wp-content\/uploads\/2023\/07\/Boggie_the10_LP_Front.jpg\",\"datePublished\":\"2023-07-06T09:26:21+00:00\",\"dateModified\":\"2026-03-31T08:11:28+00:00\",\"breadcrumb\":{\"@id\":\"https:\/\/gr1993records.com\/index.php\/product\/boggie-the-10-lp\/#breadcrumb\"},\"inLanguage\":\"hu\",\"potentialAction\":[{\"@type\":\"ReadAction\",\"target\":[\"https:\/\/gr1993records.com\/index.php\/product\/boggie-the-10-lp\/\"]}]},{\"@type\":\"ImageObject\",\"inLanguage\":\"hu\",\"@id\":\"https:\/\/gr1993records.com\/index.php\/product\/boggie-the-10-lp\/#primaryimage\",\"url\":\"https:\/\/gr1993records.com\/wp-content\/uploads\/2023\/07\/Boggie_the10_LP_Front.jpg\",\"contentUrl\":\"https:\/\/gr1993records.com\/wp-content\/uploads\/2023\/07\/Boggie_the10_LP_Front.jpg\",\"width\":2000,\"height\":2000},{\"@type\":\"BreadcrumbList\",\"@id\":\"https:\/\/gr1993records.com\/index.php\/product\/boggie-the-10-lp\/#breadcrumb\",\"itemListElement\":[{\"@type\":\"ListItem\",\"position\":1,\"name\":\"Home\",\"item\":\"https:\/\/gr1993records.com\/\"},{\"@type\":\"ListItem\",\"position\":2,\"name\":\"Kiadv\u00e1nyok\",\"item\":\"https:\/\/gr1993records.com\/index.php\/shop\/\"},{\"@type\":\"ListItem\",\"position\":3,\"name\":\"Boggie the 10 LP\"}]},{\"@type\":\"WebSite\",\"@id\":\"https:\/\/gr1993records.com\/#website\",\"url\":\"https:\/\/gr1993records.com\/\",\"name\":\"GR1993 Records\",\"description\":\"\",\"publisher\":{\"@id\":\"https:\/\/gr1993records.com\/#organization\"},\"potentialAction\":[{\"@type\":\"SearchAction\",\"target\":{\"@type\":\"EntryPoint\",\"urlTemplate\":\"https:\/\/gr1993records.com\/?s={search_term_string}\"},\"query-input\":{\"@type\":\"PropertyValueSpecification\",\"valueRequired\":true,\"valueName\":\"search_term_string\"}}],\"inLanguage\":\"hu\"},{\"@type\":\"Organization\",\"@id\":\"https:\/\/gr1993records.com\/#organization\",\"name\":\"Gramy-H Ltd.\",\"url\":\"https:\/\/gr1993records.com\/\",\"logo\":{\"@type\":\"ImageObject\",\"inLanguage\":\"hu\",\"@id\":\"https:\/\/gr1993records.com\/#\/schema\/logo\/image\/\",\"url\":\"https:\/\/gr1993records.com\/wp-content\/uploads\/2019\/08\/GR1993_Records_logo_CC.png\",\"contentUrl\":\"https:\/\/gr1993records.com\/wp-content\/uploads\/2019\/08\/GR1993_Records_logo_CC.png\",\"width\":2900,\"height\":2001,\"caption\":\"Gramy-H Ltd.\"},\"image\":{\"@id\":\"https:\/\/gr1993records.com\/#\/schema\/logo\/image\/\"},\"sameAs\":[\"https:\/\/www.facebook.com\/GR1993Records-113564886691383\/\"]}]}<\/script>\n<!-- \/ Yoast SEO plugin. -->","yoast_head_json":{"title":"Boggie the 10 LP &#8211; GR1993 Records","robots":{"index":"index","follow":"follow","max-snippet":"max-snippet:-1","max-image-preview":"max-image-preview:large","max-video-preview":"max-video-preview:-1"},"canonical":"https:\/\/gr1993records.com\/index.php\/product\/boggie-the-10-lp\/","og_locale":"hu_HU","og_type":"article","og_title":"GR1993 Records","og_description":"[:hu]180 gr vinyl[:en]180 gr. vinyl[:]","og_url":"https:\/\/gr1993records.com\/index.php\/product\/boggie-the-10-lp\/","og_site_name":"GR1993 Records","article_publisher":"https:\/\/www.facebook.com\/GR1993Records-113564886691383\/","article_modified_time":"2026-03-31T08:11:28+00:00","og_image":[{"width":2000,"height":1154,"url":"https:\/\/gr1993records.com\/wp-content\/uploads\/2023\/07\/Boggie_the10_LP_mockup_2.jpg","type":"image\/jpeg"}],"twitter_card":"summary_large_image","twitter_title":"GR1993 Records","twitter_image":"https:\/\/gr1993records.com\/wp-content\/uploads\/2023\/07\/Boggie_the10_LP_mockup_2.jpg","twitter_misc":{"Becs\u00fclt olvas\u00e1si id\u0151":"2 perc"},"schema":{"@context":"https:\/\/schema.org","@graph":[{"@type":"WebPage","@id":"https:\/\/gr1993records.com\/index.php\/product\/boggie-the-10-lp\/","url":"https:\/\/gr1993records.com\/index.php\/product\/boggie-the-10-lp\/","name":"Boggie the 10 LP &#8211; GR1993 Records","isPartOf":{"@id":"https:\/\/gr1993records.com\/#website"},"primaryImageOfPage":{"@id":"https:\/\/gr1993records.com\/index.php\/product\/boggie-the-10-lp\/#primaryimage"},"image":{"@id":"https:\/\/gr1993records.com\/index.php\/product\/boggie-the-10-lp\/#primaryimage"},"thumbnailUrl":"https:\/\/gr1993records.com\/wp-content\/uploads\/2023\/07\/Boggie_the10_LP_Front.jpg","datePublished":"2023-07-06T09:26:21+00:00","dateModified":"2026-03-31T08:11:28+00:00","breadcrumb":{"@id":"https:\/\/gr1993records.com\/index.php\/product\/boggie-the-10-lp\/#breadcrumb"},"inLanguage":"hu","potentialAction":[{"@type":"ReadAction","target":["https:\/\/gr1993records.com\/index.php\/product\/boggie-the-10-lp\/"]}]},{"@type":"ImageObject","inLanguage":"hu","@id":"https:\/\/gr1993records.com\/index.php\/product\/boggie-the-10-lp\/#primaryimage","url":"https:\/\/gr1993records.com\/wp-content\/uploads\/2023\/07\/Boggie_the10_LP_Front.jpg","contentUrl":"https:\/\/gr1993records.com\/wp-content\/uploads\/2023\/07\/Boggie_the10_LP_Front.jpg","width":2000,"height":2000},{"@type":"BreadcrumbList","@id":"https:\/\/gr1993records.com\/index.php\/product\/boggie-the-10-lp\/#breadcrumb","itemListElement":[{"@type":"ListItem","position":1,"name":"Home","item":"https:\/\/gr1993records.com\/"},{"@type":"ListItem","position":2,"name":"Kiadv\u00e1nyok","item":"https:\/\/gr1993records.com\/index.php\/shop\/"},{"@type":"ListItem","position":3,"name":"Boggie the 10 LP"}]},{"@type":"WebSite","@id":"https:\/\/gr1993records.com\/#website","url":"https:\/\/gr1993records.com\/","name":"GR1993 Records","description":"","publisher":{"@id":"https:\/\/gr1993records.com\/#organization"},"potentialAction":[{"@type":"SearchAction","target":{"@type":"EntryPoint","urlTemplate":"https:\/\/gr1993records.com\/?s={search_term_string}"},"query-input":{"@type":"PropertyValueSpecification","valueRequired":true,"valueName":"search_term_string"}}],"inLanguage":"hu"},{"@type":"Organization","@id":"https:\/\/gr1993records.com\/#organization","name":"Gramy-H Ltd.","url":"https:\/\/gr1993records.com\/","logo":{"@type":"ImageObject","inLanguage":"hu","@id":"https:\/\/gr1993records.com\/#\/schema\/logo\/image\/","url":"https:\/\/gr1993records.com\/wp-content\/uploads\/2019\/08\/GR1993_Records_logo_CC.png","contentUrl":"https:\/\/gr1993records.com\/wp-content\/uploads\/2019\/08\/GR1993_Records_logo_CC.png","width":2900,"height":2001,"caption":"Gramy-H Ltd."},"image":{"@id":"https:\/\/gr1993records.com\/#\/schema\/logo\/image\/"},"sameAs":["https:\/\/www.facebook.com\/GR1993Records-113564886691383\/"]}]}},"jetpack_sharing_enabled":true,"_links":{"self":[{"href":"https:\/\/gr1993records.com\/index.php\/wp-json\/wp\/v2\/product\/6927","targetHints":{"allow":["GET"]}}],"collection":[{"href":"https:\/\/gr1993records.com\/index.php\/wp-json\/wp\/v2\/product"}],"about":[{"href":"https:\/\/gr1993records.com\/index.php\/wp-json\/wp\/v2\/types\/product"}],"wp:featuredmedia":[{"embeddable":true,"href":"https:\/\/gr1993records.com\/index.php\/wp-json\/wp\/v2\/media\/6919"}],"wp:attachment":[{"href":"https:\/\/gr1993records.com\/index.php\/wp-json\/wp\/v2\/media?parent=6927"}],"wp:term":[{"taxonomy":"product_brand","embeddable":true,"href":"https:\/\/gr1993records.com\/index.php\/wp-json\/wp\/v2\/product_brand?post=6927"},{"taxonomy":"product_cat","embeddable":true,"href":"https:\/\/gr1993records.com\/index.php\/wp-json\/wp\/v2\/product_cat?post=6927"},{"taxonomy":"product_tag","embeddable":true,"href":"https:\/\/gr1993records.com\/index.php\/wp-json\/wp\/v2\/product_tag?post=6927"}],"curies":[{"name":"wp","href":"https:\/\/api.w.org\/{rel}","templated":true}]}}