{"id":6900,"date":"2023-07-05T10:30:06","date_gmt":"2023-07-05T08:30:06","guid":{"rendered":"https:\/\/gr1993records.com\/?post_type=product&#038;p=6900"},"modified":"2026-03-31T10:12:06","modified_gmt":"2026-03-31T08:12:06","slug":"special-efx-featuring-chieli-minucci-twenty-twenty-2-2lp","status":"publish","type":"product","link":"https:\/\/gr1993records.com\/product\/special-efx-featuring-chieli-minucci-twenty-twenty-2-2lp\/","title":{"rendered":"Special EFX <br\/> featuring Chieli Minucci <br\/>Twenty Twenty 2 <br\/>2LP"},"content":{"rendered":"<p>[vc_row][vc_column][vc_column_text]<\/p>\n<div><span style=\"font-size: 1rem;\">Itt van 14 vadonat\u00faj felv\u00e9tel, valamint 3 b\u00f3nusz sz\u00e1m, vinyl lemezre r\u00f6gz\u00edtve. A zene nagyr\u00e9sze a pand\u00e9mia els\u0151 \u00e9v\u00e9ben sz\u00fcletett. Van k\u00f6zt\u00fck n\u00e9h\u00e1ny ismer\u0151s remake is, rem\u00e9lem, tetszeni fog. Egyszer azt olvastam, hogy a zeneszerz\u00e9s olyan, mint egy energiahull\u00e1m, amely \u00e1thalad az ember test\u00e9n \u2013 el\u0151sz\u00f6r fel\u00fclr\u0151l, az elm\u00e9n kereszt\u00fcl, majd a testen kereszt\u00fcl, v\u00e9g\u00fcl a kezeken kifel\u00e9, ki a vil\u00e1gba, hogy mindenkivel megoszthassa. M\u00e9g mindig ugyanazt az izgalmat \u00e9rzem a zene ir\u00e1nt, amit gyermekk\u00e9nt tapasztaltam, tal\u00e1n jobban, mint valaha.<\/span><\/div>\n<div><\/div>\n<div><span lang=\"HU\">K\u00f6sz\u00f6n\u00f6m minden zen\u00e9sz bar\u00e1tomnak a csod\u00e1latos \u00e9s sz\u00edvb\u0151l j\u00f6v\u0151 j\u00e1t\u00e9k\u00e1t \u00e9s m\u0171v\u00e9szi hozz\u00e1j\u00e1rul\u00e1s\u00e1t a Special EFX 40. \u00e9vfordul\u00f3j\u00e1hoz! Az inspir\u00e1ci\u00f3 minden ir\u00e1nyb\u00f3l \u00e9rkezik.<\/span><\/div>\n<div><\/div>\n<div><span lang=\"HU\">K\u00f6sz\u00f6n\u00f6m a zenei csal\u00e1domnak: a vokalista Maysa Leak, a basszusgit\u00e1ros Jerry Brooks \u00e9s Gerald Veasley, Ric Fierabracci, Dave Anderson \u00e9s Gianluca Minucci, a billenty\u0171s Lao Tizer, Jay Rowe, \u00e9s Oli Silk, az \u00fct\u0151hangszeres Mino Cin\u00e9lu \u00e9s Philip Hamilton, a szaxofonos Eric Marienthal, Nelson Rangell, \u00e9s Richie Cannata, a dobos Joel Rosenblatt, Lionel Cordew, \u00e9s John Favicchia, a heged\u0171s Antoine Silverman, \u00e9s a trombit\u00e1s Lin Rountree csod\u00e1latos k\u00f6zrem\u0171k\u00f6d\u00e9s\u00e9t!<\/span><\/div>\n<p>[\/vc_column_text][vc_empty_space height=&#8221;30px&#8221;][vc_video link=&#8221;https:\/\/youtu.be\/jNRnwuHvWvg&#8221; align=&#8221;center&#8221;][vc_empty_space height=&#8221;30px&#8221;][vc_column_text]<\/p>\n<div><span lang=\"HU\">Els\u0151sorban az\u00e9rt v\u00e1lasztottam a &#8220;Twenty Twenty 2&#8221; nevet, mert ez volt az az \u00e9v, amikor a zene el\u00e9rhet\u0151v\u00e9 v\u00e1lt az eg\u00e9sz vil\u00e1g sz\u00e1m\u00e1ra. Rem\u00e9lem, hogy a zenekedvel\u0151k a tartalm\u00e1t fentr\u0151l lefel\u00e9 haladva hallgatj\u00e1k majd meg, \u00fagy, ahogy van, az \u00e1ltalam v\u00e1lasztott sorrendben, valahogy \u00fagy, ahogy annak idej\u00e9n &#8211; a streaming \u00e9s a weboldalak kora el\u0151tt &#8211; mindannyian tett\u00fck.<\/span><\/div>\n<div><\/div>\n<div><span lang=\"HU\">Az \u201eEverything and Anything&#8221; sokaknak ismer\u0151sen fog hangzani, hiszen ez a k\u00f6zel 30 \u00e9vvel ezel\u0151tti &#8220;Anything and Everything&#8221; \u00fajrateremt\u00e9se! Olyan \u00fcd\u00edt\u0151 volt \u00fajra el\u0151venni a dalt, \u00e9s \u00fajra elk\u00e9sz\u00edteni a feldolgoz\u00e1st, hogy Eric Marienthal szaxofonos is szerepeljen benne! \u00c9rdekes m\u00f3don a dal soha nem jelent meg kislemezk\u00e9nt. Tal\u00e1n 2023-ban vagy ut\u00e1na elj\u00f6n majd a pillanat, amikor itt lesz!<\/span><\/div>\n<div><\/div>\n<div><span lang=\"HU\">Ahogy a vil\u00e1g a hagyom\u00e1nyos boltokt\u00f3l a szinte kiz\u00e1r\u00f3lag online \u00e9rt\u00e9kes\u00edt\u00e9s fel\u00e9 mozdult el, egyre nehezebb\u00e9 v\u00e1lt a fiatal m\u0171v\u00e9szek sz\u00e1m\u00e1ra, hogy val\u00f3ban meg\u00e9ljenek a zenei kreativit\u00e1sb\u00f3l. \u00c9n szerencs\u00e9s voltam abban a tekintetben, hogy a 80-as \u00e9vekben kezdtem LP-ket k\u00e9sz\u00edteni, ami sok \u00e9ven \u00e1t CD-kre v\u00e1ltozott. A mai technol\u00f3gia egyik sz\u00e9ps\u00e9ge azonban az, hogy a zenekedvel\u0151k milyen k\u00f6nnyen hallgathatnak \u00e9s v\u00e1s\u00e1rolhatnak zen\u00e9t. \u00dagy d\u00f6nt\u00f6ttem, hogy elfogadom, ahogy a technol\u00f3gia folyamatosan fejl\u0151dik &#8211; \u00e9s szeretn\u00e9m, ha ez az \u00faj Special EFX projekt k\u00f6nnyen el\u00e9rhet\u0151 lenne mindenhol, hogy mindenki \u00e9lvezhesse!<\/span><\/div>\n<div><\/div>\n<div><span lang=\"HU\">Ami a produkci\u00f3t illeti &#8211; a legt\u00f6bben tudj\u00e1k, hogy a Special EFX hagyom\u00e1nyosan egy st\u00fadi\u00f3ban egy\u00fctt j\u00e1tsz\u00f3 zenekar volt az \u00e9vek sor\u00e1n. A 2020-as j\u00e1rv\u00e1ny miatt ez a lehet\u0151s\u00e9g nem \u00e1llt rendelkez\u00e9sre. \u00cdgy, ahogyan azt sok koll\u00e9g\u00e1m is megtapasztalta az ut\u00f3bbi id\u0151ben, a zen\u00e9t gyakran r\u00e9szletekben, egym\u00e1st\u00f3l f\u00fcggetlen\u00fcl vett\u00fck fel. Ez \u00faj tapasztalat volt sz\u00e1momra, de szerencs\u00e9re hallani fogj\u00e1tok, hogy ezt nem lehet \u00e9szrevenni. A &#8220;Ballerina Dreams&#8221;, az 1989-es &#8220;Ballerina&#8221; egy \u00fajabb \u00fajraalkot\u00e1sa, \u00e9l\u0151ben ker\u00fclt r\u00f6gz\u00edt\u00e9sre a washingtoni SiriusXM st\u00fadi\u00f3ban, k\u00f6zvetlen\u00fcl a lez\u00e1r\u00e1s kezdete el\u0151tt.&#8221;<\/span><\/div>\n<div><\/div>\n<div><a href=\"https:\/\/gr1993records.com\/index.php\/eloadok\/special-efx\/\"><em>Chieli Minucci<\/em><\/a><\/div>\n<p>[\/vc_column_text][vc_empty_space height=&#8221;30px&#8221;][vc_video link=&#8221;https:\/\/youtu.be\/sTcnYpiRHVA&#8221; align=&#8221;center&#8221;][vc_empty_space height=&#8221;30px&#8221;][vc_single_image image=&#8221;6898&#8243; img_size=&#8221;full&#8221; alignment=&#8221;center&#8221;][vc_column_text]<\/p>\n<h3 style=\"text-align: center;\"><strong>Tracklista<\/strong><\/h3>\n<p>[\/vc_column_text][\/vc_column][\/vc_row][vc_row][vc_column width=&#8221;1\/2&#8243;][vc_column_text]<\/p>\n<h4 style=\"text-align: center;\"><strong>Side A<\/strong><\/h4>\n<p style=\"text-align: center;\">1. In Memory of Elizabeth Reed (8:46)<br \/>\n2. Gonna Be Alright (5:33)<br \/>\n3. Slow Hands (5:46)<\/p>\n<h4 style=\"text-align: center;\"><strong>Side B<\/strong><\/h4>\n<p style=\"text-align: center;\">1. Showboat (5:32)<br \/>\n2. Folks Like Us (5:37)<br \/>\n3. Ceili Music (5:39)<br \/>\n4. Kampalino (1:07)<br \/>\n5. Homeland (5:04)<\/p>\n<p>[\/vc_column_text][\/vc_column][vc_column width=&#8221;1\/2&#8243;][vc_column_text]<\/p>\n<h4 style=\"text-align: center;\"><strong>Side C<\/strong><\/h4>\n<p style=\"text-align: center;\">1. Everything &amp; Anything (4:19)<br \/>\n2. Novembers Child (5:09)<br \/>\n3. December (1:10)<br \/>\n4. Ballerina Dreams (7:33)<br \/>\n5. I\u2019m Leaving You (4:09)<\/p>\n<h4 style=\"text-align: center;\"><strong>Side D<\/strong><\/h4>\n<p style=\"text-align: center;\">1. Words Left Unsaid (4:17)<br \/>\n<strong>Bonus tracks<\/strong><br \/>\n2. Little Wing (5:32)<br \/>\n3. Cause We\u2019ve Ended As Lovers (8:10)<br \/>\n4. Liminality (3:58)<\/p>\n<p>[\/vc_column_text][\/vc_column][\/vc_row][vc_row][vc_column][vc_column_text]<\/p>\n<h4 style=\"text-align: center;\"><strong>K\u00f6zrem\u0171k\u00f6d\u0151k:<\/strong><\/h4>\n<p style=\"text-align: center;\"><span class=\"Apple-converted-space\">\u00a0<\/span><b>Chieli Minucci <\/b>\u2013 acoustic &amp; electric guitars, background vocals, keyboard backgrounds, shaker, guitars, keyboards, beats, synths<span class=\"Apple-converted-space\"><br \/>\n<\/span><b>Eric Marienthal <\/b>\u2013 saxophone<span class=\"Apple-converted-space\"><br \/>\n<\/span><b>Nelson Rangell <\/b>\u2013 saxophone, flute<span class=\"Apple-converted-space\"><br \/>\n<\/span><b>Richie Cannata <\/b>\u2013 saxophone, flute<span class=\"Apple-converted-space\"><br \/>\n<\/span><b>Maysa Leak <\/b>\u2013 vocals<span class=\"Apple-converted-space\"><br \/>\n<\/span><b>Lao Tizer <\/b>\u2013 keyboards, organ<span class=\"Apple-converted-space\"><br \/>\n<\/span><b>Jay Rowe <\/b>\u2013 keyboards<span class=\"Apple-converted-space\"><br \/>\n<\/span><b>Oli Silk <\/b>\u2013 keyboards<span class=\"Apple-converted-space\"><br \/>\n<\/span><b>Jerry Brooks <\/b>\u2013 bass<span class=\"Apple-converted-space\"><br \/>\n<\/span><b>Gerald Veasley <\/b>\u2013 bass<span class=\"Apple-converted-space\"><br \/>\n<\/span><b>Dave Anderson <\/b>\u2013 bass<span class=\"Apple-converted-space\"><br \/>\n<\/span><b>Gianluca Minucci <\/b>\u2013 bass<span class=\"Apple-converted-space\"><br \/>\n<\/span><b>Ric Fierabracci <\/b>\u2013 bass<span class=\"Apple-converted-space\"><br \/>\n<\/span><b>Joel Rosenblatt <\/b>\u2013 drums<span class=\"Apple-converted-space\"><br \/>\n<\/span><b>Lionel Cordew <\/b>\u2013 drums<span class=\"Apple-converted-space\"><br \/>\n<\/span><b>John Favicchia <\/b>\u2013 drums<span class=\"Apple-converted-space\"><br \/>\n<\/span><b>Mino Cin\u00e9lu <\/b>\u2013 percussion<span class=\"Apple-converted-space\"><br \/>\n<\/span><b>Philip Hamilton <\/b>\u2013 percussion<span class=\"Apple-converted-space\"><br \/>\n<\/span><b>Antoine Silverman <\/b>\u2013 violin<span class=\"Apple-converted-space\"><br \/>\n<\/span><b>Lin Rountree <\/b>\u2013 trumpet<span class=\"Apple-converted-space\">\u00a0<\/span><\/p>\n<p>[\/vc_column_text][\/vc_column][\/vc_row][vc_row][vc_column width=&#8221;1\/4&#8243;][vc_video link=&#8221;https:\/\/youtu.be\/HX7KOFzj_64&#8243; align=&#8221;center&#8221;][\/vc_column][vc_column width=&#8221;1\/4&#8243;][vc_video link=&#8221;https:\/\/youtu.be\/1ZP4bKLvUKs&#8221; align=&#8221;center&#8221;][\/vc_column][vc_column width=&#8221;1\/4&#8243;][vc_video link=&#8221;https:\/\/youtu.be\/x90Ng4RRPuc&#8221; align=&#8221;center&#8221;][\/vc_column][vc_column width=&#8221;1\/4&#8243;][vc_video link=&#8221;https:\/\/youtu.be\/bNBc4MISw5w&#8221; align=&#8221;center&#8221;][\/vc_column][\/vc_row]<\/p>","protected":false},"excerpt":{"rendered":"<h3><strong>Megjelen\u00e9s: 2023. szeptember 12.<\/strong><\/h3>\n<p>&#8220;M\u00e9g 1982-ben t\u00f6rt\u00e9nt, hogy az \u00fct\u0151hangszeres George Jinda (Jinda Gy\u00f6rgy) \u00e9s \u00e9n el\u0151sz\u00f6r tal\u00e1lkoztunk \u00e9s k\u00e9sz\u00edtett\u00fcnk egy\u00fctt felv\u00e9teleket. Ez eredetileg mell\u00e9kprojektnek indult sz\u00e1momra, az v\u00e1ratlanul egy t\u00f6bb mint 4 \u00e9vtizedes folyamatos lemezkiad\u00e1ss\u00e1 \u00e9s turn\u00e9v\u00e1 n\u0151tte ki mag\u00e1t! 40 \u00e9v! A Speciel EFX mindv\u00e9gig csod\u00e1latos bemutatkoz\u00e1si lehet\u0151s\u00e9g volt sz\u00e1momra, mint zeneszerz\u0151, hangszerel\u0151 \u00e9s git\u00e1ros. Micsoda aj\u00e1nd\u00e9k! H\u00e1l\u00e1s vagyok minden egyes napj\u00e1\u00e9rt. Id\u00e9n lesz 21 \u00e9ve, hogy George elhagyott minket. Szelleme azonban tov\u00e1bb \u00e9l a zen\u00e9nkben.<\/p>\n","protected":false},"featured_media":6897,"template":"","meta":[],"product_brand":[],"product_cat":[91],"product_tag":[],"class_list":{"0":"post-6900","1":"product","2":"type-product","3":"status-publish","4":"has-post-thumbnail","6":"product_cat-lp","7":"yith_product_brand-special-efx-featuring-chieli-minucci","8":"col-12 col-sm-6 col-md-4","10":"first","11":"instock","12":"featured","13":"shipping-taxable","14":"purchasable","15":"product-type-simple"},"yoast_head":"<!-- This site is optimized with the Yoast SEO plugin v27.5 - https:\/\/yoast.com\/product\/yoast-seo-wordpress\/ -->\n<title>Special EFX  featuring Chieli Minucci Twenty Twenty 2 2LP &#8211; GR1993 Records<\/title>\n<meta name=\"robots\" content=\"index, follow, max-snippet:-1, max-image-preview:large, max-video-preview:-1\" \/>\n<link rel=\"canonical\" href=\"https:\/\/gr1993records.com\/product\/special-efx-featuring-chieli-minucci-twenty-twenty-2-2lp\/\" \/>\n<meta property=\"og:locale\" content=\"hu_HU\" \/>\n<meta property=\"og:type\" content=\"article\" \/>\n<meta property=\"og:title\" content=\"GR1993 Records\" \/>\n<meta property=\"og:description\" content=\"[:hu]Megjelen\u00e9s: 2023. szeptember 12. &quot;M\u00e9g 1982-ben t\u00f6rt\u00e9nt, hogy az \u00fct\u0151hangszeres George Jinda (Jinda Gy\u00f6rgy) \u00e9s \u00e9n el\u0151sz\u00f6r tal\u00e1lkoztunk \u00e9s k\u00e9sz\u00edtett\u00fcnk egy\u00fctt felv\u00e9teleket. Ez eredetileg mell\u00e9kprojektnek indult sz\u00e1momra, az v\u00e1ratlanul egy t\u00f6bb mint 4 \u00e9vtizedes folyamatos lemezkiad\u00e1ss\u00e1 \u00e9s turn\u00e9v\u00e1 n\u0151tte ki mag\u00e1t! 40 \u00e9v! A Speciel EFX mindv\u00e9gig csod\u00e1latos bemutatkoz\u00e1si lehet\u0151s\u00e9g volt sz\u00e1momra, mint zeneszerz\u0151, hangszerel\u0151 \u00e9s git\u00e1ros. Micsoda aj\u00e1nd\u00e9k! H\u00e1l\u00e1s vagyok minden egyes napj\u00e1\u00e9rt. Id\u00e9n lesz 21 \u00e9ve, hogy George elhagyott minket. Szelleme azonban tov\u00e1bb \u00e9l a zen\u00e9nkben.[:en]Release date: 12th September 2023 &quot;It was back in 1982 that percussionist George Jinda and I first met and recorded music together. What started out as a kind of side project for me unexpectedly blossomed into more than 4 decades of recording and touring! 40 years! Special EFX has been a wonderful showcase for me as a composer, arranger, guitarist for all this time. What a gift! I\u2019m grateful every day for this gig! This year marks the 21st year since George left us. His spirit continues to live in our music.[:]\" \/>\n<meta property=\"og:url\" content=\"https:\/\/gr1993records.com\/product\/special-efx-featuring-chieli-minucci-twenty-twenty-2-2lp\/\" \/>\n<meta property=\"og:site_name\" content=\"GR1993 Records\" \/>\n<meta property=\"article:publisher\" content=\"https:\/\/www.facebook.com\/GR1993Records-113564886691383\/\" \/>\n<meta property=\"article:modified_time\" content=\"2026-03-31T08:12:06+00:00\" \/>\n<meta property=\"og:image\" content=\"https:\/\/gr1993records.com\/wp-content\/uploads\/2023\/07\/Special_EFX_Twenty_Twenty_2_2LP_Mock-up_v1_1.jpg\" \/>\n\t<meta property=\"og:image:width\" content=\"2000\" \/>\n\t<meta property=\"og:image:height\" content=\"1148\" \/>\n\t<meta property=\"og:image:type\" content=\"image\/jpeg\" \/>\n<meta name=\"twitter:card\" content=\"summary_large_image\" \/>\n<meta name=\"twitter:title\" content=\"GR1993 Records\" \/>\n<meta name=\"twitter:image\" content=\"https:\/\/gr1993records.com\/wp-content\/uploads\/2023\/07\/Special_EFX_Twenty_Twenty_2_2LP_Mock-up_v1_1.jpg\" \/>\n<meta name=\"twitter:label1\" content=\"Becs\u00fclt olvas\u00e1si id\u0151\" \/>\n\t<meta name=\"twitter:data1\" content=\"4 perc\" \/>\n<script type=\"application\/ld+json\" class=\"yoast-schema-graph\">{\"@context\":\"https:\\\/\\\/schema.org\",\"@graph\":[{\"@type\":\"WebPage\",\"@id\":\"https:\\\/\\\/gr1993records.com\\\/product\\\/special-efx-featuring-chieli-minucci-twenty-twenty-2-2lp\\\/\",\"url\":\"https:\\\/\\\/gr1993records.com\\\/product\\\/special-efx-featuring-chieli-minucci-twenty-twenty-2-2lp\\\/\",\"name\":\"Special EFX featuring Chieli Minucci Twenty Twenty 2 2LP &#8211; GR1993 Records\",\"isPartOf\":{\"@id\":\"https:\\\/\\\/gr1993records.com\\\/#website\"},\"primaryImageOfPage\":{\"@id\":\"https:\\\/\\\/gr1993records.com\\\/product\\\/special-efx-featuring-chieli-minucci-twenty-twenty-2-2lp\\\/#primaryimage\"},\"image\":{\"@id\":\"https:\\\/\\\/gr1993records.com\\\/product\\\/special-efx-featuring-chieli-minucci-twenty-twenty-2-2lp\\\/#primaryimage\"},\"thumbnailUrl\":\"https:\\\/\\\/gr1993records.com\\\/wp-content\\\/uploads\\\/2023\\\/07\\\/Chieli_Minucci_Twenty_Twenty_2_LP_Front.jpg\",\"datePublished\":\"2023-07-05T08:30:06+00:00\",\"dateModified\":\"2026-03-31T08:12:06+00:00\",\"breadcrumb\":{\"@id\":\"https:\\\/\\\/gr1993records.com\\\/product\\\/special-efx-featuring-chieli-minucci-twenty-twenty-2-2lp\\\/#breadcrumb\"},\"inLanguage\":\"hu\",\"potentialAction\":[{\"@type\":\"ReadAction\",\"target\":[\"https:\\\/\\\/gr1993records.com\\\/product\\\/special-efx-featuring-chieli-minucci-twenty-twenty-2-2lp\\\/\"]}]},{\"@type\":\"ImageObject\",\"inLanguage\":\"hu\",\"@id\":\"https:\\\/\\\/gr1993records.com\\\/product\\\/special-efx-featuring-chieli-minucci-twenty-twenty-2-2lp\\\/#primaryimage\",\"url\":\"https:\\\/\\\/gr1993records.com\\\/wp-content\\\/uploads\\\/2023\\\/07\\\/Chieli_Minucci_Twenty_Twenty_2_LP_Front.jpg\",\"contentUrl\":\"https:\\\/\\\/gr1993records.com\\\/wp-content\\\/uploads\\\/2023\\\/07\\\/Chieli_Minucci_Twenty_Twenty_2_LP_Front.jpg\",\"width\":2142,\"height\":2129},{\"@type\":\"BreadcrumbList\",\"@id\":\"https:\\\/\\\/gr1993records.com\\\/product\\\/special-efx-featuring-chieli-minucci-twenty-twenty-2-2lp\\\/#breadcrumb\",\"itemListElement\":[{\"@type\":\"ListItem\",\"position\":1,\"name\":\"Home\",\"item\":\"https:\\\/\\\/gr1993records.com\\\/?lang=en\"},{\"@type\":\"ListItem\",\"position\":2,\"name\":\"Releases\",\"item\":\"https:\\\/\\\/gr1993records.com\\\/shop\\\/?lang=en\"},{\"@type\":\"ListItem\",\"position\":3,\"name\":\"Special EFX featuring Chieli Minucci Twenty Twenty 2 2LP\"}]},{\"@type\":\"WebSite\",\"@id\":\"https:\\\/\\\/gr1993records.com\\\/#website\",\"url\":\"https:\\\/\\\/gr1993records.com\\\/\",\"name\":\"GR1993 Records\",\"description\":\"\",\"publisher\":{\"@id\":\"https:\\\/\\\/gr1993records.com\\\/#organization\"},\"potentialAction\":[{\"@type\":\"SearchAction\",\"target\":{\"@type\":\"EntryPoint\",\"urlTemplate\":\"https:\\\/\\\/gr1993records.com\\\/?s={search_term_string}\"},\"query-input\":{\"@type\":\"PropertyValueSpecification\",\"valueRequired\":true,\"valueName\":\"search_term_string\"}}],\"inLanguage\":\"hu\"},{\"@type\":\"Organization\",\"@id\":\"https:\\\/\\\/gr1993records.com\\\/#organization\",\"name\":\"Gramy-H Ltd.\",\"url\":\"https:\\\/\\\/gr1993records.com\\\/\",\"logo\":{\"@type\":\"ImageObject\",\"inLanguage\":\"hu\",\"@id\":\"https:\\\/\\\/gr1993records.com\\\/#\\\/schema\\\/logo\\\/image\\\/\",\"url\":\"https:\\\/\\\/gr1993records.com\\\/wp-content\\\/uploads\\\/2019\\\/08\\\/GR1993_Records_logo_CC.png\",\"contentUrl\":\"https:\\\/\\\/gr1993records.com\\\/wp-content\\\/uploads\\\/2019\\\/08\\\/GR1993_Records_logo_CC.png\",\"width\":2900,\"height\":2001,\"caption\":\"Gramy-H Ltd.\"},\"image\":{\"@id\":\"https:\\\/\\\/gr1993records.com\\\/#\\\/schema\\\/logo\\\/image\\\/\"},\"sameAs\":[\"https:\\\/\\\/www.facebook.com\\\/GR1993Records-113564886691383\\\/\"]}]}<\/script>\n<!-- \/ Yoast SEO plugin. -->","yoast_head_json":{"title":"Special EFX  featuring Chieli Minucci Twenty Twenty 2 2LP &#8211; GR1993 Records","robots":{"index":"index","follow":"follow","max-snippet":"max-snippet:-1","max-image-preview":"max-image-preview:large","max-video-preview":"max-video-preview:-1"},"canonical":"https:\/\/gr1993records.com\/product\/special-efx-featuring-chieli-minucci-twenty-twenty-2-2lp\/","og_locale":"hu_HU","og_type":"article","og_title":"GR1993 Records","og_description":"[:hu]Megjelen\u00e9s: 2023. szeptember 12. \"M\u00e9g 1982-ben t\u00f6rt\u00e9nt, hogy az \u00fct\u0151hangszeres George Jinda (Jinda Gy\u00f6rgy) \u00e9s \u00e9n el\u0151sz\u00f6r tal\u00e1lkoztunk \u00e9s k\u00e9sz\u00edtett\u00fcnk egy\u00fctt felv\u00e9teleket. Ez eredetileg mell\u00e9kprojektnek indult sz\u00e1momra, az v\u00e1ratlanul egy t\u00f6bb mint 4 \u00e9vtizedes folyamatos lemezkiad\u00e1ss\u00e1 \u00e9s turn\u00e9v\u00e1 n\u0151tte ki mag\u00e1t! 40 \u00e9v! A Speciel EFX mindv\u00e9gig csod\u00e1latos bemutatkoz\u00e1si lehet\u0151s\u00e9g volt sz\u00e1momra, mint zeneszerz\u0151, hangszerel\u0151 \u00e9s git\u00e1ros. Micsoda aj\u00e1nd\u00e9k! H\u00e1l\u00e1s vagyok minden egyes napj\u00e1\u00e9rt. Id\u00e9n lesz 21 \u00e9ve, hogy George elhagyott minket. Szelleme azonban tov\u00e1bb \u00e9l a zen\u00e9nkben.[:en]Release date: 12th September 2023 \"It was back in 1982 that percussionist George Jinda and I first met and recorded music together. What started out as a kind of side project for me unexpectedly blossomed into more than 4 decades of recording and touring! 40 years! Special EFX has been a wonderful showcase for me as a composer, arranger, guitarist for all this time. What a gift! I\u2019m grateful every day for this gig! This year marks the 21st year since George left us. His spirit continues to live in our music.[:]","og_url":"https:\/\/gr1993records.com\/product\/special-efx-featuring-chieli-minucci-twenty-twenty-2-2lp\/","og_site_name":"GR1993 Records","article_publisher":"https:\/\/www.facebook.com\/GR1993Records-113564886691383\/","article_modified_time":"2026-03-31T08:12:06+00:00","og_image":[{"width":2000,"height":1148,"url":"https:\/\/gr1993records.com\/wp-content\/uploads\/2023\/07\/Special_EFX_Twenty_Twenty_2_2LP_Mock-up_v1_1.jpg","type":"image\/jpeg"}],"twitter_card":"summary_large_image","twitter_title":"GR1993 Records","twitter_image":"https:\/\/gr1993records.com\/wp-content\/uploads\/2023\/07\/Special_EFX_Twenty_Twenty_2_2LP_Mock-up_v1_1.jpg","twitter_misc":{"Becs\u00fclt olvas\u00e1si id\u0151":"4 perc"},"schema":{"@context":"https:\/\/schema.org","@graph":[{"@type":"WebPage","@id":"https:\/\/gr1993records.com\/product\/special-efx-featuring-chieli-minucci-twenty-twenty-2-2lp\/","url":"https:\/\/gr1993records.com\/product\/special-efx-featuring-chieli-minucci-twenty-twenty-2-2lp\/","name":"Special EFX featuring Chieli Minucci Twenty Twenty 2 2LP &#8211; GR1993 Records","isPartOf":{"@id":"https:\/\/gr1993records.com\/#website"},"primaryImageOfPage":{"@id":"https:\/\/gr1993records.com\/product\/special-efx-featuring-chieli-minucci-twenty-twenty-2-2lp\/#primaryimage"},"image":{"@id":"https:\/\/gr1993records.com\/product\/special-efx-featuring-chieli-minucci-twenty-twenty-2-2lp\/#primaryimage"},"thumbnailUrl":"https:\/\/gr1993records.com\/wp-content\/uploads\/2023\/07\/Chieli_Minucci_Twenty_Twenty_2_LP_Front.jpg","datePublished":"2023-07-05T08:30:06+00:00","dateModified":"2026-03-31T08:12:06+00:00","breadcrumb":{"@id":"https:\/\/gr1993records.com\/product\/special-efx-featuring-chieli-minucci-twenty-twenty-2-2lp\/#breadcrumb"},"inLanguage":"hu","potentialAction":[{"@type":"ReadAction","target":["https:\/\/gr1993records.com\/product\/special-efx-featuring-chieli-minucci-twenty-twenty-2-2lp\/"]}]},{"@type":"ImageObject","inLanguage":"hu","@id":"https:\/\/gr1993records.com\/product\/special-efx-featuring-chieli-minucci-twenty-twenty-2-2lp\/#primaryimage","url":"https:\/\/gr1993records.com\/wp-content\/uploads\/2023\/07\/Chieli_Minucci_Twenty_Twenty_2_LP_Front.jpg","contentUrl":"https:\/\/gr1993records.com\/wp-content\/uploads\/2023\/07\/Chieli_Minucci_Twenty_Twenty_2_LP_Front.jpg","width":2142,"height":2129},{"@type":"BreadcrumbList","@id":"https:\/\/gr1993records.com\/product\/special-efx-featuring-chieli-minucci-twenty-twenty-2-2lp\/#breadcrumb","itemListElement":[{"@type":"ListItem","position":1,"name":"Home","item":"https:\/\/gr1993records.com\/?lang=en"},{"@type":"ListItem","position":2,"name":"Releases","item":"https:\/\/gr1993records.com\/shop\/?lang=en"},{"@type":"ListItem","position":3,"name":"Special EFX featuring Chieli Minucci Twenty Twenty 2 2LP"}]},{"@type":"WebSite","@id":"https:\/\/gr1993records.com\/#website","url":"https:\/\/gr1993records.com\/","name":"GR1993 Records","description":"","publisher":{"@id":"https:\/\/gr1993records.com\/#organization"},"potentialAction":[{"@type":"SearchAction","target":{"@type":"EntryPoint","urlTemplate":"https:\/\/gr1993records.com\/?s={search_term_string}"},"query-input":{"@type":"PropertyValueSpecification","valueRequired":true,"valueName":"search_term_string"}}],"inLanguage":"hu"},{"@type":"Organization","@id":"https:\/\/gr1993records.com\/#organization","name":"Gramy-H Ltd.","url":"https:\/\/gr1993records.com\/","logo":{"@type":"ImageObject","inLanguage":"hu","@id":"https:\/\/gr1993records.com\/#\/schema\/logo\/image\/","url":"https:\/\/gr1993records.com\/wp-content\/uploads\/2019\/08\/GR1993_Records_logo_CC.png","contentUrl":"https:\/\/gr1993records.com\/wp-content\/uploads\/2019\/08\/GR1993_Records_logo_CC.png","width":2900,"height":2001,"caption":"Gramy-H Ltd."},"image":{"@id":"https:\/\/gr1993records.com\/#\/schema\/logo\/image\/"},"sameAs":["https:\/\/www.facebook.com\/GR1993Records-113564886691383\/"]}]}},"jetpack_sharing_enabled":true,"_links":{"self":[{"href":"https:\/\/gr1993records.com\/wp-json\/wp\/v2\/product\/6900","targetHints":{"allow":["GET"]}}],"collection":[{"href":"https:\/\/gr1993records.com\/wp-json\/wp\/v2\/product"}],"about":[{"href":"https:\/\/gr1993records.com\/wp-json\/wp\/v2\/types\/product"}],"wp:featuredmedia":[{"embeddable":true,"href":"https:\/\/gr1993records.com\/wp-json\/wp\/v2\/media\/6897"}],"wp:attachment":[{"href":"https:\/\/gr1993records.com\/wp-json\/wp\/v2\/media?parent=6900"}],"wp:term":[{"taxonomy":"product_brand","embeddable":true,"href":"https:\/\/gr1993records.com\/wp-json\/wp\/v2\/product_brand?post=6900"},{"taxonomy":"product_cat","embeddable":true,"href":"https:\/\/gr1993records.com\/wp-json\/wp\/v2\/product_cat?post=6900"},{"taxonomy":"product_tag","embeddable":true,"href":"https:\/\/gr1993records.com\/wp-json\/wp\/v2\/product_tag?post=6900"}],"curies":[{"name":"wp","href":"https:\/\/api.w.org\/{rel}","templated":true}]}}