{"id":6843,"date":"2023-04-19T13:11:24","date_gmt":"2023-04-19T11:11:24","guid":{"rendered":"https:\/\/gr1993records.com\/?post_type=product&#038;p=6843"},"modified":"2026-04-02T13:58:57","modified_gmt":"2026-04-02T11:58:57","slug":"djabeart-in-tone3lp-box-ajandek-dvd-24-96","status":"publish","type":"product","link":"https:\/\/gr1993records.com\/index.php\/product\/djabeart-in-tone3lp-box-ajandek-dvd-24-96\/","title":{"rendered":"Djabe <br\/>Art In Tone <br\/>3LP-box <br\/>+ aj\u00e1nd\u00e9k DVD (24\/96)"},"content":{"rendered":"<p>[vc_row][vc_column][vc_column_text]<\/p>\n<h3><strong>Direct-to-disc 45 RPM, teljesen anal\u00f3g lemezfelv\u00e9tel<\/strong><\/h3>\n<h3><strong>GR-164-1, GR1993 Records, Quality Vinyl Projects<\/strong><\/h3>\n<p>2022 okt\u00f3ber\u00e9ben a Djabe zenekar a hollandiai Record Industry lemezgy\u00e1r ARTONE st\u00fadi\u00f3j\u00e1ban k\u00fcl\u00f6nleges lemezfelv\u00e9telt k\u00e9sz\u00edtett. A zenekar egyb\u0151l lemezre vettel fel a dupla album 4 oldal\u00e1t. A r\u00f6gz\u00edt\u00e9s a Direct Metal Mastering v\u00e1g\u00f3g\u00e9pen t\u00f6rt\u00e9nt, kiz\u00e1r\u00f3lag cs\u00facsmin\u0151s\u00e9g\u0171 anal\u00f3g berendez\u00e9seken.<\/p>\n<p>A zenekar ismert felv\u00e9teleinek, vinyl lemezeinek kiv\u00e1l\u00f3 hangz\u00e1s\u00e1r\u00f3l. T\u00f6bb lemez\u00fcket is r\u00f6gz\u00edtett\u00e9k anal\u00f3g technik\u00e1val, illetve mindig anal\u00f3g mesterszalagr\u00f3l v\u00e1gj\u00e1k a lemezeiket, de direktben lemezre m\u00e9g nem r\u00f6gz\u00edtett\u00e9k egyetlen albumukat sem.<\/p>\n<p>Az ARTONE st\u00fadi\u00f3 cs\u00facsmin\u0151s\u00e9g\u0171 technik\u00e1j\u00e1nak \u00e9s a st\u00fadi\u00f3 munkat\u00e1rsai felk\u00e9sz\u00fclts\u00e9g\u00e9nek k\u00f6sz\u00f6nhet\u0151en az eredm\u00e9ny egyed\u00fcl\u00e1ll\u00f3 a zenekar t\u00f6rt\u00e9net\u00e9ben. A lemezek olyan fokon adj\u00e1k vissza az anal\u00f3g hangz\u00e1st, ami nemzetk\u00f6zi viszonylatban is kiemelked\u0151.<\/p>\n<p>Barab\u00e1s Tam\u00e1s, a zenekar hangm\u00e9rn\u00f6ke \u00e9s basszusgit\u00e1rosa szorosan egy\u00fctt dolgozott a st\u00fadi\u00f3 szakembereivel a Rinus Hooning \u00e9s Martijn Schouten m\u00e9rn\u00f6k\u00f6kkel a felv\u00e9tel sor\u00e1n.<\/p>\n<div><a href=\"https:\/\/www.youtube.com\/watch?v=SW-e8MVDTX4\" target=\"_blank\" rel=\"noopener\"><span lang=\"HU\">A projectr\u0151l k\u00e9sz\u00fclt dokumentumfilm itt n\u00e9zhet\u0151 meg.<\/span><\/a><\/div>\n<div><\/div>\n<div>\n<div><span lang=\"HU\"><a href=\"https:\/\/djabe.hu\/djabe-direct-to-disc-lemezfelvetel-a-hollandiai-artone-studioban\/\">\u00c9gerh\u00e1zi Attila cikke a felv\u00e9telr\u0151l itt olvashat\u00f3<\/a><\/span><\/div>\n<\/div>\n<p>[\/vc_column_text][vc_video link=&#8221;https:\/\/www.youtube.com\/watch?v=3DyWK8DSo_c&#8221; align=&#8221;center&#8221;][vc_column_text]<strong>A felv\u00e9teln\u00e9l haszn\u00e1lt eszk\u00f6z\u00f6k list\u00e1ja:<\/strong><\/p>\n<p><strong>Mikrofonok: <\/strong><br \/>\nTelefunken drum-kit set<br \/>\nClassical guitar \u2013 Neumann TLM-170<br \/>\nElectric guitar\/Roland GR-55 \u2013 DI<br \/>\nTrumpet, flugelhorn &#8211; AKG-C414 EB \/ RCA KU \u2013 3A<br \/>\nPercussion \u2013 2 \u00d7 KM254 tube Stereo setting<br \/>\nFender Rhodes, Nord Stage \u2013 DI<br \/>\nBass guitar \u2013 DI<br \/>\nVocal \u2013 DPA d:facto\u2122 4018<br \/>\n<strong>St\u00fadi\u00f3berendez\u00e9sek list\u00e1ja: <\/strong><br \/>\nTree Audio Roots console tube 16 channels<br \/>\nMidas console analoque 8 channels<br \/>\nEMT Gold plate<br \/>\nMaselec mastering console<br \/>\nVMS 82 DMM cutting lathe (Direct Metal Mastering)<br \/>\nStuder A80 for safety recording<br \/>\nStuder A80 for playback Steve Hackett tape<br \/>\n<strong>Mastering eszk\u00f6z\u00f6k: <\/strong><br \/>\nAltec Tube Limiters 322 &#8211; C<br \/>\nCinema Engineering Passive filters 400031 &#8211; B<br \/>\nMaselec Equalizer MEA &#8211; 2<br \/>\nMaselec Compressor MLA &#8211; 2<br \/>\nMaselec H.F. Limiter MPL \u2013 2<\/p>\n<p><strong>A lemezen k\u00f6zrem\u0171k\u00f6d\u0151 el\u0151ad\u00f3k:<\/strong><\/p>\n<p><strong>Barab\u00e1s Tam\u00e1s<\/strong>\u00a0basszusgit\u00e1r, hangm\u00e9rn\u00f6k<br \/>\n<strong>\u00c9gerh\u00e1zi Attila<\/strong>\u00a0klasszikus \u00e9s elektromos git\u00e1r, \u00fct\u0151hangszerek<br \/>\n<strong>Ko\u00f3s-Hut\u00e1s \u00c1ron<\/strong>\u00a0trombita, sz\u00e1rnyk\u00fcrt<br \/>\n<strong>Kasz\u00e1s P\u00e9ter<\/strong>\u00a0dobok, \u00e9nek<br \/>\n<strong>Bubeny\u00e1k Zolt\u00e1n<\/strong>\u00a0billenty\u0171s hangszerek<br \/>\n<strong>Steve Hackett<\/strong>\u00a0el\u0151re r\u00f6gz\u00edtett elektromos git\u00e1r szalagr\u00f3l (D\/3)<\/p>\n<h3>A box tartalma<\/h3>\n<p><strong>Djabe: Art In Tone 2LP, 45 RPM<\/strong><\/p>\n<p>A direct-to-disc felv\u00e9tel 4 lemezoldal\u00e1t tartalmaz\u00f3 album kihajthat\u00f3 bor\u00edt\u00f3ban, antisztatikus bels\u0151 tasakban,180 grammos fekete lemezen. A bor\u00edt\u00f3n elolvashat\u00f3 a felv\u00e9tel t\u00f6rt\u00e9nete, gazdagon illusztr\u00e1lva fot\u00f3kkal.<\/p>\n<p><strong>LP1 Art In Tone<\/strong><br \/>\nDirect-to-disc recording<\/p>\n<p>Side A (45 RPM)<br \/>\n1. Clouds Dance 6:06<br \/>\n2. Turtle Trek 6:38<br \/>\n3. Distant Dance 4:27<br \/>\n17:11<\/p>\n<p>Side B (45 RPM)<br \/>\n1. Lava Lamp 9:15<br \/>\n2. Two Little Snowflakes 7:49<br \/>\n17:04<\/p>\n<p><strong>LP2 Art In Tone<\/strong><br \/>\nDirect-to-disc recording<\/p>\n<p>Side C (45 RPM)<br \/>\n1. Deep Lights 8:35<br \/>\n2. Buzzy Island 6:40<br \/>\n15:15<\/p>\n<p>Side D (45 RPM)<br \/>\n1. Island 4:55<br \/>\n2. Beats Of Haarlem 5:49<br \/>\n3. In That Quiet Earth 5:02<br \/>\n15:46<\/p>\n<div>\n<div><\/div>\n<\/div>\n<p>[\/vc_column_text][vc_single_image image=&#8221;6844&#8243; img_size=&#8221;full&#8221; alignment=&#8221;center&#8221;][vc_column_text]<strong>Djabe: Sound Still Life LP, 45 RPM<\/strong><\/p>\n<p>A 2019-es budapesti HiFi show nagy attrakci\u00f3ja volt az Audiophyle Szalon \u00e9s a Djabe k\u00f6z\u00f6s standja, ahol a High-End cs\u00facsmin\u0151s\u00e9g\u00e9t jelent\u0151 McIntosh \u00e9s Sonus Faber elemeket tartalmaz\u00f3 rendszeren \u00e9l\u0151ben j\u00e1tszott a Djabe. A k\u00f6z\u00f6ns\u00e9g k\u00f6r\u00e9ben nagy sikert aratott koncerteket a zenekar 24 s\u00e1vos anal\u00f3g magn\u00f3val r\u00f6gz\u00edtette, \u00e9s k\u00e9sz\u00edtett az anyagb\u00f3l egy 34 perces v\u00e1logat\u00e1st, melyet szint\u00e9n 45 RPM sebess\u00e9gen v\u00e1gtak lemezre DMM technik\u00e1val.<br \/>\nEzzel az albummal teljes a Djabe \u00e9s az Audiophyle Szalon k\u00f6z\u00f6s lemezprojektje.<\/p>\n<p><strong>LP3 Sound Still Life<\/strong><br \/>\nLive at the Budapest HIFI Show 2019<\/p>\n<p>Side E (45 RPM)<br \/>\n1. Behind The Veil 11:23<br \/>\n2. Witchi Tai To 6:08<br \/>\n17:31<\/p>\n<p>Side F (45 RPM)<br \/>\n1. Sheafs Are Dancing 3:03<br \/>\n2. House On The Hill 4:15<br \/>\n3. Reflection Of Thi\u00e9rache 7:27<br \/>\n4. Flowers Stillness 1:56<br \/>\n16:51[\/vc_column_text][vc_single_image image=&#8221;6845&#8243; img_size=&#8221;full&#8221; alignment=&#8221;center&#8221;][vc_column_text]<strong>Djabe: Making Of Art In Tone DVD<\/strong><\/p>\n<p>Az LP boxhoz csomagolt DVD-n megtekinthet\u0151 a 4 lemezoldal r\u00f6gz\u00edt\u00e9se sor\u00e1n k\u00e9sz\u00edtett 14 kamer\u00e1s videofelv\u00e9tel, mely hitelesen dokument\u00e1lja a folyamatot. A vide\u00f3 24 bit \/ 96 kHz nagyfelbont\u00e1s\u00fa sztere\u00f3 hanggal rendelkezik, melyet a lemezfelv\u00e9tel sor\u00e1n biztons\u00e1gi k\u00f3piak\u00e9nt haszn\u00e1lt mesterszalagokr\u00f3l digitaliz\u00e1ltak 24 bit \/ 192 kHz min\u0151s\u00e9gben.<br \/>\nA lemezoldalak mellett magyar \u00e9s angol nyelv\u0171 dokumentumfilmek mutatj\u00e1k be a hollandiai felv\u00e9tel teljes folyamat\u00e1t.<\/p>\n<p>Recording Side A \u2013 24 bit \/ 96 kHz stereo<br \/>\nRecording Side B \u2013 24 bit \/ 96 kHz stereo<br \/>\nRecording Side C \u2013 24 bit \/ 96 kHz stereo<br \/>\nRecording Side D \u2013 24 bit \/ 96 kHz stereo<br \/>\nMaking of Art In Tone \u2013 English documentary 24 bit \/ 48 kHz stereo<br \/>\nMaking of Art In Tone \u2013 Magyar dokumnetumfilm 24 bit \/ 48 kHz sztereo<br \/>\nDirect-to-disc recording session at Artone Studio \u2013 S8 film clip[\/vc_column_text][vc_single_image image=&#8221;6847&#8243; img_size=&#8221;full&#8221; alignment=&#8221;center&#8221;][vc_empty_space height=&#8221;20px&#8221;][vc_column_text]T\u00e1mogatta:<\/p>\n<p><img loading=\"lazy\" decoding=\"async\" class=\"alignnone wp-image-5805\" src=\"https:\/\/gr1993records.com\/wp-content\/uploads\/2020\/07\/nka-300x94.png\" alt=\"\" width=\"207\" height=\"65\" srcset=\"https:\/\/gr1993records.com\/wp-content\/uploads\/2020\/07\/nka-300x94.png 300w, https:\/\/gr1993records.com\/wp-content\/uploads\/2020\/07\/nka-600x188.png 600w, https:\/\/gr1993records.com\/wp-content\/uploads\/2020\/07\/nka.png 640w\" sizes=\"auto, (max-width: 207px) 100vw, 207px\" \/>\u00a0 \u00a0 \u00a0 \u00a0\u00a0<img loading=\"lazy\" decoding=\"async\" class=\"alignnone size-medium wp-image-6859\" src=\"https:\/\/gr1993records.com\/wp-content\/uploads\/2023\/04\/Audiophile_logo_black_1-300x68.png\" alt=\"\" width=\"300\" height=\"68\" srcset=\"https:\/\/gr1993records.com\/wp-content\/uploads\/2023\/04\/Audiophile_logo_black_1-300x68.png 300w, https:\/\/gr1993records.com\/wp-content\/uploads\/2023\/04\/Audiophile_logo_black_1-1024x230.png 1024w, https:\/\/gr1993records.com\/wp-content\/uploads\/2023\/04\/Audiophile_logo_black_1-768x173.png 768w, https:\/\/gr1993records.com\/wp-content\/uploads\/2023\/04\/Audiophile_logo_black_1-600x135.png 600w, https:\/\/gr1993records.com\/wp-content\/uploads\/2023\/04\/Audiophile_logo_black_1.png 1253w\" sizes=\"auto, (max-width: 300px) 100vw, 300px\" \/>[\/vc_column_text][\/vc_column][\/vc_row]<\/p>","protected":false},"excerpt":{"rendered":"<p>Megjelen\u00e9s: 2023. m\u00e1jus 19.<\/p>\n","protected":false},"featured_media":6848,"template":"","meta":[],"product_brand":[],"product_cat":[93,91],"product_tag":[],"class_list":{"0":"post-6843","1":"product","2":"type-product","3":"status-publish","4":"has-post-thumbnail","6":"product_cat-dvd","7":"product_cat-lp","8":"yith_product_brand-djabe","9":"col-12 col-sm-6 col-md-4","11":"first","12":"instock","13":"featured","14":"shipping-taxable","15":"purchasable","16":"product-type-simple"},"yoast_head":"<!-- This site is optimized with the Yoast SEO plugin v27.3 - https:\/\/yoast.com\/product\/yoast-seo-wordpress\/ -->\n<title>Djabe Art In Tone 3LP-box + aj\u00e1nd\u00e9k DVD (24\/96) &#8211; GR1993 Records<\/title>\n<meta name=\"robots\" content=\"index, follow, max-snippet:-1, max-image-preview:large, max-video-preview:-1\" \/>\n<link rel=\"canonical\" href=\"https:\/\/gr1993records.com\/index.php\/product\/djabeart-in-tone3lp-box-ajandek-dvd-24-96\/\" \/>\n<meta property=\"og:locale\" content=\"hu_HU\" \/>\n<meta property=\"og:type\" content=\"article\" \/>\n<meta property=\"og:title\" content=\"Djabe Art In Tone 3LP-box + aj\u00e1nd\u00e9k DVD (24\/96) &#8211; GR1993 Records\" \/>\n<meta property=\"og:description\" content=\"[:hu]Megjelen\u00e9s: 2023. m\u00e1jus 19.[:en]Release date: 19 May 2023[:]\" \/>\n<meta property=\"og:url\" content=\"https:\/\/gr1993records.com\/index.php\/product\/djabeart-in-tone3lp-box-ajandek-dvd-24-96\/\" \/>\n<meta property=\"og:site_name\" content=\"GR1993 Records\" \/>\n<meta property=\"article:publisher\" content=\"https:\/\/www.facebook.com\/GR1993Records-113564886691383\/\" \/>\n<meta property=\"article:modified_time\" content=\"2026-04-02T11:58:57+00:00\" \/>\n<meta property=\"og:image\" content=\"https:\/\/gr1993records.com\/wp-content\/uploads\/2023\/04\/Djabe_Art_In_Tone_3LP_Mock-up_v1_1.png\" \/>\n\t<meta property=\"og:image:width\" content=\"2000\" \/>\n\t<meta property=\"og:image:height\" content=\"780\" \/>\n\t<meta property=\"og:image:type\" content=\"image\/png\" \/>\n<meta name=\"twitter:card\" content=\"summary_large_image\" \/>\n<meta name=\"twitter:image\" content=\"https:\/\/gr1993records.com\/wp-content\/uploads\/2023\/04\/Djabe_Art_In_Tone_3LP_Mock-up_v1_1.png\" \/>\n<meta name=\"twitter:label1\" content=\"Becs\u00fclt olvas\u00e1si id\u0151\" \/>\n\t<meta name=\"twitter:data1\" content=\"5 perc\" \/>\n<script type=\"application\/ld+json\" class=\"yoast-schema-graph\">{\"@context\":\"https:\\\/\\\/schema.org\",\"@graph\":[{\"@type\":\"WebPage\",\"@id\":\"https:\\\/\\\/gr1993records.com\\\/index.php\\\/product\\\/djabeart-in-tone3lp-box-ajandek-dvd-24-96\\\/\",\"url\":\"https:\\\/\\\/gr1993records.com\\\/index.php\\\/product\\\/djabeart-in-tone3lp-box-ajandek-dvd-24-96\\\/\",\"name\":\"Djabe Art In Tone 3LP-box + aj\u00e1nd\u00e9k DVD (24\\\/96) &#8211; GR1993 Records\",\"isPartOf\":{\"@id\":\"https:\\\/\\\/gr1993records.com\\\/#website\"},\"primaryImageOfPage\":{\"@id\":\"https:\\\/\\\/gr1993records.com\\\/index.php\\\/product\\\/djabeart-in-tone3lp-box-ajandek-dvd-24-96\\\/#primaryimage\"},\"image\":{\"@id\":\"https:\\\/\\\/gr1993records.com\\\/index.php\\\/product\\\/djabeart-in-tone3lp-box-ajandek-dvd-24-96\\\/#primaryimage\"},\"thumbnailUrl\":\"https:\\\/\\\/gr1993records.com\\\/wp-content\\\/uploads\\\/2023\\\/04\\\/Djabe_Art_In_Tone_3LP_cover_1.jpg\",\"datePublished\":\"2023-04-19T11:11:24+00:00\",\"dateModified\":\"2026-04-02T11:58:57+00:00\",\"breadcrumb\":{\"@id\":\"https:\\\/\\\/gr1993records.com\\\/index.php\\\/product\\\/djabeart-in-tone3lp-box-ajandek-dvd-24-96\\\/#breadcrumb\"},\"inLanguage\":\"hu\",\"potentialAction\":[{\"@type\":\"ReadAction\",\"target\":[\"https:\\\/\\\/gr1993records.com\\\/index.php\\\/product\\\/djabeart-in-tone3lp-box-ajandek-dvd-24-96\\\/\"]}]},{\"@type\":\"ImageObject\",\"inLanguage\":\"hu\",\"@id\":\"https:\\\/\\\/gr1993records.com\\\/index.php\\\/product\\\/djabeart-in-tone3lp-box-ajandek-dvd-24-96\\\/#primaryimage\",\"url\":\"https:\\\/\\\/gr1993records.com\\\/wp-content\\\/uploads\\\/2023\\\/04\\\/Djabe_Art_In_Tone_3LP_cover_1.jpg\",\"contentUrl\":\"https:\\\/\\\/gr1993records.com\\\/wp-content\\\/uploads\\\/2023\\\/04\\\/Djabe_Art_In_Tone_3LP_cover_1.jpg\",\"width\":2000,\"height\":2000},{\"@type\":\"BreadcrumbList\",\"@id\":\"https:\\\/\\\/gr1993records.com\\\/index.php\\\/product\\\/djabeart-in-tone3lp-box-ajandek-dvd-24-96\\\/#breadcrumb\",\"itemListElement\":[{\"@type\":\"ListItem\",\"position\":1,\"name\":\"Home\",\"item\":\"https:\\\/\\\/gr1993records.com\\\/\"},{\"@type\":\"ListItem\",\"position\":2,\"name\":\"Kiadv\u00e1nyok\",\"item\":\"https:\\\/\\\/gr1993records.com\\\/index.php\\\/shop\\\/\"},{\"@type\":\"ListItem\",\"position\":3,\"name\":\"Djabe Art In Tone 3LP-box + aj\u00e1nd\u00e9k DVD (24\\\/96)\"}]},{\"@type\":\"WebSite\",\"@id\":\"https:\\\/\\\/gr1993records.com\\\/#website\",\"url\":\"https:\\\/\\\/gr1993records.com\\\/\",\"name\":\"GR1993 Records\",\"description\":\"\",\"publisher\":{\"@id\":\"https:\\\/\\\/gr1993records.com\\\/#organization\"},\"potentialAction\":[{\"@type\":\"SearchAction\",\"target\":{\"@type\":\"EntryPoint\",\"urlTemplate\":\"https:\\\/\\\/gr1993records.com\\\/?s={search_term_string}\"},\"query-input\":{\"@type\":\"PropertyValueSpecification\",\"valueRequired\":true,\"valueName\":\"search_term_string\"}}],\"inLanguage\":\"hu\"},{\"@type\":\"Organization\",\"@id\":\"https:\\\/\\\/gr1993records.com\\\/#organization\",\"name\":\"Gramy-H Ltd.\",\"url\":\"https:\\\/\\\/gr1993records.com\\\/\",\"logo\":{\"@type\":\"ImageObject\",\"inLanguage\":\"hu\",\"@id\":\"https:\\\/\\\/gr1993records.com\\\/#\\\/schema\\\/logo\\\/image\\\/\",\"url\":\"https:\\\/\\\/gr1993records.com\\\/wp-content\\\/uploads\\\/2019\\\/08\\\/GR1993_Records_logo_CC.png\",\"contentUrl\":\"https:\\\/\\\/gr1993records.com\\\/wp-content\\\/uploads\\\/2019\\\/08\\\/GR1993_Records_logo_CC.png\",\"width\":2900,\"height\":2001,\"caption\":\"Gramy-H Ltd.\"},\"image\":{\"@id\":\"https:\\\/\\\/gr1993records.com\\\/#\\\/schema\\\/logo\\\/image\\\/\"},\"sameAs\":[\"https:\\\/\\\/www.facebook.com\\\/GR1993Records-113564886691383\\\/\"]}]}<\/script>\n<!-- \/ Yoast SEO plugin. -->","yoast_head_json":{"title":"Djabe Art In Tone 3LP-box + aj\u00e1nd\u00e9k DVD (24\/96) &#8211; GR1993 Records","robots":{"index":"index","follow":"follow","max-snippet":"max-snippet:-1","max-image-preview":"max-image-preview:large","max-video-preview":"max-video-preview:-1"},"canonical":"https:\/\/gr1993records.com\/index.php\/product\/djabeart-in-tone3lp-box-ajandek-dvd-24-96\/","og_locale":"hu_HU","og_type":"article","og_title":"Djabe Art In Tone 3LP-box + aj\u00e1nd\u00e9k DVD (24\/96) &#8211; GR1993 Records","og_description":"[:hu]Megjelen\u00e9s: 2023. m\u00e1jus 19.[:en]Release date: 19 May 2023[:]","og_url":"https:\/\/gr1993records.com\/index.php\/product\/djabeart-in-tone3lp-box-ajandek-dvd-24-96\/","og_site_name":"GR1993 Records","article_publisher":"https:\/\/www.facebook.com\/GR1993Records-113564886691383\/","article_modified_time":"2026-04-02T11:58:57+00:00","og_image":[{"width":2000,"height":780,"url":"https:\/\/gr1993records.com\/wp-content\/uploads\/2023\/04\/Djabe_Art_In_Tone_3LP_Mock-up_v1_1.png","type":"image\/png"}],"twitter_card":"summary_large_image","twitter_image":"https:\/\/gr1993records.com\/wp-content\/uploads\/2023\/04\/Djabe_Art_In_Tone_3LP_Mock-up_v1_1.png","twitter_misc":{"Becs\u00fclt olvas\u00e1si id\u0151":"5 perc"},"schema":{"@context":"https:\/\/schema.org","@graph":[{"@type":"WebPage","@id":"https:\/\/gr1993records.com\/index.php\/product\/djabeart-in-tone3lp-box-ajandek-dvd-24-96\/","url":"https:\/\/gr1993records.com\/index.php\/product\/djabeart-in-tone3lp-box-ajandek-dvd-24-96\/","name":"Djabe Art In Tone 3LP-box + aj\u00e1nd\u00e9k DVD (24\/96) &#8211; GR1993 Records","isPartOf":{"@id":"https:\/\/gr1993records.com\/#website"},"primaryImageOfPage":{"@id":"https:\/\/gr1993records.com\/index.php\/product\/djabeart-in-tone3lp-box-ajandek-dvd-24-96\/#primaryimage"},"image":{"@id":"https:\/\/gr1993records.com\/index.php\/product\/djabeart-in-tone3lp-box-ajandek-dvd-24-96\/#primaryimage"},"thumbnailUrl":"https:\/\/gr1993records.com\/wp-content\/uploads\/2023\/04\/Djabe_Art_In_Tone_3LP_cover_1.jpg","datePublished":"2023-04-19T11:11:24+00:00","dateModified":"2026-04-02T11:58:57+00:00","breadcrumb":{"@id":"https:\/\/gr1993records.com\/index.php\/product\/djabeart-in-tone3lp-box-ajandek-dvd-24-96\/#breadcrumb"},"inLanguage":"hu","potentialAction":[{"@type":"ReadAction","target":["https:\/\/gr1993records.com\/index.php\/product\/djabeart-in-tone3lp-box-ajandek-dvd-24-96\/"]}]},{"@type":"ImageObject","inLanguage":"hu","@id":"https:\/\/gr1993records.com\/index.php\/product\/djabeart-in-tone3lp-box-ajandek-dvd-24-96\/#primaryimage","url":"https:\/\/gr1993records.com\/wp-content\/uploads\/2023\/04\/Djabe_Art_In_Tone_3LP_cover_1.jpg","contentUrl":"https:\/\/gr1993records.com\/wp-content\/uploads\/2023\/04\/Djabe_Art_In_Tone_3LP_cover_1.jpg","width":2000,"height":2000},{"@type":"BreadcrumbList","@id":"https:\/\/gr1993records.com\/index.php\/product\/djabeart-in-tone3lp-box-ajandek-dvd-24-96\/#breadcrumb","itemListElement":[{"@type":"ListItem","position":1,"name":"Home","item":"https:\/\/gr1993records.com\/"},{"@type":"ListItem","position":2,"name":"Kiadv\u00e1nyok","item":"https:\/\/gr1993records.com\/index.php\/shop\/"},{"@type":"ListItem","position":3,"name":"Djabe Art In Tone 3LP-box + aj\u00e1nd\u00e9k DVD (24\/96)"}]},{"@type":"WebSite","@id":"https:\/\/gr1993records.com\/#website","url":"https:\/\/gr1993records.com\/","name":"GR1993 Records","description":"","publisher":{"@id":"https:\/\/gr1993records.com\/#organization"},"potentialAction":[{"@type":"SearchAction","target":{"@type":"EntryPoint","urlTemplate":"https:\/\/gr1993records.com\/?s={search_term_string}"},"query-input":{"@type":"PropertyValueSpecification","valueRequired":true,"valueName":"search_term_string"}}],"inLanguage":"hu"},{"@type":"Organization","@id":"https:\/\/gr1993records.com\/#organization","name":"Gramy-H Ltd.","url":"https:\/\/gr1993records.com\/","logo":{"@type":"ImageObject","inLanguage":"hu","@id":"https:\/\/gr1993records.com\/#\/schema\/logo\/image\/","url":"https:\/\/gr1993records.com\/wp-content\/uploads\/2019\/08\/GR1993_Records_logo_CC.png","contentUrl":"https:\/\/gr1993records.com\/wp-content\/uploads\/2019\/08\/GR1993_Records_logo_CC.png","width":2900,"height":2001,"caption":"Gramy-H Ltd."},"image":{"@id":"https:\/\/gr1993records.com\/#\/schema\/logo\/image\/"},"sameAs":["https:\/\/www.facebook.com\/GR1993Records-113564886691383\/"]}]}},"jetpack_sharing_enabled":true,"_links":{"self":[{"href":"https:\/\/gr1993records.com\/index.php\/wp-json\/wp\/v2\/product\/6843","targetHints":{"allow":["GET"]}}],"collection":[{"href":"https:\/\/gr1993records.com\/index.php\/wp-json\/wp\/v2\/product"}],"about":[{"href":"https:\/\/gr1993records.com\/index.php\/wp-json\/wp\/v2\/types\/product"}],"wp:featuredmedia":[{"embeddable":true,"href":"https:\/\/gr1993records.com\/index.php\/wp-json\/wp\/v2\/media\/6848"}],"wp:attachment":[{"href":"https:\/\/gr1993records.com\/index.php\/wp-json\/wp\/v2\/media?parent=6843"}],"wp:term":[{"taxonomy":"product_brand","embeddable":true,"href":"https:\/\/gr1993records.com\/index.php\/wp-json\/wp\/v2\/product_brand?post=6843"},{"taxonomy":"product_cat","embeddable":true,"href":"https:\/\/gr1993records.com\/index.php\/wp-json\/wp\/v2\/product_cat?post=6843"},{"taxonomy":"product_tag","embeddable":true,"href":"https:\/\/gr1993records.com\/index.php\/wp-json\/wp\/v2\/product_tag?post=6843"}],"curies":[{"name":"wp","href":"https:\/\/api.w.org\/{rel}","templated":true}]}}