{"id":6789,"date":"2023-02-09T13:56:24","date_gmt":"2023-02-09T12:56:24","guid":{"rendered":"https:\/\/gr1993records.com\/?post_type=product&#038;p=6789"},"modified":"2026-03-31T10:45:37","modified_gmt":"2026-03-31T08:45:37","slug":"djabe-steve-hackett-live-in-gyor-2cd-blu-ray","status":"publish","type":"product","link":"https:\/\/gr1993records.com\/index.php\/product\/djabe-steve-hackett-live-in-gyor-2cd-blu-ray\/","title":{"rendered":"Djabe &#038; Steve Hackett <br\/> Live In Gy\u0151r <br\/>(2CD\/Blu-ray)"},"content":{"rendered":"<p>[vc_row][vc_column][vc_column_text]A Djabe &amp; Steve Hackett form\u00e1ci\u00f3 a Covid miatt elhalasztott 2020-as \u00e9s 2021-es turn\u00e9t 2022-ben p\u00f3tolta be. A zen\u00e9szek tal\u00e1n emiatt is ki voltak \u00e9hezve a k\u00f6z\u00f6s muzsik\u00e1l\u00e1sra, \u00edgy a turn\u00e9n a zenekar nagyon egy\u00fctt volt \u00e9s minden id\u0151k legjobb teljes\u00edtm\u00e9ny\u00e9t ny\u00fajtotta.<\/p>\n<p>A koncertek m\u0171sora a k\u00f6z\u00f6s szard\u00edniai felv\u00e9telekb\u0151l kiadott lemezek anyag\u00e1ra \u00e9p\u00fclt, kieg\u00e9sz\u00fclve Genesis, Djabe \u00e9s Steve Hackett klasszikus kompoz\u00edci\u00f3kkal. A turn\u00e9 \u00e9rintette Magyarorsz\u00e1got, Ausztri\u00e1t \u00e9s a Cseh K\u00f6zt\u00e1rsas\u00e1got.<br \/>\nA zenekar a turn\u00e9 z\u00e1r\u00f3 \u00e1llom\u00e1s\u00e1n videofelv\u00e9telt is k\u00e9sz\u00edtett, melynek ut\u00f3munk\u00e1latait szok\u00e1s szerint Barab\u00e1s Tam\u00e1s \u00e9s \u00c9gerh\u00e1zi Attila k\u00e9sz\u00edtett\u00e9k el. A Blu-ray-en tal\u00e1lhat\u00f3 koncert t\u00f6bb olyan sz\u00e1mot is tartalmaz, melyek el\u0151sz\u00f6r hangzottak el \u00e9l\u0151ben. Ilyen a Lake By The Sea a Back To Sardinia albumr\u00f3l, az Ace Of Wands rockzenekari v\u00e1ltozata a Voyage Of The Acolyte albumr\u00f3l, vagy a Gy\u0151r Blues c\u00edm\u0171 kompoz\u00edci\u00f3k. T\u00f6bb olyan koncertfelv\u00e9tel is van tov\u00e1bb\u00e1, melyek m\u00e9g nem szerepeltek Djabe &amp; Steve Hackett koncert albumon. Ilyen pl. a The Steppes, a Witchi Tai To, a Gy\u0151r \u00e9s a Power Of Wings c\u00edm\u0171 sz\u00e1mok.<\/p>\n<p>A Blu-ray gazdagon tartalmaz extr\u00e1kat. T\u00f6bbek k\u00f6z\u00f6tt a turn\u00e9 \u00e1llom\u00e1sain forgatott dokumentumfilmet, a h\u00e1tt\u00e9rvet\u00edt\u00e9seket \u00e9s r\u00e9szleteket a budapesti, b\u00e9csi, olomouci \u00e9s debreceni koncertekb\u0151l.<br \/>\nBarab\u00e1s Tam\u00e1s szok\u00e1s szerint a teljes 5.1 adta lehet\u0151s\u00e9geket kihaszn\u00e1l\u00f3 surround mixet k\u00e9sz\u00edtett, mely 24bit\/96 kHz Dolby TreuHD \u00e9s wav 5.1 form\u00e1tumokban is felker\u00fclt a lemezre. Term\u00e9szetesen nagyfelbont\u00e1s\u00fa 24\/96 sztereo hangs\u00e1v is v\u00e1laszthat\u00f3.<\/p>\n<p><strong>Az extr\u00e1k teljes id\u0151tartama k\u00f6zel egy \u00f3ra.<\/strong><\/p>\n<p>A k\u00e9t CD-n megtal\u00e1lhat\u00f3 a gy\u0151ri koncert teljes felv\u00e9tele, valamint k\u00e9t olyan kompoz\u00edci\u00f3, amelyet csak B\u00e9csben, illetve Olomoucban j\u00e1tszottak. Mindezt egy debreceni Castelsardo At Night teszi teljess\u00e9.[\/vc_column_text][vc_empty_space height=&#8221;30px&#8221;][vc_video link=&#8221;https:\/\/youtu.be\/T_GX43IzfDA&#8221; align=&#8221;center&#8221;][vc_empty_space height=&#8221;30px&#8221;][vc_single_image image=&#8221;6793&#8243; img_size=&#8221;full&#8221; alignment=&#8221;center&#8221;][vc_column_text]<\/p>\n<h3 style=\"text-align: center;\"><strong>Tracklista<\/strong><\/h3>\n<h4 style=\"text-align: center;\"><strong>Blu-ray<\/strong><\/h4>\n<p style=\"text-align: center;\">1. Searching For The Stag<br \/>\n2. Power Of Wings<br \/>\n3. The Steppes<br \/>\n4. Buzzy Island<br \/>\n5. Lake By The Sea<br \/>\n6. Ace Of Wands<br \/>\n7. Castelsardo At Night<br \/>\n8. In That Quiet Earth<br \/>\n9. Witchi Tai To<br \/>\n10. Last Train To Istanbul<br \/>\n11. Gy\u0151r<br \/>\n12. Golden Sand<br \/>\n13. Hairless Heart<br \/>\n14. Firth Of Fifth<br \/>\n15. Around The Circle<br \/>\n16. Distant Dance<br \/>\n17. Los Endos<br \/>\n18. Gy\u0151r Blues<\/p>\n<h4 style=\"text-align: center;\"><strong>Extras<\/strong><\/h4>\n<p style=\"text-align: center;\">The Journey Continues Tour 2022 \u2013 documentary<br \/>\nHeartbeats Of Gy\u0151r \u2013 documentary<br \/>\nClouds Dance \u2013 live in Vienna 17 August 2022<br \/>\nOlomouc Blues \u2013 live in Olomouc 20 August 2022<br \/>\nLake By The Sea \u2013 Screen film<br \/>\nI Will Always Remember \u2013 film clip<br \/>\nBeginning Of Legends\u2009\/\u2009The Magic Stag \u2013 video clips<\/p>\n<h4 style=\"text-align: center;\"><strong>CD1<\/strong><\/h4>\n<p style=\"text-align: center;\">1. Searching For The Stag<br \/>\n2. Power Of Wings<br \/>\n3. The Steppes<br \/>\n4. Buzzy Island<br \/>\n5. Lake By The Sea<br \/>\n6. Ace Of Wands<br \/>\n7. Castelsardo At Night<br \/>\n8. In That Quiet Earth<\/p>\n<h4 style=\"text-align: center;\"><strong>CD2<\/strong><\/h4>\n<p style=\"text-align: center;\">1. Witchi Tai To<br \/>\n2. Last Train To Istanbul<br \/>\n3. Gy\u0151r<br \/>\n4. Golden Sand<br \/>\n5. Hairless Heart<br \/>\n6. Firth Of Fifth<br \/>\n7. Around The Circle<br \/>\n8. Distant Dance<br \/>\n9. Los Endos<br \/>\n10. Gy\u0151r Blues<\/p>\n<h4 style=\"text-align: center;\"><strong>Bonus tracks<\/strong><\/h4>\n<p style=\"text-align: center;\">Clouds Dance \u2013 live in Vienna, 17 August<br \/>\nCastelsardo At Night \u2013 live in Debrecen, 19 August<br \/>\nOlomouc Blues \u2013 live in Olomouc, 20 August<\/p>\n<h4 style=\"text-align: center;\"><strong>K\u00f6zrem\u0171k\u00f6d\u0151k:<\/strong><\/h4>\n<p style=\"text-align: center;\">Steve Hackett \u2013 guitar, vocal, harmonica<br \/>\nTam\u00e1s Barab\u00e1s \u2013 bass guitar, vocal<br \/>\nAttila \u00c9gerh\u00e1zi \u2013 guitar, percussion, vocal<br \/>\n\u00c1bel M\u00e1rton Nagy \u2013 keyboards<br \/>\n\u00c1ron Ko\u00f3s-Hut\u00e1s \u2013 trumpet, flugelhorn<br \/>\nG\u00e1bor Ol\u00e1h \u2013 drums<\/p>\n<p style=\"text-align: center;\"><strong>guests on stage<\/strong><\/p>\n<p style=\"text-align: center;\">Csaba Andr\u00e1s Dr. D\u00e9zsi \u2013 guitar<br \/>\nZolt\u00e1n Romh\u00e1nyi \u2013 angklung<\/p>\n<p>[\/vc_column_text][\/vc_column][\/vc_row]<\/p>","protected":false},"excerpt":{"rendered":"<p><strong>Cherry Red Records \/ Esoteric<\/strong><\/p>\n<p><strong>Megjelen\u00e9s 2023. \u00e1prilis 28.<\/strong><\/p>\n","protected":false},"featured_media":6790,"template":"","meta":[],"product_brand":[],"product_cat":[109,92],"product_tag":[],"class_list":{"0":"post-6789","1":"product","2":"type-product","3":"status-publish","4":"has-post-thumbnail","6":"product_cat-blu_ray","7":"product_cat-cd","8":"yith_product_brand-djabe","9":"yith_product_brand-steve-hackett","10":"col-12 col-sm-6 col-md-4","12":"first","13":"instock","14":"sale","15":"featured","16":"shipping-taxable","17":"purchasable","18":"product-type-simple"},"yoast_head":"<!-- This site is optimized with the Yoast SEO plugin v27.2 - https:\/\/yoast.com\/product\/yoast-seo-wordpress\/ -->\n<title>Djabe &amp; Steve Hackett  Live In Gy\u0151r (2CD\/Blu-ray) &#8211; GR1993 Records<\/title>\n<meta name=\"robots\" content=\"index, follow, max-snippet:-1, max-image-preview:large, max-video-preview:-1\" \/>\n<link rel=\"canonical\" href=\"https:\/\/gr1993records.com\/index.php\/product\/djabe-steve-hackett-live-in-gyor-2cd-blu-ray\/\" \/>\n<meta property=\"og:locale\" content=\"hu_HU\" \/>\n<meta property=\"og:type\" content=\"article\" \/>\n<meta property=\"og:title\" content=\"Djabe &amp; Steve Hackett  Live In Gy\u0151r (2CD\/Blu-ray) &#8211; GR1993 Records\" \/>\n<meta property=\"og:description\" content=\"[:hu]Cherry Red Records \/ Esoteric  Megjelen\u00e9s 2023. \u00e1prilis 28.[:en]Cherry Red Records \/ Esoteric  Released 28 April 2023[:]\" \/>\n<meta property=\"og:url\" content=\"https:\/\/gr1993records.com\/index.php\/product\/djabe-steve-hackett-live-in-gyor-2cd-blu-ray\/\" \/>\n<meta property=\"og:site_name\" content=\"GR1993 Records\" \/>\n<meta property=\"article:publisher\" content=\"https:\/\/www.facebook.com\/GR1993Records-113564886691383\/\" \/>\n<meta property=\"article:modified_time\" content=\"2026-03-31T08:45:37+00:00\" \/>\n<meta property=\"og:image\" content=\"https:\/\/gr1993records.com\/wp-content\/uploads\/2021\/10\/Djabe_First_Album_Revisited_3D_mockup_v1_4.jpg\" \/>\n\t<meta property=\"og:image:width\" content=\"1920\" \/>\n\t<meta property=\"og:image:height\" content=\"1080\" \/>\n\t<meta property=\"og:image:type\" content=\"image\/jpeg\" \/>\n<meta name=\"twitter:card\" content=\"summary_large_image\" \/>\n<meta name=\"twitter:image\" content=\"https:\/\/gr1993records.com\/wp-content\/uploads\/2021\/10\/Djabe_First_Album_Revisited_3D_mockup_v1_4.jpg\" \/>\n<meta name=\"twitter:label1\" content=\"Becs\u00fclt olvas\u00e1si id\u0151\" \/>\n\t<meta name=\"twitter:data1\" content=\"3 perc\" \/>\n<script type=\"application\/ld+json\" class=\"yoast-schema-graph\">{\"@context\":\"https:\/\/schema.org\",\"@graph\":[{\"@type\":\"WebPage\",\"@id\":\"https:\/\/gr1993records.com\/index.php\/product\/djabe-steve-hackett-live-in-gyor-2cd-blu-ray\/\",\"url\":\"https:\/\/gr1993records.com\/index.php\/product\/djabe-steve-hackett-live-in-gyor-2cd-blu-ray\/\",\"name\":\"Djabe & Steve Hackett Live In Gy\u0151r (2CD\/Blu-ray) &#8211; GR1993 Records\",\"isPartOf\":{\"@id\":\"https:\/\/gr1993records.com\/#website\"},\"primaryImageOfPage\":{\"@id\":\"https:\/\/gr1993records.com\/index.php\/product\/djabe-steve-hackett-live-in-gyor-2cd-blu-ray\/#primaryimage\"},\"image\":{\"@id\":\"https:\/\/gr1993records.com\/index.php\/product\/djabe-steve-hackett-live-in-gyor-2cd-blu-ray\/#primaryimage\"},\"thumbnailUrl\":\"https:\/\/gr1993records.com\/wp-content\/uploads\/2023\/02\/Djabe_Hackett_Live_In_Gyor_MOCKUP_1.jpg\",\"datePublished\":\"2023-02-09T12:56:24+00:00\",\"dateModified\":\"2026-03-31T08:45:37+00:00\",\"breadcrumb\":{\"@id\":\"https:\/\/gr1993records.com\/index.php\/product\/djabe-steve-hackett-live-in-gyor-2cd-blu-ray\/#breadcrumb\"},\"inLanguage\":\"hu\",\"potentialAction\":[{\"@type\":\"ReadAction\",\"target\":[\"https:\/\/gr1993records.com\/index.php\/product\/djabe-steve-hackett-live-in-gyor-2cd-blu-ray\/\"]}]},{\"@type\":\"ImageObject\",\"inLanguage\":\"hu\",\"@id\":\"https:\/\/gr1993records.com\/index.php\/product\/djabe-steve-hackett-live-in-gyor-2cd-blu-ray\/#primaryimage\",\"url\":\"https:\/\/gr1993records.com\/wp-content\/uploads\/2023\/02\/Djabe_Hackett_Live_In_Gyor_MOCKUP_1.jpg\",\"contentUrl\":\"https:\/\/gr1993records.com\/wp-content\/uploads\/2023\/02\/Djabe_Hackett_Live_In_Gyor_MOCKUP_1.jpg\",\"width\":1644,\"height\":1483},{\"@type\":\"BreadcrumbList\",\"@id\":\"https:\/\/gr1993records.com\/index.php\/product\/djabe-steve-hackett-live-in-gyor-2cd-blu-ray\/#breadcrumb\",\"itemListElement\":[{\"@type\":\"ListItem\",\"position\":1,\"name\":\"Home\",\"item\":\"https:\/\/gr1993records.com\/\"},{\"@type\":\"ListItem\",\"position\":2,\"name\":\"Kiadv\u00e1nyok\",\"item\":\"https:\/\/gr1993records.com\/index.php\/shop\/\"},{\"@type\":\"ListItem\",\"position\":3,\"name\":\"Djabe &#038; Steve Hackett Live In Gy\u0151r (2CD\/Blu-ray)\"}]},{\"@type\":\"WebSite\",\"@id\":\"https:\/\/gr1993records.com\/#website\",\"url\":\"https:\/\/gr1993records.com\/\",\"name\":\"GR1993 Records\",\"description\":\"\",\"publisher\":{\"@id\":\"https:\/\/gr1993records.com\/#organization\"},\"potentialAction\":[{\"@type\":\"SearchAction\",\"target\":{\"@type\":\"EntryPoint\",\"urlTemplate\":\"https:\/\/gr1993records.com\/?s={search_term_string}\"},\"query-input\":{\"@type\":\"PropertyValueSpecification\",\"valueRequired\":true,\"valueName\":\"search_term_string\"}}],\"inLanguage\":\"hu\"},{\"@type\":\"Organization\",\"@id\":\"https:\/\/gr1993records.com\/#organization\",\"name\":\"Gramy-H Ltd.\",\"url\":\"https:\/\/gr1993records.com\/\",\"logo\":{\"@type\":\"ImageObject\",\"inLanguage\":\"hu\",\"@id\":\"https:\/\/gr1993records.com\/#\/schema\/logo\/image\/\",\"url\":\"https:\/\/gr1993records.com\/wp-content\/uploads\/2019\/08\/GR1993_Records_logo_CC.png\",\"contentUrl\":\"https:\/\/gr1993records.com\/wp-content\/uploads\/2019\/08\/GR1993_Records_logo_CC.png\",\"width\":2900,\"height\":2001,\"caption\":\"Gramy-H Ltd.\"},\"image\":{\"@id\":\"https:\/\/gr1993records.com\/#\/schema\/logo\/image\/\"},\"sameAs\":[\"https:\/\/www.facebook.com\/GR1993Records-113564886691383\/\"]}]}<\/script>\n<!-- \/ Yoast SEO plugin. -->","yoast_head_json":{"title":"Djabe & Steve Hackett  Live In Gy\u0151r (2CD\/Blu-ray) &#8211; GR1993 Records","robots":{"index":"index","follow":"follow","max-snippet":"max-snippet:-1","max-image-preview":"max-image-preview:large","max-video-preview":"max-video-preview:-1"},"canonical":"https:\/\/gr1993records.com\/index.php\/product\/djabe-steve-hackett-live-in-gyor-2cd-blu-ray\/","og_locale":"hu_HU","og_type":"article","og_title":"Djabe & Steve Hackett  Live In Gy\u0151r (2CD\/Blu-ray) &#8211; GR1993 Records","og_description":"[:hu]Cherry Red Records \/ Esoteric  Megjelen\u00e9s 2023. \u00e1prilis 28.[:en]Cherry Red Records \/ Esoteric  Released 28 April 2023[:]","og_url":"https:\/\/gr1993records.com\/index.php\/product\/djabe-steve-hackett-live-in-gyor-2cd-blu-ray\/","og_site_name":"GR1993 Records","article_publisher":"https:\/\/www.facebook.com\/GR1993Records-113564886691383\/","article_modified_time":"2026-03-31T08:45:37+00:00","og_image":[{"width":1920,"height":1080,"url":"https:\/\/gr1993records.com\/wp-content\/uploads\/2021\/10\/Djabe_First_Album_Revisited_3D_mockup_v1_4.jpg","type":"image\/jpeg"}],"twitter_card":"summary_large_image","twitter_image":"https:\/\/gr1993records.com\/wp-content\/uploads\/2021\/10\/Djabe_First_Album_Revisited_3D_mockup_v1_4.jpg","twitter_misc":{"Becs\u00fclt olvas\u00e1si id\u0151":"3 perc"},"schema":{"@context":"https:\/\/schema.org","@graph":[{"@type":"WebPage","@id":"https:\/\/gr1993records.com\/index.php\/product\/djabe-steve-hackett-live-in-gyor-2cd-blu-ray\/","url":"https:\/\/gr1993records.com\/index.php\/product\/djabe-steve-hackett-live-in-gyor-2cd-blu-ray\/","name":"Djabe & Steve Hackett Live In Gy\u0151r (2CD\/Blu-ray) &#8211; GR1993 Records","isPartOf":{"@id":"https:\/\/gr1993records.com\/#website"},"primaryImageOfPage":{"@id":"https:\/\/gr1993records.com\/index.php\/product\/djabe-steve-hackett-live-in-gyor-2cd-blu-ray\/#primaryimage"},"image":{"@id":"https:\/\/gr1993records.com\/index.php\/product\/djabe-steve-hackett-live-in-gyor-2cd-blu-ray\/#primaryimage"},"thumbnailUrl":"https:\/\/gr1993records.com\/wp-content\/uploads\/2023\/02\/Djabe_Hackett_Live_In_Gyor_MOCKUP_1.jpg","datePublished":"2023-02-09T12:56:24+00:00","dateModified":"2026-03-31T08:45:37+00:00","breadcrumb":{"@id":"https:\/\/gr1993records.com\/index.php\/product\/djabe-steve-hackett-live-in-gyor-2cd-blu-ray\/#breadcrumb"},"inLanguage":"hu","potentialAction":[{"@type":"ReadAction","target":["https:\/\/gr1993records.com\/index.php\/product\/djabe-steve-hackett-live-in-gyor-2cd-blu-ray\/"]}]},{"@type":"ImageObject","inLanguage":"hu","@id":"https:\/\/gr1993records.com\/index.php\/product\/djabe-steve-hackett-live-in-gyor-2cd-blu-ray\/#primaryimage","url":"https:\/\/gr1993records.com\/wp-content\/uploads\/2023\/02\/Djabe_Hackett_Live_In_Gyor_MOCKUP_1.jpg","contentUrl":"https:\/\/gr1993records.com\/wp-content\/uploads\/2023\/02\/Djabe_Hackett_Live_In_Gyor_MOCKUP_1.jpg","width":1644,"height":1483},{"@type":"BreadcrumbList","@id":"https:\/\/gr1993records.com\/index.php\/product\/djabe-steve-hackett-live-in-gyor-2cd-blu-ray\/#breadcrumb","itemListElement":[{"@type":"ListItem","position":1,"name":"Home","item":"https:\/\/gr1993records.com\/"},{"@type":"ListItem","position":2,"name":"Kiadv\u00e1nyok","item":"https:\/\/gr1993records.com\/index.php\/shop\/"},{"@type":"ListItem","position":3,"name":"Djabe &#038; Steve Hackett Live In Gy\u0151r (2CD\/Blu-ray)"}]},{"@type":"WebSite","@id":"https:\/\/gr1993records.com\/#website","url":"https:\/\/gr1993records.com\/","name":"GR1993 Records","description":"","publisher":{"@id":"https:\/\/gr1993records.com\/#organization"},"potentialAction":[{"@type":"SearchAction","target":{"@type":"EntryPoint","urlTemplate":"https:\/\/gr1993records.com\/?s={search_term_string}"},"query-input":{"@type":"PropertyValueSpecification","valueRequired":true,"valueName":"search_term_string"}}],"inLanguage":"hu"},{"@type":"Organization","@id":"https:\/\/gr1993records.com\/#organization","name":"Gramy-H Ltd.","url":"https:\/\/gr1993records.com\/","logo":{"@type":"ImageObject","inLanguage":"hu","@id":"https:\/\/gr1993records.com\/#\/schema\/logo\/image\/","url":"https:\/\/gr1993records.com\/wp-content\/uploads\/2019\/08\/GR1993_Records_logo_CC.png","contentUrl":"https:\/\/gr1993records.com\/wp-content\/uploads\/2019\/08\/GR1993_Records_logo_CC.png","width":2900,"height":2001,"caption":"Gramy-H Ltd."},"image":{"@id":"https:\/\/gr1993records.com\/#\/schema\/logo\/image\/"},"sameAs":["https:\/\/www.facebook.com\/GR1993Records-113564886691383\/"]}]}},"jetpack_sharing_enabled":true,"_links":{"self":[{"href":"https:\/\/gr1993records.com\/index.php\/wp-json\/wp\/v2\/product\/6789","targetHints":{"allow":["GET"]}}],"collection":[{"href":"https:\/\/gr1993records.com\/index.php\/wp-json\/wp\/v2\/product"}],"about":[{"href":"https:\/\/gr1993records.com\/index.php\/wp-json\/wp\/v2\/types\/product"}],"wp:featuredmedia":[{"embeddable":true,"href":"https:\/\/gr1993records.com\/index.php\/wp-json\/wp\/v2\/media\/6790"}],"wp:attachment":[{"href":"https:\/\/gr1993records.com\/index.php\/wp-json\/wp\/v2\/media?parent=6789"}],"wp:term":[{"taxonomy":"product_brand","embeddable":true,"href":"https:\/\/gr1993records.com\/index.php\/wp-json\/wp\/v2\/product_brand?post=6789"},{"taxonomy":"product_cat","embeddable":true,"href":"https:\/\/gr1993records.com\/index.php\/wp-json\/wp\/v2\/product_cat?post=6789"},{"taxonomy":"product_tag","embeddable":true,"href":"https:\/\/gr1993records.com\/index.php\/wp-json\/wp\/v2\/product_tag?post=6789"}],"curies":[{"name":"wp","href":"https:\/\/api.w.org\/{rel}","templated":true}]}}