{"id":6779,"date":"2023-01-31T15:04:00","date_gmt":"2023-01-31T14:04:00","guid":{"rendered":"https:\/\/gr1993records.com\/?post_type=product&#038;p=6779"},"modified":"2026-03-31T10:45:52","modified_gmt":"2026-03-31T08:45:52","slug":"djabe-legacy-140-gr-black-vinyl-lp","status":"publish","type":"product","link":"https:\/\/gr1993records.com\/index.php\/product\/djabe-legacy-140-gr-black-vinyl-lp\/","title":{"rendered":"Djabe <br\/>Legacy <br\/>140 gr black vinyl <br\/>(LP)"},"content":{"rendered":"<p>[vc_row][vc_column][vc_column_text]A Legacy LP felv\u00e9telei m\u00e9g 2007-ben k\u00e9sz\u00fcltek. A Djabe 7. st\u00fadi\u00f3albuma, amely eredetileg CD-n jelent meg, a budapesti Sipi j\u00f3t\u00e9konys\u00e1gi \u00e9s eml\u00e9kkoncert alkalm\u00e1b\u00f3l 2007. november 30-\u00e1n jelent meg K\u00f6sz\u00f6nj\u00fck Sipi c\u00edmmel! A zenekar egyik alap\u00edt\u00f3j\u00e1nak \u00e9s n\u00e9hai \u00fct\u0151hangszeres\u00e9nek, Sipos Andr\u00e1snak, m\u00e1s n\u00e9ven Sipinek aj\u00e1nlva. Djabe h\u00e1rom sz\u00e1mot j\u00e1tszott Sipivel egy\u00fctt kor\u00e1bbi felv\u00e9telek felhaszn\u00e1l\u00e1s\u00e1val, valamint tov\u00e1bbi olyan kompoz\u00edci\u00f3kat, melyek meghat\u00e1roz\u00f3ak voltak a zenekar t\u00f6rt\u00e9net\u00e9ben Sipi szempontj\u00e1b\u00f3l.<br \/>\n2022-ben a Djabe \u00fagy d\u00f6nt\u00f6tt, hogy kiadja az albumot nagylemezen is. Az \u00e9vek m\u00fal\u00e1s\u00e1val Sipi zenei \u00f6r\u00f6ks\u00e9ge m\u00e9g jobban fel\u00e9rt\u00e9kel\u0151d\u00f6tt. Ez\u00e9rt \u00e9s az ir\u00e1nta \u00e9rzett h\u00e1l\u00e1\u00e9rt ezt a 2023-as vinyl kiad\u00e1st a Djabe \u00e1tkeresztelte LEGACY n\u00e9vre. A 48 perc els\u0151 oszt\u00e1ly\u00fa st\u00fadi\u00f3felv\u00e9telt tartalmaz\u00f3 LP \u00faj bor\u00edt\u00f3t is kapott.<\/p>\n<h3>Zen\u00e9szek a lemezen<\/h3>\n<p>Sipos Andr\u00e1s \u2013 \u00e9nek, \u00fct\u0151hangszerek A\/1,2,3<br \/>\nKarvaly Tibor \u2013 treble recorder A\/1<br \/>\n1994\/1995-\u00f6s lemezekhez k\u00e9sz\u00edtett felv\u00e9telekr\u0151l<\/p>\n<p>\u00c9gerh\u00e1zi Attila \u2013 git\u00e1r, \u00fct\u0151hangszerek<br \/>\nBarab\u00e1s Tam\u00e1s \u2013 basszusgit\u00e1r<br \/>\nKov\u00e1cs Ferenc \u2013 heged\u0171, trombita<br \/>\nKov\u00e1cs Zolt\u00e1n \u2013 zongora, billenty\u0171s hangszerek<br \/>\nBanai Szil\u00e1rd &#8211; dob<\/p>\n<p><strong>Felvev\u0151, kever\u00e9s \u00e9s masztering:<\/strong> Barab\u00e1s Tam\u00e1s<br \/>\n<strong>Producer:<\/strong> \u00c9gerh\u00e1zi Attila<br \/>\nA bor\u00edt\u00f3n \u00c9gerh\u00e1zi Imre festm\u00e9nye l\u00e1that\u00f3 L\u00e1tom\u00e1s VII. Menek\u00fcl\u00e9s c\u00edmmel (olaj, farostlemez, 60\u00d780 cm, 1990)[\/vc_column_text][vc_empty_space height=&#8221;20px&#8221;][vc_single_image image=&#8221;6780&#8243; img_size=&#8221;full&#8221;][vc_empty_space][vc_column_text]<\/p>\n<h3>Aj\u00e1nl\u00e1s a lemez h\u00e1ts\u00f3 bor\u00edt\u00f3j\u00e1r\u00f3l:<\/h3>\n<p>Sipos &#8216;Sipi&#8217; Andr\u00e1s volt a Djabe zenekar egyik alap\u00edt\u00f3ja \u00c9gerh\u00e1zi Attil\u00e1val egy\u00fctt, s\u0151t ennek az egyed\u00fcl\u00e1ll\u00f3 zenei egy\u00fcttesnek a neve is t\u0151le sz\u00e1rmazik. A du\u00f3 1995-ben kezdte els\u0151 k\u00f6z\u00f6s albumuk felv\u00e9tel\u00e9t, majd 1996-os megjelen\u00e9se ut\u00e1n a Djabe azonnal \u00f3ri\u00e1si sikert aratott. Sipi \u00e9s Attila \u00fagy d\u00f6nt\u00f6ttek, hogy egy zenekart szentelnek ennek a saj\u00e1tos zenei st\u00edlusnak.<br \/>\nK\u00e9t \u00e9vvel k\u00e9s\u0151bb megjelent m\u00e1sodik albumuk, a Witchi Tai To 2000-ben elnyerte \u201eAz \u00e9v legjobb vil\u00e1gzenei albuma\u201d d\u00edjat a MAHASZ g\u00e1l\u00e1n.<br \/>\nSipi a Djabe meghat\u00e1roz\u00f3 zeneszerz\u0151je, \u00fct\u0151hangszerese \u00e9s \u00e9nekese volt. 2001-ben a zenekarral egy\u00fctt megkapta a rangos eMeRTon-d\u00edjat az Update album\u00e9rt, \u00e9s ezzel a lemezzel megny\u00edltak a nemzetk\u00f6zi sz\u00ednpadok a form\u00e1ci\u00f3 el\u0151tt.<br \/>\nSipi a vil\u00e1g minden t\u00e1j\u00e1t bej\u00e1rta a Djabeval, eg\u00e9szen 2007. szeptember 14-\u00e9n bek\u00f6vetkezett v\u00e1ratlan hal\u00e1l\u00e1ig, ami p\u00f3tolhatatlan vesztes\u00e9g volt a zenekar sz\u00e1m\u00e1ra. A t\u00f6bbiek folytatt\u00e1k a hazai \u00e9s nemzetk\u00f6zi sikersorozatot, de a Djabe hangz\u00e1s\u00e1b\u00f3l Sipi jellegzetes \u00e9neke \u00e9s \u00fct\u0151hangszeres j\u00e1t\u00e9ka sajnos elmaradt.<br \/>\nEgyik tag sem gondolt arra, hogy helyettes\u00edts\u00e9k, ink\u00e1bb Sipi m\u0171v\u00e9szi elk\u00e9pzel\u00e9seinek \u00e9s eml\u00e9k\u00e9nek szellem\u00e9ben dolgoztak tov\u00e1bb. 2007. november 30-\u00e1n a Djabe j\u00f3t\u00e9konys\u00e1gi \u00e9s eml\u00e9kkoncertet tartott Sipi csal\u00e1dja jav\u00e1ra, \u00e9s erre az alkalomra egy k\u00fcl\u00f6nleges \u00faj albumot adtak ki. 2007. okt\u00f3ber k\u00f6z\u00f6tt 10-11-ig lehet\u0151s\u00e9g\u00fck ny\u00edlt Dorozsmai P\u00e9ter j\u00f3volt\u00e1b\u00f3l a Tom-Tom St\u00fadi\u00f3ban t\u00e9r\u00edt\u00e9s n\u00e9lk\u00fcl felvenni egy teljes kiadv\u00e1nyt. Az albumon a Sipi sz\u00e1m\u00e1ra Djabe szerzem\u00e9nyek szerepeltek, \u00e9s eredetileg 2007. november 30-\u00e1n jelent meg CD form\u00e1tumban, K\u00f6sz\u00f6nj\u00fck, Sipi! Az album minden egyes sz\u00e1m\u00e1val r\u00e1 eml\u00e9keztek, az els\u0151 3 sz\u00e1mban egy\u00fctt is j\u00e1tszottak vele felv\u00e9telr\u0151l.<br \/>\nAz \u00e9vek m\u00fal\u00e1s\u00e1val Sipi zenei \u00f6r\u00f6ks\u00e9ge m\u00e9g jobban fel\u00e9rt\u00e9kel\u0151d\u00f6tt. Ez\u00e9rt \u00e9s az ir\u00e1nta \u00e9rzett h\u00e1l\u00e1\u00e9rt ezt a 2023-as vinyl kiad\u00e1st a Djabe \u00e1tkeresztelte LEGACY n\u00e9vre.<br \/>\nK\u00f6sz\u00f6nj\u00fck Sipi![\/vc_column_text][vc_empty_space height=&#8221;20px&#8221;][vc_single_image image=&#8221;6781&#8243; img_size=&#8221;full&#8221;][vc_empty_space][\/vc_column][\/vc_row]<\/p>","protected":false},"excerpt":{"rendered":"<p>Megjelen\u00e9s: 2023. febru\u00e1r 24.<\/p>\n","protected":false},"featured_media":6785,"template":"","meta":[],"product_brand":[],"product_cat":[91],"product_tag":[],"class_list":{"0":"post-6779","1":"product","2":"type-product","3":"status-publish","4":"has-post-thumbnail","6":"product_cat-lp","7":"yith_product_brand-djabe","8":"yith_product_brand-steve-hackett","9":"col-12 col-sm-6 col-md-4","11":"first","12":"instock","13":"featured","14":"shipping-taxable","15":"purchasable","16":"product-type-simple"},"yoast_head":"<!-- This site is optimized with the Yoast SEO plugin v27.3 - https:\/\/yoast.com\/product\/yoast-seo-wordpress\/ -->\n<title>Djabe Legacy 140 gr black vinyl (LP) &#8211; GR1993 Records<\/title>\n<meta name=\"robots\" content=\"index, follow, max-snippet:-1, max-image-preview:large, max-video-preview:-1\" \/>\n<link rel=\"canonical\" href=\"https:\/\/gr1993records.com\/index.php\/product\/djabe-legacy-140-gr-black-vinyl-lp\/\" \/>\n<meta property=\"og:locale\" content=\"hu_HU\" \/>\n<meta property=\"og:type\" content=\"article\" \/>\n<meta property=\"og:title\" content=\"Djabe Legacy 140 gr black vinyl (LP) &#8211; GR1993 Records\" \/>\n<meta property=\"og:description\" content=\"[:hu]Megjelen\u00e9s: 2023. febru\u00e1r 24.[:en]Release date: 25 February 2023[:]\" \/>\n<meta property=\"og:url\" content=\"https:\/\/gr1993records.com\/index.php\/product\/djabe-legacy-140-gr-black-vinyl-lp\/\" \/>\n<meta property=\"og:site_name\" content=\"GR1993 Records\" \/>\n<meta property=\"article:publisher\" content=\"https:\/\/www.facebook.com\/GR1993Records-113564886691383\/\" \/>\n<meta property=\"article:modified_time\" content=\"2026-03-31T08:45:52+00:00\" \/>\n<meta property=\"og:image\" content=\"https:\/\/gr1993records.com\/wp-content\/uploads\/2023\/01\/Djabe_Legacy_LP_mockup_2-1024x655.png\" \/>\n\t<meta property=\"og:image:width\" content=\"1024\" \/>\n\t<meta property=\"og:image:height\" content=\"655\" \/>\n\t<meta property=\"og:image:type\" content=\"image\/png\" \/>\n<meta name=\"twitter:card\" content=\"summary_large_image\" \/>\n<meta name=\"twitter:image\" content=\"https:\/\/gr1993records.com\/wp-content\/uploads\/2023\/01\/Djabe_Legacy_LP_mockup_2.png\" \/>\n<meta name=\"twitter:label1\" content=\"Becs\u00fclt olvas\u00e1si id\u0151\" \/>\n\t<meta name=\"twitter:data1\" content=\"6 perc\" \/>\n<script type=\"application\/ld+json\" class=\"yoast-schema-graph\">{\"@context\":\"https:\\\/\\\/schema.org\",\"@graph\":[{\"@type\":\"WebPage\",\"@id\":\"https:\\\/\\\/gr1993records.com\\\/index.php\\\/product\\\/djabe-legacy-140-gr-black-vinyl-lp\\\/\",\"url\":\"https:\\\/\\\/gr1993records.com\\\/index.php\\\/product\\\/djabe-legacy-140-gr-black-vinyl-lp\\\/\",\"name\":\"Djabe Legacy 140 gr black vinyl (LP) &#8211; GR1993 Records\",\"isPartOf\":{\"@id\":\"https:\\\/\\\/gr1993records.com\\\/#website\"},\"primaryImageOfPage\":{\"@id\":\"https:\\\/\\\/gr1993records.com\\\/index.php\\\/product\\\/djabe-legacy-140-gr-black-vinyl-lp\\\/#primaryimage\"},\"image\":{\"@id\":\"https:\\\/\\\/gr1993records.com\\\/index.php\\\/product\\\/djabe-legacy-140-gr-black-vinyl-lp\\\/#primaryimage\"},\"thumbnailUrl\":\"https:\\\/\\\/gr1993records.com\\\/wp-content\\\/uploads\\\/2023\\\/01\\\/Djabe_Legacy_LP_borito_eleje.jpg\",\"datePublished\":\"2023-01-31T14:04:00+00:00\",\"dateModified\":\"2026-03-31T08:45:52+00:00\",\"breadcrumb\":{\"@id\":\"https:\\\/\\\/gr1993records.com\\\/index.php\\\/product\\\/djabe-legacy-140-gr-black-vinyl-lp\\\/#breadcrumb\"},\"inLanguage\":\"hu\",\"potentialAction\":[{\"@type\":\"ReadAction\",\"target\":[\"https:\\\/\\\/gr1993records.com\\\/index.php\\\/product\\\/djabe-legacy-140-gr-black-vinyl-lp\\\/\"]}]},{\"@type\":\"ImageObject\",\"inLanguage\":\"hu\",\"@id\":\"https:\\\/\\\/gr1993records.com\\\/index.php\\\/product\\\/djabe-legacy-140-gr-black-vinyl-lp\\\/#primaryimage\",\"url\":\"https:\\\/\\\/gr1993records.com\\\/wp-content\\\/uploads\\\/2023\\\/01\\\/Djabe_Legacy_LP_borito_eleje.jpg\",\"contentUrl\":\"https:\\\/\\\/gr1993records.com\\\/wp-content\\\/uploads\\\/2023\\\/01\\\/Djabe_Legacy_LP_borito_eleje.jpg\",\"width\":2000,\"height\":2002},{\"@type\":\"BreadcrumbList\",\"@id\":\"https:\\\/\\\/gr1993records.com\\\/index.php\\\/product\\\/djabe-legacy-140-gr-black-vinyl-lp\\\/#breadcrumb\",\"itemListElement\":[{\"@type\":\"ListItem\",\"position\":1,\"name\":\"Home\",\"item\":\"https:\\\/\\\/gr1993records.com\\\/\"},{\"@type\":\"ListItem\",\"position\":2,\"name\":\"Kiadv\u00e1nyok\",\"item\":\"https:\\\/\\\/gr1993records.com\\\/index.php\\\/shop\\\/\"},{\"@type\":\"ListItem\",\"position\":3,\"name\":\"Djabe Legacy 140 gr black vinyl (LP)\"}]},{\"@type\":\"WebSite\",\"@id\":\"https:\\\/\\\/gr1993records.com\\\/#website\",\"url\":\"https:\\\/\\\/gr1993records.com\\\/\",\"name\":\"GR1993 Records\",\"description\":\"\",\"publisher\":{\"@id\":\"https:\\\/\\\/gr1993records.com\\\/#organization\"},\"potentialAction\":[{\"@type\":\"SearchAction\",\"target\":{\"@type\":\"EntryPoint\",\"urlTemplate\":\"https:\\\/\\\/gr1993records.com\\\/?s={search_term_string}\"},\"query-input\":{\"@type\":\"PropertyValueSpecification\",\"valueRequired\":true,\"valueName\":\"search_term_string\"}}],\"inLanguage\":\"hu\"},{\"@type\":\"Organization\",\"@id\":\"https:\\\/\\\/gr1993records.com\\\/#organization\",\"name\":\"Gramy-H Ltd.\",\"url\":\"https:\\\/\\\/gr1993records.com\\\/\",\"logo\":{\"@type\":\"ImageObject\",\"inLanguage\":\"hu\",\"@id\":\"https:\\\/\\\/gr1993records.com\\\/#\\\/schema\\\/logo\\\/image\\\/\",\"url\":\"https:\\\/\\\/gr1993records.com\\\/wp-content\\\/uploads\\\/2019\\\/08\\\/GR1993_Records_logo_CC.png\",\"contentUrl\":\"https:\\\/\\\/gr1993records.com\\\/wp-content\\\/uploads\\\/2019\\\/08\\\/GR1993_Records_logo_CC.png\",\"width\":2900,\"height\":2001,\"caption\":\"Gramy-H Ltd.\"},\"image\":{\"@id\":\"https:\\\/\\\/gr1993records.com\\\/#\\\/schema\\\/logo\\\/image\\\/\"},\"sameAs\":[\"https:\\\/\\\/www.facebook.com\\\/GR1993Records-113564886691383\\\/\"]}]}<\/script>\n<!-- \/ Yoast SEO plugin. -->","yoast_head_json":{"title":"Djabe Legacy 140 gr black vinyl (LP) &#8211; GR1993 Records","robots":{"index":"index","follow":"follow","max-snippet":"max-snippet:-1","max-image-preview":"max-image-preview:large","max-video-preview":"max-video-preview:-1"},"canonical":"https:\/\/gr1993records.com\/index.php\/product\/djabe-legacy-140-gr-black-vinyl-lp\/","og_locale":"hu_HU","og_type":"article","og_title":"Djabe Legacy 140 gr black vinyl (LP) &#8211; GR1993 Records","og_description":"[:hu]Megjelen\u00e9s: 2023. febru\u00e1r 24.[:en]Release date: 25 February 2023[:]","og_url":"https:\/\/gr1993records.com\/index.php\/product\/djabe-legacy-140-gr-black-vinyl-lp\/","og_site_name":"GR1993 Records","article_publisher":"https:\/\/www.facebook.com\/GR1993Records-113564886691383\/","article_modified_time":"2026-03-31T08:45:52+00:00","og_image":[{"width":1024,"height":655,"url":"https:\/\/gr1993records.com\/wp-content\/uploads\/2023\/01\/Djabe_Legacy_LP_mockup_2-1024x655.png","type":"image\/png"}],"twitter_card":"summary_large_image","twitter_image":"https:\/\/gr1993records.com\/wp-content\/uploads\/2023\/01\/Djabe_Legacy_LP_mockup_2.png","twitter_misc":{"Becs\u00fclt olvas\u00e1si id\u0151":"6 perc"},"schema":{"@context":"https:\/\/schema.org","@graph":[{"@type":"WebPage","@id":"https:\/\/gr1993records.com\/index.php\/product\/djabe-legacy-140-gr-black-vinyl-lp\/","url":"https:\/\/gr1993records.com\/index.php\/product\/djabe-legacy-140-gr-black-vinyl-lp\/","name":"Djabe Legacy 140 gr black vinyl (LP) &#8211; GR1993 Records","isPartOf":{"@id":"https:\/\/gr1993records.com\/#website"},"primaryImageOfPage":{"@id":"https:\/\/gr1993records.com\/index.php\/product\/djabe-legacy-140-gr-black-vinyl-lp\/#primaryimage"},"image":{"@id":"https:\/\/gr1993records.com\/index.php\/product\/djabe-legacy-140-gr-black-vinyl-lp\/#primaryimage"},"thumbnailUrl":"https:\/\/gr1993records.com\/wp-content\/uploads\/2023\/01\/Djabe_Legacy_LP_borito_eleje.jpg","datePublished":"2023-01-31T14:04:00+00:00","dateModified":"2026-03-31T08:45:52+00:00","breadcrumb":{"@id":"https:\/\/gr1993records.com\/index.php\/product\/djabe-legacy-140-gr-black-vinyl-lp\/#breadcrumb"},"inLanguage":"hu","potentialAction":[{"@type":"ReadAction","target":["https:\/\/gr1993records.com\/index.php\/product\/djabe-legacy-140-gr-black-vinyl-lp\/"]}]},{"@type":"ImageObject","inLanguage":"hu","@id":"https:\/\/gr1993records.com\/index.php\/product\/djabe-legacy-140-gr-black-vinyl-lp\/#primaryimage","url":"https:\/\/gr1993records.com\/wp-content\/uploads\/2023\/01\/Djabe_Legacy_LP_borito_eleje.jpg","contentUrl":"https:\/\/gr1993records.com\/wp-content\/uploads\/2023\/01\/Djabe_Legacy_LP_borito_eleje.jpg","width":2000,"height":2002},{"@type":"BreadcrumbList","@id":"https:\/\/gr1993records.com\/index.php\/product\/djabe-legacy-140-gr-black-vinyl-lp\/#breadcrumb","itemListElement":[{"@type":"ListItem","position":1,"name":"Home","item":"https:\/\/gr1993records.com\/"},{"@type":"ListItem","position":2,"name":"Kiadv\u00e1nyok","item":"https:\/\/gr1993records.com\/index.php\/shop\/"},{"@type":"ListItem","position":3,"name":"Djabe Legacy 140 gr black vinyl (LP)"}]},{"@type":"WebSite","@id":"https:\/\/gr1993records.com\/#website","url":"https:\/\/gr1993records.com\/","name":"GR1993 Records","description":"","publisher":{"@id":"https:\/\/gr1993records.com\/#organization"},"potentialAction":[{"@type":"SearchAction","target":{"@type":"EntryPoint","urlTemplate":"https:\/\/gr1993records.com\/?s={search_term_string}"},"query-input":{"@type":"PropertyValueSpecification","valueRequired":true,"valueName":"search_term_string"}}],"inLanguage":"hu"},{"@type":"Organization","@id":"https:\/\/gr1993records.com\/#organization","name":"Gramy-H Ltd.","url":"https:\/\/gr1993records.com\/","logo":{"@type":"ImageObject","inLanguage":"hu","@id":"https:\/\/gr1993records.com\/#\/schema\/logo\/image\/","url":"https:\/\/gr1993records.com\/wp-content\/uploads\/2019\/08\/GR1993_Records_logo_CC.png","contentUrl":"https:\/\/gr1993records.com\/wp-content\/uploads\/2019\/08\/GR1993_Records_logo_CC.png","width":2900,"height":2001,"caption":"Gramy-H Ltd."},"image":{"@id":"https:\/\/gr1993records.com\/#\/schema\/logo\/image\/"},"sameAs":["https:\/\/www.facebook.com\/GR1993Records-113564886691383\/"]}]}},"jetpack_sharing_enabled":true,"_links":{"self":[{"href":"https:\/\/gr1993records.com\/index.php\/wp-json\/wp\/v2\/product\/6779","targetHints":{"allow":["GET"]}}],"collection":[{"href":"https:\/\/gr1993records.com\/index.php\/wp-json\/wp\/v2\/product"}],"about":[{"href":"https:\/\/gr1993records.com\/index.php\/wp-json\/wp\/v2\/types\/product"}],"wp:featuredmedia":[{"embeddable":true,"href":"https:\/\/gr1993records.com\/index.php\/wp-json\/wp\/v2\/media\/6785"}],"wp:attachment":[{"href":"https:\/\/gr1993records.com\/index.php\/wp-json\/wp\/v2\/media?parent=6779"}],"wp:term":[{"taxonomy":"product_brand","embeddable":true,"href":"https:\/\/gr1993records.com\/index.php\/wp-json\/wp\/v2\/product_brand?post=6779"},{"taxonomy":"product_cat","embeddable":true,"href":"https:\/\/gr1993records.com\/index.php\/wp-json\/wp\/v2\/product_cat?post=6779"},{"taxonomy":"product_tag","embeddable":true,"href":"https:\/\/gr1993records.com\/index.php\/wp-json\/wp\/v2\/product_tag?post=6779"}],"curies":[{"name":"wp","href":"https:\/\/api.w.org\/{rel}","templated":true}]}}