{"id":6733,"date":"2022-11-22T14:41:39","date_gmt":"2022-11-22T13:41:39","guid":{"rendered":"https:\/\/gr1993records.com\/?post_type=product&#038;p=6733"},"modified":"2026-03-31T10:46:59","modified_gmt":"2026-03-31T08:46:59","slug":"djabe-before-2cd","status":"publish","type":"product","link":"https:\/\/gr1993records.com\/index.php\/product\/djabe-before-2cd\/","title":{"rendered":"Djabe <br\/> Before <br\/>(2CD)"},"content":{"rendered":"<p>[vc_row][vc_column][vc_column_text]A Djabe zenekar 2022 \u00e9v v\u00e9g\u00e9n \u00faj st\u00fadi\u00f3albummal jelentkezett. A felv\u00e9teleken a zenekar az al\u00e1bbi \u00f6ssze\u00e1ll\u00edt\u00e1sban szerepel:<br \/>\n<strong>Barab\u00e1s Tam\u00e1s<\/strong> \u2013 basszusgit\u00e1r, git\u00e1r, szintetiz\u00e1tor programok<br \/>\n<strong>\u00c9gerh\u00e1zi Attila<\/strong> \u2013 git\u00e1r, \u00fct\u0151hangszerek<br \/>\n<strong>Ko\u00f3s-Hut\u00e1s \u00c1ron<\/strong> \u2013 trombita, sz\u00e1rnyk\u00fcrt<br \/>\n<strong>Kasz\u00e1s P\u00e9ter<\/strong> \u2013 \u00e9nek, dobok<br \/>\n<strong>Bubeny\u00e1k Zolt\u00e1n<\/strong> \u2013 billenty\u0171s hangszerek<\/p>\n<p>A Djabe szeptemberben meg\u00fajult fel\u00e1ll\u00e1s\u00e1ban billenty\u0171sk\u00e9nt Bubeny\u00e1k Zolt\u00e1n mutatkozik be.<\/p>\n<p>Ism\u00e9t hallhat\u00f3 az albumon t\u00f6bb, \u00e1lland\u00f3 vend\u00e9gnek sz\u00e1m\u00edt\u00f3 zen\u00e9sz is:<br \/>\n<strong>Steve Hackett<\/strong> \u2013 git\u00e1r, sz\u00e1jharmonika<br \/>\n<strong>Rob Townsend<\/strong> \u2013 szaxofon<br \/>\n<strong>Karvaly Tibor<\/strong> \u2013 elektromos heged\u0171<br \/>\n<strong>Kozma \u00c9va<\/strong> \u2013 koboz<br \/>\n<strong>Mesics Gy\u00f6rgy<\/strong> \u2013 heged\u0171[\/vc_column_text][vc_empty_space height=&#8221;30px&#8221;][vc_video link=&#8221;http:\/\/youtu.be\/0zDVF0GoEZM&#8221; align=&#8221;center&#8221;][vc_empty_space height=&#8221;30px&#8221;][vc_single_image image=&#8221;6737&#8243; img_size=&#8221;full&#8221; alignment=&#8221;center&#8221;][vc_column_text]<strong>Bese L\u00e1szl\u00f3 szak\u00edr\u00f3 aj\u00e1nl\u00f3ja:<\/strong><\/p>\n<p>\u201eAz els\u0151k\u00e9nt dupla CD form\u00e1tumban megjelen\u0151 \u201eBefore\u201d album tizen\u00f6t \u00faj felv\u00e9telt tartalmaz, kiv\u00e9tel n\u00e9lk\u00fcl kor\u00e1bban m\u00e9g meg publik\u00e1lt \u00faj szerzem\u00e9nyeket. B\u00e1r a n\u00e9gypaneles digi sleeve csomagol\u00e1s csodasz\u00e9p fot\u00f3i ism\u00e9t Szard\u00ednia sz\u00e9ps\u00e9g\u00e9t dics\u00e9rik, a felv\u00e9telek ez\u00fattal Magyarorsz\u00e1gon, D\u00e1ni\u00e1ban \u00e9s Angli\u00e1ban k\u00e9sz\u00fcltek.<\/p>\n<p>A dupla albumon teh\u00e1t a Djabe jelenleg aktu\u00e1lis fel\u00e1ll\u00e1sa hallhat\u00f3, mint alapzenekar, nevezetesen: Barab\u00e1s Tam\u00e1s basszusgit\u00e1r, git\u00e1r, szintetiz\u00e1tor-program, hangm\u00e9rn\u00f6k; \u00c9gerh\u00e1zi Attila git\u00e1r, \u00fct\u0151hangszerek, producer; Ko\u00f3s-Hut\u00e1s \u00c1ron trombita, sz\u00e1rnyk\u00fcrt, Kasz\u00e1s P\u00e9ter \u00e9nek, dobok; Bubeny\u00e1k Zolt\u00e1n orgona, szintetiz\u00e1tor. Valamint n\u00e9gy, m\u00e1r a kor\u00e1bbi lemezekr\u0151l is ismert vend\u00e9gm\u0171v\u00e9sz: Steve Hackett git\u00e1r, harmonika; Rob Townsend szaxofon; Karvaly Tibor heged\u0171; Kozma \u00c9va koboz \u00e9s egy Djabe sz\u00ednekben m\u00e9g \u00fajonc, Mesics Gy\u00f6rgy heged\u0171s.<\/p>\n<p>A szok\u00e1s szerint ism\u00e9t sz\u00ednes hangszerel\u00e9s egy tal\u00e1n m\u00e9g az eddigiekn\u00e9l is sz\u00ednesebb dalcsokrot sz\u00f3laltat meg, vil\u00e1gszinten is fels\u0151kateg\u00f3ri\u00e1snak min\u0151s\u00fcl\u0151 hangmin\u0151s\u00e9gben. Mely \u00e1ltal igen j\u00f3l \u00e9rv\u00e9nyes\u00fclnek a virtu\u00f3zok hangszeres kvalit\u00e1sai, a vend\u00e9gek \u00e1ltal hozz\u00e1adott plusz sz\u00ednek \u00e9s hangulatok, valamint a szerz\u0151k kompoz\u00edci\u00f3inak v\u00e1ltozatos st\u00edluselemekb\u0151l \u00e9p\u00edtkez\u0151, ez\u00fattal kifejezetten progressz\u00edv dalszerkezetei.<\/p>\n<p>A k\u00e9t \u00e9vvel ezel\u0151tti \u201eThe Magic Stag\u201d albumhoz hasonl\u00f3an Kasz\u00e1s P\u00e9ter \u00e9nekes teljes\u00edtm\u00e9nye ism\u00e9t lehengerl\u0151. Ilyen professzion\u00e1lis, abszol\u00fat \u00e9sszel \u00e9s m\u00e9rt\u00e9kkel, az adott kompoz\u00edci\u00f3 sz\u00fcks\u00e9gleteihez igazod\u00f3 vok\u00e1lis teljes\u00edtm\u00e9nyt szinte kiz\u00e1r\u00f3lag az el\u0151z\u0151 \u00e9vsz\u00e1zad amerikai soul, superpop \u00e9s westcoast albumain hallani. Peti semmit sem tol t\u00fal, sehol sem hajl\u00edtgat \u00e9sz n\u00e9lk\u00fcl, nem \u00fcv\u00f6lt torokb\u00f3l, nem akarja minden\u00e1ron megmutatni, hogy mekkora kir\u00e1ly. Ellenben ahol amennyit \u00e9nekel, az p\u00e9lda\u00e9rt\u00e9k\u0171, s\u0151t azonnal be lehetne illeszteni a vil\u00e1g b\u00e1rmely profi zeneiskol\u00e1j\u00e1nak tananyag\u00e1ba. Szem\u00e9ly szerint n\u00e1lam a c\u00edmad\u00f3 a nyer\u0151, de az is abszol\u00fat \u00e9rthet\u0151, ha m\u00e1snak pedig a Jo Hackett sz\u00f6veg\u00e9vel megsz\u00f3lal\u00f3 \u201eStars And Moonbeams\u201d lesz a favoritja.<\/p>\n<p>Sokat gondolkodtam azon, mit lehet m\u00e9g egy ilyen \u00e9letm\u0171 ut\u00e1n a Djabe muzsik\u00e1j\u00e1r\u00f3l le\u00edrni, illetve az \u00faj dalcsokorb\u00f3l kiemelni. De m\u00e1sf\u00e9l heti kotl\u00e1s ut\u00e1n sem jutottam m\u00e1sra, mint hogy a \u201eBefore\u201d kompoz\u00edci\u00f3i tov\u00e1bbra is hozz\u00e1k a megszokott magas sz\u00ednvonalat, mik\u00f6zben tov\u00e1bbra sem vesznek tudom\u00e1st a m\u0171faji hat\u00e1rokr\u00f3l, hanem szabadon kalandoznak a korszakok \u00e9s m\u0171fajok k\u00f6z\u00f6tt.<\/p>\n<p>Djabe szinten \u00fajdons\u00e1gnak hathat Tam\u00e1s \u201eStarted Here\u201d c\u00edm\u0171 szerzem\u00e9nye, mely t\u0151l\u00fck szokatlan s\u00falyoss\u00e1g\u00fa hangulatot \u00e1raszt, m\u00e1r-m\u00e1r darkos hat\u00e1s\u00fa zene. Szint\u00e9n \u00e9rdekes \u00fajdons\u00e1g a \u201eMist\u201d melyben Steve Hackett harmonik\u00e1zik, megid\u00e9zve az ut\u00f3bbi turn\u00e9k r\u00e1ad\u00e1sainak j\u00f3kedv\u0171, felszabadult, jammel\u0151s pillanatait. Az els\u0151 k\u00e9t kisl\u00e1nya, Alma \u00e9s Kitti ut\u00e1n Tam\u00e1s az \u00fajsz\u00fcl\u00f6tt Francisk\u00e1t is meg\u00f6r\u00f6k\u00edtette az \u00faj albumon. Isten \u00e1ldja meg gazdagon a legifjabb Djabe bab\u00e1t \u00e9s csal\u00e1dj\u00e1t!<\/p>\n<p>A \u201eBefore\u201d dupla CD kiad\u00e1sa is rendk\u00edv\u00fcl j\u00f3l sz\u00f3l, r\u00e1ad\u00e1sul tetszet\u0151s kivitel\u0171, gy\u0171jtem\u00e9nybe k\u00edv\u00e1nkoz\u00f3 darab. De persze az igazi hi-fi \u00e9s high-end \u00fcnnep csak ezut\u00e1n \u00e9rkezik, 2023-ban esed\u00e9kes DVD-audi\u00f3, dupla vinil, illetve magszalagos \u00e9s mesterszalagos v\u00e1ltozatok piacra dob\u00e1s\u00e1val. Viva audiofil min\u0151s\u00e9g! Viva Djabe!\u201d[\/vc_column_text][vc_single_image image=&#8221;6738&#8243; img_size=&#8221;full&#8221; alignment=&#8221;center&#8221;][vc_single_image image=&#8221;6736&#8243; img_size=&#8221;full&#8221; alignment=&#8221;center&#8221;][\/vc_column][\/vc_row]<\/p>","protected":false},"excerpt":{"rendered":"<p>2CD<\/p>\n<p><strong>Megjelen\u00e9s: 2022. december 9.<\/strong><\/p>\n","protected":false},"featured_media":6734,"template":"","meta":[],"product_brand":[],"product_cat":[92],"product_tag":[],"class_list":{"0":"post-6733","1":"product","2":"type-product","3":"status-publish","4":"has-post-thumbnail","6":"product_cat-cd","7":"yith_product_brand-djabe","8":"col-12 col-sm-6 col-md-4","10":"first","11":"instock","12":"sale","13":"featured","14":"shipping-taxable","15":"purchasable","16":"product-type-simple"},"yoast_head":"<!-- This site is optimized with the Yoast SEO plugin v27.2 - https:\/\/yoast.com\/product\/yoast-seo-wordpress\/ -->\n<title>Djabe  Before (2CD) &#8211; GR1993 Records<\/title>\n<meta name=\"robots\" content=\"index, follow, max-snippet:-1, max-image-preview:large, max-video-preview:-1\" \/>\n<link rel=\"canonical\" href=\"https:\/\/gr1993records.com\/index.php\/product\/djabe-before-2cd\/\" \/>\n<meta property=\"og:locale\" content=\"hu_HU\" \/>\n<meta property=\"og:type\" content=\"article\" \/>\n<meta property=\"og:title\" content=\"Djabe  Before (2CD) &#8211; GR1993 Records\" \/>\n<meta property=\"og:description\" content=\"[:hu]2CD  Megjelen\u00e9s: 2022. december 9.[:en]2CD  Release date: 9 December, 2022[:]\" \/>\n<meta property=\"og:url\" content=\"https:\/\/gr1993records.com\/index.php\/product\/djabe-before-2cd\/\" \/>\n<meta property=\"og:site_name\" content=\"GR1993 Records\" \/>\n<meta property=\"article:publisher\" content=\"https:\/\/www.facebook.com\/GR1993Records-113564886691383\/\" \/>\n<meta property=\"article:modified_time\" content=\"2026-03-31T08:46:59+00:00\" \/>\n<meta property=\"og:image\" content=\"https:\/\/gr1993records.com\/wp-content\/uploads\/2021\/10\/Djabe_First_Album_Revisited_3D_mockup_v1_4.jpg\" \/>\n\t<meta property=\"og:image:width\" content=\"1920\" \/>\n\t<meta property=\"og:image:height\" content=\"1080\" \/>\n\t<meta property=\"og:image:type\" content=\"image\/jpeg\" \/>\n<meta name=\"twitter:card\" content=\"summary_large_image\" \/>\n<meta name=\"twitter:image\" content=\"https:\/\/gr1993records.com\/wp-content\/uploads\/2021\/10\/Djabe_First_Album_Revisited_3D_mockup_v1_4.jpg\" \/>\n<meta name=\"twitter:label1\" content=\"Becs\u00fclt olvas\u00e1si id\u0151\" \/>\n\t<meta name=\"twitter:data1\" content=\"3 perc\" \/>\n<script type=\"application\/ld+json\" class=\"yoast-schema-graph\">{\"@context\":\"https:\/\/schema.org\",\"@graph\":[{\"@type\":\"WebPage\",\"@id\":\"https:\/\/gr1993records.com\/index.php\/product\/djabe-before-2cd\/\",\"url\":\"https:\/\/gr1993records.com\/index.php\/product\/djabe-before-2cd\/\",\"name\":\"Djabe Before (2CD) &#8211; GR1993 Records\",\"isPartOf\":{\"@id\":\"https:\/\/gr1993records.com\/#website\"},\"primaryImageOfPage\":{\"@id\":\"https:\/\/gr1993records.com\/index.php\/product\/djabe-before-2cd\/#primaryimage\"},\"image\":{\"@id\":\"https:\/\/gr1993records.com\/index.php\/product\/djabe-before-2cd\/#primaryimage\"},\"thumbnailUrl\":\"https:\/\/gr1993records.com\/wp-content\/uploads\/2022\/11\/Djabe_Before_2cd_front_01.jpg\",\"datePublished\":\"2022-11-22T13:41:39+00:00\",\"dateModified\":\"2026-03-31T08:46:59+00:00\",\"breadcrumb\":{\"@id\":\"https:\/\/gr1993records.com\/index.php\/product\/djabe-before-2cd\/#breadcrumb\"},\"inLanguage\":\"hu\",\"potentialAction\":[{\"@type\":\"ReadAction\",\"target\":[\"https:\/\/gr1993records.com\/index.php\/product\/djabe-before-2cd\/\"]}]},{\"@type\":\"ImageObject\",\"inLanguage\":\"hu\",\"@id\":\"https:\/\/gr1993records.com\/index.php\/product\/djabe-before-2cd\/#primaryimage\",\"url\":\"https:\/\/gr1993records.com\/wp-content\/uploads\/2022\/11\/Djabe_Before_2cd_front_01.jpg\",\"contentUrl\":\"https:\/\/gr1993records.com\/wp-content\/uploads\/2022\/11\/Djabe_Before_2cd_front_01.jpg\",\"width\":2318,\"height\":2080},{\"@type\":\"BreadcrumbList\",\"@id\":\"https:\/\/gr1993records.com\/index.php\/product\/djabe-before-2cd\/#breadcrumb\",\"itemListElement\":[{\"@type\":\"ListItem\",\"position\":1,\"name\":\"Home\",\"item\":\"https:\/\/gr1993records.com\/\"},{\"@type\":\"ListItem\",\"position\":2,\"name\":\"Kiadv\u00e1nyok\",\"item\":\"https:\/\/gr1993records.com\/index.php\/shop\/\"},{\"@type\":\"ListItem\",\"position\":3,\"name\":\"Djabe Before (2CD)\"}]},{\"@type\":\"WebSite\",\"@id\":\"https:\/\/gr1993records.com\/#website\",\"url\":\"https:\/\/gr1993records.com\/\",\"name\":\"GR1993 Records\",\"description\":\"\",\"publisher\":{\"@id\":\"https:\/\/gr1993records.com\/#organization\"},\"potentialAction\":[{\"@type\":\"SearchAction\",\"target\":{\"@type\":\"EntryPoint\",\"urlTemplate\":\"https:\/\/gr1993records.com\/?s={search_term_string}\"},\"query-input\":{\"@type\":\"PropertyValueSpecification\",\"valueRequired\":true,\"valueName\":\"search_term_string\"}}],\"inLanguage\":\"hu\"},{\"@type\":\"Organization\",\"@id\":\"https:\/\/gr1993records.com\/#organization\",\"name\":\"Gramy-H Ltd.\",\"url\":\"https:\/\/gr1993records.com\/\",\"logo\":{\"@type\":\"ImageObject\",\"inLanguage\":\"hu\",\"@id\":\"https:\/\/gr1993records.com\/#\/schema\/logo\/image\/\",\"url\":\"https:\/\/gr1993records.com\/wp-content\/uploads\/2019\/08\/GR1993_Records_logo_CC.png\",\"contentUrl\":\"https:\/\/gr1993records.com\/wp-content\/uploads\/2019\/08\/GR1993_Records_logo_CC.png\",\"width\":2900,\"height\":2001,\"caption\":\"Gramy-H Ltd.\"},\"image\":{\"@id\":\"https:\/\/gr1993records.com\/#\/schema\/logo\/image\/\"},\"sameAs\":[\"https:\/\/www.facebook.com\/GR1993Records-113564886691383\/\"]}]}<\/script>\n<!-- \/ Yoast SEO plugin. -->","yoast_head_json":{"title":"Djabe  Before (2CD) &#8211; GR1993 Records","robots":{"index":"index","follow":"follow","max-snippet":"max-snippet:-1","max-image-preview":"max-image-preview:large","max-video-preview":"max-video-preview:-1"},"canonical":"https:\/\/gr1993records.com\/index.php\/product\/djabe-before-2cd\/","og_locale":"hu_HU","og_type":"article","og_title":"Djabe  Before (2CD) &#8211; GR1993 Records","og_description":"[:hu]2CD  Megjelen\u00e9s: 2022. december 9.[:en]2CD  Release date: 9 December, 2022[:]","og_url":"https:\/\/gr1993records.com\/index.php\/product\/djabe-before-2cd\/","og_site_name":"GR1993 Records","article_publisher":"https:\/\/www.facebook.com\/GR1993Records-113564886691383\/","article_modified_time":"2026-03-31T08:46:59+00:00","og_image":[{"width":1920,"height":1080,"url":"https:\/\/gr1993records.com\/wp-content\/uploads\/2021\/10\/Djabe_First_Album_Revisited_3D_mockup_v1_4.jpg","type":"image\/jpeg"}],"twitter_card":"summary_large_image","twitter_image":"https:\/\/gr1993records.com\/wp-content\/uploads\/2021\/10\/Djabe_First_Album_Revisited_3D_mockup_v1_4.jpg","twitter_misc":{"Becs\u00fclt olvas\u00e1si id\u0151":"3 perc"},"schema":{"@context":"https:\/\/schema.org","@graph":[{"@type":"WebPage","@id":"https:\/\/gr1993records.com\/index.php\/product\/djabe-before-2cd\/","url":"https:\/\/gr1993records.com\/index.php\/product\/djabe-before-2cd\/","name":"Djabe Before (2CD) &#8211; GR1993 Records","isPartOf":{"@id":"https:\/\/gr1993records.com\/#website"},"primaryImageOfPage":{"@id":"https:\/\/gr1993records.com\/index.php\/product\/djabe-before-2cd\/#primaryimage"},"image":{"@id":"https:\/\/gr1993records.com\/index.php\/product\/djabe-before-2cd\/#primaryimage"},"thumbnailUrl":"https:\/\/gr1993records.com\/wp-content\/uploads\/2022\/11\/Djabe_Before_2cd_front_01.jpg","datePublished":"2022-11-22T13:41:39+00:00","dateModified":"2026-03-31T08:46:59+00:00","breadcrumb":{"@id":"https:\/\/gr1993records.com\/index.php\/product\/djabe-before-2cd\/#breadcrumb"},"inLanguage":"hu","potentialAction":[{"@type":"ReadAction","target":["https:\/\/gr1993records.com\/index.php\/product\/djabe-before-2cd\/"]}]},{"@type":"ImageObject","inLanguage":"hu","@id":"https:\/\/gr1993records.com\/index.php\/product\/djabe-before-2cd\/#primaryimage","url":"https:\/\/gr1993records.com\/wp-content\/uploads\/2022\/11\/Djabe_Before_2cd_front_01.jpg","contentUrl":"https:\/\/gr1993records.com\/wp-content\/uploads\/2022\/11\/Djabe_Before_2cd_front_01.jpg","width":2318,"height":2080},{"@type":"BreadcrumbList","@id":"https:\/\/gr1993records.com\/index.php\/product\/djabe-before-2cd\/#breadcrumb","itemListElement":[{"@type":"ListItem","position":1,"name":"Home","item":"https:\/\/gr1993records.com\/"},{"@type":"ListItem","position":2,"name":"Kiadv\u00e1nyok","item":"https:\/\/gr1993records.com\/index.php\/shop\/"},{"@type":"ListItem","position":3,"name":"Djabe Before (2CD)"}]},{"@type":"WebSite","@id":"https:\/\/gr1993records.com\/#website","url":"https:\/\/gr1993records.com\/","name":"GR1993 Records","description":"","publisher":{"@id":"https:\/\/gr1993records.com\/#organization"},"potentialAction":[{"@type":"SearchAction","target":{"@type":"EntryPoint","urlTemplate":"https:\/\/gr1993records.com\/?s={search_term_string}"},"query-input":{"@type":"PropertyValueSpecification","valueRequired":true,"valueName":"search_term_string"}}],"inLanguage":"hu"},{"@type":"Organization","@id":"https:\/\/gr1993records.com\/#organization","name":"Gramy-H Ltd.","url":"https:\/\/gr1993records.com\/","logo":{"@type":"ImageObject","inLanguage":"hu","@id":"https:\/\/gr1993records.com\/#\/schema\/logo\/image\/","url":"https:\/\/gr1993records.com\/wp-content\/uploads\/2019\/08\/GR1993_Records_logo_CC.png","contentUrl":"https:\/\/gr1993records.com\/wp-content\/uploads\/2019\/08\/GR1993_Records_logo_CC.png","width":2900,"height":2001,"caption":"Gramy-H Ltd."},"image":{"@id":"https:\/\/gr1993records.com\/#\/schema\/logo\/image\/"},"sameAs":["https:\/\/www.facebook.com\/GR1993Records-113564886691383\/"]}]}},"jetpack_sharing_enabled":true,"_links":{"self":[{"href":"https:\/\/gr1993records.com\/index.php\/wp-json\/wp\/v2\/product\/6733","targetHints":{"allow":["GET"]}}],"collection":[{"href":"https:\/\/gr1993records.com\/index.php\/wp-json\/wp\/v2\/product"}],"about":[{"href":"https:\/\/gr1993records.com\/index.php\/wp-json\/wp\/v2\/types\/product"}],"wp:featuredmedia":[{"embeddable":true,"href":"https:\/\/gr1993records.com\/index.php\/wp-json\/wp\/v2\/media\/6734"}],"wp:attachment":[{"href":"https:\/\/gr1993records.com\/index.php\/wp-json\/wp\/v2\/media?parent=6733"}],"wp:term":[{"taxonomy":"product_brand","embeddable":true,"href":"https:\/\/gr1993records.com\/index.php\/wp-json\/wp\/v2\/product_brand?post=6733"},{"taxonomy":"product_cat","embeddable":true,"href":"https:\/\/gr1993records.com\/index.php\/wp-json\/wp\/v2\/product_cat?post=6733"},{"taxonomy":"product_tag","embeddable":true,"href":"https:\/\/gr1993records.com\/index.php\/wp-json\/wp\/v2\/product_tag?post=6733"}],"curies":[{"name":"wp","href":"https:\/\/api.w.org\/{rel}","templated":true}]}}