{"id":6703,"date":"2019-11-07T11:17:11","date_gmt":"2019-11-07T10:17:11","guid":{"rendered":"https:\/\/gr1993records.com\/?post_type=product&#038;p=6703"},"modified":"2026-03-31T12:02:15","modified_gmt":"2026-03-31T10:02:15","slug":"djabe-special-guest-steve-hackett-summer-storms-and-rocking-rivers-cd-dvd","status":"publish","type":"product","link":"https:\/\/gr1993records.com\/index.php\/product\/djabe-special-guest-steve-hackett-summer-storms-and-rocking-rivers-cd-dvd\/","title":{"rendered":"Djabe <\/br>special guest Steve Hackett <\/br>Summer Storms <\/br>and Rocking Rivers <\/br>(CD+DVD)"},"content":{"rendered":"<p><\/p>\n<p>[vc_row][vc_column][vc_column_text]A Djabe special guest Steve Hackett form\u00e1ci\u00f3 2011-es pozsonyi koncertfelv\u00e9tele eddig csak egy dupla vinyl lemezen jelent meg 2013-ban a Gramy Records gondoz\u00e1s\u00e1ban. 2017-ben az angliai Cherry Red Records Esoteric Antenna label-j\u00e9n kereszt\u00fcl kib\u0151v\u00edtett CD+DVD digipak boksz form\u00e1tumban adja ki. A CD a koncert 78 perces v\u00e1ltozat\u00e1t tartalmazza. A z\u00e1r\u00f3sz\u00e1m a Los Endos 2012-ben Budapesten ker\u00fclt r\u00f6gz\u00edt\u00e9sre. A DVD-n a teljes pozsonyi koncertfelv\u00e9telt k\u00f6zreadj\u00e1k, 97 perc hossz\u00fas\u00e1gban. A korongra a turn\u00e9n r\u00f6gz\u00edtett dokumentumfilm \u00e9s tov\u00e1bbi extr\u00e1k is helyet kaptak.<br \/>\n<em>Az Esoteric Antenna k\u00f6zlem\u00e9nye kiadv\u00e1nyr\u00f3l:<\/em><br \/>\n<em>Megjelen\u00e9s 2017. febru\u00e1r 24.\u00a0Az Esoteric Antenna b\u00fcszk\u00e9n jelenti be a legend\u00e1s git\u00e1ros Steve Hackett koncertalbum\u00e1t, melyet a tehets\u00e9ges magyar zenekarral a Djab\u00e9val r\u00f6gz\u00edtett.<\/em><em>Csod\u00e1latos koncert album CD+DVD boxban (NTSC form\u00e1tum, r\u00e9gi\u00f3 k\u00f3d n\u00e9lk\u00fcl) melyet a Genesis git\u00e1rosa a magyar Djabe zenekarral r\u00f6gz\u00edtett Pozsonyban \u00e9s Budapesten.\u00a0A DVD a teljen koncertet, b\u00f3nusz koncert \u00e9s prom\u00f3ci\u00f3s vide\u00f3t, valamint turn\u00e9 dokumentumfilmet tartalmaz.\u00a0A Summer Storem and Rocking Rivers anyag\u00e1t 2011 j\u0171lius\u00e1ban r\u00f6gz\u00edtett\u00e9k Pozsonyban, a Los Endos kompoz\u00edci\u00f3t pedig 2012-ben Budapesten. A felv\u00e9tel tartalmaz Steve Hackett sz\u00f3l\u00f3 p\u00e1ly\u00e1j\u00e1r\u00f3l ismert felv\u00e9teleket, ilyen a The Steppes, vagy az Ace of Wands. Ugyanakkor hallhatunk olyan Genesis klasszikusokat is, mint a Firth of Fifth, az In Thar Quite Earth \u00e9s a Los Endos.\u00a0A Djabe 20 \u00e9vvel ezel\u0151tt alap\u00edtott zenekar, mely az egyik legismertebb jazz group nemzetk\u00f6zi szinten Magyarorsz\u00e1gt\u00f3l. Elb\u0171v\u00f6l\u0151 f\u00fazi\u00f3s jazzt rockot j\u00e1tszanak. A pozsonyi koncerten az al\u00e1bbi fel\u00e1ll\u00e1sban j\u00e1tszanak: Kov\u00e1cs Ferenc: \u00e9nek, trombita, heged\u0171; Kov\u00e1cs Zolt\u00e1n: billenty\u0171s hangszerek; \u00c9gerh\u00e1zi Attila: git\u00e1r, \u00fct\u0151hangszerek; Barab\u00e1s Tam\u00e1s: basszusgit\u00e1r \u00e9s Banai Szil\u00e1rd: dobok. A Djabe 2002 \u00f3ta sz\u00e1mos koncertet adott vil\u00e1gszerte. A k\u00f6z\u00f6s turn\u00e9z\u00e1st 2007-ben kezdt\u00e9k el Steve Hackettel. A koncerteken a Djabe kompoz\u00edci\u00f3k mellett Genesis \u00e9s Hackett sz\u00f3l\u00f3 sz\u00e1mokat is j\u00e1tszanak. A rom\u00e1niai Garana Jazz Fesztiv\u00e1lon tizenh\u00e1romezer ember el\u0151tt j\u00e1tszottak, \u00e9s most itt van a Summer Storms and Rocking Rivers, ahol tetten \u00e9rhetj\u00fck csod\u00e1latos egy\u00fcttm\u0171k\u00f6d\u00e9s\u00fcket a sz\u00ednpadon.\u00a0A DVD a teljes koncert mellett tartalmaz egy dokumentumfilmet a turn\u00e9r\u00f3l, a Jacuzzi \/ Overnight Sleeper darabokat, melyet a Miskolci Szimfonikusokkal r\u00f6gz\u00edtettek 2013 november\u00e9ben, valamint a Tears for Peace c\u00edm\u0171 Djabe dal prom\u00f3ci\u00f3s klipj\u00e9t.<\/em>[\/vc_column_text][vc_separator][vc_column_text]<span style=\"font-weight: 400;\"><strong>Az albumon k\u00f6zrem\u0171k\u00f6d\u0151 zen\u00e9szek<\/strong><br \/>\n<\/span><span style=\"font-weight: 400;\">Steve Hackett \u2013 vok\u00e1l, git\u00e1r<\/span><span style=\"font-weight: 400;\"><br \/>\n<\/span><span style=\"font-weight: 400;\">Kov\u00e1cs Ferenc \u2013 vok\u00e1l, trombita, heged\u0171<\/span><span style=\"font-weight: 400;\"><br \/>\n<\/span><span style=\"font-weight: 400;\">Kov\u00e1cs Zolt\u00e1n \u2013 billenty\u0171s hangszerek<\/span><span style=\"font-weight: 400;\"><br \/>\n<\/span><span style=\"font-weight: 400;\">\u00c9gerh\u00e1zi Attila \u2013 git\u00e1r, \u00fct\u0151hangszerek<\/span><span style=\"font-weight: 400;\"><br \/>\n<\/span><span style=\"font-weight: 400;\">Barab\u00e1s Tam\u00e1s \u2013 basszusgit\u00e1r<\/span><span style=\"font-weight: 400;\"><br \/>\n<\/span><span style=\"font-weight: 400;\">Banai Szil\u00e1rd \u2013 dobok<\/span>[\/vc_column_text][\/vc_column][\/vc_row]<\/p>\n<p><\/p>","protected":false},"excerpt":{"rendered":"<p>A Summer Storms And Rocking Rivers a m\u00e1sodik olyan album, mely Steve blogj\u00e1nak c\u00edm\u00e9t veszi \u00e1t. A dupla lemez a 2011-es turn\u00e9 sor\u00e1n ker\u00fclt r\u00f6gz\u00edt\u00e9sre Pozsonyban. A j\u00faliusi koncertek folyam\u00e1n nagy ny\u00e1ri viharok tark\u00edtott\u00e1k a zenekar \u00fatj\u00e1t Magyarorsz\u00e1gon \u00e9s Szlov\u00e1ki\u00e1ban. A c\u00edmben szerepl\u0151 foly\u00f3k a Pozsonyt \u00e9s Budapestet \u00f6sszek\u00f6t\u0151 Duna mellett a Tokajt \u00e9rint\u0151 Tisz\u00e1ra utalnak.<\/p>\n","protected":false},"featured_media":6704,"template":"","meta":[],"product_brand":[],"product_cat":[92,93],"product_tag":[],"class_list":{"0":"post-6703","1":"product","2":"type-product","3":"status-publish","4":"has-post-thumbnail","6":"product_cat-cd","7":"product_cat-dvd","8":"yith_product_brand-djabe","9":"yith_product_brand-steve-hackett","10":"col-12 col-sm-6 col-md-4","12":"first","13":"instock","14":"shipping-taxable","15":"purchasable","16":"product-type-simple"},"yoast_head":"<!-- This site is optimized with the Yoast SEO plugin v27.3 - https:\/\/yoast.com\/product\/yoast-seo-wordpress\/ -->\n<title>Djabe special guest Steve Hackett Summer Storms and Rocking Rivers (CD+DVD) &#8211; GR1993 Records<\/title>\n<meta name=\"robots\" content=\"index, follow, max-snippet:-1, max-image-preview:large, max-video-preview:-1\" \/>\n<link rel=\"canonical\" href=\"https:\/\/gr1993records.com\/index.php\/product\/djabe-special-guest-steve-hackett-summer-storms-and-rocking-rivers-cd-dvd\/\" \/>\n<meta property=\"og:locale\" content=\"hu_HU\" \/>\n<meta property=\"og:type\" content=\"article\" \/>\n<meta property=\"og:title\" content=\"Djabe special guest Steve Hackett Summer Storms and Rocking Rivers (CD+DVD) &#8211; GR1993 Records\" \/>\n<meta property=\"og:description\" content=\"[:hu]A Summer Storms And Rocking Rivers a m\u00e1sodik olyan album, mely Steve blogj\u00e1nak c\u00edm\u00e9t veszi \u00e1t. A dupla lemez a 2011-es turn\u00e9 sor\u00e1n ker\u00fclt r\u00f6gz\u00edt\u00e9sre Pozsonyban. A j\u00faliusi koncertek folyam\u00e1n nagy ny\u00e1ri viharok tark\u00edtott\u00e1k a zenekar \u00fatj\u00e1t Magyarorsz\u00e1gon \u00e9s Szlov\u00e1ki\u00e1ban. A c\u00edmben szerepl\u0151 foly\u00f3k a Pozsonyt \u00e9s Budapestet \u00f6sszek\u00f6t\u0151 Duna mellett a Tokajt \u00e9rint\u0151 Tisz\u00e1ra utalnak.[:en]The band borrowed the title from Steve Hackett\u2019s tour blog in which the guitar legend describes his wanderings with his Hungarian friends across Russia, Bulgaria, Macedonia, Serbia, Austria and Hungary. The double album was recorded in Bratislava during the tour of 2011.[:]\" \/>\n<meta property=\"og:url\" content=\"https:\/\/gr1993records.com\/index.php\/product\/djabe-special-guest-steve-hackett-summer-storms-and-rocking-rivers-cd-dvd\/\" \/>\n<meta property=\"og:site_name\" content=\"GR1993 Records\" \/>\n<meta property=\"article:publisher\" content=\"https:\/\/www.facebook.com\/GR1993Records-113564886691383\/\" \/>\n<meta property=\"article:modified_time\" content=\"2026-03-31T10:02:15+00:00\" \/>\n<meta property=\"og:image\" content=\"https:\/\/gr1993records.com\/wp-content\/uploads\/2022\/05\/2017_Summer_Storms-Esoteric.jpg\" \/>\n\t<meta property=\"og:image:width\" content=\"1083\" \/>\n\t<meta property=\"og:image:height\" content=\"1000\" \/>\n\t<meta property=\"og:image:type\" content=\"image\/jpeg\" \/>\n<meta name=\"twitter:card\" content=\"summary_large_image\" \/>\n<meta name=\"twitter:label1\" content=\"Becs\u00fclt olvas\u00e1si id\u0151\" \/>\n\t<meta name=\"twitter:data1\" content=\"2 perc\" \/>\n<script type=\"application\/ld+json\" class=\"yoast-schema-graph\">{\"@context\":\"https:\\\/\\\/schema.org\",\"@graph\":[{\"@type\":\"WebPage\",\"@id\":\"https:\\\/\\\/gr1993records.com\\\/index.php\\\/product\\\/djabe-special-guest-steve-hackett-summer-storms-and-rocking-rivers-cd-dvd\\\/\",\"url\":\"https:\\\/\\\/gr1993records.com\\\/index.php\\\/product\\\/djabe-special-guest-steve-hackett-summer-storms-and-rocking-rivers-cd-dvd\\\/\",\"name\":\"Djabe special guest Steve Hackett Summer Storms and Rocking Rivers (CD+DVD) &#8211; GR1993 Records\",\"isPartOf\":{\"@id\":\"https:\\\/\\\/gr1993records.com\\\/#website\"},\"primaryImageOfPage\":{\"@id\":\"https:\\\/\\\/gr1993records.com\\\/index.php\\\/product\\\/djabe-special-guest-steve-hackett-summer-storms-and-rocking-rivers-cd-dvd\\\/#primaryimage\"},\"image\":{\"@id\":\"https:\\\/\\\/gr1993records.com\\\/index.php\\\/product\\\/djabe-special-guest-steve-hackett-summer-storms-and-rocking-rivers-cd-dvd\\\/#primaryimage\"},\"thumbnailUrl\":\"https:\\\/\\\/gr1993records.com\\\/wp-content\\\/uploads\\\/2022\\\/05\\\/2017_Summer_Storms-Esoteric.jpg\",\"datePublished\":\"2019-11-07T10:17:11+00:00\",\"dateModified\":\"2026-03-31T10:02:15+00:00\",\"breadcrumb\":{\"@id\":\"https:\\\/\\\/gr1993records.com\\\/index.php\\\/product\\\/djabe-special-guest-steve-hackett-summer-storms-and-rocking-rivers-cd-dvd\\\/#breadcrumb\"},\"inLanguage\":\"hu\",\"potentialAction\":[{\"@type\":\"ReadAction\",\"target\":[\"https:\\\/\\\/gr1993records.com\\\/index.php\\\/product\\\/djabe-special-guest-steve-hackett-summer-storms-and-rocking-rivers-cd-dvd\\\/\"]}]},{\"@type\":\"ImageObject\",\"inLanguage\":\"hu\",\"@id\":\"https:\\\/\\\/gr1993records.com\\\/index.php\\\/product\\\/djabe-special-guest-steve-hackett-summer-storms-and-rocking-rivers-cd-dvd\\\/#primaryimage\",\"url\":\"https:\\\/\\\/gr1993records.com\\\/wp-content\\\/uploads\\\/2022\\\/05\\\/2017_Summer_Storms-Esoteric.jpg\",\"contentUrl\":\"https:\\\/\\\/gr1993records.com\\\/wp-content\\\/uploads\\\/2022\\\/05\\\/2017_Summer_Storms-Esoteric.jpg\",\"width\":1083,\"height\":1000,\"caption\":\"2017_Summer_Storms-Esoteric\"},{\"@type\":\"BreadcrumbList\",\"@id\":\"https:\\\/\\\/gr1993records.com\\\/index.php\\\/product\\\/djabe-special-guest-steve-hackett-summer-storms-and-rocking-rivers-cd-dvd\\\/#breadcrumb\",\"itemListElement\":[{\"@type\":\"ListItem\",\"position\":1,\"name\":\"Home\",\"item\":\"https:\\\/\\\/gr1993records.com\\\/\"},{\"@type\":\"ListItem\",\"position\":2,\"name\":\"Kiadv\u00e1nyok\",\"item\":\"https:\\\/\\\/gr1993records.com\\\/index.php\\\/shop\\\/\"},{\"@type\":\"ListItem\",\"position\":3,\"name\":\"Djabe special guest Steve Hackett Summer Storms and Rocking Rivers (CD+DVD)\"}]},{\"@type\":\"WebSite\",\"@id\":\"https:\\\/\\\/gr1993records.com\\\/#website\",\"url\":\"https:\\\/\\\/gr1993records.com\\\/\",\"name\":\"GR1993 Records\",\"description\":\"\",\"publisher\":{\"@id\":\"https:\\\/\\\/gr1993records.com\\\/#organization\"},\"potentialAction\":[{\"@type\":\"SearchAction\",\"target\":{\"@type\":\"EntryPoint\",\"urlTemplate\":\"https:\\\/\\\/gr1993records.com\\\/?s={search_term_string}\"},\"query-input\":{\"@type\":\"PropertyValueSpecification\",\"valueRequired\":true,\"valueName\":\"search_term_string\"}}],\"inLanguage\":\"hu\"},{\"@type\":\"Organization\",\"@id\":\"https:\\\/\\\/gr1993records.com\\\/#organization\",\"name\":\"Gramy-H Ltd.\",\"url\":\"https:\\\/\\\/gr1993records.com\\\/\",\"logo\":{\"@type\":\"ImageObject\",\"inLanguage\":\"hu\",\"@id\":\"https:\\\/\\\/gr1993records.com\\\/#\\\/schema\\\/logo\\\/image\\\/\",\"url\":\"https:\\\/\\\/gr1993records.com\\\/wp-content\\\/uploads\\\/2019\\\/08\\\/GR1993_Records_logo_CC.png\",\"contentUrl\":\"https:\\\/\\\/gr1993records.com\\\/wp-content\\\/uploads\\\/2019\\\/08\\\/GR1993_Records_logo_CC.png\",\"width\":2900,\"height\":2001,\"caption\":\"Gramy-H Ltd.\"},\"image\":{\"@id\":\"https:\\\/\\\/gr1993records.com\\\/#\\\/schema\\\/logo\\\/image\\\/\"},\"sameAs\":[\"https:\\\/\\\/www.facebook.com\\\/GR1993Records-113564886691383\\\/\"]}]}<\/script>\n<!-- \/ Yoast SEO plugin. -->","yoast_head_json":{"title":"Djabe special guest Steve Hackett Summer Storms and Rocking Rivers (CD+DVD) &#8211; GR1993 Records","robots":{"index":"index","follow":"follow","max-snippet":"max-snippet:-1","max-image-preview":"max-image-preview:large","max-video-preview":"max-video-preview:-1"},"canonical":"https:\/\/gr1993records.com\/index.php\/product\/djabe-special-guest-steve-hackett-summer-storms-and-rocking-rivers-cd-dvd\/","og_locale":"hu_HU","og_type":"article","og_title":"Djabe special guest Steve Hackett Summer Storms and Rocking Rivers (CD+DVD) &#8211; GR1993 Records","og_description":"[:hu]A Summer Storms And Rocking Rivers a m\u00e1sodik olyan album, mely Steve blogj\u00e1nak c\u00edm\u00e9t veszi \u00e1t. A dupla lemez a 2011-es turn\u00e9 sor\u00e1n ker\u00fclt r\u00f6gz\u00edt\u00e9sre Pozsonyban. A j\u00faliusi koncertek folyam\u00e1n nagy ny\u00e1ri viharok tark\u00edtott\u00e1k a zenekar \u00fatj\u00e1t Magyarorsz\u00e1gon \u00e9s Szlov\u00e1ki\u00e1ban. A c\u00edmben szerepl\u0151 foly\u00f3k a Pozsonyt \u00e9s Budapestet \u00f6sszek\u00f6t\u0151 Duna mellett a Tokajt \u00e9rint\u0151 Tisz\u00e1ra utalnak.[:en]The band borrowed the title from Steve Hackett\u2019s tour blog in which the guitar legend describes his wanderings with his Hungarian friends across Russia, Bulgaria, Macedonia, Serbia, Austria and Hungary. The double album was recorded in Bratislava during the tour of 2011.[:]","og_url":"https:\/\/gr1993records.com\/index.php\/product\/djabe-special-guest-steve-hackett-summer-storms-and-rocking-rivers-cd-dvd\/","og_site_name":"GR1993 Records","article_publisher":"https:\/\/www.facebook.com\/GR1993Records-113564886691383\/","article_modified_time":"2026-03-31T10:02:15+00:00","og_image":[{"width":1083,"height":1000,"url":"https:\/\/gr1993records.com\/wp-content\/uploads\/2022\/05\/2017_Summer_Storms-Esoteric.jpg","type":"image\/jpeg"}],"twitter_card":"summary_large_image","twitter_misc":{"Becs\u00fclt olvas\u00e1si id\u0151":"2 perc"},"schema":{"@context":"https:\/\/schema.org","@graph":[{"@type":"WebPage","@id":"https:\/\/gr1993records.com\/index.php\/product\/djabe-special-guest-steve-hackett-summer-storms-and-rocking-rivers-cd-dvd\/","url":"https:\/\/gr1993records.com\/index.php\/product\/djabe-special-guest-steve-hackett-summer-storms-and-rocking-rivers-cd-dvd\/","name":"Djabe special guest Steve Hackett Summer Storms and Rocking Rivers (CD+DVD) &#8211; GR1993 Records","isPartOf":{"@id":"https:\/\/gr1993records.com\/#website"},"primaryImageOfPage":{"@id":"https:\/\/gr1993records.com\/index.php\/product\/djabe-special-guest-steve-hackett-summer-storms-and-rocking-rivers-cd-dvd\/#primaryimage"},"image":{"@id":"https:\/\/gr1993records.com\/index.php\/product\/djabe-special-guest-steve-hackett-summer-storms-and-rocking-rivers-cd-dvd\/#primaryimage"},"thumbnailUrl":"https:\/\/gr1993records.com\/wp-content\/uploads\/2022\/05\/2017_Summer_Storms-Esoteric.jpg","datePublished":"2019-11-07T10:17:11+00:00","dateModified":"2026-03-31T10:02:15+00:00","breadcrumb":{"@id":"https:\/\/gr1993records.com\/index.php\/product\/djabe-special-guest-steve-hackett-summer-storms-and-rocking-rivers-cd-dvd\/#breadcrumb"},"inLanguage":"hu","potentialAction":[{"@type":"ReadAction","target":["https:\/\/gr1993records.com\/index.php\/product\/djabe-special-guest-steve-hackett-summer-storms-and-rocking-rivers-cd-dvd\/"]}]},{"@type":"ImageObject","inLanguage":"hu","@id":"https:\/\/gr1993records.com\/index.php\/product\/djabe-special-guest-steve-hackett-summer-storms-and-rocking-rivers-cd-dvd\/#primaryimage","url":"https:\/\/gr1993records.com\/wp-content\/uploads\/2022\/05\/2017_Summer_Storms-Esoteric.jpg","contentUrl":"https:\/\/gr1993records.com\/wp-content\/uploads\/2022\/05\/2017_Summer_Storms-Esoteric.jpg","width":1083,"height":1000,"caption":"2017_Summer_Storms-Esoteric"},{"@type":"BreadcrumbList","@id":"https:\/\/gr1993records.com\/index.php\/product\/djabe-special-guest-steve-hackett-summer-storms-and-rocking-rivers-cd-dvd\/#breadcrumb","itemListElement":[{"@type":"ListItem","position":1,"name":"Home","item":"https:\/\/gr1993records.com\/"},{"@type":"ListItem","position":2,"name":"Kiadv\u00e1nyok","item":"https:\/\/gr1993records.com\/index.php\/shop\/"},{"@type":"ListItem","position":3,"name":"Djabe special guest Steve Hackett Summer Storms and Rocking Rivers (CD+DVD)"}]},{"@type":"WebSite","@id":"https:\/\/gr1993records.com\/#website","url":"https:\/\/gr1993records.com\/","name":"GR1993 Records","description":"","publisher":{"@id":"https:\/\/gr1993records.com\/#organization"},"potentialAction":[{"@type":"SearchAction","target":{"@type":"EntryPoint","urlTemplate":"https:\/\/gr1993records.com\/?s={search_term_string}"},"query-input":{"@type":"PropertyValueSpecification","valueRequired":true,"valueName":"search_term_string"}}],"inLanguage":"hu"},{"@type":"Organization","@id":"https:\/\/gr1993records.com\/#organization","name":"Gramy-H Ltd.","url":"https:\/\/gr1993records.com\/","logo":{"@type":"ImageObject","inLanguage":"hu","@id":"https:\/\/gr1993records.com\/#\/schema\/logo\/image\/","url":"https:\/\/gr1993records.com\/wp-content\/uploads\/2019\/08\/GR1993_Records_logo_CC.png","contentUrl":"https:\/\/gr1993records.com\/wp-content\/uploads\/2019\/08\/GR1993_Records_logo_CC.png","width":2900,"height":2001,"caption":"Gramy-H Ltd."},"image":{"@id":"https:\/\/gr1993records.com\/#\/schema\/logo\/image\/"},"sameAs":["https:\/\/www.facebook.com\/GR1993Records-113564886691383\/"]}]}},"jetpack_sharing_enabled":true,"_links":{"self":[{"href":"https:\/\/gr1993records.com\/index.php\/wp-json\/wp\/v2\/product\/6703","targetHints":{"allow":["GET"]}}],"collection":[{"href":"https:\/\/gr1993records.com\/index.php\/wp-json\/wp\/v2\/product"}],"about":[{"href":"https:\/\/gr1993records.com\/index.php\/wp-json\/wp\/v2\/types\/product"}],"wp:featuredmedia":[{"embeddable":true,"href":"https:\/\/gr1993records.com\/index.php\/wp-json\/wp\/v2\/media\/6704"}],"wp:attachment":[{"href":"https:\/\/gr1993records.com\/index.php\/wp-json\/wp\/v2\/media?parent=6703"}],"wp:term":[{"taxonomy":"product_brand","embeddable":true,"href":"https:\/\/gr1993records.com\/index.php\/wp-json\/wp\/v2\/product_brand?post=6703"},{"taxonomy":"product_cat","embeddable":true,"href":"https:\/\/gr1993records.com\/index.php\/wp-json\/wp\/v2\/product_cat?post=6703"},{"taxonomy":"product_tag","embeddable":true,"href":"https:\/\/gr1993records.com\/index.php\/wp-json\/wp\/v2\/product_tag?post=6703"}],"curies":[{"name":"wp","href":"https:\/\/api.w.org\/{rel}","templated":true}]}}