{"id":6691,"date":"2022-05-27T10:43:55","date_gmt":"2022-05-27T08:43:55","guid":{"rendered":"https:\/\/gr1993records.com\/?post_type=product&#038;p=6691"},"modified":"2026-03-31T10:47:49","modified_gmt":"2026-03-31T08:47:49","slug":"djabe-special-guest-steve-hackett-in-the-footsteps-of-attila-and-genghis-2022-extended-edition","status":"publish","type":"product","link":"https:\/\/gr1993records.com\/product\/djabe-special-guest-steve-hackett-in-the-footsteps-of-attila-and-genghis-2022-extended-edition\/","title":{"rendered":"Djabe special guest <br\/>Steve Hackett: <br\/>In The Footsteps <br\/>Of Attila and Genghis <br\/>2022 kib\u0151v\u00edtett kiad\u00e1s 2CD"},"content":{"rendered":"<p>[vc_row][vc_column][vc_column_text]Steve Hackett \u00e9s a Djabe 2008 \u00f3ta bonyol\u00edt k\u00f6z\u00f6s turn\u00e9kat vil\u00e1gszerte. Az In The Footsteps Of Attila And Genghis dupla CD anyag\u00e1t 2010 nyar\u00e1n r\u00f6gz\u00edtett\u00e9k az augusztusi turn\u00e9juk sor\u00e1n. A koncertsorozat id\u0151rendben \u00e9rintette Oroszorsz\u00e1got, Magyarorsz\u00e1got, Bulg\u00e1ri\u00e1t \u00e9s Szerbi\u00e1t.<br \/>\nA m\u0171sorban ter\u00edt\u00e9kre ker\u00fcltek a Djabe klasszikusok (Distant Dance, Clouds Dance, Butterfly, Doromb, Erd\u0151, erd\u0151, Scenes, Wind And Bell, Dark Soup, stb.), Steve Hackett saj\u00e1t kompoz\u00edci\u00f3i (The Steppes, Last Train To Istanbul, Horizons, Ace Of Wands, stb) \u00e9s Genesis instrument\u00e1lis sz\u00e1mok is (Firth Of Fifth, In That Quiet Earth, Los Endos).<br \/>\nAz album egyik legizgalmasabb felv\u00e9tele Steve Hackett \u201eLast Train to Istanbul\u201d c\u00edm\u0171 dala, az \u201eOut of the Tunnel\u2019s Mouth\u201d-r\u00f3l, melyet saj\u00e1t zenekar\u00e1val sem j\u00e1tszott m\u00e9g \u00e9l\u0151ben.<\/p>\n<p>A 2022-es kiad\u00e1sra, az eredeti 2011-ben megjelent albumhoz k\u00e9pest, felker\u00fclt tov\u00e1bbi 6 b\u00f3nus track, kb. 40 perc hossz\u00fas\u00e1gban a turn\u00e9 eddig ki nem adott anyag\u00e1b\u00f3l.<\/p>\n<p>\u201e\u2026Steve nem is vend\u00e9gk\u00e9nt van jelen, hanem a zenekar tagjak\u00e9nt. A m\u00e1ra \u00e9vek \u00f3ta tart\u00f3 munkakapcsolat teljesen \u00f6sszekov\u00e1csolta a form\u00e1ci\u00f3t \u00e9s az albumon hallhat\u00f3 m\u0171sor remek\u00fcl adja vissza azt az \u00e9lm\u00e9nyt, amivel \u00e9l\u0151ben tal\u00e1lkozhatnak a rajong\u00f3k. \u00d6r\u00f6mzen\u00e9l\u00e9s hallhat\u00f3 mindv\u00e9gig, \u00e9s ami a legjobb, hogy a lemezt hallgatva szinte ott lehet\u00fcnk a koncerten.\u201d<br \/>\nGer\u00e9bi Zolt\u00e1n (A Genesis vil\u00e1ga honlap) kritik\u00e1ja<\/p>\n<p>Steve \u00edgy eml\u00e9kszik a turn\u00e9ra:<br \/>\n\u201eVad t\u00edz nap volt, m\u00edg Kelet-Eur\u00f3pa \u00fajabb, eddig ismeretlen ter\u00fcleteit fedezt\u00fck fel a Djabe-val. A git\u00e1rom egyszer csak elszabadult a kezeim k\u00f6z\u00f6tt, m\u00e9g engem is meglepett az el\u0151re soha nem tudhat\u00f3 dorombol\u00e1s \u00e9s morg\u00e1s intenzit\u00e1sa. A banda a legjobb form\u00e1j\u00e1ban volt&#8230;\u201d<\/p>\n<p>K\u00f6zrem\u0171k\u00f6d\u0151k:<\/p>\n<p>Steve Hackett <em>git\u00e1r, \u00e9nek<br \/>\n<\/em>Barab\u00e1s Tam\u00e1s <em>basszusgit\u00e1r<br \/>\n<\/em>\u00c9gerh\u00e1zi Attila <em>git\u00e1r, \u00fct\u0151hangszerek, \u00e9nek<br \/>\n<\/em>Ko\u00f3s-Hut\u00e1s \u00c1ron <em>trombita<br \/>\n<\/em>Kov\u00e1cs Ferenc <em>trombita, heged\u0171, \u00e9nek<br \/>\n<\/em>Kov\u00e1cs Zolt\u00e1n <em>billenty\u0171s hangszerek<br \/>\n<\/em>Banai Szil\u00e1rd <em>dob<\/em><\/p>\n<p><img loading=\"lazy\" decoding=\"async\" class=\"aligncenter wp-image-6692 size-large\" src=\"https:\/\/gr1993records.com\/wp-content\/uploads\/2022\/05\/Djabe_In_the_footsteps_GR161_mockup-1024x768.png\" alt=\"Djabe_In_the_footsteps_GR161_mockup\" width=\"840\" height=\"630\" srcset=\"https:\/\/gr1993records.com\/wp-content\/uploads\/2022\/05\/Djabe_In_the_footsteps_GR161_mockup-1024x768.png 1024w, https:\/\/gr1993records.com\/wp-content\/uploads\/2022\/05\/Djabe_In_the_footsteps_GR161_mockup-300x225.png 300w, https:\/\/gr1993records.com\/wp-content\/uploads\/2022\/05\/Djabe_In_the_footsteps_GR161_mockup-768x576.png 768w, https:\/\/gr1993records.com\/wp-content\/uploads\/2022\/05\/Djabe_In_the_footsteps_GR161_mockup-600x450.png 600w, https:\/\/gr1993records.com\/wp-content\/uploads\/2022\/05\/Djabe_In_the_footsteps_GR161_mockup.png 1300w\" sizes=\"auto, (max-width: 840px) 100vw, 840px\" \/>[\/vc_column_text][vc_column_text]<\/p>\n<p class=\"title style-scope ytd-video-primary-info-renderer\"><strong>Balogh Tibor interj\u00faja \u00c9gerh\u00e1zi Attil\u00e1val a Hang\u00e1rium c\u00edm\u0171 m\u0171sorban, a Magyar Katolikus R\u00e1di\u00f3ban<\/strong><\/p>\n<p>[\/vc_column_text][vc_column_text]<\/p>\n<div id=\"mp3jWrap_0\" class=\"mjp-s-wrapper s-graphic unsel-mjp \" style=\"font-size:18px;\"><span id=\"playpause_wrap_mp3j_0\" class=\"wrap_inline_mp3j\" style=\"font-weight:700;\"><span class=\"gfxbutton_mp3j play-mjp\" id=\"playpause_mp3j_0\" style=\"font-size:18px;\">&nbsp;&nbsp;&nbsp;&nbsp;&nbsp;<\/span>&nbsp;<span class=\"group_wrap\"><span class=\"bars_mp3j\"><span class=\"loadB_mp3j\" id=\"load_mp3j_0\"><\/span><span class=\"posbarB_mp3j\" id=\"posbar_mp3j_0\"><\/span><\/span><span class=\"T_mp3j\" id=\"T_mp3j_0\" style=\"font-size:18px;\">Katolikus R\u0087di\u00f3\u0097 interj\u00fa\u009c \u00c9\u0083gerh\u00e1\u0087zi Attil\u00e1\u0087val<span> - Djabe<\/span><\/span><span class=\"indi_mp3j\" style=\"font-size:12.6px;\" id=\"statusMI_0\"><\/span><\/span><\/span><\/div><span class=\"s-nosolution\" id=\"mp3j_nosolution_0\" style=\"display:none;\"><\/span><script>\nMP3jPLAYLISTS.inline_0 = [\n\t{ name: \"Katolikus R\u0087di\u00f3\u0097 interj\u00fa\u009c \u00c9\u0083gerh\u00e1\u0087zi Attil\u00e1\u0087val\", formats: [\"mp3\"], mp3: \"aHR0cHM6Ly9ncjE5OTNyZWNvcmRzLmNvbS93cC1jb250ZW50L3VwbG9hZHMvMjAyMi8wNS9FZ2VyaGF6aV9BdHRpbGFfaW50ZXJqdV9hel91al9hbGJ1bXJvbF8yMDExLm1wMw==\", counterpart:\"\", artist: \"Djabe\", image: \"\", imgurl: \"\" }\n];\n<\/script>\n\n<script>MP3jPLAYERS[0] = { list: MP3jPLAYLISTS.inline_0, tr:0, type:'single', lstate:'', loop:false, play_txt:'&nbsp;&nbsp;&nbsp;&nbsp;&nbsp;', pause_txt:'&nbsp;&nbsp;&nbsp;&nbsp;&nbsp;', pp_title:'', autoplay:false, download:false, vol:100, height:'' };<\/script>\n<p>[\/vc_column_text][vc_empty_space][\/vc_column][\/vc_row]<\/p>","protected":false},"excerpt":{"rendered":"<p><strong>Megjelen\u00e9s: 2022. j\u00falius 1.<\/strong><\/p>\n","protected":false},"featured_media":6694,"template":"","meta":[],"product_brand":[],"product_cat":[92],"product_tag":[],"class_list":{"0":"post-6691","1":"product","2":"type-product","3":"status-publish","4":"has-post-thumbnail","6":"product_cat-cd","7":"yith_product_brand-djabe","8":"yith_product_brand-steve-hackett","9":"col-12 col-sm-6 col-md-4","11":"first","12":"instock","13":"featured","14":"shipping-taxable","15":"purchasable","16":"product-type-simple"},"yoast_head":"<!-- This site is optimized with the Yoast SEO plugin v27.4 - https:\/\/yoast.com\/product\/yoast-seo-wordpress\/ -->\n<title>Djabe special guest Steve Hackett: In The Footsteps Of Attila and Genghis 2022 kib\u0151v\u00edtett kiad\u00e1s 2CD &#8211; GR1993 Records<\/title>\n<meta name=\"robots\" content=\"index, follow, max-snippet:-1, max-image-preview:large, max-video-preview:-1\" \/>\n<link rel=\"canonical\" href=\"https:\/\/gr1993records.com\/product\/djabe-special-guest-steve-hackett-in-the-footsteps-of-attila-and-genghis-2022-extended-edition\/\" \/>\n<meta property=\"og:locale\" content=\"hu_HU\" \/>\n<meta property=\"og:type\" content=\"article\" \/>\n<meta property=\"og:title\" content=\"Djabe special guest Steve Hackett: In The Footsteps Of Attila and Genghis 2022 kib\u0151v\u00edtett kiad\u00e1s 2CD &#8211; GR1993 Records\" \/>\n<meta property=\"og:description\" content=\"[:hu]Megjelen\u00e9s: 2022. j\u00falius 1.[:en]Release date: 1 July, 2022[:]\" \/>\n<meta property=\"og:url\" content=\"https:\/\/gr1993records.com\/product\/djabe-special-guest-steve-hackett-in-the-footsteps-of-attila-and-genghis-2022-extended-edition\/\" \/>\n<meta property=\"og:site_name\" content=\"GR1993 Records\" \/>\n<meta property=\"article:publisher\" content=\"https:\/\/www.facebook.com\/GR1993Records-113564886691383\/\" \/>\n<meta property=\"article:modified_time\" content=\"2026-03-31T08:47:49+00:00\" \/>\n<meta property=\"og:image\" content=\"https:\/\/gr1993records.com\/wp-content\/uploads\/2022\/03\/Djabe_WTT_Live_2019_CD_DVD_1.jpg\" \/>\n\t<meta property=\"og:image:width\" content=\"2269\" \/>\n\t<meta property=\"og:image:height\" content=\"2033\" \/>\n\t<meta property=\"og:image:type\" content=\"image\/jpeg\" \/>\n<meta name=\"twitter:card\" content=\"summary_large_image\" \/>\n<meta name=\"twitter:image\" content=\"https:\/\/gr1993records.com\/wp-content\/uploads\/2022\/03\/Djabe_WTT_Live_2019_CD_DVD_1.jpg\" \/>\n<meta name=\"twitter:label1\" content=\"Becs\u00fclt olvas\u00e1si id\u0151\" \/>\n\t<meta name=\"twitter:data1\" content=\"3 perc\" \/>\n<script type=\"application\/ld+json\" class=\"yoast-schema-graph\">{\"@context\":\"https:\\\/\\\/schema.org\",\"@graph\":[{\"@type\":\"WebPage\",\"@id\":\"https:\\\/\\\/gr1993records.com\\\/product\\\/djabe-special-guest-steve-hackett-in-the-footsteps-of-attila-and-genghis-2022-extended-edition\\\/\",\"url\":\"https:\\\/\\\/gr1993records.com\\\/product\\\/djabe-special-guest-steve-hackett-in-the-footsteps-of-attila-and-genghis-2022-extended-edition\\\/\",\"name\":\"Djabe special guest Steve Hackett: In The Footsteps Of Attila and Genghis 2022 kib\u0151v\u00edtett kiad\u00e1s 2CD &#8211; GR1993 Records\",\"isPartOf\":{\"@id\":\"https:\\\/\\\/gr1993records.com\\\/#website\"},\"primaryImageOfPage\":{\"@id\":\"https:\\\/\\\/gr1993records.com\\\/product\\\/djabe-special-guest-steve-hackett-in-the-footsteps-of-attila-and-genghis-2022-extended-edition\\\/#primaryimage\"},\"image\":{\"@id\":\"https:\\\/\\\/gr1993records.com\\\/product\\\/djabe-special-guest-steve-hackett-in-the-footsteps-of-attila-and-genghis-2022-extended-edition\\\/#primaryimage\"},\"thumbnailUrl\":\"https:\\\/\\\/gr1993records.com\\\/wp-content\\\/uploads\\\/2022\\\/05\\\/Djabe_special_guest_Steve_Hackett_In_The_Footsteps_Of_Attila_And_Genghis_2022_cover_front.jpg\",\"datePublished\":\"2022-05-27T08:43:55+00:00\",\"dateModified\":\"2026-03-31T08:47:49+00:00\",\"breadcrumb\":{\"@id\":\"https:\\\/\\\/gr1993records.com\\\/product\\\/djabe-special-guest-steve-hackett-in-the-footsteps-of-attila-and-genghis-2022-extended-edition\\\/#breadcrumb\"},\"inLanguage\":\"hu\",\"potentialAction\":[{\"@type\":\"ReadAction\",\"target\":[\"https:\\\/\\\/gr1993records.com\\\/product\\\/djabe-special-guest-steve-hackett-in-the-footsteps-of-attila-and-genghis-2022-extended-edition\\\/\"]}]},{\"@type\":\"ImageObject\",\"inLanguage\":\"hu\",\"@id\":\"https:\\\/\\\/gr1993records.com\\\/product\\\/djabe-special-guest-steve-hackett-in-the-footsteps-of-attila-and-genghis-2022-extended-edition\\\/#primaryimage\",\"url\":\"https:\\\/\\\/gr1993records.com\\\/wp-content\\\/uploads\\\/2022\\\/05\\\/Djabe_special_guest_Steve_Hackett_In_The_Footsteps_Of_Attila_And_Genghis_2022_cover_front.jpg\",\"contentUrl\":\"https:\\\/\\\/gr1993records.com\\\/wp-content\\\/uploads\\\/2022\\\/05\\\/Djabe_special_guest_Steve_Hackett_In_The_Footsteps_Of_Attila_And_Genghis_2022_cover_front.jpg\",\"width\":1652,\"height\":1481},{\"@type\":\"BreadcrumbList\",\"@id\":\"https:\\\/\\\/gr1993records.com\\\/product\\\/djabe-special-guest-steve-hackett-in-the-footsteps-of-attila-and-genghis-2022-extended-edition\\\/#breadcrumb\",\"itemListElement\":[{\"@type\":\"ListItem\",\"position\":1,\"name\":\"Home\",\"item\":\"https:\\\/\\\/gr1993records.com\\\/?lang=en\"},{\"@type\":\"ListItem\",\"position\":2,\"name\":\"Releases\",\"item\":\"https:\\\/\\\/gr1993records.com\\\/shop\\\/?lang=en\"},{\"@type\":\"ListItem\",\"position\":3,\"name\":\"Djabe special guest Steve Hackett: In The Footsteps Of Attila and Genghis 2022 kib\u0151v\u00edtett kiad\u00e1s 2CD\"}]},{\"@type\":\"WebSite\",\"@id\":\"https:\\\/\\\/gr1993records.com\\\/#website\",\"url\":\"https:\\\/\\\/gr1993records.com\\\/\",\"name\":\"GR1993 Records\",\"description\":\"\",\"publisher\":{\"@id\":\"https:\\\/\\\/gr1993records.com\\\/#organization\"},\"potentialAction\":[{\"@type\":\"SearchAction\",\"target\":{\"@type\":\"EntryPoint\",\"urlTemplate\":\"https:\\\/\\\/gr1993records.com\\\/?s={search_term_string}\"},\"query-input\":{\"@type\":\"PropertyValueSpecification\",\"valueRequired\":true,\"valueName\":\"search_term_string\"}}],\"inLanguage\":\"hu\"},{\"@type\":\"Organization\",\"@id\":\"https:\\\/\\\/gr1993records.com\\\/#organization\",\"name\":\"Gramy-H Ltd.\",\"url\":\"https:\\\/\\\/gr1993records.com\\\/\",\"logo\":{\"@type\":\"ImageObject\",\"inLanguage\":\"hu\",\"@id\":\"https:\\\/\\\/gr1993records.com\\\/#\\\/schema\\\/logo\\\/image\\\/\",\"url\":\"https:\\\/\\\/gr1993records.com\\\/wp-content\\\/uploads\\\/2019\\\/08\\\/GR1993_Records_logo_CC.png\",\"contentUrl\":\"https:\\\/\\\/gr1993records.com\\\/wp-content\\\/uploads\\\/2019\\\/08\\\/GR1993_Records_logo_CC.png\",\"width\":2900,\"height\":2001,\"caption\":\"Gramy-H Ltd.\"},\"image\":{\"@id\":\"https:\\\/\\\/gr1993records.com\\\/#\\\/schema\\\/logo\\\/image\\\/\"},\"sameAs\":[\"https:\\\/\\\/www.facebook.com\\\/GR1993Records-113564886691383\\\/\"]}]}<\/script>\n<!-- \/ Yoast SEO plugin. -->","yoast_head_json":{"title":"Djabe special guest Steve Hackett: In The Footsteps Of Attila and Genghis 2022 kib\u0151v\u00edtett kiad\u00e1s 2CD &#8211; GR1993 Records","robots":{"index":"index","follow":"follow","max-snippet":"max-snippet:-1","max-image-preview":"max-image-preview:large","max-video-preview":"max-video-preview:-1"},"canonical":"https:\/\/gr1993records.com\/product\/djabe-special-guest-steve-hackett-in-the-footsteps-of-attila-and-genghis-2022-extended-edition\/","og_locale":"hu_HU","og_type":"article","og_title":"Djabe special guest Steve Hackett: In The Footsteps Of Attila and Genghis 2022 kib\u0151v\u00edtett kiad\u00e1s 2CD &#8211; GR1993 Records","og_description":"[:hu]Megjelen\u00e9s: 2022. j\u00falius 1.[:en]Release date: 1 July, 2022[:]","og_url":"https:\/\/gr1993records.com\/product\/djabe-special-guest-steve-hackett-in-the-footsteps-of-attila-and-genghis-2022-extended-edition\/","og_site_name":"GR1993 Records","article_publisher":"https:\/\/www.facebook.com\/GR1993Records-113564886691383\/","article_modified_time":"2026-03-31T08:47:49+00:00","og_image":[{"width":2269,"height":2033,"url":"https:\/\/gr1993records.com\/wp-content\/uploads\/2022\/03\/Djabe_WTT_Live_2019_CD_DVD_1.jpg","type":"image\/jpeg"}],"twitter_card":"summary_large_image","twitter_image":"https:\/\/gr1993records.com\/wp-content\/uploads\/2022\/03\/Djabe_WTT_Live_2019_CD_DVD_1.jpg","twitter_misc":{"Becs\u00fclt olvas\u00e1si id\u0151":"3 perc"},"schema":{"@context":"https:\/\/schema.org","@graph":[{"@type":"WebPage","@id":"https:\/\/gr1993records.com\/product\/djabe-special-guest-steve-hackett-in-the-footsteps-of-attila-and-genghis-2022-extended-edition\/","url":"https:\/\/gr1993records.com\/product\/djabe-special-guest-steve-hackett-in-the-footsteps-of-attila-and-genghis-2022-extended-edition\/","name":"Djabe special guest Steve Hackett: In The Footsteps Of Attila and Genghis 2022 kib\u0151v\u00edtett kiad\u00e1s 2CD &#8211; GR1993 Records","isPartOf":{"@id":"https:\/\/gr1993records.com\/#website"},"primaryImageOfPage":{"@id":"https:\/\/gr1993records.com\/product\/djabe-special-guest-steve-hackett-in-the-footsteps-of-attila-and-genghis-2022-extended-edition\/#primaryimage"},"image":{"@id":"https:\/\/gr1993records.com\/product\/djabe-special-guest-steve-hackett-in-the-footsteps-of-attila-and-genghis-2022-extended-edition\/#primaryimage"},"thumbnailUrl":"https:\/\/gr1993records.com\/wp-content\/uploads\/2022\/05\/Djabe_special_guest_Steve_Hackett_In_The_Footsteps_Of_Attila_And_Genghis_2022_cover_front.jpg","datePublished":"2022-05-27T08:43:55+00:00","dateModified":"2026-03-31T08:47:49+00:00","breadcrumb":{"@id":"https:\/\/gr1993records.com\/product\/djabe-special-guest-steve-hackett-in-the-footsteps-of-attila-and-genghis-2022-extended-edition\/#breadcrumb"},"inLanguage":"hu","potentialAction":[{"@type":"ReadAction","target":["https:\/\/gr1993records.com\/product\/djabe-special-guest-steve-hackett-in-the-footsteps-of-attila-and-genghis-2022-extended-edition\/"]}]},{"@type":"ImageObject","inLanguage":"hu","@id":"https:\/\/gr1993records.com\/product\/djabe-special-guest-steve-hackett-in-the-footsteps-of-attila-and-genghis-2022-extended-edition\/#primaryimage","url":"https:\/\/gr1993records.com\/wp-content\/uploads\/2022\/05\/Djabe_special_guest_Steve_Hackett_In_The_Footsteps_Of_Attila_And_Genghis_2022_cover_front.jpg","contentUrl":"https:\/\/gr1993records.com\/wp-content\/uploads\/2022\/05\/Djabe_special_guest_Steve_Hackett_In_The_Footsteps_Of_Attila_And_Genghis_2022_cover_front.jpg","width":1652,"height":1481},{"@type":"BreadcrumbList","@id":"https:\/\/gr1993records.com\/product\/djabe-special-guest-steve-hackett-in-the-footsteps-of-attila-and-genghis-2022-extended-edition\/#breadcrumb","itemListElement":[{"@type":"ListItem","position":1,"name":"Home","item":"https:\/\/gr1993records.com\/?lang=en"},{"@type":"ListItem","position":2,"name":"Releases","item":"https:\/\/gr1993records.com\/shop\/?lang=en"},{"@type":"ListItem","position":3,"name":"Djabe special guest Steve Hackett: In The Footsteps Of Attila and Genghis 2022 kib\u0151v\u00edtett kiad\u00e1s 2CD"}]},{"@type":"WebSite","@id":"https:\/\/gr1993records.com\/#website","url":"https:\/\/gr1993records.com\/","name":"GR1993 Records","description":"","publisher":{"@id":"https:\/\/gr1993records.com\/#organization"},"potentialAction":[{"@type":"SearchAction","target":{"@type":"EntryPoint","urlTemplate":"https:\/\/gr1993records.com\/?s={search_term_string}"},"query-input":{"@type":"PropertyValueSpecification","valueRequired":true,"valueName":"search_term_string"}}],"inLanguage":"hu"},{"@type":"Organization","@id":"https:\/\/gr1993records.com\/#organization","name":"Gramy-H Ltd.","url":"https:\/\/gr1993records.com\/","logo":{"@type":"ImageObject","inLanguage":"hu","@id":"https:\/\/gr1993records.com\/#\/schema\/logo\/image\/","url":"https:\/\/gr1993records.com\/wp-content\/uploads\/2019\/08\/GR1993_Records_logo_CC.png","contentUrl":"https:\/\/gr1993records.com\/wp-content\/uploads\/2019\/08\/GR1993_Records_logo_CC.png","width":2900,"height":2001,"caption":"Gramy-H Ltd."},"image":{"@id":"https:\/\/gr1993records.com\/#\/schema\/logo\/image\/"},"sameAs":["https:\/\/www.facebook.com\/GR1993Records-113564886691383\/"]}]}},"jetpack_sharing_enabled":true,"_links":{"self":[{"href":"https:\/\/gr1993records.com\/wp-json\/wp\/v2\/product\/6691","targetHints":{"allow":["GET"]}}],"collection":[{"href":"https:\/\/gr1993records.com\/wp-json\/wp\/v2\/product"}],"about":[{"href":"https:\/\/gr1993records.com\/wp-json\/wp\/v2\/types\/product"}],"wp:featuredmedia":[{"embeddable":true,"href":"https:\/\/gr1993records.com\/wp-json\/wp\/v2\/media\/6694"}],"wp:attachment":[{"href":"https:\/\/gr1993records.com\/wp-json\/wp\/v2\/media?parent=6691"}],"wp:term":[{"taxonomy":"product_brand","embeddable":true,"href":"https:\/\/gr1993records.com\/wp-json\/wp\/v2\/product_brand?post=6691"},{"taxonomy":"product_cat","embeddable":true,"href":"https:\/\/gr1993records.com\/wp-json\/wp\/v2\/product_cat?post=6691"},{"taxonomy":"product_tag","embeddable":true,"href":"https:\/\/gr1993records.com\/wp-json\/wp\/v2\/product_tag?post=6691"}],"curies":[{"name":"wp","href":"https:\/\/api.w.org\/{rel}","templated":true}]}}