{"id":6647,"date":"2022-03-04T16:28:44","date_gmt":"2022-03-04T15:28:44","guid":{"rendered":"https:\/\/gr1993records.com\/?post_type=product&#038;p=6647"},"modified":"2026-03-31T10:49:20","modified_gmt":"2026-03-31T08:49:20","slug":"djabe-witchi-tai-to-live-2019-cd-dvd-gr-155","status":"publish","type":"product","link":"https:\/\/gr1993records.com\/index.php\/product\/djabe-witchi-tai-to-live-2019-cd-dvd-gr-155\/","title":{"rendered":"Djabe <br\/>Witchi Tai To Live 2019 <br\/>(CD+DVD)"},"content":{"rendered":"<p>[vc_row][vc_column][vc_column_text]Megjelen\u00e9s: 2022. m\u00e1rcius 3.<\/p>\n<p>A Djabe zenekar 2019. m\u00e1rcius 20-\u00e1n meglep\u0151 bemutat\u00f3 koncertet tartott. Az 1998-ban megjelent Witchi Tai To albumukat mutatt\u00e1k be. Ennek aprop\u00f3j\u00e1t az adta, hogy 2018-ban megjelent az album 20 \u00e9ves jubileum\u00e1ra egy \u00fajrakevert, dupla vinyl v\u00e1ltozat. A lemezt a londoni Abbey Road Studio-ban f\u00e9lsebess\u00e9gen v\u00e1gt\u00e1k a vadonat\u00faj mesterszalagokr\u00f3l. A mesterlemezeket a vil\u00e1gh\u00edr\u0171 Miles Showell k\u00e9sz\u00edtette. A 45-\u00f6s fordulatsz\u00e1m\u00fa lemezt a 2018-as budapesti Hi-Fi Show keret\u00e9ben mutatt\u00e1k be \u00f3ri\u00e1si sikerrel.<\/p>\n<p>A Witchi Tai To a mai napig az egyik legsikeresebb albuma a zenekarnak. Megjelen\u00e9s\u00e9vel egyid\u0151ben robbant be a Djabe a hazai zenei \u00e9letbe. A k\u00f6z\u00f6ns\u00e9gsiker mellett, az eredetileg dupla CD \u00e9s szimpla LP, a Magyar Hanglemezkiad\u00f3k Sz\u00f6vets\u00e9ge Arany Zsir\u00e1f d\u00edj\u00e1t is megkapta, mint az \u00e9v World Music lemeze. A dupla CD m\u00e1sodik lemeze sz\u00e1m\u00edt\u00f3g\u00e9pen lej\u00e1tszhat\u00f3 multim\u00e9di\u00e1s tartalmat is tartalmazott, melyet az Abbey Road Studio interakt\u00edv r\u00e9szlege k\u00e9sz\u00edtett. Ez akkor vil\u00e1g\u00fajdons\u00e1gnak sz\u00e1m\u00edtott.<\/p>\n<p>A Witchi Tai To-t az album felv\u00e9teleit k\u00e9sz\u00edt\u0151 Barab\u00e1s Tam\u00e1s 2014-ben az eredeti soks\u00e1vos szalagok felhaszn\u00e1l\u00e1s\u00e1val \u00fajrakeverte, \u00e9s surround mixet is k\u00e9sz\u00edtett a DVD-Audio \u00fajrakiad\u00e1shoz. Egy \u00e9vvel k\u00e9s\u0151bb jelent meg a Djabe: Witchi Tai mediabook, mely LP m\u00e9ret\u0171 64 oldalas k\u00f6nyv form\u00e1j\u00e1ban tartalmazta a 2014-es \u00fajrakevert hanganyagot CD-n \u00e9s DVD-Audio lemezen. Ezek mellett egy teljes CD-nyi extra remix, koncert \u00e9s pr\u00f3bafelv\u00e9tel is beker\u00fclt a k\u00f6nyvbe, tov\u00e1bb\u00e1 az 1998-as bemutat\u00f3 turn\u00e9n r\u00f6gz\u00edtett, kor\u00e1bban VHS kazett\u00e1n megjelent Witchi Tai To Tour koncertfilm DVD-je, rengeteg vizu\u00e1lis extr\u00e1val.<\/p>\n<p>A 20 \u00e9ves jubileumra pedig kij\u00f6tt az \u00faj dupla LP. Ennek siker\u00e9n felbuzdulva szervezte meg a Djabe a bemutat\u00f3 koncertet a MOMKultban. A bemutat\u00f3hoz seg\u00edts\u00e9g\u00fcl h\u00edvt\u00e1k az eredeti fel\u00e1ll\u00e1sb\u0151l Muck Ferencet, valamint Sipos Andr\u00e1st is vide\u00f3felv\u00e9tel seg\u00edts\u00e9g\u00e9vel.<\/p>\n<p>A koncerten elhangzottak az 1998-an nagy sl\u00e1gerek a Coffee Break, a Djabe \u00e9s a Visions is. Az Early Mornig bemutat\u00e1s\u00e1val pedig egy olyan sz\u00e1m is elhangzott, amelyet sohasem j\u00e1tszott m\u00e9g a zenekar \u00e9l\u0151ben, m\u00e9g az 1998-as bemutat\u00f3 turn\u00e9n sem.<\/p>\n<p>A koncert m\u00e1sodik fel\u00e9ben a Witchi Tai To album bemutat\u00e1sa ut\u00e1n, az akkor aktu\u00e1lis Flow lemezr\u0151l j\u00e1tszott a zenekar, melyben Muck Ferenc is k\u00f6zrem\u0171k\u00f6d\u00f6tt.<\/p>\n<p>Muck Ferenc \u2013 szaxofon<br \/>\nSipos Andr\u00e1s \u2013 \u00e9nek, \u00fct\u0151hangszerek (felv\u00e9telr\u0151l)<br \/>\n\u00c9gerh\u00e1zi Attila \u2013 git\u00e1r, \u00fct\u0151hangszerek, \u00e9nek<br \/>\nBarab\u00e1s Tam\u00e1s \u2013 basszusgit\u00e1r, nagyb\u0151g\u0151<br \/>\nKo\u00f3s-Hut\u00e1s \u00c1ron \u2013 trombita, sz\u00e1rnyk\u00fcrt<br \/>\nKasz\u00e1s P\u00e9ter \u2013 dobok, \u00e9nek<br \/>\nNagy J\u00e1nos \u2013 billenty\u0171s hangszerek<\/p>\n<p>Djabe: Witchi Tai To Live 2019<\/p>\n<p>GR1993 Records, CD+ DVD digipak \u2013 GR-155<\/p>\n<p>A CD az LP-hez k\u00e9pes 30 perccel hosszabb verzi\u00f3, jelent\u0151s r\u00e9szben kieg\u00e9sz\u00fclve a Flow album szerzem\u00e9nyeivel. A CD mell\u00e9 csomagolt DVD a teljes koncertet tartalmazza nagyfelbont\u00e1s\u00fa sztere\u00f3 \u00e9s surround hangz\u00e1sban is. Ez az\u00e9rt is \u00e9rdekes, mert a zenekar a koncerten \u00e9l\u0151ben is surround hangrendszeren j\u00e1tszott. A kiadv\u00e1ny h\u0171en reproduk\u00e1lja azt a hangz\u00e1st, amit a k\u00f6z\u00f6ns\u00e9g a sz\u00ednh\u00e1zteremben hallott.<\/p>\n<p>Az album LP v\u00e1ltozat\u00e1nak megjelen\u00e9s\u00e9t a zenekar a lemezboltokat t\u00e1mogat\u00f3 nemzetk\u00f6zi Record Store Day id\u0151pontj\u00e1ra, 2022. \u00e1prilis 23-\u00e1ra id\u0151z\u00edtette. Az LP v\u00e1ltozatot a kezdem\u00e9nyez\u00e9sben r\u00e9sztvev\u0151 f\u00fcggetlen lemezboltokban lehet megv\u00e1s\u00e1rolni, \u00e9s csak k\u00e9s\u0151bb \u00e9rhet\u0151 el a zenekar web shopj\u00e1ban \u00e9s a l\u00e1ncokban.<\/p>\n<p>A CD+DVD v\u00e1ltozat\u00a0 m\u00e1r kaphat\u00f3\u00a0 a webshopban a, \u00e9s r\u00f6videsen a lemezboltokban is el\u00e9rhet\u0151 lesz.[\/vc_column_text][vc_column_text]<\/p>\n<p class=\"title style-scope ytd-video-primary-info-renderer\"><strong>Djabe: Coffee Break Live 2019<\/strong><\/p>\n<p>[\/vc_column_text][vc_video link=&#8221;https:\/\/www.youtube.com\/watch?v=zEPNkXYF20c&#8221; el_width=&#8221;90&#8243; align=&#8221;center&#8221;][vc_empty_space][vc_column_text]<\/p>\n<p class=\"title style-scope ytd-video-primary-info-renderer\"><strong>Djabe: Final Word<\/strong><\/p>\n<p>[\/vc_column_text][vc_video link=&#8221;https:\/\/www.youtube.com\/watch?v=6_4X1e6nr1o&#8221; el_width=&#8221;90&#8243; align=&#8221;center&#8221;][\/vc_column][\/vc_row]<\/p>","protected":false},"excerpt":{"rendered":"<p><strong>Megjelen\u00e9s: 2022. m\u00e1rcius 3.<\/strong><\/p>\n","protected":false},"featured_media":6648,"template":"","meta":[],"product_brand":[],"product_cat":[92,93],"product_tag":[],"class_list":{"0":"post-6647","1":"product","2":"type-product","3":"status-publish","4":"has-post-thumbnail","6":"product_cat-cd","7":"product_cat-dvd","8":"yith_product_brand-djabe","9":"col-12 col-sm-6 col-md-4","11":"first","12":"instock","13":"featured","14":"shipping-taxable","15":"purchasable","16":"product-type-simple"},"yoast_head":"<!-- This site is optimized with the Yoast SEO plugin v27.3 - https:\/\/yoast.com\/product\/yoast-seo-wordpress\/ -->\n<title>Djabe Witchi Tai To Live 2019 (CD+DVD) &#8211; GR1993 Records<\/title>\n<meta name=\"robots\" content=\"index, follow, max-snippet:-1, max-image-preview:large, max-video-preview:-1\" \/>\n<link rel=\"canonical\" href=\"https:\/\/gr1993records.com\/index.php\/product\/djabe-witchi-tai-to-live-2019-cd-dvd-gr-155\/\" \/>\n<meta property=\"og:locale\" content=\"hu_HU\" \/>\n<meta property=\"og:type\" content=\"article\" \/>\n<meta property=\"og:title\" content=\"Djabe Witchi Tai To Live 2019 (CD+DVD) &#8211; GR1993 Records\" \/>\n<meta property=\"og:description\" content=\"[:hu]Megjelen\u00e9s: 2022. m\u00e1rcius 3.[:en]Release date: 3 March, 2022[:]\" \/>\n<meta property=\"og:url\" content=\"https:\/\/gr1993records.com\/index.php\/product\/djabe-witchi-tai-to-live-2019-cd-dvd-gr-155\/\" \/>\n<meta property=\"og:site_name\" content=\"GR1993 Records\" \/>\n<meta property=\"article:publisher\" content=\"https:\/\/www.facebook.com\/GR1993Records-113564886691383\/\" \/>\n<meta property=\"article:modified_time\" content=\"2026-03-31T08:49:20+00:00\" \/>\n<meta property=\"og:image\" content=\"https:\/\/gr1993records.com\/wp-content\/uploads\/2022\/03\/Djabe_WTT_Live_2019_CD_DVD_1.jpg\" \/>\n\t<meta property=\"og:image:width\" content=\"2269\" \/>\n\t<meta property=\"og:image:height\" content=\"2033\" \/>\n\t<meta property=\"og:image:type\" content=\"image\/jpeg\" \/>\n<meta name=\"twitter:card\" content=\"summary_large_image\" \/>\n<meta name=\"twitter:image\" content=\"https:\/\/gr1993records.com\/wp-content\/uploads\/2022\/03\/Djabe_WTT_Live_2019_CD_DVD_1.jpg\" \/>\n<meta name=\"twitter:label1\" content=\"Becs\u00fclt olvas\u00e1si id\u0151\" \/>\n\t<meta name=\"twitter:data1\" content=\"3 perc\" \/>\n<script type=\"application\/ld+json\" class=\"yoast-schema-graph\">{\"@context\":\"https:\\\/\\\/schema.org\",\"@graph\":[{\"@type\":\"WebPage\",\"@id\":\"https:\\\/\\\/gr1993records.com\\\/index.php\\\/product\\\/djabe-witchi-tai-to-live-2019-cd-dvd-gr-155\\\/\",\"url\":\"https:\\\/\\\/gr1993records.com\\\/index.php\\\/product\\\/djabe-witchi-tai-to-live-2019-cd-dvd-gr-155\\\/\",\"name\":\"Djabe Witchi Tai To Live 2019 (CD+DVD) &#8211; GR1993 Records\",\"isPartOf\":{\"@id\":\"https:\\\/\\\/gr1993records.com\\\/#website\"},\"primaryImageOfPage\":{\"@id\":\"https:\\\/\\\/gr1993records.com\\\/index.php\\\/product\\\/djabe-witchi-tai-to-live-2019-cd-dvd-gr-155\\\/#primaryimage\"},\"image\":{\"@id\":\"https:\\\/\\\/gr1993records.com\\\/index.php\\\/product\\\/djabe-witchi-tai-to-live-2019-cd-dvd-gr-155\\\/#primaryimage\"},\"thumbnailUrl\":\"https:\\\/\\\/gr1993records.com\\\/wp-content\\\/uploads\\\/2022\\\/03\\\/Djabe_WTT_Live_2019_CD_DVD_1.jpg\",\"datePublished\":\"2022-03-04T15:28:44+00:00\",\"dateModified\":\"2026-03-31T08:49:20+00:00\",\"breadcrumb\":{\"@id\":\"https:\\\/\\\/gr1993records.com\\\/index.php\\\/product\\\/djabe-witchi-tai-to-live-2019-cd-dvd-gr-155\\\/#breadcrumb\"},\"inLanguage\":\"hu\",\"potentialAction\":[{\"@type\":\"ReadAction\",\"target\":[\"https:\\\/\\\/gr1993records.com\\\/index.php\\\/product\\\/djabe-witchi-tai-to-live-2019-cd-dvd-gr-155\\\/\"]}]},{\"@type\":\"ImageObject\",\"inLanguage\":\"hu\",\"@id\":\"https:\\\/\\\/gr1993records.com\\\/index.php\\\/product\\\/djabe-witchi-tai-to-live-2019-cd-dvd-gr-155\\\/#primaryimage\",\"url\":\"https:\\\/\\\/gr1993records.com\\\/wp-content\\\/uploads\\\/2022\\\/03\\\/Djabe_WTT_Live_2019_CD_DVD_1.jpg\",\"contentUrl\":\"https:\\\/\\\/gr1993records.com\\\/wp-content\\\/uploads\\\/2022\\\/03\\\/Djabe_WTT_Live_2019_CD_DVD_1.jpg\",\"width\":2269,\"height\":2033,\"caption\":\"Djabe_WTT_Live_2019_CD_DVD_1\"},{\"@type\":\"BreadcrumbList\",\"@id\":\"https:\\\/\\\/gr1993records.com\\\/index.php\\\/product\\\/djabe-witchi-tai-to-live-2019-cd-dvd-gr-155\\\/#breadcrumb\",\"itemListElement\":[{\"@type\":\"ListItem\",\"position\":1,\"name\":\"Home\",\"item\":\"https:\\\/\\\/gr1993records.com\\\/\"},{\"@type\":\"ListItem\",\"position\":2,\"name\":\"Kiadv\u00e1nyok\",\"item\":\"https:\\\/\\\/gr1993records.com\\\/index.php\\\/shop\\\/\"},{\"@type\":\"ListItem\",\"position\":3,\"name\":\"Djabe Witchi Tai To Live 2019 (CD+DVD)\"}]},{\"@type\":\"WebSite\",\"@id\":\"https:\\\/\\\/gr1993records.com\\\/#website\",\"url\":\"https:\\\/\\\/gr1993records.com\\\/\",\"name\":\"GR1993 Records\",\"description\":\"\",\"publisher\":{\"@id\":\"https:\\\/\\\/gr1993records.com\\\/#organization\"},\"potentialAction\":[{\"@type\":\"SearchAction\",\"target\":{\"@type\":\"EntryPoint\",\"urlTemplate\":\"https:\\\/\\\/gr1993records.com\\\/?s={search_term_string}\"},\"query-input\":{\"@type\":\"PropertyValueSpecification\",\"valueRequired\":true,\"valueName\":\"search_term_string\"}}],\"inLanguage\":\"hu\"},{\"@type\":\"Organization\",\"@id\":\"https:\\\/\\\/gr1993records.com\\\/#organization\",\"name\":\"Gramy-H Ltd.\",\"url\":\"https:\\\/\\\/gr1993records.com\\\/\",\"logo\":{\"@type\":\"ImageObject\",\"inLanguage\":\"hu\",\"@id\":\"https:\\\/\\\/gr1993records.com\\\/#\\\/schema\\\/logo\\\/image\\\/\",\"url\":\"https:\\\/\\\/gr1993records.com\\\/wp-content\\\/uploads\\\/2019\\\/08\\\/GR1993_Records_logo_CC.png\",\"contentUrl\":\"https:\\\/\\\/gr1993records.com\\\/wp-content\\\/uploads\\\/2019\\\/08\\\/GR1993_Records_logo_CC.png\",\"width\":2900,\"height\":2001,\"caption\":\"Gramy-H Ltd.\"},\"image\":{\"@id\":\"https:\\\/\\\/gr1993records.com\\\/#\\\/schema\\\/logo\\\/image\\\/\"},\"sameAs\":[\"https:\\\/\\\/www.facebook.com\\\/GR1993Records-113564886691383\\\/\"]}]}<\/script>\n<!-- \/ Yoast SEO plugin. -->","yoast_head_json":{"title":"Djabe Witchi Tai To Live 2019 (CD+DVD) &#8211; GR1993 Records","robots":{"index":"index","follow":"follow","max-snippet":"max-snippet:-1","max-image-preview":"max-image-preview:large","max-video-preview":"max-video-preview:-1"},"canonical":"https:\/\/gr1993records.com\/index.php\/product\/djabe-witchi-tai-to-live-2019-cd-dvd-gr-155\/","og_locale":"hu_HU","og_type":"article","og_title":"Djabe Witchi Tai To Live 2019 (CD+DVD) &#8211; GR1993 Records","og_description":"[:hu]Megjelen\u00e9s: 2022. m\u00e1rcius 3.[:en]Release date: 3 March, 2022[:]","og_url":"https:\/\/gr1993records.com\/index.php\/product\/djabe-witchi-tai-to-live-2019-cd-dvd-gr-155\/","og_site_name":"GR1993 Records","article_publisher":"https:\/\/www.facebook.com\/GR1993Records-113564886691383\/","article_modified_time":"2026-03-31T08:49:20+00:00","og_image":[{"width":2269,"height":2033,"url":"https:\/\/gr1993records.com\/wp-content\/uploads\/2022\/03\/Djabe_WTT_Live_2019_CD_DVD_1.jpg","type":"image\/jpeg"}],"twitter_card":"summary_large_image","twitter_image":"https:\/\/gr1993records.com\/wp-content\/uploads\/2022\/03\/Djabe_WTT_Live_2019_CD_DVD_1.jpg","twitter_misc":{"Becs\u00fclt olvas\u00e1si id\u0151":"3 perc"},"schema":{"@context":"https:\/\/schema.org","@graph":[{"@type":"WebPage","@id":"https:\/\/gr1993records.com\/index.php\/product\/djabe-witchi-tai-to-live-2019-cd-dvd-gr-155\/","url":"https:\/\/gr1993records.com\/index.php\/product\/djabe-witchi-tai-to-live-2019-cd-dvd-gr-155\/","name":"Djabe Witchi Tai To Live 2019 (CD+DVD) &#8211; GR1993 Records","isPartOf":{"@id":"https:\/\/gr1993records.com\/#website"},"primaryImageOfPage":{"@id":"https:\/\/gr1993records.com\/index.php\/product\/djabe-witchi-tai-to-live-2019-cd-dvd-gr-155\/#primaryimage"},"image":{"@id":"https:\/\/gr1993records.com\/index.php\/product\/djabe-witchi-tai-to-live-2019-cd-dvd-gr-155\/#primaryimage"},"thumbnailUrl":"https:\/\/gr1993records.com\/wp-content\/uploads\/2022\/03\/Djabe_WTT_Live_2019_CD_DVD_1.jpg","datePublished":"2022-03-04T15:28:44+00:00","dateModified":"2026-03-31T08:49:20+00:00","breadcrumb":{"@id":"https:\/\/gr1993records.com\/index.php\/product\/djabe-witchi-tai-to-live-2019-cd-dvd-gr-155\/#breadcrumb"},"inLanguage":"hu","potentialAction":[{"@type":"ReadAction","target":["https:\/\/gr1993records.com\/index.php\/product\/djabe-witchi-tai-to-live-2019-cd-dvd-gr-155\/"]}]},{"@type":"ImageObject","inLanguage":"hu","@id":"https:\/\/gr1993records.com\/index.php\/product\/djabe-witchi-tai-to-live-2019-cd-dvd-gr-155\/#primaryimage","url":"https:\/\/gr1993records.com\/wp-content\/uploads\/2022\/03\/Djabe_WTT_Live_2019_CD_DVD_1.jpg","contentUrl":"https:\/\/gr1993records.com\/wp-content\/uploads\/2022\/03\/Djabe_WTT_Live_2019_CD_DVD_1.jpg","width":2269,"height":2033,"caption":"Djabe_WTT_Live_2019_CD_DVD_1"},{"@type":"BreadcrumbList","@id":"https:\/\/gr1993records.com\/index.php\/product\/djabe-witchi-tai-to-live-2019-cd-dvd-gr-155\/#breadcrumb","itemListElement":[{"@type":"ListItem","position":1,"name":"Home","item":"https:\/\/gr1993records.com\/"},{"@type":"ListItem","position":2,"name":"Kiadv\u00e1nyok","item":"https:\/\/gr1993records.com\/index.php\/shop\/"},{"@type":"ListItem","position":3,"name":"Djabe Witchi Tai To Live 2019 (CD+DVD)"}]},{"@type":"WebSite","@id":"https:\/\/gr1993records.com\/#website","url":"https:\/\/gr1993records.com\/","name":"GR1993 Records","description":"","publisher":{"@id":"https:\/\/gr1993records.com\/#organization"},"potentialAction":[{"@type":"SearchAction","target":{"@type":"EntryPoint","urlTemplate":"https:\/\/gr1993records.com\/?s={search_term_string}"},"query-input":{"@type":"PropertyValueSpecification","valueRequired":true,"valueName":"search_term_string"}}],"inLanguage":"hu"},{"@type":"Organization","@id":"https:\/\/gr1993records.com\/#organization","name":"Gramy-H Ltd.","url":"https:\/\/gr1993records.com\/","logo":{"@type":"ImageObject","inLanguage":"hu","@id":"https:\/\/gr1993records.com\/#\/schema\/logo\/image\/","url":"https:\/\/gr1993records.com\/wp-content\/uploads\/2019\/08\/GR1993_Records_logo_CC.png","contentUrl":"https:\/\/gr1993records.com\/wp-content\/uploads\/2019\/08\/GR1993_Records_logo_CC.png","width":2900,"height":2001,"caption":"Gramy-H Ltd."},"image":{"@id":"https:\/\/gr1993records.com\/#\/schema\/logo\/image\/"},"sameAs":["https:\/\/www.facebook.com\/GR1993Records-113564886691383\/"]}]}},"jetpack_sharing_enabled":true,"_links":{"self":[{"href":"https:\/\/gr1993records.com\/index.php\/wp-json\/wp\/v2\/product\/6647","targetHints":{"allow":["GET"]}}],"collection":[{"href":"https:\/\/gr1993records.com\/index.php\/wp-json\/wp\/v2\/product"}],"about":[{"href":"https:\/\/gr1993records.com\/index.php\/wp-json\/wp\/v2\/types\/product"}],"wp:featuredmedia":[{"embeddable":true,"href":"https:\/\/gr1993records.com\/index.php\/wp-json\/wp\/v2\/media\/6648"}],"wp:attachment":[{"href":"https:\/\/gr1993records.com\/index.php\/wp-json\/wp\/v2\/media?parent=6647"}],"wp:term":[{"taxonomy":"product_brand","embeddable":true,"href":"https:\/\/gr1993records.com\/index.php\/wp-json\/wp\/v2\/product_brand?post=6647"},{"taxonomy":"product_cat","embeddable":true,"href":"https:\/\/gr1993records.com\/index.php\/wp-json\/wp\/v2\/product_cat?post=6647"},{"taxonomy":"product_tag","embeddable":true,"href":"https:\/\/gr1993records.com\/index.php\/wp-json\/wp\/v2\/product_tag?post=6647"}],"curies":[{"name":"wp","href":"https:\/\/api.w.org\/{rel}","templated":true}]}}