{"id":6611,"date":"2021-12-01T13:19:15","date_gmt":"2021-12-01T12:19:15","guid":{"rendered":"https:\/\/gr1993records.com\/?post_type=product&#038;p=6611"},"modified":"2026-03-31T10:51:28","modified_gmt":"2026-03-31T08:51:28","slug":"android-another-midnight-ball-lp","status":"publish","type":"product","link":"https:\/\/gr1993records.com\/index.php\/product\/android-another-midnight-ball-lp\/","title":{"rendered":"Android <br\/>Another Midnight Ball <br\/>(LP)"},"content":{"rendered":"<p>[vc_row][vc_column][vc_column_text]A debreceni Neo-prog egy\u00fcttest, az Androidot 1980-ben alap\u00edtott\u00e1k.<\/p>\n<p>A \u201e\u00c9jf\u00e9li B\u00e1l\u201d a m\u00e1sodik hivatalos CD-je volt az egy\u00fcttesnek, amely 2011-ben jelent meg.<\/p>\n<p>A t\u00edzedik \u00e9vfordul\u00f3ra a zenekar \u00fagy d\u00f6nt\u00f6tt, hogy \u00fajra felveszi \u00e1thangszerelve az albumot, m\u00e9gpedig angol nyelven. Ez az LP v\u00e1ltozat tartalmaz \u00f6t eredeti dalt, \u00e9s k\u00e9t \u00fajat, melyeknek nincs magyar verzi\u00f3juk.<\/p>\n<p>Az Another Midnight Ball Mikhail Bulgakov Master and Margarita c\u00edm\u0171 novell\u00e1j\u00e1ra alapul. \u00a0A Legacy of a Pharaoh-t Boleslaw Prus reg\u00e9nye, a F\u00e1ra\u00f3 ihlette. I\u2019ll Be One of the Gods inspir\u00e1ci\u00f3ja a Halottak k\u00f6nyve volt.[\/vc_column_text][vc_separator][vc_column_text]<\/p>\n<div class=\"wpb_text_column wpb_content_element \">\n<div class=\"wpb_wrapper\">\n<p><strong>Zeneszerz\u0151k<br \/>\n<\/strong>Dud\u00e1s J\u00e1nos \u00e9s T\u0151zs\u00e9r J\u00f3zsef (1), Dud\u00e1s J\u00e1nos (3), T\u0151zs\u00e9r J\u00f3zsef (2, 4, 5, 6, 7).<br \/>\nZenei rendez\u0151 Dud\u00e1s J\u00e1nos \u00e9s T\u0151zs\u00e9r J\u00f3zsef (1, 2, 4-11), Dud\u00e1s J\u00e1nos (3).<br \/>\nEredeti magyar sz\u00f6veg Dud\u00e1s J\u00e1nos (1, 3), T\u0151zs\u00e9r J\u00f3zsef (4, 5, 6).<br \/>\nAngol ford\u00edt\u00e1s T\u0151zs\u00e9r J\u00f3zsef (1, 3, 4, 5, 6), Nyirkos Tam\u00e1s (9).<br \/>\nEredeti angol sz\u00f6veg T\u0151zs\u00e9r J\u00f3zsef (1, 2, 4, 4).<br \/>\nLektor\u00e1lta Nyirkos Tam\u00e1s.<\/p>\n<\/div>\n<\/div>\n<div class=\"wpb_text_column wpb_content_element \">\n<div class=\"wpb_wrapper\">\n<p>A felv\u00e9tel 2020 \u00e9s 2021 folyam\u00e1n a UNIDEB Contemporary Music Studio m\u0171term\u00e9ben k\u00e9sz\u00fclt, Debrecenben. Hangm\u00e9rn\u00f6k Dud\u00e1s J\u00e1nos.<br \/>\nKever\u00e9s \u00e9s masztering Barab\u00e1s Tam\u00e1s \/ Gramy Recording Studio.<br \/>\nZenekari fot\u00f3 Temesv\u00e1ri Gergely.<br \/>\nBor\u00edt\u00f3 terv Gramy Graphic Design.<\/p>\n<\/div>\n<\/div>\n<div class=\"wpb_text_column wpb_content_element \">\n<div class=\"wpb_wrapper\">\n<p><strong>Zen\u00e9szek<br \/>\n<\/strong>Dud\u00e1s J\u00e1nos\u00a0<strong>\u2013\u00a0<\/strong>git\u00e1r, \u00e9nek<br \/>\nL\u00e9tm\u00e1nyi Istv\u00e1n\u00a0<strong>\u2013\u00a0<\/strong>git\u00e1r, \u00e9nek<br \/>\nNikolin Zolt\u00e1n\u00a0<strong>\u2013\u00a0<\/strong>basszusgit\u00e1r, \u00e9nek<br \/>\nMez\u0151 Orb\u00e1n\u00a0<strong>\u2013\u00a0<\/strong>dobok<br \/>\nT\u0151zs\u00e9r J\u00f3zsef\u00a0<strong>\u2013\u00a0<\/strong>billenty\u0171s hangszerek<\/p>\n<\/div>\n<\/div>\n<div class=\"wpb_text_column wpb_content_element \">\n<div class=\"wpb_wrapper\">\n<p><strong>Vend\u00e9g el\u0151ad\u00f3<\/strong><br \/>\nNacsa Krisztina \u2013 \u00e9nek (5, 6)<\/p>\n<\/div>\n<\/div>\n<p>[\/vc_column_text][vc_separator][vc_video link=&#8221;https:\/\/youtu.be\/Yd8OHI0FH8w&#8221; el_width=&#8221;90&#8243; align=&#8221;center&#8221;][\/vc_column][\/vc_row]<\/p>","protected":false},"excerpt":{"rendered":"<p>150 grammos \u00e1tl\u00e1tsz\u00f3 s\u00f6t\u00e9tk\u00e9k vinyl a Quality Vinyl Projects gonodoz\u00e1s\u00e1ban.<\/p>\n","protected":false},"featured_media":6610,"template":"","meta":[],"product_brand":[],"product_cat":[91],"product_tag":[],"class_list":{"0":"post-6611","1":"product","2":"type-product","3":"status-publish","4":"has-post-thumbnail","6":"product_cat-lp","7":"yith_product_brand-android","8":"col-12 col-sm-6 col-md-4","10":"first","11":"instock","12":"sale","13":"shipping-taxable","14":"purchasable","15":"product-type-simple"},"yoast_head":"<!-- This site is optimized with the Yoast SEO plugin v27.2 - https:\/\/yoast.com\/product\/yoast-seo-wordpress\/ -->\n<title>Android Another Midnight Ball (LP) &#8211; GR1993 Records<\/title>\n<meta name=\"robots\" content=\"index, follow, max-snippet:-1, max-image-preview:large, max-video-preview:-1\" \/>\n<link rel=\"canonical\" href=\"https:\/\/gr1993records.com\/index.php\/product\/android-another-midnight-ball-lp\/\" \/>\n<meta property=\"og:locale\" content=\"hu_HU\" \/>\n<meta property=\"og:type\" content=\"article\" \/>\n<meta property=\"og:title\" content=\"Android Another Midnight Ball (LP) &#8211; GR1993 Records\" \/>\n<meta property=\"og:description\" content=\"[:hu]150 grammos \u00e1tl\u00e1tsz\u00f3 s\u00f6t\u00e9tk\u00e9k vinyl a Quality Vinyl Projects gonodoz\u00e1s\u00e1ban.[:en]150 gr transparent blue vinyl by Qualty Vinyl Projects.[:]\" \/>\n<meta property=\"og:url\" content=\"https:\/\/gr1993records.com\/index.php\/product\/android-another-midnight-ball-lp\/\" \/>\n<meta property=\"og:site_name\" content=\"GR1993 Records\" \/>\n<meta property=\"article:publisher\" content=\"https:\/\/www.facebook.com\/GR1993Records-113564886691383\/\" \/>\n<meta property=\"article:modified_time\" content=\"2026-03-31T08:51:28+00:00\" \/>\n<meta property=\"og:image\" content=\"https:\/\/gr1993records.com\/wp-content\/uploads\/2021\/12\/kiadvany_android_another_midnight_ball_lp_gr-153-1_front.jpg\" \/>\n\t<meta property=\"og:image:width\" content=\"1000\" \/>\n\t<meta property=\"og:image:height\" content=\"1000\" \/>\n\t<meta property=\"og:image:type\" content=\"image\/jpeg\" \/>\n<meta name=\"twitter:card\" content=\"summary_large_image\" \/>\n<meta name=\"twitter:image\" content=\"https:\/\/gr1993records.com\/wp-content\/uploads\/2021\/12\/kiadvany_android_another_midnight_ball_lp_gr-153-1_front.jpg\" \/>\n<meta name=\"twitter:label1\" content=\"Becs\u00fclt olvas\u00e1si id\u0151\" \/>\n\t<meta name=\"twitter:data1\" content=\"2 perc\" \/>\n<script type=\"application\/ld+json\" class=\"yoast-schema-graph\">{\"@context\":\"https:\/\/schema.org\",\"@graph\":[{\"@type\":\"WebPage\",\"@id\":\"https:\/\/gr1993records.com\/index.php\/product\/android-another-midnight-ball-lp\/\",\"url\":\"https:\/\/gr1993records.com\/index.php\/product\/android-another-midnight-ball-lp\/\",\"name\":\"Android Another Midnight Ball (LP) &#8211; GR1993 Records\",\"isPartOf\":{\"@id\":\"https:\/\/gr1993records.com\/#website\"},\"primaryImageOfPage\":{\"@id\":\"https:\/\/gr1993records.com\/index.php\/product\/android-another-midnight-ball-lp\/#primaryimage\"},\"image\":{\"@id\":\"https:\/\/gr1993records.com\/index.php\/product\/android-another-midnight-ball-lp\/#primaryimage\"},\"thumbnailUrl\":\"https:\/\/gr1993records.com\/wp-content\/uploads\/2021\/12\/kiadvany_android_another_midnight_ball_lp_gr-153-1_front.jpg\",\"datePublished\":\"2021-12-01T12:19:15+00:00\",\"dateModified\":\"2026-03-31T08:51:28+00:00\",\"breadcrumb\":{\"@id\":\"https:\/\/gr1993records.com\/index.php\/product\/android-another-midnight-ball-lp\/#breadcrumb\"},\"inLanguage\":\"hu\",\"potentialAction\":[{\"@type\":\"ReadAction\",\"target\":[\"https:\/\/gr1993records.com\/index.php\/product\/android-another-midnight-ball-lp\/\"]}]},{\"@type\":\"ImageObject\",\"inLanguage\":\"hu\",\"@id\":\"https:\/\/gr1993records.com\/index.php\/product\/android-another-midnight-ball-lp\/#primaryimage\",\"url\":\"https:\/\/gr1993records.com\/wp-content\/uploads\/2021\/12\/kiadvany_android_another_midnight_ball_lp_gr-153-1_front.jpg\",\"contentUrl\":\"https:\/\/gr1993records.com\/wp-content\/uploads\/2021\/12\/kiadvany_android_another_midnight_ball_lp_gr-153-1_front.jpg\",\"width\":1000,\"height\":1000},{\"@type\":\"BreadcrumbList\",\"@id\":\"https:\/\/gr1993records.com\/index.php\/product\/android-another-midnight-ball-lp\/#breadcrumb\",\"itemListElement\":[{\"@type\":\"ListItem\",\"position\":1,\"name\":\"Home\",\"item\":\"https:\/\/gr1993records.com\/\"},{\"@type\":\"ListItem\",\"position\":2,\"name\":\"Kiadv\u00e1nyok\",\"item\":\"https:\/\/gr1993records.com\/index.php\/shop\/\"},{\"@type\":\"ListItem\",\"position\":3,\"name\":\"Android Another Midnight Ball (LP)\"}]},{\"@type\":\"WebSite\",\"@id\":\"https:\/\/gr1993records.com\/#website\",\"url\":\"https:\/\/gr1993records.com\/\",\"name\":\"GR1993 Records\",\"description\":\"\",\"publisher\":{\"@id\":\"https:\/\/gr1993records.com\/#organization\"},\"potentialAction\":[{\"@type\":\"SearchAction\",\"target\":{\"@type\":\"EntryPoint\",\"urlTemplate\":\"https:\/\/gr1993records.com\/?s={search_term_string}\"},\"query-input\":{\"@type\":\"PropertyValueSpecification\",\"valueRequired\":true,\"valueName\":\"search_term_string\"}}],\"inLanguage\":\"hu\"},{\"@type\":\"Organization\",\"@id\":\"https:\/\/gr1993records.com\/#organization\",\"name\":\"Gramy-H Ltd.\",\"url\":\"https:\/\/gr1993records.com\/\",\"logo\":{\"@type\":\"ImageObject\",\"inLanguage\":\"hu\",\"@id\":\"https:\/\/gr1993records.com\/#\/schema\/logo\/image\/\",\"url\":\"https:\/\/gr1993records.com\/wp-content\/uploads\/2019\/08\/GR1993_Records_logo_CC.png\",\"contentUrl\":\"https:\/\/gr1993records.com\/wp-content\/uploads\/2019\/08\/GR1993_Records_logo_CC.png\",\"width\":2900,\"height\":2001,\"caption\":\"Gramy-H Ltd.\"},\"image\":{\"@id\":\"https:\/\/gr1993records.com\/#\/schema\/logo\/image\/\"},\"sameAs\":[\"https:\/\/www.facebook.com\/GR1993Records-113564886691383\/\"]}]}<\/script>\n<!-- \/ Yoast SEO plugin. -->","yoast_head_json":{"title":"Android Another Midnight Ball (LP) &#8211; GR1993 Records","robots":{"index":"index","follow":"follow","max-snippet":"max-snippet:-1","max-image-preview":"max-image-preview:large","max-video-preview":"max-video-preview:-1"},"canonical":"https:\/\/gr1993records.com\/index.php\/product\/android-another-midnight-ball-lp\/","og_locale":"hu_HU","og_type":"article","og_title":"Android Another Midnight Ball (LP) &#8211; GR1993 Records","og_description":"[:hu]150 grammos \u00e1tl\u00e1tsz\u00f3 s\u00f6t\u00e9tk\u00e9k vinyl a Quality Vinyl Projects gonodoz\u00e1s\u00e1ban.[:en]150 gr transparent blue vinyl by Qualty Vinyl Projects.[:]","og_url":"https:\/\/gr1993records.com\/index.php\/product\/android-another-midnight-ball-lp\/","og_site_name":"GR1993 Records","article_publisher":"https:\/\/www.facebook.com\/GR1993Records-113564886691383\/","article_modified_time":"2026-03-31T08:51:28+00:00","og_image":[{"width":1000,"height":1000,"url":"https:\/\/gr1993records.com\/wp-content\/uploads\/2021\/12\/kiadvany_android_another_midnight_ball_lp_gr-153-1_front.jpg","type":"image\/jpeg"}],"twitter_card":"summary_large_image","twitter_image":"https:\/\/gr1993records.com\/wp-content\/uploads\/2021\/12\/kiadvany_android_another_midnight_ball_lp_gr-153-1_front.jpg","twitter_misc":{"Becs\u00fclt olvas\u00e1si id\u0151":"2 perc"},"schema":{"@context":"https:\/\/schema.org","@graph":[{"@type":"WebPage","@id":"https:\/\/gr1993records.com\/index.php\/product\/android-another-midnight-ball-lp\/","url":"https:\/\/gr1993records.com\/index.php\/product\/android-another-midnight-ball-lp\/","name":"Android Another Midnight Ball (LP) &#8211; GR1993 Records","isPartOf":{"@id":"https:\/\/gr1993records.com\/#website"},"primaryImageOfPage":{"@id":"https:\/\/gr1993records.com\/index.php\/product\/android-another-midnight-ball-lp\/#primaryimage"},"image":{"@id":"https:\/\/gr1993records.com\/index.php\/product\/android-another-midnight-ball-lp\/#primaryimage"},"thumbnailUrl":"https:\/\/gr1993records.com\/wp-content\/uploads\/2021\/12\/kiadvany_android_another_midnight_ball_lp_gr-153-1_front.jpg","datePublished":"2021-12-01T12:19:15+00:00","dateModified":"2026-03-31T08:51:28+00:00","breadcrumb":{"@id":"https:\/\/gr1993records.com\/index.php\/product\/android-another-midnight-ball-lp\/#breadcrumb"},"inLanguage":"hu","potentialAction":[{"@type":"ReadAction","target":["https:\/\/gr1993records.com\/index.php\/product\/android-another-midnight-ball-lp\/"]}]},{"@type":"ImageObject","inLanguage":"hu","@id":"https:\/\/gr1993records.com\/index.php\/product\/android-another-midnight-ball-lp\/#primaryimage","url":"https:\/\/gr1993records.com\/wp-content\/uploads\/2021\/12\/kiadvany_android_another_midnight_ball_lp_gr-153-1_front.jpg","contentUrl":"https:\/\/gr1993records.com\/wp-content\/uploads\/2021\/12\/kiadvany_android_another_midnight_ball_lp_gr-153-1_front.jpg","width":1000,"height":1000},{"@type":"BreadcrumbList","@id":"https:\/\/gr1993records.com\/index.php\/product\/android-another-midnight-ball-lp\/#breadcrumb","itemListElement":[{"@type":"ListItem","position":1,"name":"Home","item":"https:\/\/gr1993records.com\/"},{"@type":"ListItem","position":2,"name":"Kiadv\u00e1nyok","item":"https:\/\/gr1993records.com\/index.php\/shop\/"},{"@type":"ListItem","position":3,"name":"Android Another Midnight Ball (LP)"}]},{"@type":"WebSite","@id":"https:\/\/gr1993records.com\/#website","url":"https:\/\/gr1993records.com\/","name":"GR1993 Records","description":"","publisher":{"@id":"https:\/\/gr1993records.com\/#organization"},"potentialAction":[{"@type":"SearchAction","target":{"@type":"EntryPoint","urlTemplate":"https:\/\/gr1993records.com\/?s={search_term_string}"},"query-input":{"@type":"PropertyValueSpecification","valueRequired":true,"valueName":"search_term_string"}}],"inLanguage":"hu"},{"@type":"Organization","@id":"https:\/\/gr1993records.com\/#organization","name":"Gramy-H Ltd.","url":"https:\/\/gr1993records.com\/","logo":{"@type":"ImageObject","inLanguage":"hu","@id":"https:\/\/gr1993records.com\/#\/schema\/logo\/image\/","url":"https:\/\/gr1993records.com\/wp-content\/uploads\/2019\/08\/GR1993_Records_logo_CC.png","contentUrl":"https:\/\/gr1993records.com\/wp-content\/uploads\/2019\/08\/GR1993_Records_logo_CC.png","width":2900,"height":2001,"caption":"Gramy-H Ltd."},"image":{"@id":"https:\/\/gr1993records.com\/#\/schema\/logo\/image\/"},"sameAs":["https:\/\/www.facebook.com\/GR1993Records-113564886691383\/"]}]}},"jetpack_sharing_enabled":true,"_links":{"self":[{"href":"https:\/\/gr1993records.com\/index.php\/wp-json\/wp\/v2\/product\/6611","targetHints":{"allow":["GET"]}}],"collection":[{"href":"https:\/\/gr1993records.com\/index.php\/wp-json\/wp\/v2\/product"}],"about":[{"href":"https:\/\/gr1993records.com\/index.php\/wp-json\/wp\/v2\/types\/product"}],"wp:featuredmedia":[{"embeddable":true,"href":"https:\/\/gr1993records.com\/index.php\/wp-json\/wp\/v2\/media\/6610"}],"wp:attachment":[{"href":"https:\/\/gr1993records.com\/index.php\/wp-json\/wp\/v2\/media?parent=6611"}],"wp:term":[{"taxonomy":"product_brand","embeddable":true,"href":"https:\/\/gr1993records.com\/index.php\/wp-json\/wp\/v2\/product_brand?post=6611"},{"taxonomy":"product_cat","embeddable":true,"href":"https:\/\/gr1993records.com\/index.php\/wp-json\/wp\/v2\/product_cat?post=6611"},{"taxonomy":"product_tag","embeddable":true,"href":"https:\/\/gr1993records.com\/index.php\/wp-json\/wp\/v2\/product_tag?post=6611"}],"curies":[{"name":"wp","href":"https:\/\/api.w.org\/{rel}","templated":true}]}}