{"id":6569,"date":"2021-11-19T01:00:09","date_gmt":"2021-11-19T00:00:09","guid":{"rendered":"https:\/\/gr1993records.com\/?post_type=product&#038;p=6569"},"modified":"2026-03-31T10:52:02","modified_gmt":"2026-03-31T08:52:02","slug":"nagy-janos-trio-50-downloadable","status":"publish","type":"product","link":"https:\/\/gr1993records.com\/index.php\/product\/nagy-janos-trio-50-downloadable\/","title":{"rendered":"Nagy J\u00e1nos Tri\u00f3 <br\/>50 <br\/>(Let\u00f6lthet\u0151 album <br\/>24bit\/96kHz)"},"content":{"rendered":"<p>[vc_row][vc_column][vc_column_text]A Nagy J\u00e1nos Tri\u00f3 2019-ben volt 25 \u00e9ves. Az \u00e9vek sor\u00e1n mindig alakult az egy\u00fcttes \u00f6sszet\u00e9tele. A legfontosabb v\u00e1ltoz\u00e1s 2014-ben t\u00f6rt\u00e9nt, amikor a hagyom\u00e1nyos tri\u00f3b\u00f3l (zongora, b\u0151g\u0151, dob) billenty\u0171s hangszerek, heged\u0171, dob \u00f6sszet\u00e9tel\u0171 lett.[\/vc_column_text][vc_column_text]<\/p>\n<blockquote><p>\u201cBasszushangszer n\u00e9lk\u00fcl nagyobb szabads\u00e1gom van mind harm\u00f3ni\u00e1k, mind ritmus, mind pedig a zenekari hangz\u00e1s ter\u00e9n. Sz\u00e1momra nincsenek lez\u00e1rt kompoz\u00edci\u00f3k, \u00e1lland\u00f3 v\u00e1ltoz\u00e1sban vannak a dalok koncert k\u00f6zben, \u00edgy k\u00f6tetlenebb\u00fcl, b\u00e1trabban t\u00f6r\u00f6m meg a magunk \u00e1ltal fel\u00e1ll\u00edtott szab\u00e1lyokat.\u201d<br \/>\n\u2013 Nagy J\u00e1nos<\/p><\/blockquote>\n<p>[\/vc_column_text][vc_column_text]A Nagy J\u00e1nos Tri\u00f3 jelenlegi fel\u00e1ll\u00e1sa Nagy J\u00e1nos Yancha \u2013billenty\u0171s hangszerek, Frankie Lato &#8211; heged\u0171 \u00e9s Joubert Fl\u00f3ra &#8211; dob. 2018 tavasz\u00e1n jelent meg a \u201cDebussy 100\u201d c\u00edm\u0171 CD-j\u00fck, Vincent Mascart francia szaxofonm\u0171v\u00e9sz k\u00f6zrem\u0171k\u00f6d\u00e9s\u00e9vel. Az \u00e9v november\u00e9ben pedig \u201c50\u201d c\u00edmmel \u00faj albumuk, melyen neves vend\u00e9gm\u0171v\u00e9szek: Dominique Di Piazza \u2013 basszusgit\u00e1r \u00e9s Mike Stern \u2013 sz\u00f3l\u00f3git\u00e1r, Gereben Zita &#8211; \u00e9nek is hallhat\u00f3k.<\/p>\n<p>Az album bemutat\u00f3ja 2021 december 9.-\u00e9n lesz a Fon\u00f3 Budai Zeneh\u00e1zban. Itt hangzik el el\u0151sz\u00f6r \u00e9l\u0151ben ez a program.[\/vc_column_text][vc_column_text]<\/p>\n<blockquote><p>\u201cA lemezen elhangz\u00f3 kompoz\u00edci\u00f3k nagy r\u00e9sz\u00e9n\u00e9l \u00edr\u00e1sakor igyekeztem a zenekari tagokra \u00edrni a dalokat. Nagy \u00f6r\u00f6m \u00e9s megtiszteltet\u00e9s, hogy \u00e9vek \u00f3ta j\u00e1tszhatok Dominique Di Piazz\u00e1val, nem csak koncerten, de a nyarank\u00e9nt megrendezett Balatonf\u00fcredi Vil\u00e1gzenei \u00e9s Improviz\u00e1ci\u00f3s T\u00e1borban is vel\u00fcnk van a tan\u00e1ri karban. Mike Stern-nel 2017 nyar\u00e1n a Balk\u00e1n Union tagjak\u00e9nt j\u00e1tszhattam egy\u00fctt a Nisville Jazz Fesztiv\u00e1lon \u00e9s ez a k\u00f6z\u00f6s koncert\u00e9lm\u00e9ny hozta a lemezen val\u00f3 egy\u00fcttm\u0171k\u00f6d\u00e9st.<\/p>\n<p>Frankie Lato \u00e9s j\u00f3magam, id\u00e9n lett\u00fcnk 50 \u00e9vesek, innen a lemez c\u00edme. Zen\u00e9nkben a folyamatos j\u00e1t\u00e9kra, incselked\u00e9sre, meglepet\u00e9sre, a megszokott\u00f3l val\u00f3 elt\u00e9r\u00e9sre \u00e9s a &#8220;rosszalkod\u00e1sra&#8221; t\u00f6reksz\u00fcnk. Nem eml\u00e9kszem, mikor akartam zen\u00e9sz lenni, mikor kezd\u0151d\u00f6tt. Azt tudom, hogy a tipikus mi leszel, ha nagy leszel k\u00e9rd\u00e9sre el\u0151sz\u00f6r zeneboh\u00f3c volt a v\u00e1laszom. Sz\u00f3val a zene mindig a j\u00e1t\u00e9kot, a pajkoss\u00e1got jelentette. B\u00e1rmennyire is komolyan veszem, \u00e9s ez t\u00f6lti ki az \u00e9letem, ha kell, b\u00e1rmikor elviccelem.<\/p>\n<p>Sokf\u00e9le zen\u00e9t j\u00e1tszottam, \u00edrtam az elm\u00falt \u00e9vekben, kort\u00e1rs baboper\u00e1t, filmzen\u00e9t, protest\u00e1ns \u00e9nekek feldolgoz\u00e1s\u00e1t, jazz-rockot. Szerettem volna v\u00e1laszt adni arra a k\u00e9rd\u00e9sre, hogy melyik vagyok legink\u00e1bb \u00e9n. Ez a mostani zenei anyag t\u00fckr\u00f6zi ezt legink\u00e1bb. Egyfajta \u00f6ndefin\u00edci\u00f3 ez az album. Az egy k\u00fcl\u00f6n aj\u00e1nd\u00e9k sz\u00e1momra, hogy ilyen csod\u00e1s t\u00e1rsaim vannak ebben, mint Frankie L\u00e1t\u00f3 \u00e9s Joubert Fl\u00f3ra. A k\u00e9t fantasztikus vil\u00e1gh\u00edr\u0171 muzsikus Mike Stern \u00e9s Dominique Di Piazza pedig tov\u00e1bb emeli ezt az \u00e9rz\u00e9st.\u201d<br \/>\n&#8211; Nagy J\u00e1nos<\/p><\/blockquote>\n<p>[\/vc_column_text][vc_separator][vc_column_text]<strong>Nagy J\u00e1nos Tri\u00f3<\/strong><br \/>\nNagy J\u00e1nos \u2013 zongora, billenty\u0171s hangszerek<br \/>\nFrankie Lato &#8211; heged\u0171<br \/>\nJoubert Fl\u00f3ra \u2013 dob<\/p>\n<p><strong>Vend\u00e9g el\u0151ad\u00f3k<\/strong><br \/>\nMike Stern \u2013 git\u00e1r<br \/>\nDominique Di Piazza \u2013 basszusgit\u00e1r<br \/>\nGereben Zita &#8211; \u00e9nek[\/vc_column_text][\/vc_column][\/vc_row]<\/p>","protected":false},"excerpt":{"rendered":"<p>K\u00f6zrem\u0171k\u00f6dik Mike Stern \u00e9s Dominique Di Piazza.<\/p>\n<p>Megjelen\u00e9s: 2021. november 19.<\/p>\n","protected":false},"featured_media":6568,"template":"","meta":[],"product_brand":[],"product_cat":[98],"product_tag":[],"class_list":{"0":"post-6569","1":"product","2":"type-product","3":"status-publish","4":"has-post-thumbnail","6":"product_cat-downloadable","7":"yith_product_brand-nagy-janos-trio","8":"col-12 col-sm-6 col-md-4","10":"first","11":"instock","12":"downloadable","13":"virtual","14":"purchasable","15":"product-type-simple"},"yoast_head":"<!-- This site is optimized with the Yoast SEO plugin v27.3 - https:\/\/yoast.com\/product\/yoast-seo-wordpress\/ -->\n<title>Nagy J\u00e1nos Tri\u00f3 50 (Let\u00f6lthet\u0151 album 24bit\/96kHz) &#8211; GR1993 Records<\/title>\n<meta name=\"robots\" content=\"index, follow, max-snippet:-1, max-image-preview:large, max-video-preview:-1\" \/>\n<link rel=\"canonical\" href=\"https:\/\/gr1993records.com\/index.php\/product\/nagy-janos-trio-50-downloadable\/\" \/>\n<meta property=\"og:locale\" content=\"hu_HU\" \/>\n<meta property=\"og:type\" content=\"article\" \/>\n<meta property=\"og:title\" content=\"Nagy J\u00e1nos Tri\u00f3 50 (Let\u00f6lthet\u0151 album 24bit\/96kHz) &#8211; GR1993 Records\" \/>\n<meta property=\"og:description\" content=\"[:hu]K\u00f6zrem\u0171k\u00f6dik Mike Stern \u00e9s Dominique Di Piazza.  Megjelen\u00e9s: 2021. november 19.[:en]Special guests Mike Stern and Dominique Di Piazza.  Release date: 19 November, 2021.[:]\" \/>\n<meta property=\"og:url\" content=\"https:\/\/gr1993records.com\/index.php\/product\/nagy-janos-trio-50-downloadable\/\" \/>\n<meta property=\"og:site_name\" content=\"GR1993 Records\" \/>\n<meta property=\"article:publisher\" content=\"https:\/\/www.facebook.com\/GR1993Records-113564886691383\/\" \/>\n<meta property=\"article:modified_time\" content=\"2026-03-31T08:52:02+00:00\" \/>\n<meta property=\"og:image\" content=\"https:\/\/gr1993records.com\/wp-content\/uploads\/2021\/10\/kiadvany_yancha_CD_front_s.jpg\" \/>\n\t<meta property=\"og:image:width\" content=\"1000\" \/>\n\t<meta property=\"og:image:height\" content=\"1000\" \/>\n\t<meta property=\"og:image:type\" content=\"image\/jpeg\" \/>\n<meta name=\"twitter:card\" content=\"summary_large_image\" \/>\n<meta name=\"twitter:image\" content=\"https:\/\/gr1993records.com\/wp-content\/uploads\/2021\/10\/kiadvany_yancha_CD_front_s.jpg\" \/>\n<meta name=\"twitter:label1\" content=\"Becs\u00fclt olvas\u00e1si id\u0151\" \/>\n\t<meta name=\"twitter:data1\" content=\"3 perc\" \/>\n<script type=\"application\/ld+json\" class=\"yoast-schema-graph\">{\"@context\":\"https:\\\/\\\/schema.org\",\"@graph\":[{\"@type\":\"WebPage\",\"@id\":\"https:\\\/\\\/gr1993records.com\\\/index.php\\\/product\\\/nagy-janos-trio-50-downloadable\\\/\",\"url\":\"https:\\\/\\\/gr1993records.com\\\/index.php\\\/product\\\/nagy-janos-trio-50-downloadable\\\/\",\"name\":\"Nagy J\u00e1nos Tri\u00f3 50 (Let\u00f6lthet\u0151 album 24bit\\\/96kHz) &#8211; GR1993 Records\",\"isPartOf\":{\"@id\":\"https:\\\/\\\/gr1993records.com\\\/#website\"},\"primaryImageOfPage\":{\"@id\":\"https:\\\/\\\/gr1993records.com\\\/index.php\\\/product\\\/nagy-janos-trio-50-downloadable\\\/#primaryimage\"},\"image\":{\"@id\":\"https:\\\/\\\/gr1993records.com\\\/index.php\\\/product\\\/nagy-janos-trio-50-downloadable\\\/#primaryimage\"},\"thumbnailUrl\":\"https:\\\/\\\/gr1993records.com\\\/wp-content\\\/uploads\\\/2021\\\/10\\\/kiadvany_yancha_CD_front_s.jpg\",\"datePublished\":\"2021-11-19T00:00:09+00:00\",\"dateModified\":\"2026-03-31T08:52:02+00:00\",\"breadcrumb\":{\"@id\":\"https:\\\/\\\/gr1993records.com\\\/index.php\\\/product\\\/nagy-janos-trio-50-downloadable\\\/#breadcrumb\"},\"inLanguage\":\"hu\",\"potentialAction\":[{\"@type\":\"ReadAction\",\"target\":[\"https:\\\/\\\/gr1993records.com\\\/index.php\\\/product\\\/nagy-janos-trio-50-downloadable\\\/\"]}]},{\"@type\":\"ImageObject\",\"inLanguage\":\"hu\",\"@id\":\"https:\\\/\\\/gr1993records.com\\\/index.php\\\/product\\\/nagy-janos-trio-50-downloadable\\\/#primaryimage\",\"url\":\"https:\\\/\\\/gr1993records.com\\\/wp-content\\\/uploads\\\/2021\\\/10\\\/kiadvany_yancha_CD_front_s.jpg\",\"contentUrl\":\"https:\\\/\\\/gr1993records.com\\\/wp-content\\\/uploads\\\/2021\\\/10\\\/kiadvany_yancha_CD_front_s.jpg\",\"width\":1000,\"height\":1000},{\"@type\":\"BreadcrumbList\",\"@id\":\"https:\\\/\\\/gr1993records.com\\\/index.php\\\/product\\\/nagy-janos-trio-50-downloadable\\\/#breadcrumb\",\"itemListElement\":[{\"@type\":\"ListItem\",\"position\":1,\"name\":\"Home\",\"item\":\"https:\\\/\\\/gr1993records.com\\\/\"},{\"@type\":\"ListItem\",\"position\":2,\"name\":\"Kiadv\u00e1nyok\",\"item\":\"https:\\\/\\\/gr1993records.com\\\/index.php\\\/shop\\\/\"},{\"@type\":\"ListItem\",\"position\":3,\"name\":\"[:hu]Nagy J\u00e1nos Tri\u00f3 50 (Let\u00f6lthet\u0151 album 24bit\\\/96kHz)[:en]J\u00e1nos Nagy Trio 50 (Downloadable album 24bit\\\/96kHz)[:]\"}]},{\"@type\":\"WebSite\",\"@id\":\"https:\\\/\\\/gr1993records.com\\\/#website\",\"url\":\"https:\\\/\\\/gr1993records.com\\\/\",\"name\":\"GR1993 Records\",\"description\":\"\",\"publisher\":{\"@id\":\"https:\\\/\\\/gr1993records.com\\\/#organization\"},\"potentialAction\":[{\"@type\":\"SearchAction\",\"target\":{\"@type\":\"EntryPoint\",\"urlTemplate\":\"https:\\\/\\\/gr1993records.com\\\/?s={search_term_string}\"},\"query-input\":{\"@type\":\"PropertyValueSpecification\",\"valueRequired\":true,\"valueName\":\"search_term_string\"}}],\"inLanguage\":\"hu\"},{\"@type\":\"Organization\",\"@id\":\"https:\\\/\\\/gr1993records.com\\\/#organization\",\"name\":\"Gramy-H Ltd.\",\"url\":\"https:\\\/\\\/gr1993records.com\\\/\",\"logo\":{\"@type\":\"ImageObject\",\"inLanguage\":\"hu\",\"@id\":\"https:\\\/\\\/gr1993records.com\\\/#\\\/schema\\\/logo\\\/image\\\/\",\"url\":\"https:\\\/\\\/gr1993records.com\\\/wp-content\\\/uploads\\\/2019\\\/08\\\/GR1993_Records_logo_CC.png\",\"contentUrl\":\"https:\\\/\\\/gr1993records.com\\\/wp-content\\\/uploads\\\/2019\\\/08\\\/GR1993_Records_logo_CC.png\",\"width\":2900,\"height\":2001,\"caption\":\"Gramy-H Ltd.\"},\"image\":{\"@id\":\"https:\\\/\\\/gr1993records.com\\\/#\\\/schema\\\/logo\\\/image\\\/\"},\"sameAs\":[\"https:\\\/\\\/www.facebook.com\\\/GR1993Records-113564886691383\\\/\"]}]}<\/script>\n<!-- \/ Yoast SEO plugin. -->","yoast_head_json":{"title":"Nagy J\u00e1nos Tri\u00f3 50 (Let\u00f6lthet\u0151 album 24bit\/96kHz) &#8211; GR1993 Records","robots":{"index":"index","follow":"follow","max-snippet":"max-snippet:-1","max-image-preview":"max-image-preview:large","max-video-preview":"max-video-preview:-1"},"canonical":"https:\/\/gr1993records.com\/index.php\/product\/nagy-janos-trio-50-downloadable\/","og_locale":"hu_HU","og_type":"article","og_title":"Nagy J\u00e1nos Tri\u00f3 50 (Let\u00f6lthet\u0151 album 24bit\/96kHz) &#8211; GR1993 Records","og_description":"[:hu]K\u00f6zrem\u0171k\u00f6dik Mike Stern \u00e9s Dominique Di Piazza.  Megjelen\u00e9s: 2021. november 19.[:en]Special guests Mike Stern and Dominique Di Piazza.  Release date: 19 November, 2021.[:]","og_url":"https:\/\/gr1993records.com\/index.php\/product\/nagy-janos-trio-50-downloadable\/","og_site_name":"GR1993 Records","article_publisher":"https:\/\/www.facebook.com\/GR1993Records-113564886691383\/","article_modified_time":"2026-03-31T08:52:02+00:00","og_image":[{"width":1000,"height":1000,"url":"https:\/\/gr1993records.com\/wp-content\/uploads\/2021\/10\/kiadvany_yancha_CD_front_s.jpg","type":"image\/jpeg"}],"twitter_card":"summary_large_image","twitter_image":"https:\/\/gr1993records.com\/wp-content\/uploads\/2021\/10\/kiadvany_yancha_CD_front_s.jpg","twitter_misc":{"Becs\u00fclt olvas\u00e1si id\u0151":"3 perc"},"schema":{"@context":"https:\/\/schema.org","@graph":[{"@type":"WebPage","@id":"https:\/\/gr1993records.com\/index.php\/product\/nagy-janos-trio-50-downloadable\/","url":"https:\/\/gr1993records.com\/index.php\/product\/nagy-janos-trio-50-downloadable\/","name":"Nagy J\u00e1nos Tri\u00f3 50 (Let\u00f6lthet\u0151 album 24bit\/96kHz) &#8211; GR1993 Records","isPartOf":{"@id":"https:\/\/gr1993records.com\/#website"},"primaryImageOfPage":{"@id":"https:\/\/gr1993records.com\/index.php\/product\/nagy-janos-trio-50-downloadable\/#primaryimage"},"image":{"@id":"https:\/\/gr1993records.com\/index.php\/product\/nagy-janos-trio-50-downloadable\/#primaryimage"},"thumbnailUrl":"https:\/\/gr1993records.com\/wp-content\/uploads\/2021\/10\/kiadvany_yancha_CD_front_s.jpg","datePublished":"2021-11-19T00:00:09+00:00","dateModified":"2026-03-31T08:52:02+00:00","breadcrumb":{"@id":"https:\/\/gr1993records.com\/index.php\/product\/nagy-janos-trio-50-downloadable\/#breadcrumb"},"inLanguage":"hu","potentialAction":[{"@type":"ReadAction","target":["https:\/\/gr1993records.com\/index.php\/product\/nagy-janos-trio-50-downloadable\/"]}]},{"@type":"ImageObject","inLanguage":"hu","@id":"https:\/\/gr1993records.com\/index.php\/product\/nagy-janos-trio-50-downloadable\/#primaryimage","url":"https:\/\/gr1993records.com\/wp-content\/uploads\/2021\/10\/kiadvany_yancha_CD_front_s.jpg","contentUrl":"https:\/\/gr1993records.com\/wp-content\/uploads\/2021\/10\/kiadvany_yancha_CD_front_s.jpg","width":1000,"height":1000},{"@type":"BreadcrumbList","@id":"https:\/\/gr1993records.com\/index.php\/product\/nagy-janos-trio-50-downloadable\/#breadcrumb","itemListElement":[{"@type":"ListItem","position":1,"name":"Home","item":"https:\/\/gr1993records.com\/"},{"@type":"ListItem","position":2,"name":"Kiadv\u00e1nyok","item":"https:\/\/gr1993records.com\/index.php\/shop\/"},{"@type":"ListItem","position":3,"name":"[:hu]Nagy J\u00e1nos Tri\u00f3 50 (Let\u00f6lthet\u0151 album 24bit\/96kHz)[:en]J\u00e1nos Nagy Trio 50 (Downloadable album 24bit\/96kHz)[:]"}]},{"@type":"WebSite","@id":"https:\/\/gr1993records.com\/#website","url":"https:\/\/gr1993records.com\/","name":"GR1993 Records","description":"","publisher":{"@id":"https:\/\/gr1993records.com\/#organization"},"potentialAction":[{"@type":"SearchAction","target":{"@type":"EntryPoint","urlTemplate":"https:\/\/gr1993records.com\/?s={search_term_string}"},"query-input":{"@type":"PropertyValueSpecification","valueRequired":true,"valueName":"search_term_string"}}],"inLanguage":"hu"},{"@type":"Organization","@id":"https:\/\/gr1993records.com\/#organization","name":"Gramy-H Ltd.","url":"https:\/\/gr1993records.com\/","logo":{"@type":"ImageObject","inLanguage":"hu","@id":"https:\/\/gr1993records.com\/#\/schema\/logo\/image\/","url":"https:\/\/gr1993records.com\/wp-content\/uploads\/2019\/08\/GR1993_Records_logo_CC.png","contentUrl":"https:\/\/gr1993records.com\/wp-content\/uploads\/2019\/08\/GR1993_Records_logo_CC.png","width":2900,"height":2001,"caption":"Gramy-H Ltd."},"image":{"@id":"https:\/\/gr1993records.com\/#\/schema\/logo\/image\/"},"sameAs":["https:\/\/www.facebook.com\/GR1993Records-113564886691383\/"]}]}},"jetpack_sharing_enabled":true,"_links":{"self":[{"href":"https:\/\/gr1993records.com\/index.php\/wp-json\/wp\/v2\/product\/6569","targetHints":{"allow":["GET"]}}],"collection":[{"href":"https:\/\/gr1993records.com\/index.php\/wp-json\/wp\/v2\/product"}],"about":[{"href":"https:\/\/gr1993records.com\/index.php\/wp-json\/wp\/v2\/types\/product"}],"wp:featuredmedia":[{"embeddable":true,"href":"https:\/\/gr1993records.com\/index.php\/wp-json\/wp\/v2\/media\/6568"}],"wp:attachment":[{"href":"https:\/\/gr1993records.com\/index.php\/wp-json\/wp\/v2\/media?parent=6569"}],"wp:term":[{"taxonomy":"product_brand","embeddable":true,"href":"https:\/\/gr1993records.com\/index.php\/wp-json\/wp\/v2\/product_brand?post=6569"},{"taxonomy":"product_cat","embeddable":true,"href":"https:\/\/gr1993records.com\/index.php\/wp-json\/wp\/v2\/product_cat?post=6569"},{"taxonomy":"product_tag","embeddable":true,"href":"https:\/\/gr1993records.com\/index.php\/wp-json\/wp\/v2\/product_tag?post=6569"}],"curies":[{"name":"wp","href":"https:\/\/api.w.org\/{rel}","templated":true}]}}