{"id":6546,"date":"2021-10-11T11:26:15","date_gmt":"2021-10-11T09:26:15","guid":{"rendered":"https:\/\/gr1993records.com\/?post_type=product&#038;p=6546"},"modified":"2026-03-31T10:52:56","modified_gmt":"2026-03-31T08:52:56","slug":"djabe-first-album-revisited-lp-25th-anniversary-box-set-2cddvd","status":"publish","type":"product","link":"https:\/\/gr1993records.com\/index.php\/product\/djabe-first-album-revisited-lp-25th-anniversary-box-set-2cddvd\/","title":{"rendered":"Djabe <br\/>First Album Revisited <br\/>LP + 25th Anniversary box-set <br\/>2CD+DVD"},"content":{"rendered":"<p>[vc_row][vc_column][vc_column_text]A Djabe zenekar 1996 november\u00e9ben jelentette meg els\u0151 CD-j\u00e9t.<br \/>\nA 25 \u00e9ves jubileum alkalm\u00e1b\u00f3l a zenekar 3 lemezes kib\u0151v\u00edtett \u00fajrakiad\u00e1ssal lepi meg a rajong\u00f3kat.<br \/>\nAz 1995. j\u00fanius \u00e9s 1996. szeptember k\u00f6z\u00f6tt k\u00e9sz\u00fclt els\u0151 Djabe albumra m\u00e1r akkor felfigyelt a k\u00f6z\u00f6ns\u00e9g \u00e9s a szakma is. A lemezt a Djabe k\u00e9t alap\u00edt\u00f3ja Sipos Andr\u00e1s (1954 \u2013 2007) \u00fct\u0151hangszeres \u00e9s \u00c9gerh\u00e1zi Attila git\u00e1ros alkotta meg. Hozz\u00e1juk csatlakozott \u00c9gerh\u00e1zi \u00e9s Sipos kor\u00e1bbi Novus Jam zenekar\u00e1b\u00f3l Karvaly Tibor heged\u0171s a felv\u00e9telekre. A megh\u00edvott zen\u00e9szek k\u00f6z\u00f6tt \u00e9rkezett Muck Ferenc saxofonos, Barab\u00e1s Tam\u00e1s basszusgit\u00e1ros \u00e9s Kov\u00e1cs Ferenc trombit\u00e1s, heged\u0171s is. A korabeli kritik\u00e1k k\u00f6z\u00fcl kiemelhetj\u00fck Mike Ezzo amerikai szak\u00edr\u00f3 v\u00e9lem\u00e9ny\u00e9t, aki m\u00e1r az els\u0151 album alapj\u00e1n megj\u00f3solta, hogy a Djabe nemzetk\u00f6zileg is jelent\u0151s sikereket fog el\u00e9rni \u00e9s nagy p\u00e1ly\u00e1t befutni. Nem t\u00e9vedett.<br \/>\nA Djabe az elm\u00falt \u00e9vekben sorra jelentette meg p\u00e1lyafut\u00e1sa els\u0151 lemezeinek, fel\u00faj\u00edtott, \u00fajrakevert LP \u00e9s surround hangz\u00e1sban is megalkotott v\u00e1ltozatait. A zenekar rajong\u00f3inak a r\u00e9sz\u00e9r\u0151l, itthon \u00e9s k\u00fclf\u00f6ld\u00f6n egyar\u00e1nt, megfogalmaz\u00f3dott az els\u0151 lemezzel kapcsolatos vinyl \u00e9s surround kiad\u00e1sok ig\u00e9nye. A fel\u00faj\u00edt\u00e1s lehet\u0151s\u00e9ge 2016-ban mer\u00fclt fel el\u0151sz\u00f6r, amikor Karvaly Tibor csatlakozott a Djabe20 jubileumi koncert fel\u00e1ll\u00e1s\u00e1hoz. K\u00e9t olyan sz\u00e1mot is m\u0171sorra t\u0171ztek az els\u0151 CD-r\u0151l, amit m\u00e9g sohasem j\u00e1tszott \u00e9l\u0151ben a Djabe. Ez volt a Hagar Qim \u00e9s a D\u00e9j\u00e1 Vu.<br \/>\n\u00c9gerh\u00e1zi Attila megkereste az arch\u00edvumban az eredeti soks\u00e1vos szalagokat, melyeket a londoni Abbey Road St\u00fadi\u00f3ban kellett \u201emegs\u00fctni\u201d, azaz \u00fajra lej\u00e1tszhat\u00f3v\u00e1 tenni.<br \/>\nA konkr\u00e9t st\u00fadi\u00f3 munk\u00e1latok a Covid miatti lez\u00e1r\u00e1sok idej\u00e9n kezd\u0151dtek el. \u00c9gerh\u00e1zi Attila \u00e9s Karvaly Tibor 8 h\u00f3napon \u00e1t dolgoztak az anyagon, az utols\u00f3 3 h\u00f3napra pedig Muck Ferenc \u00e9s Barab\u00e1s Tam\u00e1s is becsatlakoztak.[\/vc_column_text][vc_separator][vc_single_image image=&#8221;6540&#8243; img_size=&#8221;full&#8221; alignment=&#8221;center&#8221;][vc_column_text]<strong>Djabe First Album Revisited 25th Anniversary box-set (2CD+DVD)<\/strong>[\/vc_column_text][vc_column_text]<strong>CD1 \u2013 Refreshed<\/strong><br \/>\nAttila \u00e9s Tibor megkerest\u00e9k az eredeti CD \u00f6sszes sz\u00e1m\u00e1nak soks\u00e1vos felv\u00e9teleit, \u00e9s felfriss\u00edtett\u00e9k azokat. Prec\u00edzen lemodellezt\u00e9k az eredeti ar\u00e1nyokat, majd ha \u00fagy l\u00e1tt\u00e1k j\u00f3nak, helyenk\u00e9nt \u00fajraszerkesztett\u00e9k a sz\u00e1mokat. Ehhez felhaszn\u00e1ltak az eredeti felv\u00e9telek k\u00e9sz\u00edt\u00e9sekor r\u00f6gz\u00edtett, de a kever\u00e9sben nem hallhat\u00f3 s\u00e1vokat is. Volt olyan kompoz\u00edci\u00f3, amelyben 25 \u00e9ve zavarta \u0151ket egy-egy oda nem ill\u0151 hang, ezeket most kijav\u00edtott\u00e1k. 25 \u00e9vvel ezel\u0151tt m\u00e9g nem volt saj\u00e1t st\u00fadi\u00f3juk, \u00edgy sokszor kellet kompromisszumot k\u00f6tni\u00fck amiatt, hogy kics\u00fasztak az id\u0151b\u0151l. A November \u00e9s Demon c\u00edm\u0171 sz\u00e1mokhoz ilyen megfontol\u00e1sb\u00f3l Muck Ferenc \u00faj saxofon s\u00e1vokat is felj\u00e1tszott.<br \/>\nAz \u00edgy felfriss\u00edtett \u00e9s a v\u00e9g\u00e9n Barab\u00e1s Tam\u00e1s \u00e1ltal \u00fajrakevert \u00e9s maszterelt CD kapta a Refreshed nevet.[\/vc_column_text][vc_column_text]<strong>CD2 \u2013 Then &amp; Now<\/strong><br \/>\nA projekt azonban itt nem \u00e1llt meg. A soks\u00e1vos szalagokon tal\u00e1ltak t\u00f6bb megkezdett m\u0171vet, amelyet most kihaszn\u00e1lva a saj\u00e1t st\u00fadi\u00f3 adta k\u00f6tetlen lehet\u0151s\u00e9get, befejeztek. Ezeken a felv\u00e9teleken a Djabe mostani tagjai is j\u00e1tszottak, Ko\u00f3s-Hut\u00e1s \u00c1ron \u2013 sz\u00e1rnyk\u00fcrt, Kasz\u00e1s P\u00e9ter \u2013 dobok, Nagy J\u00e1nos \u2013 billenty\u0171s hangszerek. Ilyen a Pier 95 \u00e9s a Sunrays.<br \/>\nTam\u00e1s Sipi dob \u00e9s \u00e9neks\u00e1vjai seg\u00edts\u00e9g\u00e9vel kompon\u00e1lt egy \u00faj szerzem\u00e9nyt is, ez lett a We Are Okay.<br \/>\nKov\u00e1cs Ferenc egy remekbe szabott heged\u0171sz\u00f3l\u00f3ja k\u00f6r\u00e9 is k\u00e9sz\u00fclt egy r\u00e9gi-\u00faj kompoz\u00edci\u00f3, a Lost In The Desert, melyben Steve Hackett egy kor\u00e1bban felvett git\u00e1rsz\u00f3l\u00f3ja \u00e9s Sipi \u00e9neks\u00e1vja is hallhat\u00f3. Term\u00e9szetesen \u00c9gerh\u00e1zi Attila, Karvaly Tibor Barab\u00e1s Tam\u00e1s \u00e9s Muck Ferenc is k\u00f6zrem\u0171k\u00f6dnek ebben a k\u00e9t sz\u00e1mban.<br \/>\nA m\u00e1sodik CD-n hallhatunk egy fel\u00faj\u00edtott \u00c9gerh\u00e1zi, Karvaly, Gesztelyi-Nagy Judit felv\u00e9telt, a Fragmentst, mely 1993-as felv\u00e9tel. A lemezen helyett kapott m\u00e9g Sipi 1995-ben r\u00f6gz\u00edtett konga sz\u00f3l\u00f3ja a Sipi Falls, \u00e9s h\u00e1rom felv\u00e9tel a valaha volt els\u0151 Djabe koncertb\u0151l. Ezeket 1997 \u00e1prilis 7-\u00e9n r\u00f6gz\u00edtett\u00e9k Budapesten, m\u00e1r \u00c9gerh\u00e1zi, Sipos, Muck, Barab\u00e1s fel\u00e1ll\u00e1sban.<br \/>\nA lemez egyik legnagyobb csemeg\u00e9je, Sipos Andr\u00e1s 15 perces djembe sz\u00f3l\u00f3ja, mely r\u00e1ad\u00e1sul nem koncert, hanem st\u00fadi\u00f3 felv\u00e9tel.<br \/>\n\u00c9gerh\u00e1zi ritk\u00e1n j\u00e1tszotta koncerten a Venezia c\u00edm\u0171 git\u00e1rdarabot. A CD-re egy 2006-os Pecsa felv\u00e9tel ker\u00fclt fel. A m\u00e1sodik CD-t a 2016-os Djabe20 koncertb\u0151l a Hagar Qim \u00e9s a D\u00e9j\u00e1 Vu z\u00e1rja.[\/vc_column_text][vc_column_text]<strong>DVD \u2013 Surrounded<\/strong><br \/>\nA harmadik korong DVD, melyen a teljes eredeti album \u00e9s a r\u00e9gi-\u00faj sz\u00e1mok 24bit\/96kHz nagyfelbont\u00e1s\u00fa sztere\u00f3, valamint 24\/96 DTS surround v\u00e1ltozatai kaptak helyet. A lemezt h\u00e1rom koncert vide\u00f3 felv\u00e9tel z\u00e1rja a Djabe20 koncertb\u0151l. A m\u00e1r eml\u00edtetteken k\u00edv\u00fcl a Distant Dance az utols\u00f3 a DVD-n. Ez nem szerepel a 2-es CD-n.<br \/>\nTerm\u00e9szetesen a m\u00e1sodik CD-t \u00e9s a DVD-t is Barab\u00e1s Tam\u00e1s keverte, szoros munkakapcsolatban \u00c9gerh\u00e1zi Attil\u00e1val, az album producer\u00e9vel.<br \/>\nAz eredm\u00e9ny \u00f6nmag\u00e1\u00e9rt besz\u00e9l![\/vc_column_text][vc_column_text]<strong>Slipcase<\/strong><br \/>\nA 3 korong \u00f6n\u00e1ll\u00f3 pap\u00edrtokban beker\u00fclt egy gy\u0171jt\u0151 dobozba, melyhez egy 72 oldalas booklet is tartozik. Tibor \u00e9s Attila felfriss\u00edtette az 1996-os eredeti CD k\u00eds\u00e9r\u0151f\u00fczet\u00e9nek k\u00e9panyag\u00e1t, megtartva annak m\u0171v\u00e9szi kivitel\u00e9t. A kis k\u00f6nyvecsk\u00e9ben a sz\u00e1mokra vonatkoz\u00f3 r\u00e9szletes inform\u00e1ci\u00f3k mellett az album t\u00f6rt\u00e9nete, keletkez\u00e9se, a tagok visszaeml\u00e9kez\u00e9sei a mostani munk\u00e1latokra \u00e9s track by track elemz\u00e9s is tal\u00e1lhat\u00f3. A sok fot\u00f3val illusztr\u00e1lt anyagot G\u00f6b\u00f6ly\u00f6s N. L\u00e1szl\u00f3 aj\u00e1nl\u00e1sa z\u00e1rja.[\/vc_column_text][vc_separator][vc_column_text]<strong>Az albumon k\u00f6zrem\u0171k\u00f6d\u0151 zen\u00e9szek<\/strong><br \/>\nBanai Szil\u00e1rd \u2013 dobok (CD2)<br \/>\nBarab\u00e1s Tam\u00e1s \u2013 basszusgit\u00e1r<br \/>\n\u00c9gerh\u00e1zi Attila \u2013 git\u00e1r, \u00fct\u0151hangszerek, effektek<br \/>\nGesztelyi Nagy Judit \u2013 furulya, schakohachi<br \/>\nGulli Briem \u2013 dobok (CD2)<br \/>\nKarvaly Tibor \u2013 heged\u0171, billenty\u0171s hangszerek, \u00fct\u0151hangszerek, furulya<br \/>\nKasz\u00e1s P\u00e9ter \u2013 dobok (CD2)<br \/>\nKo\u00f3s-Hut\u00e1s \u00c1ron \u2013 sz\u00e1rnyk\u00fcrt (CD2)<br \/>\nKov\u00e1cs Ferenc \u2013 heged\u0171<br \/>\nKov\u00e1cs Zolt\u00e1n \u2013 billenty\u0171s hangszerek (CD2)<br \/>\nM\u00f3ty\u00e1n Tibor \u2013 tabla (CD2)<br \/>\nMuck Ferenc \u2013 saxofon<br \/>\nNagy J\u00e1nos \u2013 billenty\u0171s hangszerek (CD2)<br \/>\nR\u00e1cz Tam\u00e1s \u2013 git\u00e1r<br \/>\nSteve Hackett \u2013 elektromos git\u00e1r (CD2)[\/vc_column_text][vc_separator][vc_column_text]<strong>Djabe \u2013 First Album Revisited LP<\/strong><\/p>\n<p>A k\u00f6zel 50 perces LP a dupla CD legjobb sz\u00e1mainak kivonat\u00e1t tartalmazza, fele ar\u00e1nyban az eredeti CD-r\u0151l, fele ar\u00e1nyban pedig a r\u00e9gi-\u00faj kompoz\u00edci\u00f3kb\u00f3l v\u00e1logatva.<br \/>\nA Djabe LP kollekci\u00f3j\u00e1nak kiemelten fontos darabja j\u00f6tt l\u00e9re. Mind zenei min\u0151s\u00e9g\u00e9ben, mind hangz\u00e1s\u00e1ban m\u00e9lt\u00f3 a t\u00f6bbi kiadv\u00e1nyhoz.[\/vc_column_text][vc_single_image image=&#8221;6542&#8243; img_size=&#8221;full&#8221; alignment=&#8221;center&#8221;][vc_column_text]<strong>Az albumon k\u00f6zrem\u0171k\u00f6d\u0151 zen\u00e9szek<\/strong><br \/>\nBarab\u00e1s Tam\u00e1s \u2013 basszusgit\u00e1r<br \/>\n\u00c9gerh\u00e1zi Attila \u2013 git\u00e1r, \u00fct\u0151hangszerek, effektek<br \/>\nGesztelyi Nagy Judit \u2013 fuvola, schakuhachi<br \/>\nKarvaly Tibor \u2013 heged\u0171, billenty\u0171s hangszerek, \u00fct\u0151hangszerek, furulya<br \/>\nKasz\u00e1s P\u00e9ter \u2013 dobok (B3)<br \/>\nKo\u00f3s-Hut\u00e1s \u00c1ron \u2013 sz\u00e1rnyk\u00fcrt (B2)<br \/>\nKov\u00e1cs Ferenc \u2013 heged\u0171, trombita<br \/>\nMuck Ferenc \u2013 szaxofon<br \/>\nNagy J\u00e1nos \u2013 billenty\u0171s hangszerek (B3)<br \/>\nSipos Andr\u00e1s \u2013 \u00e9nek, \u00fct\u0151hangszerek<br \/>\nSteve Hackett \u2013 elektromos git\u00e1r (B4)[\/vc_column_text][vc_separator][vc_column_text]<\/p>\n<p class=\"title style-scope ytd-video-primary-info-renderer\"><strong>Djabe: Hagar Qim (Official video)<\/strong><\/p>\n<p>[\/vc_column_text][vc_video link=&#8221;https:\/\/www.youtube.com\/watch?v=GijNdMvTZbc&#8221; el_width=&#8221;90&#8243; align=&#8221;center&#8221;][vc_empty_space][vc_column_text]<\/p>\n<p class=\"title style-scope ytd-video-primary-info-renderer\"><strong>Djabe: Leaving The Desert (Official Video)<\/strong><\/p>\n<p>[\/vc_column_text][vc_video link=&#8221;https:\/\/www.youtube.com\/watch?v=Jnvsvw1zNh0&#8243; el_width=&#8221;90&#8243; align=&#8221;center&#8221;][\/vc_column][\/vc_row]<\/p>","protected":false},"excerpt":{"rendered":"<p><strong>LP (GR-149-1)<\/strong><br \/>\n140 gr \u00e1tl\u00e1tsz\u00f3 s\u00e1rga vinyl &#8211; Quality Vinyl Projects<\/p>\n<p><strong>2CD+DVD (GR-149)<\/strong><br \/>\nk\u00fcl\u00f6n\u00e1ll\u00f3 tokokban, 72 oldalas booklettel, tart\u00f3dobozban<br \/>\nCD1 \u2013 Refreshed<br \/>\nCD2 \u2013 Then &amp; Now<br \/>\nDVD \u2013 Surrounded<\/p>\n<p><strong>Megjelen\u00e9s: 2021. november 25.<\/strong><\/p>\n","protected":false},"featured_media":6547,"template":"","meta":[],"product_brand":[],"product_cat":[92,93,91],"product_tag":[],"class_list":{"0":"post-6546","1":"product","2":"type-product","3":"status-publish","4":"has-post-thumbnail","6":"product_cat-cd","7":"product_cat-dvd","8":"product_cat-lp","9":"yith_product_brand-djabe","10":"col-12 col-sm-6 col-md-4","12":"first","13":"instock","14":"sale","15":"featured","16":"shipping-taxable","17":"purchasable","18":"product-type-simple"},"yoast_head":"<!-- This site is optimized with the Yoast SEO plugin v27.2 - https:\/\/yoast.com\/product\/yoast-seo-wordpress\/ -->\n<title>Djabe First Album Revisited LP + 25th Anniversary box-set 2CD+DVD &#8211; GR1993 Records<\/title>\n<meta name=\"robots\" content=\"index, follow, max-snippet:-1, max-image-preview:large, max-video-preview:-1\" \/>\n<link rel=\"canonical\" href=\"https:\/\/gr1993records.com\/index.php\/product\/djabe-first-album-revisited-lp-25th-anniversary-box-set-2cddvd\/\" \/>\n<meta property=\"og:locale\" content=\"hu_HU\" \/>\n<meta property=\"og:type\" content=\"article\" \/>\n<meta property=\"og:title\" content=\"Djabe First Album Revisited LP + 25th Anniversary box-set 2CD+DVD &#8211; GR1993 Records\" \/>\n<meta property=\"og:description\" content=\"[:hu]LP (GR-149-1) 140 gr \u00e1tl\u00e1tsz\u00f3 s\u00e1rga vinyl - Quality Vinyl Projects  2CD+DVD (GR-149) k\u00fcl\u00f6n\u00e1ll\u00f3 tokokban, 72 oldalas booklettel, tart\u00f3dobozban CD1 \u2013 Refreshed CD2 \u2013 Then &amp; Now DVD \u2013 Surrounded  Megjelen\u00e9s: 2021. november 25.[:en]LP (GR-149-1) 140 gr transparent yellow vinyl by Quality Vinyl Projects  2CD+DVD (GR-149) in separate wallets with 72-page booklet inserted in slipcase CD1 \u2013 Refreshed CD2 \u2013 Then &amp; Now DVD \u2013 Surrounded  Release date: 25 November, 2021[:]\" \/>\n<meta property=\"og:url\" content=\"https:\/\/gr1993records.com\/index.php\/product\/djabe-first-album-revisited-lp-25th-anniversary-box-set-2cddvd\/\" \/>\n<meta property=\"og:site_name\" content=\"GR1993 Records\" \/>\n<meta property=\"article:publisher\" content=\"https:\/\/www.facebook.com\/GR1993Records-113564886691383\/\" \/>\n<meta property=\"article:modified_time\" content=\"2026-03-31T08:52:56+00:00\" \/>\n<meta property=\"og:image\" content=\"https:\/\/gr1993records.com\/wp-content\/uploads\/2021\/10\/Djabe_First_Album_Revisited_LP_2CD_DVD_Mock-up_v2.png\" \/>\n\t<meta property=\"og:image:width\" content=\"1820\" \/>\n\t<meta property=\"og:image:height\" content=\"1820\" \/>\n\t<meta property=\"og:image:type\" content=\"image\/png\" \/>\n<meta name=\"twitter:card\" content=\"summary_large_image\" \/>\n<meta name=\"twitter:image\" content=\"https:\/\/gr1993records.com\/wp-content\/uploads\/2021\/10\/Djabe_First_Album_Revisited_LP_2CD_DVD_Mock-up_v2.png\" \/>\n<meta name=\"twitter:label1\" content=\"Becs\u00fclt olvas\u00e1si id\u0151\" \/>\n\t<meta name=\"twitter:data1\" content=\"5 perc\" \/>\n<script type=\"application\/ld+json\" class=\"yoast-schema-graph\">{\"@context\":\"https:\/\/schema.org\",\"@graph\":[{\"@type\":\"WebPage\",\"@id\":\"https:\/\/gr1993records.com\/index.php\/product\/djabe-first-album-revisited-lp-25th-anniversary-box-set-2cddvd\/\",\"url\":\"https:\/\/gr1993records.com\/index.php\/product\/djabe-first-album-revisited-lp-25th-anniversary-box-set-2cddvd\/\",\"name\":\"Djabe First Album Revisited LP + 25th Anniversary box-set 2CD+DVD &#8211; GR1993 Records\",\"isPartOf\":{\"@id\":\"https:\/\/gr1993records.com\/#website\"},\"primaryImageOfPage\":{\"@id\":\"https:\/\/gr1993records.com\/index.php\/product\/djabe-first-album-revisited-lp-25th-anniversary-box-set-2cddvd\/#primaryimage\"},\"image\":{\"@id\":\"https:\/\/gr1993records.com\/index.php\/product\/djabe-first-album-revisited-lp-25th-anniversary-box-set-2cddvd\/#primaryimage\"},\"thumbnailUrl\":\"https:\/\/gr1993records.com\/wp-content\/uploads\/2021\/10\/Djabe_First_Album_Revisited_LP_2CD_DVD_Mock-up_v2.png\",\"datePublished\":\"2021-10-11T09:26:15+00:00\",\"dateModified\":\"2026-03-31T08:52:56+00:00\",\"breadcrumb\":{\"@id\":\"https:\/\/gr1993records.com\/index.php\/product\/djabe-first-album-revisited-lp-25th-anniversary-box-set-2cddvd\/#breadcrumb\"},\"inLanguage\":\"hu\",\"potentialAction\":[{\"@type\":\"ReadAction\",\"target\":[\"https:\/\/gr1993records.com\/index.php\/product\/djabe-first-album-revisited-lp-25th-anniversary-box-set-2cddvd\/\"]}]},{\"@type\":\"ImageObject\",\"inLanguage\":\"hu\",\"@id\":\"https:\/\/gr1993records.com\/index.php\/product\/djabe-first-album-revisited-lp-25th-anniversary-box-set-2cddvd\/#primaryimage\",\"url\":\"https:\/\/gr1993records.com\/wp-content\/uploads\/2021\/10\/Djabe_First_Album_Revisited_LP_2CD_DVD_Mock-up_v2.png\",\"contentUrl\":\"https:\/\/gr1993records.com\/wp-content\/uploads\/2021\/10\/Djabe_First_Album_Revisited_LP_2CD_DVD_Mock-up_v2.png\",\"width\":1820,\"height\":1820,\"caption\":\"Djabe First Album\"},{\"@type\":\"BreadcrumbList\",\"@id\":\"https:\/\/gr1993records.com\/index.php\/product\/djabe-first-album-revisited-lp-25th-anniversary-box-set-2cddvd\/#breadcrumb\",\"itemListElement\":[{\"@type\":\"ListItem\",\"position\":1,\"name\":\"Home\",\"item\":\"https:\/\/gr1993records.com\/\"},{\"@type\":\"ListItem\",\"position\":2,\"name\":\"Kiadv\u00e1nyok\",\"item\":\"https:\/\/gr1993records.com\/index.php\/shop\/\"},{\"@type\":\"ListItem\",\"position\":3,\"name\":\"Djabe First Album Revisited LP + 25th Anniversary box-set 2CD+DVD\"}]},{\"@type\":\"WebSite\",\"@id\":\"https:\/\/gr1993records.com\/#website\",\"url\":\"https:\/\/gr1993records.com\/\",\"name\":\"GR1993 Records\",\"description\":\"\",\"publisher\":{\"@id\":\"https:\/\/gr1993records.com\/#organization\"},\"potentialAction\":[{\"@type\":\"SearchAction\",\"target\":{\"@type\":\"EntryPoint\",\"urlTemplate\":\"https:\/\/gr1993records.com\/?s={search_term_string}\"},\"query-input\":{\"@type\":\"PropertyValueSpecification\",\"valueRequired\":true,\"valueName\":\"search_term_string\"}}],\"inLanguage\":\"hu\"},{\"@type\":\"Organization\",\"@id\":\"https:\/\/gr1993records.com\/#organization\",\"name\":\"Gramy-H Ltd.\",\"url\":\"https:\/\/gr1993records.com\/\",\"logo\":{\"@type\":\"ImageObject\",\"inLanguage\":\"hu\",\"@id\":\"https:\/\/gr1993records.com\/#\/schema\/logo\/image\/\",\"url\":\"https:\/\/gr1993records.com\/wp-content\/uploads\/2019\/08\/GR1993_Records_logo_CC.png\",\"contentUrl\":\"https:\/\/gr1993records.com\/wp-content\/uploads\/2019\/08\/GR1993_Records_logo_CC.png\",\"width\":2900,\"height\":2001,\"caption\":\"Gramy-H Ltd.\"},\"image\":{\"@id\":\"https:\/\/gr1993records.com\/#\/schema\/logo\/image\/\"},\"sameAs\":[\"https:\/\/www.facebook.com\/GR1993Records-113564886691383\/\"]}]}<\/script>\n<!-- \/ Yoast SEO plugin. -->","yoast_head_json":{"title":"Djabe First Album Revisited LP + 25th Anniversary box-set 2CD+DVD &#8211; GR1993 Records","robots":{"index":"index","follow":"follow","max-snippet":"max-snippet:-1","max-image-preview":"max-image-preview:large","max-video-preview":"max-video-preview:-1"},"canonical":"https:\/\/gr1993records.com\/index.php\/product\/djabe-first-album-revisited-lp-25th-anniversary-box-set-2cddvd\/","og_locale":"hu_HU","og_type":"article","og_title":"Djabe First Album Revisited LP + 25th Anniversary box-set 2CD+DVD &#8211; GR1993 Records","og_description":"[:hu]LP (GR-149-1) 140 gr \u00e1tl\u00e1tsz\u00f3 s\u00e1rga vinyl - Quality Vinyl Projects  2CD+DVD (GR-149) k\u00fcl\u00f6n\u00e1ll\u00f3 tokokban, 72 oldalas booklettel, tart\u00f3dobozban CD1 \u2013 Refreshed CD2 \u2013 Then &amp; Now DVD \u2013 Surrounded  Megjelen\u00e9s: 2021. november 25.[:en]LP (GR-149-1) 140 gr transparent yellow vinyl by Quality Vinyl Projects  2CD+DVD (GR-149) in separate wallets with 72-page booklet inserted in slipcase CD1 \u2013 Refreshed CD2 \u2013 Then &amp; Now DVD \u2013 Surrounded  Release date: 25 November, 2021[:]","og_url":"https:\/\/gr1993records.com\/index.php\/product\/djabe-first-album-revisited-lp-25th-anniversary-box-set-2cddvd\/","og_site_name":"GR1993 Records","article_publisher":"https:\/\/www.facebook.com\/GR1993Records-113564886691383\/","article_modified_time":"2026-03-31T08:52:56+00:00","og_image":[{"width":1820,"height":1820,"url":"https:\/\/gr1993records.com\/wp-content\/uploads\/2021\/10\/Djabe_First_Album_Revisited_LP_2CD_DVD_Mock-up_v2.png","type":"image\/png"}],"twitter_card":"summary_large_image","twitter_image":"https:\/\/gr1993records.com\/wp-content\/uploads\/2021\/10\/Djabe_First_Album_Revisited_LP_2CD_DVD_Mock-up_v2.png","twitter_misc":{"Becs\u00fclt olvas\u00e1si id\u0151":"5 perc"},"schema":{"@context":"https:\/\/schema.org","@graph":[{"@type":"WebPage","@id":"https:\/\/gr1993records.com\/index.php\/product\/djabe-first-album-revisited-lp-25th-anniversary-box-set-2cddvd\/","url":"https:\/\/gr1993records.com\/index.php\/product\/djabe-first-album-revisited-lp-25th-anniversary-box-set-2cddvd\/","name":"Djabe First Album Revisited LP + 25th Anniversary box-set 2CD+DVD &#8211; GR1993 Records","isPartOf":{"@id":"https:\/\/gr1993records.com\/#website"},"primaryImageOfPage":{"@id":"https:\/\/gr1993records.com\/index.php\/product\/djabe-first-album-revisited-lp-25th-anniversary-box-set-2cddvd\/#primaryimage"},"image":{"@id":"https:\/\/gr1993records.com\/index.php\/product\/djabe-first-album-revisited-lp-25th-anniversary-box-set-2cddvd\/#primaryimage"},"thumbnailUrl":"https:\/\/gr1993records.com\/wp-content\/uploads\/2021\/10\/Djabe_First_Album_Revisited_LP_2CD_DVD_Mock-up_v2.png","datePublished":"2021-10-11T09:26:15+00:00","dateModified":"2026-03-31T08:52:56+00:00","breadcrumb":{"@id":"https:\/\/gr1993records.com\/index.php\/product\/djabe-first-album-revisited-lp-25th-anniversary-box-set-2cddvd\/#breadcrumb"},"inLanguage":"hu","potentialAction":[{"@type":"ReadAction","target":["https:\/\/gr1993records.com\/index.php\/product\/djabe-first-album-revisited-lp-25th-anniversary-box-set-2cddvd\/"]}]},{"@type":"ImageObject","inLanguage":"hu","@id":"https:\/\/gr1993records.com\/index.php\/product\/djabe-first-album-revisited-lp-25th-anniversary-box-set-2cddvd\/#primaryimage","url":"https:\/\/gr1993records.com\/wp-content\/uploads\/2021\/10\/Djabe_First_Album_Revisited_LP_2CD_DVD_Mock-up_v2.png","contentUrl":"https:\/\/gr1993records.com\/wp-content\/uploads\/2021\/10\/Djabe_First_Album_Revisited_LP_2CD_DVD_Mock-up_v2.png","width":1820,"height":1820,"caption":"Djabe First Album"},{"@type":"BreadcrumbList","@id":"https:\/\/gr1993records.com\/index.php\/product\/djabe-first-album-revisited-lp-25th-anniversary-box-set-2cddvd\/#breadcrumb","itemListElement":[{"@type":"ListItem","position":1,"name":"Home","item":"https:\/\/gr1993records.com\/"},{"@type":"ListItem","position":2,"name":"Kiadv\u00e1nyok","item":"https:\/\/gr1993records.com\/index.php\/shop\/"},{"@type":"ListItem","position":3,"name":"Djabe First Album Revisited LP + 25th Anniversary box-set 2CD+DVD"}]},{"@type":"WebSite","@id":"https:\/\/gr1993records.com\/#website","url":"https:\/\/gr1993records.com\/","name":"GR1993 Records","description":"","publisher":{"@id":"https:\/\/gr1993records.com\/#organization"},"potentialAction":[{"@type":"SearchAction","target":{"@type":"EntryPoint","urlTemplate":"https:\/\/gr1993records.com\/?s={search_term_string}"},"query-input":{"@type":"PropertyValueSpecification","valueRequired":true,"valueName":"search_term_string"}}],"inLanguage":"hu"},{"@type":"Organization","@id":"https:\/\/gr1993records.com\/#organization","name":"Gramy-H Ltd.","url":"https:\/\/gr1993records.com\/","logo":{"@type":"ImageObject","inLanguage":"hu","@id":"https:\/\/gr1993records.com\/#\/schema\/logo\/image\/","url":"https:\/\/gr1993records.com\/wp-content\/uploads\/2019\/08\/GR1993_Records_logo_CC.png","contentUrl":"https:\/\/gr1993records.com\/wp-content\/uploads\/2019\/08\/GR1993_Records_logo_CC.png","width":2900,"height":2001,"caption":"Gramy-H Ltd."},"image":{"@id":"https:\/\/gr1993records.com\/#\/schema\/logo\/image\/"},"sameAs":["https:\/\/www.facebook.com\/GR1993Records-113564886691383\/"]}]}},"jetpack_sharing_enabled":true,"_links":{"self":[{"href":"https:\/\/gr1993records.com\/index.php\/wp-json\/wp\/v2\/product\/6546","targetHints":{"allow":["GET"]}}],"collection":[{"href":"https:\/\/gr1993records.com\/index.php\/wp-json\/wp\/v2\/product"}],"about":[{"href":"https:\/\/gr1993records.com\/index.php\/wp-json\/wp\/v2\/types\/product"}],"wp:featuredmedia":[{"embeddable":true,"href":"https:\/\/gr1993records.com\/index.php\/wp-json\/wp\/v2\/media\/6547"}],"wp:attachment":[{"href":"https:\/\/gr1993records.com\/index.php\/wp-json\/wp\/v2\/media?parent=6546"}],"wp:term":[{"taxonomy":"product_brand","embeddable":true,"href":"https:\/\/gr1993records.com\/index.php\/wp-json\/wp\/v2\/product_brand?post=6546"},{"taxonomy":"product_cat","embeddable":true,"href":"https:\/\/gr1993records.com\/index.php\/wp-json\/wp\/v2\/product_cat?post=6546"},{"taxonomy":"product_tag","embeddable":true,"href":"https:\/\/gr1993records.com\/index.php\/wp-json\/wp\/v2\/product_tag?post=6546"}],"curies":[{"name":"wp","href":"https:\/\/api.w.org\/{rel}","templated":true}]}}