{"id":6541,"date":"2021-10-11T10:49:03","date_gmt":"2021-10-11T08:49:03","guid":{"rendered":"https:\/\/gr1993records.com\/?post_type=product&#038;p=6541"},"modified":"2026-03-31T10:53:09","modified_gmt":"2026-03-31T08:53:09","slug":"djabe-first-album-revisited-lp-yellow","status":"publish","type":"product","link":"https:\/\/gr1993records.com\/index.php\/product\/djabe-first-album-revisited-lp-yellow\/","title":{"rendered":"Djabe <br\/>First Album Revisited <br\/>(LP) YELLOW"},"content":{"rendered":"<p>[vc_row][vc_column][vc_column_text]A Djabe zenekar 1996 november\u00e9ben jelentette meg els\u0151 CD-j\u00e9t egyszer\u0171en Djabe c\u00edmmel.<br \/>\nA 25 \u00e9ves jubileum alkalm\u00e1b\u00f3l a zenekar a 3 lemezes kib\u0151v\u00edtett digit\u00e1lis \u00fajrakiad\u00e1s mellett egy exkluz\u00edv Quality Vinyl Projects LP kiad\u00e1ssal lepi meg a rajong\u00f3kat.<\/p>\n<p>Az 1995. j\u00fanius \u00e9s 1996. szeptember k\u00f6z\u00f6tt k\u00e9sz\u00fclt els\u0151 Djabe albumra m\u00e1r akkor felfigyelt a k\u00f6z\u00f6ns\u00e9g \u00e9s a szakma is. A lemezt a Djabe k\u00e9t alap\u00edt\u00f3ja Sipos Andr\u00e1s (1954 \u2013 2007) \u00fct\u0151hangszeres \u00e9s \u00c9gerh\u00e1zi Attila git\u00e1ros alkotta meg. Hozz\u00e1juk csatlakozott \u00c9gerh\u00e1zi \u00e9s Sipos kor\u00e1bbi Novus Jam zenekar\u00e1b\u00f3l Karvaly Tibor heged\u0171s a felv\u00e9telekre. A megh\u00edvott zen\u00e9szek k\u00f6z\u00f6tt \u00e9rkezett Muck Ferenc saxofonos, Barab\u00e1s Tam\u00e1s basszusgit\u00e1ros \u00e9s Kov\u00e1cs Ferenc trombit\u00e1s, heged\u0171s is. A korabeli kritik\u00e1k k\u00f6z\u00fcl kiemelhetj\u00fck Mike Ezzo amerikai szak\u00edr\u00f3 v\u00e9lem\u00e9ny\u00e9t, aki m\u00e1r az els\u0151 album alapj\u00e1n megj\u00f3solta, hogy a Djabe nemzetk\u00f6zileg is jelent\u0151s sikereket fog el\u00e9rni \u00e9s nagy p\u00e1ly\u00e1t befutni. Nem t\u00e9vedett.<br \/>\nA Djabe az elm\u00falt \u00e9vekben sorra jelentette meg p\u00e1lyafut\u00e1sa els\u0151 lemezeinek, fel\u00faj\u00edtott, \u00fajrakevert LP \u00e9s surround hangz\u00e1sban is megalkotott v\u00e1ltozatait. A zenekar rajong\u00f3inak a r\u00e9sz\u00e9r\u0151l, itthon \u00e9s k\u00fclf\u00f6ld\u00f6n egyar\u00e1nt, megfogalmaz\u00f3dott az els\u0151 lemezzel kapcsolatos vinyl \u00e9s surround kiad\u00e1sok ig\u00e9nye. A fel\u00faj\u00edt\u00e1s lehet\u0151s\u00e9ge 2016-ban mer\u00fclt fel el\u0151sz\u00f6r, amikor Karvaly Tibor csatlakozott a Djabe20 jubileumi koncert fel\u00e1ll\u00e1s\u00e1hoz. K\u00e9t olyan sz\u00e1mot is m\u0171sorra t\u0171ztek az els\u0151 CD-r\u0151l, amit m\u00e9g sohasem j\u00e1tszott \u00e9l\u0151ben a Djabe. Ez volt a Hagar Qim \u00e9s a D\u00e9j\u00e1 Vu.<br \/>\n\u00c9gerh\u00e1zi Attila megkereste az arch\u00edvumban az eredeti soks\u00e1vos szalagokat, melyeket a londoni Abbey Road St\u00fadi\u00f3ban kellett \u201emegs\u00fctni\u201d, azaz \u00fajra lej\u00e1tszhat\u00f3v\u00e1 tenni.<br \/>\nA konkr\u00e9t st\u00fadi\u00f3 munk\u00e1latok a Covid miatti lez\u00e1r\u00e1sok idej\u00e9n kezd\u0151dtek el. \u00c9gerh\u00e1zi Attila \u00e9s Karvaly Tibor 8 h\u00f3napon \u00e1t dolgoztak az anyagon, az utols\u00f3 3 h\u00f3napra pedig Muck Ferenc \u00e9s Barab\u00e1s Tam\u00e1s is becsatlakoztak.<\/p>\n<p>A projekt azonban itt nem \u00e1llt meg. A soks\u00e1vos szalagokon tal\u00e1ltak t\u00f6bb megkezdett m\u0171vet, amelyet most kihaszn\u00e1lva a saj\u00e1t st\u00fadi\u00f3 adta k\u00f6tetlen lehet\u0151s\u00e9get, befejeztek. Ezeken a felv\u00e9teleken a Djabe mostani tagjai is j\u00e1tszottak, Ko\u00f3s-Hut\u00e1s \u00c1ron \u2013 sz\u00e1rnyk\u00fcrt, Kasz\u00e1s P\u00e9ter \u2013 dobok, Nagy J\u00e1nos \u2013 billenty\u0171s hangszerek. Ilyen a Pier 95 \u00e9s a Sunrays.<br \/>\nTam\u00e1s Sipi dob \u00e9s \u00e9neks\u00e1vjai seg\u00edts\u00e9g\u00e9vel kompon\u00e1lt egy \u00faj szerzem\u00e9nyt is, ez lett a We Are Okay.<br \/>\nKov\u00e1cs Ferenc egy remekbe szabott heged\u0171sz\u00f3l\u00f3ja k\u00f6r\u00e9 is k\u00e9sz\u00fclt egy r\u00e9gi-\u00faj kompoz\u00edci\u00f3, a Lost In The Desert, melyben Steve Hackett egy kor\u00e1bban felvett git\u00e1rsz\u00f3l\u00f3ja \u00e9s Sipi \u00e9neks\u00e1vja is hallhat\u00f3. Term\u00e9szetesen \u00c9gerh\u00e1zi Attila, Karvaly Tibor Barab\u00e1s Tam\u00e1s \u00e9s Muck Ferenc is k\u00f6zrem\u0171k\u00f6dnek ebben a k\u00e9t sz\u00e1mban.<br \/>\nA m\u00e1sodik CD a 25 \u00e9ven \u00e1t\u00edvel\u0151 munk\u00e1ra utalva kapta a\u00a0Then &amp; Now\u00a0c\u00edmet.[\/vc_column_text][vc_column_text]<strong>Djabe \u2013 First Album Revisited LP<\/strong><\/p>\n<p>A k\u00f6zel 50 perces LP a dupla CD legjobb sz\u00e1mainak kivonat\u00e1t tartalmazza, fele ar\u00e1nyban az eredeti CD-r\u0151l, fele ar\u00e1nyban pedig a r\u00e9gi-\u00faj kompoz\u00edci\u00f3kb\u00f3l v\u00e1logatva.<br \/>\nA Djabe LP kollekci\u00f3j\u00e1nak kiemelten fontos darabja j\u00f6tt l\u00e9re. Mind zenei min\u0151s\u00e9g\u00e9ben, mind hangz\u00e1s\u00e1ban m\u00e9lt\u00f3 a t\u00f6bbi kiadv\u00e1nyhoz.[\/vc_column_text][vc_single_image image=&#8221;6542&#8243; img_size=&#8221;full&#8221; alignment=&#8221;center&#8221;][vc_separator][vc_column_text]<strong>Az albumon k\u00f6zrem\u0171k\u00f6d\u0151 zen\u00e9szek<\/strong><br \/>\nBarab\u00e1s Tam\u00e1s \u2013 basszusgit\u00e1r<br \/>\n\u00c9gerh\u00e1zi Attila \u2013 git\u00e1r, \u00fct\u0151hangszerek, effektek<br \/>\nGesztelyi Nagy Judit \u2013 fuvola, schakuhachi<br \/>\nKarvaly Tibor \u2013 heged\u0171, billenty\u0171s hangszerek, \u00fct\u0151hangszerek, furulya<br \/>\nKasz\u00e1s P\u00e9ter \u2013 dobok (B3)<br \/>\nKo\u00f3s-Hut\u00e1s \u00c1ron \u2013 sz\u00e1rnyk\u00fcrt (B2)<br \/>\nKov\u00e1cs Ferenc \u2013 heged\u0171, trombita<br \/>\nMuck Ferenc \u2013 szaxofon<br \/>\nNagy J\u00e1nos \u2013 billenty\u0171s hangszerek (B3)<br \/>\nSipos Andr\u00e1s \u2013 \u00e9nek, \u00fct\u0151hangszerek<br \/>\nSteve Hackett \u2013 elektromos git\u00e1r (B4)[\/vc_column_text][vc_separator][vc_column_text]<\/p>\n<p class=\"title style-scope ytd-video-primary-info-renderer\"><strong>Djabe: Hagar Qim (Official video)<\/strong><\/p>\n<p>[\/vc_column_text][vc_video link=&#8221;https:\/\/www.youtube.com\/watch?v=GijNdMvTZbc&#8221; el_width=&#8221;90&#8243; align=&#8221;center&#8221;][vc_empty_space][vc_column_text]<\/p>\n<p class=\"title style-scope ytd-video-primary-info-renderer\"><strong>Djabe: Leaving The Desert (Official Video)<\/strong><\/p>\n<p>[\/vc_column_text][vc_video link=&#8221;https:\/\/www.youtube.com\/watch?v=Jnvsvw1zNh0&#8243; el_width=&#8221;90&#8243; align=&#8221;center&#8221;][\/vc_column][\/vc_row]<\/p>","protected":false},"excerpt":{"rendered":"<p>140 gr \u00e1tl\u00e1tsz\u00f3 s\u00e1rga vinyl &#8211; Quality Vinyl Projects<\/p>\n<p><strong>Megjelen\u00e9s: 2021. november 25.<\/strong><\/p>\n","protected":false},"featured_media":6545,"template":"","meta":[],"product_brand":[],"product_cat":[91],"product_tag":[],"class_list":{"0":"post-6541","1":"product","2":"type-product","3":"status-publish","4":"has-post-thumbnail","6":"product_cat-lp","7":"yith_product_brand-djabe","8":"col-12 col-sm-6 col-md-4","10":"first","11":"instock","12":"featured","13":"shipping-taxable","14":"purchasable","15":"product-type-simple"},"yoast_head":"<!-- This site is optimized with the Yoast SEO plugin v27.3 - https:\/\/yoast.com\/product\/yoast-seo-wordpress\/ -->\n<title>Djabe First Album Revisited (LP) YELLOW &#8211; GR1993 Records<\/title>\n<meta name=\"robots\" content=\"index, follow, max-snippet:-1, max-image-preview:large, max-video-preview:-1\" \/>\n<link rel=\"canonical\" href=\"https:\/\/gr1993records.com\/index.php\/product\/djabe-first-album-revisited-lp-yellow\/\" \/>\n<meta property=\"og:locale\" content=\"hu_HU\" \/>\n<meta property=\"og:type\" content=\"article\" \/>\n<meta property=\"og:title\" content=\"Djabe First Album Revisited (LP) YELLOW &#8211; GR1993 Records\" \/>\n<meta property=\"og:description\" content=\"[:hu]140 gr \u00e1tl\u00e1tsz\u00f3 s\u00e1rga vinyl - Quality Vinyl Projects  Megjelen\u00e9s: 2021. november 25.[:en]140 gr transparent yellow vinyl by Quality Vinyl Projects  Release date: 25 November, 2021[:]\" \/>\n<meta property=\"og:url\" content=\"https:\/\/gr1993records.com\/index.php\/product\/djabe-first-album-revisited-lp-yellow\/\" \/>\n<meta property=\"og:site_name\" content=\"GR1993 Records\" \/>\n<meta property=\"article:publisher\" content=\"https:\/\/www.facebook.com\/GR1993Records-113564886691383\/\" \/>\n<meta property=\"article:modified_time\" content=\"2026-03-31T08:53:09+00:00\" \/>\n<meta property=\"og:image\" content=\"https:\/\/gr1993records.com\/wp-content\/uploads\/2021\/10\/Djabe_First_Album_Revisited_LP_Mock-up_v1.png\" \/>\n\t<meta property=\"og:image:width\" content=\"2200\" \/>\n\t<meta property=\"og:image:height\" content=\"1014\" \/>\n\t<meta property=\"og:image:type\" content=\"image\/png\" \/>\n<meta name=\"twitter:card\" content=\"summary_large_image\" \/>\n<meta name=\"twitter:image\" content=\"https:\/\/gr1993records.com\/wp-content\/uploads\/2021\/10\/Djabe_First_Album_Revisited_LP_Mock-up_v1.png\" \/>\n<meta name=\"twitter:label1\" content=\"Becs\u00fclt olvas\u00e1si id\u0151\" \/>\n\t<meta name=\"twitter:data1\" content=\"3 perc\" \/>\n<script type=\"application\/ld+json\" class=\"yoast-schema-graph\">{\"@context\":\"https:\\\/\\\/schema.org\",\"@graph\":[{\"@type\":\"WebPage\",\"@id\":\"https:\\\/\\\/gr1993records.com\\\/index.php\\\/product\\\/djabe-first-album-revisited-lp-yellow\\\/\",\"url\":\"https:\\\/\\\/gr1993records.com\\\/index.php\\\/product\\\/djabe-first-album-revisited-lp-yellow\\\/\",\"name\":\"Djabe First Album Revisited (LP) YELLOW &#8211; GR1993 Records\",\"isPartOf\":{\"@id\":\"https:\\\/\\\/gr1993records.com\\\/#website\"},\"primaryImageOfPage\":{\"@id\":\"https:\\\/\\\/gr1993records.com\\\/index.php\\\/product\\\/djabe-first-album-revisited-lp-yellow\\\/#primaryimage\"},\"image\":{\"@id\":\"https:\\\/\\\/gr1993records.com\\\/index.php\\\/product\\\/djabe-first-album-revisited-lp-yellow\\\/#primaryimage\"},\"thumbnailUrl\":\"https:\\\/\\\/gr1993records.com\\\/wp-content\\\/uploads\\\/2021\\\/10\\\/kiadvany_djabe_first_album_revisited_lp_front-1.jpg\",\"datePublished\":\"2021-10-11T08:49:03+00:00\",\"dateModified\":\"2026-03-31T08:53:09+00:00\",\"breadcrumb\":{\"@id\":\"https:\\\/\\\/gr1993records.com\\\/index.php\\\/product\\\/djabe-first-album-revisited-lp-yellow\\\/#breadcrumb\"},\"inLanguage\":\"hu\",\"potentialAction\":[{\"@type\":\"ReadAction\",\"target\":[\"https:\\\/\\\/gr1993records.com\\\/index.php\\\/product\\\/djabe-first-album-revisited-lp-yellow\\\/\"]}]},{\"@type\":\"ImageObject\",\"inLanguage\":\"hu\",\"@id\":\"https:\\\/\\\/gr1993records.com\\\/index.php\\\/product\\\/djabe-first-album-revisited-lp-yellow\\\/#primaryimage\",\"url\":\"https:\\\/\\\/gr1993records.com\\\/wp-content\\\/uploads\\\/2021\\\/10\\\/kiadvany_djabe_first_album_revisited_lp_front-1.jpg\",\"contentUrl\":\"https:\\\/\\\/gr1993records.com\\\/wp-content\\\/uploads\\\/2021\\\/10\\\/kiadvany_djabe_first_album_revisited_lp_front-1.jpg\",\"width\":1000,\"height\":1000},{\"@type\":\"BreadcrumbList\",\"@id\":\"https:\\\/\\\/gr1993records.com\\\/index.php\\\/product\\\/djabe-first-album-revisited-lp-yellow\\\/#breadcrumb\",\"itemListElement\":[{\"@type\":\"ListItem\",\"position\":1,\"name\":\"Home\",\"item\":\"https:\\\/\\\/gr1993records.com\\\/\"},{\"@type\":\"ListItem\",\"position\":2,\"name\":\"Kiadv\u00e1nyok\",\"item\":\"https:\\\/\\\/gr1993records.com\\\/index.php\\\/shop\\\/\"},{\"@type\":\"ListItem\",\"position\":3,\"name\":\"Djabe First Album Revisited (LP) YELLOW\"}]},{\"@type\":\"WebSite\",\"@id\":\"https:\\\/\\\/gr1993records.com\\\/#website\",\"url\":\"https:\\\/\\\/gr1993records.com\\\/\",\"name\":\"GR1993 Records\",\"description\":\"\",\"publisher\":{\"@id\":\"https:\\\/\\\/gr1993records.com\\\/#organization\"},\"potentialAction\":[{\"@type\":\"SearchAction\",\"target\":{\"@type\":\"EntryPoint\",\"urlTemplate\":\"https:\\\/\\\/gr1993records.com\\\/?s={search_term_string}\"},\"query-input\":{\"@type\":\"PropertyValueSpecification\",\"valueRequired\":true,\"valueName\":\"search_term_string\"}}],\"inLanguage\":\"hu\"},{\"@type\":\"Organization\",\"@id\":\"https:\\\/\\\/gr1993records.com\\\/#organization\",\"name\":\"Gramy-H Ltd.\",\"url\":\"https:\\\/\\\/gr1993records.com\\\/\",\"logo\":{\"@type\":\"ImageObject\",\"inLanguage\":\"hu\",\"@id\":\"https:\\\/\\\/gr1993records.com\\\/#\\\/schema\\\/logo\\\/image\\\/\",\"url\":\"https:\\\/\\\/gr1993records.com\\\/wp-content\\\/uploads\\\/2019\\\/08\\\/GR1993_Records_logo_CC.png\",\"contentUrl\":\"https:\\\/\\\/gr1993records.com\\\/wp-content\\\/uploads\\\/2019\\\/08\\\/GR1993_Records_logo_CC.png\",\"width\":2900,\"height\":2001,\"caption\":\"Gramy-H Ltd.\"},\"image\":{\"@id\":\"https:\\\/\\\/gr1993records.com\\\/#\\\/schema\\\/logo\\\/image\\\/\"},\"sameAs\":[\"https:\\\/\\\/www.facebook.com\\\/GR1993Records-113564886691383\\\/\"]}]}<\/script>\n<!-- \/ Yoast SEO plugin. -->","yoast_head_json":{"title":"Djabe First Album Revisited (LP) YELLOW &#8211; GR1993 Records","robots":{"index":"index","follow":"follow","max-snippet":"max-snippet:-1","max-image-preview":"max-image-preview:large","max-video-preview":"max-video-preview:-1"},"canonical":"https:\/\/gr1993records.com\/index.php\/product\/djabe-first-album-revisited-lp-yellow\/","og_locale":"hu_HU","og_type":"article","og_title":"Djabe First Album Revisited (LP) YELLOW &#8211; GR1993 Records","og_description":"[:hu]140 gr \u00e1tl\u00e1tsz\u00f3 s\u00e1rga vinyl - Quality Vinyl Projects  Megjelen\u00e9s: 2021. november 25.[:en]140 gr transparent yellow vinyl by Quality Vinyl Projects  Release date: 25 November, 2021[:]","og_url":"https:\/\/gr1993records.com\/index.php\/product\/djabe-first-album-revisited-lp-yellow\/","og_site_name":"GR1993 Records","article_publisher":"https:\/\/www.facebook.com\/GR1993Records-113564886691383\/","article_modified_time":"2026-03-31T08:53:09+00:00","og_image":[{"width":2200,"height":1014,"url":"https:\/\/gr1993records.com\/wp-content\/uploads\/2021\/10\/Djabe_First_Album_Revisited_LP_Mock-up_v1.png","type":"image\/png"}],"twitter_card":"summary_large_image","twitter_image":"https:\/\/gr1993records.com\/wp-content\/uploads\/2021\/10\/Djabe_First_Album_Revisited_LP_Mock-up_v1.png","twitter_misc":{"Becs\u00fclt olvas\u00e1si id\u0151":"3 perc"},"schema":{"@context":"https:\/\/schema.org","@graph":[{"@type":"WebPage","@id":"https:\/\/gr1993records.com\/index.php\/product\/djabe-first-album-revisited-lp-yellow\/","url":"https:\/\/gr1993records.com\/index.php\/product\/djabe-first-album-revisited-lp-yellow\/","name":"Djabe First Album Revisited (LP) YELLOW &#8211; GR1993 Records","isPartOf":{"@id":"https:\/\/gr1993records.com\/#website"},"primaryImageOfPage":{"@id":"https:\/\/gr1993records.com\/index.php\/product\/djabe-first-album-revisited-lp-yellow\/#primaryimage"},"image":{"@id":"https:\/\/gr1993records.com\/index.php\/product\/djabe-first-album-revisited-lp-yellow\/#primaryimage"},"thumbnailUrl":"https:\/\/gr1993records.com\/wp-content\/uploads\/2021\/10\/kiadvany_djabe_first_album_revisited_lp_front-1.jpg","datePublished":"2021-10-11T08:49:03+00:00","dateModified":"2026-03-31T08:53:09+00:00","breadcrumb":{"@id":"https:\/\/gr1993records.com\/index.php\/product\/djabe-first-album-revisited-lp-yellow\/#breadcrumb"},"inLanguage":"hu","potentialAction":[{"@type":"ReadAction","target":["https:\/\/gr1993records.com\/index.php\/product\/djabe-first-album-revisited-lp-yellow\/"]}]},{"@type":"ImageObject","inLanguage":"hu","@id":"https:\/\/gr1993records.com\/index.php\/product\/djabe-first-album-revisited-lp-yellow\/#primaryimage","url":"https:\/\/gr1993records.com\/wp-content\/uploads\/2021\/10\/kiadvany_djabe_first_album_revisited_lp_front-1.jpg","contentUrl":"https:\/\/gr1993records.com\/wp-content\/uploads\/2021\/10\/kiadvany_djabe_first_album_revisited_lp_front-1.jpg","width":1000,"height":1000},{"@type":"BreadcrumbList","@id":"https:\/\/gr1993records.com\/index.php\/product\/djabe-first-album-revisited-lp-yellow\/#breadcrumb","itemListElement":[{"@type":"ListItem","position":1,"name":"Home","item":"https:\/\/gr1993records.com\/"},{"@type":"ListItem","position":2,"name":"Kiadv\u00e1nyok","item":"https:\/\/gr1993records.com\/index.php\/shop\/"},{"@type":"ListItem","position":3,"name":"Djabe First Album Revisited (LP) YELLOW"}]},{"@type":"WebSite","@id":"https:\/\/gr1993records.com\/#website","url":"https:\/\/gr1993records.com\/","name":"GR1993 Records","description":"","publisher":{"@id":"https:\/\/gr1993records.com\/#organization"},"potentialAction":[{"@type":"SearchAction","target":{"@type":"EntryPoint","urlTemplate":"https:\/\/gr1993records.com\/?s={search_term_string}"},"query-input":{"@type":"PropertyValueSpecification","valueRequired":true,"valueName":"search_term_string"}}],"inLanguage":"hu"},{"@type":"Organization","@id":"https:\/\/gr1993records.com\/#organization","name":"Gramy-H Ltd.","url":"https:\/\/gr1993records.com\/","logo":{"@type":"ImageObject","inLanguage":"hu","@id":"https:\/\/gr1993records.com\/#\/schema\/logo\/image\/","url":"https:\/\/gr1993records.com\/wp-content\/uploads\/2019\/08\/GR1993_Records_logo_CC.png","contentUrl":"https:\/\/gr1993records.com\/wp-content\/uploads\/2019\/08\/GR1993_Records_logo_CC.png","width":2900,"height":2001,"caption":"Gramy-H Ltd."},"image":{"@id":"https:\/\/gr1993records.com\/#\/schema\/logo\/image\/"},"sameAs":["https:\/\/www.facebook.com\/GR1993Records-113564886691383\/"]}]}},"jetpack_sharing_enabled":true,"_links":{"self":[{"href":"https:\/\/gr1993records.com\/index.php\/wp-json\/wp\/v2\/product\/6541","targetHints":{"allow":["GET"]}}],"collection":[{"href":"https:\/\/gr1993records.com\/index.php\/wp-json\/wp\/v2\/product"}],"about":[{"href":"https:\/\/gr1993records.com\/index.php\/wp-json\/wp\/v2\/types\/product"}],"wp:featuredmedia":[{"embeddable":true,"href":"https:\/\/gr1993records.com\/index.php\/wp-json\/wp\/v2\/media\/6545"}],"wp:attachment":[{"href":"https:\/\/gr1993records.com\/index.php\/wp-json\/wp\/v2\/media?parent=6541"}],"wp:term":[{"taxonomy":"product_brand","embeddable":true,"href":"https:\/\/gr1993records.com\/index.php\/wp-json\/wp\/v2\/product_brand?post=6541"},{"taxonomy":"product_cat","embeddable":true,"href":"https:\/\/gr1993records.com\/index.php\/wp-json\/wp\/v2\/product_cat?post=6541"},{"taxonomy":"product_tag","embeddable":true,"href":"https:\/\/gr1993records.com\/index.php\/wp-json\/wp\/v2\/product_tag?post=6541"}],"curies":[{"name":"wp","href":"https:\/\/api.w.org\/{rel}","templated":true}]}}