{"id":6536,"date":"2021-10-11T10:04:04","date_gmt":"2021-10-11T08:04:04","guid":{"rendered":"https:\/\/gr1993records.com\/?post_type=product&#038;p=6536"},"modified":"2026-03-31T10:53:21","modified_gmt":"2026-03-31T08:53:21","slug":"djabe-first-album-revisited-25th-annyversary-box-set-2cd-dvd","status":"publish","type":"product","link":"https:\/\/gr1993records.com\/product\/djabe-first-album-revisited-25th-annyversary-box-set-2cd-dvd\/","title":{"rendered":"Djabe <br\/> First Album Revisited <br\/>25th Anniversary box-set <br\/>(2CD+DVD)"},"content":{"rendered":"<p>[vc_row][vc_column][vc_column_text]Djabe released their first CD in November 1996.<br \/>\nOn the occasion of its 25th anniversary, the band will surprise fans with a 3-disc expanded reissue.<\/p>\n<p>The first Djabe album, recorded between June 1995 and September 1996, was already noticed by both the audience and the professional scene. It was created by the two founders of Djabe, percussionist Andr\u00e1s Sipos (1954 \u2013 2007) and guitarist Attila \u00c9gerh\u00e1zi. They were joined by Tibor Karvaly, a violinist from the former Novus Jam band of \u00c9gerh\u00e1zi and Sipos, for the recordings. Among the invited musicians were Ferenc Muck saxophonist, bassist Tam\u00e1s Barab\u00e1s and trumpet and violin player Ferenc Kov\u00e1cs. From the criticisms of the time, the opinion of the American writer Mike Ezzo should be highlighted, who predicted, right from the first album, that Djabe would achieve significant success and a great career internationally. And he was right.<br \/>\nIn recent years, Djabe released successive versions of the first records of its career, in both refurbished, remixed LP and surround sound. On the part of the band\u2019s fans, both at home and abroad, there was a demand for vinyl and surround releases related to the first album. The possibility of renovation first arose in 2016, when Tibor Karvaly joined the line-up of the Djabe20 anniversary concert. There were also two tracks from the first CD that Djabe had never performed live before: Hagar Qim and D\u00e9j\u00e0 Vu.<br \/>\nAttila \u00c9gerh\u00e1zi searched the archive for the original multitrack tapes, which had to be \u201cbaked\u201d in the Abbey Road Studio in London, i.e. made playable again.<br \/>\nStudio work began at the time of the COVID-related closures. Attila \u00c9gerh\u00e1zi and Tibor Karvaly worked on the material for 8 months, joined by Ferenc Muck and Tam\u00e1s Barab\u00e1s for the last 3 months.[\/vc_column_text][vc_single_image image=&#8221;6540&#8243; img_size=&#8221;full&#8221; alignment=&#8221;center&#8221;][vc_column_text]<strong>CD1 \u2013 Refreshed<\/strong><br \/>\nAttila and Tibor located the multitrack recordings of all the tracks on the original CD and refreshed them. They accurately modelled the original mix balance and then re-edited the pieces in places if they saw fit. Some tracks recorded during the original sessions but not audible in the mix were also used. In a few a compositions in which they were bothered by an inappropriate note for the last 25 years, an issue now corrected. They didn\u2019t have their own studio 25 years ago, so they often had to compromise because they slipped out of time. In case of the songs November and Demon, Ferenc Muck also recorded new saxophone tracks for similar reason. The CD, which was updated and remixed and mastered by Tam\u00e1s Barab\u00e1s in the end, was named Refreshed.[\/vc_column_text][vc_column_text]<strong>CD2 \u2013 Then &amp; Now<\/strong><br \/>\nHowever, the project did not stopped there. Several unused tracks were found on the multitrack tapes, which, now taking advantage of the unbound opportunity provided by their own studio, were finalized. The current members of Djabe, \u00c1ron Ko\u00f3s-Hut\u00e1s (flugelhorn), P\u00e9ter Kasz\u00e1s (drums), J\u00e1nos Nagy (keyboards) also played on these recordings, such as Pier 95 and Sunrays.<br \/>\nTam\u00e1s also composed a new composition based on Sipi\u2019s original and unused drum and vocal recordings, which became We Are Okay.<br \/>\nAn old-new composition, Lost In The Desert, was also written around a fantastic unused violin solo by Ferenc Kov\u00e1cs, in which a previously recorded guitar solo by Steve Hackett and Sipi\u2019s vocal track can also be heard. Of course, Attila \u00c9gerh\u00e1zi, Tibor Karvaly, Tam\u00e1s Barab\u00e1s and Ferenc Muck also contribute to these two compositions.<br \/>\nOn the second CD we can hear a renewed recording by \u00c9gerh\u00e1zi, Karvaly, and Gesztelyi-Nagy Judit; Fragments, from 1993. On the album also can be heard Sipi\u2019s 1995 conga solo titled Sipi Falls and three recordings from the first Djabe concert ever. These were recorded on April 7, 1997 in Budapest, with a line-up of \u00c9gerh\u00e1zi, Sipos, Muck, and Barab\u00e1s.<br \/>\nOne of the greatest delicacies of the album is Andr\u00e1s Sipos\u2019 15-minute djembe solo, which, moreover, is not a concert, but a studio recording.<br \/>\n\u00c9gerh\u00e1zi has a rarely played in live guitar piece titled Venezia. A version of it from the Pecsa gig recording made in 2006, is also featured on the Then &amp; Now. The second CD from the 2016 Djabe20 concert closes by Hagar Qim and D\u00e9j\u00e1 Vu.[\/vc_column_text][vc_column_text]<strong>DVD \u2013 Surrounded<\/strong><br \/>\nThe third disc is a DVD featuring the full original album and the old-new tracks in both 24 bit\/96k Hz high-definition stereo and 24\/96 DTS surround versions of. The album concludes with three concert video recordings from the Djabe20 concert. In addition to those already mentioned, Distant Dance is the last on the DVD. This is not featured on CD 2.<br \/>\nOf course, the second CD and the DVD were mixed by Tam\u00e1s Barab\u00e1s, working close with Attila \u00c9gerh\u00e1zi, the producer of the album.<br \/>\nResults speak for themselfes![\/vc_column_text][vc_column_text]<strong>Slipcase<\/strong><br \/>\nThe 3 discs come in a separate paper case in a collection box, which also includes a 72-page booklet. Tibor and Attila updated the material in the accompanying booklet of the 1996 original CD, retaining its artistic design. In addition to detailed information on the tracks, the small booklet also includes the history and origins of the album, members\u2019 recollections of current works, and track by track analysis. The material, illustrated with many photos, is closed by the recommendation of L\u00e1szl\u00f3 N. G\u00f6b\u00f6ly\u00f6s.[\/vc_column_text][vc_separator][vc_column_text]<strong>Musicians featured on the album<\/strong><br \/>\nSzil\u00e1rd Banai \u2013 drums (CD2)<br \/>\nTam\u00e1s Barab\u00e1s \u2013 bass guitar<br \/>\nAttila \u00c9gerh\u00e1zi \u2013 guitar, percussion, effects<br \/>\nJudit Gesztelyi-Nagy \u2013 flute, schakuhachi<br \/>\nGulli Briem \u2013 drums (CD2)<br \/>\nTibor Karvaly \u2013violin, keyboards, percussion, treble recorder<br \/>\nP\u00e9ter Kasz\u00e1s\u2013 drums (CD2)<br \/>\n\u00c1ron Ko\u00f3s-Hut\u00e1s \u2013 flugelhorn (CD2)<br \/>\nFerenc Kov\u00e1cs \u2013 violin, trumpet<br \/>\nZolt\u00e1n Kov\u00e1cs \u2013 keyboards (CD2)<br \/>\nTibor M\u00f3ty\u00e1n \u2013 tabla (CD2)<br \/>\nFerenc Muck \u2013 saxophone<br \/>\nJ\u00e1nos Nagy\u2013 keyboards (CD2)<br \/>\nTam\u00e1s R\u00e1cz \u2013 guitar<br \/>\nAndr\u00e1s Sipos \u2013 vocal, percussion<br \/>\nSteve Hackett \u2013 electric guitar (CD2)[\/vc_column_text][vc_separator][vc_column_text]<\/p>\n<p class=\"title style-scope ytd-video-primary-info-renderer\"><strong>Djabe: Hagar Qim (Official video)<\/strong><\/p>\n<p>[\/vc_column_text][vc_video link=&#8221;https:\/\/www.youtube.com\/watch?v=GijNdMvTZbc&#8221; align=&#8221;center&#8221;][vc_empty_space][vc_column_text]<\/p>\n<p class=\"title style-scope ytd-video-primary-info-renderer\"><strong>Djabe: Leaving The Desert (Official Video)<\/strong><\/p>\n<p>[\/vc_column_text][vc_video link=&#8221;https:\/\/www.youtube.com\/watch?v=Jnvsvw1zNh0&#8243; align=&#8221;center&#8221;][\/vc_column][\/vc_row]<\/p>","protected":false},"excerpt":{"rendered":"<p>2CD+DVD in separate wallets with 72-page booklet inserted in slipcase.<br \/>\nCD1 \u2013 Refreshed<br \/>\nCD2 \u2013 Then &amp; Now<br \/>\nDVD \u2013 Surrounded<\/p>\n<p><strong>Release date: 25 November, 2021<\/strong><\/p>\n","protected":false},"featured_media":6539,"template":"","meta":[],"product_brand":[],"product_cat":[92,93],"product_tag":[],"class_list":{"0":"post-6536","1":"product","2":"type-product","3":"status-publish","4":"has-post-thumbnail","6":"product_cat-cd","7":"product_cat-dvd","8":"yith_product_brand-djabe","9":"col-12 col-sm-6 col-md-4","11":"first","12":"instock","13":"featured","14":"shipping-taxable","15":"purchasable","16":"product-type-simple"},"yoast_head":"<!-- This site is optimized with the Yoast SEO plugin v27.5 - https:\/\/yoast.com\/product\/yoast-seo-wordpress\/ -->\n<title>Djabe  First Album Revisited 25th Anniversary box-set (2CD+DVD) &#8211; GR1993 Records<\/title>\n<meta name=\"robots\" content=\"index, follow, max-snippet:-1, max-image-preview:large, max-video-preview:-1\" \/>\n<link rel=\"canonical\" href=\"https:\/\/gr1993records.com\/product\/djabe-first-album-revisited-25th-annyversary-box-set-2cd-dvd\/\" \/>\n<meta property=\"og:locale\" content=\"en_US\" \/>\n<meta property=\"og:type\" content=\"article\" \/>\n<meta property=\"og:title\" content=\"Djabe  First Album Revisited 25th Anniversary box-set (2CD+DVD) &#8211; GR1993 Records\" \/>\n<meta property=\"og:description\" content=\"[:hu]2CD+DVD k\u00fcl\u00f6n\u00e1ll\u00f3 tokokban, 72 oldalas booklettel, tart\u00f3dobozban CD1 \u2013 Refreshed CD2 \u2013 Then &amp; Now DVD \u2013 Surrounded  Megjelen\u00e9s: 2021. november 25.[:en]2CD+DVD in separate wallets with 72-page booklet inserted in slipcase. CD1 \u2013 Refreshed CD2 \u2013 Then &amp; Now DVD \u2013 Surrounded  Release date: 25 November, 2021[:]\" \/>\n<meta property=\"og:url\" content=\"https:\/\/gr1993records.com\/product\/djabe-first-album-revisited-25th-annyversary-box-set-2cd-dvd\/\" \/>\n<meta property=\"og:site_name\" content=\"GR1993 Records\" \/>\n<meta property=\"article:publisher\" content=\"https:\/\/www.facebook.com\/GR1993Records-113564886691383\/\" \/>\n<meta property=\"article:modified_time\" content=\"2026-03-31T08:53:21+00:00\" \/>\n<meta property=\"og:image\" content=\"https:\/\/gr1993records.com\/wp-content\/uploads\/2021\/10\/Djabe_First_Album_Revisited_3D_mockup_v1_4.jpg\" \/>\n\t<meta property=\"og:image:width\" content=\"1920\" \/>\n\t<meta property=\"og:image:height\" content=\"1080\" \/>\n\t<meta property=\"og:image:type\" content=\"image\/jpeg\" \/>\n<meta name=\"twitter:card\" content=\"summary_large_image\" \/>\n<meta name=\"twitter:image\" content=\"https:\/\/gr1993records.com\/wp-content\/uploads\/2021\/10\/Djabe_First_Album_Revisited_3D_mockup_v1_4.jpg\" \/>\n<meta name=\"twitter:label1\" content=\"Est. reading time\" \/>\n\t<meta name=\"twitter:data1\" content=\"5 minutes\" \/>\n<script type=\"application\/ld+json\" class=\"yoast-schema-graph\">{\"@context\":\"https:\\\/\\\/schema.org\",\"@graph\":[{\"@type\":\"WebPage\",\"@id\":\"https:\\\/\\\/gr1993records.com\\\/product\\\/djabe-first-album-revisited-25th-annyversary-box-set-2cd-dvd\\\/\",\"url\":\"https:\\\/\\\/gr1993records.com\\\/product\\\/djabe-first-album-revisited-25th-annyversary-box-set-2cd-dvd\\\/\",\"name\":\"Djabe First Album Revisited 25th Anniversary box-set (2CD+DVD) &#8211; GR1993 Records\",\"isPartOf\":{\"@id\":\"https:\\\/\\\/gr1993records.com\\\/#website\"},\"primaryImageOfPage\":{\"@id\":\"https:\\\/\\\/gr1993records.com\\\/product\\\/djabe-first-album-revisited-25th-annyversary-box-set-2cd-dvd\\\/#primaryimage\"},\"image\":{\"@id\":\"https:\\\/\\\/gr1993records.com\\\/product\\\/djabe-first-album-revisited-25th-annyversary-box-set-2cd-dvd\\\/#primaryimage\"},\"thumbnailUrl\":\"https:\\\/\\\/gr1993records.com\\\/wp-content\\\/uploads\\\/2021\\\/10\\\/kiadvany_djabe_first_album_revisited_front.jpg\",\"datePublished\":\"2021-10-11T08:04:04+00:00\",\"dateModified\":\"2026-03-31T08:53:21+00:00\",\"breadcrumb\":{\"@id\":\"https:\\\/\\\/gr1993records.com\\\/product\\\/djabe-first-album-revisited-25th-annyversary-box-set-2cd-dvd\\\/#breadcrumb\"},\"inLanguage\":\"en-US\",\"potentialAction\":[{\"@type\":\"ReadAction\",\"target\":[\"https:\\\/\\\/gr1993records.com\\\/product\\\/djabe-first-album-revisited-25th-annyversary-box-set-2cd-dvd\\\/\"]}]},{\"@type\":\"ImageObject\",\"inLanguage\":\"en-US\",\"@id\":\"https:\\\/\\\/gr1993records.com\\\/product\\\/djabe-first-album-revisited-25th-annyversary-box-set-2cd-dvd\\\/#primaryimage\",\"url\":\"https:\\\/\\\/gr1993records.com\\\/wp-content\\\/uploads\\\/2021\\\/10\\\/kiadvany_djabe_first_album_revisited_front.jpg\",\"contentUrl\":\"https:\\\/\\\/gr1993records.com\\\/wp-content\\\/uploads\\\/2021\\\/10\\\/kiadvany_djabe_first_album_revisited_front.jpg\",\"width\":1000,\"height\":1000,\"caption\":\"Djabe First Album Revisited 25th Anniversary box-set (2CD+DVD)\"},{\"@type\":\"BreadcrumbList\",\"@id\":\"https:\\\/\\\/gr1993records.com\\\/product\\\/djabe-first-album-revisited-25th-annyversary-box-set-2cd-dvd\\\/#breadcrumb\",\"itemListElement\":[{\"@type\":\"ListItem\",\"position\":1,\"name\":\"Home\",\"item\":\"https:\\\/\\\/gr1993records.com\\\/?lang=en\"},{\"@type\":\"ListItem\",\"position\":2,\"name\":\"Releases\",\"item\":\"https:\\\/\\\/gr1993records.com\\\/shop\\\/?lang=en\"},{\"@type\":\"ListItem\",\"position\":3,\"name\":\"Djabe First Album Revisited 25th Anniversary box-set (2CD+DVD)\"}]},{\"@type\":\"WebSite\",\"@id\":\"https:\\\/\\\/gr1993records.com\\\/#website\",\"url\":\"https:\\\/\\\/gr1993records.com\\\/\",\"name\":\"GR1993 Records\",\"description\":\"\",\"publisher\":{\"@id\":\"https:\\\/\\\/gr1993records.com\\\/#organization\"},\"potentialAction\":[{\"@type\":\"SearchAction\",\"target\":{\"@type\":\"EntryPoint\",\"urlTemplate\":\"https:\\\/\\\/gr1993records.com\\\/?s={search_term_string}\"},\"query-input\":{\"@type\":\"PropertyValueSpecification\",\"valueRequired\":true,\"valueName\":\"search_term_string\"}}],\"inLanguage\":\"en-US\"},{\"@type\":\"Organization\",\"@id\":\"https:\\\/\\\/gr1993records.com\\\/#organization\",\"name\":\"Gramy-H Ltd.\",\"url\":\"https:\\\/\\\/gr1993records.com\\\/\",\"logo\":{\"@type\":\"ImageObject\",\"inLanguage\":\"en-US\",\"@id\":\"https:\\\/\\\/gr1993records.com\\\/#\\\/schema\\\/logo\\\/image\\\/\",\"url\":\"https:\\\/\\\/gr1993records.com\\\/wp-content\\\/uploads\\\/2019\\\/08\\\/GR1993_Records_logo_CC.png\",\"contentUrl\":\"https:\\\/\\\/gr1993records.com\\\/wp-content\\\/uploads\\\/2019\\\/08\\\/GR1993_Records_logo_CC.png\",\"width\":2900,\"height\":2001,\"caption\":\"Gramy-H Ltd.\"},\"image\":{\"@id\":\"https:\\\/\\\/gr1993records.com\\\/#\\\/schema\\\/logo\\\/image\\\/\"},\"sameAs\":[\"https:\\\/\\\/www.facebook.com\\\/GR1993Records-113564886691383\\\/\"]}]}<\/script>\n<!-- \/ Yoast SEO plugin. -->","yoast_head_json":{"title":"Djabe  First Album Revisited 25th Anniversary box-set (2CD+DVD) &#8211; GR1993 Records","robots":{"index":"index","follow":"follow","max-snippet":"max-snippet:-1","max-image-preview":"max-image-preview:large","max-video-preview":"max-video-preview:-1"},"canonical":"https:\/\/gr1993records.com\/product\/djabe-first-album-revisited-25th-annyversary-box-set-2cd-dvd\/","og_locale":"en_US","og_type":"article","og_title":"Djabe  First Album Revisited 25th Anniversary box-set (2CD+DVD) &#8211; GR1993 Records","og_description":"[:hu]2CD+DVD k\u00fcl\u00f6n\u00e1ll\u00f3 tokokban, 72 oldalas booklettel, tart\u00f3dobozban CD1 \u2013 Refreshed CD2 \u2013 Then &amp; Now DVD \u2013 Surrounded  Megjelen\u00e9s: 2021. november 25.[:en]2CD+DVD in separate wallets with 72-page booklet inserted in slipcase. CD1 \u2013 Refreshed CD2 \u2013 Then &amp; Now DVD \u2013 Surrounded  Release date: 25 November, 2021[:]","og_url":"https:\/\/gr1993records.com\/product\/djabe-first-album-revisited-25th-annyversary-box-set-2cd-dvd\/","og_site_name":"GR1993 Records","article_publisher":"https:\/\/www.facebook.com\/GR1993Records-113564886691383\/","article_modified_time":"2026-03-31T08:53:21+00:00","og_image":[{"width":1920,"height":1080,"url":"https:\/\/gr1993records.com\/wp-content\/uploads\/2021\/10\/Djabe_First_Album_Revisited_3D_mockup_v1_4.jpg","type":"image\/jpeg"}],"twitter_card":"summary_large_image","twitter_image":"https:\/\/gr1993records.com\/wp-content\/uploads\/2021\/10\/Djabe_First_Album_Revisited_3D_mockup_v1_4.jpg","twitter_misc":{"Est. reading time":"5 minutes"},"schema":{"@context":"https:\/\/schema.org","@graph":[{"@type":"WebPage","@id":"https:\/\/gr1993records.com\/product\/djabe-first-album-revisited-25th-annyversary-box-set-2cd-dvd\/","url":"https:\/\/gr1993records.com\/product\/djabe-first-album-revisited-25th-annyversary-box-set-2cd-dvd\/","name":"Djabe First Album Revisited 25th Anniversary box-set (2CD+DVD) &#8211; GR1993 Records","isPartOf":{"@id":"https:\/\/gr1993records.com\/#website"},"primaryImageOfPage":{"@id":"https:\/\/gr1993records.com\/product\/djabe-first-album-revisited-25th-annyversary-box-set-2cd-dvd\/#primaryimage"},"image":{"@id":"https:\/\/gr1993records.com\/product\/djabe-first-album-revisited-25th-annyversary-box-set-2cd-dvd\/#primaryimage"},"thumbnailUrl":"https:\/\/gr1993records.com\/wp-content\/uploads\/2021\/10\/kiadvany_djabe_first_album_revisited_front.jpg","datePublished":"2021-10-11T08:04:04+00:00","dateModified":"2026-03-31T08:53:21+00:00","breadcrumb":{"@id":"https:\/\/gr1993records.com\/product\/djabe-first-album-revisited-25th-annyversary-box-set-2cd-dvd\/#breadcrumb"},"inLanguage":"en-US","potentialAction":[{"@type":"ReadAction","target":["https:\/\/gr1993records.com\/product\/djabe-first-album-revisited-25th-annyversary-box-set-2cd-dvd\/"]}]},{"@type":"ImageObject","inLanguage":"en-US","@id":"https:\/\/gr1993records.com\/product\/djabe-first-album-revisited-25th-annyversary-box-set-2cd-dvd\/#primaryimage","url":"https:\/\/gr1993records.com\/wp-content\/uploads\/2021\/10\/kiadvany_djabe_first_album_revisited_front.jpg","contentUrl":"https:\/\/gr1993records.com\/wp-content\/uploads\/2021\/10\/kiadvany_djabe_first_album_revisited_front.jpg","width":1000,"height":1000,"caption":"Djabe First Album Revisited 25th Anniversary box-set (2CD+DVD)"},{"@type":"BreadcrumbList","@id":"https:\/\/gr1993records.com\/product\/djabe-first-album-revisited-25th-annyversary-box-set-2cd-dvd\/#breadcrumb","itemListElement":[{"@type":"ListItem","position":1,"name":"Home","item":"https:\/\/gr1993records.com\/?lang=en"},{"@type":"ListItem","position":2,"name":"Releases","item":"https:\/\/gr1993records.com\/shop\/?lang=en"},{"@type":"ListItem","position":3,"name":"Djabe First Album Revisited 25th Anniversary box-set (2CD+DVD)"}]},{"@type":"WebSite","@id":"https:\/\/gr1993records.com\/#website","url":"https:\/\/gr1993records.com\/","name":"GR1993 Records","description":"","publisher":{"@id":"https:\/\/gr1993records.com\/#organization"},"potentialAction":[{"@type":"SearchAction","target":{"@type":"EntryPoint","urlTemplate":"https:\/\/gr1993records.com\/?s={search_term_string}"},"query-input":{"@type":"PropertyValueSpecification","valueRequired":true,"valueName":"search_term_string"}}],"inLanguage":"en-US"},{"@type":"Organization","@id":"https:\/\/gr1993records.com\/#organization","name":"Gramy-H Ltd.","url":"https:\/\/gr1993records.com\/","logo":{"@type":"ImageObject","inLanguage":"en-US","@id":"https:\/\/gr1993records.com\/#\/schema\/logo\/image\/","url":"https:\/\/gr1993records.com\/wp-content\/uploads\/2019\/08\/GR1993_Records_logo_CC.png","contentUrl":"https:\/\/gr1993records.com\/wp-content\/uploads\/2019\/08\/GR1993_Records_logo_CC.png","width":2900,"height":2001,"caption":"Gramy-H Ltd."},"image":{"@id":"https:\/\/gr1993records.com\/#\/schema\/logo\/image\/"},"sameAs":["https:\/\/www.facebook.com\/GR1993Records-113564886691383\/"]}]}},"jetpack_sharing_enabled":true,"_links":{"self":[{"href":"https:\/\/gr1993records.com\/wp-json\/wp\/v2\/product\/6536","targetHints":{"allow":["GET"]}}],"collection":[{"href":"https:\/\/gr1993records.com\/wp-json\/wp\/v2\/product"}],"about":[{"href":"https:\/\/gr1993records.com\/wp-json\/wp\/v2\/types\/product"}],"wp:featuredmedia":[{"embeddable":true,"href":"https:\/\/gr1993records.com\/wp-json\/wp\/v2\/media\/6539"}],"wp:attachment":[{"href":"https:\/\/gr1993records.com\/wp-json\/wp\/v2\/media?parent=6536"}],"wp:term":[{"taxonomy":"product_brand","embeddable":true,"href":"https:\/\/gr1993records.com\/wp-json\/wp\/v2\/product_brand?post=6536"},{"taxonomy":"product_cat","embeddable":true,"href":"https:\/\/gr1993records.com\/wp-json\/wp\/v2\/product_cat?post=6536"},{"taxonomy":"product_tag","embeddable":true,"href":"https:\/\/gr1993records.com\/wp-json\/wp\/v2\/product_tag?post=6536"}],"curies":[{"name":"wp","href":"https:\/\/api.w.org\/{rel}","templated":true}]}}