{"id":6345,"date":"2021-03-23T13:34:48","date_gmt":"2021-03-23T12:34:48","guid":{"rendered":"https:\/\/gr1993records.com\/?post_type=product&#038;p=6345"},"modified":"2026-03-31T10:54:16","modified_gmt":"2026-03-31T08:54:16","slug":"djabe-steve-hackett-the-journey-continues-2cd-dvd","status":"publish","type":"product","link":"https:\/\/gr1993records.com\/index.php\/product\/djabe-steve-hackett-the-journey-continues-2cd-dvd\/","title":{"rendered":"Djabe &#038; Steve Hackett <br\/>The Journey Continues <br\/>(2CD\/DVD)"},"content":{"rendered":"<p>[vc_row][vc_column][vc_column_text]2019-ben a Djabe &amp; Steve Hackett form\u00e1ci\u00f3 3 orsz\u00e1got \u00e9rint\u0151 turn\u00e9t bonyol\u00edtott le augusztus elej\u00e9n. A zenekar a ny\u00edregyh\u00e1zi z\u00e1r\u00f3koncertet r\u00f6gz\u00edtette. Ez a felv\u00e9tel ker\u00fcl most kiad\u00e1sra az angol Cherry Red Records gondoz\u00e1s\u00e1ban 2CD+DVD form\u00e1tumban.<\/p>\n<p>A koncerten Genesis, Steve Hackett, Djabe &amp; Steve Hackett \u00e9s Djabe kompoz\u00edci\u00f3k hangzottak el. A m\u0171sor gerinc\u00e9t a k\u00f6z\u00f6sen \u00edrt \u00e9s r\u00f6gz\u00edtett Life Is A Journey \u2013 The Sardinia Tapes \u00f6t kompoz\u00edci\u00f3ja adta. A set-list minden \u00e9vben tartalmaz olyan dalokat, melyeket m\u00e9g sohasem j\u00e1tszottak egy\u00fctt \u00e9l\u0151ben. Ilyen volt most a Genesis klasszikus Hairless Heart, \u00e9s k\u00e9t r\u00e9gebbi Djabe sz\u00e1m: a V\u00e1gta \u00e9s a New Words. A fell\u00e9p\u00e9s remek\u00fcl siker\u00fclt, Steve a k\u00f6vetkez\u0151ket \u00edrta blogj\u00e1ban a koncertr\u0151l: \u201eJ\u00f3l siker\u00fclt el\u0151ad\u00e1s volt, a Djabe nem mindennapi zenei tehets\u00e9g\u00e9t a k\u00f6z\u00f6ns\u00e9g nagyra \u00e9rt\u00e9kelte, mindenki kiv\u00e1l\u00f3 szellemis\u00e9gben, nagy kedvvel j\u00e1tszott.\u201d<\/p>\n<p>A 2CD\/DVD kiadv\u00e1ny a Cherry Red Records angol kiad\u00f3 Esoteric Antenna labelj\u00e9nek gondoz\u00e1s\u00e1ban jelenik meg vil\u00e1gszerte. A DVD sztereo \u00e9s 5.1-es DTS hangs\u00e1vot is tartalmaz, valamint b\u00f3nusz koncertvide\u00f3kat \u00e9s fot\u00f3gal\u00e9ri\u00e1t a 2019-es turn\u00e9r\u00f3l. A h\u00e1rom lemez 8 paneles digipak csomagol\u00e1sba ker\u00fcl 24 oldalas booklettel.[\/vc_column_text][vc_separator][vc_column_text]<strong>K\u00f6zrem\u0171k\u00f6d\u0151 el\u0151ad\u00f3k<\/strong><br \/>\nSteve Hackett \u2013 git\u00e1r, \u00e9nek<br \/>\nBarab\u00e1s Tam\u00e1s \u2013 basszusgit\u00e1r, \u00e9nek<br \/>\nAttila \u00c9gerh\u00e1zi \u2013 git\u00e1r, \u00fct\u0151hangszerek, \u00e9nek<br \/>\n\u00c1ron Ko\u00f3s-Hut\u00e1s \u2013 trombita, sz\u00e1rnyk\u00fcrt<br \/>\nJ\u00e1nos Nagy \u2013 billenty\u0171s hangszerek<br \/>\nP\u00e9ter Kasz\u00e1s \u2013 dobok, \u00e9nek, \u00fct\u0151hangszerek<br \/>\nGulli Briem \u2013 dobok (After Limoncello)[\/vc_column_text][\/vc_column][\/vc_row]<\/p>","protected":false},"excerpt":{"rendered":"<p><strong>2CD\/DVD, 8 oldalas DIGIPAK, 24 oldal booklet<\/strong><br \/>\nA 2CD\/DVD kiadv\u00e1ny a Cherry Red Records angol kiad\u00f3 Esoteric Antenna labelj\u00e9nek gondoz\u00e1s\u00e1ban jelenik meg vil\u00e1gszerte. A DVD sztereo \u00e9s 5.1-es DTS hangs\u00e1vot is tartalmaz, valamint b\u00f3nusz koncertvide\u00f3kat \u00e9s fot\u00f3gal\u00e9ri\u00e1t a 2019-es turn\u00e9r\u00f3l. A h\u00e1rom lemez 8 paneles digipak csomagol\u00e1sba ker\u00fcl 24 oldalas booklettel.<\/p>\n<p><img loading=\"lazy\" decoding=\"async\" class=\"wp-image-6024 alignnone\" src=\"https:\/\/gr1993records.com\/wp-content\/uploads\/2020\/10\/Cherry_Red_Records_logo-300x162.png\" alt=\"\" width=\"111\" height=\"60\" srcset=\"https:\/\/gr1993records.com\/wp-content\/uploads\/2020\/10\/Cherry_Red_Records_logo-300x165.png 300w, https:\/\/gr1993records.com\/wp-content\/uploads\/2020\/10\/Cherry_Red_Records_logo.png 305w\" sizes=\"auto, (max-width: 111px) 100vw, 111px\" \/><\/p>\n","protected":false},"featured_media":6351,"template":"","meta":[],"product_brand":[],"product_cat":[92,93],"product_tag":[],"class_list":{"0":"post-6345","1":"product","2":"type-product","3":"status-publish","4":"has-post-thumbnail","6":"product_cat-cd","7":"product_cat-dvd","8":"yith_product_brand-djabe","9":"yith_product_brand-steve-hackett","10":"col-12 col-sm-6 col-md-4","12":"first","13":"instock","14":"shipping-taxable","15":"purchasable","16":"product-type-simple"},"yoast_head":"<!-- This site is optimized with the Yoast SEO plugin v27.3 - https:\/\/yoast.com\/product\/yoast-seo-wordpress\/ -->\n<title>Djabe &amp; Steve Hackett The Journey Continues (2CD\/DVD) &#8211; GR1993 Records<\/title>\n<meta name=\"robots\" content=\"index, follow, max-snippet:-1, max-image-preview:large, max-video-preview:-1\" \/>\n<link rel=\"canonical\" href=\"https:\/\/gr1993records.com\/index.php\/product\/djabe-steve-hackett-the-journey-continues-2cd-dvd\/\" \/>\n<meta property=\"og:locale\" content=\"hu_HU\" \/>\n<meta property=\"og:type\" content=\"article\" \/>\n<meta property=\"og:title\" content=\"Djabe &amp; Steve Hackett The Journey Continues (2CD\/DVD) &#8211; GR1993 Records\" \/>\n<meta property=\"og:description\" content=\"2CD\/DVD, 8 oldalas DIGIPAK, 24 oldal booklet | Megjelen\u00e9s: 2021. m\u00e1jus 28.\" \/>\n<meta property=\"og:url\" content=\"https:\/\/gr1993records.com\/index.php\/product\/djabe-steve-hackett-the-journey-continues-2cd-dvd\/\" \/>\n<meta property=\"og:site_name\" content=\"GR1993 Records\" \/>\n<meta property=\"article:publisher\" content=\"https:\/\/www.facebook.com\/GR1993Records-113564886691383\/\" \/>\n<meta property=\"article:modified_time\" content=\"2026-03-31T08:54:16+00:00\" \/>\n<meta property=\"og:image\" content=\"https:\/\/gr1993records.com\/wp-content\/uploads\/2021\/03\/kiadvany_djabe_steve_hackett_digipack_EANTCD31090_front1.jpg\" \/>\n\t<meta property=\"og:image:width\" content=\"1000\" \/>\n\t<meta property=\"og:image:height\" content=\"1000\" \/>\n\t<meta property=\"og:image:type\" content=\"image\/jpeg\" \/>\n<meta name=\"twitter:card\" content=\"summary_large_image\" \/>\n<meta name=\"twitter:description\" content=\"2CD\/DVD, 8 oldalas DIGIPAK, 24 oldal booklet | Megjelen\u00e9s: 2021. m\u00e1jus 28.\" \/>\n<meta name=\"twitter:image\" content=\"https:\/\/gr1993records.com\/wp-content\/uploads\/2021\/03\/kiadvany_djabe_steve_hackett_digipack_EANTCD31090_front1.jpg\" \/>\n<meta name=\"twitter:label1\" content=\"Becs\u00fclt olvas\u00e1si id\u0151\" \/>\n\t<meta name=\"twitter:data1\" content=\"1 perc\" \/>\n<script type=\"application\/ld+json\" class=\"yoast-schema-graph\">{\"@context\":\"https:\\\/\\\/schema.org\",\"@graph\":[{\"@type\":\"WebPage\",\"@id\":\"https:\\\/\\\/gr1993records.com\\\/index.php\\\/product\\\/djabe-steve-hackett-the-journey-continues-2cd-dvd\\\/\",\"url\":\"https:\\\/\\\/gr1993records.com\\\/index.php\\\/product\\\/djabe-steve-hackett-the-journey-continues-2cd-dvd\\\/\",\"name\":\"Djabe & Steve Hackett The Journey Continues (2CD\\\/DVD) &#8211; GR1993 Records\",\"isPartOf\":{\"@id\":\"https:\\\/\\\/gr1993records.com\\\/#website\"},\"primaryImageOfPage\":{\"@id\":\"https:\\\/\\\/gr1993records.com\\\/index.php\\\/product\\\/djabe-steve-hackett-the-journey-continues-2cd-dvd\\\/#primaryimage\"},\"image\":{\"@id\":\"https:\\\/\\\/gr1993records.com\\\/index.php\\\/product\\\/djabe-steve-hackett-the-journey-continues-2cd-dvd\\\/#primaryimage\"},\"thumbnailUrl\":\"https:\\\/\\\/gr1993records.com\\\/wp-content\\\/uploads\\\/2021\\\/03\\\/kiadvany_djabe_steve_hackett_digipack_EANTCD31090_front1.jpg\",\"datePublished\":\"2021-03-23T12:34:48+00:00\",\"dateModified\":\"2026-03-31T08:54:16+00:00\",\"breadcrumb\":{\"@id\":\"https:\\\/\\\/gr1993records.com\\\/index.php\\\/product\\\/djabe-steve-hackett-the-journey-continues-2cd-dvd\\\/#breadcrumb\"},\"inLanguage\":\"hu\",\"potentialAction\":[{\"@type\":\"ReadAction\",\"target\":[\"https:\\\/\\\/gr1993records.com\\\/index.php\\\/product\\\/djabe-steve-hackett-the-journey-continues-2cd-dvd\\\/\"]}]},{\"@type\":\"ImageObject\",\"inLanguage\":\"hu\",\"@id\":\"https:\\\/\\\/gr1993records.com\\\/index.php\\\/product\\\/djabe-steve-hackett-the-journey-continues-2cd-dvd\\\/#primaryimage\",\"url\":\"https:\\\/\\\/gr1993records.com\\\/wp-content\\\/uploads\\\/2021\\\/03\\\/kiadvany_djabe_steve_hackett_digipack_EANTCD31090_front1.jpg\",\"contentUrl\":\"https:\\\/\\\/gr1993records.com\\\/wp-content\\\/uploads\\\/2021\\\/03\\\/kiadvany_djabe_steve_hackett_digipack_EANTCD31090_front1.jpg\",\"width\":1000,\"height\":1000,\"caption\":\"Djabe & Steve Hackett The Journey Continues (2CD\\\/DVD)\"},{\"@type\":\"BreadcrumbList\",\"@id\":\"https:\\\/\\\/gr1993records.com\\\/index.php\\\/product\\\/djabe-steve-hackett-the-journey-continues-2cd-dvd\\\/#breadcrumb\",\"itemListElement\":[{\"@type\":\"ListItem\",\"position\":1,\"name\":\"Home\",\"item\":\"https:\\\/\\\/gr1993records.com\\\/\"},{\"@type\":\"ListItem\",\"position\":2,\"name\":\"Kiadv\u00e1nyok\",\"item\":\"https:\\\/\\\/gr1993records.com\\\/index.php\\\/shop\\\/\"},{\"@type\":\"ListItem\",\"position\":3,\"name\":\"Djabe &#038; Steve Hackett The Journey Continues (2CD\\\/DVD)\"}]},{\"@type\":\"WebSite\",\"@id\":\"https:\\\/\\\/gr1993records.com\\\/#website\",\"url\":\"https:\\\/\\\/gr1993records.com\\\/\",\"name\":\"GR1993 Records\",\"description\":\"\",\"publisher\":{\"@id\":\"https:\\\/\\\/gr1993records.com\\\/#organization\"},\"potentialAction\":[{\"@type\":\"SearchAction\",\"target\":{\"@type\":\"EntryPoint\",\"urlTemplate\":\"https:\\\/\\\/gr1993records.com\\\/?s={search_term_string}\"},\"query-input\":{\"@type\":\"PropertyValueSpecification\",\"valueRequired\":true,\"valueName\":\"search_term_string\"}}],\"inLanguage\":\"hu\"},{\"@type\":\"Organization\",\"@id\":\"https:\\\/\\\/gr1993records.com\\\/#organization\",\"name\":\"Gramy-H Ltd.\",\"url\":\"https:\\\/\\\/gr1993records.com\\\/\",\"logo\":{\"@type\":\"ImageObject\",\"inLanguage\":\"hu\",\"@id\":\"https:\\\/\\\/gr1993records.com\\\/#\\\/schema\\\/logo\\\/image\\\/\",\"url\":\"https:\\\/\\\/gr1993records.com\\\/wp-content\\\/uploads\\\/2019\\\/08\\\/GR1993_Records_logo_CC.png\",\"contentUrl\":\"https:\\\/\\\/gr1993records.com\\\/wp-content\\\/uploads\\\/2019\\\/08\\\/GR1993_Records_logo_CC.png\",\"width\":2900,\"height\":2001,\"caption\":\"Gramy-H Ltd.\"},\"image\":{\"@id\":\"https:\\\/\\\/gr1993records.com\\\/#\\\/schema\\\/logo\\\/image\\\/\"},\"sameAs\":[\"https:\\\/\\\/www.facebook.com\\\/GR1993Records-113564886691383\\\/\"]}]}<\/script>\n<!-- \/ Yoast SEO plugin. -->","yoast_head_json":{"title":"Djabe & Steve Hackett The Journey Continues (2CD\/DVD) &#8211; GR1993 Records","robots":{"index":"index","follow":"follow","max-snippet":"max-snippet:-1","max-image-preview":"max-image-preview:large","max-video-preview":"max-video-preview:-1"},"canonical":"https:\/\/gr1993records.com\/index.php\/product\/djabe-steve-hackett-the-journey-continues-2cd-dvd\/","og_locale":"hu_HU","og_type":"article","og_title":"Djabe & Steve Hackett The Journey Continues (2CD\/DVD) &#8211; GR1993 Records","og_description":"2CD\/DVD, 8 oldalas DIGIPAK, 24 oldal booklet | Megjelen\u00e9s: 2021. m\u00e1jus 28.","og_url":"https:\/\/gr1993records.com\/index.php\/product\/djabe-steve-hackett-the-journey-continues-2cd-dvd\/","og_site_name":"GR1993 Records","article_publisher":"https:\/\/www.facebook.com\/GR1993Records-113564886691383\/","article_modified_time":"2026-03-31T08:54:16+00:00","og_image":[{"width":1000,"height":1000,"url":"https:\/\/gr1993records.com\/wp-content\/uploads\/2021\/03\/kiadvany_djabe_steve_hackett_digipack_EANTCD31090_front1.jpg","type":"image\/jpeg"}],"twitter_card":"summary_large_image","twitter_description":"2CD\/DVD, 8 oldalas DIGIPAK, 24 oldal booklet | Megjelen\u00e9s: 2021. m\u00e1jus 28.","twitter_image":"https:\/\/gr1993records.com\/wp-content\/uploads\/2021\/03\/kiadvany_djabe_steve_hackett_digipack_EANTCD31090_front1.jpg","twitter_misc":{"Becs\u00fclt olvas\u00e1si id\u0151":"1 perc"},"schema":{"@context":"https:\/\/schema.org","@graph":[{"@type":"WebPage","@id":"https:\/\/gr1993records.com\/index.php\/product\/djabe-steve-hackett-the-journey-continues-2cd-dvd\/","url":"https:\/\/gr1993records.com\/index.php\/product\/djabe-steve-hackett-the-journey-continues-2cd-dvd\/","name":"Djabe & Steve Hackett The Journey Continues (2CD\/DVD) &#8211; GR1993 Records","isPartOf":{"@id":"https:\/\/gr1993records.com\/#website"},"primaryImageOfPage":{"@id":"https:\/\/gr1993records.com\/index.php\/product\/djabe-steve-hackett-the-journey-continues-2cd-dvd\/#primaryimage"},"image":{"@id":"https:\/\/gr1993records.com\/index.php\/product\/djabe-steve-hackett-the-journey-continues-2cd-dvd\/#primaryimage"},"thumbnailUrl":"https:\/\/gr1993records.com\/wp-content\/uploads\/2021\/03\/kiadvany_djabe_steve_hackett_digipack_EANTCD31090_front1.jpg","datePublished":"2021-03-23T12:34:48+00:00","dateModified":"2026-03-31T08:54:16+00:00","breadcrumb":{"@id":"https:\/\/gr1993records.com\/index.php\/product\/djabe-steve-hackett-the-journey-continues-2cd-dvd\/#breadcrumb"},"inLanguage":"hu","potentialAction":[{"@type":"ReadAction","target":["https:\/\/gr1993records.com\/index.php\/product\/djabe-steve-hackett-the-journey-continues-2cd-dvd\/"]}]},{"@type":"ImageObject","inLanguage":"hu","@id":"https:\/\/gr1993records.com\/index.php\/product\/djabe-steve-hackett-the-journey-continues-2cd-dvd\/#primaryimage","url":"https:\/\/gr1993records.com\/wp-content\/uploads\/2021\/03\/kiadvany_djabe_steve_hackett_digipack_EANTCD31090_front1.jpg","contentUrl":"https:\/\/gr1993records.com\/wp-content\/uploads\/2021\/03\/kiadvany_djabe_steve_hackett_digipack_EANTCD31090_front1.jpg","width":1000,"height":1000,"caption":"Djabe & Steve Hackett The Journey Continues (2CD\/DVD)"},{"@type":"BreadcrumbList","@id":"https:\/\/gr1993records.com\/index.php\/product\/djabe-steve-hackett-the-journey-continues-2cd-dvd\/#breadcrumb","itemListElement":[{"@type":"ListItem","position":1,"name":"Home","item":"https:\/\/gr1993records.com\/"},{"@type":"ListItem","position":2,"name":"Kiadv\u00e1nyok","item":"https:\/\/gr1993records.com\/index.php\/shop\/"},{"@type":"ListItem","position":3,"name":"Djabe &#038; Steve Hackett The Journey Continues (2CD\/DVD)"}]},{"@type":"WebSite","@id":"https:\/\/gr1993records.com\/#website","url":"https:\/\/gr1993records.com\/","name":"GR1993 Records","description":"","publisher":{"@id":"https:\/\/gr1993records.com\/#organization"},"potentialAction":[{"@type":"SearchAction","target":{"@type":"EntryPoint","urlTemplate":"https:\/\/gr1993records.com\/?s={search_term_string}"},"query-input":{"@type":"PropertyValueSpecification","valueRequired":true,"valueName":"search_term_string"}}],"inLanguage":"hu"},{"@type":"Organization","@id":"https:\/\/gr1993records.com\/#organization","name":"Gramy-H Ltd.","url":"https:\/\/gr1993records.com\/","logo":{"@type":"ImageObject","inLanguage":"hu","@id":"https:\/\/gr1993records.com\/#\/schema\/logo\/image\/","url":"https:\/\/gr1993records.com\/wp-content\/uploads\/2019\/08\/GR1993_Records_logo_CC.png","contentUrl":"https:\/\/gr1993records.com\/wp-content\/uploads\/2019\/08\/GR1993_Records_logo_CC.png","width":2900,"height":2001,"caption":"Gramy-H Ltd."},"image":{"@id":"https:\/\/gr1993records.com\/#\/schema\/logo\/image\/"},"sameAs":["https:\/\/www.facebook.com\/GR1993Records-113564886691383\/"]}]}},"jetpack_sharing_enabled":true,"_links":{"self":[{"href":"https:\/\/gr1993records.com\/index.php\/wp-json\/wp\/v2\/product\/6345","targetHints":{"allow":["GET"]}}],"collection":[{"href":"https:\/\/gr1993records.com\/index.php\/wp-json\/wp\/v2\/product"}],"about":[{"href":"https:\/\/gr1993records.com\/index.php\/wp-json\/wp\/v2\/types\/product"}],"wp:featuredmedia":[{"embeddable":true,"href":"https:\/\/gr1993records.com\/index.php\/wp-json\/wp\/v2\/media\/6351"}],"wp:attachment":[{"href":"https:\/\/gr1993records.com\/index.php\/wp-json\/wp\/v2\/media?parent=6345"}],"wp:term":[{"taxonomy":"product_brand","embeddable":true,"href":"https:\/\/gr1993records.com\/index.php\/wp-json\/wp\/v2\/product_brand?post=6345"},{"taxonomy":"product_cat","embeddable":true,"href":"https:\/\/gr1993records.com\/index.php\/wp-json\/wp\/v2\/product_cat?post=6345"},{"taxonomy":"product_tag","embeddable":true,"href":"https:\/\/gr1993records.com\/index.php\/wp-json\/wp\/v2\/product_tag?post=6345"}],"curies":[{"name":"wp","href":"https:\/\/api.w.org\/{rel}","templated":true}]}}