{"id":6308,"date":"2021-02-12T10:41:02","date_gmt":"2021-02-12T10:41:02","guid":{"rendered":"https:\/\/gr1993records.com\/?post_type=product&#038;p=6308"},"modified":"2026-03-31T10:54:26","modified_gmt":"2026-03-31T08:54:26","slug":"djabe-live-in-blue-qvp-edition-2021-lp","status":"publish","type":"product","link":"https:\/\/gr1993records.com\/index.php\/product\/djabe-live-in-blue-qvp-edition-2021-lp\/","title":{"rendered":"Djabe <br\/>Live in Blue <br\/>QVP Edition 2021 <br\/>(LP)"},"content":{"rendered":"<p>[vc_row][vc_column][vc_column_text]A Live in Blue kiadv\u00e1nysorozat LP v\u00e1ltozat\u00e1nak \u00faj, limit\u00e1lt kiad\u00e1sa a Quality Vinyl Project sztenderdjei szerint k\u00e9sz\u00fclt el. Az \u00faj, kib\u0151v\u00edtett bor\u00edt\u00f3 16 \u00faj fot\u00f3t \u00e9s extra le\u00edr\u00e1st tartalmaz.<\/p>\n<p>A felv\u00e9telek a Down And Up sztere\u00f3 \u00e9s surround turn\u00e9k alkalm\u00e1val k\u00e9sz\u00fcltek 2012 \u2013 2014 k\u00f6z\u00f6tt Magyarorsz\u00e1gon, Eur\u00f3p\u00e1ban \u00e9s Kanad\u00e1ban. Az el\u0151ad\u00e1sokhoz gyakran csatlakoztak a zen\u00e9sz bar\u00e1tok. \u00cdgy a kiadv\u00e1nyon jelent\u0151s szerep jutott a vend\u00e9geknek is. Steve Hackett git\u00e1rozott a Genesisb\u0151l, Gulli Briem \u00fct\u0151hangszeren \u00e9s dobon j\u00e1tszott a Mezzofort\u00e9b\u0151l, \u00e9s a New Yorkban \u00e9l\u0151 kanadai szaxofonos John Nugent (Tony Bennett, Ella Fitzgerald, Woody Herman Orchestra) tette teljess\u00e9 a vend\u00e9gek list\u00e1j\u00e1t. A 2013. november 10-i Miskolci koncert k\u00fcl\u00f6n\u00f6sen rendhagy\u00f3 lett, hiszen a Miskolci Szimfonikusok is k\u00f6zrem\u0171k\u00f6dtek a programban.<\/p>\n<p>A Live in Blue LP, a koncerteken szerepl\u0151 mindegyik sz\u00ednpadi fel\u00e1ll\u00e1sb\u00f3l ad izgalmas \u00edzel\u00edt\u0151t. Hallhat\u00f3 rajta a Djabe vend\u00e9gek n\u00e9lk\u00fcl k\u00e9t kompoz\u00edci\u00f3ban. A Los Sipos a miskolci koncertb\u0151l \u00e9s a Life Spirit a 2014-es \u00d3budai Fesztiv\u00e1lr\u00f3l. Ez a k\u00e9t felv\u00e9telt csak ezen LP-n lehet megtal\u00e1lni a teljes Live in Blue kiadv\u00e1nysorozatot tekintve.<br \/>\nA Djabe Steve Hackettel j\u00e1tszik az Ace of Wands felv\u00e9tel\u00e9n Miskolcr\u00f3l. Szint\u00e9n Miskolcon k\u00e9sz\u00fclt a Jacuzzi \u00e9s az Overnight Sleeper ahol Kov\u00e1cs Zolt\u00e1n hangszerelte \u00e9s vez\u00e9nyelte a szimfonikusokat. Sz\u00f3listak\u00e9nt Kov\u00e1cs S\u00e1ra fuvol\u00e1zott, Steve Hackett git\u00e1rozott.<br \/>\nA Djabe 2013-ban a PECSA Music Hallban r\u00f6gz\u00edtette az LP anyag\u00e1nak t\u00f6bbi felv\u00e9tel\u00e9t, ahol Gulli Briem \u00e9s John Nugent voltak a vend\u00e9gzen\u00e9szek. Ezek a darabok k\u00e9t hossz\u00fa egyveleg form\u00e1j\u00e1ban adnak \u00edzel\u00edt\u0151t a zenekar p\u00e1lyafut\u00e1s\u00e1nak els\u0151 20 \u00e9v\u00e9b\u0151l, hiszen a Take on-ig mindegyik st\u00fadi\u00f3 albumr\u00f3l tartalmaznak kompoz\u00edci\u00f3kat.[\/vc_column_text][vc_separator][vc_column_text]<strong>A lemezen szerepl\u0151 el\u0151ad\u00f3k<\/strong><br \/>\nSzil\u00e1rd Banai \u2013 dobok<br \/>\nTam\u00e1s Barab\u00e1s \u2013 basszusgi\u00e1r<br \/>\nAttila \u00c9gerh\u00e1zi \u2013 git\u00e1r, \u00fct\u0151s hangszerek<br \/>\nFerenc Kov\u00e1cs \u2013 trombita, heged\u0171<br \/>\nZolt\u00e1n Kov\u00e1cs \u2013 billenty\u0171s hangszerek<br \/>\nGulli Briem \u2013 hang, djembe, shaker, dobok<br \/>\nJohn Nugent \u2013 tenor \u00e9s szopr\u00e1n saxofon<br \/>\nMiskolci Szimfonikus Zenekar[\/vc_column_text][vc_separator][vc_column_text]<strong>17 perces r\u00e9szlet youtube r\u00e9szlet az albumb\u00f3l<\/strong>[\/vc_column_text][vc_video link=&#8221;https:\/\/www.youtube.com\/watch?v=8MHnDUru6MU&#8221; el_width=&#8221;90&#8243; align=&#8221;center&#8221;][vc_separator][vc_column_text]<a href=\"http:\/\/gr1993records.magex.hu\/index.php\/quality-vinyl-projects\/\"><strong>Quality Vinyl Projects kiadv\u00e1ny<\/strong><\/a><\/p>\n<p>Az album a fizikai hanghordoz\u00f3k k\u00f6z\u00fcl kiz\u00e1r\u00f3lag vinyl lemezen jelent meg. A kiad\u00e1st \u00e9s a gy\u00e1rt\u00e1st a Gramy-H Kft Quality Vinyl Projects szolg\u00e1ltat\u00e1sa koordin\u00e1lta. A QVP l\u00e9nyege, hogy kiz\u00e1r\u00f3lag kiv\u00e1l\u00f3 min\u0151s\u00e9g\u0171 maszterek felhaszn\u00e1l\u00e1s\u00e1val, Eur\u00f3pa legjobb v\u00e1g\u00f3 m\u0171helyeiben k\u00e9sz\u00edtett mesterlemezekr\u0151l, a kontinens legjobb min\u0151s\u00e9gben dolgoz\u00f3 gy\u00e1r\u00e1ban, a holland Record Industryban k\u00e9sz\u00fcl a sorozatgy\u00e1rt\u00e1s. A lemezek a Music On Vinyl sorozatn\u00e1l megszokott dombornyomott, ez\u00fattal QVP log\u00f3val, vastag k\u00fcls\u0151 \u00e1tl\u00e1tsz\u00f3 m\u0171anyag borit\u00f3ban ker\u00fclnek forgalomba. A Quality Vinyl Projects min\u0151s\u00e9g\u00e9t a nemzetk\u00f6zileg elismert Djabe kiadv\u00e1nyok f\u00e9mjelezt\u00e9k eddig, de mostant\u00f3l m\u00e1s zenekarok sz\u00e1m\u00e1ra is el\u00e9rhet\u0151 a szolg\u00e1ltat\u00e1s a felv\u00e9tel k\u00e9sz\u00edt\u00e9st\u0151l, a kever\u00e9sen \u00e9s az anal\u00f3g maszteren \u00e1t, a v\u00e1g\u00e1s \u00e9s gy\u00e1rt\u00e1s minden f\u00e1zis\u00e1ig.[\/vc_column_text][vc_btn title=&#8221;Tov\u00e1bb a szolg\u00e1ltat\u00e1s oldal\u00e1ra&#8221; style=&#8221;outline-custom&#8221; outline_custom_color=&#8221;#005681&#8243; outline_custom_hover_background=&#8221;#005681&#8243; outline_custom_hover_text=&#8221;#ffffff&#8221; shape=&#8221;square&#8221; link=&#8221;url:https%3A%2F%2Fgr1993records.com%2Findex.php%2Fquality-vinyl-projects%2F|title:Quality%20Vinyl%20Projects|target:%20_blank|&#8221; el_class=&#8221;qvp-btn&#8221;][\/vc_column][\/vc_row]<\/p>","protected":false},"excerpt":{"rendered":"<p>140 grammos, fekete vinyl LP, 4 oldalas \u00faj kib\u0151v\u00edtett bor\u00edt\u00f3val, QVP k\u00fcls\u0151 m\u0171anyag bor\u00edt\u00f3ban. Limit\u00e1lt kiad\u00e1s, mind\u00f6ssze 200 darab k\u00e9sz\u00fclt bel\u0151le.<\/p>\n","protected":false},"featured_media":6310,"template":"","meta":[],"product_brand":[],"product_cat":[91],"product_tag":[],"class_list":{"0":"post-6308","1":"product","2":"type-product","3":"status-publish","4":"has-post-thumbnail","6":"product_cat-lp","7":"yith_product_brand-djabe","8":"col-12 col-sm-6 col-md-4","10":"first","11":"instock","12":"sale","13":"shipping-taxable","14":"purchasable","15":"product-type-simple"},"yoast_head":"<!-- This site is optimized with the Yoast SEO plugin v27.2 - https:\/\/yoast.com\/product\/yoast-seo-wordpress\/ -->\n<title>Djabe Live in Blue QVP Edition 2021 (LP) &#8211; GR1993 Records<\/title>\n<meta name=\"description\" content=\"140 grammos, fekete vinyl LP, 4 oldalas \u00faj kib\u0151v\u00edtett bor\u00edt\u00f3val, QVP k\u00fcls\u0151 m\u0171anyag bor\u00edt\u00f3ban. Limit\u00e1lt kiad\u00e1s, mind\u00f6ssze 200 darab k\u00e9sz\u00fclt bel\u0151le.\" \/>\n<meta name=\"robots\" content=\"index, follow, max-snippet:-1, max-image-preview:large, max-video-preview:-1\" \/>\n<link rel=\"canonical\" href=\"https:\/\/gr1993records.com\/index.php\/product\/djabe-live-in-blue-qvp-edition-2021-lp\/\" \/>\n<meta property=\"og:locale\" content=\"hu_HU\" \/>\n<meta property=\"og:type\" content=\"article\" \/>\n<meta property=\"og:title\" content=\"Djabe \u2013 Live in Blue QVP Edition 2021 (LP)\" \/>\n<meta property=\"og:description\" content=\"{:hu}140 grammos, fekete vinyl LP, 4 oldalas \u00faj kib\u0151v\u00edtett bor\u00edt\u00f3val, QVP k\u00fcls\u0151 m\u0171anyag bor\u00edt\u00f3ban. Limit\u00e1lt kiad\u00e1s, mind\u00f6ssze 200 darab k\u00e9sz\u00fclt bel\u0151le.{:en}140 gr, balck vinyl LP, 4 pages extended new cover, in QVP PVC outer sleeve. limited edition, only 200 copies worldwide. The LP version of the Live in Blue series limited edition produced at standards of the Quality Vinyl Projects. The new extended cover jacket contains 16 new photos and description of the album. Release date: March 5, 2021140 gr, balck vinyl LP, 4 pages extended new cover, in QVP PVC outer sleeve. limited edition, only 200 copies worldwide. The LP version of the Live in Blue series limited edition produced at standards of the Quality Vinyl Projects. The new extended cover jacket contains 16 new photos and description of the album. Release date: March 5, 2021{:}\" \/>\n<meta property=\"og:url\" content=\"https:\/\/gr1993records.com\/index.php\/product\/djabe-live-in-blue-qvp-edition-2021-lp\/\" \/>\n<meta property=\"og:site_name\" content=\"GR1993 Records\" \/>\n<meta property=\"article:publisher\" content=\"https:\/\/www.facebook.com\/GR1993Records-113564886691383\/\" \/>\n<meta property=\"article:modified_time\" content=\"2026-03-31T08:54:26+00:00\" \/>\n<meta property=\"og:image\" content=\"https:\/\/gr1993records.com\/wp-content\/uploads\/2021\/02\/kiadvany_djabe_live_in_blue_LP_QVP_front.jpg\" \/>\n\t<meta property=\"og:image:width\" content=\"1000\" \/>\n\t<meta property=\"og:image:height\" content=\"1000\" \/>\n\t<meta property=\"og:image:type\" content=\"image\/jpeg\" \/>\n<meta name=\"twitter:card\" content=\"summary_large_image\" \/>\n<meta name=\"twitter:title\" content=\"Djabe \u2013 Live in Blue QVP Edition 2021 (LP)\" \/>\n<meta name=\"twitter:image\" content=\"https:\/\/gr1993records.com\/wp-content\/uploads\/2021\/02\/kiadvany_djabe_live_in_blue_LP_QVP_front.jpg\" \/>\n<meta name=\"twitter:label1\" content=\"Becs\u00fclt olvas\u00e1si id\u0151\" \/>\n\t<meta name=\"twitter:data1\" content=\"3 perc\" \/>\n<script type=\"application\/ld+json\" class=\"yoast-schema-graph\">{\"@context\":\"https:\/\/schema.org\",\"@graph\":[{\"@type\":[\"WebPage\",\"ItemPage\"],\"@id\":\"https:\/\/gr1993records.com\/index.php\/product\/djabe-live-in-blue-qvp-edition-2021-lp\/\",\"url\":\"https:\/\/gr1993records.com\/index.php\/product\/djabe-live-in-blue-qvp-edition-2021-lp\/\",\"name\":\"Djabe Live in Blue QVP Edition 2021 (LP) &#8211; GR1993 Records\",\"isPartOf\":{\"@id\":\"https:\/\/gr1993records.com\/#website\"},\"primaryImageOfPage\":{\"@id\":\"https:\/\/gr1993records.com\/index.php\/product\/djabe-live-in-blue-qvp-edition-2021-lp\/#primaryimage\"},\"image\":{\"@id\":\"https:\/\/gr1993records.com\/index.php\/product\/djabe-live-in-blue-qvp-edition-2021-lp\/#primaryimage\"},\"thumbnailUrl\":\"https:\/\/gr1993records.com\/wp-content\/uploads\/2021\/02\/kiadvany_djabe_live_in_blue_LP_QVP_front.jpg\",\"datePublished\":\"2021-02-12T10:41:02+00:00\",\"dateModified\":\"2026-03-31T08:54:26+00:00\",\"description\":\"{:hu}140 grammos, fekete vinyl LP, 4 oldalas \u00faj kib\u0151v\u00edtett bor\u00edt\u00f3val, QVP k\u00fcls\u0151 m\u0171anyag bor\u00edt\u00f3ban. Limit\u00e1lt kiad\u00e1s, mind\u00f6ssze 200 darab k\u00e9sz\u00fclt bel\u0151le.{:en}140 gr, balck vinyl LP, 4 pages extended new cover, in QVP PVC outer sleeve. limited edition, only 200 copies worldwide. The LP version of the Live in Blue series limited edition produced at standards of the Quality Vinyl Projects. The new extended cover jacket contains 16 new photos and description of the album. Release date: March 5, 2021140 gr, balck vinyl LP, 4 pages extended new cover, in QVP PVC outer sleeve. limited edition, only 200 copies worldwide. The LP version of the Live in Blue series limited edition produced at standards of the Quality Vinyl Projects. The new extended cover jacket contains 16 new photos and description of the album. Release date: March 5, 2021{:}\",\"breadcrumb\":{\"@id\":\"https:\/\/gr1993records.com\/index.php\/product\/djabe-live-in-blue-qvp-edition-2021-lp\/#breadcrumb\"},\"inLanguage\":\"hu\",\"potentialAction\":[{\"@type\":\"ReadAction\",\"target\":[\"https:\/\/gr1993records.com\/index.php\/product\/djabe-live-in-blue-qvp-edition-2021-lp\/\"]}]},{\"@type\":\"ImageObject\",\"inLanguage\":\"hu\",\"@id\":\"https:\/\/gr1993records.com\/index.php\/product\/djabe-live-in-blue-qvp-edition-2021-lp\/#primaryimage\",\"url\":\"https:\/\/gr1993records.com\/wp-content\/uploads\/2021\/02\/kiadvany_djabe_live_in_blue_LP_QVP_front.jpg\",\"contentUrl\":\"https:\/\/gr1993records.com\/wp-content\/uploads\/2021\/02\/kiadvany_djabe_live_in_blue_LP_QVP_front.jpg\",\"width\":1000,\"height\":1000,\"caption\":\"Djabe \u2013 Live in Blue LP Quality Vinyl Project Edition 2021 cover\"},{\"@type\":\"BreadcrumbList\",\"@id\":\"https:\/\/gr1993records.com\/index.php\/product\/djabe-live-in-blue-qvp-edition-2021-lp\/#breadcrumb\",\"itemListElement\":[{\"@type\":\"ListItem\",\"position\":1,\"name\":\"Home\",\"item\":\"https:\/\/gr1993records.com\/\"},{\"@type\":\"ListItem\",\"position\":2,\"name\":\"Kiadv\u00e1nyok\",\"item\":\"https:\/\/gr1993records.com\/index.php\/shop\/\"},{\"@type\":\"ListItem\",\"position\":3,\"name\":\"Djabe Live in Blue QVP Edition 2021 (LP)\"}]},{\"@type\":\"WebSite\",\"@id\":\"https:\/\/gr1993records.com\/#website\",\"url\":\"https:\/\/gr1993records.com\/\",\"name\":\"GR1993 Records\",\"description\":\"\",\"publisher\":{\"@id\":\"https:\/\/gr1993records.com\/#organization\"},\"potentialAction\":[{\"@type\":\"SearchAction\",\"target\":{\"@type\":\"EntryPoint\",\"urlTemplate\":\"https:\/\/gr1993records.com\/?s={search_term_string}\"},\"query-input\":{\"@type\":\"PropertyValueSpecification\",\"valueRequired\":true,\"valueName\":\"search_term_string\"}}],\"inLanguage\":\"hu\"},{\"@type\":\"Organization\",\"@id\":\"https:\/\/gr1993records.com\/#organization\",\"name\":\"Gramy-H Ltd.\",\"url\":\"https:\/\/gr1993records.com\/\",\"logo\":{\"@type\":\"ImageObject\",\"inLanguage\":\"hu\",\"@id\":\"https:\/\/gr1993records.com\/#\/schema\/logo\/image\/\",\"url\":\"https:\/\/gr1993records.com\/wp-content\/uploads\/2019\/08\/GR1993_Records_logo_CC.png\",\"contentUrl\":\"https:\/\/gr1993records.com\/wp-content\/uploads\/2019\/08\/GR1993_Records_logo_CC.png\",\"width\":2900,\"height\":2001,\"caption\":\"Gramy-H Ltd.\"},\"image\":{\"@id\":\"https:\/\/gr1993records.com\/#\/schema\/logo\/image\/\"},\"sameAs\":[\"https:\/\/www.facebook.com\/GR1993Records-113564886691383\/\"]}]}<\/script>\n<!-- \/ Yoast SEO plugin. -->","yoast_head_json":{"title":"Djabe Live in Blue QVP Edition 2021 (LP) &#8211; GR1993 Records","description":"140 grammos, fekete vinyl LP, 4 oldalas \u00faj kib\u0151v\u00edtett bor\u00edt\u00f3val, QVP k\u00fcls\u0151 m\u0171anyag bor\u00edt\u00f3ban. Limit\u00e1lt kiad\u00e1s, mind\u00f6ssze 200 darab k\u00e9sz\u00fclt bel\u0151le.","robots":{"index":"index","follow":"follow","max-snippet":"max-snippet:-1","max-image-preview":"max-image-preview:large","max-video-preview":"max-video-preview:-1"},"canonical":"https:\/\/gr1993records.com\/index.php\/product\/djabe-live-in-blue-qvp-edition-2021-lp\/","og_locale":"hu_HU","og_type":"article","og_title":"Djabe \u2013 Live in Blue QVP Edition 2021 (LP)","og_description":"{:hu}140 grammos, fekete vinyl LP, 4 oldalas \u00faj kib\u0151v\u00edtett bor\u00edt\u00f3val, QVP k\u00fcls\u0151 m\u0171anyag bor\u00edt\u00f3ban. Limit\u00e1lt kiad\u00e1s, mind\u00f6ssze 200 darab k\u00e9sz\u00fclt bel\u0151le.{:en}140 gr, balck vinyl LP, 4 pages extended new cover, in QVP PVC outer sleeve. limited edition, only 200 copies worldwide. The LP version of the Live in Blue series limited edition produced at standards of the Quality Vinyl Projects. The new extended cover jacket contains 16 new photos and description of the album. Release date: March 5, 2021140 gr, balck vinyl LP, 4 pages extended new cover, in QVP PVC outer sleeve. limited edition, only 200 copies worldwide. The LP version of the Live in Blue series limited edition produced at standards of the Quality Vinyl Projects. The new extended cover jacket contains 16 new photos and description of the album. Release date: March 5, 2021{:}","og_url":"https:\/\/gr1993records.com\/index.php\/product\/djabe-live-in-blue-qvp-edition-2021-lp\/","og_site_name":"GR1993 Records","article_publisher":"https:\/\/www.facebook.com\/GR1993Records-113564886691383\/","article_modified_time":"2026-03-31T08:54:26+00:00","og_image":[{"width":1000,"height":1000,"url":"https:\/\/gr1993records.com\/wp-content\/uploads\/2021\/02\/kiadvany_djabe_live_in_blue_LP_QVP_front.jpg","type":"image\/jpeg"}],"twitter_card":"summary_large_image","twitter_title":"Djabe \u2013 Live in Blue QVP Edition 2021 (LP)","twitter_image":"https:\/\/gr1993records.com\/wp-content\/uploads\/2021\/02\/kiadvany_djabe_live_in_blue_LP_QVP_front.jpg","twitter_misc":{"Becs\u00fclt olvas\u00e1si id\u0151":"3 perc"},"schema":{"@context":"https:\/\/schema.org","@graph":[{"@type":["WebPage","ItemPage"],"@id":"https:\/\/gr1993records.com\/index.php\/product\/djabe-live-in-blue-qvp-edition-2021-lp\/","url":"https:\/\/gr1993records.com\/index.php\/product\/djabe-live-in-blue-qvp-edition-2021-lp\/","name":"Djabe Live in Blue QVP Edition 2021 (LP) &#8211; GR1993 Records","isPartOf":{"@id":"https:\/\/gr1993records.com\/#website"},"primaryImageOfPage":{"@id":"https:\/\/gr1993records.com\/index.php\/product\/djabe-live-in-blue-qvp-edition-2021-lp\/#primaryimage"},"image":{"@id":"https:\/\/gr1993records.com\/index.php\/product\/djabe-live-in-blue-qvp-edition-2021-lp\/#primaryimage"},"thumbnailUrl":"https:\/\/gr1993records.com\/wp-content\/uploads\/2021\/02\/kiadvany_djabe_live_in_blue_LP_QVP_front.jpg","datePublished":"2021-02-12T10:41:02+00:00","dateModified":"2026-03-31T08:54:26+00:00","description":"{:hu}140 grammos, fekete vinyl LP, 4 oldalas \u00faj kib\u0151v\u00edtett bor\u00edt\u00f3val, QVP k\u00fcls\u0151 m\u0171anyag bor\u00edt\u00f3ban. Limit\u00e1lt kiad\u00e1s, mind\u00f6ssze 200 darab k\u00e9sz\u00fclt bel\u0151le.{:en}140 gr, balck vinyl LP, 4 pages extended new cover, in QVP PVC outer sleeve. limited edition, only 200 copies worldwide. The LP version of the Live in Blue series limited edition produced at standards of the Quality Vinyl Projects. The new extended cover jacket contains 16 new photos and description of the album. Release date: March 5, 2021140 gr, balck vinyl LP, 4 pages extended new cover, in QVP PVC outer sleeve. limited edition, only 200 copies worldwide. The LP version of the Live in Blue series limited edition produced at standards of the Quality Vinyl Projects. The new extended cover jacket contains 16 new photos and description of the album. Release date: March 5, 2021{:}","breadcrumb":{"@id":"https:\/\/gr1993records.com\/index.php\/product\/djabe-live-in-blue-qvp-edition-2021-lp\/#breadcrumb"},"inLanguage":"hu","potentialAction":[{"@type":"ReadAction","target":["https:\/\/gr1993records.com\/index.php\/product\/djabe-live-in-blue-qvp-edition-2021-lp\/"]}]},{"@type":"ImageObject","inLanguage":"hu","@id":"https:\/\/gr1993records.com\/index.php\/product\/djabe-live-in-blue-qvp-edition-2021-lp\/#primaryimage","url":"https:\/\/gr1993records.com\/wp-content\/uploads\/2021\/02\/kiadvany_djabe_live_in_blue_LP_QVP_front.jpg","contentUrl":"https:\/\/gr1993records.com\/wp-content\/uploads\/2021\/02\/kiadvany_djabe_live_in_blue_LP_QVP_front.jpg","width":1000,"height":1000,"caption":"Djabe \u2013 Live in Blue LP Quality Vinyl Project Edition 2021 cover"},{"@type":"BreadcrumbList","@id":"https:\/\/gr1993records.com\/index.php\/product\/djabe-live-in-blue-qvp-edition-2021-lp\/#breadcrumb","itemListElement":[{"@type":"ListItem","position":1,"name":"Home","item":"https:\/\/gr1993records.com\/"},{"@type":"ListItem","position":2,"name":"Kiadv\u00e1nyok","item":"https:\/\/gr1993records.com\/index.php\/shop\/"},{"@type":"ListItem","position":3,"name":"Djabe Live in Blue QVP Edition 2021 (LP)"}]},{"@type":"WebSite","@id":"https:\/\/gr1993records.com\/#website","url":"https:\/\/gr1993records.com\/","name":"GR1993 Records","description":"","publisher":{"@id":"https:\/\/gr1993records.com\/#organization"},"potentialAction":[{"@type":"SearchAction","target":{"@type":"EntryPoint","urlTemplate":"https:\/\/gr1993records.com\/?s={search_term_string}"},"query-input":{"@type":"PropertyValueSpecification","valueRequired":true,"valueName":"search_term_string"}}],"inLanguage":"hu"},{"@type":"Organization","@id":"https:\/\/gr1993records.com\/#organization","name":"Gramy-H Ltd.","url":"https:\/\/gr1993records.com\/","logo":{"@type":"ImageObject","inLanguage":"hu","@id":"https:\/\/gr1993records.com\/#\/schema\/logo\/image\/","url":"https:\/\/gr1993records.com\/wp-content\/uploads\/2019\/08\/GR1993_Records_logo_CC.png","contentUrl":"https:\/\/gr1993records.com\/wp-content\/uploads\/2019\/08\/GR1993_Records_logo_CC.png","width":2900,"height":2001,"caption":"Gramy-H Ltd."},"image":{"@id":"https:\/\/gr1993records.com\/#\/schema\/logo\/image\/"},"sameAs":["https:\/\/www.facebook.com\/GR1993Records-113564886691383\/"]}]}},"jetpack_sharing_enabled":true,"_links":{"self":[{"href":"https:\/\/gr1993records.com\/index.php\/wp-json\/wp\/v2\/product\/6308","targetHints":{"allow":["GET"]}}],"collection":[{"href":"https:\/\/gr1993records.com\/index.php\/wp-json\/wp\/v2\/product"}],"about":[{"href":"https:\/\/gr1993records.com\/index.php\/wp-json\/wp\/v2\/types\/product"}],"wp:featuredmedia":[{"embeddable":true,"href":"https:\/\/gr1993records.com\/index.php\/wp-json\/wp\/v2\/media\/6310"}],"wp:attachment":[{"href":"https:\/\/gr1993records.com\/index.php\/wp-json\/wp\/v2\/media?parent=6308"}],"wp:term":[{"taxonomy":"product_brand","embeddable":true,"href":"https:\/\/gr1993records.com\/index.php\/wp-json\/wp\/v2\/product_brand?post=6308"},{"taxonomy":"product_cat","embeddable":true,"href":"https:\/\/gr1993records.com\/index.php\/wp-json\/wp\/v2\/product_cat?post=6308"},{"taxonomy":"product_tag","embeddable":true,"href":"https:\/\/gr1993records.com\/index.php\/wp-json\/wp\/v2\/product_tag?post=6308"}],"curies":[{"name":"wp","href":"https:\/\/api.w.org\/{rel}","templated":true}]}}