{"id":6232,"date":"2021-01-28T17:08:50","date_gmt":"2021-01-28T17:08:50","guid":{"rendered":"https:\/\/gr1993records.com\/?post_type=product&#038;p=6232"},"modified":"2026-03-31T11:45:55","modified_gmt":"2026-03-31T09:45:55","slug":"djabe-live-in-blue-blu-ray","status":"publish","type":"product","link":"https:\/\/gr1993records.com\/product\/djabe-live-in-blue-blu-ray\/","title":{"rendered":"Djabe <br\/>Live in Blue <br\/>(Blu-ray)"},"content":{"rendered":"<p>[vc_row][vc_column][vc_column_text]<strong>Bese Jozef\u00e1k L\u00e1szl\u00f3 (Joz\u00e9 \/ Ellens\u00faly) kritik\u00e1ja a Live in Blue Blu-Ray kiadv\u00e1nyr\u00f3l:<\/strong><\/p>\n<p>\u201eCs\u00facsmin\u0151s\u00e9g k\u00e9kben.<br \/>\nA Live in Blue c\u00edm\u0171 Blu-ray Disc a Djabe zenekar k\u00e9k sorozat\u00e1nak harmadik kiadv\u00e1nya. A cs\u00facsmin\u0151s\u00e9g\u0171 BD t\u00f6rzsanyaga nem m\u00e1s, mint a rendk\u00edv\u00fcl j\u00f3l siker\u00fclt Down And Up album domin\u00e1ns k\u00e9k f\u00e9nyekkel k\u00eds\u00e9rt 2013-as surround lemezbemutat\u00f3 koncertj\u00e9nek teljes hang- \u00e9s k\u00e9pfelv\u00e9tele. Ezt k\u00f6veti b\u00f3nuszk\u00e9nt a 2012-es sztereo lemezbemutat\u00f3 koncert anyag\u00e1b\u00f3l k\u00e9sz\u00fclt \u00f6ssze\u00e1ll\u00edt\u00e1s, valamint egy\u00e9b \u00e9rdekess\u00e9gek.A surround \u00e9s a sztereo kit\u00e9telek itt term\u00e9szetesen az \u00e9l\u0151 koncertek hangos\u00edt\u00e1s\u00e1ra \u00e9rv\u00e9nyesek, hiszen a korongon szerepl\u0151 \u00f6sszes kompoz\u00edci\u00f3 a lehet\u0151 legjobb min\u0151s\u00e9g\u0171 5.1-es surround hangz\u00e1ssal \u00e9lvezhet\u0151, melyek az eredeti soks\u00e1vos, nagyfelbont\u00e1s\u00fa koncertfelv\u00e9telek felhaszn\u00e1l\u00e1s\u00e1val k\u00e9sz\u00fcltek, Barab\u00e1s Tam\u00e1s hangm\u00e9rn\u00f6k fant\u00e1ziad\u00fas, profi kever\u00e9s\u00e9ben.<\/p>\n<p>A Djabe egy\u00fcttes 2013. m\u00e1rcius 1-\u00e9n mutatta be surround-ban az akkor leg\u00fajabb Down And Up c\u00edm\u0171 album\u00e1t Budapesten a Pet\u0151fi Csarnokban. Koncerten a friss lemez dalai ut\u00e1n az egy\u00fcttes teljes p\u00e1lyafut\u00e1s\u00e1t \u00e1tfog\u00f3 egyveleg k\u00f6vetkezett. A zenekar Banai Szil\u00e1rd dob, \u00fct\u0151hangszerek, Barab\u00e1s Tam\u00e1s \u2013 basszusgit\u00e1r, \u00c9gerh\u00e1zi Attila \u2013 git\u00e1r, percussion, Kov\u00e1cs Ferenc \u2013 trombita, sz\u00e1rnyk\u00fcrt, heged\u0171, \u00e9nek, Kov\u00e1cs Zolt\u00e1n \u2013 billenty\u0171s hangszerek fel\u00e1ll\u00e1s\u00e1t kieg\u00e9sz\u00edtette Gulli Briem \u00fct\u0151hangszerek \u00e9s dob-, valamint John Nugent szaxofonj\u00e1t\u00e9ka.<\/p>\n<p>A Live in Blue minden id\u0151k egyik legjobb Djabe koncertje volt, melynek \u00e9l\u0151 surround hangz\u00e1sa hamar legend\u00e1ss\u00e1 v\u00e1lt. A Djabe t\u00f6rt\u00e9net\u00e9nek els\u0151 Blu-ray lemeze 24 bit \/ 96 kHz-es DTS-HD 5.1 surround form\u00e1tumban, t\u00f6k\u00e9letesen adja vissza azt a bizonyos rendk\u00edv\u00fcli zenei- \u00e9s hangz\u00e1s\u00e9lm\u00e9nyt, ami a h\u00edres PeCsa-beli koncertet jellemezte. Nyugodtan kijelenthet\u0151, hogy a kiadv\u00e1ny hanganyaga, a Djabe eset\u00e9ben m\u00e1r szok\u00e1sosnak tekinthet\u0151 maximumot ny\u00fajtja. Enn\u00e9l jobbat m\u00e9g a k\u00fclf\u00f6ldi szuperszt\u00e1rok kiadv\u00e1nyain sem igen lehet hallani.<\/p>\n<p>A korong extr\u00e1i k\u00f6z\u00f6tt helyet kaptak m\u00e9g a budapesti IBS-ben tartott 2012-es sztere\u00f3 lemezbemutat\u00f3 cs\u00facspontjai Gulli Briem (Mezzoforte) dobossal \u00e9s Steve Hackett (Genesis) git\u00e1rossal; tov\u00e1bb\u00e1 a miskolci M\u0171v\u00e9szetek H\u00e1z\u00e1ban tartott 2013-as koncert akusztikus blokkja Steve-vel, Kov\u00e1cs S\u00e1ra fuvolam\u0171v\u00e9sszel \u00e9s a Miskolci Filharmonikusokkal; ugyaninnen m\u00e9g a Sipi eml\u00e9k\u00e9t \u0151rz\u0151 Los Sipos (Homage to Sipi) c\u00edm\u0171 zenekari sz\u00e1m, valamint a Tears For Peace tankos vide\u00f3klipje Hackett \u00e9nek\u00e9vel \u00e9s Herczeg Judit vok\u00e1lj\u00e1val.<\/p>\n<p>A Live in Blue hazai lemezkiad\u00e1s egyik, ha nem egyenesen a legsz\u00ednvonalasabb Blu-ray kiadv\u00e1nya, mely kompromisszum-mentesen: a lehet\u0151 legjobb k\u00e9p- \u00e9s hangmin\u0151s\u00e9gben tartalmazza a dupla-r\u00e9teges Blu-ray korongra (BD50) t\u00f6m\u00f6r\u00edt\u00e9s-mentesen m\u00e9g felvihet\u0151 h\u00e1rom \u00f3r\u00e1nyi felv\u00e9telt. Nincs gagyiz\u00e1s, nincs b\u0171v\u00e9szked\u00e9s a hangs\u00e1vokkal, nincs m\u00e9g egy k\u00e9pkock\u00e1nyi lebut\u00edtott filmr\u00e9szlet sem. Csak a komoly hozz\u00e1\u00e1ll\u00e1sb\u00f3l fakad\u00f3 min\u0151s\u00e9g, ig\u00e9nyess\u00e9g \u00e9s profizmus.A k\u00e9p a lehet\u0151s\u00e9gekhez k\u00e9pest a maximumot ny\u00fajtja, elmegy eg\u00e9szen a falig: a Blu-ray technol\u00f3gia hat\u00e1raiig. A sz\u00ednek \u00e9leth\u0171ek, a mozg\u00e1sokn\u00e1l nincs elmos\u00f3d\u00e1s vagy rendk\u00edv\u00fcli pixelesed\u00e9s, raszteresed\u00e9s, k\u00e9pzaj vagy sz\u00edn\u00e1tmos\u00f3d\u00e1s. Ilyesmi csak ritk\u00e1n, p\u00e9ld\u00e1ul a f\u00fcst\u00f6n \u00e1tv\u00e1g\u00f3 k\u00e9k f\u00e9nyek eset\u00e9ben, illetve egyes fekete-feh\u00e9r r\u00e9szekn\u00e9l fordul el\u0151, ak\u00e1rcsak David Gilmour Remember That Night c\u00edm\u0171 kiadv\u00e1nya eset\u00e9ben, mely a Blu-ray lemezek egyik etalonj\u00e1nak tekinthet\u0151.<\/p>\n<p>A t\u00f6k\u00e9lyre t\u00f6rekv\u00e9s az extr\u00e1k \u00f6ssze\u00e1ll\u00edt\u00e1s\u00e1n\u00e1l is tetten \u00e9rhet\u0151. Mint k\u00f6zismert, Steve-nek nem \u00e1llt m\u00f3dj\u00e1ban r\u00e9szt venni a 2013-as surround koncerten, melynek felv\u00e9tel\u00e9n a \u00edgy csak a m\u00e1sik k\u00e9t neves vend\u00e9g: John Nugent \u00e9s Gulli Briem j\u00e1t\u00e9ka \u00e9lvezhet\u0151. Azonban Steve a 2012-es sztere\u00f3 lemezbemutat\u00f3n jelen volt, eml\u00e9kezetes szerepl\u00e9se term\u00e9szetesen meg is lett \u00f6r\u00f6k\u00edtve, \u00edgy minden olyan Hackett-\u00e9rdekelts\u00e9g\u0171 felv\u00e9tel helyet kapott a b\u00f3nuszok k\u00f6z\u00f6tt, melyben egyedi git\u00e1rj\u00e1t\u00e9ka olyan hangs\u00falyos plusz jelent, ami\u00e9rt \u00e9rdemes az adott szerzem\u00e9nyt dupl\u00e1n is megn\u00e9zi, meghallgatni. K\u00fcl\u00f6n\u00f6sen igaz ez Steve kedvenc Djabe kompoz\u00edci\u00f3j\u00e1ra, a Distant Dance c\u00edm\u0171 sl\u00e1gerre.<\/p>\n<p>A 2013-as miskolci koncertblokk is komoly \u00e9rdekess\u00e9geket rejt, hiszen a Miskolci Filharmonikusokkal kieg\u00e9sz\u00fclt t\u00e1rsas\u00e1g Steve Hackett akusztikus m\u0171sorr\u00e9sz\u00e9t adja el\u0151 Kov\u00e1cs Zolt\u00e1n vez\u00e9nylet\u00e9vel \u00e9s Kov\u00e1cs S\u00e1ra fuvolaj\u00e1t\u00e9k\u00e1val. \u00cdgy ezen extra felv\u00e9telek sem jelentenek \u00f6nc\u00e9l\u00fa ism\u00e9tl\u00e9st, hanem olyan k\u00fcl\u00f6nleges hangszerel\u00e9si \u00e9s zenei \u00e9lm\u00e9nyt, olyan plusz adnak hozz\u00e1 a kiadv\u00e1ny t\u00f6rzsanyag\u00e1hoz, ami miatt nemcsak hogy \u00e9rdemes id\u0151t \u00e9s energi\u00e1t \u00e1ldozni az akusztikus szett befogad\u00e1s\u00e1ra, hanem egyenesen k\u00f6telez\u0151. Hiszen ezek kompoz\u00edci\u00f3k nemcsak \u00f6nmagukban \u00e1ll\u00f3 \u00e9lm\u00e9nyt jelentenek, hanem kieg\u00e9sz\u00edtik, ellenpontozz\u00e1k, al\u00e1h\u00fazz\u00e1k \u00e9s keretbe foglalj\u00e1k a zenet\u00f6rt\u00e9neti jelent\u0151s\u00e9g\u0171 surround koncertnek \u00e9s sztere\u00f3 p\u00e1rj\u00e1nak a m\u0171sor\u00e1t. R\u00e1ad\u00e1sul a jelenleg el\u00e9rhet\u0151 legjobb min\u0151s\u00e9gben!\u00c9ppen ez\u00e9rt ez a k\u00fcl\u00f6nleges Blu-ray lemez nem csak a Djabe rajong\u00f3knak, v\u00e1jtf\u00fcl\u0171eknek \u00e9s az audiofil \u00e9lm\u00e9nyek szerelmeseinek k\u00f6telez\u0151, de mindenki m\u00e1snak is er\u0151sen aj\u00e1nlott!<\/p>\n<p>A Live in Blue \u00fcnnep\u00e9lyes d\u00edszbemutat\u00f3j\u00e1ra 2015. m\u00e1jus 26-\u00e1n ker\u00fclt sor a budapesti Corvin Moziban. A rangos esem\u00e9nyen -az egy\u00fcttes m\u0171\u00e9rt\u0151 rajong\u00f3t\u00e1bora mellett- term\u00e9szetesen tisztelet\u00e9t tette a hazai zenei \u00e9let kr\u00e9mje. A Radv\u00e1nyi G\u00e9z\u00e1r\u00f3l elnevezett teremben szinte mindenki ott volt, aki manaps\u00e1g t\u00e9nyleg sz\u00e1m\u00edt valamit a szakm\u00e1ban, aki val\u00f3di \u00e9rt\u00e9ket k\u00e9pvisel. \u00cdgy nem csoda, hogy rendk\u00edv\u00fcl j\u00f3 hangulat uralkodott a premier-vet\u00edt\u00e9sen. Az\u00f3ta m\u00e1r sz\u00e9les k\u00f6rben el\u00e9rhet\u0151v\u00e9 v\u00e1lt a kiadv\u00e1ny. Kaphat\u00f3 a jobb lemezboltokban, rendelhet\u0151 a zenei diszkontokb\u00f3l. Sz\u00f3l a val\u00f3di zene szerelmeseinek otthoni h\u00e1zimozi rendszereiben, ahogy High-End cuccokon is, a fels\u0151 kateg\u00f3ri\u00e1s berendez\u00e9sekkel foglalkoz\u00f3 audi\u00f3-szalonokban.<\/p>\n<p>A sorozat k\u00f6vetkez\u0151 darabja a tervek szerint a Live in Blue DVD lesz, mely a feledhetetlen PeCs\u00e1s surround buli mellett egy m\u00e1sik k\u00e9k koncert anyag\u00e1b\u00f3l v\u00e1logat majd. Ez\u00fattal a felvid\u00e9ki Blue Note Jazz Clubban, V\u00e1g\u00fajhelyen r\u00f6gz\u00edtett 2013-as Djabe + Steve Hackett koncert felv\u00e9tele ker\u00fcl majd ter\u00edt\u00e9kre.\u201d[\/vc_column_text][vc_separator][vc_column_text]<strong>A lemezen szerepl\u0151 el\u0151ad\u00f3k<\/strong><br \/>\nSzil\u00e1rd Banai \u2013 dobok<br \/>\nTam\u00e1s Barab\u00e1s \u2013 basszusgit\u00e1r<br \/>\nAttila \u00c9gerh\u00e1zi \u2013 git\u00e1r, \u00fct\u0151s hangszerek<br \/>\nFerenc Kov\u00e1cs \u2013 trombita, heged\u0171, \u00e9nek<br \/>\nZolt\u00e1n Kov\u00e1cs \u2013 billenty\u0171s hangszerek<br \/>\nSteve Hackett \u2013 git\u00e1r<br \/>\nGulli Briem \u2013 hang, djembe, shaker, dobok<br \/>\nJohn Nugent \u2013 tenor \u00e9s szopr\u00e1n szaxofon<br \/>\nS\u00e1ra Kov\u00e1cs \u2013 fuvola<br \/>\nMiskolci Szinf\u00f3nikus Zenekar[\/vc_column_text][vc_separator][vc_column_text]<strong>Djabe \u2013 Medley No1 &#8211; from Live in Blue album<\/strong>[\/vc_column_text][vc_video link=&#8221;https:\/\/youtu.be\/8MHnDUru6MU&#8221; align=&#8221;center&#8221;][\/vc_column][\/vc_row]<\/p>","protected":false},"excerpt":{"rendered":"<p>Cs\u00facsmin\u0151s\u00e9g k\u00e9kben.<br \/>\nA Live in Blue c\u00edm\u0171 Blu-ray Disc a Djabe zenekar k\u00e9k sorozat\u00e1nak harmadik kiadv\u00e1nya. A cs\u00facsmin\u0151s\u00e9g\u0171 BD t\u00f6rzsanyaga nem m\u00e1s, mint a rendk\u00edv\u00fcl j\u00f3l siker\u00fclt Down And Up album domin\u00e1ns k\u00e9k f\u00e9nyekkel k\u00eds\u00e9rt 2013-as surround lemezbemutat\u00f3 koncertj\u00e9nek teljes hang- \u00e9s k\u00e9pfelv\u00e9tele\u2026<\/p>\n","protected":false},"featured_media":6234,"template":"","meta":[],"product_brand":[],"product_cat":[109],"product_tag":[],"class_list":{"0":"post-6232","1":"product","2":"type-product","3":"status-publish","4":"has-post-thumbnail","6":"product_cat-blu_ray","7":"yith_product_brand-djabe","8":"col-12 col-sm-6 col-md-4","10":"first","11":"instock","12":"shipping-taxable","13":"purchasable","14":"product-type-simple"},"yoast_head":"<!-- This site is optimized with the Yoast SEO plugin v27.5 - https:\/\/yoast.com\/product\/yoast-seo-wordpress\/ -->\n<title>Djabe Live in Blue (Blu-ray) &#8211; GR1993 Records<\/title>\n<meta name=\"robots\" content=\"index, follow, max-snippet:-1, max-image-preview:large, max-video-preview:-1\" \/>\n<link rel=\"canonical\" href=\"https:\/\/gr1993records.com\/product\/djabe-live-in-blue-blu-ray\/\" \/>\n<meta property=\"og:locale\" content=\"hu_HU\" \/>\n<meta property=\"og:type\" content=\"article\" \/>\n<meta property=\"og:title\" content=\"Djabe Live in Blue (Blu-ray) &#8211; GR1993 Records\" \/>\n<meta property=\"og:description\" content=\"[:hu]Cs\u00facsmin\u0151s\u00e9g k\u00e9kben. A Live in Blue c\u00edm\u0171 Blu-ray Disc a Djabe zenekar k\u00e9k sorozat\u00e1nak harmadik kiadv\u00e1nya. A cs\u00facsmin\u0151s\u00e9g\u0171 BD t\u00f6rzsanyaga nem m\u00e1s, mint a rendk\u00edv\u00fcl j\u00f3l siker\u00fclt Down And Up album domin\u00e1ns k\u00e9k f\u00e9nyekkel k\u00eds\u00e9rt 2013-as surround lemezbemutat\u00f3 koncertj\u00e9nek teljes hang- \u00e9s k\u00e9pfelv\u00e9tele\u2026[:en]The Blu-Ray disc is presenting you the legendary 2013 live surround sound concert\u2019s musical and audiophile experience in it\u2019s full glory or more! Szilard Banai, Tamas Barabas, Attila \u00c9gerh\u00e1zi, Kov\u00e1cs Ferenc, Kov\u00e1cs Zolt\u00e1n with Steve Hackett Gulli Briem and John Nugent.[:]\" \/>\n<meta property=\"og:url\" content=\"https:\/\/gr1993records.com\/product\/djabe-live-in-blue-blu-ray\/\" \/>\n<meta property=\"og:site_name\" content=\"GR1993 Records\" \/>\n<meta property=\"article:publisher\" content=\"https:\/\/www.facebook.com\/GR1993Records-113564886691383\/\" \/>\n<meta property=\"article:modified_time\" content=\"2026-03-31T09:45:55+00:00\" \/>\n<meta property=\"og:image\" content=\"https:\/\/gr1993records.com\/wp-content\/uploads\/2021\/01\/kiadvany_djabe_live_in_blue_Blu-ray_front.jpg\" \/>\n\t<meta property=\"og:image:width\" content=\"1000\" \/>\n\t<meta property=\"og:image:height\" content=\"1000\" \/>\n\t<meta property=\"og:image:type\" content=\"image\/jpeg\" \/>\n<meta name=\"twitter:card\" content=\"summary_large_image\" \/>\n<meta name=\"twitter:label1\" content=\"Becs\u00fclt olvas\u00e1si id\u0151\" \/>\n\t<meta name=\"twitter:data1\" content=\"8 perc\" \/>\n<script type=\"application\/ld+json\" class=\"yoast-schema-graph\">{\"@context\":\"https:\\\/\\\/schema.org\",\"@graph\":[{\"@type\":\"WebPage\",\"@id\":\"https:\\\/\\\/gr1993records.com\\\/product\\\/djabe-live-in-blue-blu-ray\\\/\",\"url\":\"https:\\\/\\\/gr1993records.com\\\/product\\\/djabe-live-in-blue-blu-ray\\\/\",\"name\":\"Djabe Live in Blue (Blu-ray) &#8211; GR1993 Records\",\"isPartOf\":{\"@id\":\"https:\\\/\\\/gr1993records.com\\\/#website\"},\"primaryImageOfPage\":{\"@id\":\"https:\\\/\\\/gr1993records.com\\\/product\\\/djabe-live-in-blue-blu-ray\\\/#primaryimage\"},\"image\":{\"@id\":\"https:\\\/\\\/gr1993records.com\\\/product\\\/djabe-live-in-blue-blu-ray\\\/#primaryimage\"},\"thumbnailUrl\":\"https:\\\/\\\/gr1993records.com\\\/wp-content\\\/uploads\\\/2021\\\/01\\\/kiadvany_djabe_live_in_blue_Blu-ray_front.jpg\",\"datePublished\":\"2021-01-28T17:08:50+00:00\",\"dateModified\":\"2026-03-31T09:45:55+00:00\",\"breadcrumb\":{\"@id\":\"https:\\\/\\\/gr1993records.com\\\/product\\\/djabe-live-in-blue-blu-ray\\\/#breadcrumb\"},\"inLanguage\":\"hu\",\"potentialAction\":[{\"@type\":\"ReadAction\",\"target\":[\"https:\\\/\\\/gr1993records.com\\\/product\\\/djabe-live-in-blue-blu-ray\\\/\"]}]},{\"@type\":\"ImageObject\",\"inLanguage\":\"hu\",\"@id\":\"https:\\\/\\\/gr1993records.com\\\/product\\\/djabe-live-in-blue-blu-ray\\\/#primaryimage\",\"url\":\"https:\\\/\\\/gr1993records.com\\\/wp-content\\\/uploads\\\/2021\\\/01\\\/kiadvany_djabe_live_in_blue_Blu-ray_front.jpg\",\"contentUrl\":\"https:\\\/\\\/gr1993records.com\\\/wp-content\\\/uploads\\\/2021\\\/01\\\/kiadvany_djabe_live_in_blue_Blu-ray_front.jpg\",\"width\":1000,\"height\":1000,\"caption\":\"Djabe \u2013 Live in Blue (Blu-ray) cover\"},{\"@type\":\"BreadcrumbList\",\"@id\":\"https:\\\/\\\/gr1993records.com\\\/product\\\/djabe-live-in-blue-blu-ray\\\/#breadcrumb\",\"itemListElement\":[{\"@type\":\"ListItem\",\"position\":1,\"name\":\"Home\",\"item\":\"https:\\\/\\\/gr1993records.com\\\/?lang=en\"},{\"@type\":\"ListItem\",\"position\":2,\"name\":\"Releases\",\"item\":\"https:\\\/\\\/gr1993records.com\\\/shop\\\/?lang=en\"},{\"@type\":\"ListItem\",\"position\":3,\"name\":\"Djabe Live in Blue (Blu-ray)\"}]},{\"@type\":\"WebSite\",\"@id\":\"https:\\\/\\\/gr1993records.com\\\/#website\",\"url\":\"https:\\\/\\\/gr1993records.com\\\/\",\"name\":\"GR1993 Records\",\"description\":\"\",\"publisher\":{\"@id\":\"https:\\\/\\\/gr1993records.com\\\/#organization\"},\"potentialAction\":[{\"@type\":\"SearchAction\",\"target\":{\"@type\":\"EntryPoint\",\"urlTemplate\":\"https:\\\/\\\/gr1993records.com\\\/?s={search_term_string}\"},\"query-input\":{\"@type\":\"PropertyValueSpecification\",\"valueRequired\":true,\"valueName\":\"search_term_string\"}}],\"inLanguage\":\"hu\"},{\"@type\":\"Organization\",\"@id\":\"https:\\\/\\\/gr1993records.com\\\/#organization\",\"name\":\"Gramy-H Ltd.\",\"url\":\"https:\\\/\\\/gr1993records.com\\\/\",\"logo\":{\"@type\":\"ImageObject\",\"inLanguage\":\"hu\",\"@id\":\"https:\\\/\\\/gr1993records.com\\\/#\\\/schema\\\/logo\\\/image\\\/\",\"url\":\"https:\\\/\\\/gr1993records.com\\\/wp-content\\\/uploads\\\/2019\\\/08\\\/GR1993_Records_logo_CC.png\",\"contentUrl\":\"https:\\\/\\\/gr1993records.com\\\/wp-content\\\/uploads\\\/2019\\\/08\\\/GR1993_Records_logo_CC.png\",\"width\":2900,\"height\":2001,\"caption\":\"Gramy-H Ltd.\"},\"image\":{\"@id\":\"https:\\\/\\\/gr1993records.com\\\/#\\\/schema\\\/logo\\\/image\\\/\"},\"sameAs\":[\"https:\\\/\\\/www.facebook.com\\\/GR1993Records-113564886691383\\\/\"]}]}<\/script>\n<!-- \/ Yoast SEO plugin. -->","yoast_head_json":{"title":"Djabe Live in Blue (Blu-ray) &#8211; GR1993 Records","robots":{"index":"index","follow":"follow","max-snippet":"max-snippet:-1","max-image-preview":"max-image-preview:large","max-video-preview":"max-video-preview:-1"},"canonical":"https:\/\/gr1993records.com\/product\/djabe-live-in-blue-blu-ray\/","og_locale":"hu_HU","og_type":"article","og_title":"Djabe Live in Blue (Blu-ray) &#8211; GR1993 Records","og_description":"[:hu]Cs\u00facsmin\u0151s\u00e9g k\u00e9kben. A Live in Blue c\u00edm\u0171 Blu-ray Disc a Djabe zenekar k\u00e9k sorozat\u00e1nak harmadik kiadv\u00e1nya. A cs\u00facsmin\u0151s\u00e9g\u0171 BD t\u00f6rzsanyaga nem m\u00e1s, mint a rendk\u00edv\u00fcl j\u00f3l siker\u00fclt Down And Up album domin\u00e1ns k\u00e9k f\u00e9nyekkel k\u00eds\u00e9rt 2013-as surround lemezbemutat\u00f3 koncertj\u00e9nek teljes hang- \u00e9s k\u00e9pfelv\u00e9tele\u2026[:en]The Blu-Ray disc is presenting you the legendary 2013 live surround sound concert\u2019s musical and audiophile experience in it\u2019s full glory or more! Szilard Banai, Tamas Barabas, Attila \u00c9gerh\u00e1zi, Kov\u00e1cs Ferenc, Kov\u00e1cs Zolt\u00e1n with Steve Hackett Gulli Briem and John Nugent.[:]","og_url":"https:\/\/gr1993records.com\/product\/djabe-live-in-blue-blu-ray\/","og_site_name":"GR1993 Records","article_publisher":"https:\/\/www.facebook.com\/GR1993Records-113564886691383\/","article_modified_time":"2026-03-31T09:45:55+00:00","og_image":[{"width":1000,"height":1000,"url":"https:\/\/gr1993records.com\/wp-content\/uploads\/2021\/01\/kiadvany_djabe_live_in_blue_Blu-ray_front.jpg","type":"image\/jpeg"}],"twitter_card":"summary_large_image","twitter_misc":{"Becs\u00fclt olvas\u00e1si id\u0151":"8 perc"},"schema":{"@context":"https:\/\/schema.org","@graph":[{"@type":"WebPage","@id":"https:\/\/gr1993records.com\/product\/djabe-live-in-blue-blu-ray\/","url":"https:\/\/gr1993records.com\/product\/djabe-live-in-blue-blu-ray\/","name":"Djabe Live in Blue (Blu-ray) &#8211; GR1993 Records","isPartOf":{"@id":"https:\/\/gr1993records.com\/#website"},"primaryImageOfPage":{"@id":"https:\/\/gr1993records.com\/product\/djabe-live-in-blue-blu-ray\/#primaryimage"},"image":{"@id":"https:\/\/gr1993records.com\/product\/djabe-live-in-blue-blu-ray\/#primaryimage"},"thumbnailUrl":"https:\/\/gr1993records.com\/wp-content\/uploads\/2021\/01\/kiadvany_djabe_live_in_blue_Blu-ray_front.jpg","datePublished":"2021-01-28T17:08:50+00:00","dateModified":"2026-03-31T09:45:55+00:00","breadcrumb":{"@id":"https:\/\/gr1993records.com\/product\/djabe-live-in-blue-blu-ray\/#breadcrumb"},"inLanguage":"hu","potentialAction":[{"@type":"ReadAction","target":["https:\/\/gr1993records.com\/product\/djabe-live-in-blue-blu-ray\/"]}]},{"@type":"ImageObject","inLanguage":"hu","@id":"https:\/\/gr1993records.com\/product\/djabe-live-in-blue-blu-ray\/#primaryimage","url":"https:\/\/gr1993records.com\/wp-content\/uploads\/2021\/01\/kiadvany_djabe_live_in_blue_Blu-ray_front.jpg","contentUrl":"https:\/\/gr1993records.com\/wp-content\/uploads\/2021\/01\/kiadvany_djabe_live_in_blue_Blu-ray_front.jpg","width":1000,"height":1000,"caption":"Djabe \u2013 Live in Blue (Blu-ray) cover"},{"@type":"BreadcrumbList","@id":"https:\/\/gr1993records.com\/product\/djabe-live-in-blue-blu-ray\/#breadcrumb","itemListElement":[{"@type":"ListItem","position":1,"name":"Home","item":"https:\/\/gr1993records.com\/?lang=en"},{"@type":"ListItem","position":2,"name":"Releases","item":"https:\/\/gr1993records.com\/shop\/?lang=en"},{"@type":"ListItem","position":3,"name":"Djabe Live in Blue (Blu-ray)"}]},{"@type":"WebSite","@id":"https:\/\/gr1993records.com\/#website","url":"https:\/\/gr1993records.com\/","name":"GR1993 Records","description":"","publisher":{"@id":"https:\/\/gr1993records.com\/#organization"},"potentialAction":[{"@type":"SearchAction","target":{"@type":"EntryPoint","urlTemplate":"https:\/\/gr1993records.com\/?s={search_term_string}"},"query-input":{"@type":"PropertyValueSpecification","valueRequired":true,"valueName":"search_term_string"}}],"inLanguage":"hu"},{"@type":"Organization","@id":"https:\/\/gr1993records.com\/#organization","name":"Gramy-H Ltd.","url":"https:\/\/gr1993records.com\/","logo":{"@type":"ImageObject","inLanguage":"hu","@id":"https:\/\/gr1993records.com\/#\/schema\/logo\/image\/","url":"https:\/\/gr1993records.com\/wp-content\/uploads\/2019\/08\/GR1993_Records_logo_CC.png","contentUrl":"https:\/\/gr1993records.com\/wp-content\/uploads\/2019\/08\/GR1993_Records_logo_CC.png","width":2900,"height":2001,"caption":"Gramy-H Ltd."},"image":{"@id":"https:\/\/gr1993records.com\/#\/schema\/logo\/image\/"},"sameAs":["https:\/\/www.facebook.com\/GR1993Records-113564886691383\/"]}]}},"jetpack_sharing_enabled":true,"_links":{"self":[{"href":"https:\/\/gr1993records.com\/wp-json\/wp\/v2\/product\/6232","targetHints":{"allow":["GET"]}}],"collection":[{"href":"https:\/\/gr1993records.com\/wp-json\/wp\/v2\/product"}],"about":[{"href":"https:\/\/gr1993records.com\/wp-json\/wp\/v2\/types\/product"}],"wp:featuredmedia":[{"embeddable":true,"href":"https:\/\/gr1993records.com\/wp-json\/wp\/v2\/media\/6234"}],"wp:attachment":[{"href":"https:\/\/gr1993records.com\/wp-json\/wp\/v2\/media?parent=6232"}],"wp:term":[{"taxonomy":"product_brand","embeddable":true,"href":"https:\/\/gr1993records.com\/wp-json\/wp\/v2\/product_brand?post=6232"},{"taxonomy":"product_cat","embeddable":true,"href":"https:\/\/gr1993records.com\/wp-json\/wp\/v2\/product_cat?post=6232"},{"taxonomy":"product_tag","embeddable":true,"href":"https:\/\/gr1993records.com\/wp-json\/wp\/v2\/product_tag?post=6232"}],"curies":[{"name":"wp","href":"https:\/\/api.w.org\/{rel}","templated":true}]}}