{"id":6222,"date":"2021-01-28T15:48:48","date_gmt":"2021-01-28T15:48:48","guid":{"rendered":"https:\/\/gr1993records.com\/?post_type=product&#038;p=6222"},"modified":"2026-03-31T11:46:17","modified_gmt":"2026-03-31T09:46:17","slug":"djabe-live-in-blue-2cd","status":"publish","type":"product","link":"https:\/\/gr1993records.com\/index.php\/product\/djabe-live-in-blue-2cd\/","title":{"rendered":"Djabe <br\/>Live in Blue <br\/>(2CD)"},"content":{"rendered":"<p>[vc_row][vc_column][vc_column_text]A felv\u00e9telek a Down And Up sztere\u00f3 \u00e9s surround turn\u00e9k alkalm\u00e1val k\u00e9sz\u00fcltek 2012 \u2013 2014 k\u00f6z\u00f6tt.<br \/>\nEz a m\u00e1sodik darabja a Live in Blue LP, 2CD, DVD, Blu-Ray sz\u00e9ri\u00e1nak. Minden kiadv\u00e1ny tartalmaz olyan sz\u00e1mokat, ami a t\u00f6bbi lemezen nem tal\u00e1lhat\u00f3 meg. A dupla CD 158 perc hossz\u00fa. Mind\u00f6ssze 32 percnyi az \u00e1tfed\u00e9s a 45 perces LP zeneanyag\u00e1val, \u00e9s kb. 80 perc olyan felv\u00e9tel van rajta, ami nem ker\u00fclt fel a 185 perc j\u00e1t\u00e9kidej\u0171 Blu Ray-re. A Djabe 2012-ben a Down And Up album megjelen\u00e9se kapcs\u00e1n nagyszab\u00e1s\u00fa koncertk\u00f6r\u00fatba kezdett \u00e9s 2014 nyar\u00e1ig eml\u00e9kezetes fell\u00e9p\u00e9sek sor\u00e1t adt\u00e1k Magyarorsz\u00e1gon, Eur\u00f3p\u00e1ban \u00e9s Kanad\u00e1ban. Az el\u0151ad\u00e1sokhoz gyakran csatlakoztak a zenekar zen\u00e9sz bar\u00e1tai is. \u00cdgy a kiadv\u00e1nyon jelent\u0151s szerep jutott a vend\u00e9geknek is. Steve Hackett git\u00e1rozott a Genesisb\u0151l, Gulli Briem \u00fct\u0151hangszeren \u00e9s dobon j\u00e1tszott a Mezzofort\u00e9b\u0151l, \u00e9s a New Yorkban \u00e9l\u0151 kanadai szaxofonos John Nugent (Tony Bennett, Ella Fitzgerald) tette teljess\u00e9 a vend\u00e9gek list\u00e1j\u00e1t. A 2013. november 10-i miskolci koncert k\u00fcl\u00f6n\u00f6sen rendhagy\u00f3 lett, hiszen a Miskolci Szimfonikusok \u00e9s Kov\u00e1cs S\u00e1ra fuvol\u00e1n is k\u00f6zrem\u0171k\u00f6d\u00f6tt a programban. A Live in Blue kiadv\u00e1nyok els\u0151 k\u00e9t darabja, a vinyl LP \u00e9s a dupla CD, a koncerteken szerepl\u0151 mindegyik sz\u00ednpadi fel\u00e1ll\u00e1sb\u00f3l ad izgalmas \u00edzel\u00edt\u0151t. A Blu-Ray a 2013. m\u00e1rcius elsejei budapesti koncertr\u0151l k\u00e9sz\u00fclt, ahol a Djabe surroundban mutatta be Down And Up c\u00edm\u0171 album\u00e1t a Pecsa Music Hallban. A koncerten az \u00faj album bemutat\u00e1sa ut\u00e1n a zenekar teljes \u00e9letp\u00e1ly\u00e1j\u00e1t \u00e1tfog\u00f3 egyveleg sorozat k\u00f6vetkezett. A zenekar Banai Szil\u00e1rd \u2013 dobok, Barab\u00e1s Tam\u00e1s \u2013 basszusgit\u00e1r, \u00c9gerh\u00e1zi Attila \u2013 git\u00e1r, Kov\u00e1cs Ferenc \u2013 trombita, heged\u0171 \u00e9s \u00e9nek, Kov\u00e1cs Zolt\u00e1n \u2013 billenty\u0171s hangszerek fel\u00e1ll\u00e1s\u00e1t kieg\u00e9sz\u00edtette Gulli Briem \u2013 \u00fct\u0151hangszerek \u00e9s dob, valamint John Nugent szaxofon j\u00e1t\u00e9ka. Minden id\u0151k egyik legjobb Djabe koncertje volt ez, melynek \u00e9l\u0151 surround hangz\u00e1sa legend\u00e1ss\u00e1 v\u00e1lt az\u00f3ta.[\/vc_column_text][vc_separator][vc_column_text]<strong>A lemezen szerepl\u0151 el\u0151ad\u00f3k<\/strong><br \/>\nSzil\u00e1rd Banai \u2013 dobok<br \/>\nTam\u00e1s Barab\u00e1s \u2013 basszusgit\u00e1r<br \/>\nAttila \u00c9gerh\u00e1zi \u2013 git\u00e1r, \u00fct\u0151s hangszerek<br \/>\nFerenc Kov\u00e1cs \u2013 trombita, heged\u0171, \u00e9nek<br \/>\nZolt\u00e1n Kov\u00e1cs \u2013 billenty\u0171s hangszerek<br \/>\nSteve Hackett \u2013 git\u00e1r<br \/>\nGulli Briem \u2013 hang, djembe, shaker, dobok<br \/>\nJohn Nugent \u2013 tenor \u00e9s szopr\u00e1n szaxofon<br \/>\nS\u00e1ra Kov\u00e1cs \u2013 fuvola<br \/>\nMiskolci Szinf\u00f3nikus Zenekar[\/vc_column_text][vc_separator][vc_column_text]<strong>Djabe \u2013 Medley No1 &#8211; from Live in Blue album<\/strong>[\/vc_column_text][vc_video link=&#8221;https:\/\/youtu.be\/8MHnDUru6MU&#8221; align=&#8221;center&#8221;][\/vc_column][\/vc_row]<\/p>","protected":false},"excerpt":{"rendered":"<p>A felv\u00e9telek a Down And Up sztere\u00f3 \u00e9s surround turn\u00e9k alkalm\u00e1val k\u00e9sz\u00fcltek 2012 \u2013 2014 k\u00f6z\u00f6tt.<br \/>\nEz a m\u00e1sodik darabja a Live in Blue LP, 2CD, DVD, Blu-Ray sz\u00e9ri\u00e1nak. Minden kiadv\u00e1ny tartalmaz olyan sz\u00e1mokat, ami a t\u00f6bbi lemezen nem tal\u00e1lhat\u00f3 meg.<\/p>\n","protected":false},"featured_media":6224,"template":"","meta":[],"product_brand":[],"product_cat":[92],"product_tag":[],"class_list":{"0":"post-6222","1":"product","2":"type-product","3":"status-publish","4":"has-post-thumbnail","6":"product_cat-cd","7":"yith_product_brand-djabe","8":"col-12 col-sm-6 col-md-4","10":"first","11":"instock","12":"shipping-taxable","13":"purchasable","14":"product-type-simple"},"yoast_head":"<!-- This site is optimized with the Yoast SEO plugin v27.3 - https:\/\/yoast.com\/product\/yoast-seo-wordpress\/ -->\n<title>Djabe Live in Blue (2CD) &#8211; GR1993 Records<\/title>\n<meta name=\"robots\" content=\"index, follow, max-snippet:-1, max-image-preview:large, max-video-preview:-1\" \/>\n<link rel=\"canonical\" href=\"https:\/\/gr1993records.com\/index.php\/product\/djabe-live-in-blue-2cd\/\" \/>\n<meta property=\"og:locale\" content=\"hu_HU\" \/>\n<meta property=\"og:type\" content=\"article\" \/>\n<meta property=\"og:title\" content=\"Djabe Live in Blue (2CD) &#8211; GR1993 Records\" \/>\n<meta property=\"og:description\" content=\"[:hu]A felv\u00e9telek a Down And Up sztere\u00f3 \u00e9s surround turn\u00e9k alkalm\u00e1val k\u00e9sz\u00fcltek 2012 \u2013 2014 k\u00f6z\u00f6tt. Ez a m\u00e1sodik darabja a Live in Blue LP, 2CD, DVD, Blu-Ray sz\u00e9ri\u00e1nak. Minden kiadv\u00e1ny tartalmaz olyan sz\u00e1mokat, ami a t\u00f6bbi lemezen nem tal\u00e1lhat\u00f3 meg.[:en]The recordings made at the Down And Up stereo and surround tours during 2012 \u2013 2014. This is the second part of the Djabe: Live in Blue LP, 2CD, DVD, Blu-ray series.[:]\" \/>\n<meta property=\"og:url\" content=\"https:\/\/gr1993records.com\/index.php\/product\/djabe-live-in-blue-2cd\/\" \/>\n<meta property=\"og:site_name\" content=\"GR1993 Records\" \/>\n<meta property=\"article:publisher\" content=\"https:\/\/www.facebook.com\/GR1993Records-113564886691383\/\" \/>\n<meta property=\"article:modified_time\" content=\"2026-03-31T09:46:17+00:00\" \/>\n<meta property=\"og:image\" content=\"https:\/\/gr1993records.com\/wp-content\/uploads\/2021\/01\/kiadvany_djabe_live_in_blue_2CD_front.jpg\" \/>\n\t<meta property=\"og:image:width\" content=\"1000\" \/>\n\t<meta property=\"og:image:height\" content=\"1000\" \/>\n\t<meta property=\"og:image:type\" content=\"image\/jpeg\" \/>\n<meta name=\"twitter:card\" content=\"summary_large_image\" \/>\n<meta name=\"twitter:label1\" content=\"Becs\u00fclt olvas\u00e1si id\u0151\" \/>\n\t<meta name=\"twitter:data1\" content=\"4 perc\" \/>\n<script type=\"application\/ld+json\" class=\"yoast-schema-graph\">{\"@context\":\"https:\\\/\\\/schema.org\",\"@graph\":[{\"@type\":\"WebPage\",\"@id\":\"https:\\\/\\\/gr1993records.com\\\/index.php\\\/product\\\/djabe-live-in-blue-2cd\\\/\",\"url\":\"https:\\\/\\\/gr1993records.com\\\/index.php\\\/product\\\/djabe-live-in-blue-2cd\\\/\",\"name\":\"Djabe Live in Blue (2CD) &#8211; GR1993 Records\",\"isPartOf\":{\"@id\":\"https:\\\/\\\/gr1993records.com\\\/#website\"},\"primaryImageOfPage\":{\"@id\":\"https:\\\/\\\/gr1993records.com\\\/index.php\\\/product\\\/djabe-live-in-blue-2cd\\\/#primaryimage\"},\"image\":{\"@id\":\"https:\\\/\\\/gr1993records.com\\\/index.php\\\/product\\\/djabe-live-in-blue-2cd\\\/#primaryimage\"},\"thumbnailUrl\":\"https:\\\/\\\/gr1993records.com\\\/wp-content\\\/uploads\\\/2021\\\/01\\\/kiadvany_djabe_live_in_blue_2CD_front.jpg\",\"datePublished\":\"2021-01-28T15:48:48+00:00\",\"dateModified\":\"2026-03-31T09:46:17+00:00\",\"breadcrumb\":{\"@id\":\"https:\\\/\\\/gr1993records.com\\\/index.php\\\/product\\\/djabe-live-in-blue-2cd\\\/#breadcrumb\"},\"inLanguage\":\"hu\",\"potentialAction\":[{\"@type\":\"ReadAction\",\"target\":[\"https:\\\/\\\/gr1993records.com\\\/index.php\\\/product\\\/djabe-live-in-blue-2cd\\\/\"]}]},{\"@type\":\"ImageObject\",\"inLanguage\":\"hu\",\"@id\":\"https:\\\/\\\/gr1993records.com\\\/index.php\\\/product\\\/djabe-live-in-blue-2cd\\\/#primaryimage\",\"url\":\"https:\\\/\\\/gr1993records.com\\\/wp-content\\\/uploads\\\/2021\\\/01\\\/kiadvany_djabe_live_in_blue_2CD_front.jpg\",\"contentUrl\":\"https:\\\/\\\/gr1993records.com\\\/wp-content\\\/uploads\\\/2021\\\/01\\\/kiadvany_djabe_live_in_blue_2CD_front.jpg\",\"width\":1000,\"height\":1000,\"caption\":\"Djabe \u2013 Live in Blue (2CD) cover\"},{\"@type\":\"BreadcrumbList\",\"@id\":\"https:\\\/\\\/gr1993records.com\\\/index.php\\\/product\\\/djabe-live-in-blue-2cd\\\/#breadcrumb\",\"itemListElement\":[{\"@type\":\"ListItem\",\"position\":1,\"name\":\"Home\",\"item\":\"https:\\\/\\\/gr1993records.com\\\/\"},{\"@type\":\"ListItem\",\"position\":2,\"name\":\"Kiadv\u00e1nyok\",\"item\":\"https:\\\/\\\/gr1993records.com\\\/index.php\\\/shop\\\/\"},{\"@type\":\"ListItem\",\"position\":3,\"name\":\"Djabe Live in Blue (2CD)\"}]},{\"@type\":\"WebSite\",\"@id\":\"https:\\\/\\\/gr1993records.com\\\/#website\",\"url\":\"https:\\\/\\\/gr1993records.com\\\/\",\"name\":\"GR1993 Records\",\"description\":\"\",\"publisher\":{\"@id\":\"https:\\\/\\\/gr1993records.com\\\/#organization\"},\"potentialAction\":[{\"@type\":\"SearchAction\",\"target\":{\"@type\":\"EntryPoint\",\"urlTemplate\":\"https:\\\/\\\/gr1993records.com\\\/?s={search_term_string}\"},\"query-input\":{\"@type\":\"PropertyValueSpecification\",\"valueRequired\":true,\"valueName\":\"search_term_string\"}}],\"inLanguage\":\"hu\"},{\"@type\":\"Organization\",\"@id\":\"https:\\\/\\\/gr1993records.com\\\/#organization\",\"name\":\"Gramy-H Ltd.\",\"url\":\"https:\\\/\\\/gr1993records.com\\\/\",\"logo\":{\"@type\":\"ImageObject\",\"inLanguage\":\"hu\",\"@id\":\"https:\\\/\\\/gr1993records.com\\\/#\\\/schema\\\/logo\\\/image\\\/\",\"url\":\"https:\\\/\\\/gr1993records.com\\\/wp-content\\\/uploads\\\/2019\\\/08\\\/GR1993_Records_logo_CC.png\",\"contentUrl\":\"https:\\\/\\\/gr1993records.com\\\/wp-content\\\/uploads\\\/2019\\\/08\\\/GR1993_Records_logo_CC.png\",\"width\":2900,\"height\":2001,\"caption\":\"Gramy-H Ltd.\"},\"image\":{\"@id\":\"https:\\\/\\\/gr1993records.com\\\/#\\\/schema\\\/logo\\\/image\\\/\"},\"sameAs\":[\"https:\\\/\\\/www.facebook.com\\\/GR1993Records-113564886691383\\\/\"]}]}<\/script>\n<!-- \/ Yoast SEO plugin. -->","yoast_head_json":{"title":"Djabe Live in Blue (2CD) &#8211; GR1993 Records","robots":{"index":"index","follow":"follow","max-snippet":"max-snippet:-1","max-image-preview":"max-image-preview:large","max-video-preview":"max-video-preview:-1"},"canonical":"https:\/\/gr1993records.com\/index.php\/product\/djabe-live-in-blue-2cd\/","og_locale":"hu_HU","og_type":"article","og_title":"Djabe Live in Blue (2CD) &#8211; GR1993 Records","og_description":"[:hu]A felv\u00e9telek a Down And Up sztere\u00f3 \u00e9s surround turn\u00e9k alkalm\u00e1val k\u00e9sz\u00fcltek 2012 \u2013 2014 k\u00f6z\u00f6tt. Ez a m\u00e1sodik darabja a Live in Blue LP, 2CD, DVD, Blu-Ray sz\u00e9ri\u00e1nak. Minden kiadv\u00e1ny tartalmaz olyan sz\u00e1mokat, ami a t\u00f6bbi lemezen nem tal\u00e1lhat\u00f3 meg.[:en]The recordings made at the Down And Up stereo and surround tours during 2012 \u2013 2014. This is the second part of the Djabe: Live in Blue LP, 2CD, DVD, Blu-ray series.[:]","og_url":"https:\/\/gr1993records.com\/index.php\/product\/djabe-live-in-blue-2cd\/","og_site_name":"GR1993 Records","article_publisher":"https:\/\/www.facebook.com\/GR1993Records-113564886691383\/","article_modified_time":"2026-03-31T09:46:17+00:00","og_image":[{"width":1000,"height":1000,"url":"https:\/\/gr1993records.com\/wp-content\/uploads\/2021\/01\/kiadvany_djabe_live_in_blue_2CD_front.jpg","type":"image\/jpeg"}],"twitter_card":"summary_large_image","twitter_misc":{"Becs\u00fclt olvas\u00e1si id\u0151":"4 perc"},"schema":{"@context":"https:\/\/schema.org","@graph":[{"@type":"WebPage","@id":"https:\/\/gr1993records.com\/index.php\/product\/djabe-live-in-blue-2cd\/","url":"https:\/\/gr1993records.com\/index.php\/product\/djabe-live-in-blue-2cd\/","name":"Djabe Live in Blue (2CD) &#8211; GR1993 Records","isPartOf":{"@id":"https:\/\/gr1993records.com\/#website"},"primaryImageOfPage":{"@id":"https:\/\/gr1993records.com\/index.php\/product\/djabe-live-in-blue-2cd\/#primaryimage"},"image":{"@id":"https:\/\/gr1993records.com\/index.php\/product\/djabe-live-in-blue-2cd\/#primaryimage"},"thumbnailUrl":"https:\/\/gr1993records.com\/wp-content\/uploads\/2021\/01\/kiadvany_djabe_live_in_blue_2CD_front.jpg","datePublished":"2021-01-28T15:48:48+00:00","dateModified":"2026-03-31T09:46:17+00:00","breadcrumb":{"@id":"https:\/\/gr1993records.com\/index.php\/product\/djabe-live-in-blue-2cd\/#breadcrumb"},"inLanguage":"hu","potentialAction":[{"@type":"ReadAction","target":["https:\/\/gr1993records.com\/index.php\/product\/djabe-live-in-blue-2cd\/"]}]},{"@type":"ImageObject","inLanguage":"hu","@id":"https:\/\/gr1993records.com\/index.php\/product\/djabe-live-in-blue-2cd\/#primaryimage","url":"https:\/\/gr1993records.com\/wp-content\/uploads\/2021\/01\/kiadvany_djabe_live_in_blue_2CD_front.jpg","contentUrl":"https:\/\/gr1993records.com\/wp-content\/uploads\/2021\/01\/kiadvany_djabe_live_in_blue_2CD_front.jpg","width":1000,"height":1000,"caption":"Djabe \u2013 Live in Blue (2CD) cover"},{"@type":"BreadcrumbList","@id":"https:\/\/gr1993records.com\/index.php\/product\/djabe-live-in-blue-2cd\/#breadcrumb","itemListElement":[{"@type":"ListItem","position":1,"name":"Home","item":"https:\/\/gr1993records.com\/"},{"@type":"ListItem","position":2,"name":"Kiadv\u00e1nyok","item":"https:\/\/gr1993records.com\/index.php\/shop\/"},{"@type":"ListItem","position":3,"name":"Djabe Live in Blue (2CD)"}]},{"@type":"WebSite","@id":"https:\/\/gr1993records.com\/#website","url":"https:\/\/gr1993records.com\/","name":"GR1993 Records","description":"","publisher":{"@id":"https:\/\/gr1993records.com\/#organization"},"potentialAction":[{"@type":"SearchAction","target":{"@type":"EntryPoint","urlTemplate":"https:\/\/gr1993records.com\/?s={search_term_string}"},"query-input":{"@type":"PropertyValueSpecification","valueRequired":true,"valueName":"search_term_string"}}],"inLanguage":"hu"},{"@type":"Organization","@id":"https:\/\/gr1993records.com\/#organization","name":"Gramy-H Ltd.","url":"https:\/\/gr1993records.com\/","logo":{"@type":"ImageObject","inLanguage":"hu","@id":"https:\/\/gr1993records.com\/#\/schema\/logo\/image\/","url":"https:\/\/gr1993records.com\/wp-content\/uploads\/2019\/08\/GR1993_Records_logo_CC.png","contentUrl":"https:\/\/gr1993records.com\/wp-content\/uploads\/2019\/08\/GR1993_Records_logo_CC.png","width":2900,"height":2001,"caption":"Gramy-H Ltd."},"image":{"@id":"https:\/\/gr1993records.com\/#\/schema\/logo\/image\/"},"sameAs":["https:\/\/www.facebook.com\/GR1993Records-113564886691383\/"]}]}},"jetpack_sharing_enabled":true,"_links":{"self":[{"href":"https:\/\/gr1993records.com\/index.php\/wp-json\/wp\/v2\/product\/6222","targetHints":{"allow":["GET"]}}],"collection":[{"href":"https:\/\/gr1993records.com\/index.php\/wp-json\/wp\/v2\/product"}],"about":[{"href":"https:\/\/gr1993records.com\/index.php\/wp-json\/wp\/v2\/types\/product"}],"wp:featuredmedia":[{"embeddable":true,"href":"https:\/\/gr1993records.com\/index.php\/wp-json\/wp\/v2\/media\/6224"}],"wp:attachment":[{"href":"https:\/\/gr1993records.com\/index.php\/wp-json\/wp\/v2\/media?parent=6222"}],"wp:term":[{"taxonomy":"product_brand","embeddable":true,"href":"https:\/\/gr1993records.com\/index.php\/wp-json\/wp\/v2\/product_brand?post=6222"},{"taxonomy":"product_cat","embeddable":true,"href":"https:\/\/gr1993records.com\/index.php\/wp-json\/wp\/v2\/product_cat?post=6222"},{"taxonomy":"product_tag","embeddable":true,"href":"https:\/\/gr1993records.com\/index.php\/wp-json\/wp\/v2\/product_tag?post=6222"}],"curies":[{"name":"wp","href":"https:\/\/api.w.org\/{rel}","templated":true}]}}