{"id":6217,"date":"2021-01-28T14:08:50","date_gmt":"2021-01-28T14:08:50","guid":{"rendered":"https:\/\/gr1993records.com\/?post_type=product&#038;p=6217"},"modified":"2026-03-31T11:46:31","modified_gmt":"2026-03-31T09:46:31","slug":"djabe-down-and-up-live-in-budapest-dvd","status":"publish","type":"product","link":"https:\/\/gr1993records.com\/product\/djabe-down-and-up-live-in-budapest-dvd\/","title":{"rendered":"Djabe <br\/>Down And Up <br\/>Live in Budapest <br\/>(DVD)"},"content":{"rendered":"<p>[vc_row][vc_column][vc_column_text]A Djabe zenekar 2012 \u00e9v v\u00e9g\u00e9n jelentette meg Down And Up c\u00edm\u0171 st\u00fadi\u00f3album\u00e1t. A lemez szakmai \u00e9s k\u00f6z\u00f6ns\u00e9g berkekben is kiv\u00e1l\u00f3 fogadtat\u00e1sra tal\u00e1lt. A kiadv\u00e1nyt jel\u00f6lt\u00e9k a Fonogram magyar zenei d\u00edjra, jazz kateg\u00f3ri\u00e1ban 2013-ban.<\/p>\n<p>A felv\u00e9telek h\u00e1romf\u00e9le v\u00e1ltozatban is megjelentek: CD, vinyl LP \u00e9s DVD-Audio form\u00e1tumban. Az albumot a zenekar hazai \u00e9s nemzetk\u00f6zi turn\u00e9 keret\u00e9ben mutatta be, melynek 2012. november 30-i budapesti \u00e1llom\u00e1s\u00e1n k\u00e9sz\u00fclt az a koncertfilm, mely felker\u00fclt a DVD-re. A koncerten a Djabe tagjai mellett (Barab\u00e1s Tam\u00e1s basszusgit\u00e1r, Banai Szil\u00e1rd dobok, \u00c9gerh\u00e1zi Attila git\u00e1r, Kov\u00e1cs Ferenc trombita, heged\u0171, \u00e9nek \u00e9s Kov\u00e1cs Zolt\u00e1n billenty\u0171s hangszerek) az album vend\u00e9gei k\u00f6z\u00fcl k\u00f6zrem\u0171k\u00f6d\u00f6tt Steve Hackett (Genesis) git\u00e1ron. K\u00fcl\u00f6n \u00e9rdekess\u00e9ge volt a koncertnek, hogy fell\u00e9p\u00e9s el\u0151tt egy h\u00e9ttel Gulli Briem is igent mondott a r\u00e9szv\u00e9telre. Ez volt az els\u0151 alkalom, hogy a Mezzoforte dobosa a zenekarral j\u00e1tszott, mely az\u00f3ta rendszeress\u00e9 v\u00e1lt hazai \u00e9s nemzetk\u00f6zi turn\u00e9k alkalm\u00e1val.<\/p>\n<p>A koncert els\u0151 r\u00e9sz\u00e9ben a Djabe zenekar \u00e9s Steve Hackett mutatt\u00e1k be a Down And Up album els\u0151 kilenc kompoz\u00edci\u00f3j\u00e1t, melyekb\u0151l hat Barab\u00e1s Tam\u00e1s \u00f6n\u00e1ll\u00f3 szerzem\u00e9nye a marad\u00e9k h\u00e1romban pedig Kov\u00e1cs Ferenc \u00e9s \u00c9gerh\u00e1zi Attila t\u00e1rsszerz\u0151k k\u00e9t \u2013 k\u00e9t kompoz\u00edci\u00f3ban. A st\u00fadi\u00f3album \u00e9s a koncert hangszerel\u00e9se is Barab\u00e1s Tam\u00e1s munk\u00e1ja.<br \/>\nA koncert m\u00e1sodik fel\u00e9ben el\u0151sz\u00f6r Steve Hackett j\u00e1tszott \u00f6n\u00e1ll\u00f3 akusztikus blokkot, majd hozz\u00e1 csatlakoztak a Djabe zen\u00e9szei, folytatva imm\u00e1r quartett fel\u00e1ll\u00e1sban az akusztikus el\u0151ad\u00e1st. K\u00fcl\u00f6nleges csemege Steve Hackett Ace of wands c. darabja a Djabe el\u0151ad\u00e1s\u00e1ban, akusztikus felfog\u00e1sban. A Firth of fifth-el folytat\u00f3dott az akusztikus blokk, a h\u00edres mel\u00f3dia Kov\u00e1cs Ferenc heged\u0171j\u00e9n csend\u00fclt fel, majd a zenekar \u00e1tv\u00e1ltott elektromos felfog\u00e1sra a sz\u00e1mon bel\u00fcl, melyet billenty\u0171s sz\u00f3l\u00f3 ut\u00e1n Steve legh\u00edresebb \u00e9s tal\u00e1n legjobb git\u00e1r sz\u00f3l\u00f3ja z\u00e1rt. A h\u00e1tral\u00e9v\u0151 Genesis \u00e9s Djabe sz\u00e1mokra Gulli Briem is csatlakozott a zen\u00e9szekhez, fokozva\u00a0 a koncert intenzit\u00e1s\u00e1t \u00e9s sz\u00ednes\u00edtve a ritmus szekci\u00f3 hangz\u00e1s\u00e1t. A r\u00e1ad\u00e1sban a Tears for Peace sz\u00e1m ker\u00fclt ter\u00edt\u00e9kre, mely a Down And Up utols\u00f3 kompoz\u00edci\u00f3ja. A zenesz\u00e1m \u00e9rdekess\u00e9ge, hogy a zen\u00e9j\u00e9t Barab\u00e1s Tam\u00e1s szerezte, a sz\u00f6veg\u00e9t Steve feles\u00e9ge, Joanna Hackett \u00edrta, a sz\u00e1mot pedig Steve \u00e9nekli.<\/p>\n<p>A DVD a teljes koncert anyagot tartalmazza, a Djabe-t\u00f3l m\u00e1r megszokott kiv\u00e1l\u00f3 hangmin\u0151s\u00e9gben, sztereo \u00e9s 5.1-es Surround hangz\u00e1sban is. A vide\u00f3 extr\u00e1k k\u00f6z\u00e9 beker\u00fclt a Tears for Peace c\u00edm\u0171 sz\u00e1mhoz forgatott vide\u00f3klip. Ennek k\u00fcl\u00f6nlegess\u00e9ge, hogy a zenekar 16 millim\u00e9teres fekete \u2013 feh\u00e9r filmre forgatta az anyagot, valamint k\u00f6zponti mot\u00edvumk\u00e9nt Budapest belv\u00e1ros\u00e1ban egy T59-es tankon j\u00e1tssz\u00e1k \u00e9s \u00e9neklik a dalt. Tov\u00e1bbi extra a zenekar 2011-es turn\u00e9j\u00e1nak debreceni \u00e1llom\u00e1s\u00e1n forgatott koncert klip, a The steppes, Hackett szerzem\u00e9nye. Az alkot\u00f3k fot\u00f3gal\u00e9ri\u00e1t is k\u00e9sz\u00edtettek a DVD-hez.[\/vc_column_text][vc_separator][vc_column_text]<strong>A lemezen szerepl\u0151 el\u0151ad\u00f3k<\/strong><br \/>\nBarab\u00e1s Tam\u00e1s \u2013 basszusgit\u00e1r<br \/>\nBanai Szil\u00e1rd \u2013 dobok<br \/>\n\u00c9gerh\u00e1zi Attila \u2013 git\u00e1r<br \/>\nKov\u00e1cs Ferenc \u2013 trombita, heged\u0171, \u00e9nek<br \/>\nKov\u00e1cs Zolt\u00e1n \u2013 billenty\u0171s hangszerek<br \/>\nSteve Hackett \u2013 git\u00e1r \u00e9s \u00e9nek<br \/>\nGulli Briem \u2013 dobok[\/vc_column_text][vc_separator][vc_column_text]<strong>Djabe \u2013 Down And Up<\/strong>[\/vc_column_text][vc_video link=&#8221;https:\/\/youtu.be\/ASFWlJFWZM0&#8243; align=&#8221;center&#8221;][vc_separator][vc_column_text]<strong>Djabe with Steve Hackett \u2013 Tears For Peace<\/strong>[\/vc_column_text][vc_video link=&#8221;https:\/\/youtu.be\/Q5T-TTGPJI0&#8243; align=&#8221;center&#8221;][vc_separator][vc_column_text]<strong>Djabe \u2013 Take A Deep Breath<\/strong>[\/vc_column_text][vc_video link=&#8221;https:\/\/youtu.be\/uBF2Wbz4Crk&#8221; align=&#8221;center&#8221;][vc_separator][vc_column_text]<strong>Djabe \u2013 Dark Soup<\/strong>[\/vc_column_text][vc_video link=&#8221;https:\/\/youtu.be\/jFDLV2pJVgE&#8221; align=&#8221;center&#8221;][\/vc_column][\/vc_row]<\/p>","protected":false},"excerpt":{"rendered":"<p>A Djabe zenekar 2012 \u00e9v \u0151sz\u00e9n jelentette meg Down And Up c\u00edm\u0171 st\u00fadi\u00f3album\u00e1t. A kiadv\u00e1nyt jel\u00f6lt\u00e9k a Fonogram magyar zenei d\u00edjra, jazz kateg\u00f3ri\u00e1ban 2013-ban.<br \/>\nAz albumot a zenekar hazai \u00e9s nemzetk\u00f6zi turn\u00e9 keret\u00e9ben mutatta be, melynek 2012. november 30-i budapesti \u00e1llom\u00e1s\u00e1n k\u00e9sz\u00fclt az a koncertfilm, mely felker\u00fclt a DVD-re. A koncerten a Djabe tagjai mellett (Barab\u00e1s Tam\u00e1s basszusgit\u00e1r, Banai Szil\u00e1rd dobok, \u00c9gerh\u00e1zi Attila git\u00e1r, Kov\u00e1cs Ferenc trombita, heged\u0171, \u00e9nek \u00e9s Kov\u00e1cs Zolt\u00e1n billenty\u0171s hangszerek) az album vend\u00e9gei k\u00f6z\u00fcl k\u00f6zrem\u0171k\u00f6d\u00f6tt Steve Hackett (Genesis) git\u00e1ron. K\u00fcl\u00f6n \u00e9rdekess\u00e9ge volt a koncertnek, hogy fell\u00e9p\u00e9s el\u0151tt egy h\u00e9ttel Gulli Briem is igent mondott a r\u00e9szv\u00e9telre. Ez volt az els\u0151 alkalom, hogy a Mezzoforte dobosa a zenekarral j\u00e1tszott.<\/p>\n","protected":false},"featured_media":6219,"template":"","meta":[],"product_brand":[],"product_cat":[93],"product_tag":[],"class_list":{"0":"post-6217","1":"product","2":"type-product","3":"status-publish","4":"has-post-thumbnail","6":"product_cat-dvd","7":"yith_product_brand-djabe","8":"col-12 col-sm-6 col-md-4","10":"first","11":"instock","12":"shipping-taxable","13":"purchasable","14":"product-type-simple"},"yoast_head":"<!-- This site is optimized with the Yoast SEO plugin v27.5 - https:\/\/yoast.com\/product\/yoast-seo-wordpress\/ -->\n<title>Djabe Down And Up Live in Budapest (DVD) &#8211; GR1993 Records<\/title>\n<meta name=\"robots\" content=\"index, follow, max-snippet:-1, max-image-preview:large, max-video-preview:-1\" \/>\n<link rel=\"canonical\" href=\"https:\/\/gr1993records.com\/product\/djabe-down-and-up-live-in-budapest-dvd\/\" \/>\n<meta property=\"og:locale\" content=\"hu_HU\" \/>\n<meta property=\"og:type\" content=\"article\" \/>\n<meta property=\"og:title\" content=\"Djabe Down And Up Live in Budapest (DVD) &#8211; GR1993 Records\" \/>\n<meta property=\"og:description\" content=\"[:hu]A Djabe zenekar 2012 \u00e9v \u0151sz\u00e9n jelentette meg Down And Up c\u00edm\u0171 st\u00fadi\u00f3album\u00e1t. A kiadv\u00e1nyt jel\u00f6lt\u00e9k a Fonogram magyar zenei d\u00edjra, jazz kateg\u00f3ri\u00e1ban 2013-ban. Az albumot a zenekar hazai \u00e9s nemzetk\u00f6zi turn\u00e9 keret\u00e9ben mutatta be, melynek 2012. november 30-i budapesti \u00e1llom\u00e1s\u00e1n k\u00e9sz\u00fclt az a koncertfilm, mely felker\u00fclt a DVD-re. A koncerten a Djabe tagjai mellett (Barab\u00e1s Tam\u00e1s basszusgit\u00e1r, Banai Szil\u00e1rd dobok, \u00c9gerh\u00e1zi Attila git\u00e1r, Kov\u00e1cs Ferenc trombita, heged\u0171, \u00e9nek \u00e9s Kov\u00e1cs Zolt\u00e1n billenty\u0171s hangszerek) az album vend\u00e9gei k\u00f6z\u00fcl k\u00f6zrem\u0171k\u00f6d\u00f6tt Steve Hackett (Genesis) git\u00e1ron. K\u00fcl\u00f6n \u00e9rdekess\u00e9ge volt a koncertnek, hogy fell\u00e9p\u00e9s el\u0151tt egy h\u00e9ttel Gulli Briem is igent mondott a r\u00e9szv\u00e9telre. Ez volt az els\u0151 alkalom, hogy a Mezzoforte dobosa a zenekarral j\u00e1tszott.[:en]Djabe released their studio album, Down And Up at the end of 2012. It was nominated to the Hungarian Fonogram Award in jazz category in 2013.  The concert recordings was made on the 30th of November 2012 during theese shows, which later released on DVD. On the concert apart from the members of Djabe (Tam\u00e1s Barab\u00e1s, bass guitar, Szil\u00e1rd Banai drums, Attila \u00c9gerh\u00e1zi guitar, Ferenc Kov\u00e1cs trumpet, violin and vocal and Zolt\u00e1n Kov\u00e1cs keyboards) Steve Hackett from Genesis contributed too. The speciality of the show was that one week before the performance Gulli Briem agreed to participate as well. This was the first time that the drummer of Mezzoforte played together with the band.[:]\" \/>\n<meta property=\"og:url\" content=\"https:\/\/gr1993records.com\/product\/djabe-down-and-up-live-in-budapest-dvd\/\" \/>\n<meta property=\"og:site_name\" content=\"GR1993 Records\" \/>\n<meta property=\"article:publisher\" content=\"https:\/\/www.facebook.com\/GR1993Records-113564886691383\/\" \/>\n<meta property=\"article:modified_time\" content=\"2026-03-31T09:46:31+00:00\" \/>\n<meta property=\"og:image\" content=\"https:\/\/gr1993records.com\/wp-content\/uploads\/2021\/01\/kiadvany_djabe_down_and_up_DVD_front.jpg\" \/>\n\t<meta property=\"og:image:width\" content=\"1000\" \/>\n\t<meta property=\"og:image:height\" content=\"1000\" \/>\n\t<meta property=\"og:image:type\" content=\"image\/jpeg\" \/>\n<meta name=\"twitter:card\" content=\"summary_large_image\" \/>\n<meta name=\"twitter:label1\" content=\"Becs\u00fclt olvas\u00e1si id\u0151\" \/>\n\t<meta name=\"twitter:data1\" content=\"7 perc\" \/>\n<script type=\"application\/ld+json\" class=\"yoast-schema-graph\">{\"@context\":\"https:\\\/\\\/schema.org\",\"@graph\":[{\"@type\":\"WebPage\",\"@id\":\"https:\\\/\\\/gr1993records.com\\\/product\\\/djabe-down-and-up-live-in-budapest-dvd\\\/\",\"url\":\"https:\\\/\\\/gr1993records.com\\\/product\\\/djabe-down-and-up-live-in-budapest-dvd\\\/\",\"name\":\"Djabe Down And Up Live in Budapest (DVD) &#8211; GR1993 Records\",\"isPartOf\":{\"@id\":\"https:\\\/\\\/gr1993records.com\\\/#website\"},\"primaryImageOfPage\":{\"@id\":\"https:\\\/\\\/gr1993records.com\\\/product\\\/djabe-down-and-up-live-in-budapest-dvd\\\/#primaryimage\"},\"image\":{\"@id\":\"https:\\\/\\\/gr1993records.com\\\/product\\\/djabe-down-and-up-live-in-budapest-dvd\\\/#primaryimage\"},\"thumbnailUrl\":\"https:\\\/\\\/gr1993records.com\\\/wp-content\\\/uploads\\\/2021\\\/01\\\/kiadvany_djabe_down_and_up_DVD_front.jpg\",\"datePublished\":\"2021-01-28T14:08:50+00:00\",\"dateModified\":\"2026-03-31T09:46:31+00:00\",\"breadcrumb\":{\"@id\":\"https:\\\/\\\/gr1993records.com\\\/product\\\/djabe-down-and-up-live-in-budapest-dvd\\\/#breadcrumb\"},\"inLanguage\":\"hu\",\"potentialAction\":[{\"@type\":\"ReadAction\",\"target\":[\"https:\\\/\\\/gr1993records.com\\\/product\\\/djabe-down-and-up-live-in-budapest-dvd\\\/\"]}]},{\"@type\":\"ImageObject\",\"inLanguage\":\"hu\",\"@id\":\"https:\\\/\\\/gr1993records.com\\\/product\\\/djabe-down-and-up-live-in-budapest-dvd\\\/#primaryimage\",\"url\":\"https:\\\/\\\/gr1993records.com\\\/wp-content\\\/uploads\\\/2021\\\/01\\\/kiadvany_djabe_down_and_up_DVD_front.jpg\",\"contentUrl\":\"https:\\\/\\\/gr1993records.com\\\/wp-content\\\/uploads\\\/2021\\\/01\\\/kiadvany_djabe_down_and_up_DVD_front.jpg\",\"width\":1000,\"height\":1000,\"caption\":\"Djabe \u2013 Down and Up \u2013 Live in Budapest (DVD) cover\"},{\"@type\":\"BreadcrumbList\",\"@id\":\"https:\\\/\\\/gr1993records.com\\\/product\\\/djabe-down-and-up-live-in-budapest-dvd\\\/#breadcrumb\",\"itemListElement\":[{\"@type\":\"ListItem\",\"position\":1,\"name\":\"Home\",\"item\":\"https:\\\/\\\/gr1993records.com\\\/?lang=en\"},{\"@type\":\"ListItem\",\"position\":2,\"name\":\"Releases\",\"item\":\"https:\\\/\\\/gr1993records.com\\\/shop\\\/?lang=en\"},{\"@type\":\"ListItem\",\"position\":3,\"name\":\"Djabe Down And Up Live in Budapest (DVD)\"}]},{\"@type\":\"WebSite\",\"@id\":\"https:\\\/\\\/gr1993records.com\\\/#website\",\"url\":\"https:\\\/\\\/gr1993records.com\\\/\",\"name\":\"GR1993 Records\",\"description\":\"\",\"publisher\":{\"@id\":\"https:\\\/\\\/gr1993records.com\\\/#organization\"},\"potentialAction\":[{\"@type\":\"SearchAction\",\"target\":{\"@type\":\"EntryPoint\",\"urlTemplate\":\"https:\\\/\\\/gr1993records.com\\\/?s={search_term_string}\"},\"query-input\":{\"@type\":\"PropertyValueSpecification\",\"valueRequired\":true,\"valueName\":\"search_term_string\"}}],\"inLanguage\":\"hu\"},{\"@type\":\"Organization\",\"@id\":\"https:\\\/\\\/gr1993records.com\\\/#organization\",\"name\":\"Gramy-H Ltd.\",\"url\":\"https:\\\/\\\/gr1993records.com\\\/\",\"logo\":{\"@type\":\"ImageObject\",\"inLanguage\":\"hu\",\"@id\":\"https:\\\/\\\/gr1993records.com\\\/#\\\/schema\\\/logo\\\/image\\\/\",\"url\":\"https:\\\/\\\/gr1993records.com\\\/wp-content\\\/uploads\\\/2019\\\/08\\\/GR1993_Records_logo_CC.png\",\"contentUrl\":\"https:\\\/\\\/gr1993records.com\\\/wp-content\\\/uploads\\\/2019\\\/08\\\/GR1993_Records_logo_CC.png\",\"width\":2900,\"height\":2001,\"caption\":\"Gramy-H Ltd.\"},\"image\":{\"@id\":\"https:\\\/\\\/gr1993records.com\\\/#\\\/schema\\\/logo\\\/image\\\/\"},\"sameAs\":[\"https:\\\/\\\/www.facebook.com\\\/GR1993Records-113564886691383\\\/\"]}]}<\/script>\n<!-- \/ Yoast SEO plugin. -->","yoast_head_json":{"title":"Djabe Down And Up Live in Budapest (DVD) &#8211; GR1993 Records","robots":{"index":"index","follow":"follow","max-snippet":"max-snippet:-1","max-image-preview":"max-image-preview:large","max-video-preview":"max-video-preview:-1"},"canonical":"https:\/\/gr1993records.com\/product\/djabe-down-and-up-live-in-budapest-dvd\/","og_locale":"hu_HU","og_type":"article","og_title":"Djabe Down And Up Live in Budapest (DVD) &#8211; GR1993 Records","og_description":"[:hu]A Djabe zenekar 2012 \u00e9v \u0151sz\u00e9n jelentette meg Down And Up c\u00edm\u0171 st\u00fadi\u00f3album\u00e1t. A kiadv\u00e1nyt jel\u00f6lt\u00e9k a Fonogram magyar zenei d\u00edjra, jazz kateg\u00f3ri\u00e1ban 2013-ban. Az albumot a zenekar hazai \u00e9s nemzetk\u00f6zi turn\u00e9 keret\u00e9ben mutatta be, melynek 2012. november 30-i budapesti \u00e1llom\u00e1s\u00e1n k\u00e9sz\u00fclt az a koncertfilm, mely felker\u00fclt a DVD-re. A koncerten a Djabe tagjai mellett (Barab\u00e1s Tam\u00e1s basszusgit\u00e1r, Banai Szil\u00e1rd dobok, \u00c9gerh\u00e1zi Attila git\u00e1r, Kov\u00e1cs Ferenc trombita, heged\u0171, \u00e9nek \u00e9s Kov\u00e1cs Zolt\u00e1n billenty\u0171s hangszerek) az album vend\u00e9gei k\u00f6z\u00fcl k\u00f6zrem\u0171k\u00f6d\u00f6tt Steve Hackett (Genesis) git\u00e1ron. K\u00fcl\u00f6n \u00e9rdekess\u00e9ge volt a koncertnek, hogy fell\u00e9p\u00e9s el\u0151tt egy h\u00e9ttel Gulli Briem is igent mondott a r\u00e9szv\u00e9telre. Ez volt az els\u0151 alkalom, hogy a Mezzoforte dobosa a zenekarral j\u00e1tszott.[:en]Djabe released their studio album, Down And Up at the end of 2012. It was nominated to the Hungarian Fonogram Award in jazz category in 2013.  The concert recordings was made on the 30th of November 2012 during theese shows, which later released on DVD. On the concert apart from the members of Djabe (Tam\u00e1s Barab\u00e1s, bass guitar, Szil\u00e1rd Banai drums, Attila \u00c9gerh\u00e1zi guitar, Ferenc Kov\u00e1cs trumpet, violin and vocal and Zolt\u00e1n Kov\u00e1cs keyboards) Steve Hackett from Genesis contributed too. The speciality of the show was that one week before the performance Gulli Briem agreed to participate as well. This was the first time that the drummer of Mezzoforte played together with the band.[:]","og_url":"https:\/\/gr1993records.com\/product\/djabe-down-and-up-live-in-budapest-dvd\/","og_site_name":"GR1993 Records","article_publisher":"https:\/\/www.facebook.com\/GR1993Records-113564886691383\/","article_modified_time":"2026-03-31T09:46:31+00:00","og_image":[{"width":1000,"height":1000,"url":"https:\/\/gr1993records.com\/wp-content\/uploads\/2021\/01\/kiadvany_djabe_down_and_up_DVD_front.jpg","type":"image\/jpeg"}],"twitter_card":"summary_large_image","twitter_misc":{"Becs\u00fclt olvas\u00e1si id\u0151":"7 perc"},"schema":{"@context":"https:\/\/schema.org","@graph":[{"@type":"WebPage","@id":"https:\/\/gr1993records.com\/product\/djabe-down-and-up-live-in-budapest-dvd\/","url":"https:\/\/gr1993records.com\/product\/djabe-down-and-up-live-in-budapest-dvd\/","name":"Djabe Down And Up Live in Budapest (DVD) &#8211; GR1993 Records","isPartOf":{"@id":"https:\/\/gr1993records.com\/#website"},"primaryImageOfPage":{"@id":"https:\/\/gr1993records.com\/product\/djabe-down-and-up-live-in-budapest-dvd\/#primaryimage"},"image":{"@id":"https:\/\/gr1993records.com\/product\/djabe-down-and-up-live-in-budapest-dvd\/#primaryimage"},"thumbnailUrl":"https:\/\/gr1993records.com\/wp-content\/uploads\/2021\/01\/kiadvany_djabe_down_and_up_DVD_front.jpg","datePublished":"2021-01-28T14:08:50+00:00","dateModified":"2026-03-31T09:46:31+00:00","breadcrumb":{"@id":"https:\/\/gr1993records.com\/product\/djabe-down-and-up-live-in-budapest-dvd\/#breadcrumb"},"inLanguage":"hu","potentialAction":[{"@type":"ReadAction","target":["https:\/\/gr1993records.com\/product\/djabe-down-and-up-live-in-budapest-dvd\/"]}]},{"@type":"ImageObject","inLanguage":"hu","@id":"https:\/\/gr1993records.com\/product\/djabe-down-and-up-live-in-budapest-dvd\/#primaryimage","url":"https:\/\/gr1993records.com\/wp-content\/uploads\/2021\/01\/kiadvany_djabe_down_and_up_DVD_front.jpg","contentUrl":"https:\/\/gr1993records.com\/wp-content\/uploads\/2021\/01\/kiadvany_djabe_down_and_up_DVD_front.jpg","width":1000,"height":1000,"caption":"Djabe \u2013 Down and Up \u2013 Live in Budapest (DVD) cover"},{"@type":"BreadcrumbList","@id":"https:\/\/gr1993records.com\/product\/djabe-down-and-up-live-in-budapest-dvd\/#breadcrumb","itemListElement":[{"@type":"ListItem","position":1,"name":"Home","item":"https:\/\/gr1993records.com\/?lang=en"},{"@type":"ListItem","position":2,"name":"Releases","item":"https:\/\/gr1993records.com\/shop\/?lang=en"},{"@type":"ListItem","position":3,"name":"Djabe Down And Up Live in Budapest (DVD)"}]},{"@type":"WebSite","@id":"https:\/\/gr1993records.com\/#website","url":"https:\/\/gr1993records.com\/","name":"GR1993 Records","description":"","publisher":{"@id":"https:\/\/gr1993records.com\/#organization"},"potentialAction":[{"@type":"SearchAction","target":{"@type":"EntryPoint","urlTemplate":"https:\/\/gr1993records.com\/?s={search_term_string}"},"query-input":{"@type":"PropertyValueSpecification","valueRequired":true,"valueName":"search_term_string"}}],"inLanguage":"hu"},{"@type":"Organization","@id":"https:\/\/gr1993records.com\/#organization","name":"Gramy-H Ltd.","url":"https:\/\/gr1993records.com\/","logo":{"@type":"ImageObject","inLanguage":"hu","@id":"https:\/\/gr1993records.com\/#\/schema\/logo\/image\/","url":"https:\/\/gr1993records.com\/wp-content\/uploads\/2019\/08\/GR1993_Records_logo_CC.png","contentUrl":"https:\/\/gr1993records.com\/wp-content\/uploads\/2019\/08\/GR1993_Records_logo_CC.png","width":2900,"height":2001,"caption":"Gramy-H Ltd."},"image":{"@id":"https:\/\/gr1993records.com\/#\/schema\/logo\/image\/"},"sameAs":["https:\/\/www.facebook.com\/GR1993Records-113564886691383\/"]}]}},"jetpack_sharing_enabled":true,"_links":{"self":[{"href":"https:\/\/gr1993records.com\/wp-json\/wp\/v2\/product\/6217","targetHints":{"allow":["GET"]}}],"collection":[{"href":"https:\/\/gr1993records.com\/wp-json\/wp\/v2\/product"}],"about":[{"href":"https:\/\/gr1993records.com\/wp-json\/wp\/v2\/types\/product"}],"wp:featuredmedia":[{"embeddable":true,"href":"https:\/\/gr1993records.com\/wp-json\/wp\/v2\/media\/6219"}],"wp:attachment":[{"href":"https:\/\/gr1993records.com\/wp-json\/wp\/v2\/media?parent=6217"}],"wp:term":[{"taxonomy":"product_brand","embeddable":true,"href":"https:\/\/gr1993records.com\/wp-json\/wp\/v2\/product_brand?post=6217"},{"taxonomy":"product_cat","embeddable":true,"href":"https:\/\/gr1993records.com\/wp-json\/wp\/v2\/product_cat?post=6217"},{"taxonomy":"product_tag","embeddable":true,"href":"https:\/\/gr1993records.com\/wp-json\/wp\/v2\/product_tag?post=6217"}],"curies":[{"name":"wp","href":"https:\/\/api.w.org\/{rel}","templated":true}]}}